{"id":6303,"date":"2022-05-09T19:55:40","date_gmt":"2022-05-09T17:55:40","guid":{"rendered":"https:\/\/www.karmarando.com\/?post_type=product&#038;p=6303"},"modified":"2025-12-04T13:52:25","modified_gmt":"2025-12-04T12:52:25","slug":"radice-doro-di-rodiola-rhodiola-rosea-siberiana-essiccata-trinciata","status":"publish","type":"product","link":"https:\/\/karmarando.com\/ru\/piante-di-potere\/etnobotaniche\/nootropi\/radice-doro-di-rodiola-rhodiola-rosea-siberiana-essiccata-trinciata\/","title":{"rendered":"Radice d&#8217;oro di Rodiola Rhodiola Rosea Siberiana Essiccata &#8211; Trinciata"},"content":{"rendered":"<div class=\"tabbed-content\">\n\t\t\t\n\t\t\t<ul class=\"nav nav-pills nav-uppercase nav-size-small nav-center\" role=\"tablist\"><li id=\"tab-descrizione\" class=\"tab active has-icon\" role=\"presentation\"><a href=\"#tab_descrizione\" role=\"tab\" aria-selected=\"true\" aria-controls=\"tab_descrizione\"><span>\u041e\u043f\u0438\u0441\u0430\u043d\u0438\u0435<\/span><\/a><\/li>\n<li id=\"tab-propriet\u00e0\" class=\"tab has-icon\" role=\"presentation\"><a href=\"#tab_propriet\u00e0\" tabindex=\"-1\" role=\"tab\" aria-selected=\"false\" aria-controls=\"tab_propriet\u00e0\"><span>\u0421\u0432\u043e\u0439\u0441\u0442\u0432\u043e<\/span><\/a><\/li>\n<li id=\"tab-come-si-f\u00e0?\" class=\"tab has-icon\" role=\"presentation\"><a href=\"#tab_come-si-f\u00e0?\" tabindex=\"-1\" role=\"tab\" aria-selected=\"false\" aria-controls=\"tab_come-si-f\u00e0?\"><span>\u041a\u0430\u043a \u044d\u0442\u043e \u0434\u0435\u043b\u0430\u0435\u0442\u0441\u044f?<\/span><\/a><\/li>\n<li id=\"tab-disclaimer\" class=\"tab has-icon\" role=\"presentation\"><a href=\"#tab_disclaimer\" tabindex=\"-1\" role=\"tab\" aria-selected=\"false\" aria-controls=\"tab_disclaimer\"><span>\u041f\u0418\u0421\u042c\u041c\u0415\u041d\u041d\u042b\u0419 \u041e\u0422\u041a\u0410\u0417 \u041e\u0422 \u041e\u0422\u0412\u0415\u0422\u0421\u0422\u0412\u0415\u041d\u041d\u041e\u0421\u0422\u0418<\/span><\/a><\/li><\/ul><div class=\"tab-panels\"><div id=\"tab_descrizione\" class=\"panel active entry-content\" role=\"tabpanel\" aria-labelledby=\"tab-descrizione\">\n<h3><strong>Radice di Rodiola Rhodiola Rosea Radice Siberiana &#8211; Trinciata<br \/>\n<\/strong><\/h3>\n<p>La Rhodiola rosea (conosciuta anche come radice d&#8217;oro, radice rosa) (Rhod\u00edola r\u00f3sea) \u00e8 un&#8217;erba perenne; specie del genere Rhodiola della famiglia delle Crassulaceae. La pianta ha ricevuto il nome di &#8220;radice d&#8217;oro&#8221; dal rizoma, che ha il colore del bronzo o della doratura antica con una lucentezza madreperlacea.<\/p>\n<p>Non a caso ha sentori e aromi di Rosa molto intensi, non a caso veniva usata anticamente anche epr pozioni magche di ogni genere, come del resto con la rosa si fanno colonie e agua florida etc..<\/p>\n<p>Un estratto alcolico di rodiola \u00e8 utilizzato nella medicina scientifica russa come stimolante del sistema nervoso centrale, in condizioni asteniche e nevrasteniche, aumento della fatica, diminuzione delle prestazioni, distonia vegetativa-vascolare, in psichiatria, nelle malattie funzionali del sistema nervoso, nel periodo di riabilitazione dopo malattie somatiche e infettive, nonch\u00e9 in persone praticamente sane con prestazioni ridotte.<\/p>\n<\/div>\n<div id=\"tab_propriet\u00e0\" class=\"panel entry-content\" role=\"tabpanel\" aria-labelledby=\"tab-propriet\u00e0\">\n<h3><strong><\/p>\n<p>Propriet\u00e0 della Radice Rhodiola Rosea:<\/span><\/strong><\/h3>\n<p>Ha una propriet\u00e0 stimolante pronunciata, aumenta l&#8217;efficienza, migliora la memoria e l&#8217;attenzione, normalizza i processi metabolici, migliora il metabolismo energetico nei muscoli e nel cervello. Dopo averlo preso, l&#8217;irritabilit\u00e0 aumentata, il disagio nella regione del cuore scompaiono, il sonno migliora, l&#8217;udito diventa pi\u00f9 acuto.<\/p>\n<p>La rodiola \u00e8 una pianta medicinale con una storia ricca e affascinante; la medicina che da essa si ricava \u00e8 infatti conosciuta da tempi immemori come utile ausilio per rinvigorire la mente e il corpo.<br \/>\nLa parte utilizzata, oggi come allora, \u00e8 la radice, che si presta soprattutto al trattamento dello stress mentale e dell&#8217;affaticamento fisico generalizzato<\/p>\n<p>Studi su organi, tessuti, cellule ed enzimi riportano che l&#8217;estratto di questa pianta ha effetti Benefici, in particolare Neuroprotettivi, Cardioprotettivi, Energizzanti, Antidepressivi, Ansiolitici e Nootropici.<\/p>\n<p>Aiuta il nostro organismo ad affrontare gli stress a cui \u00e8 sottoposto, trasferendogli le sue capacit\u00e0 adattive.<\/p>\n<p><b>Rodiola<\/b> Rosea ha un&#8217;azione immediata sull&#8217;umore. La sensazione di benessere e distensione mentale si avverte generalmente entro 10-15 minuti dall&#8217;assunzione, e dura molte ore.<\/p>\n<ul>\n<li>\n<h4>Per effetto anche dimagrante si arriver\u00e0 a 30 gocce, o decotto come scrito soto,\u00a0 per un effetto equilibrato tonico e adattogeno e curativo andranno bene anche 15\/20 gocce al giorno per un\u00a0 massimo di 3 mesi di ciclo da interrompere per alcuni mesi e se necessario ripetere<\/h4>\n<h4>Come immunostimolante e adattogeno, la <b>rodiola<\/b> si assume in associazione con altre erbe vegetali come l&#8217;echinacea, zafferano, borragine, valeriana, passiflora e ginkgo.<\/h4>\n<h4>per un effetto equilibrato tonico e adattogeno e curativo andranno bene anche 15\/20 gocce al giorno per un\u00a0 massimo di 3 mesi di ciclo da interrompere per alcuni mesi e se necessario ripetere<\/h4>\n<\/li>\n<\/ul>\n<h3><strong>Gli effetti va precisato che inizieranno dopo una settimana di uso giornaliero.<\/strong><\/h3>\n<p><strong>In Particolare La Radiola possiede azioni come quella:<\/strong><\/p>\n<p><strong>epatica<\/strong><br \/>\n<strong>Adattogena<\/strong><br \/>\n<strong>Neuroprotettiva<\/strong><br \/>\n<strong>muscolare,<\/strong><br \/>\n<strong>cardiaca,<\/strong><br \/>\n<strong>intellettiva;<\/strong><br \/>\n<strong>favorire il recupero dall&#8217;esaurimento mentale<\/strong><br \/>\n<strong>Lieve effetto antidepressivo<\/strong><br \/>\n<strong>Antiossidante<\/strong><br \/>\n<strong>immunostimolante<\/strong><br \/>\n<strong>Stress ed affaticamento fisico<\/strong><br \/>\n<strong>Dimagrante<\/strong><br \/>\n<strong>Tonico e Nootropico<\/strong><br \/>\n<strong>Ottimizzare le funzioni: epatica, muscolarecardiaca, intellettiva;<\/strong><br \/>\n<strong>Ridurre i sintomi della fatica e favorire il recupero dall&#8217;esaurimento fisico muscolare;<\/strong><br \/>\n<strong>Contrastare i blandi sintomi depressivi associati alla debolezza e all&#8217;estenia<\/strong><br \/>\n<strong>Promuovere l&#8217;attivit\u00e0 cognitiva;<\/strong><br \/>\n<strong>Migliorare le difese antiossidanti;<\/strong><br \/>\n<strong>Riduce la sensazione di fame nervosa<\/strong><\/p>\n<\/div>\n<div id=\"tab_come-si-f\u00e0?\" class=\"panel entry-content\" role=\"tabpanel\" aria-labelledby=\"tab-come-si-f\u00e0?\">\n<h1 class=\"western\"><strong><\/p>\n<p>Applicazioni della Radice della Rhodiola Rosea:<\/span><\/strong><\/h1>\n<h3><strong>Decotto:\u00a0\u00a0\u00a0\u00a0<\/strong><\/h3>\n<h4>3-6 grammi (Fare un t\u00e8 lasciando in infusione per un Ora)<\/h4>\n<h3><strong>Tintura:\u00a0 <\/strong><\/h3>\n<h4><strong>P<\/strong>reparare la tintura madre (50grammi polverizzati richiedono 70ml di alcol 96 gradi e 30ml di acqua ) da tenere chiusi per bene in un vasetto riempito parzialmente per un 80% (lasciando un 20% libero per una possibile pressione) e agitato ogni 2 giorni per 21 o 40 giorni, la differenza ovviamente \u00e8 che 40 giorni otterranno un prodotto pi\u00f9 concentrato<\/h4>\n<h4>a prodotto maturato saranno sufficienti da 6 a 30 gocce dipende da ci\u00f2 che si vuole raggiungere, si consiglia di aumentare piano piano e ogni 3 giorni e arrivati a una settimana si inizieranno a vedere i risultati<\/h4>\n<h4>( In alternativa sappi che lo puoi trovare gi\u00e0 pronto da noi ) basta chiedere contattandoci su whatsapp<\/h4>\n<h4><\/h4>\n<h3><strong>Vaporizzato:<\/strong><\/h3>\n<p>Trinciato fine 2 grammi<\/p>\n<h3><strong>Principi Attivi:<\/strong><\/h3>\n<h4>Alto contenuto di colofonia!!!<\/h4>\n<h4>I composti attivi identificati nella radice di rodiola sono numerosi (circa 140) e includono:<\/h4>\n<h4>Rosavina, Rosarina, Rosina e Ralidroside, salidroside<\/h4>\n<h4>Glicosidi fenolici specie-specifici<br \/>\nAcidi organici (gallico, caffeico e clorogenico)<br \/>\nFlavonoidi<br \/>\nCatechine<br \/>\nProantocianidine<br \/>\nAltri tannini e moltissimi Polifeoli<\/h4>\n<h3><strong>QUANDO EVITARE<\/strong><\/h3>\n<h3>Quando non dev&#8217;essere usata la rodiola?<\/h3>\n<p>L&#8217;utilizzo di rodiola deve essere fatto nelle dosi consigliate sopra con particolare attenzione nelle persone che soffrono spontaneamente di ansia, disturbi o sonno delicato,delicato, irascibilit\u00e0 e nervosismo.<br \/>\nL&#8217;assunzione di rodiola \u00e8 sconsigliata nei soggetti colpiti da ipertensione arteriosa\u00a0 e scompensi cardiaci vari.<\/p>\n<p>La rodiola pu\u00f2 interferire con l&#8217;azione teRap\u00e9utica di: antidepressivi, ansiolitici, barbiturici, diuretici ecc. anche se sono da evitare a priori.<\/p>\n<\/div>\n<div id=\"tab_disclaimer\" class=\"panel entry-content\" role=\"tabpanel\" aria-labelledby=\"tab-disclaimer\">\n<p><strong><span style=\"color: #d83131;\">\u0424\u041e\u0422\u041e\u0413\u0420\u0410\u0424\u0418\u0418 \u0412 \u041e\u041f\u0418\u0421\u0410\u041d\u0418\u0418 \u042f\u0412\u041b\u042f\u042e\u0422\u0421\u042f \u0427\u0418\u0421\u0422\u041e \u041e\u0420\u0418\u0415\u041d\u0422\u0418\u0420\u041e\u0412\u041e\u0427\u041d\u042b\u041c\u0418<\/span><\/strong><\/p>\n<p><strong><span style=\"color: #d83131;\">\u041f\u0420\u041e\u0414\u0423\u041a\u0422\u042b, \u0413\u0410\u0420\u0410\u041d\u0422\u0418\u0420\u041e\u0412\u0410\u041d\u041d\u042b\u0415 KARMARANDO<\/span><\/strong><br \/>\n<strong><span style=\"color: #d83131;\">\u0414\u043b\u044f \u043f\u0440\u043e\u0434\u0443\u043a\u0442\u043e\u0432 \u0440\u0430\u0441\u0442\u0435\u043d\u0438\u0439, \u0431\u043b\u0430\u0433\u043e\u0432\u043e\u043d\u0438\u0439 \u0438 \u043f\u043e\u0440\u043e\u0448\u043a\u043e\u043e\u0431\u0440\u0430\u0437\u043d\u044b\u0445 \u043f\u0440\u043e\u0434\u0443\u043a\u0442\u043e\u0432, \u043f\u0440\u0438\u0433\u043e\u0442\u043e\u0432\u043b\u0435\u043d\u043d\u044b\u0445 \u0432 \u043d\u0430\u0441\u0442\u043e\u044f\u0449\u0435\u0435 \u0432\u0440\u0435\u043c\u044f, \u0432\u043e\u0437\u0432\u0440\u0430\u0442 \u0438\u043b\u0438 \u0432\u043e\u0437\u043c\u0435\u0449\u0435\u043d\u0438\u0435 \u043d\u0435 \u043f\u043e\u0434\u043b\u0435\u0436\u0430\u0442<\/span><\/strong><\/p>\n<p>I <strong>\u0438\u0441\u043f\u043e\u043b\u044c\u0437\u0443\u0435\u043c\u044b\u0435 \u0442\u0435\u0440\u043c\u0438\u043d\u044b<\/strong> \u0432 \u043a\u0430\u0442\u0435\u0433\u043e\u0440\u0438\u044f\u0445 \u0438 \u0442\u0435\u0433\u0430\u0445 \u043e\u043d\u0438 \u043d\u0435 \u0445\u043e\u0442\u044f\u0442 \u043f\u0440\u0435\u0434\u043b\u0430\u0433\u0430\u0442\u044c \u043b\u0435\u043a\u0430\u0440\u0441\u0442\u0432\u0435\u043d\u043d\u043e\u0435 \u0438 \u0440\u0435\u043a\u0440\u0435\u0430\u0446\u0438\u043e\u043d\u043d\u043e\u0435 \u0438\u0441\u043f\u043e\u043b\u044c\u0437\u043e\u0432\u0430\u043d\u0438\u0435 \u043f\u0440\u043e\u0434\u0443\u043a\u0442\u043e\u0432, \u043e\u043d\u0438 \u043f\u0440\u043e\u0441\u0442\u043e \u043e\u0440\u0433\u0430\u043d\u0438\u0437\u0443\u044e\u0442 \u0438\u0445 \u0432 \u0441\u043e\u043e\u0442\u0432\u0435\u0442\u0441\u0442\u0432\u0438\u0438 \u0441 \u0438\u0445 \u0438\u0441\u0442\u043e\u0440\u0438\u0447\u0435\u0441\u043a\u0438\u043c, \u043d\u0430\u0443\u0447\u043d\u044b\u043c \u0438 \u0441\u043e\u0446\u0438\u0430\u043b\u044c\u043d\u044b\u043c \u0438\u0441\u043f\u043e\u043b\u044c\u0437\u043e\u0432\u0430\u043d\u0438\u0435\u043c.<\/p>\n<p><strong>\u0420\u0435\u0446\u0435\u043f\u0442\u044b \u043f\u0440\u0435\u0434\u043e\u0441\u0442\u0430\u0432\u043b\u044f\u044e\u0442\u0441\u044f \u0441 \u043d\u0430\u0443\u0447\u043d\u043e\u0439 \u0442\u043e\u0447\u043a\u0438 \u0437\u0440\u0435\u043d\u0438\u044f<\/strong>: \u043e\u043d\u0438 \u043d\u0435 \u0445\u043e\u0442\u044f\u0442 \u043f\u043e\u043e\u0449\u0440\u044f\u0442\u044c \u043a\u043b\u0438\u0435\u043d\u0442\u043e\u0432 \u043f\u043e\u0432\u0442\u043e\u0440\u044f\u0442\u044c \u0438\u0445 \u0438\u043b\u0438, \u0442\u0435\u043c \u0431\u043e\u043b\u0435\u0435, \u043f\u043e\u0442\u0440\u0435\u0431\u043b\u044f\u0442\u044c \u0438\u0445 \u043f\u0440\u043e\u0434\u0443\u043a\u0442\u044b.<\/p>\n<p><strong>\u041d\u0430\u0448 \u043a\u043e\u043d\u0442\u0435\u043d\u0442<\/strong> \u043e\u043d\u0438 \u043d\u0435 \u0431\u044b\u043b\u0438 \u043e\u0446\u0435\u043d\u0435\u043d\u044b FDA \u0438\u043b\u0438 \u043a\u0430\u043a\u043e\u0439-\u043b\u0438\u0431\u043e \u043f\u0440\u043e\u0444\u0435\u0441\u0441\u0438\u043e\u043d\u0430\u043b\u044c\u043d\u043e\u0439 \u043c\u0435\u0434\u0438\u0446\u0438\u043d\u0441\u043a\u043e\u0439 \u0444\u0438\u0433\u0443\u0440\u043e\u0439: \u0432\u043e\u0437\u043c\u043e\u0436\u043d\u044b\u0435 \u043f\u0440\u0438\u043c\u0435\u043d\u0435\u043d\u0438\u044f, \u043f\u043e\u043a\u0430\u0437\u0430\u043d\u0438\u044f \u043a \u0434\u043e\u0437\u0438\u0440\u043e\u0432\u043a\u0435 \u0438 \u043f\u0440\u0435\u0434\u0443\u043f\u0440\u0435\u0436\u0434\u0435\u043d\u0438\u044f \u043e\u043f\u0438\u0441\u0430\u043d\u044b \u0442\u043e\u043b\u044c\u043a\u043e \u0432 \u043e\u0431\u0440\u0430\u0437\u043e\u0432\u0430\u0442\u0435\u043b\u044c\u043d\u044b\u0445 \u0446\u0435\u043b\u044f\u0445, \u044f\u0432\u043b\u044f\u044e\u0442\u0441\u044f \u043b\u0438\u0447\u043d\u044b\u043c\u0438 \u043f\u0440\u0435\u0434\u043f\u043e\u043b\u043e\u0436\u0435\u043d\u0438\u044f\u043c\u0438 \u0438 \u043d\u0435 \u044f\u0432\u043b\u044f\u044e\u0442\u0441\u044f \u043c\u0435\u0434\u0438\u0446\u0438\u043d\u0441\u043a\u0438\u043c \u0437\u0430\u043a\u043b\u044e\u0447\u0435\u043d\u0438\u0435\u043c.<\/p>\n<p><strong>\u041f\u0440\u043e\u0434\u0443\u043a\u0442\u044b \u043f\u0440\u043e\u0434\u0430\u044e\u0442\u0441\u044f<\/strong> \u0442\u0430\u043a\u0438\u0435 \u043a\u0430\u043a \u0431\u043b\u0430\u0433\u043e\u0432\u043e\u043d\u0438\u044f, \u043c\u044b\u043b\u043e, \u0441\u043c\u043e\u043b\u044b \u0438 \u043a\u043e\u043b\u043b\u0435\u043a\u0446\u0438\u043e\u043d\u043d\u044b\u0435 \u0431\u043e\u0442\u0430\u043d\u0438\u0447\u0435\u0441\u043a\u0438\u0435 \u043c\u0430\u0442\u0435\u0440\u0438\u0430\u043b\u044b \u0438 \u043d\u0430\u0443\u0447\u043d\u044b\u0435 \u0438\u0441\u0441\u043b\u0435\u0434\u043e\u0432\u0430\u0442\u0435\u043b\u044c\u0441\u043a\u0438\u0435 \u043c\u0430\u0442\u0435\u0440\u0438\u0430\u043b\u044b.<\/p>\n<p><span style=\"color: #ed1c24; font-size: 115%;\"><strong>\u041e\u043d\u0438 \u043d\u0435 \u043f\u0440\u0435\u0434\u043d\u0430\u0437\u043d\u0430\u0447\u0435\u043d\u044b \u0434\u043b\u044f \u043f\u043e\u0442\u0440\u0435\u0431\u043b\u0435\u043d\u0438\u044f \u0447\u0435\u043b\u043e\u0432\u0435\u043a\u043e\u043c.<br \/>\n\u0414\u043b\u044f \u0442\u043e\u0433\u043e, \u0447\u0442\u043e\u0431\u044b \u043a\u0443\u043f\u0438\u0442\u044c \u043d\u0430\u0448\u0438 \u043f\u0440\u043e\u0434\u0443\u043a\u0442\u044b, \u0432\u044b \u0434\u043e\u043b\u0436\u043d\u044b \u0431\u044b\u0442\u044c \u0441\u0442\u0430\u0440\u0448\u0435 18 \u043b\u0435\u0442 \u0438 \u043d\u0435 \u043f\u043e\u0434\u0445\u043e\u0434\u044f\u0442 \u0434\u043b\u044f \u0431\u0435\u0440\u0435\u043c\u0435\u043d\u043d\u044b\u0445 \u0438\/\u0438\u043b\u0438 \u043a\u043e\u0440\u043c\u044f\u0449\u0438\u0445 \u0436\u0435\u043d\u0449\u0438\u043d.<\/strong><\/span><\/p>\n<p>\u0427\u0442\u043e\u0431\u044b \u043f\u043e\u043b\u0443\u0447\u0438\u0442\u044c \u0431\u043e\u043b\u044c\u0448\u0435 \u0438\u043d\u0444\u043e\u0440\u043c\u0430\u0446\u0438\u0438 \u043e <strong>\u041a\u0410\u0420\u041c\u0410\u0420\u0410\u041d\u0414\u041e<\/strong> \u043f\u043e\u0441\u0435\u0449\u0435\u043d\u0438\u0435 <a href=\"https:\/\/www.instagram.com\/karmarando1\/\" target=\"_blank\" rel=\"noopener\"><br \/>\n<span style=\"color: #0000ff;\"><strong>\u044d\u0442\u0430 \u0441\u0442\u0440\u0430\u043d\u0438\u0446\u0430<\/strong><\/span><\/a> \u0438\u043b\u0438 \u0427\u0438\u0442\u0430\u0439\u0442\u0435 \u043f\u043e\u0441\u043b\u0435\u0434\u043d\u0438\u0435 \u043d\u043e\u0432\u043e\u0441\u0442\u0438 \u043e <a href=\"https:\/\/karmarando.com\/ru\/blog\/\" target=\"_blank\" rel=\"nofollow noopener\"><strong><span style=\"color: #0000ff;\">\u0411\u043b\u043e\u0433<\/span><\/strong><\/a><\/p>\n<\/div><\/div><\/div>","protected":false},"excerpt":{"rendered":"<p>Radice d&#8217;oro di Rodiola Rhodiola Rosea Siberiana Essiccata &#8211; Trinciata<\/p>","protected":false},"featured_media":6057,"comment_status":"open","ping_status":"closed","template":"","meta":[],"product_brand":[468],"product_cat":[200,212,199],"product_tag":[936,2528],"class_list":{"0":"post-6303","1":"product","2":"type-product","3":"status-publish","4":"has-post-thumbnail","6":"product_brand-karmarando","7":"product_cat-etnobotaniche","8":"product_cat-nootropi","9":"product_cat-piante-di-potere","10":"product_tag-rodiola","11":"product_tag-trinciata","12":"pa_brand-karmarando","13":"pa_ean-2472","14":"pa_formato-trinciata","15":"pa_ingredienti-radice-di-rodiola","16":"pa_paese-di-fabbricazione-russia","17":"pa_paese-di-fabbricazione-siberia","18":"pa_unita-di-misura-10-g","19":"pa_unita-di-misura-100-g","20":"pa_unita-di-misura-1000-g","21":"pa_unita-di-misura-25-g","22":"pa_unita-di-misura-250-g","23":"pa_unita-di-misura-50-g","24":"pa_unita-di-misura-500-g","26":"first","27":"instock","28":"shipping-taxable","29":"purchasable","30":"product-type-variable"},"_links":{"self":[{"href":"https:\/\/karmarando.com\/ru\/wp-json\/wp\/v2\/product\/6303","targetHints":{"allow":["GET"]}}],"collection":[{"href":"https:\/\/karmarando.com\/ru\/wp-json\/wp\/v2\/product"}],"about":[{"href":"https:\/\/karmarando.com\/ru\/wp-json\/wp\/v2\/types\/product"}],"replies":[{"embeddable":true,"href":"https:\/\/karmarando.com\/ru\/wp-json\/wp\/v2\/comments?post=6303"}],"wp:featuredmedia":[{"embeddable":true,"href":"https:\/\/karmarando.com\/ru\/wp-json\/wp\/v2\/media\/6057"}],"wp:attachment":[{"href":"https:\/\/karmarando.com\/ru\/wp-json\/wp\/v2\/media?parent=6303"}],"wp:term":[{"taxonomy":"product_brand","embeddable":true,"href":"https:\/\/karmarando.com\/ru\/wp-json\/wp\/v2\/product_brand?post=6303"},{"taxonomy":"product_cat","embeddable":true,"href":"https:\/\/karmarando.com\/ru\/wp-json\/wp\/v2\/product_cat?post=6303"},{"taxonomy":"product_tag","embeddable":true,"href":"https:\/\/karmarando.com\/ru\/wp-json\/wp\/v2\/product_tag?post=6303"}],"curies":[{"name":"wp","href":"https:\/\/api.w.org\/{rel}","templated":true}]}}