{"id":4428,"date":"2022-01-29T17:19:08","date_gmt":"2022-01-29T16:19:08","guid":{"rendered":"https:\/\/www.karmarando.com\/?post_type=product&#038;p=4428"},"modified":"2026-03-19T17:41:55","modified_gmt":"2026-03-19T16:41:55","slug":"ruta-siriana-peganum-harmala","status":"publish","type":"product","link":"https:\/\/karmarando.com\/ru\/piante-di-potere\/etnobotaniche\/erbe-del-sogno-oneirogeni\/ruta-siriana-peganum-harmala\/","title":{"rendered":"Ruta Siriana (Peganum Harmala)"},"content":{"rendered":"<div class=\"tabbed-content\">\n\t\t\t\n\t\t\t<ul class=\"nav nav-pills nav-uppercase nav-size-small nav-center\" role=\"tablist\"><li id=\"tab-descrizione\" class=\"tab active has-icon\" role=\"presentation\"><a href=\"#tab_descrizione\" role=\"tab\" aria-selected=\"true\" aria-controls=\"tab_descrizione\"><span>\u041e\u043f\u0438\u0441\u0430\u043d\u0438\u0435<\/span><\/a><\/li>\n<li id=\"tab-propriet\u00e0\" class=\"tab has-icon\" role=\"presentation\"><a href=\"#tab_propriet\u00e0\" tabindex=\"-1\" role=\"tab\" aria-selected=\"false\" aria-controls=\"tab_propriet\u00e0\"><span>\u0421\u0432\u043e\u0439\u0441\u0442\u0432\u043e<\/span><\/a><\/li>\n<li id=\"tab-come-si-f\u00e0?\" class=\"tab has-icon\" role=\"presentation\"><a href=\"#tab_come-si-f\u00e0?\" tabindex=\"-1\" role=\"tab\" aria-selected=\"false\" aria-controls=\"tab_come-si-f\u00e0?\"><span>\u041a\u0430\u043a \u044d\u0442\u043e \u0434\u0435\u043b\u0430\u0435\u0442\u0441\u044f?<\/span><\/a><\/li>\n<li id=\"tab-disclaimer\" class=\"tab has-icon\" role=\"presentation\"><a href=\"#tab_disclaimer\" tabindex=\"-1\" role=\"tab\" aria-selected=\"false\" aria-controls=\"tab_disclaimer\"><span>\u041f\u0418\u0421\u042c\u041c\u0415\u041d\u041d\u042b\u0419 \u041e\u0422\u041a\u0410\u0417 \u041e\u0422 \u041e\u0422\u0412\u0415\u0422\u0421\u0422\u0412\u0415\u041d\u041d\u041e\u0421\u0422\u0418<\/span><\/a><\/li><\/ul><div class=\"tab-panels\"><div id=\"tab_descrizione\" class=\"panel active entry-content\" role=\"tabpanel\" aria-labelledby=\"tab-descrizione\">\n<h3><strong>Ruta Siriana (Peganum Harmala) o Ruta Siriaca<\/strong><\/h3>\n<p>E&#8217; una pianta dall\u2019odore Caratteristico aromatico e inconfondibile, <strong>\u0421\u0438\u0440\u0438\u0439\u0441\u043a\u0430\u044f \u0420\u0443\u0442\u0430 <\/strong>Nasconte una lunga carriera rituale nella cultura persiana: alcuni autori l\u2019hanno anche collegata al soma, la leggendaria bevanda A******** di cui si parla negli antichi testi Indo-Iraniani.<\/p>\n<p>I semi e le radici contengono A******** quali l&#8217;Armina (0.44-1,84%), l&#8217;Armalina (0,25% -0,79%) e la Tetraidroarmina. Questi A******** agiscono da <strong>IMAO-inibitori<\/strong>, ovvero impediscono la degradazione di alcune molecole nello stomaco quali la psilocibina o la DMT, cosi che\u00a0 la nostra naturale DMT presente nel corpo possa dare vita agli effetti guarigionali sul corpo umano della prima e permettendo quelli della seconda, che altrimenti sarebbero pressoch\u00e9 nulli.<\/p>\n<p>5-MeO-DMT..Ovvero che impediscono la degradazione di alcune molecole nello stomaco, potenziando l\u2019effetto delle molecole stesse o attivandone altre assunte contemporaneamente. Per questo motivo la <strong>\u0421\u0438\u0440\u0438\u0439\u0441\u043a\u0430\u044f \u0420\u0443\u0442\u0430<\/strong> viene considerata una pianta Antidepressiva e Aziolitica.<\/p>\n<p>Appartenente alla famiglia delle Nitrariaceae. Originario della zona orientale dell\u2019India, e della Amazonia, e raramente si trova anche in Sicilia e Sardegna, questo arbusto perenne che pu\u00f2 raggiungere il metro di altezza, presenta fiori bianchi che producono.<\/p>\n<\/div>\n<div id=\"tab_propriet\u00e0\" class=\"panel entry-content\" role=\"tabpanel\" aria-labelledby=\"tab-propriet\u00e0\">\n<h3><strong>Capsule contenenti semi.<\/strong><\/h3>\n<p>\u042d\u0442\u0443 <strong>\u0421\u0438\u0440\u0438\u0439\u0441\u043a\u0430\u044f \u0420\u0443\u0442\u0430<\/strong> usata come pianta di potere \u00e8 appunto, rappresentata dai semi, dall\u2019odore molto forte e capace, anche a piccole dosi, di produrre effetti molto intensi.<\/p>\n<p>L\u2019uso rituale del <strong>Peganum Harmala<\/strong> come pianta psicoattiva \u00e8 molto antico nel mondo medio orientale, oltre agli utilizzi tradizionali come diuretico, digestivo, afrodisiaco, vermifugo e antielmintico.<\/p>\n<p>Recentementela <strong>\u0421\u0438\u0440\u0438\u0439\u0441\u043a\u0430\u044f \u0420\u0443\u0442\u0430<\/strong> \u00e8 tornata alla ribalta per il suo contenuto di A******** <strong>IMAO-inibitori<\/strong>, tanto da essere a volte utilizzata, in combinazione con altre piante, nella preparazione dell\u2019<strong>Ayahuasca <\/strong>e come Inibitore prima di soffiare lo <strong>Yop<\/strong>o.<\/p>\n<p>L\u2019<strong>Ayahuasca<\/strong> \u00e8 una bevanda di origine amazzonica consumata dagli sciamani di molte trib\u00f9 indigene per i suoi effetti Guarigionali e il rito spirituale inizatico ancestrale con l&#8217;intento di espandere la coscienza e di conseguenza la guarigione dell&#8217;anima.<\/p>\n<p>Studi molto recenti hanno, inoltre, scoperto la presenza nella ghiandola pineale umana della stessa tipologia di A******** (chiamati beta-carboline) contenuti nella Ruta Siriana, coinvolti nella produzione e nel controllo dei cicli onirici. Durante una profonda meditazione, nello stato di innamoramento e durante gli esercizi di espansione della coscienza il cervello produce autonomamente queste beta-carboline, che possono invece essere somministrate a scopo teRap\u00e9utico attraverso il consumo dei semi di <strong>Peganum Harmala<\/strong>.<\/p>\n<\/div>\n<div id=\"tab_come-si-f\u00e0?\" class=\"panel entry-content\" role=\"tabpanel\" aria-labelledby=\"tab-come-si-f\u00e0?\">\n<h3><strong>DOSAGGI,\u00a0 MODALITA&#8217; E PREPARAZIONE<\/strong><\/h3>\n<p>Attenzione agli alti dosaggi (per evitare effetti come vomito e mal di testa intensi)<\/p>\n<p>anche se il vomito sar\u00e0 sempre presente come compagno dell&#8217;espellere energie negative .Non serve niente esagerare nelle dosi.<\/p>\n<p>5 grammi IN SEMI O IN POLVERE a persona sono sufficienti sia da soli che prima dello yopo, e quindi per la preparazione di ayahuasca, in base al numero delle persone.<\/p>\n<p>Stessa cosa nel &#8220;Chupito&#8221; che equivale a 5 grammi.<\/p>\n<p>Tranne se viene aggiunto alla Capii per la preparazione della ayahuasca, per poterla cosumare da sola o prima dello yopo<\/p>\n<p>\u042d\u0442\u0443 <strong>Ruta<\/strong> andr\u00e0 cucinata con un bicchiere raso di acqua ogni 5 grammi per 1 ora, (quindi in una piccola casseruola (padellina) nel caso sono, solo 5 o 10 grammi)\u00a0 poi filtrare il composto e rimettere i semi o la polvere di nuovo a bollire per un altra ora, sempre con un bicchiere di acqua. i due composti ottenuti (quello di prima e il secondo) si uniranno in uno solo.. (la quantit\u00e0 di acqua finale \u00e8 relativa in quanto tutto dipende dalla fiamma usata, e dalla pentola usata.<\/p>\n<p>Quindi al finale sar\u00e0 sufficiente ottenere 30ml di soluzione da bere per ogni porzione da 5gr di semi o polvere, prestando attenzione che non attacchi e non sciughi tropo l&#8217;acqua.<\/p>\n<p>E&#8217; buona norma che le piante di potere abbiamo un ICARO da far ascoltare alla pianta.<\/p>\n<p>Se saranno di pi\u00f9 di 30ml andr\u00e0 bene comunque, in quanto il fatto di ottenere meno liquido possibile \u00e8 per avere meno liquido da ingerire, ma la quantit\u00e0 da ottenere come gi\u00e0 detto dipender\u00e0 molto dalla pentola usata e dalla velocit\u00e0 dell&#8217;acqua di asciugare, che la prossima volta sar\u00e0 tarata meglio in base al fornello e alla grandezza delle attrezzature usate.<\/p>\n<\/div>\n<div id=\"tab_disclaimer\" class=\"panel entry-content\" role=\"tabpanel\" aria-labelledby=\"tab-disclaimer\">\n<p><strong><span style=\"color: #d83131;\">\u0424\u041e\u0422\u041e\u0413\u0420\u0410\u0424\u0418\u0418 \u0412 \u041e\u041f\u0418\u0421\u0410\u041d\u0418\u0418 \u042f\u0412\u041b\u042f\u042e\u0422\u0421\u042f \u0427\u0418\u0421\u0422\u041e \u041e\u0420\u0418\u0415\u041d\u0422\u0418\u0420\u041e\u0412\u041e\u0427\u041d\u042b\u041c\u0418<\/span><\/strong><\/p>\n<p><strong><span style=\"color: #d83131;\">\u041f\u0420\u041e\u0414\u0423\u041a\u0422\u042b, \u0413\u0410\u0420\u0410\u041d\u0422\u0418\u0420\u041e\u0412\u0410\u041d\u041d\u042b\u0415 KARMARANDO<\/span><\/strong><br \/>\n<strong><span style=\"color: #d83131;\">\u0414\u043b\u044f \u043f\u0440\u043e\u0434\u0443\u043a\u0442\u043e\u0432 \u0440\u0430\u0441\u0442\u0435\u043d\u0438\u0439, \u0431\u043b\u0430\u0433\u043e\u0432\u043e\u043d\u0438\u0439 \u0438 \u043f\u043e\u0440\u043e\u0448\u043a\u043e\u043e\u0431\u0440\u0430\u0437\u043d\u044b\u0445 \u043f\u0440\u043e\u0434\u0443\u043a\u0442\u043e\u0432, \u043f\u0440\u0438\u0433\u043e\u0442\u043e\u0432\u043b\u0435\u043d\u043d\u044b\u0445 \u0432 \u043d\u0430\u0441\u0442\u043e\u044f\u0449\u0435\u0435 \u0432\u0440\u0435\u043c\u044f, \u0432\u043e\u0437\u0432\u0440\u0430\u0442 \u0438\u043b\u0438 \u0432\u043e\u0437\u043c\u0435\u0449\u0435\u043d\u0438\u0435 \u043d\u0435 \u043f\u043e\u0434\u043b\u0435\u0436\u0430\u0442<\/span><\/strong><\/p>\n<p>I <strong>\u0438\u0441\u043f\u043e\u043b\u044c\u0437\u0443\u0435\u043c\u044b\u0435 \u0442\u0435\u0440\u043c\u0438\u043d\u044b<\/strong> \u0432 \u043a\u0430\u0442\u0435\u0433\u043e\u0440\u0438\u044f\u0445 \u0438 \u0442\u0435\u0433\u0430\u0445 \u043e\u043d\u0438 \u043d\u0435 \u0445\u043e\u0442\u044f\u0442 \u043f\u0440\u0435\u0434\u043b\u0430\u0433\u0430\u0442\u044c \u043b\u0435\u043a\u0430\u0440\u0441\u0442\u0432\u0435\u043d\u043d\u043e\u0435 \u0438 \u0440\u0435\u043a\u0440\u0435\u0430\u0446\u0438\u043e\u043d\u043d\u043e\u0435 \u0438\u0441\u043f\u043e\u043b\u044c\u0437\u043e\u0432\u0430\u043d\u0438\u0435 \u043f\u0440\u043e\u0434\u0443\u043a\u0442\u043e\u0432, \u043e\u043d\u0438 \u043f\u0440\u043e\u0441\u0442\u043e \u043e\u0440\u0433\u0430\u043d\u0438\u0437\u0443\u044e\u0442 \u0438\u0445 \u0432 \u0441\u043e\u043e\u0442\u0432\u0435\u0442\u0441\u0442\u0432\u0438\u0438 \u0441 \u0438\u0445 \u0438\u0441\u0442\u043e\u0440\u0438\u0447\u0435\u0441\u043a\u0438\u043c, \u043d\u0430\u0443\u0447\u043d\u044b\u043c \u0438 \u0441\u043e\u0446\u0438\u0430\u043b\u044c\u043d\u044b\u043c \u0438\u0441\u043f\u043e\u043b\u044c\u0437\u043e\u0432\u0430\u043d\u0438\u0435\u043c.<\/p>\n<p><strong>\u0420\u0435\u0446\u0435\u043f\u0442\u044b \u043f\u0440\u0435\u0434\u043e\u0441\u0442\u0430\u0432\u043b\u044f\u044e\u0442\u0441\u044f \u0441 \u043d\u0430\u0443\u0447\u043d\u043e\u0439 \u0442\u043e\u0447\u043a\u0438 \u0437\u0440\u0435\u043d\u0438\u044f<\/strong>: \u043e\u043d\u0438 \u043d\u0435 \u0445\u043e\u0442\u044f\u0442 \u043f\u043e\u043e\u0449\u0440\u044f\u0442\u044c \u043a\u043b\u0438\u0435\u043d\u0442\u043e\u0432 \u043f\u043e\u0432\u0442\u043e\u0440\u044f\u0442\u044c \u0438\u0445 \u0438\u043b\u0438, \u0442\u0435\u043c \u0431\u043e\u043b\u0435\u0435, \u043f\u043e\u0442\u0440\u0435\u0431\u043b\u044f\u0442\u044c \u0438\u0445 \u043f\u0440\u043e\u0434\u0443\u043a\u0442\u044b.<\/p>\n<p><strong>\u041d\u0430\u0448 \u043a\u043e\u043d\u0442\u0435\u043d\u0442<\/strong> \u043e\u043d\u0438 \u043d\u0435 \u0431\u044b\u043b\u0438 \u043e\u0446\u0435\u043d\u0435\u043d\u044b FDA \u0438\u043b\u0438 \u043a\u0430\u043a\u043e\u0439-\u043b\u0438\u0431\u043e \u043f\u0440\u043e\u0444\u0435\u0441\u0441\u0438\u043e\u043d\u0430\u043b\u044c\u043d\u043e\u0439 \u043c\u0435\u0434\u0438\u0446\u0438\u043d\u0441\u043a\u043e\u0439 \u0444\u0438\u0433\u0443\u0440\u043e\u0439: \u0432\u043e\u0437\u043c\u043e\u0436\u043d\u044b\u0435 \u043f\u0440\u0438\u043c\u0435\u043d\u0435\u043d\u0438\u044f, \u043f\u043e\u043a\u0430\u0437\u0430\u043d\u0438\u044f \u043a \u0434\u043e\u0437\u0438\u0440\u043e\u0432\u043a\u0435 \u0438 \u043f\u0440\u0435\u0434\u0443\u043f\u0440\u0435\u0436\u0434\u0435\u043d\u0438\u044f \u043e\u043f\u0438\u0441\u0430\u043d\u044b \u0442\u043e\u043b\u044c\u043a\u043e \u0432 \u043e\u0431\u0440\u0430\u0437\u043e\u0432\u0430\u0442\u0435\u043b\u044c\u043d\u044b\u0445 \u0446\u0435\u043b\u044f\u0445, \u044f\u0432\u043b\u044f\u044e\u0442\u0441\u044f \u043b\u0438\u0447\u043d\u044b\u043c\u0438 \u043f\u0440\u0435\u0434\u043f\u043e\u043b\u043e\u0436\u0435\u043d\u0438\u044f\u043c\u0438 \u0438 \u043d\u0435 \u044f\u0432\u043b\u044f\u044e\u0442\u0441\u044f \u043c\u0435\u0434\u0438\u0446\u0438\u043d\u0441\u043a\u0438\u043c \u0437\u0430\u043a\u043b\u044e\u0447\u0435\u043d\u0438\u0435\u043c.<\/p>\n<p><strong>\u041f\u0440\u043e\u0434\u0443\u043a\u0442\u044b \u043f\u0440\u043e\u0434\u0430\u044e\u0442\u0441\u044f<\/strong> \u0442\u0430\u043a\u0438\u0435 \u043a\u0430\u043a \u0431\u043b\u0430\u0433\u043e\u0432\u043e\u043d\u0438\u044f, \u043c\u044b\u043b\u043e, \u0441\u043c\u043e\u043b\u044b \u0438 \u043a\u043e\u043b\u043b\u0435\u043a\u0446\u0438\u043e\u043d\u043d\u044b\u0435 \u0431\u043e\u0442\u0430\u043d\u0438\u0447\u0435\u0441\u043a\u0438\u0435 \u043c\u0430\u0442\u0435\u0440\u0438\u0430\u043b\u044b \u0438 \u043d\u0430\u0443\u0447\u043d\u044b\u0435 \u0438\u0441\u0441\u043b\u0435\u0434\u043e\u0432\u0430\u0442\u0435\u043b\u044c\u0441\u043a\u0438\u0435 \u043c\u0430\u0442\u0435\u0440\u0438\u0430\u043b\u044b.<\/p>\n<p><span style=\"color: #ed1c24; font-size: 115%;\"><strong>\u041e\u043d\u0438 \u043d\u0435 \u043f\u0440\u0435\u0434\u043d\u0430\u0437\u043d\u0430\u0447\u0435\u043d\u044b \u0434\u043b\u044f \u043f\u043e\u0442\u0440\u0435\u0431\u043b\u0435\u043d\u0438\u044f \u0447\u0435\u043b\u043e\u0432\u0435\u043a\u043e\u043c.<br \/>\n\u0414\u043b\u044f \u0442\u043e\u0433\u043e, \u0447\u0442\u043e\u0431\u044b \u043a\u0443\u043f\u0438\u0442\u044c \u043d\u0430\u0448\u0438 \u043f\u0440\u043e\u0434\u0443\u043a\u0442\u044b, \u0432\u044b \u0434\u043e\u043b\u0436\u043d\u044b \u0431\u044b\u0442\u044c \u0441\u0442\u0430\u0440\u0448\u0435 18 \u043b\u0435\u0442 \u0438 \u043d\u0435 \u043f\u043e\u0434\u0445\u043e\u0434\u044f\u0442 \u0434\u043b\u044f \u0431\u0435\u0440\u0435\u043c\u0435\u043d\u043d\u044b\u0445 \u0438\/\u0438\u043b\u0438 \u043a\u043e\u0440\u043c\u044f\u0449\u0438\u0445 \u0436\u0435\u043d\u0449\u0438\u043d.<\/strong><\/span><\/p>\n<p>\u0427\u0442\u043e\u0431\u044b \u043f\u043e\u043b\u0443\u0447\u0438\u0442\u044c \u0431\u043e\u043b\u044c\u0448\u0435 \u0438\u043d\u0444\u043e\u0440\u043c\u0430\u0446\u0438\u0438 \u043e <strong>\u041a\u0410\u0420\u041c\u0410\u0420\u0410\u041d\u0414\u041e<\/strong> \u043f\u043e\u0441\u0435\u0449\u0435\u043d\u0438\u0435 <a href=\"https:\/\/www.instagram.com\/karmarando1\/\" target=\"_blank\" rel=\"noopener\"><br \/>\n<span style=\"color: #0000ff;\"><strong>\u044d\u0442\u0430 \u0441\u0442\u0440\u0430\u043d\u0438\u0446\u0430<\/strong><\/span><\/a> \u0438\u043b\u0438 \u0427\u0438\u0442\u0430\u0439\u0442\u0435 \u043f\u043e\u0441\u043b\u0435\u0434\u043d\u0438\u0435 \u043d\u043e\u0432\u043e\u0441\u0442\u0438 \u043e <a href=\"https:\/\/karmarando.com\/ru\/blog\/\" target=\"_blank\" rel=\"nofollow noopener\"><strong><span style=\"color: #0000ff;\">\u0411\u043b\u043e\u0433<\/span><\/strong><\/a><\/p>\n<\/div><\/div><\/div>","protected":false},"excerpt":{"rendered":"<p>Ruta Siriana (Peganum Harmala)<\/p>","protected":false},"featured_media":4434,"comment_status":"open","ping_status":"closed","template":"","meta":[],"product_brand":[468],"product_cat":[201,210,200,199,211],"product_tag":[719],"class_list":{"0":"post-4428","1":"product","2":"type-product","3":"status-publish","4":"has-post-thumbnail","6":"product_brand-karmarando","7":"product_cat-caapi-aya-e-microdosi","8":"product_cat-erbe-del-sogno-oneirogeni","9":"product_cat-etnobotaniche","10":"product_cat-piante-di-potere","11":"product_cat-visionistiche","12":"product_tag-ruta-siriana","13":"pa_brand-karmarando","14":"pa_ean-1239","15":"pa_formato-polvere","16":"pa_formato-semi","17":"pa_ingredienti-ruta-siriana","18":"pa_paese-di-fabbricazione-amzonia","19":"pa_paese-di-fabbricazione-india","20":"pa_paese-di-fabbricazione-peru","21":"pa_paese-di-fabbricazione-sardegna","22":"pa_paese-di-fabbricazione-sicilia","23":"pa_unita-di-misura-100-g","24":"pa_unita-di-misura-21-g","25":"pa_unita-di-misura-50-g","26":"pa_unita-di-misura-7-gr","28":"first","29":"instock","30":"shipping-taxable","31":"purchasable","32":"product-type-variable"},"_links":{"self":[{"href":"https:\/\/karmarando.com\/ru\/wp-json\/wp\/v2\/product\/4428","targetHints":{"allow":["GET"]}}],"collection":[{"href":"https:\/\/karmarando.com\/ru\/wp-json\/wp\/v2\/product"}],"about":[{"href":"https:\/\/karmarando.com\/ru\/wp-json\/wp\/v2\/types\/product"}],"replies":[{"embeddable":true,"href":"https:\/\/karmarando.com\/ru\/wp-json\/wp\/v2\/comments?post=4428"}],"wp:featuredmedia":[{"embeddable":true,"href":"https:\/\/karmarando.com\/ru\/wp-json\/wp\/v2\/media\/4434"}],"wp:attachment":[{"href":"https:\/\/karmarando.com\/ru\/wp-json\/wp\/v2\/media?parent=4428"}],"wp:term":[{"taxonomy":"product_brand","embeddable":true,"href":"https:\/\/karmarando.com\/ru\/wp-json\/wp\/v2\/product_brand?post=4428"},{"taxonomy":"product_cat","embeddable":true,"href":"https:\/\/karmarando.com\/ru\/wp-json\/wp\/v2\/product_cat?post=4428"},{"taxonomy":"product_tag","embeddable":true,"href":"https:\/\/karmarando.com\/ru\/wp-json\/wp\/v2\/product_tag?post=4428"}],"curies":[{"name":"wp","href":"https:\/\/api.w.org\/{rel}","templated":true}]}}