{"id":4214,"date":"2022-01-14T00:07:19","date_gmt":"2022-01-13T23:07:19","guid":{"rendered":"https:\/\/www.karmarando.com\/senza-categoria\/sonaglio-rainstick-shaman-in-bamboo-fatto-a-mano-con-rune-norreniche-loki\/"},"modified":"2025-12-04T13:51:11","modified_gmt":"2025-12-04T12:51:11","slug":"sonaglio-rainstick-shaman","status":"publish","type":"product","link":"https:\/\/karmarando.com\/ru\/strumenti-e-gadget\/arte-artigianale-sciamanica\/strumenti-musicali\/sonagli\/sonaglio-rainstick-shaman\/","title":{"rendered":"\u041f\u043e\u0433\u0440\u0435\u043c\u0443\u0448\u043a\u0430 Rainstick Shaman \u0438\u0437 \u0431\u0430\u043c\u0431\u0443\u043a\u0430, \u0440\u0443\u0447\u043d\u0430\u044f \u0440\u0430\u0431\u043e\u0442\u0430 \u0441 \u043d\u043e\u0440\u0432\u0435\u0436\u0441\u043a\u0438\u043c\u0438 \u0440\u0443\u043d\u0430\u043c\u0438 \u041b\u043e\u043a\u0438"},"content":{"rendered":"<div class=\"tabbed-content\">\n\t\t\t\n\t\t\t<ul class=\"nav nav-pills nav-uppercase nav-size-small nav-center\" role=\"tablist\"><li id=\"tab-descrizione\" class=\"tab active has-icon\" role=\"presentation\"><a href=\"#tab_descrizione\" role=\"tab\" aria-selected=\"true\" aria-controls=\"tab_descrizione\"><span>\u041e\u043f\u0438\u0441\u0430\u043d\u0438\u0435<\/span><\/a><\/li>\n<li id=\"tab-disclaimer\" class=\"tab has-icon\" role=\"presentation\"><a href=\"#tab_disclaimer\" tabindex=\"-1\" role=\"tab\" aria-selected=\"false\" aria-controls=\"tab_disclaimer\"><span>\u041f\u0418\u0421\u042c\u041c\u0415\u041d\u041d\u042b\u0419 \u041e\u0422\u041a\u0410\u0417 \u041e\u0422 \u041e\u0422\u0412\u0415\u0422\u0421\u0422\u0412\u0415\u041d\u041d\u041e\u0421\u0422\u0418<\/span><\/a><\/li><\/ul><div class=\"tab-panels\"><div id=\"tab_descrizione\" class=\"panel active entry-content\" role=\"tabpanel\" aria-labelledby=\"tab-descrizione\">\n<h3 style=\"line-height: 30px;\"><span style=\"font-family: Arial, Helvetica, sans-serif;\"><span style=\"font-size: 24px;\">\u041f\u043e\u0433\u0440\u0435\u043c\u0443\u0448\u043a\u0430 Rainstick Shaman \u0438\u0437 \u0431\u0430\u043c\u0431\u0443\u043a\u0430, \u0440\u0443\u0447\u043d\u0430\u044f \u0440\u0430\u0431\u043e\u0442\u0430 \u0441 \u043d\u043e\u0440\u0432\u0435\u0436\u0441\u043a\u0438\u043c\u0438 \u0440\u0443\u043d\u0430\u043c\u0438 \u041b\u043e\u043a\u0438<\/span><\/span><\/h3>\n<p><span style=\"font-family: Arial, Helvetica, sans-serif;\"><span style=\"font-size: 16.38px;\">\u041f\u043e\u0433\u0440\u0435\u043c\u0443\u0448\u043a\u0430 Rainstick Shaman \u0438\u0437 \u0431\u0430\u043c\u0431\u0443\u043a\u0430, \u0440\u0443\u0447\u043d\u0430\u044f \u0440\u0430\u0431\u043e\u0442\u0430 \u0441 \u043d\u043e\u0440\u0432\u0435\u0436\u0441\u043a\u0438\u043c\u0438 \u0440\u0443\u043d\u0430\u043c\u0438 \u041b\u043e\u043a\u0438<\/span><\/span><\/p>\n<p>\u0420\u0443\u0447\u043d\u0430\u044f \u0440\u0430\u0431\u043e\u0442\u0430 \u0414\u044d\u0432\u0438\u0434\u0430 \u043b\u0430\u0443\u0444\u0435\u0439\u0441\u043e\u043d\u0430 \u0438 \u041c\u0430\u0439\u043a\u043b\u0430 \u0421\u043a\u043e\u0440\u043f\u0438\u043e\u043d\u043e\u0432. <span style=\"font-size: 14px;\">Questo <\/span><b>\u041f\u043e\u0433\u0440\u0435\u043c\u0443\u0448\u043a\u0430 RainStick<\/b><span style=\"font-size: 24px;\">\u00a0<\/span><span style=\"font-size: 14px;\">\u00e8 fatto di bamb\u00f9. <\/span>Marchiato e disegnato e Decorato e fatto a mano con Fuoco Alchemico con Rune Sacra primordiale Norreniche. Materiali di Alta qualit\u00e0 per un Sound Magico Guaritivo<\/p>\n<p><strong>Poich\u00e9 \u00e8 fatto a mano, ogni Oggetto sar\u00e0 leggermente diverso l\u2019uno dall\u2019altro. Le foto sono illustrative, stai acquistando opere d\u2019arte individuali fatte per te.<\/strong><\/p>\n<p>I sonagli sono molto intuitivi e semplici da suonare e creare melodie, senza la necessit\u00e0 di teoria musicale.Con la pratica e alcuni trucchi impariamo rapidamente. Ideale durante Rap\u00e9 e medicine sciamaniche della Selva e cerimonie Per ulteriori informazioni, non esitate a contattarci.<\/p>\n<\/div>\n<div id=\"tab_disclaimer\" class=\"panel entry-content\" role=\"tabpanel\" aria-labelledby=\"tab-disclaimer\">\n<p><strong><span style=\"color: #d83131;\">\u0424\u041e\u0422\u041e\u0413\u0420\u0410\u0424\u0418\u0418 \u0412 \u041e\u041f\u0418\u0421\u0410\u041d\u0418\u0418 \u042f\u0412\u041b\u042f\u042e\u0422\u0421\u042f \u0427\u0418\u0421\u0422\u041e \u041e\u0420\u0418\u0415\u041d\u0422\u0418\u0420\u041e\u0412\u041e\u0427\u041d\u042b\u041c\u0418<\/span><\/strong><\/p>\n<p><strong><span style=\"color: #d83131;\">\u041f\u0420\u041e\u0414\u0423\u041a\u0422\u042b, \u0413\u0410\u0420\u0410\u041d\u0422\u0418\u0420\u041e\u0412\u0410\u041d\u041d\u042b\u0415 KARMARANDO<\/span><\/strong><br \/>\n<strong><span style=\"color: #d83131;\">\u0414\u043b\u044f \u043f\u0440\u043e\u0434\u0443\u043a\u0442\u043e\u0432 \u0440\u0430\u0441\u0442\u0435\u043d\u0438\u0439, \u0431\u043b\u0430\u0433\u043e\u0432\u043e\u043d\u0438\u0439 \u0438 \u043f\u043e\u0440\u043e\u0448\u043a\u043e\u043e\u0431\u0440\u0430\u0437\u043d\u044b\u0445 \u043f\u0440\u043e\u0434\u0443\u043a\u0442\u043e\u0432, \u043f\u0440\u0438\u0433\u043e\u0442\u043e\u0432\u043b\u0435\u043d\u043d\u044b\u0445 \u0432 \u043d\u0430\u0441\u0442\u043e\u044f\u0449\u0435\u0435 \u0432\u0440\u0435\u043c\u044f, \u0432\u043e\u0437\u0432\u0440\u0430\u0442 \u0438\u043b\u0438 \u0432\u043e\u0437\u043c\u0435\u0449\u0435\u043d\u0438\u0435 \u043d\u0435 \u043f\u043e\u0434\u043b\u0435\u0436\u0430\u0442<\/span><\/strong><\/p>\n<p>I <strong>\u0438\u0441\u043f\u043e\u043b\u044c\u0437\u0443\u0435\u043c\u044b\u0435 \u0442\u0435\u0440\u043c\u0438\u043d\u044b<\/strong> \u0432 \u043a\u0430\u0442\u0435\u0433\u043e\u0440\u0438\u044f\u0445 \u0438 \u0442\u0435\u0433\u0430\u0445 \u043e\u043d\u0438 \u043d\u0435 \u0445\u043e\u0442\u044f\u0442 \u043f\u0440\u0435\u0434\u043b\u0430\u0433\u0430\u0442\u044c \u043b\u0435\u043a\u0430\u0440\u0441\u0442\u0432\u0435\u043d\u043d\u043e\u0435 \u0438 \u0440\u0435\u043a\u0440\u0435\u0430\u0446\u0438\u043e\u043d\u043d\u043e\u0435 \u0438\u0441\u043f\u043e\u043b\u044c\u0437\u043e\u0432\u0430\u043d\u0438\u0435 \u043f\u0440\u043e\u0434\u0443\u043a\u0442\u043e\u0432, \u043e\u043d\u0438 \u043f\u0440\u043e\u0441\u0442\u043e \u043e\u0440\u0433\u0430\u043d\u0438\u0437\u0443\u044e\u0442 \u0438\u0445 \u0432 \u0441\u043e\u043e\u0442\u0432\u0435\u0442\u0441\u0442\u0432\u0438\u0438 \u0441 \u0438\u0445 \u0438\u0441\u0442\u043e\u0440\u0438\u0447\u0435\u0441\u043a\u0438\u043c, \u043d\u0430\u0443\u0447\u043d\u044b\u043c \u0438 \u0441\u043e\u0446\u0438\u0430\u043b\u044c\u043d\u044b\u043c \u0438\u0441\u043f\u043e\u043b\u044c\u0437\u043e\u0432\u0430\u043d\u0438\u0435\u043c.<\/p>\n<p><strong>\u0420\u0435\u0446\u0435\u043f\u0442\u044b \u043f\u0440\u0435\u0434\u043e\u0441\u0442\u0430\u0432\u043b\u044f\u044e\u0442\u0441\u044f \u0441 \u043d\u0430\u0443\u0447\u043d\u043e\u0439 \u0442\u043e\u0447\u043a\u0438 \u0437\u0440\u0435\u043d\u0438\u044f<\/strong>: \u043e\u043d\u0438 \u043d\u0435 \u0445\u043e\u0442\u044f\u0442 \u043f\u043e\u043e\u0449\u0440\u044f\u0442\u044c \u043a\u043b\u0438\u0435\u043d\u0442\u043e\u0432 \u043f\u043e\u0432\u0442\u043e\u0440\u044f\u0442\u044c \u0438\u0445 \u0438\u043b\u0438, \u0442\u0435\u043c \u0431\u043e\u043b\u0435\u0435, \u043f\u043e\u0442\u0440\u0435\u0431\u043b\u044f\u0442\u044c \u0438\u0445 \u043f\u0440\u043e\u0434\u0443\u043a\u0442\u044b.<\/p>\n<p><strong>\u041d\u0430\u0448 \u043a\u043e\u043d\u0442\u0435\u043d\u0442<\/strong> \u043e\u043d\u0438 \u043d\u0435 \u0431\u044b\u043b\u0438 \u043e\u0446\u0435\u043d\u0435\u043d\u044b FDA \u0438\u043b\u0438 \u043a\u0430\u043a\u043e\u0439-\u043b\u0438\u0431\u043e \u043f\u0440\u043e\u0444\u0435\u0441\u0441\u0438\u043e\u043d\u0430\u043b\u044c\u043d\u043e\u0439 \u043c\u0435\u0434\u0438\u0446\u0438\u043d\u0441\u043a\u043e\u0439 \u0444\u0438\u0433\u0443\u0440\u043e\u0439: \u0432\u043e\u0437\u043c\u043e\u0436\u043d\u044b\u0435 \u043f\u0440\u0438\u043c\u0435\u043d\u0435\u043d\u0438\u044f, \u043f\u043e\u043a\u0430\u0437\u0430\u043d\u0438\u044f \u043a \u0434\u043e\u0437\u0438\u0440\u043e\u0432\u043a\u0435 \u0438 \u043f\u0440\u0435\u0434\u0443\u043f\u0440\u0435\u0436\u0434\u0435\u043d\u0438\u044f \u043e\u043f\u0438\u0441\u0430\u043d\u044b \u0442\u043e\u043b\u044c\u043a\u043e \u0432 \u043e\u0431\u0440\u0430\u0437\u043e\u0432\u0430\u0442\u0435\u043b\u044c\u043d\u044b\u0445 \u0446\u0435\u043b\u044f\u0445, \u044f\u0432\u043b\u044f\u044e\u0442\u0441\u044f \u043b\u0438\u0447\u043d\u044b\u043c\u0438 \u043f\u0440\u0435\u0434\u043f\u043e\u043b\u043e\u0436\u0435\u043d\u0438\u044f\u043c\u0438 \u0438 \u043d\u0435 \u044f\u0432\u043b\u044f\u044e\u0442\u0441\u044f \u043c\u0435\u0434\u0438\u0446\u0438\u043d\u0441\u043a\u0438\u043c \u0437\u0430\u043a\u043b\u044e\u0447\u0435\u043d\u0438\u0435\u043c.<\/p>\n<p><strong>\u041f\u0440\u043e\u0434\u0443\u043a\u0442\u044b \u043f\u0440\u043e\u0434\u0430\u044e\u0442\u0441\u044f<\/strong> \u0442\u0430\u043a\u0438\u0435 \u043a\u0430\u043a \u0431\u043b\u0430\u0433\u043e\u0432\u043e\u043d\u0438\u044f, \u043c\u044b\u043b\u043e, \u0441\u043c\u043e\u043b\u044b \u0438 \u043a\u043e\u043b\u043b\u0435\u043a\u0446\u0438\u043e\u043d\u043d\u044b\u0435 \u0431\u043e\u0442\u0430\u043d\u0438\u0447\u0435\u0441\u043a\u0438\u0435 \u043c\u0430\u0442\u0435\u0440\u0438\u0430\u043b\u044b \u0438 \u043d\u0430\u0443\u0447\u043d\u044b\u0435 \u0438\u0441\u0441\u043b\u0435\u0434\u043e\u0432\u0430\u0442\u0435\u043b\u044c\u0441\u043a\u0438\u0435 \u043c\u0430\u0442\u0435\u0440\u0438\u0430\u043b\u044b.<\/p>\n<p><span style=\"color: #ed1c24; font-size: 115%;\"><strong>\u041e\u043d\u0438 \u043d\u0435 \u043f\u0440\u0435\u0434\u043d\u0430\u0437\u043d\u0430\u0447\u0435\u043d\u044b \u0434\u043b\u044f \u043f\u043e\u0442\u0440\u0435\u0431\u043b\u0435\u043d\u0438\u044f \u0447\u0435\u043b\u043e\u0432\u0435\u043a\u043e\u043c.<br \/>\n\u0414\u043b\u044f \u0442\u043e\u0433\u043e, \u0447\u0442\u043e\u0431\u044b \u043a\u0443\u043f\u0438\u0442\u044c \u043d\u0430\u0448\u0438 \u043f\u0440\u043e\u0434\u0443\u043a\u0442\u044b, \u0432\u044b \u0434\u043e\u043b\u0436\u043d\u044b \u0431\u044b\u0442\u044c \u0441\u0442\u0430\u0440\u0448\u0435 18 \u043b\u0435\u0442 \u0438 \u043d\u0435 \u043f\u043e\u0434\u0445\u043e\u0434\u044f\u0442 \u0434\u043b\u044f \u0431\u0435\u0440\u0435\u043c\u0435\u043d\u043d\u044b\u0445 \u0438\/\u0438\u043b\u0438 \u043a\u043e\u0440\u043c\u044f\u0449\u0438\u0445 \u0436\u0435\u043d\u0449\u0438\u043d.<\/strong><\/span><\/p>\n<p>\u0427\u0442\u043e\u0431\u044b \u043f\u043e\u043b\u0443\u0447\u0438\u0442\u044c \u0431\u043e\u043b\u044c\u0448\u0435 \u0438\u043d\u0444\u043e\u0440\u043c\u0430\u0446\u0438\u0438 \u043e <strong>\u041a\u0410\u0420\u041c\u0410\u0420\u0410\u041d\u0414\u041e<\/strong> \u043f\u043e\u0441\u0435\u0449\u0435\u043d\u0438\u0435 <a href=\"https:\/\/www.instagram.com\/karmarando1\/\" target=\"_blank\" rel=\"noopener\"><br \/>\n<span style=\"color: #0000ff;\"><strong>\u044d\u0442\u0430 \u0441\u0442\u0440\u0430\u043d\u0438\u0446\u0430<\/strong><\/span><\/a> \u0438\u043b\u0438 \u0427\u0438\u0442\u0430\u0439\u0442\u0435 \u043f\u043e\u0441\u043b\u0435\u0434\u043d\u0438\u0435 \u043d\u043e\u0432\u043e\u0441\u0442\u0438 \u043e <a href=\"https:\/\/karmarando.com\/ru\/blog\/\" target=\"_blank\" rel=\"nofollow noopener\"><strong><span style=\"color: #0000ff;\">\u0411\u043b\u043e\u0433<\/span><\/strong><\/a><\/p>\n<\/div><\/div><\/div>","protected":false},"excerpt":{"rendered":"<p>\u041f\u043e\u0433\u0440\u0435\u043c\u0443\u0448\u043a\u0430 Rainstick Shaman \u0438\u0437 \u0431\u0430\u043c\u0431\u0443\u043a\u0430, \u0440\u0443\u0447\u043d\u0430\u044f \u0440\u0430\u0431\u043e\u0442\u0430 \u0441 \u043d\u043e\u0440\u0432\u0435\u0436\u0441\u043a\u0438\u043c\u0438 \u0440\u0443\u043d\u0430\u043c\u0438 \u041b\u043e\u043a\u0438<\/p>","protected":false},"featured_media":4215,"comment_status":"open","ping_status":"closed","template":"","meta":[],"product_brand":[468],"product_cat":[241,574,239,571],"product_tag":[629],"class_list":{"0":"post-4214","1":"product","2":"type-product","3":"status-publish","4":"has-post-thumbnail","6":"product_brand-karmarando","7":"product_cat-arte-artigianale-sciamanica","8":"product_cat-sonagli","9":"product_cat-strumenti-e-gadget","10":"product_cat-strumenti-musicali","11":"product_tag-sonaglio-rainstick-shaman","12":"pa_brand-karmarando","13":"pa_ean-1248","14":"pa_materiale-bamboo","15":"pa_paese-di-fabbricazione-italia","17":"first","18":"instock","19":"shipping-taxable","20":"purchasable","21":"product-type-simple"},"_links":{"self":[{"href":"https:\/\/karmarando.com\/ru\/wp-json\/wp\/v2\/product\/4214","targetHints":{"allow":["GET"]}}],"collection":[{"href":"https:\/\/karmarando.com\/ru\/wp-json\/wp\/v2\/product"}],"about":[{"href":"https:\/\/karmarando.com\/ru\/wp-json\/wp\/v2\/types\/product"}],"replies":[{"embeddable":true,"href":"https:\/\/karmarando.com\/ru\/wp-json\/wp\/v2\/comments?post=4214"}],"wp:featuredmedia":[{"embeddable":true,"href":"https:\/\/karmarando.com\/ru\/wp-json\/wp\/v2\/media\/4215"}],"wp:attachment":[{"href":"https:\/\/karmarando.com\/ru\/wp-json\/wp\/v2\/media?parent=4214"}],"wp:term":[{"taxonomy":"product_brand","embeddable":true,"href":"https:\/\/karmarando.com\/ru\/wp-json\/wp\/v2\/product_brand?post=4214"},{"taxonomy":"product_cat","embeddable":true,"href":"https:\/\/karmarando.com\/ru\/wp-json\/wp\/v2\/product_cat?post=4214"},{"taxonomy":"product_tag","embeddable":true,"href":"https:\/\/karmarando.com\/ru\/wp-json\/wp\/v2\/product_tag?post=4214"}],"curies":[{"name":"wp","href":"https:\/\/api.w.org\/{rel}","templated":true}]}}