{"id":4167,"date":"2022-01-12T07:33:18","date_gmt":"2022-01-12T06:33:18","guid":{"rendered":"https:\/\/www.karmarando.com\/senza-categoria\/ocarina-astery-goccia-doro-pentatonica-scala-bassa-a-okarina-di-terra-cotta\/"},"modified":"2025-12-04T13:53:11","modified_gmt":"2025-12-04T12:53:11","slug":"ocarina-astery-goccia-doro","status":"publish","type":"product","link":"https:\/\/karmarando.com\/ru\/strumenti-e-gadget\/arte-artigianale-sciamanica\/strumenti-musicali\/okarine\/ocarina-astery-goccia-doro\/","title":{"rendered":"Ocarina Astery Goccia D&#8217;oro"},"content":{"rendered":"\n\t\t<div class=\"tabbed-content\">\n\t\t\t\n\t\t\t<ul class=\"nav nav-pills nav-uppercase nav-size-small nav-center\" role=\"tablist\"><li id=\"tab-descrizione\" class=\"tab active has-icon\" role=\"presentation\"><a href=\"#tab_descrizione\" role=\"tab\" aria-selected=\"true\" aria-controls=\"tab_descrizione\"><span>Descrizione<\/span><\/a><\/li>\n<li id=\"tab-disclaimer\" class=\"tab has-icon\" role=\"presentation\"><a href=\"#tab_disclaimer\" tabindex=\"-1\" role=\"tab\" aria-selected=\"false\" aria-controls=\"tab_disclaimer\"><span>DISCLAIMER<\/span><\/a><\/li><\/ul><div class=\"tab-panels\"><div id=\"tab_descrizione\" class=\"panel active entry-content\" role=\"tabpanel\" aria-labelledby=\"tab-descrizione\">\n<h3>Ocarina Astery Goccia D&#8217;oro<\/h3>\n<p>Ocarina Astery Black Goccia D&#8217;oro Pentatonica Scala Bassa A3 Okarina di Terra cotta<\/p>\n<p>Ocarina Astery Black Goccia D&#8217;oro<\/p>\n<p>Fatta a mano da Davide laufeyson &amp; Michael Scorpions<\/p>\n<p>Questa Bellissima Ocarina \u00e8 fatta di Terracotta<\/p>\n<p>Marchiata e disegnata e Decorata a Fuoco Alchemico<\/p>\n<p>Sfumature di nero metallizzato ed oro di mirra a goccia<br \/>\nLa vernice \u00e8 atossica e di altissima qualit\u00e0 con tecniche egiziane e sciamaniche<\/p>\n<p>Materiali di Alta qualit\u00e0 e Interamente fatto a mano, di terracotta in scala A3 Pentagonale<\/p>\n<p>Ocarina Astery Goccia D&#8217;oro Ha fori a 5 toni che fanno 6 note di scala pentatonica minore, la stessa scala i flauti nativi americani sono sintonizzati con la nota di base A3. La diteggiatura \u00e8 piuttosto facile da padroneggiare. Ci vuole un po &#8216;di tempo per praticare la respirazione giusta e ripaga con un bel suono preciso.<br \/>\n<strong>L&#8217;ocarina o Okarina<\/strong> \u00e8 uno strumento a fiato italiano di forma ovoidale allungata costruito in terracotta; aerofoni del genere, genericamente noti anche come arghilofoni, sono strumenti molto antichi e diffusi presso numerose civilt\u00e0 arcaiche e ha un suono n\u00e9 troppo acuto, n\u00e9 troppo ottuso e forte. L&#8217;ocarina\u00a0standard impiegata nella musica occidentale fu inventata in Italia, a Budrio, durante la met\u00e0 del XIX secolo da Giuseppe Donati. La sua forma ovoidale allungata ricorda il profilo\u00a0di\u00a0un&#8217;oca privata della testa: il nome infatti deriva da ucareina, diminutivo\u00a0di oca in dialetto bolognese.<\/p>\n<p>Le<strong> ocarine<\/strong> sono in stile native americane Sciamaniche e sono molto intuitivi da suonare e creare melodie, senza la necessit\u00e0 di teoria musicale. Con la pratica e alcuni trucchi impariamo rapidamente. Ideale durante Rap\u00e9 e medicine sciamniche della selva foresta amazonia, ideale meditare e per essere accompagnati da un tamburo sciamanico. Per ulteriori informazioni, non esitate a contattarci<\/p>\n<p><strong>Poich\u00e9 \u00e8 fatta a mano, ogni Ocarina sar\u00e0 leggermente diversa l\u2019una dall\u2019altra. Le foto sono illustrative, stai acquistando opere d\u2019arte individuali fatte per te.<\/strong><\/p>\n<p><strong>Storia OCARINA<\/strong><\/p>\n<p>L\u2019 ocarina \u00e8 uno degli strumenti musicali a fiato pi\u00f9 antichi della storia: alcuni esemplari cinesi risalirebbero a circa 12.000 anni fa. L\u2019ocarina \u00e8 stato strumento particolarmente importante per le culture mesoamericane almeno dal 2500 a.C. e sia Maya che Aztechi producevano svariate versioni di ocarine d\u2019argilla, spesso raffiguranti animali sacri e utilizzate in rituali o celebrazioni religiose.<\/p>\n<p>L\u2019ocarina \u00e8 un \u201cflauto globulare\u201d, essendo dotata di una camera di risonanza tonda e chiusa; per questa ragione \u00e8 necessario regolare l\u2019intonazione intervenendo sul numero e sulle dimensioni dei buchi e sul volume della camera di risonanza, operazioni spesso delicate che richiedono mani esperte e un orecchio attento.<\/p>\n<p>Il suono dell\u2019ocarina \u00e8 caratteristico e lo strumento non \u00e8 esente da difetti: \u00e8 difficile trovare l\u2019intonazione corretta intervenendo sul diametro dei fori e sull\u2019ampiezza della cavit\u00e0 di risonanza, ed garantisce una scarsa flessibilit\u00e0 nella modulazione dell\u2019intensit\u00e0 dei suoni prodotti.<\/p>\n<p>L&#8217;ocarina standard impiegata nella musica occidentale fu inventata in Italia, a Budrio, durante la met\u00e0 del XIX secolo da Giuseppe Donati[3][4]. La sua forma ovoidale allungata ricorda il profilo di un&#8217;oca privata della testa: il nome infatti deriva da ucareina, diminutivo di oca in dialetto bolognese.[5]\n<p>In base alle fonti a disposizione, pare che Donati abbia inventato l&#8217;ocarina nel 1853, all&#8217;et\u00e0 di 17 anni. Ma Donati non si limit\u00f2 a costruire ocarine di una sola taglia: l&#8217;idea nuova e vincente fu quella di costruire una famiglia di ocarine grandi e piccole intonate tra di loro. Nacque cos\u00ec il primo Gruppo ocarinistico budriese, formato da Donati stesso e da alcuni suoi amici. Questo primo gruppo ocarinistico cominci\u00f2 la sua attivit\u00e0 agli inizi degli anni sessanta del XIX secolo (era inizialmente denominato I Celebri Montanari degli Appennini[6], fatto singolare e ironico dato che Budrio \u00e8 in pianura). Dal 1869 al 1878 fu in tourn\u00e9e &#8211; con notevole successo &#8211; in Italia e in numerosi paesi europei, diffondendo l&#8217;interesse e la passione per questo strumento[2], tanto che in quel periodo alcuni budriesi aprirono dei laboratori di produzione a Milano, Parigi e Londra[4].<\/p>\n<p>Fra alti e bassi, nel XXV secolo le ocarine si diffusero ulteriormente: negli Stati Uniti furono persino utilizzate come passatempo per le truppe impegnate nella seconda guerra mondiale[7].<\/p>\n<p>Oggi le ocarine sono diffuse un po&#8217; in tutto il mondo: oltre all&#8217;Italia, l&#8217;ocarina \u00e8 entrata in uso in alcuni gruppi folcloristici austriaci, sud tirolesi e bavaresi[2], oltre che in altri paesi fra cui Corea, Giappone, Cina, Per\u00f9, Francia, Inghilterra, Ungheria e Stati Uniti.<\/p>\n<\/div>\n<div id=\"tab_disclaimer\" class=\"panel entry-content\" role=\"tabpanel\" aria-labelledby=\"tab-disclaimer\">\n<p><strong><span style=\"color: #d83131;\">LE FOTO IN DESCRIZIONE SONO PURAMENTE INDICATIVE<\/span><\/strong><\/p>\n<p><strong><span style=\"color: #d83131;\">PRODOTTI GARANTITI DA KARMARANDO<\/span><\/strong><br \/>\n<strong><span style=\"color: #d83131;\">Per i prodotti PIANTE, INCENSI E PRODOTTI IN POLVERE PREPARATI AL MOMENTO non protranno essere effettuati RESI o RIMBORSI<\/span><\/strong><\/p>\n<p>I <strong>termini usati<\/strong> nelle categorie ed i tag non vogliono suggerire l\u2019uso medicinale e ricreazionale dei prodotti, solo organizzarli in base al loro uso storico, scientifico e sociale.<\/p>\n<p><strong>Le ricette sono fornite a titolo scientifico<\/strong>: non vogliono incoraggiare i clienti a ripeterle, n\u00e9 tantomeno a consumarne i prodotti.<\/p>\n<p><strong>I nostri contenuti<\/strong> non sono stati valutati dalla FDA o da una qualunque figura medica professionale: le possibili applicazioni, indicazioni posologiche ed avvertenze sono descritte solo a scopo educativo, sono speculazioni personali e non costituiscono parere medico.<\/p>\n<p><strong>I prodotti vengono venduti<\/strong> come incensi, Saponi, Resine e materiale botanico da collezione e materiale scientifico da ricerca.<\/p>\n<p><span style=\"color: #ed1c24; font-size: 115%;\"><strong>Non sono destinati al consumo umano.<br \/>\nPer poter acquistare i nostri prodotti dovete avere pi\u00f9 di 18 anni e non sono adatti a donne in stato di gravidanza e\/o in fase di allattamento.<\/strong><\/span><\/p>\n<p>Per ottenere pi\u00f9 informazioni su <strong>KARMARANDO<\/strong> visita <a href=\"https:\/\/www.instagram.com\/karmarando1\/\" target=\"_blank\" rel=\"noopener\"><br \/>\n<span style=\"color: #0000ff;\"><strong>questa pagina<\/strong><\/span><\/a> o leggi le ultime notizie sul <a href=\"https:\/\/www.karmarando.com\/blog\/\" target=\"_blank\" rel=\"nofollow noopener\"><strong><span style=\"color: #0000ff;\">BLOG<\/span><\/strong><\/a><\/p>\n<\/div><\/div><\/div>\n","protected":false},"excerpt":{"rendered":"<p>Ocarina Astery Goccia D&#8217;oro<\/p>","protected":false},"featured_media":4168,"comment_status":"open","ping_status":"closed","template":"","meta":[],"product_brand":[468],"product_cat":[241,573,239,571],"product_tag":[657],"class_list":{"0":"post-4167","1":"product","2":"type-product","3":"status-publish","4":"has-post-thumbnail","6":"product_brand-karmarando","7":"product_cat-arte-artigianale-sciamanica","8":"product_cat-okarine","9":"product_cat-strumenti-e-gadget","10":"product_cat-strumenti-musicali","11":"product_tag-ocarina","12":"pa_brand-karmarando","13":"pa_ean-1253","14":"pa_materiale-terracotta","15":"pa_paese-di-fabbricazione-italia","17":"first","18":"instock","19":"shipping-taxable","20":"purchasable","21":"product-type-simple"},"_links":{"self":[{"href":"https:\/\/karmarando.com\/ru\/wp-json\/wp\/v2\/product\/4167","targetHints":{"allow":["GET"]}}],"collection":[{"href":"https:\/\/karmarando.com\/ru\/wp-json\/wp\/v2\/product"}],"about":[{"href":"https:\/\/karmarando.com\/ru\/wp-json\/wp\/v2\/types\/product"}],"replies":[{"embeddable":true,"href":"https:\/\/karmarando.com\/ru\/wp-json\/wp\/v2\/comments?post=4167"}],"wp:featuredmedia":[{"embeddable":true,"href":"https:\/\/karmarando.com\/ru\/wp-json\/wp\/v2\/media\/4168"}],"wp:attachment":[{"href":"https:\/\/karmarando.com\/ru\/wp-json\/wp\/v2\/media?parent=4167"}],"wp:term":[{"taxonomy":"product_brand","embeddable":true,"href":"https:\/\/karmarando.com\/ru\/wp-json\/wp\/v2\/product_brand?post=4167"},{"taxonomy":"product_cat","embeddable":true,"href":"https:\/\/karmarando.com\/ru\/wp-json\/wp\/v2\/product_cat?post=4167"},{"taxonomy":"product_tag","embeddable":true,"href":"https:\/\/karmarando.com\/ru\/wp-json\/wp\/v2\/product_tag?post=4167"}],"curies":[{"name":"wp","href":"https:\/\/api.w.org\/{rel}","templated":true}]}}