{"id":4130,"date":"2022-01-11T02:50:30","date_gmt":"2022-01-11T01:50:30","guid":{"rendered":"https:\/\/www.karmarando.com\/senza-categoria\/flauto-siyotanka-serpente-homemade-nativo-sciamanico-pentagonale-con-custodia\/"},"modified":"2025-12-04T13:53:14","modified_gmt":"2025-12-04T12:53:14","slug":"flauto-siyotanka-serpente","status":"publish","type":"product","link":"https:\/\/karmarando.com\/ru\/strumenti-e-gadget\/arte-artigianale-sciamanica\/strumenti-musicali\/flauti\/flauto-siyotanka-serpente\/","title":{"rendered":"\u0424\u043b\u0435\u0439\u0442\u0430 Siyotanka \u0417\u043c\u0435\u044f"},"content":{"rendered":"<div class=\"tabbed-content\">\n\t\t\t\n\t\t\t<ul class=\"nav nav-pills nav-uppercase nav-size-small nav-center\" role=\"tablist\"><li id=\"tab-descrizione\" class=\"tab active has-icon\" role=\"presentation\"><a href=\"#tab_descrizione\" role=\"tab\" aria-selected=\"true\" aria-controls=\"tab_descrizione\"><span>\u041e\u043f\u0438\u0441\u0430\u043d\u0438\u0435<\/span><\/a><\/li>\n<li id=\"tab-disclaimer\" class=\"tab has-icon\" role=\"presentation\"><a href=\"#tab_disclaimer\" tabindex=\"-1\" role=\"tab\" aria-selected=\"false\" aria-controls=\"tab_disclaimer\"><span>\u041f\u0418\u0421\u042c\u041c\u0415\u041d\u041d\u042b\u0419 \u041e\u0422\u041a\u0410\u0417 \u041e\u0422 \u041e\u0422\u0412\u0415\u0422\u0421\u0422\u0412\u0415\u041d\u041d\u041e\u0421\u0422\u0418<\/span><\/a><\/li><\/ul><div class=\"tab-panels\"><div id=\"tab_descrizione\" class=\"panel active entry-content\" role=\"tabpanel\" aria-labelledby=\"tab-descrizione\">\n<h3>Flauto Siyotanka Serpente Homemade Nativo Sciamanico Pentagonale Con Custodia<\/h3>\n<p>Flauto nativo americano Siyotanka &#8220;Serpente piumato&#8221; in bamb\u00f9.<br \/>\n<strong>\u0420\u0443\u0447\u043d\u0430\u044f \u0440\u0430\u0431\u043e\u0442\u0430 \u0414\u044d\u0432\u0438\u0434\u0430 \u043b\u0430\u0443\u0444\u0435\u0439\u0441\u043e\u043d\u0430 \u0438 \u041c\u0430\u0439\u043a\u043b\u0430 \u0421\u043a\u043e\u0440\u043f\u0438\u043e\u043d\u043e\u0432.<\/strong><br \/>\nQuesto Faluto Siyotanka \u00e8 fatto di bamb\u00f9<\/p>\n<p>Marchiato e disegnato e Decorato a Fuoco Alchemico con Serpente Sciamanico Sacro primordiale<br \/>\nMateriali di Alta qualit\u00e0 e Interamente fatto a mano, in\u00a0 bamboo.<\/p>\n<p>Pentagonale<br \/>\n<strong>G # m \/ GM #<\/strong><\/p>\n<p><strong>Poich\u00e9 \u00e8 fatto a mano, ogni Flauto sar\u00e0 leggermente diverso l\u2019uno dall\u2019altro<\/strong><br \/>\n<strong>Le foto sono illustrative, stai acquistando opere d\u2019arte individuali fatte per te.<\/strong><\/p>\n<p>I Flauti dei nativi americani sono molto intuitivi da suonare e creare melodie, senza la necessit\u00e0 di teoria musicale. Con la pratica e alcuni trucchi impariamo rapidamente. Ideale durante Rap\u00e9 e medicine sciamniche della selva foresta amazonia, ideale meditare e per essere accompagnati da un tamburo sciamanico.<br \/>\nIl flauto usato dagli Indiani d\u2019America \u00e8 considerato uno degli strumenti musicali pi\u00f9 antichi al mondo, inventato dopo i tamburi, i sonagli ed i fischietti. Realizzati artigianalmente nel corso dei secoli utilizzando i materiali pi\u00f9 disparati, dall\u2019osso, al bamboo all\u2019argilla, insieme a vari tipi di legno duro e morbido, alla fine gli Indiani d\u2019America predilessero il legno di cedro come migliore materiale per la fabbricazione dei flauti.<\/p>\n<p>Gli Indiani d\u2019America usavano i flauti per tutto, dall\u2019intrattenimento alla preghiera, alle pratiche di corteggiamento, forse questo l\u2019uso pi\u00f9 comune. Infatti, molti flauti sono chiamati Flauti dell\u2019Amore o Flauti da Corteggiamento, e gli Indiani d\u2019America hanno numerose storie che narrano dell\u2019uso del Flauto dell\u2019Amore nelle pratiche di corteggiamento.<\/p>\n<p><strong>Origini<\/strong><\/p>\n<p>Il pi\u00f9 primo flauto nativo americano ancora esistente fatto di legno fu raccolto dall&#8217;avventuriero italiano Giacomo Costantino Beltrami nel 1823 sulla sua ricerca del headwaters del Fiume del Mississippi. \u00c8 adesso nella raccolta di Museo Civico di Scienze Naturali in Bergamo, l&#8217;Italia.<br \/>\nCi sono molte narrazioni su come i diversi popoli indigeni delle Americhe abbiano inventato il flauto. In un racconto, i picchi beccavano dei buchi nei rami cavi mentre cercavano le termiti; Quando il vento soffiava lungo i fori, le persone vicine ascoltavano la loro musica. Un altro racconto della cultura Tucana descrive l&#8217;Uakti, una creatura con dei buchi nel corpo che emetteva un suono quando correva o il vento soffiava attraverso di essa.<\/p>\n<p><strong>Materiali<\/strong><\/p>\n<p>I flauti nativi americani sono stati fatti di ossa all&#8217;inizio, adesso sono fatti di vari materiali. Il ginepro, la Sequoia e il Cedro sono popolari, siccome provvedono un aroma piacevole. I boschi morbidi sono generalmente preferiti da la maggior parte giocatori di flauto, a causa dei toni pi\u00f9 morbidi prodotti dal bosco. Altri boschi pi\u00f9 difficili come noce e ciliegia sono apprezzati per il chiaro, il fresco, la ricchezza di suono che possono produrre. Il bamb\u00f9 e la canna fluviale possono contenere toni morbidi o chiari, freschi secondo dimensioni e specie, come questo che state acquistando.<\/p>\n<p><strong>Musica<\/strong><\/p>\n<p>I flauti nativi americani moderni sono generalmente accordati a una variazione della scala pentatonica minore, che d\u00e0 allo strumento il suo suono lamentoso tutto particolare. Recentemente alcuni produttori hanno cominciato a fare esperimenti con scale diverse, dando ai giocatori nuove opzioni melodiche. Anche, i flauti moderni sono generalmente accordati in chiavi di concerto (come A o D) in modo che possano esser facilmente giocati con altri strumenti. Le chiavi di radice di flauti nativi americani moderni attraversano una gamma di circa tre ottave e mezza, da C ad A.<br \/>\nI flauti nativi americani tipicamente hanno o cinque o sei buchi, ma uno strumento pu\u00f2 avere lo zero a sette, compreso un buco di pollice. I vari produttori impiegano scale diverse e fingerings per i loro flauti.Un suono tutto particolare di alcuni flauti nativi americani, i flauti particolarmente tradizionali, \u00e8 chiamato il trillo (o trillando). Il trillo suona come se il flauto vacilli avanti e indietro tra note diverse.<\/p>\n<p>Per ulteriori informazioni, non esitate a contattarci<\/p>\n<\/div>\n<div id=\"tab_disclaimer\" class=\"panel entry-content\" role=\"tabpanel\" aria-labelledby=\"tab-disclaimer\">\n<p><strong><span style=\"color: #d83131;\">\u0424\u041e\u0422\u041e\u0413\u0420\u0410\u0424\u0418\u0418 \u0412 \u041e\u041f\u0418\u0421\u0410\u041d\u0418\u0418 \u042f\u0412\u041b\u042f\u042e\u0422\u0421\u042f \u0427\u0418\u0421\u0422\u041e \u041e\u0420\u0418\u0415\u041d\u0422\u0418\u0420\u041e\u0412\u041e\u0427\u041d\u042b\u041c\u0418<\/span><\/strong><\/p>\n<p><strong><span style=\"color: #d83131;\">\u041f\u0420\u041e\u0414\u0423\u041a\u0422\u042b, \u0413\u0410\u0420\u0410\u041d\u0422\u0418\u0420\u041e\u0412\u0410\u041d\u041d\u042b\u0415 KARMARANDO<\/span><\/strong><br \/>\n<strong><span style=\"color: #d83131;\">\u0414\u043b\u044f \u043f\u0440\u043e\u0434\u0443\u043a\u0442\u043e\u0432 \u0440\u0430\u0441\u0442\u0435\u043d\u0438\u0439, \u0431\u043b\u0430\u0433\u043e\u0432\u043e\u043d\u0438\u0439 \u0438 \u043f\u043e\u0440\u043e\u0448\u043a\u043e\u043e\u0431\u0440\u0430\u0437\u043d\u044b\u0445 \u043f\u0440\u043e\u0434\u0443\u043a\u0442\u043e\u0432, \u043f\u0440\u0438\u0433\u043e\u0442\u043e\u0432\u043b\u0435\u043d\u043d\u044b\u0445 \u0432 \u043d\u0430\u0441\u0442\u043e\u044f\u0449\u0435\u0435 \u0432\u0440\u0435\u043c\u044f, \u0432\u043e\u0437\u0432\u0440\u0430\u0442 \u0438\u043b\u0438 \u0432\u043e\u0437\u043c\u0435\u0449\u0435\u043d\u0438\u0435 \u043d\u0435 \u043f\u043e\u0434\u043b\u0435\u0436\u0430\u0442<\/span><\/strong><\/p>\n<p>I <strong>\u0438\u0441\u043f\u043e\u043b\u044c\u0437\u0443\u0435\u043c\u044b\u0435 \u0442\u0435\u0440\u043c\u0438\u043d\u044b<\/strong> \u0432 \u043a\u0430\u0442\u0435\u0433\u043e\u0440\u0438\u044f\u0445 \u0438 \u0442\u0435\u0433\u0430\u0445 \u043e\u043d\u0438 \u043d\u0435 \u0445\u043e\u0442\u044f\u0442 \u043f\u0440\u0435\u0434\u043b\u0430\u0433\u0430\u0442\u044c \u043b\u0435\u043a\u0430\u0440\u0441\u0442\u0432\u0435\u043d\u043d\u043e\u0435 \u0438 \u0440\u0435\u043a\u0440\u0435\u0430\u0446\u0438\u043e\u043d\u043d\u043e\u0435 \u0438\u0441\u043f\u043e\u043b\u044c\u0437\u043e\u0432\u0430\u043d\u0438\u0435 \u043f\u0440\u043e\u0434\u0443\u043a\u0442\u043e\u0432, \u043e\u043d\u0438 \u043f\u0440\u043e\u0441\u0442\u043e \u043e\u0440\u0433\u0430\u043d\u0438\u0437\u0443\u044e\u0442 \u0438\u0445 \u0432 \u0441\u043e\u043e\u0442\u0432\u0435\u0442\u0441\u0442\u0432\u0438\u0438 \u0441 \u0438\u0445 \u0438\u0441\u0442\u043e\u0440\u0438\u0447\u0435\u0441\u043a\u0438\u043c, \u043d\u0430\u0443\u0447\u043d\u044b\u043c \u0438 \u0441\u043e\u0446\u0438\u0430\u043b\u044c\u043d\u044b\u043c \u0438\u0441\u043f\u043e\u043b\u044c\u0437\u043e\u0432\u0430\u043d\u0438\u0435\u043c.<\/p>\n<p><strong>\u0420\u0435\u0446\u0435\u043f\u0442\u044b \u043f\u0440\u0435\u0434\u043e\u0441\u0442\u0430\u0432\u043b\u044f\u044e\u0442\u0441\u044f \u0441 \u043d\u0430\u0443\u0447\u043d\u043e\u0439 \u0442\u043e\u0447\u043a\u0438 \u0437\u0440\u0435\u043d\u0438\u044f<\/strong>: \u043e\u043d\u0438 \u043d\u0435 \u0445\u043e\u0442\u044f\u0442 \u043f\u043e\u043e\u0449\u0440\u044f\u0442\u044c \u043a\u043b\u0438\u0435\u043d\u0442\u043e\u0432 \u043f\u043e\u0432\u0442\u043e\u0440\u044f\u0442\u044c \u0438\u0445 \u0438\u043b\u0438, \u0442\u0435\u043c \u0431\u043e\u043b\u0435\u0435, \u043f\u043e\u0442\u0440\u0435\u0431\u043b\u044f\u0442\u044c \u0438\u0445 \u043f\u0440\u043e\u0434\u0443\u043a\u0442\u044b.<\/p>\n<p><strong>\u041d\u0430\u0448 \u043a\u043e\u043d\u0442\u0435\u043d\u0442<\/strong> \u043e\u043d\u0438 \u043d\u0435 \u0431\u044b\u043b\u0438 \u043e\u0446\u0435\u043d\u0435\u043d\u044b FDA \u0438\u043b\u0438 \u043a\u0430\u043a\u043e\u0439-\u043b\u0438\u0431\u043e \u043f\u0440\u043e\u0444\u0435\u0441\u0441\u0438\u043e\u043d\u0430\u043b\u044c\u043d\u043e\u0439 \u043c\u0435\u0434\u0438\u0446\u0438\u043d\u0441\u043a\u043e\u0439 \u0444\u0438\u0433\u0443\u0440\u043e\u0439: \u0432\u043e\u0437\u043c\u043e\u0436\u043d\u044b\u0435 \u043f\u0440\u0438\u043c\u0435\u043d\u0435\u043d\u0438\u044f, \u043f\u043e\u043a\u0430\u0437\u0430\u043d\u0438\u044f \u043a \u0434\u043e\u0437\u0438\u0440\u043e\u0432\u043a\u0435 \u0438 \u043f\u0440\u0435\u0434\u0443\u043f\u0440\u0435\u0436\u0434\u0435\u043d\u0438\u044f \u043e\u043f\u0438\u0441\u0430\u043d\u044b \u0442\u043e\u043b\u044c\u043a\u043e \u0432 \u043e\u0431\u0440\u0430\u0437\u043e\u0432\u0430\u0442\u0435\u043b\u044c\u043d\u044b\u0445 \u0446\u0435\u043b\u044f\u0445, \u044f\u0432\u043b\u044f\u044e\u0442\u0441\u044f \u043b\u0438\u0447\u043d\u044b\u043c\u0438 \u043f\u0440\u0435\u0434\u043f\u043e\u043b\u043e\u0436\u0435\u043d\u0438\u044f\u043c\u0438 \u0438 \u043d\u0435 \u044f\u0432\u043b\u044f\u044e\u0442\u0441\u044f \u043c\u0435\u0434\u0438\u0446\u0438\u043d\u0441\u043a\u0438\u043c \u0437\u0430\u043a\u043b\u044e\u0447\u0435\u043d\u0438\u0435\u043c.<\/p>\n<p><strong>\u041f\u0440\u043e\u0434\u0443\u043a\u0442\u044b \u043f\u0440\u043e\u0434\u0430\u044e\u0442\u0441\u044f<\/strong> \u0442\u0430\u043a\u0438\u0435 \u043a\u0430\u043a \u0431\u043b\u0430\u0433\u043e\u0432\u043e\u043d\u0438\u044f, \u043c\u044b\u043b\u043e, \u0441\u043c\u043e\u043b\u044b \u0438 \u043a\u043e\u043b\u043b\u0435\u043a\u0446\u0438\u043e\u043d\u043d\u044b\u0435 \u0431\u043e\u0442\u0430\u043d\u0438\u0447\u0435\u0441\u043a\u0438\u0435 \u043c\u0430\u0442\u0435\u0440\u0438\u0430\u043b\u044b \u0438 \u043d\u0430\u0443\u0447\u043d\u044b\u0435 \u0438\u0441\u0441\u043b\u0435\u0434\u043e\u0432\u0430\u0442\u0435\u043b\u044c\u0441\u043a\u0438\u0435 \u043c\u0430\u0442\u0435\u0440\u0438\u0430\u043b\u044b.<\/p>\n<p><span style=\"color: #ed1c24; font-size: 115%;\"><strong>\u041e\u043d\u0438 \u043d\u0435 \u043f\u0440\u0435\u0434\u043d\u0430\u0437\u043d\u0430\u0447\u0435\u043d\u044b \u0434\u043b\u044f \u043f\u043e\u0442\u0440\u0435\u0431\u043b\u0435\u043d\u0438\u044f \u0447\u0435\u043b\u043e\u0432\u0435\u043a\u043e\u043c.<br \/>\n\u0414\u043b\u044f \u0442\u043e\u0433\u043e, \u0447\u0442\u043e\u0431\u044b \u043a\u0443\u043f\u0438\u0442\u044c \u043d\u0430\u0448\u0438 \u043f\u0440\u043e\u0434\u0443\u043a\u0442\u044b, \u0432\u044b \u0434\u043e\u043b\u0436\u043d\u044b \u0431\u044b\u0442\u044c \u0441\u0442\u0430\u0440\u0448\u0435 18 \u043b\u0435\u0442 \u0438 \u043d\u0435 \u043f\u043e\u0434\u0445\u043e\u0434\u044f\u0442 \u0434\u043b\u044f \u0431\u0435\u0440\u0435\u043c\u0435\u043d\u043d\u044b\u0445 \u0438\/\u0438\u043b\u0438 \u043a\u043e\u0440\u043c\u044f\u0449\u0438\u0445 \u0436\u0435\u043d\u0449\u0438\u043d.<\/strong><\/span><\/p>\n<p>\u0427\u0442\u043e\u0431\u044b \u043f\u043e\u043b\u0443\u0447\u0438\u0442\u044c \u0431\u043e\u043b\u044c\u0448\u0435 \u0438\u043d\u0444\u043e\u0440\u043c\u0430\u0446\u0438\u0438 \u043e <strong>\u041a\u0410\u0420\u041c\u0410\u0420\u0410\u041d\u0414\u041e<\/strong> \u043f\u043e\u0441\u0435\u0449\u0435\u043d\u0438\u0435 <a href=\"https:\/\/www.instagram.com\/karmarando1\/\" target=\"_blank\" rel=\"noopener\"><br \/>\n<span style=\"color: #0000ff;\"><strong>\u044d\u0442\u0430 \u0441\u0442\u0440\u0430\u043d\u0438\u0446\u0430<\/strong><\/span><\/a> \u0438\u043b\u0438 \u0427\u0438\u0442\u0430\u0439\u0442\u0435 \u043f\u043e\u0441\u043b\u0435\u0434\u043d\u0438\u0435 \u043d\u043e\u0432\u043e\u0441\u0442\u0438 \u043e <a href=\"https:\/\/karmarando.com\/ru\/blog\/\" target=\"_blank\" rel=\"nofollow noopener\"><strong><span style=\"color: #0000ff;\">\u0411\u043b\u043e\u0433<\/span><\/strong><\/a><\/p>\n<\/div><\/div><\/div>","protected":false},"excerpt":{"rendered":"<p>\u0424\u043b\u0435\u0439\u0442\u0430 Siyotanka \u0417\u043c\u0435\u044f<\/p>","protected":false},"featured_media":4131,"comment_status":"open","ping_status":"closed","template":"","meta":[],"product_brand":[468],"product_cat":[241,572,239,571],"product_tag":[595],"class_list":{"0":"post-4130","1":"product","2":"type-product","3":"status-publish","4":"has-post-thumbnail","6":"product_brand-karmarando","7":"product_cat-arte-artigianale-sciamanica","8":"product_cat-flauti","9":"product_cat-strumenti-e-gadget","10":"product_cat-strumenti-musicali","11":"product_tag-flauto-siyotanka-serpente","12":"pa_brand-karmarando","13":"pa_ean-1257","14":"pa_materiale-bamboo","15":"pa_paese-di-fabbricazione-italia","17":"first","18":"instock","19":"shipping-taxable","20":"purchasable","21":"product-type-simple"},"_links":{"self":[{"href":"https:\/\/karmarando.com\/ru\/wp-json\/wp\/v2\/product\/4130","targetHints":{"allow":["GET"]}}],"collection":[{"href":"https:\/\/karmarando.com\/ru\/wp-json\/wp\/v2\/product"}],"about":[{"href":"https:\/\/karmarando.com\/ru\/wp-json\/wp\/v2\/types\/product"}],"replies":[{"embeddable":true,"href":"https:\/\/karmarando.com\/ru\/wp-json\/wp\/v2\/comments?post=4130"}],"wp:featuredmedia":[{"embeddable":true,"href":"https:\/\/karmarando.com\/ru\/wp-json\/wp\/v2\/media\/4131"}],"wp:attachment":[{"href":"https:\/\/karmarando.com\/ru\/wp-json\/wp\/v2\/media?parent=4130"}],"wp:term":[{"taxonomy":"product_brand","embeddable":true,"href":"https:\/\/karmarando.com\/ru\/wp-json\/wp\/v2\/product_brand?post=4130"},{"taxonomy":"product_cat","embeddable":true,"href":"https:\/\/karmarando.com\/ru\/wp-json\/wp\/v2\/product_cat?post=4130"},{"taxonomy":"product_tag","embeddable":true,"href":"https:\/\/karmarando.com\/ru\/wp-json\/wp\/v2\/product_tag?post=4130"}],"curies":[{"name":"wp","href":"https:\/\/api.w.org\/{rel}","templated":true}]}}