{"id":3553,"date":"2021-03-06T05:02:44","date_gmt":"2021-03-06T04:02:44","guid":{"rendered":"https:\/\/www.karmarando.com\/prodotto\/10gr-ambila-forte-organica-naturale-mapacho-mambe-con-sale-del-monte-in-pasta\/"},"modified":"2025-12-07T14:04:14","modified_gmt":"2025-12-07T13:04:14","slug":"ambil-mapacho-ambila","status":"publish","type":"product","link":"https:\/\/karmarando.com\/ru\/piante-di-potere\/ambil-e-mambe\/ambil-mapacho-ambila\/","title":{"rendered":"Ambila Forte Organic Ambil Mapacho \u0441 \u0441\u043e\u043b\u044c\u044e \u0433\u043e\u0440\u044b-\u0432 \u043f\u0430\u0441\u0442\u0435"},"content":{"rendered":"<div class=\"tabbed-content\">\n\t\t\t\n\t\t\t<ul class=\"nav nav-pills nav-uppercase nav-size-small nav-center\" role=\"tablist\"><li id=\"tab-descrizione\" class=\"tab active has-icon\" role=\"presentation\"><a href=\"#tab_descrizione\" role=\"tab\" aria-selected=\"true\" aria-controls=\"tab_descrizione\"><span>\u041e\u043f\u0438\u0441\u0430\u043d\u0438\u0435<\/span><\/a><\/li>\n<li id=\"tab-propriet\u00e0\" class=\"tab has-icon\" role=\"presentation\"><a href=\"#tab_propriet\u00e0\" tabindex=\"-1\" role=\"tab\" aria-selected=\"false\" aria-controls=\"tab_propriet\u00e0\"><span>\u0421\u0432\u043e\u0439\u0441\u0442\u0432\u043e<\/span><\/a><\/li>\n<li id=\"tab-come-si-f\u00e0?\" class=\"tab has-icon\" role=\"presentation\"><a href=\"#tab_come-si-f\u00e0?\" tabindex=\"-1\" role=\"tab\" aria-selected=\"false\" aria-controls=\"tab_come-si-f\u00e0?\"><span>\u041a\u0430\u043a \u044d\u0442\u043e \u0434\u0435\u043b\u0430\u0435\u0442\u0441\u044f?<\/span><\/a><\/li>\n<li id=\"tab-disclaimer\" class=\"tab has-icon\" role=\"presentation\"><a href=\"#tab_disclaimer\" tabindex=\"-1\" role=\"tab\" aria-selected=\"false\" aria-controls=\"tab_disclaimer\"><span>\u041f\u0418\u0421\u042c\u041c\u0415\u041d\u041d\u042b\u0419 \u041e\u0422\u041a\u0410\u0417 \u041e\u0422 \u041e\u0422\u0412\u0415\u0422\u0421\u0422\u0412\u0415\u041d\u041d\u041e\u0421\u0422\u0418<\/span><\/a><\/li><\/ul><div class=\"tab-panels\"><div id=\"tab_descrizione\" class=\"panel active entry-content\" role=\"tabpanel\" aria-labelledby=\"tab-descrizione\">\n<h3>Ambila Forte &#8211; Ambil Organica Naturale &#8211; Mapacho con Sale del Monte (Ricetta originale) &#8211; in Pasta<\/h3>\n<p>&gt;Ambil o Ambila<\/p>\n<p>Ambil Forte Ambila Organica Naturale di Mapacho con sali vegetali del monte<\/p>\n<p>L&#8217;ambil ancora oggi viene usata dai popoli dell&#8217;Amazzonia per scopi sacri, per scambiare parole e prendere decisioni di vitale importanza per la comunit\u00e0, non \u00e8 tanto un modello per il processo decisionale, ma un&#8217;etica per il processo decisionale.<\/p>\n<p><strong>Ambil, mapacho Ricetta originale<\/strong><br \/>\nNelle varie culture , offrire ambila \u00e8 un segno di amicizia, rifiutandolo come un segno di ostilit\u00e0. \u00c8 considerata una sostanza sacra che d\u00e0 vita, protezione, socializza e fornisce discernimento morale.<br \/>\nL&#8217;ambil o Ambila in italiano fornisce pensieri \/ emozioni, &#8220;assensi&#8221; f\u00e1 emergere l&#8217;inconscio fissandolo e integrandolo con il nostro conscio.\u00c8 indispensabile prima del rap\u00e8 come parte integrante dello stesso, per avere un processo pi\u00f9 potente, pi\u00f9 rilassato, e pi\u00f9 proficuo.Le parole strumentali che sentiamo ci consente di esprimerle e farle nostre. Inoltre, l&#8217;ambila risveglia la persona, portandola a uno stato di piena e vigile consapevolezza e sensibilizza il corpo in modo tale da riconoscere la presenza del male minaccioso mediante formicolio di sensazioni alla schiena e la pelle, o attraverso le dita dei piedi.<\/p>\n<p>Lo spirito magico \u00e8 il respiro e la parola fiduciosa che possiede ogni umano, dimostrando il suo valore alla comunit\u00e0. La parola nella lingua uitoto, ambila \u00e8 yera, che significa &#8220;comportamento&#8221; e il suffisso -ra &#8220;sostanza&#8221;, quindi per loro l&#8217;ambila significa &#8220;sostanza di comportamento&#8221;. Il concetto di Yet\u00e1rafue ( ye- &#8216;comportamento&#8217;; -ta- &#8216;make&#8217;; -rafue &#8216;parola&#8217;) Significa &#8220;Parola per comportarsi&#8221; (o &#8220;Parola di disciplina&#8221;) ed \u00e8 la base per prendersi cura della famiglia. E dato il rigore e la disciplina necessari per la preparazione di Ambila e possedere e usare Ambila \u00e8 anche un segno dell&#8217;et\u00e0 adulta di n abitante dell&#8217;amazzonia.<br \/>\n<\/div>\n<div id=\"tab_propriet\u00e0\" class=\"panel entry-content\" role=\"tabpanel\" aria-labelledby=\"tab-propriet\u00e0\">\n<h3><strong>Ambil<\/strong><\/h3>\n<p><strong>RIMEDIO:<\/strong><\/p>\n<p>-Per radicarsi a terra<br \/>\n-Per centratura<br \/>\n-Silenziare i pensieri Negativi<br \/>\n-Per smettere con il vizio del Fumo\/Tabagismo<br \/>\n-Ottimo prima del Rap\u00e9 (Guarda nel nostro negozio! troverai tante variet\u00e0! Con qualit\u00e0 prezzo!)<br \/>\n-Ottima assieme al Mamb\u00e8 (Disponibile nel Nostro negozio a un prezzo speciale!)<\/p>\n<p><strong>Dosi e Modalit\u00e0<\/strong><br \/>\nmettere incollato nei denti davanti (quelli sotto) una pallina grande come un pisello o pi\u00f9 grande<\/p>\n<p>Lasciare assorbire naturalmente con la saliva, mandando giu ogni tanto con occhi chiusi e presenza mentre si effettuano respiri profondi<\/p>\n<p>IL respiro migliore da fare \u00e8 x4 (prendi fiato in 4 secondi, trattieni per 4 secondi, lascia il fiato in 4 secondi e trattieni per 4 secondi, e riprendi di nuovo il respiro per 4 secondi e cosi via.<br \/>\n<\/div>\n<div id=\"tab_come-si-f\u00e0?\" class=\"panel entry-content\" role=\"tabpanel\" aria-labelledby=\"tab-come-si-f\u00e0?\">\n<strong>Ambila e Mamb\u00e8 sono ottimi da fare assieme<\/strong> sono una medicina per il corpo, che aiuta a espellere muco e parassiti dai seni frontali e paranasali. Elimina mal di testa, naso chiuso, e vertigini, poich\u00e9 decomprime la pressione del cranio. \u00c8 anche un&#8217;eccellente guaritivo influenzale, e antibiotico naturale e cicatrizzante delle ferite, in particolare a quelle che contengono salvia e lavanda.Inoltre sincronizza, allinea, l&#8217;attenzione e amplifica la percezione, aprendo canali astrali, crando transizione nel rituale. \u00c8 anche una medicina per la visione dello spirito, che ci aiuta a liberare la mente e a fermare il dialogo interiore, ad essere veramente presenti per poter vedere oltre le nostre interpretazioni.<\/p>\n<p>Questa pianta viene anche utilizzata come strumento per promuovere conversazioni produttive tra i membri della comunit\u00e0 e per prendere decisioni che influiscono sul benessere degli altri.<br \/>\nQueste tradizioni che ci collegano gli uni agli altri e alla terra sono ci\u00f2 che gli abuelos, i taitas, i curanderos e gli sciamani della Colombia e del Sud America considerano piante maestre, insieme all&#8217;Ayahuasca (Yag\u00e9). Se usate intenzionalmente, queste piante ci connettono con il regno spirituale, aprono uno spazio per l&#8217;autoriflessione nelle nostre vite e guariscono.<\/p>\n<\/div>\n<div id=\"tab_disclaimer\" class=\"panel entry-content\" role=\"tabpanel\" aria-labelledby=\"tab-disclaimer\">\n<p><strong><span style=\"color: #d83131;\">\u0424\u041e\u0422\u041e\u0413\u0420\u0410\u0424\u0418\u0418 \u0412 \u041e\u041f\u0418\u0421\u0410\u041d\u0418\u0418 \u042f\u0412\u041b\u042f\u042e\u0422\u0421\u042f \u0427\u0418\u0421\u0422\u041e \u041e\u0420\u0418\u0415\u041d\u0422\u0418\u0420\u041e\u0412\u041e\u0427\u041d\u042b\u041c\u0418<\/span><\/strong><\/p>\n<p><strong><span style=\"color: #d83131;\">\u041f\u0420\u041e\u0414\u0423\u041a\u0422\u042b, \u0413\u0410\u0420\u0410\u041d\u0422\u0418\u0420\u041e\u0412\u0410\u041d\u041d\u042b\u0415 KARMARANDO<\/span><\/strong><br \/>\n<strong><span style=\"color: #d83131;\">\u0414\u043b\u044f \u043f\u0440\u043e\u0434\u0443\u043a\u0442\u043e\u0432 \u0440\u0430\u0441\u0442\u0435\u043d\u0438\u0439, \u0431\u043b\u0430\u0433\u043e\u0432\u043e\u043d\u0438\u0439 \u0438 \u043f\u043e\u0440\u043e\u0448\u043a\u043e\u043e\u0431\u0440\u0430\u0437\u043d\u044b\u0445 \u043f\u0440\u043e\u0434\u0443\u043a\u0442\u043e\u0432, \u043f\u0440\u0438\u0433\u043e\u0442\u043e\u0432\u043b\u0435\u043d\u043d\u044b\u0445 \u0432 \u043d\u0430\u0441\u0442\u043e\u044f\u0449\u0435\u0435 \u0432\u0440\u0435\u043c\u044f, \u0432\u043e\u0437\u0432\u0440\u0430\u0442 \u0438\u043b\u0438 \u0432\u043e\u0437\u043c\u0435\u0449\u0435\u043d\u0438\u0435 \u043d\u0435 \u043f\u043e\u0434\u043b\u0435\u0436\u0430\u0442<\/span><\/strong><\/p>\n<p>I <strong>\u0438\u0441\u043f\u043e\u043b\u044c\u0437\u0443\u0435\u043c\u044b\u0435 \u0442\u0435\u0440\u043c\u0438\u043d\u044b<\/strong> \u0432 \u043a\u0430\u0442\u0435\u0433\u043e\u0440\u0438\u044f\u0445 \u0438 \u0442\u0435\u0433\u0430\u0445 \u043e\u043d\u0438 \u043d\u0435 \u0445\u043e\u0442\u044f\u0442 \u043f\u0440\u0435\u0434\u043b\u0430\u0433\u0430\u0442\u044c \u043b\u0435\u043a\u0430\u0440\u0441\u0442\u0432\u0435\u043d\u043d\u043e\u0435 \u0438 \u0440\u0435\u043a\u0440\u0435\u0430\u0446\u0438\u043e\u043d\u043d\u043e\u0435 \u0438\u0441\u043f\u043e\u043b\u044c\u0437\u043e\u0432\u0430\u043d\u0438\u0435 \u043f\u0440\u043e\u0434\u0443\u043a\u0442\u043e\u0432, \u043e\u043d\u0438 \u043f\u0440\u043e\u0441\u0442\u043e \u043e\u0440\u0433\u0430\u043d\u0438\u0437\u0443\u044e\u0442 \u0438\u0445 \u0432 \u0441\u043e\u043e\u0442\u0432\u0435\u0442\u0441\u0442\u0432\u0438\u0438 \u0441 \u0438\u0445 \u0438\u0441\u0442\u043e\u0440\u0438\u0447\u0435\u0441\u043a\u0438\u043c, \u043d\u0430\u0443\u0447\u043d\u044b\u043c \u0438 \u0441\u043e\u0446\u0438\u0430\u043b\u044c\u043d\u044b\u043c \u0438\u0441\u043f\u043e\u043b\u044c\u0437\u043e\u0432\u0430\u043d\u0438\u0435\u043c.<\/p>\n<p><strong>\u0420\u0435\u0446\u0435\u043f\u0442\u044b \u043f\u0440\u0435\u0434\u043e\u0441\u0442\u0430\u0432\u043b\u044f\u044e\u0442\u0441\u044f \u0441 \u043d\u0430\u0443\u0447\u043d\u043e\u0439 \u0442\u043e\u0447\u043a\u0438 \u0437\u0440\u0435\u043d\u0438\u044f<\/strong>: \u043e\u043d\u0438 \u043d\u0435 \u0445\u043e\u0442\u044f\u0442 \u043f\u043e\u043e\u0449\u0440\u044f\u0442\u044c \u043a\u043b\u0438\u0435\u043d\u0442\u043e\u0432 \u043f\u043e\u0432\u0442\u043e\u0440\u044f\u0442\u044c \u0438\u0445 \u0438\u043b\u0438, \u0442\u0435\u043c \u0431\u043e\u043b\u0435\u0435, \u043f\u043e\u0442\u0440\u0435\u0431\u043b\u044f\u0442\u044c \u0438\u0445 \u043f\u0440\u043e\u0434\u0443\u043a\u0442\u044b.<\/p>\n<p><strong>\u041d\u0430\u0448 \u043a\u043e\u043d\u0442\u0435\u043d\u0442<\/strong> \u043e\u043d\u0438 \u043d\u0435 \u0431\u044b\u043b\u0438 \u043e\u0446\u0435\u043d\u0435\u043d\u044b FDA \u0438\u043b\u0438 \u043a\u0430\u043a\u043e\u0439-\u043b\u0438\u0431\u043e \u043f\u0440\u043e\u0444\u0435\u0441\u0441\u0438\u043e\u043d\u0430\u043b\u044c\u043d\u043e\u0439 \u043c\u0435\u0434\u0438\u0446\u0438\u043d\u0441\u043a\u043e\u0439 \u0444\u0438\u0433\u0443\u0440\u043e\u0439: \u0432\u043e\u0437\u043c\u043e\u0436\u043d\u044b\u0435 \u043f\u0440\u0438\u043c\u0435\u043d\u0435\u043d\u0438\u044f, \u043f\u043e\u043a\u0430\u0437\u0430\u043d\u0438\u044f \u043a \u0434\u043e\u0437\u0438\u0440\u043e\u0432\u043a\u0435 \u0438 \u043f\u0440\u0435\u0434\u0443\u043f\u0440\u0435\u0436\u0434\u0435\u043d\u0438\u044f \u043e\u043f\u0438\u0441\u0430\u043d\u044b \u0442\u043e\u043b\u044c\u043a\u043e \u0432 \u043e\u0431\u0440\u0430\u0437\u043e\u0432\u0430\u0442\u0435\u043b\u044c\u043d\u044b\u0445 \u0446\u0435\u043b\u044f\u0445, \u044f\u0432\u043b\u044f\u044e\u0442\u0441\u044f \u043b\u0438\u0447\u043d\u044b\u043c\u0438 \u043f\u0440\u0435\u0434\u043f\u043e\u043b\u043e\u0436\u0435\u043d\u0438\u044f\u043c\u0438 \u0438 \u043d\u0435 \u044f\u0432\u043b\u044f\u044e\u0442\u0441\u044f \u043c\u0435\u0434\u0438\u0446\u0438\u043d\u0441\u043a\u0438\u043c \u0437\u0430\u043a\u043b\u044e\u0447\u0435\u043d\u0438\u0435\u043c.<\/p>\n<p><strong>\u041f\u0440\u043e\u0434\u0443\u043a\u0442\u044b \u043f\u0440\u043e\u0434\u0430\u044e\u0442\u0441\u044f<\/strong> \u0442\u0430\u043a\u0438\u0435 \u043a\u0430\u043a \u0431\u043b\u0430\u0433\u043e\u0432\u043e\u043d\u0438\u044f, \u043c\u044b\u043b\u043e, \u0441\u043c\u043e\u043b\u044b \u0438 \u043a\u043e\u043b\u043b\u0435\u043a\u0446\u0438\u043e\u043d\u043d\u044b\u0435 \u0431\u043e\u0442\u0430\u043d\u0438\u0447\u0435\u0441\u043a\u0438\u0435 \u043c\u0430\u0442\u0435\u0440\u0438\u0430\u043b\u044b \u0438 \u043d\u0430\u0443\u0447\u043d\u044b\u0435 \u0438\u0441\u0441\u043b\u0435\u0434\u043e\u0432\u0430\u0442\u0435\u043b\u044c\u0441\u043a\u0438\u0435 \u043c\u0430\u0442\u0435\u0440\u0438\u0430\u043b\u044b.<\/p>\n<p><span style=\"color: #ed1c24; font-size: 115%;\"><strong>\u041e\u043d\u0438 \u043d\u0435 \u043f\u0440\u0435\u0434\u043d\u0430\u0437\u043d\u0430\u0447\u0435\u043d\u044b \u0434\u043b\u044f \u043f\u043e\u0442\u0440\u0435\u0431\u043b\u0435\u043d\u0438\u044f \u0447\u0435\u043b\u043e\u0432\u0435\u043a\u043e\u043c.<br \/>\n\u0414\u043b\u044f \u0442\u043e\u0433\u043e, \u0447\u0442\u043e\u0431\u044b \u043a\u0443\u043f\u0438\u0442\u044c \u043d\u0430\u0448\u0438 \u043f\u0440\u043e\u0434\u0443\u043a\u0442\u044b, \u0432\u044b \u0434\u043e\u043b\u0436\u043d\u044b \u0431\u044b\u0442\u044c \u0441\u0442\u0430\u0440\u0448\u0435 18 \u043b\u0435\u0442 \u0438 \u043d\u0435 \u043f\u043e\u0434\u0445\u043e\u0434\u044f\u0442 \u0434\u043b\u044f \u0431\u0435\u0440\u0435\u043c\u0435\u043d\u043d\u044b\u0445 \u0438\/\u0438\u043b\u0438 \u043a\u043e\u0440\u043c\u044f\u0449\u0438\u0445 \u0436\u0435\u043d\u0449\u0438\u043d.<\/strong><\/span><\/p>\n<p>\u0427\u0442\u043e\u0431\u044b \u043f\u043e\u043b\u0443\u0447\u0438\u0442\u044c \u0431\u043e\u043b\u044c\u0448\u0435 \u0438\u043d\u0444\u043e\u0440\u043c\u0430\u0446\u0438\u0438 \u043e <strong>\u041a\u0410\u0420\u041c\u0410\u0420\u0410\u041d\u0414\u041e<\/strong> \u043f\u043e\u0441\u0435\u0449\u0435\u043d\u0438\u0435 <a href=\"https:\/\/www.instagram.com\/karmarando1\/\" target=\"_blank\" rel=\"noopener\"><br \/>\n<span style=\"color: #0000ff;\"><strong>\u044d\u0442\u0430 \u0441\u0442\u0440\u0430\u043d\u0438\u0446\u0430<\/strong><\/span><\/a> \u0438\u043b\u0438 \u0427\u0438\u0442\u0430\u0439\u0442\u0435 \u043f\u043e\u0441\u043b\u0435\u0434\u043d\u0438\u0435 \u043d\u043e\u0432\u043e\u0441\u0442\u0438 \u043e <a href=\"https:\/\/karmarando.com\/ru\/blog\/\" target=\"_blank\" rel=\"nofollow noopener\"><strong><span style=\"color: #0000ff;\">\u0411\u043b\u043e\u0433<\/span><\/strong><\/a><\/p>\n<\/div><\/div><\/div>","protected":false},"excerpt":{"rendered":"<p>Ambila Forte Organic Ambil Mapacho \u0441 \u0441\u043e\u043b\u044c\u044e \u0433\u043e\u0440\u044b-\u0432 \u043f\u0430\u0441\u0442\u0435<\/p>","protected":false},"featured_media":4364,"comment_status":"open","ping_status":"closed","template":"","meta":[],"product_brand":[468],"product_cat":[185,193],"product_tag":[81,82],"class_list":{"0":"post-3553","1":"product","2":"type-product","3":"status-publish","4":"has-post-thumbnail","6":"product_brand-karmarando","7":"product_cat-rapee-e-co","8":"product_cat-ambil-e-mambe","9":"product_tag-ambil","10":"product_tag-ambila","11":"pa_brand-karmarando","12":"pa_ean-1277","13":"pa_ingredienti-ambil","14":"pa_paese-di-fabbricazione-colombia","15":"pa_unita-di-misura-10-g","16":"pa_unita-di-misura-20-g","17":"pa_unita-di-misura-50-g","19":"first","20":"outofstock","21":"sale","22":"featured","23":"shipping-taxable","24":"purchasable","25":"product-type-variable"},"_links":{"self":[{"href":"https:\/\/karmarando.com\/ru\/wp-json\/wp\/v2\/product\/3553","targetHints":{"allow":["GET"]}}],"collection":[{"href":"https:\/\/karmarando.com\/ru\/wp-json\/wp\/v2\/product"}],"about":[{"href":"https:\/\/karmarando.com\/ru\/wp-json\/wp\/v2\/types\/product"}],"replies":[{"embeddable":true,"href":"https:\/\/karmarando.com\/ru\/wp-json\/wp\/v2\/comments?post=3553"}],"wp:featuredmedia":[{"embeddable":true,"href":"https:\/\/karmarando.com\/ru\/wp-json\/wp\/v2\/media\/4364"}],"wp:attachment":[{"href":"https:\/\/karmarando.com\/ru\/wp-json\/wp\/v2\/media?parent=3553"}],"wp:term":[{"taxonomy":"product_brand","embeddable":true,"href":"https:\/\/karmarando.com\/ru\/wp-json\/wp\/v2\/product_brand?post=3553"},{"taxonomy":"product_cat","embeddable":true,"href":"https:\/\/karmarando.com\/ru\/wp-json\/wp\/v2\/product_cat?post=3553"},{"taxonomy":"product_tag","embeddable":true,"href":"https:\/\/karmarando.com\/ru\/wp-json\/wp\/v2\/product_tag?post=3553"}],"curies":[{"name":"wp","href":"https:\/\/api.w.org\/{rel}","templated":true}]}}