{"id":1651,"date":"2020-10-03T16:51:04","date_gmt":"2020-10-03T16:51:04","guid":{"rendered":"https:\/\/karmarando.com\/?page_id=1651"},"modified":"2023-03-23T22:15:08","modified_gmt":"2023-03-23T21:15:08","slug":"termini-e-condizioni","status":"publish","type":"page","link":"https:\/\/karmarando.com\/ru\/mio-account\/centro-privacy\/termini-e-condizioni\/","title":{"rendered":"\u041f\u0440\u0430\u0432\u0438\u043b\u0430 \u0438 \u0443\u0441\u043b\u043e\u0432\u0438\u044f"},"content":{"rendered":"  <div id=\"page-header-552719218\" class=\"page-header-wrapper\">\n  <div class=\"page-title dark featured-title\">\n\n    \n    <div class=\"page-title-inner container align-center text-center flex-row-col medium-flex-wrap\" >\n              <div class=\"title-wrapper uppercase is-larger flex-col\">\n          <h1 class=\"entry-title mb-0\">\n            Termini e condizioni          <\/h1>\n        <\/div>\n                    <div class=\"title-content flex-col\">\n        <div class=\"title-breadcrumbs pb-half pt-half\"><nav class=\"woocommerce-breadcrumb breadcrumbs uppercase\" aria-label=\"Breadcrumb\">\u0413\u043b\u0430\u0432\u043d\u0430\u044f<\/nav><\/div>      <\/div>\n    <\/div>\n\n       <\/div>\n    <\/div>\n  \r\n<div class=\"row align-center row-dashed\"  id=\"row-1600048999\">\r\n\n\t<div id=\"col-456491640\" class=\"col small-12 large-12\"  >\n\t\t\t\t<div class=\"col-inner\"  >\n\t\t\t\n\t\t\t\r\n<h1 style=\"text-align: center;\"><strong>Termini e Condizioni<\/strong><\/h1>\r\n<h4 style=\"text-align: center;\">Il presente documento riporta i termini e le condizioni generali sulla base dei quali viene offerto agli utenti l\u2019uso del sito web Karmarando che offre Prodotti Enteogeni e Fitoterapici e Rimedi Sciamanici Spirituali e Sacri.<\/h4>\r\n<h4><b>Definizioni<\/b><\/h4>\r\n<p>Per\u00a0consentire\u00a0una\u00a0completa\u00a0comprensione\u00a0e\u00a0accettazione\u00a0dei\u00a0presenti\u00a0termini\u00a0e\u00a0condizioni,\u00a0i\u00a0seguenti\u00a0termini,\u00a0al\u00a0singolare\u00a0e\u00a0al plurale, avranno il significato di seguito\u00a0indicato:<\/p>\r\n<p>\u00b0 \u00a0<b>Titolare: <\/b>EVOTECH IMPORT EXPORT SL, C\/ Viejostendereteros 2 &#8211;\u00a02\u201d,\u00a0Puerta,C.F.\u00a0 , Partita IVA CIFB76228329. L\u2019attivit\u00e0 \u00e8 soggetta a Per conto di EVOTECH import\u00a0export<\/p>\r\n<p><b>Applicazione: \u00a0il <\/b>sito web\u00a0Karmarando<\/p>\r\n<p><b>Utente: <\/b>qualunque soggetto che accede e utilizza\u00a0l&#8217;Applicazione<\/p>\r\n<p><b>Condizioni: <\/b>il presente contratto che disciplina i rapporti tra il Titolare e gli\u00a0Utenti.<\/p>\r\n<h3><strong>Effettuare un ordine<\/strong><\/h3>\r\n<p>Per ordinare occorre essere maggiorenni.<br \/>Per effettuare un ordine \u00e8 necessario utilizzare il \u201cCarrello Elettronico\u201d e compilare il modulo per la registrazione seguendo le istruzioni che verranno indicate durante l\u2019esecuzione. L\u2019ordine \u00e8 costituito dalla pagina riassuntiva, a cui si accede dopo aver premuto il pulsante \u201cControlla ordine\u201d, che \u00e8 necessario stampare e conservare.<br \/>I prezzi indicati nel sito Web sono da intendersi tasse incluse, salvo diversa segnalazione, ed escluso trasporto : per i prodotti selezionati per l\u2019acquisto ovvero inseriti nel \u201cCarrello\u201d, viene indicato il prezzo unitario, quello totale e l\u2019importo globale gi\u00e0 tassato, espresso in Euro invier\u00e0, dopo la conclusione dell\u2019ordine, una e-mail automatica di conferma ricevimento ordine con l\u2019unico scopo di notificare l\u2019avvenuto ricevimento dell\u2019ordine.<\/p>\r\n<h3><b>Ambito di applicazione delle<\/b><b>\u00a0<\/b><b>Condizioni<\/b><\/h3>\r\n<p>L\u2019uso deII\u2019AppIicazione comporta l\u2019accettazione delle Condizioni da parte deIl\u2019Utente. Qualora l\u2019Utente non intenda accettare le Condizioni e\/o qualsiasi altra nota, avviso legale, informativa pubblicati o ivi richiamati non potr\u00e0 utilizzare l\u2019Applicazione n\u00e9 i relativi servizi.<\/p>\r\n<p>Le Condizioni possono essere modificate in ogni momento. Eventuali modifiche saranno in vigore dal momento della Ioro pubblicazione suII&#8217;AppIicazione.<\/p>\r\n<p>Prima\u00a0di\u00a0utilizzare\u00a0l\u2019applicazione,\u00a0l\u2019Utente \u00e8\u00a0tenuto\u00a0a\u00a0leggere\u00a0attentamente\u00a0le\u00a0Condizioni\u00a0e\u00a0a\u00a0salvarle\u00a0o\u00a0stamparle per\u00a0future consultazioni.<\/p>\r\n<p>Il Titolare si riserva il diritto di variare a propria discrezione, in qualunque momento, l\u2019interfaccia grafica delI\u2018AppIicazione, i Contenuti e la Ioro organizzazione, nonch\u00e9 ogni altro aspetto che caratterizza la funzionalit\u00e0 e la gestione deII\u2019AppIicazione, comunicando aII\u2019Utente, ove occorrenti, le relative istruzioni.<\/p>\r\n<h3><b>Licenza Creative<\/b><b>\u00a0<\/b><b>Commons<\/b><\/h3>\r\n<p>I Contenuti e\/o i materiali disponibili suIl\u2019AppIicazione sono messi a disposizione sulla base dei termini della presente Iicenza&#8221;Creative\u00a0Commons\u00a0Public\u00a0Licence\u00a0CC\u00a0BY\u00a04.0\u00a0IT&#8221;\u00a0(di\u00a0seguito\u00a0<b>&#8220;Licenza&#8221;).<\/b><b>\u00a0<\/b>I\u00a0Contenuti\u00a0e\/o\u00a0i\u00a0materiali\u00a0disponibili\u00a0sull\u2019AppIicazione sono\u00a0protetti\u00a0dal\u00a0diritto\u00a0d\u2019autore,\u00a0dagli\u00a0altri\u00a0diritti\u00a0attribuiti\u00a0dalla\u00a0legge\u00a0sul\u00a0diritto\u00a0d\u2019autore\u00a0(diritti\u00a0connessi,\u00a0diritti\u00a0sulle\u00a0banche\u00a0dati, etc.)\u00a0e\/o\u00a0dalle\u00a0altre\u00a0leggi\u00a0applicabili.\u00a0Ogni\u00a0utilizzazione\u00a0dei\u00a0contenuti\u00a0e\/o\u00a0dei\u00a0materiali\u00a0disponibili\u00a0sull\u2019Applicazione\u00a0che\u00a0non\u00a0sia autorizzata ai sensi della Licenza e\/o delle altre leggi applicabili \u00e8\u00a0proibita.<\/p>\r\n<p>Il\u00a0Titolare\u00a0concede\u00a0all\u2019Utente\u00a0i\u00a0diritti\u00a0di\u00a0seguito\u00a0elencati\u00a0a\u00a0condizione\u00a0che\u00a0lo\u00a0stesso\u00a0accetti\u00a0di\u00a0rispettare\u00a0i\u00a0termini\u00a0e\u00a0le\u00a0condizioni\u00a0della Licenza.<\/p>\r\n<p>Il Titolare consente all\u2018Utente di riprodurre, distribuire, comunicare al pubblico, rappresentare, eseguire, recitare, trasformare i Contenuti e\/o materiali disponibili sull&#8217;AppIicazione con qualsiasi mezzo e formato, per qualsiasi fine, anche commerciale, a condizione che l&#8217;Utente riconosca la paternit\u00e0 dell\u2019opera al Titolare e fornisca un link alla licenza e indichi se sono state effettuate delle modifiche. La Licenza integrale \u00e8 consultabile a questo indirizzo: https:\/\/creativecommons.org\/licenses\/by\/4.0\/Iegalcode.it<\/p>\r\n<h3><b>Esclusione della<\/b><b>\u00a0<\/b><b>garanzia<\/b><\/h3>\r\n<p>L\u2019Applicazione viene fornita &#8220;cosi come \u00e8\u201c e \u201ccome \u00e8 disponibile&#8221; e il Titolare non fornisce alcuna garanzia esplicita o implicita in relazione alI\u2019Applicazione, n\u00e9 fornisce alcuna garanzia che I\u2019Applicazione potr\u00e0 soddisfare le esigenze degli Utenti o che non avr\u00e0 mai interruzioni o sar\u00e0 priva di errori o che sar\u00e0 priva di virus o bug.<\/p>\r\n<p>Il Titolare si adoperer\u00e0 per assicurare che l&#8217;Applicazione sia disponibile ininterrottamente 24 ore al giorno, ma non potr\u00e0 in alcun modo essere ritenuto responsabile se, per qualsiasi motivo, l&#8217;Applicazione non fosse accessibile e\/o operativa in qualsiasi momento o per qualsiasi periodo. L&#8217;accesso aII\u2019AppIicazione pu\u00f2 essere sospeso temporaneamente e senza preavviso in caso di guasto del sistema, manutenzione, riparazioni o per ragioni del tutto estranee alla volont\u00e0 del Titolare o per eventi di forza maggiore.<\/p>\r\n<h3><b>Limitazione della Responsabilit\u00e0<\/b><\/h3>\r\n<p>Il Titolare non potr\u00e0 ritenersi responsabile verso l&#8217;Utente, salvo il caso di doloso colpa grave, per disservizi o malfunzionamenti connessi all\u2019utilizzo della rete internet al di fuori del controllo proprio o di suoi fornitori.<\/p>\r\n<p>Il\u00a0Titolare\u00a0non\u00a0sar\u00e0\u00a0inoltre\u00a0responsabile\u00a0in\u00a0merito\u00a0a\u00a0danni,\u00a0perdite\u00a0e\u00a0costi\u00a0subiti\u00a0dalI\u2019Utente\u00a0a\u00a0seguito\u00a0della\u00a0mancata\u00a0esecuzione\u00a0del contratto per cause a lui non\u00a0imputabili.<\/p>\r\n<p>Il\u00a0Titolare non\u00a0assume\u00a0alcuna\u00a0responsabilit\u00e0\u00a0per\u00a0l\u2019eventuale\u00a0uso\u00a0fraudolento\u00a0e\u00a0illecito\u00a0che\u00a0possa\u00a0essere\u00a0fatto\u00a0da\u00a0parte\u00a0di\u00a0terzi\u00a0delle carte di credito e altri mezzi di\u00a0pagamento,<\/p>\r\n<p>Il Titolare non sar\u00e0 responsabile per:<\/p>\r\n<p>\u00b0 eventuali perdite di opportunit\u00e0 commerciale e qualsiasi altra perdita, anche indiretta, eventualmente subita dalI\u2019Utente che non siano conseguenza diretta della violazione del contratto da parte del Titolare<\/p>\r\n<p>o errato o inidoneo utilizzo dell\u2019Applicazione da parte degli Utenti o di terzi<\/p>\r\n<p>In nessun caso il Titolare potr\u00e0 essere ritenuto responsabile per una somma superiore al doppio del costo pagato dall\u2018Utente.<\/p>\r\n<p>O uso improprio dei prodotti come precisato nel\u00a0<a href=\"https:\/\/karmarando.com\/disclaimer\/\">Qui<\/a> nel Disclamer<\/p>\r\n<p>Se l&#8217;ordine risulta bloccato per questioni doganali Karmarando <strong>NON<\/strong> potr\u00e0 agire se non verranno comunicati a richiesta\u00a0 il TAX ID o NATIONAL ID indispensabili per sdoganare la spedizione.<\/p>\r\n<h3><b>Forza<\/b><b>\u00a0<\/b><b>maggiore<\/b><\/h3>\r\n<p>Il\u00a0Titolare\u00a0non\u00a0potr\u00e0\u00a0essere\u00a0considerato\u00a0responsabile\u00a0per\u00a0il\u00a0mancato\u00a0o\u00a0ritardato\u00a0adempimento\u00a0delle\u00a0proprie\u00a0obbligazioni,\u00a0per circostanze al di fuori del controllo ragionevole del Titolare dovuti ad eventi di forza maggiore o, comunque, ad eventi imprevisti ed imprevedibili e, comunque, indipendenti dalla sua\u00a0volont\u00e0.<\/p>\r\n<p>L\u2019adempimento\u00a0delle\u00a0obbligazioni da\u00a0parte\u00a0del\u00a0Titolare\u00a0si\u00a0intender\u00e0\u00a0sospeso\u00a0per\u00a0il\u00a0periodo in\u00a0cui\u00a0si\u00a0verificano\u00a0eventi\u00a0di\u00a0forza maggiore.<\/p>\r\n<p>Il Titolare compir\u00e0 qualsiasi atto in suo potere al fine di individuare soluzioni che consentano il corretto adempimento delle proprie obbligazioni nonostante la persistenza di eventi forza maggiore.<\/p>\r\n<h3><b>Collegamento a siti di<\/b><b>\u00a0<\/b><b>terzi<\/b><\/h3>\r\n<p>L\u2019Applicazione\u00a0potrebbe\u00a0contenere\u00a0collegamenti\u00a0a\u00a0siti\/applicazioni\u00a0di\u00a0terzi.\u00a0Il\u00a0Titolare\u00a0non\u00a0esercita\u00a0alcun\u00a0controllo\u00a0su\u00a0di\u00a0essi\u00a0e, pertanto,\u00a0non\u00a0\u00e8\u00a0in\u00a0alcun\u00a0modo\u00a0responsabile\u00a0per\u00a0i\u00a0contenuti\u00a0di\u00a0questi\u00a0siti\/applicazioni.<\/p>\r\n<p>Alcuni di questi collegamenti potrebbero rinviare a siti\/applicazioni di terzi che forniscono servizi attraverso l&#8217;Applicazione. In questi casi, ai singoli servizi si applicheranno le condizioni generali per l\u2019uso del sito\/applicazione e per la fruizione del servizio predisposte dai terzi, rispetto alle quali il Titolare non assume alcuna responsabilit\u00e0.<\/p>\r\n<h3><b>Privacy<\/b><\/h3>\r\n<p>La tutela e il trattamento dei dati personali avverranno in conformit\u00e0 alI\u2019Informativa Privacy, che pu\u00f2 essere consultata\u00a0<a href=\"https:\/\/karmarando.com\/informativa-privacy-e-cookies\/\">Qui<\/a><\/p>\r\n<h3><b>Legge<\/b><b>\u00a0<\/b><b>applicabile<\/b><b>\u00a0<\/b><b>e<\/b><b>\u00a0<\/b><b>foro<\/b><b>\u00a0<\/b><b>competente<\/b><\/h3>\r\n<p>Le Condizioni sono soggette alla Iegge italiana ed europea redatto in altre lingue.\u00a0<\/p>\r\n<p>Si prega di leggere anche il\u00a0<a href=\"https:\/\/karmarando.com\/disclaimer\/\">Disclamer<\/a><\/p>\r\n<p>Per ogni controversia relativa alla applicazione, esecuzione e interpretazione delle presenti Condizioni \u00e8 competente il foro del luogo in cui ha sede il Titolare.<\/p>\r\n<p class=\"lead\">Data 05\/1 0\/2020<\/p>\r\n\t\t<\/div>\n\t\t\t\t\t<\/div>\n\n\t\r\n<\/div>\r\n<form action=\"\" method=\"POST\"><button type=\"button\" class=\"njt_gdpr_term_accept_btn njt_gdpr_btn\">\u041f\u0440\u0438\u043d\u044f\u0442\u044c<\/button><\/form>\n\r\n\r\n\n<!-- UberMenu [Configuration:footermenubis] [Theme Loc:] [Integration:api] -->\n<button class=\"ubermenu-responsive-toggle ubermenu-responsive-toggle-footermenubis ubermenu-skin-black-white-2 ubermenu-loc- ubermenu-responsive-toggle-content-align-center ubermenu-responsive-toggle-align-full ubermenu-responsive-toggle-open\" tabindex=\"0\" data-ubermenu-target=\"ubermenu-footermenubis-2553\"   aria-label=\"Toggle Menu\"><i class=\"fas fa-bars\" ><\/i>INFORMAZIONI<\/button><nav id=\"ubermenu-footermenubis-2553\" class=\"ubermenu ubermenu-nojs ubermenu-footermenubis ubermenu-menu-2553 ubermenu-responsive ubermenu-responsive-default ubermenu-mobile-accordion ubermenu-responsive-nocollapse ubermenu-horizontal ubermenu-transition-shift ubermenu-trigger-hover_intent ubermenu-skin-black-white-2 ubermenu-has-border ubermenu-bar-align-full ubermenu-items-align-flex ubermenu-bound ubermenu-disable-submenu-scroll ubermenu-hide-bkgs ubermenu-sub-indicators ubermenu-retractors-responsive ubermenu-submenu-indicator-closes\"><ul id=\"ubermenu-nav-footermenubis-2553\" class=\"ubermenu-nav\" data-title=\"GDPR &amp; PRIVACY\"><li id=\"menu-item-9472\" class=\"ubermenu-item ubermenu-item-type-post_type ubermenu-item-object-page ubermenu-item-9472 ubermenu-item-level-0 ubermenu-column ubermenu-column-auto\" ><a class=\"ubermenu-target ubermenu-item-layout-default ubermenu-item-layout-text_only\" href=\"https:\/\/karmarando.com\/ru\/mio-account\/centro-privacy\/\" tabindex=\"0\"><span class=\"ubermenu-target-title ubermenu-target-text\">Centro Privacy<\/span><\/a><\/li><li id=\"menu-item-9473\" class=\"ubermenu-item ubermenu-item-type-post_type ubermenu-item-object-page ubermenu-item-privacy-policy ubermenu-item-9473 ubermenu-item-level-0 ubermenu-column ubermenu-column-auto\" ><a class=\"ubermenu-target ubermenu-item-layout-default ubermenu-item-layout-text_only\" href=\"https:\/\/karmarando.com\/ru\/mio-account\/centro-privacy\/informativa-privacy-e-cookies\/\" tabindex=\"0\"><span class=\"ubermenu-target-title ubermenu-target-text\">Informativa privacy e cookies<\/span><\/a><\/li><li id=\"menu-item-9479\" class=\"ubermenu-item ubermenu-item-type-post_type ubermenu-item-object-page ubermenu-item-has-children ubermenu-item-9479 ubermenu-item-level-0 ubermenu-column ubermenu-column-auto ubermenu-has-submenu-drop ubermenu-has-submenu-mega\" ><a class=\"ubermenu-target ubermenu-item-layout-default ubermenu-item-layout-text_only\" href=\"https:\/\/karmarando.com\/ru\/mio-account\/centro-privacy\/termini-e-condizioni\/\" tabindex=\"0\"><span class=\"ubermenu-target-title ubermenu-target-text\">Termini e condizioni<\/span><i class='ubermenu-sub-indicator fas fa-angle-down'><\/i><\/a><ul  class=\"ubermenu-submenu ubermenu-submenu-id-9479 ubermenu-submenu-type-auto ubermenu-submenu-type-mega ubermenu-submenu-drop ubermenu-submenu-align-full_width\"  ><li id=\"menu-item-9480\" class=\"ubermenu-item ubermenu-item-type-post_type ubermenu-item-object-page ubermenu-item-9480 ubermenu-item-auto ubermenu-item-header ubermenu-item-level-1 ubermenu-column ubermenu-column-auto\" ><a class=\"ubermenu-target ubermenu-item-layout-default ubermenu-item-layout-text_only\" href=\"https:\/\/karmarando.com\/ru\/condizioni-reso\/\"><span class=\"ubermenu-target-title ubermenu-target-text\">Condizioni Reso<\/span><\/a><\/li><\/ul><\/li><li id=\"menu-item-9475\" class=\"ubermenu-item ubermenu-item-type-post_type ubermenu-item-object-page ubermenu-item-9475 ubermenu-item-level-0 ubermenu-column ubermenu-column-auto\" ><a class=\"ubermenu-target ubermenu-item-layout-default ubermenu-item-layout-text_only\" href=\"https:\/\/karmarando.com\/ru\/mio-account\/centro-privacy\/disclaimer\/\" tabindex=\"0\"><span class=\"ubermenu-target-title ubermenu-target-text\">Disclaimer<\/span><\/a><\/li><li id=\"menu-item-9477\" class=\"ubermenu-item ubermenu-item-type-post_type ubermenu-item-object-page ubermenu-item-has-children ubermenu-item-9477 ubermenu-item-level-0 ubermenu-column ubermenu-column-auto ubermenu-has-submenu-drop ubermenu-has-submenu-mega\" ><a class=\"ubermenu-target ubermenu-item-layout-default ubermenu-item-layout-text_only\" href=\"https:\/\/karmarando.com\/ru\/mio-account\/centro-privacy\/rettifica-dati\/\" tabindex=\"0\"><span class=\"ubermenu-target-title ubermenu-target-text\">Rettifica dati<\/span><i class='ubermenu-sub-indicator fas fa-angle-down'><\/i><\/a><ul  class=\"ubermenu-submenu ubermenu-submenu-id-9477 ubermenu-submenu-type-auto ubermenu-submenu-type-mega ubermenu-submenu-drop ubermenu-submenu-align-full_width\"  ><li id=\"menu-item-9476\" class=\"ubermenu-item ubermenu-item-type-post_type ubermenu-item-object-page ubermenu-item-9476 ubermenu-item-auto ubermenu-item-header ubermenu-item-level-1 ubermenu-column ubermenu-column-auto\" ><a class=\"ubermenu-target ubermenu-item-layout-default ubermenu-item-layout-text_only\" href=\"https:\/\/karmarando.com\/ru\/mio-account\/centro-privacy\/oblio\/\"><span class=\"ubermenu-target-title ubermenu-target-text\">Oblio<\/span><\/a><\/li><\/ul><\/li><li id=\"menu-item-9478\" class=\"ubermenu-item ubermenu-item-type-post_type ubermenu-item-object-page ubermenu-item-9478 ubermenu-item-level-0 ubermenu-column ubermenu-column-auto\" ><a class=\"ubermenu-target ubermenu-item-layout-default ubermenu-item-layout-text_only\" href=\"https:\/\/karmarando.com\/ru\/mio-account\/centro-privacy\/richiesta-dati\/\" tabindex=\"0\"><span class=\"ubermenu-target-title ubermenu-target-text\">Richiesta dati<\/span><\/a><\/li><li id=\"menu-item-9474\" class=\"ubermenu-item ubermenu-item-type-post_type ubermenu-item-object-page ubermenu-item-9474 ubermenu-item-level-0 ubermenu-column ubermenu-column-auto\" ><a class=\"ubermenu-target ubermenu-item-layout-default ubermenu-item-layout-text_only\" href=\"https:\/\/karmarando.com\/ru\/mio-account\/centro-privacy\/contatto-dpo\/\" tabindex=\"0\"><span class=\"ubermenu-target-title ubermenu-target-text\">Contatto DPO<\/span><\/a><\/li><\/ul><\/nav>\n<!-- End UberMenu -->\n","protected":false},"excerpt":{"rendered":"","protected":false},"author":1,"featured_media":0,"parent":7863,"menu_order":0,"comment_status":"closed","ping_status":"closed","template":"page-blank.php","meta":{"footnotes":""},"class_list":["post-1651","page","type-page","status-publish","hentry"],"_links":{"self":[{"href":"https:\/\/karmarando.com\/ru\/wp-json\/wp\/v2\/pages\/1651","targetHints":{"allow":["GET"]}}],"collection":[{"href":"https:\/\/karmarando.com\/ru\/wp-json\/wp\/v2\/pages"}],"about":[{"href":"https:\/\/karmarando.com\/ru\/wp-json\/wp\/v2\/types\/page"}],"author":[{"embeddable":true,"href":"https:\/\/karmarando.com\/ru\/wp-json\/wp\/v2\/users\/1"}],"replies":[{"embeddable":true,"href":"https:\/\/karmarando.com\/ru\/wp-json\/wp\/v2\/comments?post=1651"}],"version-history":[{"count":0,"href":"https:\/\/karmarando.com\/ru\/wp-json\/wp\/v2\/pages\/1651\/revisions"}],"up":[{"embeddable":true,"href":"https:\/\/karmarando.com\/ru\/wp-json\/wp\/v2\/pages\/7863"}],"wp:attachment":[{"href":"https:\/\/karmarando.com\/ru\/wp-json\/wp\/v2\/media?parent=1651"}],"curies":[{"name":"wp","href":"https:\/\/api.w.org\/{rel}","templated":true}]}}