{"id":6342,"date":"2022-05-10T14:52:08","date_gmt":"2022-05-10T12:52:08","guid":{"rendered":"https:\/\/www.karmarando.com\/?post_type=product&#038;p=6342"},"modified":"2025-12-04T13:52:24","modified_gmt":"2025-12-04T12:52:24","slug":"kuripe-bambu-totem-mago-folletto","status":"publish","type":"product","link":"https:\/\/karmarando.com\/pt\/rapee-e-co\/applicat-rape-e-co\/kuripe-e-tepi\/kuripe\/speciali\/kuripe-bambu-totem-mago-folletto\/","title":{"rendered":"Kuripe de Bambu Totem Mago Goblin Pedras Amuleto poderoso"},"content":{"rendered":"<div class=\"tabbed-content\">\n\t\t\t\n\t\t\t<ul class=\"nav nav-pills nav-uppercase nav-size-small nav-center\" role=\"tablist\"><li id=\"tab-descrizione\" class=\"tab active has-icon\" role=\"presentation\"><a href=\"#tab_descrizione\" role=\"tab\" aria-selected=\"true\" aria-controls=\"tab_descrizione\"><span>Descri\u00e7\u00e3o<\/span><\/a><\/li>\n<li id=\"tab-come-\u00e8-fatto?\" class=\"tab has-icon\" role=\"presentation\"><a href=\"#tab_come-\u00e8-fatto?\" tabindex=\"-1\" role=\"tab\" aria-selected=\"false\" aria-controls=\"tab_come-\u00e8-fatto?\"><span>Como \u00e9 Feito?<\/span><\/a><\/li>\n<li id=\"tab-dimensioni\" class=\"tab has-icon\" role=\"presentation\"><a href=\"#tab_dimensioni\" tabindex=\"-1\" role=\"tab\" aria-selected=\"false\" aria-controls=\"tab_dimensioni\"><span>Tamanho<\/span><\/a><\/li>\n<li id=\"tab-cosa-\u00e8-il-kuripe-e-come-si-usa\" class=\"tab has-icon\" role=\"presentation\"><a href=\"#tab_cosa-\u00e8-il-kuripe-e-come-si-usa\" tabindex=\"-1\" role=\"tab\" aria-selected=\"false\" aria-controls=\"tab_cosa-\u00e8-il-kuripe-e-come-si-usa\"><span>O que \u00e9 o Kuripe e como Us\u00e1-lo<\/span><\/a><\/li>\n<li id=\"tab-come-si-soffia?\" class=\"tab has-icon\" role=\"presentation\"><a href=\"#tab_come-si-soffia?\" tabindex=\"-1\" role=\"tab\" aria-selected=\"false\" aria-controls=\"tab_come-si-soffia?\"><span>Como voc\u00ea explodir?<\/span><\/a><\/li>\n<li id=\"tab-a-cosa-serve-?\" class=\"tab has-icon\" role=\"presentation\"><a href=\"#tab_a-cosa-serve-?\" tabindex=\"-1\" role=\"tab\" aria-selected=\"false\" aria-controls=\"tab_a-cosa-serve-?\"><span>O Que \u00c9 Isto ?<\/span><\/a><\/li>\n<li id=\"tab-disclaimer\" class=\"tab has-icon\" role=\"presentation\"><a href=\"#tab_disclaimer\" tabindex=\"-1\" role=\"tab\" aria-selected=\"false\" aria-controls=\"tab_disclaimer\"><span>ISEN\u00c7\u00c3O de responsabilidade<\/span><\/a><\/li><\/ul><div class=\"tab-panels\"><div id=\"tab_descrizione\" class=\"panel active entry-content\" role=\"tabpanel\" aria-labelledby=\"tab-descrizione\">\n<h3><strong>Kuripe de Bambu Totem Mago Goblin Pedras Amuleto poderoso <\/strong><\/h3>\n<h3><strong>Homemade Tepi Tool Shamanic Rap\u00e9 Indigenous Self Applicator<\/strong><\/h3>\n<p><strong>Kuripe Bambu Totem Mago Folletto e pietre potenti <\/strong> Fatto a mano, Auto Applicatore, Sciamanico Kuripe \u00e8 un Self applicatore Rap\u00e9 self-use. Kuripe Con Totem Mago Folletto Amuleto, con pietre varie incassate fra cui cristalli di occhio di tigre, corallo Verde, corniola, cristallo di rocca Kuripe molto potente nel suo colpo che sprigiona, energia molto grande. Il suo design a \u201cV\u201d ti consente di prendere facilmente Rap\u00e9 senza la partecipazione di un\u2019altra persona (a differenza di un Tepi, dove \u00e8 richiesta una seconda persona che vi soffier\u00e0 il rap\u00e8)<\/p>\n<p><strong>Este Kuripe \u00e9 feito em 3 tamanhos<\/strong><\/p>\n<ul>\n<li>Para os Rostos extremamente pequeno S (cerca de 3,2-3,5 cm entre o nariz e a boca)<\/li>\n<li>Rostos normal a M (a maioria), 3,7-4,2 cm) entre o nariz e a boca<\/li>\n<li>Enfrenta grandes L (4,4-4,8 cm entre o nariz e a boca)<\/li>\n<li>Adaptado de: feito para voc\u00ea, quando voc\u00ea tem um determinado rosto (escolha apropriada de palavras da lista, voc\u00ea ser\u00e1 chamado para concordar) ser\u00e1 necess\u00e1rio 24\/48 horas a mais para produzir.<\/li>\n<\/ul>\n<\/div>\n<div id=\"tab_come-\u00e8-fatto?\" class=\"panel entry-content\" role=\"tabpanel\" aria-labelledby=\"tab-come-\u00e8-fatto?\"> RECURSOS<\/p>\n<ul>\n<li>Este\u00a0<strong>Kuripe<\/strong> <strong>Mago Folletto <\/strong>\u00e9 um <strong>Ferramenta de poder<\/strong>, come un Talismano, energeticamente potente positivo, fatto di bamb\u00f9 e altre lavorazioni di rifestimento e per l&#8217;energia\u00a0 potente dei cristalli e degli animali associati<\/li>\n<li>Ela \u00e9 feita e trabalhada, com Amor, cuidado e respeito, na forma de espa\u00e7os sagrados, m\u00e3o<\/li>\n<li>Polido e Queimado em todas as suas partes, para garantir o desempenho, seguran\u00e7a e facilidade de uso<\/li>\n<li>Rivestito con di resina naturale dando la forma di un mago Totem, Amuleto potente<\/li>\n<li>Rifinito con occhi di Coralo verde, e scaglie di cristallo di giada Verde e quarzo Rosa<\/li>\n<li>Materiais e t\u00e9cnicas de <strong>Alta qualidade<\/strong><\/li>\n<li>Amarrou-o firmemente com cola e resina, n\u00e3o-t\u00f3xico<\/li>\n<li>Ele foi ativado e purificado com a madeira do sagrado palo santo<\/li>\n<\/ul>\n<p><strong> Este produto \u00e9 feito por artes\u00e3os Michael e Eleanor muito querida para n\u00f3s, usando os melhores materiais e sem a adi\u00e7\u00e3o de elementos qu\u00edmicos, utilizando procedimentos tradicionais e instrumentos para processamento, s\u00e3o \u00fanicos em cada pe\u00e7a , esta n\u00e3o \u00e9 um objeto industrial, cada pe\u00e7a \u00e9 inteiramente feita a m\u00e3o. <\/strong><\/p>\n<h4><strong>Por esta raz\u00e3o, cada item ser\u00e1 diferente e uma pe\u00e7a \u00fanica<\/strong><\/h4>\n<h4><strong>Se voc\u00ea quer ser em uma data maneira ou de adicionar uma pena,ou alguma peculiaridade ou at\u00e9 mesmo o seu nome (talvez por escrito com a runa) \u00e9 s\u00f3 pedir e vamos faz\u00ea-lo especialmente para voc\u00ea, com uma pequena marca\u00e7\u00e3o, que pode variar de 2 a 5 euros, dependendo do pedido<\/strong><\/h4>\n<p><strong>esempio una piuma con relativa cordicella e perline sono solo 3 <\/strong><\/p>\n<h5>Por que o bambu?\u00a0<span class=\"\">Porque o material \u00e9 muito eco-friendly e sustent\u00e1vel, acess\u00edvel, f\u00e1cil de manusear e se encaixa facilmente ser transformado em um tubo por rap\u00e9.<\/span><\/h5>\n<h5><span class=\"goog-text-highlight\">\u00c9, de longe, o tubo de rap\u00e9 mais vendido no mundo.<\/span><\/h5>\n<\/div>\n<div id=\"tab_dimensioni\" class=\"panel entry-content\" role=\"tabpanel\" aria-labelledby=\"tab-dimensioni\"> <strong>Questo Kuripe \u00e8 fatto in 3 misure (varier\u00e0 solo l&#8217;angolazione in quanto le altre misure rimarranno pressoch\u00e8 invariate) <\/strong><\/p>\n<ul>\n<li>Para os Rostos extremamente pequeno S (cerca de 3,2-3,5 cm entre o nariz e a boca)<\/li>\n<li>Rostos normal a M (a maioria), 3,7-4,2 cm) entre o nariz e a boca<\/li>\n<li>Enfrenta grandes L (4,4-4,8 cm entre o nariz e a boca)<\/li>\n<li>Adaptado de: feito para voc\u00ea, quando voc\u00ea tem um determinado rosto (escolha apropriada de palavras da lista, voc\u00ea ser\u00e1 chamado para concordar) ser\u00e1 necess\u00e1rio 24\/48 horas a mais para produzir.<\/li>\n<\/ul>\n<p>Feito com um di\u00e2metro de estreito o suficiente para desencadear o mais preessione<\/p>\n<ul>\n<li>Lunghezza parte Lunga 7,2 cm<\/li>\n<li>Lunghezza parte corta 6,3 cm<\/li>\n<li>Diametro esterno 0,8 cm<\/li>\n<li>Diametro interno 0,6 cm<\/li>\n<li>Le misure si intendono per la parte triangolare escludendo la coda con il pendente<\/li>\n<\/ul>\n<\/div>\n<div id=\"tab_cosa-\u00e8-il-kuripe-e-come-si-usa\" class=\"panel entry-content\" role=\"tabpanel\" aria-labelledby=\"tab-cosa-\u00e8-il-kuripe-e-come-si-usa\"> Si chiama Kuripe l\u2019applicatore da auto-somministrazione del Rap\u00e9.Al contrario del tepi che verr\u00e0 usato con un altro t\u00e8 che si metter\u00e0 di fronte. Il Kuripe ha una forma a V normalmente a 30\u00b0 per essere adatto alla amggioranza, con due estremit\u00e0: una pi\u00f9 corta, dove con la bocca si soffier\u00e0, e una pi\u00f9 lunga, che verr\u00e0 leggermente appoggiata alle narici (senza per\u00f2 farlo entrare dentro) cos\u00ec da non attoppare il passaggio dell&#8217;aria. Partendo sempre dalla narice sinistra, quella connessa al cuore (il femminile l&#8217;intuizione) e poi La Narice destra, quella connessa alla mente (il maschile la razionalit\u00e0) La maschile la Yang \/ Sole, che permette di apprendere e ottenere la forza necessaria per superare i problemi mediante lo sforzo, permette di curare e apprendere ottenendo la forza necessaria per superare le ombre di questa parte che sono: Egoismo, Violenza, Arroganza, Orgoglio La Femminile Lo Ying La Luna D\u00e0 potere alle emozioni nel loro stato puro, liberando gioia profonda, amore puro, compassione e abilit\u00e0 artistiche. Il suo lato ombra da Curare sono l&#8217;attaccamento emozionale, la depressione, bassa autostima, sentimento di colpa e apatia. Il Kuripe Pu\u00f2 essere fatto di canne di bamb\u00f9 o di altri materiali sacri come la jurema o palo santo ed altri, o di ossa o di pietra. Il Kuripe \u00e8 uno strumento che pu\u00f2 essere utilizzato per prendere confidenza autonomamente e in modo responsabile con la Sacra Medicina del Rap\u00e9, imparando a conoscerla, rispettarla e utilizzarla in modo coscienzioso e saggio. Gli indigeni insegnano che \u00e8 sempre bene assumere il Rap\u00e9 in forma rituale e con un intento ben chiaro nella mente. Il Kuripe \u00e8 certamente molto comodo quando non abbiamo la possibilit\u00e0 di farci somministrare il Rap\u00e9 da qualcuno. L\u2019auto-applicatore Kuripe \u00e8 un oggetto di potere, come tale strettamente personale e pu\u00f2 essere utilizzato esclusivamente dal proprietario.Si consilglia (anche se lo abbiamo gi\u00e0 fatto) di utilizzare del palo santo o delle pietre facendo una sbavatura e una purrificazione, per renderlo con iniziazione uno strumento piu personalizato con la vostra energia <\/div>\n<div id=\"tab_come-si-soffia?\" class=\"panel entry-content\" role=\"tabpanel\" aria-labelledby=\"tab-come-si-soffia?\"> Farselo fare con il tepi chiaramente verr\u00e0 meglio, ma si pu\u00f2 apprendere bene di farli anche con il kuripe: <strong>H\u00e1 muitos sopros, vamos tentar listar os mais importantes e populares<\/strong> <strong>Cobra:<\/strong> ele tem um grande f\u00f4lego, a respira\u00e7\u00e3o come\u00e7ar devagar e aumentar a for\u00e7a gradualmente at\u00e9 chegar forte do pico, o bloqueio, no entanto, com a l\u00edngua contra o aplicador emitindo um silvo. <strong>Tartaruga:<\/strong> Sopro leve, lento, constante, e por um longo tempo, muito lentamente. Para receber o b\u00f4nus, voc\u00ea precisa entrar em sintonia com a paci\u00eancia da tartaruga porque muitas pessoas est\u00e3o puxando para tr\u00e1s antes que ela seja conclu\u00edda.Os efeitos de Rap\u00e9 com esse ar, ter uma maior durabilidade.Ideal para trabalhar em paci\u00eancia, Trauma f\u00edsico, e durante e depois da ua atividade espiritual! <strong>Colibri:<\/strong> sopro de felicidade, amor e alegria, e s\u00e3o geralmente de curta. Ele \u00e9 feito com dois sopros consecutivas muito curto dando um tiro no segundo com a sua l\u00edngua <strong>Lib\u00e9lula:<\/strong> uma boa respira\u00e7\u00e3o de dura\u00e7\u00e3o m\u00e9dia, a l\u00edngua e mov\u00ea-lo para flutuar rapidamente contra o aplicador com um som psicod\u00e9lico <strong>Raven:<\/strong> definido o sopro de coragem, para penetrar na escurid\u00e3o, no vazio, no grande mist\u00e9rio de onde tudo nasce e foi a fonte. a primeira e a segunda vento forte m\u00e3o de homem, um murm\u00fario pode ser menos forte fina que voc\u00ea obter para o vazio. <strong>Boa: <\/strong>Respira\u00e7\u00e3o dos Sonhos, aprendeu a partir de um nativo hunikin que me disse ter aprendido a partir de &#034;rede&#034; antes de dormir. Em parte forte, e mais e mais deble fina desaparecer a esbater-se como o movimento de uma b\u00f3ia, a partir de maravilhosos sonhos e efeitos vision\u00e1rio! <\/div>\n<div id=\"tab_a-cosa-serve-?\" class=\"panel entry-content\" role=\"tabpanel\" aria-labelledby=\"tab-a-cosa-serve-?\"> Il Kuripe serve per il Rap\u00e9 che \u00e8 una medicina amazzonica costituita da una serie di piante medicinali polverizzate molto finemente con l&#8217;uso di un mortaio. All&#8217;interno di tutte le tradizioni indigene, il Rap\u00e9 \u00e8 considerato una Pianta Maestra (la pi\u00f9 antica) ed \u00e8 rappresentato come un nonno che possiede la saggezza della foresta. Il suo uso rituale prevede che non venga mai aspirato, poich\u00e9 questo gesto \u00e8 considerato una mancanza di rispetto allo spirito ancestrale della Pianta Sacra. Quando il Rap\u00e9 \u00e8 usato ritualmente, porta purificazione e centratura, trasforma le energie negative, funge da messaggero. Nel nord del Brasile, i popoli indigeni Huni Kuin-Kaxinawa e Yawanawa usano il Rap\u00e9 come una medicina associata all&#8217;uso teRap\u00e9utico e spirituale. Per queste popolazioni, il Rap\u00e9 \u00e8 una medicina che possiede uno spirito di grande potere, portando guarigione e protezione, allontanando tutti i tipi di mali. Presso i suddetti popoli nativi, il Rap\u00e9 viene utilizzato dal paj\u00e9 della trib\u00f9 (uomo\/donna medicina), in modo da potersi connettere allo Spirito, integrarsi con la Natura, essere in grado di individuare mali che potrebbero attaccare il suo popolo o anche in rituali di guarigione, col proposito di dare protezione spirituale, diagnosticare una malattia e usare il potere dello spirito di questa medicina per curare. Il Rap\u00e9 va soffiato in entrambe le narici tramite un applicatore, spesso costituito da canne di bamb\u00f9 oppure ossa. Esiste sia l\u2019auto-applicatore (kuripe) sia quello mediante il quale si pu\u00f2 somministrare ad altri (tepi). Il Rap\u00e9 \u00e8 soffiato con la pipa prima nella narice sinistra e poi in quella destra, bilanciando cos\u00ec i due emisferi del cervello, il lato femminile intuitivo e quello maschile razionale. In Amazzonia, condividere il Rap\u00e9 \u00e8 un\u2019attivit\u00e0 svolta socialmente e ha radici spirituali. Il Rap\u00e9, infatti, \u00e8 considerato una Medicina Sacra e la sua somministrazione ha il valore di una preghiera che invoca le forze della natura e gli spiriti della foresta, la benedizione delle piante e il loro potere per trarre centratura, forza e cura. L\u2019applicazione del Rap\u00e9 \u00e8 spesso accompagnata da canti sacri che hanno la funzione di chiamare gli spiriti e la forza della stessa medicina. <\/div>\n<div id=\"tab_disclaimer\" class=\"panel entry-content\" role=\"tabpanel\" aria-labelledby=\"tab-disclaimer\"> <strong><span style=\"color: #d83131;\">A FOTO NA DESCRI\u00c7\u00c3O \u00c9 MERAMENTE INDICATIVA<\/span><\/strong>  <strong><span style=\"color: #d83131;\">Para os produtos, de PLANTAS, de INCENSO, E os p\u00f3s PREPARADOS NO MOMENTO, n\u00e3o \u00e9 poss\u00edvel ser feitas DEVOLU\u00c7\u00d5ES ou REEMBOLSOS<\/span><\/strong> O <strong>termos utilizados<\/strong> as categorias e as tags n\u00e3o quero sugerir para o uso medicinal e recreativo produtos, apenas classific\u00e1-los de acordo com seu uso hist\u00f3rico, cient\u00edfico e social. <strong>As receitas s\u00e3o fornecidos como uma cient\u00edficos<\/strong>eles n\u00e3o querem incentivar os clientes a repeti-las, nem para consumir os produtos. <strong>Nosso conte\u00fado<\/strong> n\u00e3o foram avaliadas pela FDA ou por qualquer figura da profiss\u00e3o m\u00e9dica: as poss\u00edveis aplica\u00e7\u00f5es, indica\u00e7\u00f5es, dosagem e avisos s\u00e3o descritos somente para fins educacionais, especula\u00e7\u00f5es e pessoal, e n\u00e3o constitui aconselhamento m\u00e9dico. <strong>Os produtos s\u00e3o vendidos<\/strong> como incenso, Sab\u00f5es, Resinas e cole\u00e7\u00e3o bot\u00e2nica, e material de investiga\u00e7\u00e3o cient\u00edfica. <span style=\"color: #ed1c24; font-size: 115%;\"><strong>Non sono destinati al consumo umano. Per poter acquistare i nostri prodotti dovete avere pi\u00f9 di 18 anni e non sono adatti a donne in stato di gravidanza e\/o in fase di allattamento.<\/strong><\/span> Para obter mais informa\u00e7\u00f5es sobre <strong>KARMARANDO<\/strong> visite <a href=\"https:\/\/www.instagram.com\/karmarando1\/\" target=\"_blank\" rel=\"noopener\"> <span style=\"color: #0000ff;\"><strong>nesta p\u00e1gina<\/strong><\/span><\/a> ou leia as \u00faltimas not\u00edcias sobre <a href=\"https:\/\/karmarando.com\/pt\/blog\/\" target=\"_blank\" rel=\"nofollow noopener\"><strong><span style=\"color: #0000ff;\">BLOG<\/span><\/strong><\/a> <\/div><\/div><\/div>","protected":false},"excerpt":{"rendered":"<p>Kuripe de Bambu Totem Mago Goblin Pedras Amuleto poderoso<\/p>","protected":false},"featured_media":6360,"comment_status":"open","ping_status":"closed","template":"","meta":[],"product_brand":[468],"product_cat":[195,569,196,185,1188],"product_tag":[1289],"class_list":{"0":"post-6342","1":"product","2":"type-product","3":"status-publish","4":"has-post-thumbnail","6":"product_brand-karmarando","7":"product_cat-applicat-rape-e-co","8":"product_cat-kuripe","9":"product_cat-kuripe-e-tepi","10":"product_cat-rapee-e-co","11":"product_cat-speciali","12":"product_tag-kuripe-bambu-totem-mago-folletto","13":"pa_brand-karmarando","14":"pa_ean-1288","15":"pa_materiale-bamboo","16":"pa_paese-di-fabbricazione-italia","17":"pa_taglia-l-per-visi-grandi","18":"pa_taglia-m-per-visi-normali","19":"pa_taglia-s-per-visi-molto-piccoli","20":"pa_taglia-su-misura-saranno-necessari-24-48-ore-in-piu-per-produrlo","22":"first","23":"instock","24":"shipping-taxable","25":"purchasable","26":"product-type-variable"},"_links":{"self":[{"href":"https:\/\/karmarando.com\/pt\/wp-json\/wp\/v2\/product\/6342","targetHints":{"allow":["GET"]}}],"collection":[{"href":"https:\/\/karmarando.com\/pt\/wp-json\/wp\/v2\/product"}],"about":[{"href":"https:\/\/karmarando.com\/pt\/wp-json\/wp\/v2\/types\/product"}],"replies":[{"embeddable":true,"href":"https:\/\/karmarando.com\/pt\/wp-json\/wp\/v2\/comments?post=6342"}],"wp:featuredmedia":[{"embeddable":true,"href":"https:\/\/karmarando.com\/pt\/wp-json\/wp\/v2\/media\/6360"}],"wp:attachment":[{"href":"https:\/\/karmarando.com\/pt\/wp-json\/wp\/v2\/media?parent=6342"}],"wp:term":[{"taxonomy":"product_brand","embeddable":true,"href":"https:\/\/karmarando.com\/pt\/wp-json\/wp\/v2\/product_brand?post=6342"},{"taxonomy":"product_cat","embeddable":true,"href":"https:\/\/karmarando.com\/pt\/wp-json\/wp\/v2\/product_cat?post=6342"},{"taxonomy":"product_tag","embeddable":true,"href":"https:\/\/karmarando.com\/pt\/wp-json\/wp\/v2\/product_tag?post=6342"}],"curies":[{"name":"wp","href":"https:\/\/api.w.org\/{rel}","templated":true}]}}