{"id":6099,"date":"2022-05-08T02:59:03","date_gmt":"2022-05-08T00:59:03","guid":{"rendered":"https:\/\/www.karmarando.com\/?post_type=product&#038;p=6099"},"modified":"2025-12-04T13:52:30","modified_gmt":"2025-12-04T12:52:30","slug":"kuripe-bambu-totem-aquila-amuleto-con-pietre-potenti","status":"publish","type":"product","link":"https:\/\/karmarando.com\/pt\/rapee-e-co\/applicat-rape-e-co\/kuripe-e-tepi\/kuripe\/speciali\/kuripe-bambu-totem-aquila-amuleto-con-pietre-potenti\/","title":{"rendered":"Kuripe de Bambu Totem \u00c1GUIA Amuleto com pedras poderosas"},"content":{"rendered":"<div class=\"tabbed-content\">\n\t\t\t\n\t\t\t<ul class=\"nav nav-pills nav-uppercase nav-size-small nav-center\" role=\"tablist\"><li id=\"tab-descrizione\" class=\"tab active has-icon\" role=\"presentation\"><a href=\"#tab_descrizione\" role=\"tab\" aria-selected=\"true\" aria-controls=\"tab_descrizione\"><span>Descri\u00e7\u00e3o<\/span><\/a><\/li>\n<li id=\"tab-come-\u00e8-fatto?\" class=\"tab has-icon\" role=\"presentation\"><a href=\"#tab_come-\u00e8-fatto?\" tabindex=\"-1\" role=\"tab\" aria-selected=\"false\" aria-controls=\"tab_come-\u00e8-fatto?\"><span>Como \u00e9 Feito?<\/span><\/a><\/li>\n<li id=\"tab-dimensioni\" class=\"tab has-icon\" role=\"presentation\"><a href=\"#tab_dimensioni\" tabindex=\"-1\" role=\"tab\" aria-selected=\"false\" aria-controls=\"tab_dimensioni\"><span>Tamanho<\/span><\/a><\/li>\n<li id=\"tab-cosa-\u00e8-il-kuripe-e-come-si-usa\" class=\"tab has-icon\" role=\"presentation\"><a href=\"#tab_cosa-\u00e8-il-kuripe-e-come-si-usa\" tabindex=\"-1\" role=\"tab\" aria-selected=\"false\" aria-controls=\"tab_cosa-\u00e8-il-kuripe-e-come-si-usa\"><span>O que \u00e9 o Kuripe e como Us\u00e1-lo<\/span><\/a><\/li>\n<li id=\"tab-come-si-soffia?\" class=\"tab has-icon\" role=\"presentation\"><a href=\"#tab_come-si-soffia?\" tabindex=\"-1\" role=\"tab\" aria-selected=\"false\" aria-controls=\"tab_come-si-soffia?\"><span>Como voc\u00ea explodir?<\/span><\/a><\/li>\n<li id=\"tab-a-cosa-serve-?\" class=\"tab has-icon\" role=\"presentation\"><a href=\"#tab_a-cosa-serve-?\" tabindex=\"-1\" role=\"tab\" aria-selected=\"false\" aria-controls=\"tab_a-cosa-serve-?\"><span>O Que \u00c9 Isto ?<\/span><\/a><\/li>\n<li id=\"tab-disclaimer\" class=\"tab has-icon\" role=\"presentation\"><a href=\"#tab_disclaimer\" tabindex=\"-1\" role=\"tab\" aria-selected=\"false\" aria-controls=\"tab_disclaimer\"><span>ISEN\u00c7\u00c3O de responsabilidade<\/span><\/a><\/li><\/ul><div class=\"tab-panels\"><div id=\"tab_descrizione\" class=\"panel active entry-content\" role=\"tabpanel\" aria-labelledby=\"tab-descrizione\">\n<h3><strong>Kuripe Bambu Totem Aquila occhi di fuoco e pietre potenti<br \/>\n<\/strong><\/h3>\n<h3><strong>Homemade Tepi Tool Shamanic Rap\u00e9 Indigenous Self Applicator<\/strong><\/h3>\n<p><strong>Kuripe Bambu Totem Aquila e pietre potenti<br \/>\n<\/strong><\/p>\n<p>Feitos \u00e0 m\u00e3o, o Carro, o Aplicador, Xam\u00e2nica<br \/>\nKuripe \u00e9 um Auto-aplicador de Rap\u00e9 uso pr\u00f3prio.<\/p>\n<p>Kuripe Con Totem Di Aquila con Occhi di Fuoco, con pietre varie incassate fra cristalli di Topazio e Rosa e Selenite<br \/>\nKuripe molto potente nel suo colpo che sprigiona, energia molto grande.<\/p>\n<p>O projeto \u00e9 um &#034;V&#034; permite que voc\u00ea facilmente tomar Rap\u00e9 sem a participa\u00e7\u00e3o de outra pessoa (ao contr\u00e1rio de um Tepi, onde \u00e9 necess\u00e1ria uma segunda pessoa que vai explodir a rap\u00e8)<br \/>\n<strong>Este Kuripe \u00e9 feito em 3 tamanhos<\/strong><\/p>\n<ul>\n<li>Para os Rostos extremamente pequeno S (cerca de 3,2-3,5 cm entre o nariz e a boca)<\/li>\n<li>Rostos normal a M (a maioria), 3,7-4,2 cm) entre o nariz e a boca<\/li>\n<li>Enfrenta grandes L (4,4-4,8 cm entre o nariz e a boca)<\/li>\n<li>Adaptado de: feito para voc\u00ea, quando voc\u00ea tem um determinado rosto (escolha apropriada de palavras da lista, voc\u00ea ser\u00e1 chamado para concordar) ser\u00e1 necess\u00e1rio 24\/48 horas a mais para produzir.<\/li>\n<\/ul>\n<\/div>\n<div id=\"tab_come-\u00e8-fatto?\" class=\"panel entry-content\" role=\"tabpanel\" aria-labelledby=\"tab-come-\u00e8-fatto?\">\n<p>RECURSOS<\/p>\n<ul>\n<li>Este\u00a0<strong>Kuripe<\/strong> \u00e9 um <strong>Ferramenta de poder<\/strong>, come un Talismano, energeticamente potente positivo, fatto di bamb\u00f9 e altre lavorazioni di rifestimento e per l&#8217;energia\u00a0 potente positiva<\/li>\n<li>Ela \u00e9 feita e trabalhada, com Amor, cuidado e respeito, na forma de espa\u00e7os sagrados, m\u00e3o<\/li>\n<li>Polido e Queimado em todas as suas partes, para garantir o desempenho, seguran\u00e7a e facilidade de uso<\/li>\n<li>Rivestito con di resina naturale dando la forma di Aquila Totem, Amuleto potente<\/li>\n<li>Rifinito con occhi corallo, e scaglie e burattati di cristallo fra cui quarzo rosa, quarzo bianco e Selenite e Cristalo di Rocca<\/li>\n<li>Materiais e t\u00e9cnicas de <strong>Alta qualidade<\/strong><\/li>\n<li>Amarrou-o firmemente com cola e resina, n\u00e3o-t\u00f3xico<\/li>\n<li>Ele foi ativado e purificado com a madeira do sagrado palo santo<\/li>\n<\/ul>\n<p><strong> Este produto \u00e9 feito por artes\u00e3os Michael e Eleanor muito querida para n\u00f3s, usando os melhores materiais e sem a adi\u00e7\u00e3o de elementos qu\u00edmicos, utilizando procedimentos tradicionais e instrumentos para processamento, s\u00e3o \u00fanicos em cada pe\u00e7a , esta n\u00e3o \u00e9 um objeto industrial, cada pe\u00e7a \u00e9 inteiramente feita a m\u00e3o. <\/strong><\/p>\n<h4><strong>Por esta raz\u00e3o, cada item ser\u00e1 diferente e uma pe\u00e7a \u00fanica<\/strong><\/h4>\n<h4><strong>Se voc\u00ea quer ser em uma data maneira ou de adicionar uma pena,ou alguma peculiaridade ou at\u00e9 mesmo o seu nome (talvez por escrito com a runa) \u00e9 s\u00f3 pedir e vamos faz\u00ea-lo especialmente para voc\u00ea, com uma pequena marca\u00e7\u00e3o, que pode variar de 2 a 5 euros, dependendo do pedido<\/strong><\/h4>\n<p><strong>esempio una piuma con relativa cordicella e perline sono solo 3<br \/>\n<\/strong><\/p>\n<h5>Por que o bambu?\u00a0<span class=\"\">Porque o material \u00e9 muito eco-friendly e sustent\u00e1vel, acess\u00edvel, f\u00e1cil de manusear e se encaixa facilmente ser transformado em um tubo por rap\u00e9.<\/span><\/h5>\n<h5><span class=\"goog-text-highlight\">\u00c9, de longe, o tubo de rap\u00e9 mais vendido no mundo.<\/span><\/h5>\n<\/div>\n<div id=\"tab_dimensioni\" class=\"panel entry-content\" role=\"tabpanel\" aria-labelledby=\"tab-dimensioni\">\n<p><strong>Questo Kuripe \u00e8 fatto in 3 misure (varier\u00e0 solo l&#8217;angolazione in quanto le altre misure rimarranno pressoch\u00e8 invariate)<br \/>\n<\/strong><\/p>\n<ul>\n<li>Para os Rostos extremamente pequeno S (cerca de 3,2-3,5 cm entre o nariz e a boca)<\/li>\n<li>Rostos normal a M (a maioria), 3,7-4,2 cm) entre o nariz e a boca<\/li>\n<li>Enfrenta grandes L (4,4-4,8 cm entre o nariz e a boca)<\/li>\n<li>Adaptado de: feito para voc\u00ea, quando voc\u00ea tem um determinado rosto (escolha apropriada de palavras da lista, voc\u00ea ser\u00e1 chamado para concordar) ser\u00e1 necess\u00e1rio 24\/48 horas a mais para produzir.<\/li>\n<\/ul>\n<p>Feito com um di\u00e2metro de estreito o suficiente para desencadear o mais preessione<\/p>\n<ul>\n<li>Lunghezza parte Lunga 7,2 cm<\/li>\n<li>Lunghezza parte corta 6,3 cm<\/li>\n<li>Diametro esterno 0,8 cm<\/li>\n<li>Diametro interno 0,6 cm<\/li>\n<li>Le misure si intendono per la parte triangolare escludendo la coda con il pendente<\/li>\n<\/ul>\n<\/div>\n<div id=\"tab_cosa-\u00e8-il-kuripe-e-come-si-usa\" class=\"panel entry-content\" role=\"tabpanel\" aria-labelledby=\"tab-cosa-\u00e8-il-kuripe-e-come-si-usa\">\n<p>\u00c9 chamado de Kuripe o aplicador da auto-administra\u00e7\u00e3o de Rap\u00e9.Ao contr\u00e1rio do tepi, que ser\u00e1 utilizado com outro ch\u00e1 que voc\u00ea vai enfrentar.<\/p>\n<p>O Kuripe \u00e9 em forma de V, normalmente de 30\u00b0 para ser adequado para o amggioranza, com duas pontas: uma pequena, onde na boca, ele vai explodir, e mais, que vai ser ligeiramente inclinando-se para as narinas (sem, no entanto, fique por dentro), assim como n\u00e3o attoppare a passagem de ar. Sempre a partir da esquerda, narina, que \u00e9 ligado ao cora\u00e7\u00e3o (intui\u00e7\u00e3o feminina) e, em seguida, A Narina direita, aquele ligado \u00e0 mente (o masculino racionalidade)<\/p>\n<p>O masculino e o Yang \/ Sol, o que nos permite aprender e adquirir a for\u00e7a necess\u00e1ria para superar os problemas pelo esfor\u00e7o, ele permite que voc\u00ea para se curar e aprender, ficando a for\u00e7a necess\u00e1ria para superar as sombras da presente parte s\u00e3o: o Ego\u00edsmo, a Viol\u00eancia, a Arrog\u00e2ncia, o Orgulho<\/p>\n<p>A F\u00eamea de Voar para A Lua lhe D\u00e1 poder para as emo\u00e7\u00f5es em seu estado puro, libertando-o de uma profunda alegria, puro amor, compaix\u00e3o e habilidades art\u00edsticas. O seu lado de sombra para o cuidado s\u00e3o o apego emocional, depress\u00e3o, baixa auto-estima, sentimentos de culpa e de apatia.<\/p>\n<p>O Kuripe Pode ser feito de bambu ou outros materiais sagrado, como a jurema ou palo santo e outros, ou de osso ou de pedra.<\/p>\n<p>O Kuripe \u00e9 uma ferramenta que pode ser utilizada para ganhar a confian\u00e7a de forma independente e de forma respons\u00e1vel com o Sagrado Medicina de Rap\u00e9, conhec\u00ea-lo, respeit\u00e1-lo e utiliz\u00e1-lo em considera\u00e7\u00e3o maneira, e s\u00e1bio.<\/p>\n<p>Os povos ind\u00edgenas ensinam que \u00e9 sempre bom tomar Rap\u00e9 no ritual forma, e com uma inten\u00e7\u00e3o muito clara na mente. O Kuripe \u00e9, certamente, muito conveniente quando voc\u00ea n\u00e3o tem a possibilidade de administrar o Rap\u00e9 por algu\u00e9m.<\/p>\n<p>A auto-aplicador Kuripe \u00e9 um objeto de poder, e, como tal, s\u00e3o estritamente pessoal e s\u00f3 poder\u00e1 ser utilizado pelo propriet\u00e1rio.Voc\u00ea consilglia (mesmo se ainda n\u00e3o tiver feito isso) uso de palo santo madeira, ou de pedras, de se fazer o esfrega\u00e7o, e um purrificazione, para torn\u00e1-lo com o in\u00edcio de uma ferramenta mais personalizado com a sua energia<\/p>\n<\/div>\n<div id=\"tab_come-si-soffia?\" class=\"panel entry-content\" role=\"tabpanel\" aria-labelledby=\"tab-come-si-soffia?\">\n<p>Farselo fare con il tepi chiaramente verr\u00e0 meglio, ma si pu\u00f2 apprendere bene di farli anche con il kuripe:<br \/>\n<strong>H\u00e1 muitos sopros, vamos tentar listar os mais importantes e populares<\/strong><\/p>\n<p><strong>Cobra:<\/strong> ele tem um grande f\u00f4lego, a respira\u00e7\u00e3o come\u00e7ar devagar e aumentar a for\u00e7a gradualmente at\u00e9 chegar forte do pico, o bloqueio, no entanto, com a l\u00edngua contra o aplicador emitindo um silvo.<br \/>\n<strong>Tartaruga:<\/strong> Sopro leve, lento, constante, e por um longo tempo, muito lentamente. Para receber o b\u00f4nus, voc\u00ea precisa entrar em sintonia com a paci\u00eancia da tartaruga porque muitas pessoas est\u00e3o puxando para tr\u00e1s antes que ela seja conclu\u00edda.Os efeitos de Rap\u00e9 com esse ar, ter uma maior durabilidade.Ideal para trabalhar em paci\u00eancia, Trauma f\u00edsico, e durante e depois da ua atividade espiritual!<br \/>\n<strong>Colibri:<\/strong> sopro de felicidade, amor e alegria, e s\u00e3o geralmente de curta. Ele \u00e9 feito com dois sopros consecutivas muito curto dando um tiro no segundo com a sua l\u00edngua<br \/>\n<strong>Lib\u00e9lula:<\/strong> uma boa respira\u00e7\u00e3o de dura\u00e7\u00e3o m\u00e9dia, a l\u00edngua e mov\u00ea-lo para flutuar rapidamente contra o aplicador com um som psicod\u00e9lico<br \/>\n<strong>Raven:<\/strong> definido o sopro de coragem, para penetrar na escurid\u00e3o, no vazio, no grande mist\u00e9rio de onde tudo nasce e foi a fonte. a primeira e a segunda vento forte m\u00e3o de homem, um murm\u00fario pode ser menos forte fina que voc\u00ea obter para o vazio.<br \/>\n<strong>Boa: <\/strong>Respira\u00e7\u00e3o dos Sonhos, aprendeu a partir de um nativo hunikin que me disse ter aprendido a partir de &#034;rede&#034; antes de dormir. Em parte forte, e mais e mais deble fina desaparecer a esbater-se como o movimento de uma b\u00f3ia, a partir de maravilhosos sonhos e efeitos vision\u00e1rio!<\/p>\n<\/div>\n<div id=\"tab_a-cosa-serve-?\" class=\"panel entry-content\" role=\"tabpanel\" aria-labelledby=\"tab-a-cosa-serve-?\">\n<p>O Kuripe \u00e9 para o Rap\u00e9, que \u00e9 um medicamento da amaz\u00f4nia feita por uma sucess\u00e3o de plantas medicinais solo muito finamente com o uso de uma argamassa. Dentro de todas as tradi\u00e7\u00f5es ind\u00edgenas, o Rap\u00e9 \u00e9 considerada uma Planta Professor (a mais antiga) e \u00e9 representado como um av\u00f4 que possui a sabedoria da floresta.<\/p>\n<p>Seu uso proporciona que o ritual \u00e9 nunca aspirado, uma vez que este gesto \u00e9 considerado uma falta de respeito para com o esp\u00edrito ancestral da Planta Sagrada. Quando o Rap\u00e9 \u00e9 usado ritualmente, porta de purifica\u00e7\u00e3o e de centraliza\u00e7\u00e3o, transforma energia negativa, age como um mensageiro.<br \/>\nNo norte do Brasil, os povos ind\u00edgenas Escolha Kuin-Kaxinawa e Yawanawa usar Rap\u00e9 como um medicamento associados com o uso teRap\u00e9utico e espiritual.<\/p>\n<p>Para essas popula\u00e7\u00f5es, o Rap\u00e9 \u00e9 um medicamento que tem um esp\u00edrito de grande poder, trazendo a cura e a prote\u00e7\u00e3o, o desaparecimento de todos os tipos de males. Estes povos nativos, o Rap\u00e9 \u00e9 usado pelo paj\u00e9 da tribo (homens\/mulheres na medicina), assim voc\u00ea pode conectar-se para o Esp\u00edrito, para se integrar com a Natureza, ser capaz de identificar os males que podem atacar o seu povo, ou, em rituais de cura, com a finalidade de dar prote\u00e7\u00e3o espiritual, diagnosticar a doen\u00e7a, e usar o poder do esp\u00edrito deste medicamento para cuidar.<\/p>\n<p>O Rap\u00e9 ser queimado em ambas as narinas usando um aplicador, muitas vezes feitas de hastes de bambu ou osso. N\u00e3o \u00e9 a auto-aplicador (kuripe) \u00e9 aquele atrav\u00e9s do qual voc\u00ea pode dar aos outros (tepi). O Rap\u00e9 \u00e9 soprado com o tubo primeiro na narina esquerda, e depois para a direita, assim, o equil\u00edbrio entre os dois hemisf\u00e9rios do c\u00e9rebro, o lado feminino e intuitiva, e o macho racional.<\/p>\n<p>Na Amaz\u00f4nia, compartilhar o Rap\u00e9 \u00e9 uma atividade que \u00e9 socialmente e tem ra\u00edzes espirituais. O Rap\u00e9, na verdade, \u00e9 considerado um Santo rem\u00e9dio, e sua administra\u00e7\u00e3o tem o valor de uma ora\u00e7\u00e3o que invoca as for\u00e7as da natureza e os esp\u00edritos da floresta, a b\u00ean\u00e7\u00e3o das plantas e seu poder para desenhar centraliza\u00e7\u00e3o, for\u00e7a e cuidado.<\/p>\n<p>A aplica\u00e7\u00e3o do Rap\u00e9 \u00e9 muitas vezes acompanhada por c\u00e2nticos que t\u00eam a fun\u00e7\u00e3o de chamar os esp\u00edritos, e a for\u00e7a do medicamento.<\/p>\n<\/div>\n<div id=\"tab_disclaimer\" class=\"panel entry-content\" role=\"tabpanel\" aria-labelledby=\"tab-disclaimer\">\n<p><strong><span style=\"color: #d83131;\">A FOTO NA DESCRI\u00c7\u00c3O \u00c9 MERAMENTE INDICATIVA<\/span><\/strong><\/p>\n<p><strong><span style=\"color: #d83131;\">PRODUTOS S\u00c3O GARANTIDOS A PARTIR DE KARMARANDO<\/span><\/strong><br \/>\n<strong><span style=\"color: #d83131;\">Para os produtos, de PLANTAS, de INCENSO, E os p\u00f3s PREPARADOS NO MOMENTO, n\u00e3o \u00e9 poss\u00edvel ser feitas DEVOLU\u00c7\u00d5ES ou REEMBOLSOS<\/span><\/strong><\/p>\n<p>O <strong>termos utilizados<\/strong> as categorias e as tags n\u00e3o quero sugerir para o uso medicinal e recreativo produtos, apenas classific\u00e1-los de acordo com seu uso hist\u00f3rico, cient\u00edfico e social.<\/p>\n<p><strong>As receitas s\u00e3o fornecidos como uma cient\u00edficos<\/strong>eles n\u00e3o querem incentivar os clientes a repeti-las, nem para consumir os produtos.<\/p>\n<p><strong>Nosso conte\u00fado<\/strong> n\u00e3o foram avaliadas pela FDA ou por qualquer figura da profiss\u00e3o m\u00e9dica: as poss\u00edveis aplica\u00e7\u00f5es, indica\u00e7\u00f5es, dosagem e avisos s\u00e3o descritos somente para fins educacionais, especula\u00e7\u00f5es e pessoal, e n\u00e3o constitui aconselhamento m\u00e9dico.<\/p>\n<p><strong>Os produtos s\u00e3o vendidos<\/strong> como incenso, Sab\u00f5es, Resinas e cole\u00e7\u00e3o bot\u00e2nica, e material de investiga\u00e7\u00e3o cient\u00edfica.<\/p>\n<p><span style=\"color: #ed1c24; font-size: 115%;\"><strong>Eles n\u00e3o s\u00e3o destinados para o consumo humano.<br \/>\nPara ser capaz de comprar nossos produtos, voc\u00ea deve ter mais de 18 anos de idade e n\u00e3o s\u00e3o adequados para as mulheres que est\u00e3o gr\u00e1vidas e\/ou lactantes.<\/strong><\/span><\/p>\n<p>Para obter mais informa\u00e7\u00f5es sobre <strong>KARMARANDO<\/strong> visite <a href=\"https:\/\/www.instagram.com\/karmarando1\/\" target=\"_blank\" rel=\"noopener\"><br \/>\n<span style=\"color: #0000ff;\"><strong>nesta p\u00e1gina<\/strong><\/span><\/a> ou leia as \u00faltimas not\u00edcias sobre <a href=\"https:\/\/karmarando.com\/pt\/blog\/\" target=\"_blank\" rel=\"nofollow noopener\"><strong><span style=\"color: #0000ff;\">BLOG<\/span><\/strong><\/a><br \/>\n<\/div><\/div><\/div>","protected":false},"excerpt":{"rendered":"<p>Kuripe de Bambu Totem \u00c1GUIA Amuleto com pedras poderosas<\/p>","protected":false},"featured_media":6105,"comment_status":"open","ping_status":"closed","template":"","meta":[],"product_brand":[468],"product_cat":[195,241,569,196,185,1188,239],"product_tag":[1198],"class_list":{"0":"post-6099","1":"product","2":"type-product","3":"status-publish","4":"has-post-thumbnail","6":"product_brand-karmarando","7":"product_cat-applicat-rape-e-co","8":"product_cat-arte-artigianale-sciamanica","9":"product_cat-kuripe","10":"product_cat-kuripe-e-tepi","11":"product_cat-rapee-e-co","12":"product_cat-speciali","13":"product_cat-strumenti-e-gadget","14":"product_tag-kuripe-bambu-totem-aquila","15":"pa_brand-karmarando","16":"pa_ean-1203","17":"pa_materiale-bamboo","18":"pa_paese-di-fabbricazione-italia","19":"pa_taglia-l-per-visi-grandi","20":"pa_taglia-m-per-visi-normali","21":"pa_taglia-s-per-visi-molto-piccoli","22":"pa_taglia-su-misura-saranno-necessari-24-48-ore-in-piu-per-produrlo","24":"first","25":"instock","26":"shipping-taxable","27":"purchasable","28":"product-type-variable"},"_links":{"self":[{"href":"https:\/\/karmarando.com\/pt\/wp-json\/wp\/v2\/product\/6099","targetHints":{"allow":["GET"]}}],"collection":[{"href":"https:\/\/karmarando.com\/pt\/wp-json\/wp\/v2\/product"}],"about":[{"href":"https:\/\/karmarando.com\/pt\/wp-json\/wp\/v2\/types\/product"}],"replies":[{"embeddable":true,"href":"https:\/\/karmarando.com\/pt\/wp-json\/wp\/v2\/comments?post=6099"}],"wp:featuredmedia":[{"embeddable":true,"href":"https:\/\/karmarando.com\/pt\/wp-json\/wp\/v2\/media\/6105"}],"wp:attachment":[{"href":"https:\/\/karmarando.com\/pt\/wp-json\/wp\/v2\/media?parent=6099"}],"wp:term":[{"taxonomy":"product_brand","embeddable":true,"href":"https:\/\/karmarando.com\/pt\/wp-json\/wp\/v2\/product_brand?post=6099"},{"taxonomy":"product_cat","embeddable":true,"href":"https:\/\/karmarando.com\/pt\/wp-json\/wp\/v2\/product_cat?post=6099"},{"taxonomy":"product_tag","embeddable":true,"href":"https:\/\/karmarando.com\/pt\/wp-json\/wp\/v2\/product_tag?post=6099"}],"curies":[{"name":"wp","href":"https:\/\/api.w.org\/{rel}","templated":true}]}}