{"id":5537,"date":"2022-04-22T06:54:00","date_gmt":"2022-04-22T04:54:00","guid":{"rendered":"https:\/\/www.karmarando.com\/?post_type=product&#038;p=5537"},"modified":"2025-12-04T20:56:30","modified_gmt":"2025-12-04T19:56:30","slug":"rape-emburana","status":"publish","type":"product","link":"https:\/\/karmarando.com\/pt\/cat-rape\/rape-brasiliano\/rape-tradizionale\/rape-emburana\/","title":{"rendered":"Rap\u00e9 Emburana \u2013 Respira\u00e7\u00f5es Profundas, O Divino"},"content":{"rendered":"<div class=\"tabbed-content\">\n\t\t\t\n\t\t\t<ul class=\"nav nav-pills nav-uppercase nav-size-small nav-center\" role=\"tablist\"><li id=\"tab-descrizione\" class=\"tab active has-icon\" role=\"presentation\"><a href=\"#tab_descrizione\" role=\"tab\" aria-selected=\"true\" aria-controls=\"tab_descrizione\"><span>Descri\u00e7\u00e3o<\/span><\/a><\/li>\n<li id=\"tab-composizione\" class=\"tab has-icon\" role=\"presentation\"><a href=\"#tab_composizione\" tabindex=\"-1\" role=\"tab\" aria-selected=\"false\" aria-controls=\"tab_composizione\"><span>Composi\u00e7\u00e3o<\/span><\/a><\/li>\n<li id=\"tab-propriet\u00e0\" class=\"tab has-icon\" role=\"presentation\"><a href=\"#tab_propriet\u00e0\" tabindex=\"-1\" role=\"tab\" aria-selected=\"false\" aria-controls=\"tab_propriet\u00e0\"><span>Propriedade<\/span><\/a><\/li>\n<li id=\"tab-come-si-f\u00e0-?\" class=\"tab has-icon\" role=\"presentation\"><a href=\"#tab_come-si-f\u00e0-?\" tabindex=\"-1\" role=\"tab\" aria-selected=\"false\" aria-controls=\"tab_come-si-f\u00e0-?\"><span>Como fica ?<\/span><\/a><\/li>\n<li id=\"tab-dosaggio\" class=\"tab has-icon\" role=\"presentation\"><a href=\"#tab_dosaggio\" tabindex=\"-1\" role=\"tab\" aria-selected=\"false\" aria-controls=\"tab_dosaggio\"><span>Dosagem<\/span><\/a><\/li>\n<li id=\"tab-come-viene-fatto-il-rap\u00e9\" class=\"tab has-icon\" role=\"presentation\"><a href=\"#tab_come-viene-fatto-il-rap\u00e9\" tabindex=\"-1\" role=\"tab\" aria-selected=\"false\" aria-controls=\"tab_come-viene-fatto-il-rap\u00e9\"><span>Como \u00c9 O Rap\u00e9<\/span><\/a><\/li>\n<li id=\"tab-cos'\u00e8-il-rap\u00e9\" class=\"tab has-icon\" role=\"presentation\"><a href=\"#tab_cos'\u00e8-il-rap\u00e9\" tabindex=\"-1\" role=\"tab\" aria-selected=\"false\" aria-controls=\"tab_cos'\u00e8-il-rap\u00e9\"><span>O que \u00e9 Rap\u00e9<\/span><\/a><\/li>\n<li id=\"tab-storia\" class=\"tab has-icon\" role=\"presentation\"><a href=\"#tab_storia\" tabindex=\"-1\" role=\"tab\" aria-selected=\"false\" aria-controls=\"tab_storia\"><span>Hist\u00f3ria<\/span><\/a><\/li>\n<li id=\"tab-disclaimer\" class=\"tab has-icon\" role=\"presentation\"><a href=\"#tab_disclaimer\" tabindex=\"-1\" role=\"tab\" aria-selected=\"false\" aria-controls=\"tab_disclaimer\"><span>ISEN\u00c7\u00c3O de responsabilidade<\/span><\/a><\/li><\/ul><div class=\"tab-panels\"><div id=\"tab_descrizione\" class=\"panel active entry-content\" role=\"tabpanel\" aria-labelledby=\"tab-descrizione\">\n<h3><strong>Rap\u00e9 Emburana \u2013 Respira\u00e7\u00f5es Profundas, O Divino<\/strong><\/h3>\n<p><strong>L\u2019albero del Eburana <\/strong>L&#8217;Emburana \u00e8 una pianta originaria del Brasile. Si presenta come un albero di medie dimensioni, raggiungendo circa 10 m di lunghezza. La corteccia del tronco ha una tonalit\u00e0 rossastra ed i fiori sono bianchi e ben profumati.<\/p>\n<p><strong>Imburana<\/strong> \u00e8 un albero nativo nella caatinga, nella zona umida e nel chaco. Il suo nome popolare \u00e8 dovuto alla corruzione delle parole in lingua Tupi y-mb-\u00fa e ra-na, formando cos\u00ec la parola impura. Rap\u00e9 Emburana<\/p>\n<p>Punto fondamentale per riconoscere l&#8217;albero dell&#8217;Emburana sono i suoi minuscoli fiori biancastri, estremamente aromatici, che formano grappoli che ricoprono completamente i rami spogli. I tempi pi\u00f9 remoti si riferiscono all&#8217;Emburana come a un efficace condimento aromatizzante, tuttavia, nel tempo si \u00e8 scoperto che la pianta aveva molti altri vantaggi.<\/p>\n<p>Oltre a d essere comsumato come t\u00e8, l&#8217;albero emburana \u00e8 Molto utilizzato in falegnameria, il legno dell&#8217;Emburana \u00e8 marrone chiaro e chiaro, oltre ad essere poroso, utilizzato per lavori di interni e mobili, perch\u00e9 per mantenere il caratteristico odore di cumarina allontana a lungo gli insetti. Originaria della Caatinga, la pianta si trova principalmente nel nord-est del Brasile ed \u00e8 stata utilizzata per secoli dalla popolazione di Cabocla.<\/p>\n<p><strong>Nome scientifico: <\/strong>Amburana cereenses<\/p>\n<p><strong>Famiglia: <\/strong>Fabacee<\/p>\n<p><strong>Nomi popolari: <\/strong>Emburana, Amburana,<\/p>\n<p><b>Chakra <\/b>: Laringe Tiroide e Cuore<\/p>\n<p><strong>Intesit\u00e0:<\/strong> Medio Forte<\/p>\n<p><strong>Benefici e Trattamento Rap\u00e9 Emburana<\/strong>:Uno dei maggiori vantaggi di Emburana \u00e8 la sua efficacia nel trattamento delle malattie respiratorie. Asma, bronchite, raffreddore e influenza, tosse e infezioni polmonari.<br \/>\n<\/div>\n<div id=\"tab_composizione\" class=\"panel entry-content\" role=\"tabpanel\" aria-labelledby=\"tab-composizione\">\n<p><strong>Ingredientes principais : Mapacho,Cinzas, Ervas<\/strong><\/p>\n<h4>P\u00f3 Poderoso Que ele Libera O C\u00e9rebro De Cargas E Blocos, a partir do medo e da vergonha, dando a energia, a presen\u00e7a, a concentra\u00e7\u00e3o e a centraliza\u00e7\u00e3o, expandir a consci\u00eancia e abrir o cora\u00e7\u00e3o, trazendo insights profundos sobre coisas para fazer, atraindo a abund\u00e2ncia e a felicidade e a realiza\u00e7\u00e3o Rap\u00e9..<\/h4>\n<p><b>Todos os nossos Rap\u00e9<\/b> eles s\u00e3o feitos com as cinzas da casca do tronco da \u00e1rvore de que eles devem o seu nome a rap\u00e8 ou ervas secas em p\u00f3, e org\u00e2nicos. Todas as receitas s\u00e3o feitas com muito amor, respeito e f\u00e9<\/p>\n<\/div>\n<div id=\"tab_propriet\u00e0\" class=\"panel entry-content\" role=\"tabpanel\" aria-labelledby=\"tab-propriet\u00e0\">\n<p><strong>Especifica\u00e7\u00f5es De Rap\u00e9<\/strong><\/p>\n<p><b>Benef\u00edcios e Tratamento: <\/b>Purificador<\/p>\n<h3><b>Eles propriedade B\u00e1sica que todos os Nossos Rap\u00e9<\/b><\/h3>\n<ul>\n<li>Ajuda a limpar a mente e parar o di\u00e1logo interno<\/li>\n<li>Ela ajuda a eliminar o catarro, e os parasitas dos seios frontais do par\u00e1 e nasal<\/li>\n<li>Aplicado em feridas tem de cicatriza\u00e7\u00e3o de feridas, e antibi\u00f3tico<\/li>\n<li>A asma<\/li>\n<li>Bronconeumon\u00eda<\/li>\n<li>Calma<\/li>\n<li>Centraliza\u00e7\u00e3o<\/li>\n<li>Permite-lhe estar presente para ser capaz de olhar al\u00e9m de suas pr\u00f3prias interpreta\u00e7\u00f5es<\/li>\n<li>Descompacta a press\u00e3o do cr\u00e2nio<\/li>\n<li>Limpa, tipos e alinha os campos de energia, especialmente chakras terceiro olho \/ cabe\u00e7a: para cima e para baixo a partir desses atrav\u00e9s da coluna vertebral<\/li>\n<li>Tamb\u00e9m \u00e9 um potente analg\u00e9sico para dor de cabe\u00e7a e do corpo<\/li>\n<li>\u00c9 muito eficaz no tratamento de problemas do sistema respirat\u00f3rio e digestivo<\/li>\n<li>Ele \u00e9 muito poderoso, mesmo em tratamentos do sistema digestivo<\/li>\n<li>\u00c9 calmante e antipir\u00e9ticas<\/li>\n<li>\u00c9 um Rem\u00e9dio para a visibilidade do esp\u00edrito<\/li>\n<li>Remover o excesso de catarro acumulado<\/li>\n<li>Elimina dores de cabe\u00e7a, sonol\u00eancia e tonturas<\/li>\n<li>Cuidados de energia diretamente medos, ansiedades e outras relacionadas com a energia do plexo solar: se ele provoca v\u00f4mitos, \u00e9 porque a pessoa est\u00e1 eliminando o denso em energia acumulada.<\/li>\n<li>Evolu\u00e7\u00e3o Espiritual<\/li>\n<li>Promove o movimento perist\u00e1ltico intestinal<\/li>\n<li>Muitas pessoas cuidam de sua sinusite e rinite, com isso, tornando-os imunes, doen\u00e7as do sistema respirat\u00f3rio<\/li>\n<li>Paz<\/li>\n<li>Ele permite compreender o que \u00e9 a medita\u00e7\u00e3o em um n\u00edvel consciente<\/li>\n<li>Permite que voc\u00ea alcance um estado de medita\u00e7\u00e3o, muito profundo<\/li>\n<li>Ele limpa toda a sujeira e sujeira de anos, que \u00e9 a causa de problemas como sinusite e enxaqueca<\/li>\n<li>Limpeza Dos Chakras<\/li>\n<li>Enraizamento<\/li>\n<li>Relaxamento<\/li>\n<li>Oportunidades Em Energia<\/li>\n<\/ul>\n<p>Medicamento poder que o conecta com a energia de Youshibu (Deus da Cria\u00e7\u00e3o).<\/p>\n<p>Ele funciona tanto na cura espiritual e f\u00edsica.<\/p>\n<p>S\u00f3 deve ser usado para esses fins, de forma adequada, em uma \u00e1rea tranquila, ambiente tranquilo e preparado.<\/p>\n<\/div>\n<div id=\"tab_come-si-f\u00e0-?\" class=\"panel entry-content\" role=\"tabpanel\" aria-labelledby=\"tab-come-si-f\u00e0-?\">\n<h3><b>Como Aplicar Rap\u00e9 ?<\/b><\/h3>\n<p>Com<a href=\"https:\/\/karmarando.com\/pt\/kuripe\/\" target=\"_blank\" rel=\"noopener\"><strong> Kuripe<\/strong><\/a> que \u00e9 um fork V faz\u00ea-lo sozinho ou com<a href=\"https:\/\/karmarando.com\/pt\/tepi\/\" target=\"_blank\" rel=\"noopener\"><strong> Tepi<\/strong> <\/a>para t\u00ea-lo feito por algu\u00e9m que mantendo-se neutro, pode nos dar mais uma vantagem em receber.<\/p>\n<p>\u00c9 muito importante que a pessoa est\u00e1 preparada para receber o esp\u00edrito da floresta atrav\u00e9s do Rap\u00e9.<\/p>\n<p>Voc\u00ea precisa ter um corpo que \u00e9 limpa, em um ambiente prop\u00edcio e, especialmente, com o prop\u00f3sito de consagrar este santo rem\u00e9dio.<\/p>\n<p><strong>Aplicar o Rap\u00e8<\/strong>voc\u00ea pode estar Sozinho, com um parceiro:<\/p>\n<p>Usando apenas o Kuripe, com um parceiro, Use O Tepi, neste caso, que ser\u00e1 aplicada com a Tepi, \u00e9 necess\u00e1rio ter adquirido um certo n\u00edvel de prepara\u00e7\u00e3o, ficar neutro e centralizado, sem projetar o seu humor.<\/p>\n<p>Em seguida, voc\u00ea deve continuar a postar e simplesmente projetando um monte de amor. Em qualquer caso, \u00e9 necess\u00e1rio concentra\u00e7\u00e3o, saud\u00e1vel, com um prop\u00f3sito, uma inten\u00e7\u00e3o, com confian\u00e7a e f\u00e9, e uma t\u00e9cnica de sopro.<\/p>\n<p>Somente desta forma, a medicina vai ter o maior benef\u00edcio.<\/p>\n<p><b>O Rap\u00e9 deve ser aplicado em ambas as narinas. Cada cavidade nasal \u00e9 uma corrente de energia para o corpo:<\/b><b>O melhor a fazer sempre o primeiro atrav\u00e9s da narina esquerda<\/b><b>Lado esquerdo:<\/b> O canal da Lua (receptor \u2013 yin).<\/p>\n<p>Ele d\u00e1 o poder para as emo\u00e7\u00f5es em seu estado puro, libertando-o de uma profunda alegria, puro amor, compaix\u00e3o e habilidades art\u00edsticas.<\/p>\n<p>\u00c9 o lado feminino. Os problemas t\u00edpicos s\u00e3o o apego emocional, depress\u00e3o, baixa auto-estima, sentimentos de culpa e de apatia.<\/p>\n<p><b>Do lado direito:<\/b> O canal do Sol (emissor \u2013 yang). Ele d\u00e1 o poder para a mente racional, permite que voc\u00ea para aprender e adquirir a for\u00e7a necess\u00e1ria para superar os problemas pelo esfor\u00e7o. Este \u00e9 o lado masculino. Os problemas t\u00edpicos s\u00e3o ego\u00edstas ou de comportamento violento, a arrog\u00e2ncia e o orgulho.Quem recebe apenas um lado entra em um processo que ainda \u00e9 mais alto do que o normal; isso \u00e9 porque voc\u00ea n\u00e3o abandonaram corretamente e recusou o Medicamento, que \u00e9 tamb\u00e9m uma recusa para si, e o esp\u00edrito do Rap\u00e9.<\/p>\n<p><b>Os tipos de sopros : <\/b>H\u00e1 muitos, a partir da pineal ( sopro seco e decidido, mas por um longo tempo) ou mais longos, lentos.. (voc\u00ea vai encontrar os artigos no blog, use a busca)<\/p>\n<p><b>\u00c9 importante objectivo para beber 2 copos de \u00e1gua antes e \u00e1gua durante, ap\u00f3s cerca de 7 minutos a partir do aplicativo, de modo a chegar a vomitar<\/b><\/p>\n<\/div>\n<div id=\"tab_dosaggio\" class=\"panel entry-content\" role=\"tabpanel\" aria-labelledby=\"tab-dosaggio\">\n<p><strong>A quantidade Correta<\/strong> voc\u00ea come\u00e7a com um pouco de o que deve ser t\u00e3o grande quanto uma ervilha, mas a tend\u00eancia \u00e9 de aumento, atingindo o tamanho de uma avel\u00e3 com casca, mas o que n\u00e3o exclui, para os veteranos que est\u00e1 a mais. Isto est\u00e1 de acordo com as diferen\u00e7as entre o peso do pr\u00f3prio corpo, a toler\u00e2ncia, o metabolismo, e a sensibilidade pessoal.<\/p>\n<ul>\n<li>\u00c9 importante ouvir o \u00cdcaros com fones de ouvido para alcan\u00e7ar o estado meditativo, sem o pensamento e a cura.<\/li>\n<li>A pessoa que toma Rap\u00e9, pela primeira vez, tem de estar ciente do que \u00e9 e o que ele est\u00e1 fazendo, levando-a com respeito e responsabilidade, o qual \u00e9 um santo rem\u00e9dio \u00e9 muito poderoso, e a necessidade de respeitar<\/li>\n<\/ul>\n<p><strong>Psicologicamente cuidado com os medos.<\/strong><\/p>\n<p>Uma aplica\u00e7\u00e3o pode trazer o assunto para testar a sua pr\u00f3pria sombra, e ter acesso ao seu fobias mais obscuros, de modo que eles podem ser vistos e resolvidos. In\u00fameras experi\u00eancias de demonstrar a sua efic\u00e1cia no tratamento de depress\u00f5es, medos, obsessivo, ins\u00f4nia e ansiedade.<\/p>\n<p>Muitas pessoas t\u00eam abandonado a fumar depois de come\u00e7ar a usar o Rap\u00e9.<\/p>\n<\/div>\n<div id=\"tab_come-viene-fatto-il-rap\u00e9\" class=\"panel entry-content\" role=\"tabpanel\" aria-labelledby=\"tab-come-viene-fatto-il-rap\u00e9\">\n<ul>\n<li>Nossa <strong>Rap\u00e9<\/strong> s\u00e3o produzidos usando uma combina\u00e7\u00e3o de terra e a cinza de \u00e1rvores sagradas com propriedades medicinais.<\/li>\n<li>Nossa Rap\u00e9 100% naturais e s\u00e3o livres de pesticidas e produtos qu\u00edmicos .<\/li>\n<li>As propriedades medicinais s\u00e3o \u00fateis para o tratamento f\u00edsico e mental disorders<\/li>\n<li>Nossa rap\u00e9 s\u00e3o feitas com muito respeito, dedica\u00e7\u00e3o, amor e f\u00e9.<\/li>\n<\/ul>\n<p><strong>Ir atrav\u00e9s de um processo<\/strong> peneirar para tornar extra acabar na ponta da neve em p\u00f3, tornando mais f\u00e1cil para obter o Rap\u00e9 de difus\u00e3o e expans\u00e3o da forma mais eficiente.<\/p>\n<p>Ap\u00f3s este processo, \u00e9 energizado com pedras e cristais e uma pir\u00e2mide, al\u00e9m de um per\u00edodo em que as luzes (cromoterapia).A sua parte da conex\u00e3o espiritual \u00e9 muito intensa, porque o Rap\u00e9, passando por nossas ora\u00e7\u00f5es ao sagrado (inten\u00e7\u00e3o) por v\u00e1rios dias em um tempo, crie com o objectivo de identificar-se com o esp\u00edrito da planta e, ouvindo as necessidades do corpo, assim desencadeando o processo de cura e a centraliza\u00e7\u00e3o constante.<\/p>\n<p>Nossa rap\u00e9 ajuda a aumentar a for\u00e7a da centraliza\u00e7\u00e3o e a corrente el\u00e9trica magn\u00e9tica pertencentes ao complexo sistema de kundalini\/DNA e de purifica\u00e7\u00e3o espiritual.<\/p>\n<\/div>\n<div id=\"tab_cos'\u00e8-il-rap\u00e9\" class=\"panel entry-content\" role=\"tabpanel\" aria-labelledby=\"tab-cos'\u00e8-il-rap\u00e9\">\n<p>\u00c9 uma ferramenta de santo medicamento de origem, o astral e o ancestral, guardado com amor e transmitidos por nossos antepassados, nossos av\u00f3s da selva t\u00eam utilizado e se beneficiado desta ferramenta\/medicina desde o in\u00edcio dos tempos, e hoje chegamos a mem\u00f3ria do original e renovado por este presente maravilhoso.<\/p>\n<p>O <strong>Rap\u00e9<\/strong>pode ser preparado com um ou mais medicamentos fitoter\u00e1picos e tamb\u00e9m minerais, considerando que a presen\u00e7a de ajuda para fazer o pedido, integrar e equilibrar a nossa energia e purificar a gl\u00e2ndula pineal, para direcion\u00e1-lo com um prop\u00f3sito espec\u00edfico.<\/p>\n<p>Ao mesmo tempo, o<strong> Rap\u00e9<\/strong> abre a porta para o esp\u00edrito e o universo, ajudando a despertar a pureza que existe em n\u00f3s.<\/p>\n<p>O <strong>Rap\u00e9<\/strong> \u00e9 o medicamento no ar. Em um tiro recebemos a b\u00ean\u00e7\u00e3o do Sopro do Vento, universal, fonte de energia, desmarque a nossa percep\u00e7\u00e3o, a mente limpa e abre os canais de energia mais elevada, para se conectar com a maior parte do nosso ser.<\/p>\n<p>Rap\u00e9 \u00e9 tamb\u00e9m um rem\u00e9dio para a vis\u00e3o do esp\u00edrito, que nos ajuda a libertar a mente e parar o di\u00e1logo interno, para ser verdadeiramente presente para ser capaz de ver al\u00e9m de nossas pr\u00f3prias interpreta\u00e7\u00f5es.<\/p>\n<\/div>\n<div id=\"tab_storia\" class=\"panel entry-content\" role=\"tabpanel\" aria-labelledby=\"tab-storia\">\n<p><b>A hist\u00f3ria do povo<\/b> <b>Yawanaw\u00e1, o produtor de outros rap\u00e8 al\u00e9m do Tsunu<\/b><b><i>Desde tempos imemoriais<\/i><\/b><i>os Yawanaw\u00e1 lidar com a fonte do rio Greg\u00f3rio, um afluente do rio Juru\u00e1, no munic\u00edpio de Tarauac\u00e1, no estado do Acre, na Amaz\u00f4nia ocidental. Vem do ramo da ling\u00fc\u00edstica Pano.<\/i><\/p>\n<p><b><i>Sua popula\u00e7\u00e3o hoje<\/i><\/b><i> \u00e9 de cerca de 1000 pessoas que vivem em sete aldeias. Eles eram muito numerosos no passado. No entanto, muitos foram dizimados pelos impactos trazidos pela coloniza\u00e7\u00e3o.<\/i><\/p>\n<p><b>Desde 1984<\/b>, <i>depois de anos de escravid\u00e3o, e de muitas batalhas, recuperou parte de seus territ\u00f3rios, e a demarca\u00e7\u00e3o de terras, com o apoio da Funda\u00e7\u00e3o Nacional do \u00cdndio \u2013 FUNAI. Foi a partir da\u00ed que recuperaram os seus direitos das Pessoas, afastando os mission\u00e1rios em suas terras, e iniciando a revitaliza\u00e7\u00e3o da sua cultura, da sua l\u00edngua, preservados na mem\u00f3ria de seus parentes mais velhos.<\/i><\/p>\n<p><b><i>Em contraste com a proibi\u00e7\u00e3o anteriormente, as mulheres que hoje se esperar a honra e a tarefa de preparar este excelente rap\u00e8<\/i><\/b><b><i>Os Yawanaw\u00e1<\/i><\/b><i> ( yawa \/queixadas de l\u00e1bios brancos; Nawa \/o povo), s\u00e3o um grupo que pertence \u00e0 fam\u00edlia ling\u00fc\u00edstica Pano, que hoje ocupa o terra Ind\u00edgena no rio de st. greg\u00f3rio, O nome &#039;Yawanaw\u00e1&#039; aparece nas fontes hist\u00f3ricas escritas de v\u00e1rias formas: Yawavo ou Yauavo, Jawanaua, Yawanaua ou Iawanawa. <\/i><\/p>\n<p><i>A forma &#039;Yawanaw\u00e1 \u00e9 aqui utilizado segue a ortografia utilizada nos manuais escolares e em outros documentos da paternidade ind\u00edgenas.<\/i><\/p>\n<p><b>A comunidade Yawanaw\u00e1 <\/b>na verdade, \u00e9 um conjunto de pessoas, que inclui membros de outros grupos: Shaw\u00e3dawa (Arara) , Iskunawa (conhecido hoje como o Shan\u00eanawa, que vive em um vilarejo perto da cidade de Feij\u00f3), Rununawa, Sainawa (geralmente conhecidos como os Yaminaw\u00e1 , que vive na regi\u00e3o do rio Bag\u00e9), e Katukina<\/p>\n<p><b>Esta configura\u00e7\u00e3o \u00e9 o resultado de uma din\u00e2mica sociol\u00f3gica comum a muitos grupos de Pano<\/b><\/p>\n<p>Alian\u00e7as por meio de casamentos, captura de mulheres durante a guerra, a migra\u00e7\u00e3o de fam\u00edlias, e uma s\u00e9rie de conting\u00eancias hist\u00f3ricas, em especial, as altera\u00e7\u00f5es causadas pela chegada dos n\u00e3o - \u00cdndios, incluindo epidemias, e as altera\u00e7\u00f5es demogr\u00e1ficas.<\/p>\n<p>Estes processos levaram \u00e0 incorpora\u00e7\u00e3o de pessoas para outras pessoas, no passado, de ter mantido rela\u00e7\u00f5es com os Yawanaw\u00e1.<\/p>\n<p>Entre os Yaminawa da terra ind\u00edgena do nascente do rio Acre, h\u00e1 um subgrupo que tamb\u00e9m leva o nome Yawanaw\u00e1. No entanto, os Yawanaw\u00e1 do rio Greg\u00f3rio, n\u00e3o est\u00e3o conscientes deste outro grupo com o mesmo nome.<\/p>\n<\/div>\n<div id=\"tab_disclaimer\" class=\"panel entry-content\" role=\"tabpanel\" aria-labelledby=\"tab-disclaimer\">\n<p><strong><span style=\"color: #d83131;\">A FOTO NA DESCRI\u00c7\u00c3O \u00c9 MERAMENTE INDICATIVA<\/span><\/strong><\/p>\n<p><strong><span style=\"color: #d83131;\">PRODUTOS S\u00c3O GARANTIDOS A PARTIR DE KARMARANDO<\/span><\/strong><br \/>\n<strong><span style=\"color: #d83131;\">Para os produtos, de PLANTAS, de INCENSO, E os p\u00f3s PREPARADOS NO MOMENTO, n\u00e3o \u00e9 poss\u00edvel ser feitas DEVOLU\u00c7\u00d5ES ou REEMBOLSOS<\/span><\/strong><\/p>\n<p>O <strong>termos utilizados<\/strong> as categorias e as tags n\u00e3o quero sugerir para o uso medicinal e recreativo produtos, apenas classific\u00e1-los de acordo com seu uso hist\u00f3rico, cient\u00edfico e social.<\/p>\n<p><strong>As receitas s\u00e3o fornecidos como uma cient\u00edficos<\/strong>eles n\u00e3o querem incentivar os clientes a repeti-las, nem para consumir os produtos.<\/p>\n<p><strong>Nosso conte\u00fado<\/strong> n\u00e3o foram avaliadas pela FDA ou por qualquer figura da profiss\u00e3o m\u00e9dica: as poss\u00edveis aplica\u00e7\u00f5es, indica\u00e7\u00f5es, dosagem e avisos s\u00e3o descritos somente para fins educacionais, especula\u00e7\u00f5es e pessoal, e n\u00e3o constitui aconselhamento m\u00e9dico.<\/p>\n<p><strong>Os produtos s\u00e3o vendidos<\/strong> como incenso, Sab\u00f5es, Resinas e cole\u00e7\u00e3o bot\u00e2nica, e material de investiga\u00e7\u00e3o cient\u00edfica.<\/p>\n<p><span style=\"color: #ed1c24; font-size: 115%;\"><strong>Eles n\u00e3o s\u00e3o destinados para o consumo humano.<br \/>\nPara ser capaz de comprar nossos produtos, voc\u00ea deve ter mais de 18 anos de idade e n\u00e3o s\u00e3o adequados para as mulheres que est\u00e3o gr\u00e1vidas e\/ou lactantes.<\/strong><\/span><\/p>\n<p>Para obter mais informa\u00e7\u00f5es sobre <strong>KARMARANDO<\/strong> visite <a href=\"https:\/\/www.instagram.com\/karmarando1\/\" target=\"_blank\" rel=\"noopener\"><br \/>\n<span style=\"color: #0000ff;\"><strong>nesta p\u00e1gina<\/strong><\/span><\/a> ou leia as \u00faltimas not\u00edcias sobre <a href=\"https:\/\/karmarando.com\/pt\/blog\/\" target=\"_blank\" rel=\"nofollow noopener\"><strong><span style=\"color: #0000ff;\">BLOG<\/span><\/strong><\/a><\/p>\n<\/div><\/div><\/div>","protected":false},"excerpt":{"rendered":"<p>Rap\u00e9 Emburana \u2013 Respira\u00e7\u00f5es Profundas, O Divino<\/p>","protected":false},"featured_media":5621,"comment_status":"open","ping_status":"closed","template":"","meta":[],"product_brand":[468],"product_cat":[186,187,185,1121],"product_tag":[1050],"class_list":{"0":"post-5537","1":"product","2":"type-product","3":"status-publish","4":"has-post-thumbnail","6":"product_brand-karmarando","7":"product_cat-cat-rape","8":"product_cat-rape-brasiliano","9":"product_cat-rapee-e-co","10":"product_cat-rape-tradizionale","11":"product_tag-rape-emburana","12":"pa_brand-karmarando","13":"pa_ean-1215","14":"pa_fragranza-ceneri","15":"pa_fragranza-erbe","16":"pa_fragranza-mapacho","17":"pa_ingredienti-ceneri","18":"pa_ingredienti-erbe","19":"pa_ingredienti-mapacho","20":"pa_momento-di-assunzione-mattina-a-digiuno","21":"pa_momento-di-assunzione-sera-lontano-dai-pasti","22":"pa_paese-di-fabbricazione-brasile","23":"pa_principi-attivi-geissospermina","24":"pa_principi-attivi-harman","25":"pa_principi-attivi-norharman","26":"pa_somministrazione-nasale","27":"pa_tipo-polvere","28":"pa_unita-di-misura-10-g","29":"pa_unita-di-misura-20-g","30":"pa_unita-di-misura-50-g","31":"pa_uso-principale-aiuta-a-liberare-la-mente-e-interrompere-il-dialogo-interiore","32":"pa_uso-principale-aiuta-ad-eliminare-il-catarro-e-i-parassiti-dei-seni-frontali-paranasali-e-nasali","33":"pa_uso-principale-e-anche-un-potente-analgesico-per-dolori-alla-testa-e-al-corpo","34":"pa_uso-principale-asma","35":"pa_uso-principale-blocchi-energetici","36":"pa_uso-principale-broncopolmonite","37":"pa_uso-principale-calma","38":"pa_uso-principale-centratura","39":"pa_uso-principale-consente-di-essere-presente-per-riuscire-a-guardare-oltre-le-proprie-interpretazioni","40":"pa_uso-principale-energeticamente-cura-in-modo-diretto-paure-ansie-e-altre-energie-connesse-al-plesso-solare-se-causa-vomito-e-perche-la-persona-sta-eliminando-le-energie-dense-accumulate","41":"pa_uso-principale-decomprime-la-pressione-del-cranio","42":"pa_uso-principale-depura-ordina-e-allinea-i-campi-energetici-specialmente-i-chakra-del-terzo-occhio-e-della-testa-sale-e-scende-da-quelli-attraverso-la-colonna-vertebrale","43":"pa_uso-principale-elimina-leccesso-di-flemma-accumulato","44":"pa_uso-principale-elimina-mal-di-testa-sonnolenza-e-stordimento","45":"pa_uso-principale-evoluzione-spirituale","46":"pa_uso-principale-favorisce-il-movimento-peristaltico-intestinale","47":"pa_uso-principale-applicato-sulle-ferite-ha-funzioni-cicatrizzanti-e-antibiotiche","48":"pa_uso-principale-pace","49":"pa_uso-principale-permette-di-capire-che-cose-la-meditazione-a-livello-cosciente","50":"pa_uso-principale-permette-di-raggiungere-uno-stato-di-meditazione-molto-profondo","51":"pa_uso-principale-e-molto-efficace-anche-nel-trattamento-di-problemi-al-sistema-respiratorio-e-digestivo","52":"pa_uso-principale-procastinaggio","53":"pa_uso-principale-procastinamenrto","54":"pa_uso-principale-pulisce-tutta-la-sporcizia-accumulata-da-anni-che-e-causa-di-problemi-come-sinusite-ed-emicrania","55":"pa_uso-principale-pulizia-chakra","56":"pa_uso-principale-radicamento","57":"pa_uso-principale-rilassamento","58":"pa_uso-principale-e-rilassante-e-antipiretico","59":"pa_uso-principale-sbocchi-energetici","60":"pa_uso-principale-molte-persone-curano-la-loro-sinusiti-e-rinite-con-questa-rende-immuni-anche-dalle-malattie-dellapparato-respiratorio","61":"pa_uso-principale-toglie-i-parassiti-e-pulisce-gli-intestini","62":"pa_uso-principale-unione-del-tutto-in-uno","63":"pa_uso-principale-e-rimedio-per-la-visibilita-dello-spirito","64":"pa_uso-principale-visione-animica","66":"first","67":"instock","68":"shipping-taxable","69":"purchasable","70":"product-type-variable"},"_links":{"self":[{"href":"https:\/\/karmarando.com\/pt\/wp-json\/wp\/v2\/product\/5537","targetHints":{"allow":["GET"]}}],"collection":[{"href":"https:\/\/karmarando.com\/pt\/wp-json\/wp\/v2\/product"}],"about":[{"href":"https:\/\/karmarando.com\/pt\/wp-json\/wp\/v2\/types\/product"}],"replies":[{"embeddable":true,"href":"https:\/\/karmarando.com\/pt\/wp-json\/wp\/v2\/comments?post=5537"}],"wp:featuredmedia":[{"embeddable":true,"href":"https:\/\/karmarando.com\/pt\/wp-json\/wp\/v2\/media\/5621"}],"wp:attachment":[{"href":"https:\/\/karmarando.com\/pt\/wp-json\/wp\/v2\/media?parent=5537"}],"wp:term":[{"taxonomy":"product_brand","embeddable":true,"href":"https:\/\/karmarando.com\/pt\/wp-json\/wp\/v2\/product_brand?post=5537"},{"taxonomy":"product_cat","embeddable":true,"href":"https:\/\/karmarando.com\/pt\/wp-json\/wp\/v2\/product_cat?post=5537"},{"taxonomy":"product_tag","embeddable":true,"href":"https:\/\/karmarando.com\/pt\/wp-json\/wp\/v2\/product_tag?post=5537"}],"curies":[{"name":"wp","href":"https:\/\/api.w.org\/{rel}","templated":true}]}}