{"id":4888,"date":"2022-03-06T23:55:15","date_gmt":"2022-03-06T22:55:15","guid":{"rendered":"https:\/\/www.karmarando.com\/?post_type=product&#038;p=4888"},"modified":"2026-04-02T10:02:58","modified_gmt":"2026-04-02T08:02:58","slug":"bufo-alvarius","status":"publish","type":"product","link":"https:\/\/karmarando.com\/pt\/piante-di-potere\/kambo-e-bufo\/bufo-alvarius\/","title":{"rendered":"Bufo Alvarius Sapo Sapito"},"content":{"rendered":"<div class=\"tabbed-content\">\n\t\t\t\n\t\t\t<ul class=\"nav nav-pills nav-uppercase nav-size-small nav-center\" role=\"tablist\"><li id=\"tab-descrizione\" class=\"tab active has-icon\" role=\"presentation\"><a href=\"#tab_descrizione\" role=\"tab\" aria-selected=\"true\" aria-controls=\"tab_descrizione\"><span>Descri\u00e7\u00e3o<\/span><\/a><\/li>\n<li id=\"tab-propriet\u00e0\" class=\"tab has-icon\" role=\"presentation\"><a href=\"#tab_propriet\u00e0\" tabindex=\"-1\" role=\"tab\" aria-selected=\"false\" aria-controls=\"tab_propriet\u00e0\"><span>Propriedade<\/span><\/a><\/li>\n<li id=\"tab-come-si-f\u00e0?\" class=\"tab has-icon\" role=\"presentation\"><a href=\"#tab_come-si-f\u00e0?\" tabindex=\"-1\" role=\"tab\" aria-selected=\"false\" aria-controls=\"tab_come-si-f\u00e0?\"><span>Como fica?<\/span><\/a><\/li>\n<li id=\"tab-disclaimer\" class=\"tab has-icon\" role=\"presentation\"><a href=\"#tab_disclaimer\" tabindex=\"-1\" role=\"tab\" aria-selected=\"false\" aria-controls=\"tab_disclaimer\"><span>ISEN\u00c7\u00c3O de responsabilidade<\/span><\/a><\/li><\/ul><div class=\"tab-panels\"><div id=\"tab_descrizione\" class=\"panel active entry-content\" role=\"tabpanel\" aria-labelledby=\"tab-descrizione\">\n<h3><strong>Bufo Alvarius Sapo Sapito NATURAL da SECRE\u00c7\u00c3O DO SAPO DO DESERTO sonoran (A MOL\u00c9CULA DE DEUS)<\/strong><\/h3>\n<p><strong>Bufo Alvarius a NATUREZA NOS FORNECE SUBST\u00c2NCIAS QUE NOS levar de VOLTA \u00c0 NOSSA ESS\u00caNCIA<\/strong><br \/>\nA medicina Ancestral nos levam a CULMINA\u00c7\u00c3O de Uma experi\u00eancia que se reconecta-nos e leva-nos para a uni\u00e3o de tudo-em-um. Requer a conscientiza\u00e7\u00e3o e para os iniciantes, o acompanhamento e o processo de prepara\u00e7\u00e3o e integra\u00e7\u00e3o apropriadas \u00e0 sua intensidade e profundidade.<br \/>\nBufo Alvarius Sapo Sapito<br \/>\n<strong>CONEX\u00c3O COM O TODO \u2013 Experi\u00eancia de cura e expans\u00e3o da consci\u00eancia, uma Experi\u00eancia que as palavras n\u00e3o podem explicar!<\/strong><\/p>\n<p>Bufo Alvarius Sapo Sapito<br \/>\n<\/div>\n<div id=\"tab_propriet\u00e0\" class=\"panel entry-content\" role=\"tabpanel\" aria-labelledby=\"tab-propriet\u00e0\">\n<p><strong>SOBRE O SAPO Bufo Alvarius<\/strong><\/p>\n<p>Bufo Alvarius \u00e9 um anf\u00edbio da fam\u00edlia , \u00e9 um sapo que vive no deserto de Sonora no M\u00e9xico, e a partir do qual podemos extrair a 5 MEO DMT org\u00e2nica, que \u00e9 uma subst\u00e2ncia que \u00e9 extra\u00edda atrav\u00e9s de suas gl\u00e2ndulas par\u00f3tidas, esta \u00e9 uma esp\u00e9cie de hiberna\u00e7\u00e3o de dez meses, no submundo, e sobe para a superf\u00edcie durante a esta\u00e7\u00e3o chuvosa para se alimentar e reproduzir , \u00e9 importante lembrar que para obter esta subst\u00e2ncia no sapo n\u00e3o sofrer nem morrer, ele apenas recolhe as toxinas e o sapo est\u00e1 liberado, mas \u00e9 muito dif\u00edcil obt\u00ea-lo, pois a superf\u00edcie poucas vezes ao ano.<\/p>\n<p>5 MEO DMT (5-metoxi-N, N-dimetiltriptamina) \u00e9 conhecido por v\u00e1rios nomes, tais como Bufo Alvarius, a Medicina do Sapito ou Mol\u00e9cula de Dios , mas n\u00e3o importa como n\u00f3s o chamamos, e sem medo de mentir, podemos dizer que ele \u00e9 o enteogeno a mais poderosa do mundo.<\/p>\n<p>Foram realizados estudos cient\u00edficos, no qual verificou-se que a 5-MEO DMT, bem como outras triptaminas, promove a reabsor\u00e7\u00e3o de serotonina e melatonina, provocando altera\u00e7\u00f5es na esfera da percep\u00e7\u00e3o, e \u00e9 considerado um neurotransmissor porque ela \u00e9 encontrada naturalmente no c\u00e9rebro e \u00e9 conhecido como &#034;alimento para o pensamento&#034; .<\/p>\n<p>Este neurotransmissor \u00e9 produzido naturalmente pela gl\u00e2ndula pineal durante os momentos importantes da vida de um ser humano, verificou-se que h\u00e1 explos\u00f5es desta subst\u00e2ncia, \u00e9 claro, no momento do nascimento e da morte, mas tamb\u00e9m \u00e9 produzido em pequenas quantidades durante os per\u00edodos de estados positivos da mente e na fase de sono profundo ou REM.<\/p>\n<p>Tamb\u00e9m \u00e9 importante lembrar que ele foi cientificamente comprovado que o uso de Bufo Alvarius Sapo Sapito n\u00e3o causar qualquer tipo de v\u00edcio, porque ele n\u00e3o est\u00e1 fins recreativos, mas isso quebra a depend\u00eancias de qualquer tipo de subst\u00e2ncia, anexos e emocional compuls\u00f5es, e atualmente \u00e9 utilizado como uma terapia em centros de reabilita\u00e7\u00e3o.<\/p>\n<h3><strong>ISSO ACONTECE NOS RETIROS<\/strong><\/h3>\n<p>Existem centros de baja Calif\u00f3rnia, onde uma equipe de m\u00e9dicos e psic\u00f3logos que trabalham com este medicamento para a dissolu\u00e7\u00e3o da mem\u00f3ria celular traum\u00e1tico caminho, que leva \u00e0 g\u00eanese de muitas depend\u00eancias.<\/p>\n<p>Na comunidade, S\u00e9rio deserto, este medicamento tem curado a muitos que sofrem de depend\u00eancia para o &#034;anfe-ta-mina&#034;, e permitiu que centenas de pessoas para transcender o medo da morte, bem como de depress\u00e3o grave e transtornos de ansiedade, crise de identidade, fadiga e existencial perda do sentido da vida<\/p>\n<h3><strong>MUDAN\u00c7A DE VIDA-EXPERI\u00caNCIAS<\/strong><\/h3>\n<p>\u00c9 uma experi\u00eancia de cura teRap\u00e9utico de grande pureza espiritual, na qual \u00e9 recuperar a mem\u00f3ria do que somos.<\/p>\n<p>Os limites de identidade e dissolver-se como o sal na \u00e1gua, o oceano da consci\u00eancia, completamente liberar o estresse acumulado e emo\u00e7\u00f5es reprimidas.<\/p>\n<p>O ponto culminante da experi\u00eancia que voc\u00ea j\u00e1 tem 3 minutos ap\u00f3s a ingest\u00e3o, em seguida, voc\u00ea vai entrar em um estado de paz e serenidade, at\u00e9 que, gradualmente, voc\u00ea vai voltar para o ego e uma recupera\u00e7\u00e3o do normal sensa\u00e7\u00f5es.<\/p>\n<h3><strong>Bufo Alvarius Sapo Sapito o QUE \u00c9? POR qu\u00ea e Qual \u00c9 a LEI em TORNO de S\u00c3O HERESIAS?<\/strong><\/h3>\n<p>O 5meoDMT est\u00e1 naturalmente no corpo humano. O grupo metoxi localizado no quinto anel indolico permite que fora qualquer medicamento em quest\u00e3o de segundos, a barreira sangue-c\u00e9rebro, assim como para obter acesso r\u00e1pido \u00e0 experi\u00eancia. No que se difere da Ayahuasca, os efeitos que duram por horas com o processo de digest\u00e3o.<\/p>\n<p>N\u00e3o h\u00e1 perigo de overdose, uma vez que o n\u00famero de receptores triptaminici das c\u00e9lulas \u00e9 limitada, e uma vez coberto, o corpo n\u00e3o absorve mais a medicina. N\u00e3o existem casos documentados de morte relacionadas com a subst\u00e2ncia como causa direta, ou danos f\u00edsicos ou mentais irrepar\u00e1veis<\/p>\n<h3><strong> A chave para esta cura \u00e9 O PROP\u00d3SITO E O CONTEXTO deste maravilhoso medicina ESPIRITUAL E SAGRADO <\/strong><\/h3>\n<p>Apenas a 10 segundos de uma inala\u00e7\u00e3o profunda e, em seguida, que eu s\u00f3 posso descrever como o mais incr\u00edvel orgasmo que pode ser concebido, tendo jogado para fora da mente para a vastid\u00e3o do tempo e do espa\u00e7o, em uma explos\u00e3o de luz, incrivelmente linda, maravilhosa e impressionante ao mesmo tempo.<\/p>\n<p>Voc\u00ea existe como consci\u00eancia pura, sem que minhas convic\u00e7\u00f5es, pensamentos, mente, e corpo, nos acompanhou. Nada do que eu estou me limitando participaram da experi\u00eancia. Eu tenho atravessado um limiar em que o infinito que reside em mim, \u00e9 o momento que todo o universo, mostrando-me que eles n\u00e3o s\u00e3o duas realidades diferentes, mas apenas um.<\/p>\n<p>Agora eu entendo porque nos contos de fadas, Sapos e Sapos s\u00e3o muito muito citado e se transformam em Pr\u00edncipes.<\/p>\n<p>N\u00e3o h\u00e1 outra maneira de definir o que eu vivia, se n\u00e3o dizer que eu vi tudo, eu era tudo, e entendi tudo, por alguns momentos, indescrit\u00edvel.<\/p>\n<p>O retorno desta revela\u00e7\u00e3o me trouxe de volta a uma realidade que agora meus sentidos percebem mais claramente e precisamente de: a cor do c\u00e9u, os tons de verde das \u00e1rvores, o som das m\u00fasicas com que este tipo de m\u00fasica, e que o tambor que tem me acompanhado, foi perfeito...tudo era muito, muito boa e variada.<\/p>\n<p>Eu ouvi que eu estava morto e ressuscitado, e lembro-me de l\u00e1grimas de pura emo\u00e7\u00e3o, a alegria de estar vivo. Meu corpo \u00e9 sacudido, inundado por uma torrente de emo\u00e7\u00f5es passou por isso, como se a energia da m\u00e3e terra, eu estava a ativa\u00e7\u00e3o.<\/p>\n<p>Eu repeti, s\u00f3 a palavra, gra\u00e7as aos v\u00e1rios minutos, em que eu estava profundamente comovido e feliz, imensamente feliz.<\/p>\n<\/div>\n<div id=\"tab_come-si-f\u00e0?\" class=\"panel entry-content\" role=\"tabpanel\" aria-labelledby=\"tab-come-si-f\u00e0?\">\nO <strong>A SECRE\u00c7\u00c3O de<\/strong> obtido a partir de gl\u00e2ndulas do sapo, secos ao sol para cristalizar, esse processo geralmente requer v\u00e1rias horas, enquanto ela se vaporiza e se endurece, a medicina do<strong> sapo \u00e9 administrado atrav\u00e9s de um tubo de pirex de vidro \u00e9 aquecido com um ma\u00e7arico,<\/strong> de modo que ele pode ser vaporizato, pois desta forma o 5-MeO-DMT atinge o c\u00e9rebro diretamente, e permite que o participante para viver em poucos minutos de uma das mais profundas experi\u00eancias, cura e libertadora que algu\u00e9m pode viver.<\/p>\n<p>Una volta consumata la secrezione si sperimenta immediatamente una dissoluzione della proprio ego e si perde ogni consapevolezza dell\u2019ambiente e del corpo fisico per entrare in un profondo viaggio verso l\u2019interno e un tutto in uno, dove si pu\u00f2 sperimentare una connessione con la divinit\u00e0, con l\u2019universo, con il tutto. Non importa come lo concepisci, l\u2019esperienza ti mostra un\u2019unit\u00e0 e una connessione energetica ineffabile, che nonostante si sente la percezione delle altre anime, non le si vede piu con gli occhi come del resto l&#8217;ambiente circostante, il tempo, lo spazio, svaniscono, cedendo il posto ad ultrasuoni e una luce bianca divinica con senso di pace e liberazione di ongi soffriemento.&lt;<\/p>\n<p>Podemos dizer que &#034;n\u00e3o h\u00e1 palavras&#034; para descrever uma experi\u00eancia t\u00e3o significativa, revelando e divina.<\/p>\n<p>Se voc\u00ea se entregar \u00e0 experi\u00eancia, sem julgamento, permitindo a libera\u00e7\u00e3o de maior quantidade de energia negativa acumulada, voc\u00ea pode experimentar com, literalmente, um renascimento e decidiu recome\u00e7ar, para desfrutar de uma vida completa.<\/p>\n<p>Apesar de voc\u00ea perder toda a no\u00e7\u00e3o de tempo, o que pode parecer muito tempo,mas, na realidade, ela ir\u00e1 durar de 15 a 30 minutos e, ao final da experi\u00eancia, voc\u00ea come\u00e7a a integrar a nova consci\u00eancia e realidade, encontrar novas emo\u00e7\u00f5es e sensa\u00e7\u00f5es que nos permitem desfrutar de uma profunda felicidade, paz e tranquilidade, encontrar a clareza e a concentra\u00e7\u00e3o sfrutando portanto, os esfor\u00e7os nas coisas de valor real, a partir de si mesmos.<br \/>\n<strong>A experi\u00eancia De Unidade C\u00f3smica Que D\u00e1 Uma Vis\u00e3o Esclarecedora Si mesmo e Da exist\u00eancia.<\/strong><\/p>\n<h3><strong>EXPERI\u00caNCIA DE PROFUNDO, DE CURA<\/strong><\/h3>\n<p>A medicina do sapo promove a cura e a regenera\u00e7\u00e3o do corpo, estimulando o sistema imunol\u00f3gico, o que ajuda a acelerar a cura de algumas doen\u00e7as, em especial, aqueles criados por trauma emocional.<\/p>\n<p>A experi\u00eancia dura de 15 a 20 minutos, mas quem a vive perdido o senso de tempo, tendo, em vez disso, uma vertiginosa sensa\u00e7\u00e3o de eternidade, o infinito e a unidade com toda a cria\u00e7\u00e3o.<\/p>\n<p>Voc\u00ea pode at\u00e9 mesmo experimentar momentos de terr\u00edveis dificuldades, que s\u00e3o o prel\u00fadio para o encontro com o divino. Estes momentos anteriores de ecstasy e o sentimento &#034;oce\u00e2nico&#034; de total comunh\u00e3o com n\u00f3s mesmos e com a vida est\u00e3o relacionadas com a sensa\u00e7\u00e3o de ser jogado para o espa\u00e7o vazio em grande velocidade, e com a dissolu\u00e7\u00e3o do ego.<\/p>\n<p>\u00c9 necess\u00e1rio muita coragem para viver uma experi\u00eancia como essa com um Bufo Alvarius, aqueles que tentam cruzar este limiar da morte do ego \u00e9 retirado o v\u00e9u da ilus\u00e3o da separa\u00e7\u00e3o, e s\u00e3o totalmente submerso na experi\u00eancia m\u00e1xima da unidade. Uma vez que h\u00e1 uma separa\u00e7\u00e3o na percep\u00e7\u00e3o, ele recupera completamente a mem\u00f3ria de onde viemos e para onde estamos indo.<\/p>\n<p>\u00c9 um dever esclarecer que essa n\u00e3o \u00e9 a impress\u00e3o ou vagos sentimentos ou percep\u00e7\u00f5es fina, mas na verdade o que voc\u00ea pode vir com todo o seu Self: &#034;voc\u00eas s\u00e3o deuses, todos voc\u00eas s\u00e3o...&#034; e isso realmente \u00e9 um do mais profundo e poderoso do que um homem pode experimentar<\/p>\n<\/div>\n<div id=\"tab_disclaimer\" class=\"panel entry-content\" role=\"tabpanel\" aria-labelledby=\"tab-disclaimer\">\n<p><strong><span style=\"color: #d83131;\">A FOTO NA DESCRI\u00c7\u00c3O \u00c9 MERAMENTE INDICATIVA<\/span><\/strong><\/p>\n<p><strong><span style=\"color: #d83131;\">PRODUTOS S\u00c3O GARANTIDOS A PARTIR DE KARMARANDO<\/span><\/strong><br \/>\n<strong><span style=\"color: #d83131;\">Para os produtos, de PLANTAS, de INCENSO, E os p\u00f3s PREPARADOS NO MOMENTO, n\u00e3o \u00e9 poss\u00edvel ser feitas DEVOLU\u00c7\u00d5ES ou REEMBOLSOS<\/span><\/strong><\/p>\n<p>O <strong>termos utilizados<\/strong> as categorias e as tags n\u00e3o quero sugerir para o uso medicinal e recreativo produtos, apenas classific\u00e1-los de acordo com seu uso hist\u00f3rico, cient\u00edfico e social.<\/p>\n<p><strong>As receitas s\u00e3o fornecidos como uma cient\u00edficos<\/strong>eles n\u00e3o querem incentivar os clientes a repeti-las, nem para consumir os produtos.<\/p>\n<p><strong>Nosso conte\u00fado<\/strong> n\u00e3o foram avaliadas pela FDA ou por qualquer figura da profiss\u00e3o m\u00e9dica: as poss\u00edveis aplica\u00e7\u00f5es, indica\u00e7\u00f5es, dosagem e avisos s\u00e3o descritos somente para fins educacionais, especula\u00e7\u00f5es e pessoal, e n\u00e3o constitui aconselhamento m\u00e9dico.<\/p>\n<p><strong>Os produtos s\u00e3o vendidos<\/strong> como incenso, Sab\u00f5es, Resinas e cole\u00e7\u00e3o bot\u00e2nica, e material de investiga\u00e7\u00e3o cient\u00edfica.<\/p>\n<p><span style=\"color: #ed1c24; font-size: 115%;\"><strong>Eles n\u00e3o s\u00e3o destinados para o consumo humano.<br \/>\nPara ser capaz de comprar nossos produtos, voc\u00ea deve ter mais de 18 anos de idade e n\u00e3o s\u00e3o adequados para as mulheres que est\u00e3o gr\u00e1vidas e\/ou lactantes.<\/strong><\/span><\/p>\n<p>Para obter mais informa\u00e7\u00f5es sobre <strong>KARMARANDO<\/strong> visite <a href=\"https:\/\/www.instagram.com\/karmarando1\/\" target=\"_blank\" rel=\"noopener\"><br \/>\n<span style=\"color: #0000ff;\"><strong>nesta p\u00e1gina<\/strong><\/span><\/a> ou leia as \u00faltimas not\u00edcias sobre <a href=\"https:\/\/karmarando.com\/pt\/blog\/\" target=\"_blank\" rel=\"nofollow noopener\"><strong><span style=\"color: #0000ff;\">BLOG<\/span><\/strong><\/a><\/p>\n<\/div><\/div><\/div>","protected":false},"excerpt":{"rendered":"<p>Bufo Alvarius Sapo Sapito<\/p>","protected":false},"featured_media":4861,"comment_status":"open","ping_status":"closed","template":"","meta":[],"product_brand":[468],"product_cat":[215,255,15,199,257],"product_tag":[915],"class_list":{"0":"post-4888","1":"product","2":"type-product","3":"status-publish","4":"has-post-thumbnail","6":"product_brand-karmarando","7":"product_cat-kambo-e-bufo","8":"product_cat-kit-e-promo","9":"product_cat-offerte-a-tempo","10":"product_cat-piante-di-potere","11":"product_cat-promo","12":"product_tag-bufo-alvarius","13":"pa_brand-karmarando","14":"pa_ean-1228","15":"pa_formato-secrezione-granuli","16":"pa_ingredienti-secrezione-rana-bufo-alvarius","17":"pa_paese-di-fabbricazione-mexico","18":"pa_peso-in-milligrammi-100-mg","19":"pa_peso-in-milligrammi-1000-mg","20":"pa_peso-in-milligrammi-300-mg","21":"pa_peso-in-milligrammi-50-mg","22":"pa_peso-in-milligrammi-500-mg","23":"pa_peso-in-milligrammi-70-mg","25":"first","26":"instock","27":"sale","28":"shipping-taxable","29":"purchasable","30":"product-type-variable"},"_links":{"self":[{"href":"https:\/\/karmarando.com\/pt\/wp-json\/wp\/v2\/product\/4888","targetHints":{"allow":["GET"]}}],"collection":[{"href":"https:\/\/karmarando.com\/pt\/wp-json\/wp\/v2\/product"}],"about":[{"href":"https:\/\/karmarando.com\/pt\/wp-json\/wp\/v2\/types\/product"}],"replies":[{"embeddable":true,"href":"https:\/\/karmarando.com\/pt\/wp-json\/wp\/v2\/comments?post=4888"}],"wp:featuredmedia":[{"embeddable":true,"href":"https:\/\/karmarando.com\/pt\/wp-json\/wp\/v2\/media\/4861"}],"wp:attachment":[{"href":"https:\/\/karmarando.com\/pt\/wp-json\/wp\/v2\/media?parent=4888"}],"wp:term":[{"taxonomy":"product_brand","embeddable":true,"href":"https:\/\/karmarando.com\/pt\/wp-json\/wp\/v2\/product_brand?post=4888"},{"taxonomy":"product_cat","embeddable":true,"href":"https:\/\/karmarando.com\/pt\/wp-json\/wp\/v2\/product_cat?post=4888"},{"taxonomy":"product_tag","embeddable":true,"href":"https:\/\/karmarando.com\/pt\/wp-json\/wp\/v2\/product_tag?post=4888"}],"curies":[{"name":"wp","href":"https:\/\/api.w.org\/{rel}","templated":true}]}}