{"id":4809,"date":"2022-03-05T13:46:35","date_gmt":"2022-03-05T12:46:35","guid":{"rendered":"https:\/\/www.karmarando.com\/?post_type=product&#038;p=4809"},"modified":"2026-04-02T10:02:58","modified_gmt":"2026-04-02T08:02:58","slug":"changa-xanga","status":"publish","type":"product","link":"https:\/\/karmarando.com\/pt\/piante-di-potere\/changa\/changa-xanga\/","title":{"rendered":"Changa Xanga"},"content":{"rendered":"<div class=\"tabbed-content\">\n\t\t\t\n\t\t\t<ul class=\"nav nav-pills nav-uppercase nav-size-small nav-center\" role=\"tablist\"><li id=\"tab-descrizione\" class=\"tab active has-icon\" role=\"presentation\"><a href=\"#tab_descrizione\" role=\"tab\" aria-selected=\"true\" aria-controls=\"tab_descrizione\"><span>Descri\u00e7\u00e3o<\/span><\/a><\/li>\n<li id=\"tab-propriet\u00e0\" class=\"tab has-icon\" role=\"presentation\"><a href=\"#tab_propriet\u00e0\" tabindex=\"-1\" role=\"tab\" aria-selected=\"false\" aria-controls=\"tab_propriet\u00e0\"><span>Propriedade<\/span><\/a><\/li>\n<li id=\"tab-come-si-f\u00e0?\" class=\"tab has-icon\" role=\"presentation\"><a href=\"#tab_come-si-f\u00e0?\" tabindex=\"-1\" role=\"tab\" aria-selected=\"false\" aria-controls=\"tab_come-si-f\u00e0?\"><span>Como fica?<\/span><\/a><\/li>\n<li id=\"tab-disclaimer\" class=\"tab has-icon\" role=\"presentation\"><a href=\"#tab_disclaimer\" tabindex=\"-1\" role=\"tab\" aria-selected=\"false\" aria-controls=\"tab_disclaimer\"><span>ISEN\u00c7\u00c3O de responsabilidade<\/span><\/a><\/li><\/ul><div class=\"tab-panels\"><div id=\"tab_descrizione\" class=\"panel active entry-content\" role=\"tabpanel\" aria-labelledby=\"tab-descrizione\">\n<h3>Changa Xanga AYA MIX Authentic<\/h3>\n<p>Nato a una sessione di ayahausca e prende il nome dal termine (Foglia avanzata) infatti creato per la prima volta dai rimanenti della cucinata della ayahausca<\/p>\n<p>Changa Xanga Non ha niente a che vedere con la DMT cristallizzata in quanto sintetica e non naturale ma il contenuto di DMT qui \u00e8 armoniso come il contenuto gi\u00e0 presente nel nostro corpo in forma libera e in forma non libera, in aprticolare nella pineale e nella Kundalini.<\/p>\n<p>L&#8217;esperieza che ne deriva non ha pari ed \u00e8 alivelli Guariginali sorprendenti se fatto nella giusto set, ambiente e compagnia. Changa Xanga<\/p>\n<\/div>\n<div id=\"tab_propriet\u00e0\" class=\"panel entry-content\" role=\"tabpanel\" aria-labelledby=\"tab-propriet\u00e0\">\n<p><strong>MISCELA CONTENUTA IN QUEST SPECIALE MIX FATTO IN Per\u00f9 PER NOI<\/strong><\/p>\n<ul>\n<li>Vite di Ayahausca (Banisteriopsis caapi)<\/li>\n<li>Chacruna (noto anche come la Psychotria viridis arbusto) come\u00a0 MAO inibitore.<\/li>\n<li>Ruta S\u00edria<\/li>\n<li>Chaliponga<\/li>\n<li>Damiana<\/li>\n<li>Tutti i principi attivi sono stati lavorati\/attivat in per\u00f9 sapientemente con fereebase ed alchimia, il prodotto \u00e8 per uso spirituale rispetttoso e non per divertimento.<\/li>\n<\/ul>\n<p><strong>COME VIENE USATO IN AMAZZONIA<\/strong><\/p>\n<p>Semplicemente come il mapacho e quindi con un cachimbo \u00e8 perfetto<\/p>\n<\/div>\n<div id=\"tab_come-si-f\u00e0?\" class=\"panel entry-content\" role=\"tabpanel\" aria-labelledby=\"tab-come-si-f\u00e0?\">\n<h3 id=\"description\">LA CONNESSIONE CON L&#8217;ANIMA Con La Molecola Spirituale!<\/h3>\n<p>Si chiama Xanga o Changa, contiene molteplici erbe\u00a0 che lavorano sulla DMT presente naturalmente nella nostra pineale (Dimetiltriptamina), e che \u00e8 lo stesso principio attivo responsabile per le visioni della medicina di Ayahuasca.In questo senso si pu\u00f2 dire che similmnete all&#8217;Ayahuasca il Xanga fornire visioni per la guarigione dalla stessa componente chimica, che si ha con l&#8217;ayahuasca.<\/p>\n<p>O <strong>Changa Xanga<\/strong>, a differenza di Ayahuasca, viene aspirata affumicandola attraverso un tubo, che pu\u00f2 essere invetro come in legno. si parte da 50mg per avere degli effetti morbidi, per poi passare a 70mg (medii) e fino 100mg (forti)Gli effetti durano circa 20 minuti per poi sfumare in rilassamento ancora per 20 minuti.<\/p>\n<p>Con il <strong>Changa Xanga<\/strong> non c\u00e8\u00a0 nausea o vomito (come per l&#8217;Ayahuasca), ma sono ricchi di visioni iniziali necesarie allo sblocco emozinale ed eliminazione delle maschere ma ci\u00f2 che \u00e8 davvero motivo pe cui si f\u00e0 e d importante, sono i messaggi che indirizzano il nostro io, portando consapevolezza che ci aiuta a cambiare i modelli e le abitudini malsane, ltre a portare tanta vitalit\u00e0 e voglia di vivere e pace e la serenit\u00e0 interiore.<\/p>\n<h3>LA NATURA CI FORNISCE SOSTANZE CHE CI RIPORTANO ALLA NOSTRA ESSENZA<\/h3>\n<p>Medicine Ancestrali che ci portano al CULMINE di Un\u2019esperienza che ci riconnette e ci Riporta sul giusto percorso e scopo di Vita che Abbiamo scelto Precedentemente.<\/p>\n<p>Richiede consapevolezza per principianti, un accompagnamento dovuta alla sua intensit\u00e0 e profondit\u00e0.<\/p>\n<p>Esperienza di guarigione ed espansione della coscienza, una Esperienza che le parole non possono spiegare!<\/p>\n<p>Nello stato deto Alterato, Appartenente al mondo parallelo (il nostro mondo \u00e8 polifasico e ne abbiamo la certezzza) In questo stato dove ne fa capo il mndo parallelo del sogno, fatto della nostra stessa sostanza, come Avatar, Changa comincia il suo lavoro, aprendo le porte al mondo dello spirito e ci ha trasportato in un indescrivibile viaggio che ci porta verso l&#8217;interno, al centro di quello che siamo veramente e, al tempo stesso, verso l&#8217;esterno, verso il territorio dell&#8217;ineffabile in una profonda e perfetta connessione eliminare la resistenza, le paure, le ansie e fornendo completa guarigione a tutti i livelli.<\/p>\n<\/div>\n<div id=\"tab_disclaimer\" class=\"panel entry-content\" role=\"tabpanel\" aria-labelledby=\"tab-disclaimer\">\n<p><strong><span style=\"color: #d83131;\">A FOTO NA DESCRI\u00c7\u00c3O \u00c9 MERAMENTE INDICATIVA<\/span><\/strong><\/p>\n<p><strong><span style=\"color: #d83131;\">PRODUTOS S\u00c3O GARANTIDOS A PARTIR DE KARMARANDO<\/span><\/strong><br \/>\n<strong><span style=\"color: #d83131;\">Para os produtos, de PLANTAS, de INCENSO, E os p\u00f3s PREPARADOS NO MOMENTO, n\u00e3o \u00e9 poss\u00edvel ser feitas DEVOLU\u00c7\u00d5ES ou REEMBOLSOS<\/span><\/strong><\/p>\n<p>O <strong>termos utilizados<\/strong> as categorias e as tags n\u00e3o quero sugerir para o uso medicinal e recreativo produtos, apenas classific\u00e1-los de acordo com seu uso hist\u00f3rico, cient\u00edfico e social.<\/p>\n<p><strong>As receitas s\u00e3o fornecidos como uma cient\u00edficos<\/strong>eles n\u00e3o querem incentivar os clientes a repeti-las, nem para consumir os produtos.<\/p>\n<p><strong>Nosso conte\u00fado<\/strong> n\u00e3o foram avaliadas pela FDA ou por qualquer figura da profiss\u00e3o m\u00e9dica: as poss\u00edveis aplica\u00e7\u00f5es, indica\u00e7\u00f5es, dosagem e avisos s\u00e3o descritos somente para fins educacionais, especula\u00e7\u00f5es e pessoal, e n\u00e3o constitui aconselhamento m\u00e9dico.<\/p>\n<p><strong>Os produtos s\u00e3o vendidos<\/strong> como incenso, Sab\u00f5es, Resinas e cole\u00e7\u00e3o bot\u00e2nica, e material de investiga\u00e7\u00e3o cient\u00edfica.<\/p>\n<p><span style=\"color: #ed1c24; font-size: 115%;\"><strong>Eles n\u00e3o s\u00e3o destinados para o consumo humano.<br \/>\nPara ser capaz de comprar nossos produtos, voc\u00ea deve ter mais de 18 anos de idade e n\u00e3o s\u00e3o adequados para as mulheres que est\u00e3o gr\u00e1vidas e\/ou lactantes.<\/strong><\/span><\/p>\n<p>Para obter mais informa\u00e7\u00f5es sobre <strong>KARMARANDO<\/strong> visite <a href=\"https:\/\/www.instagram.com\/karmarando1\/\" target=\"_blank\" rel=\"noopener\"><br \/>\n<span style=\"color: #0000ff;\"><strong>nesta p\u00e1gina<\/strong><\/span><\/a> ou leia as \u00faltimas not\u00edcias sobre <a href=\"https:\/\/karmarando.com\/pt\/blog\/\" target=\"_blank\" rel=\"nofollow noopener\"><strong><span style=\"color: #0000ff;\">BLOG<\/span><\/strong><\/a><\/p>\n<\/div><\/div><\/div>","protected":false},"excerpt":{"rendered":"<p>Changa Xanga<\/p>","protected":false},"featured_media":4855,"comment_status":"open","ping_status":"closed","template":"","meta":[],"product_brand":[468],"product_cat":[220,199],"product_tag":[914],"class_list":{"0":"post-4809","1":"product","2":"type-product","3":"status-publish","4":"has-post-thumbnail","6":"product_brand-karmarando","7":"product_cat-changa","8":"product_cat-piante-di-potere","9":"product_tag-changa","10":"pa_brand-karmarando","11":"pa_ean-1231","12":"pa_formato-secrezione-granuli","13":"pa_ingredienti-chacruna","14":"pa_ingredienti-chaliponga","15":"pa_ingredienti-damiana","16":"pa_ingredienti-ruta-siriana","17":"pa_ingredienti-vite-di-ayahausca","18":"pa_paese-di-fabbricazione-peru","19":"pa_peso-in-milligrammi-100-mg","20":"pa_peso-in-milligrammi-1000-mg","21":"pa_peso-in-milligrammi-10000-mg","22":"pa_peso-in-milligrammi-300-mg","23":"pa_peso-in-milligrammi-3000-mg","24":"pa_peso-in-milligrammi-50-mg","25":"pa_peso-in-milligrammi-500-mg","26":"pa_peso-in-milligrammi-5000-mg","27":"pa_peso-in-milligrammi-70-mg","28":"pa_peso-in-milligrammi-7000-mg","30":"first","31":"instock","32":"sale","33":"shipping-taxable","34":"purchasable","35":"product-type-variable"},"_links":{"self":[{"href":"https:\/\/karmarando.com\/pt\/wp-json\/wp\/v2\/product\/4809","targetHints":{"allow":["GET"]}}],"collection":[{"href":"https:\/\/karmarando.com\/pt\/wp-json\/wp\/v2\/product"}],"about":[{"href":"https:\/\/karmarando.com\/pt\/wp-json\/wp\/v2\/types\/product"}],"replies":[{"embeddable":true,"href":"https:\/\/karmarando.com\/pt\/wp-json\/wp\/v2\/comments?post=4809"}],"wp:featuredmedia":[{"embeddable":true,"href":"https:\/\/karmarando.com\/pt\/wp-json\/wp\/v2\/media\/4855"}],"wp:attachment":[{"href":"https:\/\/karmarando.com\/pt\/wp-json\/wp\/v2\/media?parent=4809"}],"wp:term":[{"taxonomy":"product_brand","embeddable":true,"href":"https:\/\/karmarando.com\/pt\/wp-json\/wp\/v2\/product_brand?post=4809"},{"taxonomy":"product_cat","embeddable":true,"href":"https:\/\/karmarando.com\/pt\/wp-json\/wp\/v2\/product_cat?post=4809"},{"taxonomy":"product_tag","embeddable":true,"href":"https:\/\/karmarando.com\/pt\/wp-json\/wp\/v2\/product_tag?post=4809"}],"curies":[{"name":"wp","href":"https:\/\/api.w.org\/{rel}","templated":true}]}}