{"id":4296,"date":"2022-01-18T07:46:15","date_gmt":"2022-01-18T06:46:15","guid":{"rendered":"https:\/\/www.karmarando.com\/?post_type=product&#038;p=4296"},"modified":"2026-03-30T17:52:56","modified_gmt":"2026-03-30T15:52:56","slug":"mapacho-n-rustica-azteco","status":"publish","type":"product","link":"https:\/\/karmarando.com\/pt\/rapee-e-co\/mapacho-e-ceneri\/nicotiana-rustica\/mapacho-n-rustica-azteco\/","title":{"rendered":"Mapacho \u2013 N. Rustica"},"content":{"rendered":"<div class=\"tabbed-content\">\n\t\t\t\n\t\t\t<ul class=\"nav nav-pills nav-uppercase nav-size-small nav-center\" role=\"tablist\"><li id=\"tab-descrizione\" class=\"tab active has-icon\" role=\"presentation\"><a href=\"#tab_descrizione\" role=\"tab\" aria-selected=\"true\" aria-controls=\"tab_descrizione\"><span>Descri\u00e7\u00e3o<\/span><\/a><\/li>\n<li id=\"tab-propriet\u00e0\" class=\"tab has-icon\" role=\"presentation\"><a href=\"#tab_propriet\u00e0\" tabindex=\"-1\" role=\"tab\" aria-selected=\"false\" aria-controls=\"tab_propriet\u00e0\"><span>Propriedade<\/span><\/a><\/li>\n<li id=\"tab-come-si-f\u00e0?\" class=\"tab has-icon\" role=\"presentation\"><a href=\"#tab_come-si-f\u00e0?\" tabindex=\"-1\" role=\"tab\" aria-selected=\"false\" aria-controls=\"tab_come-si-f\u00e0?\"><span>Como fica?<\/span><\/a><\/li>\n<li id=\"tab-disclaimer\" class=\"tab has-icon\" role=\"presentation\"><a href=\"#tab_disclaimer\" tabindex=\"-1\" role=\"tab\" aria-selected=\"false\" aria-controls=\"tab_disclaimer\"><span>ISEN\u00c7\u00c3O de responsabilidade<\/span><\/a><\/li><\/ul><div class=\"tab-panels\"><div id=\"tab_descrizione\" class=\"panel active entry-content\" role=\"tabpanel\" aria-labelledby=\"tab-descrizione\">\n<h3><strong>Mapacho &#8211; Nicotiana Rustica<\/strong><\/h3>\n<p><strong>Mapacho<\/strong> &#8220;Mausino&#8221;, un ceppo Mapacho molto ricercato della migliore qualit\u00e0 e potenza. Oltre 9 volte pi\u00f9 forte di quello tradizionale.<\/p>\n<p>O <strong>Mapacho<\/strong>, tipico della foresta amazzonica dove viene ritenuto una pianta sacra ed impiegato a a scopo medicinale per la sua azione emetica.<\/p>\n<p>Usato spesso nelle cerimonie di all\u2019ayahuasca per purificare la persona o combattere la pressione bassa, favorire l\u2019assorbimento degli altri ingredienti (\u00e8 un vasodilatatore) e contribuire all\u2019inibizione dell\u2019enzima MAO.<\/p>\n<p>Oltre che ancora piu spesso viene usato per la sua caratteristicva emeticxa e quindi epr aiutare a vomitare l&#8217;ayahuasca, non crea dipendenza e soddisfa pienamente, anche con solo 2 al giorno, \u00e8 ottimo come purificante rilassante e intuizionale.<\/p>\n<\/div>\n<div id=\"tab_propriet\u00e0\" class=\"panel entry-content\" role=\"tabpanel\" aria-labelledby=\"tab-propriet\u00e0\">\n<p>La N. Rustica, comunemente nota come TxxxxXo azteco o TxxxxXo forte, \u00e8 una pianta della foresta pluviale della famiglia delle Solanacee.<\/p>\n<p>\u00c8 una variet\u00e0 di TxxxxXo molto potente, contenente fino a nove volte pi\u00f9 xxxxx rispetto alle specie comuni di TxxxxXo comune.<\/p>\n<p>Pi\u00f9 specificamente, le foglie di Nicotiana rustica hanno un contenuto di TxxxxXo fino al 9%, mentre le foglie di TxxxxXo comune ne contengono circa dall&#8217;1 al 3%.<\/p>\n<p>L&#8217;elevata concentrazione di Nicotiana nelle sue foglie lo rende utile per la produzione di pesticidi e ha un&#8217;ampia variet\u00e0 di usi specifici per le culture di tutto il mondo.<\/p>\n<\/div>\n<div id=\"tab_come-si-f\u00e0?\" class=\"panel entry-content\" role=\"tabpanel\" aria-labelledby=\"tab-come-si-f\u00e0?\">\n<h3>MEDICINA SACRA naturale e potente, senza sostanze chimiche.<\/h3>\n<p>\u00c8 molto diverso dalle sigarette, il luogo di origine, come ben sappiamo, proviene dall&#8217;intero continente americano.<\/p>\n<p>Quando viene fumato, lo usiamo come un modo per liberare energia; di uno spazio e di una persona.<\/p>\n<p>Sappiamo anche che il Mapacho aiuta invocare il potere di altre piante medicinali.<\/p>\n<p>I nativi parlano di altri &#8220;spiriti&#8221; di piante simpatizzanti con lo spirito del Mapacho. N. Rustica Azteco Sacro.<\/p>\n<\/div>\n<div id=\"tab_disclaimer\" class=\"panel entry-content\" role=\"tabpanel\" aria-labelledby=\"tab-disclaimer\">\n<p><strong><span style=\"color: #d83131;\">A FOTO NA DESCRI\u00c7\u00c3O \u00c9 MERAMENTE INDICATIVA<\/span><\/strong><\/p>\n<p><strong><span style=\"color: #d83131;\">PRODUTOS S\u00c3O GARANTIDOS A PARTIR DE KARMARANDO<\/span><\/strong><br \/>\n<strong><span style=\"color: #d83131;\">Para os produtos, de PLANTAS, de INCENSO, E os p\u00f3s PREPARADOS NO MOMENTO, n\u00e3o \u00e9 poss\u00edvel ser feitas DEVOLU\u00c7\u00d5ES ou REEMBOLSOS<\/span><\/strong><\/p>\n<p>O <strong>termos utilizados<\/strong> as categorias e as tags n\u00e3o quero sugerir para o uso medicinal e recreativo produtos, apenas classific\u00e1-los de acordo com seu uso hist\u00f3rico, cient\u00edfico e social.<\/p>\n<p><strong>As receitas s\u00e3o fornecidos como uma cient\u00edficos<\/strong>eles n\u00e3o querem incentivar os clientes a repeti-las, nem para consumir os produtos.<\/p>\n<p><strong>Nosso conte\u00fado<\/strong> n\u00e3o foram avaliadas pela FDA ou por qualquer figura da profiss\u00e3o m\u00e9dica: as poss\u00edveis aplica\u00e7\u00f5es, indica\u00e7\u00f5es, dosagem e avisos s\u00e3o descritos somente para fins educacionais, especula\u00e7\u00f5es e pessoal, e n\u00e3o constitui aconselhamento m\u00e9dico.<\/p>\n<p><strong>Os produtos s\u00e3o vendidos<\/strong> como incenso, Sab\u00f5es, Resinas e cole\u00e7\u00e3o bot\u00e2nica, e material de investiga\u00e7\u00e3o cient\u00edfica.<\/p>\n<p><span style=\"color: #ed1c24; font-size: 115%;\"><strong>Eles n\u00e3o s\u00e3o destinados para o consumo humano.<br \/>\nPara ser capaz de comprar nossos produtos, voc\u00ea deve ter mais de 18 anos de idade e n\u00e3o s\u00e3o adequados para as mulheres que est\u00e3o gr\u00e1vidas e\/ou lactantes.<\/strong><\/span><\/p>\n<p>Para obter mais informa\u00e7\u00f5es sobre <strong>KARMARANDO<\/strong> visite <a href=\"https:\/\/www.instagram.com\/karmarando1\/\" target=\"_blank\" rel=\"noopener\"><br \/>\n<span style=\"color: #0000ff;\"><strong>nesta p\u00e1gina<\/strong><\/span><\/a> ou leia as \u00faltimas not\u00edcias sobre <a href=\"https:\/\/karmarando.com\/pt\/blog\/\" target=\"_blank\" rel=\"nofollow noopener\"><strong><span style=\"color: #0000ff;\">BLOG<\/span><\/strong><\/a><\/p>\n<\/div><\/div><\/div>","protected":false},"excerpt":{"rendered":"<p>Mapacho \u2013 N. Rustica<\/p>","protected":false},"featured_media":4303,"comment_status":"open","ping_status":"closed","template":"","meta":[],"product_brand":[468],"product_cat":[190,191,185],"product_tag":[673,674],"class_list":{"0":"post-4296","1":"product","2":"type-product","3":"status-publish","4":"has-post-thumbnail","6":"product_brand-karmarando","7":"product_cat-mapacho-e-ceneri","8":"product_cat-nicotiana-rustica","9":"product_cat-rapee-e-co","10":"product_tag-mapacho","11":"product_tag-nicotiana-rustica","12":"pa_brand-karmarando","13":"pa_ean-1242","14":"pa_formato-maso-intero-non-trinciato","15":"pa_formato-polvere","16":"pa_formato-foglia-processata-trinciata","17":"pa_ingredienti-nicotiana-rustica","18":"pa_paese-di-fabbricazione-brasile","19":"pa_unita-di-misura-10-g","20":"pa_unita-di-misura-100-g","21":"pa_unita-di-misura-1000-g","22":"pa_unita-di-misura-15-g","23":"pa_unita-di-misura-150-g","24":"pa_unita-di-misura-20-g","25":"pa_unita-di-misura-300-g","26":"pa_unita-di-misura-50-g","27":"pa_unita-di-misura-500-g","28":"pa_unita-di-misura-800-g","30":"first","31":"instock","32":"sale","33":"shipping-taxable","34":"purchasable","35":"product-type-variable"},"_links":{"self":[{"href":"https:\/\/karmarando.com\/pt\/wp-json\/wp\/v2\/product\/4296","targetHints":{"allow":["GET"]}}],"collection":[{"href":"https:\/\/karmarando.com\/pt\/wp-json\/wp\/v2\/product"}],"about":[{"href":"https:\/\/karmarando.com\/pt\/wp-json\/wp\/v2\/types\/product"}],"replies":[{"embeddable":true,"href":"https:\/\/karmarando.com\/pt\/wp-json\/wp\/v2\/comments?post=4296"}],"wp:featuredmedia":[{"embeddable":true,"href":"https:\/\/karmarando.com\/pt\/wp-json\/wp\/v2\/media\/4303"}],"wp:attachment":[{"href":"https:\/\/karmarando.com\/pt\/wp-json\/wp\/v2\/media?parent=4296"}],"wp:term":[{"taxonomy":"product_brand","embeddable":true,"href":"https:\/\/karmarando.com\/pt\/wp-json\/wp\/v2\/product_brand?post=4296"},{"taxonomy":"product_cat","embeddable":true,"href":"https:\/\/karmarando.com\/pt\/wp-json\/wp\/v2\/product_cat?post=4296"},{"taxonomy":"product_tag","embeddable":true,"href":"https:\/\/karmarando.com\/pt\/wp-json\/wp\/v2\/product_tag?post=4296"}],"curies":[{"name":"wp","href":"https:\/\/api.w.org\/{rel}","templated":true}]}}