{"id":4204,"date":"2022-01-13T00:47:13","date_gmt":"2022-01-12T23:47:13","guid":{"rendered":"https:\/\/www.karmarando.com\/senza-categoria\/grinder-trit-cbd-modello-acrilico-royal-queen-seeds-double-use\/"},"modified":"2025-12-04T20:56:10","modified_gmt":"2025-12-04T19:56:10","slug":"grinder-trit","status":"publish","type":"product","link":"https:\/\/karmarando.com\/pt\/strumenti-e-gadget\/gadget-sciamanici-e-non\/grinder-trit\/","title":{"rendered":"MOEDOR DE TRIT MODELO DE ACR\u00cdLICO RAINHA SEMENTES DE DUPLA UTILIZA\u00c7\u00c3O"},"content":{"rendered":"<div class=\"tabbed-content\">\n\t\t\t\n\t\t\t<ul class=\"nav nav-pills nav-uppercase nav-size-small nav-center\" role=\"tablist\"><li id=\"tab-descrizione\" class=\"tab active has-icon\" role=\"presentation\"><a href=\"#tab_descrizione\" role=\"tab\" aria-selected=\"true\" aria-controls=\"tab_descrizione\"><span>Descri\u00e7\u00e3o<\/span><\/a><\/li>\n<li id=\"tab-disclaimer\" class=\"tab has-icon\" role=\"presentation\"><a href=\"#tab_disclaimer\" tabindex=\"-1\" role=\"tab\" aria-selected=\"false\" aria-controls=\"tab_disclaimer\"><span>ISEN\u00c7\u00c3O de responsabilidade<\/span><\/a><\/li><\/ul><div class=\"tab-panels\"><div id=\"tab_descrizione\" class=\"panel active entry-content\" role=\"tabpanel\" aria-labelledby=\"tab-descrizione\">\n<h3>MOEDOR DE TRIT MODELO DE ACR\u00cdLICO RAINHA SEMENTES DE DUPLA UTILIZA\u00c7\u00c3O<\/h3>\n<p><span style=\"font-family: Arial; font-size: large;\"><span style=\"color: #444444; font-family: 'roboto condensed', 'Times New Roman', Helvetica, sans-serif; font-size: 18px; background-color: #ffffff;\">La qualit\u00e0 non sempre ha un prezzo elevato. Se state cercando un grinder di alta qualit\u00e0 ed efficienza, ma ad un prezzo moderato, non potete sbagliare con questo modello a 2-parti dei nostri amici della Royal Queen Seeds.<\/span><\/span><\/p>\n<p><strong>MOEDOR DE TRIT<\/strong> n<span style=\"font-family: Arial; font-size: large;\"><span style=\"color: #444444; font-family: 'roboto condensed', 'Times New Roman', Helvetica, sans-serif; font-size: 18px; background-color: #ffffff;\">on solo sminuzzer\u00e0 le vostre cime, ma dispone anche di un piccolo scomparto sotto il coperchio dove potrete mettere la vostra scorta. Colori disponibili: rosso, blu e verde.<\/span><\/span><br \/>\n<span style=\"color: #444444; font-family: 'roboto condensed', 'Times New Roman', Helvetica, sans-serif; font-size: 18px; background-color: #ffffff;\">\u00a0<\/span><\/p>\n<table id=\"idTab2\" class=\"features-table\" style=\"border-collapse: collapse; border-spacing: 0px; background-color: #ffffff; width: 805px; margin-bottom: 5px; color: #444444; font-family: 'roboto condensed', 'Times New Roman', Helvetica, sans-serif; font-size: 16px;\">\n<caption class=\"h3\" style=\"box-sizing: border-box; padding: 0px; color: inherit; text-align: left; margin-top: 22px; margin-bottom: 11px; font-family: oswald, Impact, sans-serif; line-height: 1.1; font-size: 20px; text-transform: uppercase;\">GRINDER IN ACRILICO ROYAL QUEEN SEEDS &#8211; SCHEDA TECNICA<\/caption>\n<tbody style=\"box-sizing: border-box;\">\n<tr style=\"box-sizing: border-box; background-color: #e6e7e9; height: 33px;\">\n<th style=\"box-sizing: border-box; text-align: left; padding: 5px 25px; font-weight: 300; width: 241.5px;\">Altezza<\/th>\n<td style=\"box-sizing: border-box; padding: 5px 25px; position: relative;\">23mm<\/td>\n<\/tr>\n<tr style=\"box-sizing: border-box; height: 33px;\">\n<th style=\"box-sizing: border-box; text-align: left; padding: 5px 25px; font-weight: 300; width: 241.5px;\">Numero di parti<\/th>\n<td style=\"box-sizing: border-box; padding: 5px 25px; position: relative;\">2<\/td>\n<\/tr>\n<tr style=\"box-sizing: border-box; background-color: #e6e7e9; height: 33px;\">\n<th style=\"box-sizing: border-box; text-align: left; padding: 5px 25px; font-weight: 300; width: 241.5px;\">Magnetico<\/th>\n<td style=\"box-sizing: border-box; padding: 5px 25px; position: relative;\">S\u00ec<\/td>\n<\/tr>\n<tr style=\"box-sizing: border-box; height: 33px;\">\n<th style=\"box-sizing: border-box; text-align: left; padding: 5px 25px; font-weight: 300; width: 241.5px;\">Material<\/th>\n<td style=\"box-sizing: border-box; padding: 5px 25px; position: relative;\">Acrilico<\/td>\n<\/tr>\n<tr style=\"box-sizing: border-box; background-color: #e6e7e9; height: 33px;\">\n<th style=\"box-sizing: border-box; text-align: left; padding: 5px 25px; font-weight: 300; width: 241.5px;\">Diameter<\/th>\n<td style=\"box-sizing: border-box; padding: 5px 25px; position: relative;\">60mm<\/td>\n<\/tr>\n<tr style=\"box-sizing: border-box; height: 33px;\">\n<th style=\"box-sizing: border-box; text-align: left; padding: 5px 25px; font-weight: 300; width: 241.5px;\">Numero di parti<\/th>\n<td style=\"box-sizing: border-box; padding: 5px 25px; position: relative;\">2<\/td>\n<\/tr>\n<\/tbody>\n<\/table>\n<\/div>\n<div id=\"tab_disclaimer\" class=\"panel entry-content\" role=\"tabpanel\" aria-labelledby=\"tab-disclaimer\">\n<p><strong><span style=\"color: #d83131;\">A FOTO NA DESCRI\u00c7\u00c3O \u00c9 MERAMENTE INDICATIVA<\/span><\/strong><\/p>\n<p><strong><span style=\"color: #d83131;\">PRODUTOS S\u00c3O GARANTIDOS A PARTIR DE KARMARANDO<\/span><\/strong><br \/>\n<strong><span style=\"color: #d83131;\">Para os produtos, de PLANTAS, de INCENSO, E os p\u00f3s PREPARADOS NO MOMENTO, n\u00e3o \u00e9 poss\u00edvel ser feitas DEVOLU\u00c7\u00d5ES ou REEMBOLSOS<\/span><\/strong><\/p>\n<p>O <strong>termos utilizados<\/strong> as categorias e as tags n\u00e3o quero sugerir para o uso medicinal e recreativo produtos, apenas classific\u00e1-los de acordo com seu uso hist\u00f3rico, cient\u00edfico e social.<\/p>\n<p><strong>As receitas s\u00e3o fornecidos como uma cient\u00edficos<\/strong>eles n\u00e3o querem incentivar os clientes a repeti-las, nem para consumir os produtos.<\/p>\n<p><strong>Nosso conte\u00fado<\/strong> n\u00e3o foram avaliadas pela FDA ou por qualquer figura da profiss\u00e3o m\u00e9dica: as poss\u00edveis aplica\u00e7\u00f5es, indica\u00e7\u00f5es, dosagem e avisos s\u00e3o descritos somente para fins educacionais, especula\u00e7\u00f5es e pessoal, e n\u00e3o constitui aconselhamento m\u00e9dico.<\/p>\n<p><strong>Os produtos s\u00e3o vendidos<\/strong> como incenso, Sab\u00f5es, Resinas e cole\u00e7\u00e3o bot\u00e2nica, e material de investiga\u00e7\u00e3o cient\u00edfica.<\/p>\n<p><span style=\"color: #ed1c24; font-size: 115%;\"><strong>Eles n\u00e3o s\u00e3o destinados para o consumo humano.<br \/>\nPara ser capaz de comprar nossos produtos, voc\u00ea deve ter mais de 18 anos de idade e n\u00e3o s\u00e3o adequados para as mulheres que est\u00e3o gr\u00e1vidas e\/ou lactantes.<\/strong><\/span><\/p>\n<p>Para obter mais informa\u00e7\u00f5es sobre <strong>KARMARANDO<\/strong> visite <a href=\"https:\/\/www.instagram.com\/karmarando1\/\" target=\"_blank\" rel=\"noopener\"><br \/>\n<span style=\"color: #0000ff;\"><strong>nesta p\u00e1gina<\/strong><\/span><\/a> ou leia as \u00faltimas not\u00edcias sobre <a href=\"https:\/\/karmarando.com\/pt\/blog\/\" target=\"_blank\" rel=\"nofollow noopener\"><strong><span style=\"color: #0000ff;\">BLOG<\/span><\/strong><\/a><\/p>\n<\/div><\/div><\/div>","protected":false},"excerpt":{"rendered":"<p>MOEDOR DE TRIT MODELO DE ACR\u00cdLICO RAINHA SEMENTES DE DUPLA UTILIZA\u00c7\u00c3O<\/p>","protected":false},"featured_media":4205,"comment_status":"open","ping_status":"closed","template":"","meta":[],"product_brand":[468],"product_cat":[254,199,239],"product_tag":[615],"class_list":{"0":"post-4204","1":"product","2":"type-product","3":"status-publish","4":"has-post-thumbnail","6":"product_brand-karmarando","7":"product_cat-gadget-sciamanici-e-non","8":"product_cat-piante-di-potere","9":"product_cat-strumenti-e-gadget","10":"product_tag-grinder-trit","11":"pa_brand-karmarando","12":"pa_colore-blu","13":"pa_colore-rosso","14":"pa_colore-verde","15":"pa_ean-1249","16":"pa_materiale-acrilico","17":"pa_paese-di-fabbricazione-cina","19":"first","20":"instock","21":"shipping-taxable","22":"purchasable","23":"product-type-variable"},"_links":{"self":[{"href":"https:\/\/karmarando.com\/pt\/wp-json\/wp\/v2\/product\/4204","targetHints":{"allow":["GET"]}}],"collection":[{"href":"https:\/\/karmarando.com\/pt\/wp-json\/wp\/v2\/product"}],"about":[{"href":"https:\/\/karmarando.com\/pt\/wp-json\/wp\/v2\/types\/product"}],"replies":[{"embeddable":true,"href":"https:\/\/karmarando.com\/pt\/wp-json\/wp\/v2\/comments?post=4204"}],"wp:featuredmedia":[{"embeddable":true,"href":"https:\/\/karmarando.com\/pt\/wp-json\/wp\/v2\/media\/4205"}],"wp:attachment":[{"href":"https:\/\/karmarando.com\/pt\/wp-json\/wp\/v2\/media?parent=4204"}],"wp:term":[{"taxonomy":"product_brand","embeddable":true,"href":"https:\/\/karmarando.com\/pt\/wp-json\/wp\/v2\/product_brand?post=4204"},{"taxonomy":"product_cat","embeddable":true,"href":"https:\/\/karmarando.com\/pt\/wp-json\/wp\/v2\/product_cat?post=4204"},{"taxonomy":"product_tag","embeddable":true,"href":"https:\/\/karmarando.com\/pt\/wp-json\/wp\/v2\/product_tag?post=4204"}],"curies":[{"name":"wp","href":"https:\/\/api.w.org\/{rel}","templated":true}]}}