{"id":4139,"date":"2022-01-11T03:37:08","date_gmt":"2022-01-11T02:37:08","guid":{"rendered":"https:\/\/www.karmarando.com\/senza-categoria\/flauto-siyotanka-vischio-homemade-nativo-sciamanico-pentagonale-con-custodia\/"},"modified":"2025-12-04T13:53:14","modified_gmt":"2025-12-04T12:53:14","slug":"flauto-siyotanka-vischio","status":"publish","type":"product","link":"https:\/\/karmarando.com\/pt\/strumenti-e-gadget\/arte-artigianale-sciamanica\/strumenti-musicali\/flauti\/flauto-siyotanka-vischio\/","title":{"rendered":"Flauta Siyotanka Visco"},"content":{"rendered":"<div class=\"tabbed-content\">\n\t\t\t\n\t\t\t<ul class=\"nav nav-pills nav-uppercase nav-size-small nav-center\" role=\"tablist\"><li id=\"tab-descrizione\" class=\"tab active has-icon\" role=\"presentation\"><a href=\"#tab_descrizione\" role=\"tab\" aria-selected=\"true\" aria-controls=\"tab_descrizione\"><span>Descri\u00e7\u00e3o<\/span><\/a><\/li>\n<li id=\"tab-disclaimer\" class=\"tab has-icon\" role=\"presentation\"><a href=\"#tab_disclaimer\" tabindex=\"-1\" role=\"tab\" aria-selected=\"false\" aria-controls=\"tab_disclaimer\"><span>ISEN\u00c7\u00c3O de responsabilidade<\/span><\/a><\/li><\/ul><div class=\"tab-panels\"><div id=\"tab_descrizione\" class=\"panel active entry-content\" role=\"tabpanel\" aria-labelledby=\"tab-descrizione\">\n<h3>Flauto Siyotanka Vischio Homemade Nativo Sciamanico Pentagonale Con Custodia<\/h3>\n<p>Flauto nativo americano Siyotanka &#8220;Vischio Sacro&#8221; in bamb\u00f9.<br \/>\n<strong>Fatto a mano da Davide laufeyson &amp; Michael Scorpions<\/strong><\/p>\n<p>Questo\u00a0Faluto Siyotanka\u00a0\u00e8 fatto di bamb\u00f9<br \/>\nMarchiato e disegnato e Decorato a Fuoco Alchemico con Serpente Sciamanico Sacro primordiale<br \/>\nMateriali di Alta qualit\u00e0 e Interamente fatto amano, di bamboo<\/p>\n<p>Pentagonale<br \/>\n<strong>G # m \/ GM #<\/strong><\/p>\n<p><strong>Poich\u00e9 \u00e8 fatto a mano, ogni Flauto sar\u00e0 leggermente diverso l\u2019uno dall\u2019altro<\/strong><br \/>\n<strong>Le foto sono illustrative, stai acquistando opere d\u2019arte individuali fatte per te.<\/strong><\/p>\n<p>I Flauti dei nativi americani sono molto intuitivi da suonare e creare melodie, senza la necessit\u00e0 di teoria musicale. Con la pratica e alcuni trucchi impariamo rapidamente. Ideale durante Rap\u00e9 e medicine sciamniche della selva foresta amazonia, ideale meditare e per essere accompagnati da un tamburo sciamanico.<br \/>\nUn flauto in tenero legno di cedro, pensarono, emette un suono pi\u00f9 dolce.<\/p>\n<p>Il flauto usato dagli Indiani d\u2019America \u00e8 considerato uno degli strumenti musicali pi\u00f9 antichi al mondo, inventato dopo i tamburi, i sonagli ed i fischietti. Realizzati artigianalmente nel corso dei secoli utilizzando i materiali pi\u00f9 disparati, dall\u2019osso, al bamboo all\u2019argilla, insieme a vari tipi di legno duro e morbido, alla fine gli Indiani d\u2019America predilessero il legno di cedro come migliore materiale per la fabbricazione dei flauti.<\/p>\n<p>Gli Indiani d\u2019America usavano i flauti per tutto, dall\u2019intrattenimento alla preghiera, alle pratiche di corteggiamento, forse questo l\u2019uso pi\u00f9 comune. Infatti, molti flauti sono chiamati Flauti dell\u2019Amore o Flauti da Corteggiamento, e gli Indiani d\u2019America hanno numerose storie che narrano dell\u2019uso del Flauto dell\u2019Amore nelle pratiche di corteggiamento.<\/p>\n<p><strong>Origini<\/strong><\/p>\n<p>Il pi\u00f9 primo flauto nativo americano ancora esistente fatto di legno fu raccolto dall&#8217;avventuriero italiano Giacomo Costantino Beltrami nel 1823 sulla sua ricerca del headwaters del Fiume del Mississippi. \u00c8 adesso nella raccolta di Museo Civico di Scienze Naturali in Bergamo, l&#8217;Italia.<br \/>\nCi sono molte narrazioni su come i diversi popoli indigeni delle Americhe abbiano inventato il flauto. In un racconto, i picchi beccavano dei buchi nei rami cavi mentre cercavano le termiti; Quando il vento soffiava lungo i fori, le persone vicine ascoltavano la loro musica. Un altro racconto della cultura Tucana descrive l&#8217;Uakti, una creatura con dei buchi nel corpo che emetteva un suono quando correva o il vento soffiava attraverso di essa.<\/p>\n<p><strong>Materiali<\/strong><\/p>\n<p>I flauti nativi americani sono stati fatti di ossa all&#8217;inizio, adesso sono fatti di vari materiali. Il ginepro, la Sequoia e il Cedro sono popolari, siccome provvedono un aroma piacevole. I boschi morbidi sono generalmente preferiti da la maggior parte giocatori di flauto, a causa dei toni pi\u00f9 morbidi prodotti dal bosco. Altri boschi pi\u00f9 difficili come noce e ciliegia sono apprezzati per il chiaro, il fresco, la ricchezza di suono che possono produrre. Il bamb\u00f9 e la canna fluviale possono contenere toni morbidi o chiari, freschi secondo dimensioni e specie.<\/p>\n<p><strong>Musica<\/strong><\/p>\n<p>I flauti nativi americani moderni sono generalmente accordati a una variazione della scala pentatonica minore, che d\u00e0 allo strumento il suo suono lamentoso tutto particolare. Recentemente alcuni produttori hanno cominciato a fare esperimenti con scale diverse, dando ai giocatori nuove opzioni melodiche. Anche, i flauti moderni sono generalmente accordati in chiavi di concerto (come A o D) in modo che possano esser facilmente giocati con altri strumenti. Le chiavi di radice di flauti nativi americani moderni attraversano una gamma di circa tre ottave e mezza, da C ad A.<br \/>\nI flauti nativi americani tipicamente hanno o cinque o sei buchi, ma uno strumento pu\u00f2 avere lo zero a sette, compreso un buco di pollice. I vari produttori impiegano scale diverse e fingerings per i loro flauti.Un suono tutto particolare di alcuni flauti nativi americani, i flauti particolarmente tradizionali, \u00e8 chiamato il trillo (o trillando). Il trillo suona come se il flauto vacilli avanti e indietro tra note diverse.<\/p>\n<\/div>\n<div id=\"tab_disclaimer\" class=\"panel entry-content\" role=\"tabpanel\" aria-labelledby=\"tab-disclaimer\">\n<p><strong><span style=\"color: #d83131;\">A FOTO NA DESCRI\u00c7\u00c3O \u00c9 MERAMENTE INDICATIVA<\/span><\/strong><\/p>\n<p><strong><span style=\"color: #d83131;\">PRODUTOS S\u00c3O GARANTIDOS A PARTIR DE KARMARANDO<\/span><\/strong><br \/>\n<strong><span style=\"color: #d83131;\">Para os produtos, de PLANTAS, de INCENSO, E os p\u00f3s PREPARADOS NO MOMENTO, n\u00e3o \u00e9 poss\u00edvel ser feitas DEVOLU\u00c7\u00d5ES ou REEMBOLSOS<\/span><\/strong><\/p>\n<p>O <strong>termos utilizados<\/strong> as categorias e as tags n\u00e3o quero sugerir para o uso medicinal e recreativo produtos, apenas classific\u00e1-los de acordo com seu uso hist\u00f3rico, cient\u00edfico e social.<\/p>\n<p><strong>As receitas s\u00e3o fornecidos como uma cient\u00edficos<\/strong>eles n\u00e3o querem incentivar os clientes a repeti-las, nem para consumir os produtos.<\/p>\n<p><strong>Nosso conte\u00fado<\/strong> n\u00e3o foram avaliadas pela FDA ou por qualquer figura da profiss\u00e3o m\u00e9dica: as poss\u00edveis aplica\u00e7\u00f5es, indica\u00e7\u00f5es, dosagem e avisos s\u00e3o descritos somente para fins educacionais, especula\u00e7\u00f5es e pessoal, e n\u00e3o constitui aconselhamento m\u00e9dico.<\/p>\n<p><strong>Os produtos s\u00e3o vendidos<\/strong> como incenso, Sab\u00f5es, Resinas e cole\u00e7\u00e3o bot\u00e2nica, e material de investiga\u00e7\u00e3o cient\u00edfica.<\/p>\n<p><span style=\"color: #ed1c24; font-size: 115%;\"><strong>Eles n\u00e3o s\u00e3o destinados para o consumo humano.<br \/>\nPara ser capaz de comprar nossos produtos, voc\u00ea deve ter mais de 18 anos de idade e n\u00e3o s\u00e3o adequados para as mulheres que est\u00e3o gr\u00e1vidas e\/ou lactantes.<\/strong><\/span><\/p>\n<p>Para obter mais informa\u00e7\u00f5es sobre <strong>KARMARANDO<\/strong> visite <a href=\"https:\/\/www.instagram.com\/karmarando1\/\" target=\"_blank\" rel=\"noopener\"><br \/>\n<span style=\"color: #0000ff;\"><strong>nesta p\u00e1gina<\/strong><\/span><\/a> ou leia as \u00faltimas not\u00edcias sobre <a href=\"https:\/\/karmarando.com\/pt\/blog\/\" target=\"_blank\" rel=\"nofollow noopener\"><strong><span style=\"color: #0000ff;\">BLOG<\/span><\/strong><\/a><\/p>\n<\/div><\/div><\/div>","protected":false},"excerpt":{"rendered":"<p>Flauta Siyotanka Visco<\/p>","protected":false},"featured_media":4140,"comment_status":"open","ping_status":"closed","template":"","meta":[],"product_brand":[468],"product_cat":[241,572,239,571],"product_tag":[594],"class_list":{"0":"post-4139","1":"product","2":"type-product","3":"status-publish","4":"has-post-thumbnail","6":"product_brand-karmarando","7":"product_cat-arte-artigianale-sciamanica","8":"product_cat-flauti","9":"product_cat-strumenti-e-gadget","10":"product_cat-strumenti-musicali","11":"product_tag-flauto-siyotanka-vischio","12":"pa_brand-karmarando","13":"pa_ean-1256","14":"pa_materiale-bamboo","15":"pa_paese-di-fabbricazione-italia","17":"first","18":"instock","19":"shipping-taxable","20":"purchasable","21":"product-type-simple"},"_links":{"self":[{"href":"https:\/\/karmarando.com\/pt\/wp-json\/wp\/v2\/product\/4139","targetHints":{"allow":["GET"]}}],"collection":[{"href":"https:\/\/karmarando.com\/pt\/wp-json\/wp\/v2\/product"}],"about":[{"href":"https:\/\/karmarando.com\/pt\/wp-json\/wp\/v2\/types\/product"}],"replies":[{"embeddable":true,"href":"https:\/\/karmarando.com\/pt\/wp-json\/wp\/v2\/comments?post=4139"}],"wp:featuredmedia":[{"embeddable":true,"href":"https:\/\/karmarando.com\/pt\/wp-json\/wp\/v2\/media\/4140"}],"wp:attachment":[{"href":"https:\/\/karmarando.com\/pt\/wp-json\/wp\/v2\/media?parent=4139"}],"wp:term":[{"taxonomy":"product_brand","embeddable":true,"href":"https:\/\/karmarando.com\/pt\/wp-json\/wp\/v2\/product_brand?post=4139"},{"taxonomy":"product_cat","embeddable":true,"href":"https:\/\/karmarando.com\/pt\/wp-json\/wp\/v2\/product_cat?post=4139"},{"taxonomy":"product_tag","embeddable":true,"href":"https:\/\/karmarando.com\/pt\/wp-json\/wp\/v2\/product_tag?post=4139"}],"curies":[{"name":"wp","href":"https:\/\/api.w.org\/{rel}","templated":true}]}}