{"id":3960,"date":"2021-12-18T00:37:35","date_gmt":"2021-12-17T23:37:35","guid":{"rendered":"https:\/\/www.karmarando.com\/negozio\/senza-categoria\/agua-florida-authentic-peru-spirituale-esoterica-protezione-purificazione-magica\/"},"modified":"2025-12-07T14:04:13","modified_gmt":"2025-12-07T13:04:13","slug":"agua-florida","status":"publish","type":"product","link":"https:\/\/karmarando.com\/pt\/piante-di-potere\/caapi-aya-e-microdosi\/agua-florida\/","title":{"rendered":"Agua Florida 60 ml"},"content":{"rendered":"<div class=\"tabbed-content\">\n\t\t\t\n\t\t\t<ul class=\"nav nav-pills nav-uppercase nav-size-small nav-center\" role=\"tablist\"><li id=\"tab-descrizione\" class=\"tab active has-icon\" role=\"presentation\"><a href=\"#tab_descrizione\" role=\"tab\" aria-selected=\"true\" aria-controls=\"tab_descrizione\"><span>Descri\u00e7\u00e3o<\/span><\/a><\/li>\n<li id=\"tab-propriet\u00e0\" class=\"tab has-icon\" role=\"presentation\"><a href=\"#tab_propriet\u00e0\" tabindex=\"-1\" role=\"tab\" aria-selected=\"false\" aria-controls=\"tab_propriet\u00e0\"><span>Propriedade<\/span><\/a><\/li>\n<li id=\"tab-come-si-f\u00e0?\" class=\"tab has-icon\" role=\"presentation\"><a href=\"#tab_come-si-f\u00e0?\" tabindex=\"-1\" role=\"tab\" aria-selected=\"false\" aria-controls=\"tab_come-si-f\u00e0?\"><span>Como fica?<\/span><\/a><\/li>\n<li id=\"tab-disclaimer\" class=\"tab has-icon\" role=\"presentation\"><a href=\"#tab_disclaimer\" tabindex=\"-1\" role=\"tab\" aria-selected=\"false\" aria-controls=\"tab_disclaimer\"><span>ISEN\u00c7\u00c3O de responsabilidade<\/span><\/a><\/li><\/ul><div class=\"tab-panels\"><div id=\"tab_descrizione\" class=\"panel active entry-content\" role=\"tabpanel\" aria-labelledby=\"tab-descrizione\">\n<h3>Agua Florida Authentic Per\u00f9 Spirituale Esoterica Protezione Purificazione Magica<\/h3>\n<p>L&#8217;<strong>Agua Florida o ACQUA FLORIDA<\/strong> E LE SUE PROPRIETA\u2019 60 ml L&#8217;Agua Florida \u00e8 stata creata dal Maestro Profumista Robert I. Murray a New York (USA) all\u2019inizio del XIX secolo come una versione pi\u00f9 fresca della famosa Acqua di Colonia, ponendo pi\u00f9 enfasi sulle note citriche dell\u2019arancia che sul Limone e Neroli presenti nell\u2019originale.<\/p>\n<p>Il suo nome <strong>Agua Florida<\/strong>, fa riferimento alla sua base floreale, contenente Lavanda e chiodo e acqua di rose, tra i suoi componenti, ma anche al luogo in cui si credeva che si trovasse la fonte dell\u2019eterna giovent\u00f9, lo Stato americano della Florida. Al giorno d\u2019oggi si continua a utilizzare con la stessa formula originale del 1808. Se dopo 200 anni si continua a parlare di lei al giorno d\u2019oggi \u00e8 per la sua grande efficacia in moltitudine di scopi.<\/p>\n<\/div>\n<div id=\"tab_propriet\u00e0\" class=\"panel entry-content\" role=\"tabpanel\" aria-labelledby=\"tab-propriet\u00e0\">\n<p><strong>Usi estetici Agua Florida:<\/strong><\/p>\n<ul>\n<li>Per i piedi stanchi con sensazione ardente, posizionare acqua tiepida e aggiungere acqua Florida, otterr\u00e0 un effetto lenitivo e restauratore.<\/li>\n<li>Per la cura della pelle, fare morbidi massaggi con acqua Florida dopo aver rimosso il trucco.<\/li>\n<li>Per il raffreddore comune, inalare l\u2019aroma dell\u2019acqua Florida sparso in un fazzoletto e contribuire a diminuire i mal di testa.<\/li>\n<li>Per eliminare i cattivi odori, rinfrescare gli ambienti umidi, eliminare i cattivi odori dalla cucina e l\u2019odore della nuova pittura, utilizzare Acqua Florida spray per eliminare gli odori forti e fastidiosi.<\/li>\n<li>Affinch\u00e9 i vestiti abbiano un profumo fresco e piacevole, disperdere qualche goccia di acqua Florida nel cassetto dell\u2019armadio per concedere un aroma piacevole e duraturo.<\/li>\n<li>Per ridurre il prurito sul cuoio capelluto posizionare l\u2019acqua Florida e fare morbidi massaggi ai capelli.<\/li>\n<li>Per eliminare i mal di testa causati dallo stress, applicare l\u2019acqua Florida sulla fronte facendo massaggi morbidi alla tempia, sentirai un rilassamento muscolare e una diminuzione della tensione.<\/li>\n<li>Per rilassare i muscoli dopo la routine di esercizi, produce un bagliore caldo che rinvigorisce e rilassa i muscoli.<\/li>\n<li>Per ridurre la febbre, applicare impacchi e panni con acqua Florida sulla fronte e sullo stomaco.<\/li>\n<li>Per le rasature, utilizzare Acqua Florida per rimuovere la barba pi\u00f9 resistente permettendo una rasatura rapida e liscia.<\/li>\n<\/ul>\n<p><strong>Agua Florida<\/strong><\/p>\n<ul>\n<li>per calmare l\u2019irritazione dopo la rasatura, utilizzare l\u2019acqua Florida nelle zone colpite per contrarre i pori e ridurre l\u2019irritazione.<\/li>\n<li>Per contribuire a ridurre il gonfiore delle punture di insetti non velenosi, aggiungere acqua Florida nelle zone per contribuire a ridurre l\u2019infezione e il prurito.<\/li>\n<li>Per la pulizia intima femminile, concede sicurezza per ridurre la sensazione di calore<\/li>\n<li>Come lozione astringente, contrae i pori fornendo una sensazione di freschezza.<\/li>\n<li>Dopo la doccia, oltre a rilassarsi i muscoli, concede una luminosit\u00e0 alla pelle.<\/li>\n<li>Aggiungendo al bagno concede un effetto restauratore fornendo una fragranza delicata che rilassa.<\/li>\n<\/ul>\n<p>Agua Florida Authentic Per\u00f9 \u00e8 un prodotto KARMARANDO Forniamo assistenza pre e post vendita anche via whatsapp<\/p>\n<\/div>\n<div id=\"tab_come-si-f\u00e0?\" class=\"panel entry-content\" role=\"tabpanel\" aria-labelledby=\"tab-come-si-f\u00e0?\">\n<p><strong>Usi esoterici:<\/strong> Intenso e potente detergente Spirituale. Buttare qualche goccia sulla testa, il cuore e i piedi per avere protezione.<\/p>\n<p><strong>Agua Florida<\/strong> Si pu\u00f2 anche aggiungere al liquido di pulire per rituali di abbondanza e fortuna.<\/p>\n<ul>\n<li>Come complemento al profumo quotidiano per attirare successo e progresso<\/li>\n<li>Per pulire candele, veli e tutti i tipi di prodotti rituali che non sono stati precedentemente puliti energeticamente.<\/li>\n<li>Per purificare il tuo altare, luogo di lavoro, soggiorno\u2026 spruzzando qualche goccia.<\/li>\n<li>Per eliminare l\u2019energia negativa indesiderata, particolarmente utile per i dipendenti, agli sportelli ecc. che trascorrono molte ore con il pubblico.<\/li>\n<\/ul>\n<p>A Hoodoo (noto anche come Conjure, cos\u00ec si chiama la pratica della magia usata dalla popolazione afroamericana del sud degli Stati Uniti. USA ), l\u2019Acqua Florida viene usata per fare tutti i tipi di rituali con gli Antenati.<\/p>\n<p>Alcune gocce su foto o in una ciotola con acqua attirer\u00e0 intensamente l\u2019antenato che si vuole convocare.<\/p>\n<\/div>\n<div id=\"tab_disclaimer\" class=\"panel entry-content\" role=\"tabpanel\" aria-labelledby=\"tab-disclaimer\">\n<p><strong><span style=\"color: #d83131;\">A FOTO NA DESCRI\u00c7\u00c3O \u00c9 MERAMENTE INDICATIVA<\/span><\/strong><\/p>\n<p><strong><span style=\"color: #d83131;\">PRODUTOS S\u00c3O GARANTIDOS A PARTIR DE KARMARANDO<\/span><\/strong><br \/>\n<strong><span style=\"color: #d83131;\">Para os produtos, de PLANTAS, de INCENSO, E os p\u00f3s PREPARADOS NO MOMENTO, n\u00e3o \u00e9 poss\u00edvel ser feitas DEVOLU\u00c7\u00d5ES ou REEMBOLSOS<\/span><\/strong><\/p>\n<p>O <strong>termos utilizados<\/strong> as categorias e as tags n\u00e3o quero sugerir para o uso medicinal e recreativo produtos, apenas classific\u00e1-los de acordo com seu uso hist\u00f3rico, cient\u00edfico e social.<\/p>\n<p><strong>As receitas s\u00e3o fornecidos como uma cient\u00edficos<\/strong>eles n\u00e3o querem incentivar os clientes a repeti-las, nem para consumir os produtos.<\/p>\n<p><strong>Nosso conte\u00fado<\/strong> n\u00e3o foram avaliadas pela FDA ou por qualquer figura da profiss\u00e3o m\u00e9dica: as poss\u00edveis aplica\u00e7\u00f5es, indica\u00e7\u00f5es, dosagem e avisos s\u00e3o descritos somente para fins educacionais, especula\u00e7\u00f5es e pessoal, e n\u00e3o constitui aconselhamento m\u00e9dico.<\/p>\n<p>Para obter mais informa\u00e7\u00f5es sobre <strong>KARMARANDO<\/strong> visite <a href=\"https:\/\/www.instagram.com\/karmarando1\/\" target=\"_blank\" rel=\"noopener\"><br \/>\n<span style=\"color: #0000ff;\"><strong>nesta p\u00e1gina<\/strong><\/span><\/a> ou leia as \u00faltimas not\u00edcias sobre <a href=\"https:\/\/karmarando.com\/pt\/blog\/\" target=\"_blank\" rel=\"nofollow noopener\"><strong><span style=\"color: #0000ff;\">BLOG<\/span><\/strong><\/a><\/p>\n<\/div><\/div><\/div>","protected":false},"excerpt":{"rendered":"<p>Agua Florida del Peru Original!<\/p>","protected":false},"featured_media":3977,"comment_status":"open","ping_status":"closed","template":"","meta":[],"product_brand":[468],"product_cat":[201,238,232,229,235],"product_tag":[548],"class_list":{"0":"post-3960","1":"product","2":"type-product","3":"status-publish","4":"has-post-thumbnail","6":"product_brand-karmarando","7":"product_cat-caapi-aya-e-microdosi","8":"product_cat-corpo-e-bellezza","9":"product_cat-essenze-amazzonia","10":"product_cat-fitoterapici","11":"product_cat-nutrizione-e-cosmetica","12":"product_tag-acqua-florida","13":"pa_brand-karmarando","14":"pa_ean-1265","15":"pa_ingredienti-acqua-di-rose","16":"pa_ingredienti-lavanda","17":"pa_ml-60ml","18":"pa_paese-di-fabbricazione-peru","20":"first","21":"instock","22":"sale","23":"shipping-taxable","24":"purchasable","25":"product-type-simple"},"_links":{"self":[{"href":"https:\/\/karmarando.com\/pt\/wp-json\/wp\/v2\/product\/3960","targetHints":{"allow":["GET"]}}],"collection":[{"href":"https:\/\/karmarando.com\/pt\/wp-json\/wp\/v2\/product"}],"about":[{"href":"https:\/\/karmarando.com\/pt\/wp-json\/wp\/v2\/types\/product"}],"replies":[{"embeddable":true,"href":"https:\/\/karmarando.com\/pt\/wp-json\/wp\/v2\/comments?post=3960"}],"wp:featuredmedia":[{"embeddable":true,"href":"https:\/\/karmarando.com\/pt\/wp-json\/wp\/v2\/media\/3977"}],"wp:attachment":[{"href":"https:\/\/karmarando.com\/pt\/wp-json\/wp\/v2\/media?parent=3960"}],"wp:term":[{"taxonomy":"product_brand","embeddable":true,"href":"https:\/\/karmarando.com\/pt\/wp-json\/wp\/v2\/product_brand?post=3960"},{"taxonomy":"product_cat","embeddable":true,"href":"https:\/\/karmarando.com\/pt\/wp-json\/wp\/v2\/product_cat?post=3960"},{"taxonomy":"product_tag","embeddable":true,"href":"https:\/\/karmarando.com\/pt\/wp-json\/wp\/v2\/product_tag?post=3960"}],"curies":[{"name":"wp","href":"https:\/\/api.w.org\/{rel}","templated":true}]}}