{"id":3545,"date":"2021-03-06T03:55:14","date_gmt":"2021-03-06T02:55:14","guid":{"rendered":"https:\/\/www.karmarando.com\/prodotto\/50gr-mambe-pronto-alivio-organico-naturale-foglie-in-polvere-sali-minerali\/"},"modified":"2025-12-14T15:33:55","modified_gmt":"2025-12-14T14:33:55","slug":"mambe-ypadu-pronto-alivio","status":"publish","type":"product","link":"https:\/\/karmarando.com\/pt\/piante-di-potere\/ambil-e-mambe\/mambe-ypadu-pronto-alivio\/","title":{"rendered":"Mambe Ypadu Pronto Alivio De 100% Org\u00e2nico \u2013 Peruana Estilo"},"content":{"rendered":"<div class=\"tabbed-content\">\n\t\t\t\n\t\t\t<ul class=\"nav nav-pills nav-uppercase nav-size-small nav-center\" role=\"tablist\"><li id=\"tab-descrizione\" class=\"tab active has-icon\" role=\"presentation\"><a href=\"#tab_descrizione\" role=\"tab\" aria-selected=\"true\" aria-controls=\"tab_descrizione\"><span>Descri\u00e7\u00e3o<\/span><\/a><\/li>\n<li id=\"tab-propriet\u00e0\" class=\"tab has-icon\" role=\"presentation\"><a href=\"#tab_propriet\u00e0\" tabindex=\"-1\" role=\"tab\" aria-selected=\"false\" aria-controls=\"tab_propriet\u00e0\"><span>Propriedade<\/span><\/a><\/li>\n<li id=\"tab-come-si-f\u00e0?\" class=\"tab has-icon\" role=\"presentation\"><a href=\"#tab_come-si-f\u00e0?\" tabindex=\"-1\" role=\"tab\" aria-selected=\"false\" aria-controls=\"tab_come-si-f\u00e0?\"><span>Como fica?<\/span><\/a><\/li>\n<li id=\"tab-disclaimer\" class=\"tab has-icon\" role=\"presentation\"><a href=\"#tab_disclaimer\" tabindex=\"-1\" role=\"tab\" aria-selected=\"false\" aria-controls=\"tab_disclaimer\"><span>ISEN\u00c7\u00c3O de responsabilidade<\/span><\/a><\/li><\/ul><div class=\"tab-panels\"><div id=\"tab_descrizione\" class=\"panel active entry-content\" role=\"tabpanel\" aria-labelledby=\"tab-descrizione\">\n<h3><strong>MAMBE OU YPADU P\u00f3 Peruano Estilo<br \/>\n<\/strong><\/h3>\n<p>O Peruano estilo dura mais na boca, e derrete-se mais lentamente, e um pouco mais de luz do segundo colombiano, mas \u00e9 mais persistente<\/p>\n<p><strong>MAMB\u00c9 OU YPADU&#039; Ypadu<\/strong> ele \u00e9 um p\u00f3 obtido a partir de torrefa\u00e7\u00e3o e a receita das folhas rec\u00e9m-colhidas, mo\u00edda e misturada com as cinzas das folhas da \u00e1rvore, Cecropia Peltata, ou (Cecropiatra outras variedades) como aditivo alcalino.<\/p>\n<p><strong>Mamb\u00e8 Pronto<\/strong> <strong>Alivio De Bio Natural Org\u00e2nico<\/strong> 100%, com o seu caracter\u00edstico sabor defumado, \u00e9 rico em Alcal\u00f3ides, al\u00e9m das subst\u00e2ncias activas e sais Minerais e Vitaminas, mas especialmente com propriedades m\u00e1gicas e sagradas cerimonial. <strong>Voc\u00ea come\u00e7a a distingui-lo do ch\u00e1, pelo seu sabor defumado<\/strong>. O ch\u00e1 custa menos, em compara\u00e7\u00e3o com o mambe que \u00e9 trabalhado alchemically experimentando com o mais espec\u00edfica (Continue lendo)<\/p>\n<p><strong>MAMB\u00c9 PRONTO ALIVIO <\/strong>Maravilhoso rem\u00e9dio xam\u00e2nica vem da selva amaz\u00f4nica, na col\u00f4mbia, onde xam\u00e3s, prepar\u00e1-los, com cuidado e amor. Estamos felizes em compartilhar com voc\u00ea os benef\u00edcios deste milagroso rem\u00e9dio, que traz consigo a sabedoria de mil\u00eanios de pessoas que prepar\u00e1-los, com o mesmo cuidado e o mesmo gestos como sempre. O Mambe \u00e9 um rem\u00e9dio muito popular na floresta amaz\u00f4nica, rica em vitaminas e minerais e suas propriedades analg\u00e9sicas e dor, permitir-lhe para dar-lhe o nome de: Pronto Alivio (al\u00edvio imediato).<\/p>\n<p>Ele tamb\u00e9m \u00e9 um grande companheiro dos ciclos menstruais, na qual, geralmente, as mulheres sentem dor, e, em muitos casos, a s\u00e9rio insuport\u00e1vel. Nessas situa\u00e7\u00f5es n\u00e3o h\u00e1 nada melhor do que a de equil\u00edbrio de nosso corpo com um rem\u00e9dio que \u00e9 tudo natural e eficaz.Suas propriedades podem trazer uma s\u00e9rie de benef\u00edcios em outras \u00e1reas do corpo, e n\u00e3o s\u00f3, desde o tempo em que usar o corpo de um resultado \u00e9 refor\u00e7ada, promovendo a for\u00e7a e a energia. Sendo totalmente folha de solo, como a planta f\u00eamea se conecta com o ventre com o nosso lado feminino, energeticamente, de comer, que nos proporciona a fluidez e a concentra\u00e7\u00e3o-verbal.<\/p>\n<h3>Use-a quando voc\u00ea precisa compartilhar experi\u00eancias ou entendimentos, Fadiga ou Dor, Estimula e ilumina as energias, incluindo os do corpo.<\/h3>\n<p><strong>O C*** (pre C*** \u00e9 preparada da seguinte forma:<\/strong><sup id=\"cite_ref-13\" class=\"reference separada\"><\/sup><\/p>\n<ul>\n<li><strong>Assar :<\/strong> as folhas maduras s\u00e3o torrados\/Assado, tradicionalmente, em uma panela de barro<\/li>\n<li><strong>Cortar\/Pestatura<\/strong>as folhas, Assados s\u00e3o socado com uma Argamassa<\/li>\n<li><strong>Prepara\u00e7\u00e3o das cinzas :<\/strong> Eles queimam lentamente deixa yarumo e Cecropia na Col\u00f4mbia, no Peru, esta \u00e1rvore \u00e9 conhecida como cetico e no Brasil como emba\u00faba ) ou hastes de quinoa .<\/li>\n<li><strong>Mistura :<\/strong> As folhas s\u00e3o misturadas com at\u00e9 10% de cinzas.<\/li>\n<li><strong>Debulha ou Joeiramento :<\/strong> s\u00e3o identificadas v\u00e1rias vezes at\u00e9 obter um p\u00f3 fino que se dissolve facilmente na boca.<\/li>\n<\/ul>\n<p>Para usar o C*** (galaxy tab, verde, p\u00f3 C*** (galaxy tab \u00e9 colocado na bochecha, de mistura com a saliva e indo e rompeu com seu sabor defumado. <sup id=\"cite_ref-16\" class=\"reference separada\"><\/sup><\/p>\n<p><strong> A foto \u00e9 representativa, e a cor do mambe pode variar de acordo com cada nova disposi\u00e7\u00e3o, mas vai ser muito \u00f3bvia, sempre a mais alta qualidade do mesmo. <\/strong><\/p>\n<p><strong> A finura do mambe \u00e9 a melhor solu\u00e7\u00e3o para manter as suas qualidades organol\u00e9pticas, aqueles que querem um produto mais fino pode fazer um pedido espec\u00edfico. <\/strong><\/p>\n<\/div>\n<div id=\"tab_propriet\u00e0\" class=\"panel entry-content\" role=\"tabpanel\" aria-labelledby=\"tab-propriet\u00e0\">\n<h3><strong>SUAS PROPRIEDADES:<\/strong><\/h3>\n<ul>\n<li>Rem\u00e9dio e Al\u00edvio de dores e dores nas articula\u00e7\u00f5es e\/ou m\u00fasculos.<\/li>\n<li>O aumento da resist\u00eancia em uma forma vis\u00edvel<\/li>\n<li>Corrige os problemas de desnutri\u00e7\u00e3o e\/ou de assimila\u00e7\u00e3o e defici\u00eancias<\/li>\n<li>Fortalece e regenera os ossos e outros \u00f3ssea partes do corpo em um tempo relativamente curto.<\/li>\n<li>Limpa o trato urin\u00e1rio<\/li>\n<li>Melhora a moral e a vontade de viver<\/li>\n<li>Melhora a digest\u00e3o em geral.<\/li>\n<li>Regra de triglicer\u00eddeos e de colesterol.<\/li>\n<li>D\u00e1 um monte de carga de Energia<\/li>\n<\/ul>\n<\/div>\n<div id=\"tab_come-si-f\u00e0?\" class=\"panel entry-content\" role=\"tabpanel\" aria-labelledby=\"tab-come-si-f\u00e0?\">\n<h3><strong>COMO E COM QUE QUANTIDADE CONSUMIDA:<\/strong><\/h3>\n<p>O <strong>Mambe<\/strong> consumido por vazamento de uma ou duas colheres de sopa na gengiva esquerda (assista ao v\u00eddeo), inclinando a cabe\u00e7a para tr\u00e1s e levando a mand\u00edbula para mant\u00ea-la aberta e segurando-a firme-los com a saliva para formar uma bola e iniciar um processo de salivando para obter uma borracha de massa que ir\u00e1 torn\u00e1-lo adequado para o lan\u00e7amento de subst\u00e2ncias muito facilmente as propriedades ben\u00e9ficas contidas no mambe;\u00e9 muito empoeirado e, em seguida, coloque a goma, voc\u00ea tem que fechar a boca, segurando a gengiva suavemente, e a impregna\u00e7\u00e3o da saliva bolus.. e Tenrlo para o lado at\u00e9 voc\u00ea ouvir a sua caracter\u00edstica de Efeito ( \u00e0s vezes \u00e9 preciso apenas 5 min, por vezes, a libera\u00e7\u00e3o \u00e9 mais lenta e demora cerca de 10 min) continue at\u00e9 que a bola \u00e9 criado, ser\u00e1 poss\u00edvel mastigar, com muito respeito.Recomenda-se (embora n\u00e3o necess\u00e1ria) para tomar com Ambil que voc\u00ea pode encontrar na loja. O seu consumo \u00e9 particularmente social, porque ela disse que <strong>Mambe<\/strong> isso significa a palavra da vida, <strong>Ambil<\/strong> o pensamento, onde est\u00e1 o poder da palavra.Com <strong>Ambil<\/strong> nos dentes da frente internamente e o <strong>Mambe<\/strong> na gengiva esquerda \u00e9 tudo aprimorado que ambil vai ser muito mais f\u00e1cil de experi\u00eancia.<\/p>\n<h3><strong>Caracter\u00edsticas:<\/strong><\/h3>\n<p>Oferece nutrientes como pot\u00e1ssio, ferro, c\u00e1lcio, f\u00f3sforo, prote\u00ednas, vitaminas A, B1, B2, C e E, \u00e9 baixa em gordura, tem n\u00edveis de c\u00e1lcio mais elevados que os do leite de vaca, e a mesma propor\u00e7\u00e3o de f\u00f3sforo no peixe, mas mesmo assim ele \u00e9 considerado um suplemento alimentar, \u00e9 recomend\u00e1vel que voc\u00ea consumi-lo depois de comer algum tipo de alimento para funcionar como um sistema digestivo. Inibe o sono, a fome, d\u00e1 clareza mental, melhora a atividade da sensoriais e neurol\u00f3gicos, de concentra\u00e7\u00e3o e de comunica\u00e7\u00e3o, aumenta a oxigena\u00e7\u00e3o celular, tem fun\u00e7\u00f5es metab\u00f3licas para acelerar a transmiss\u00e3o de alimentos, componentes do sangue, regula a press\u00e3o arterial, fortalece o sistema nervoso e muscular, elimina o cansa\u00e7o e a fadiga, protege as c\u00e9lulas do envelhecimento, proporciona uma maior toler\u00e2ncia ao frio, \u00e9 teRap\u00e9utico e energia.<\/p>\n<p>N\u00e3o gera depend\u00eancia. Ele \u00e9 um estimulante, benevolente, o seu efeito \u00e9 dificilmente produz ins\u00f4nia e taquicardia associada com o consumo de caf\u00e9 ou efeitos t\u00f3xicos associados com o ina. Os ind\u00edgenas da amaz\u00f4nia us\u00e1-lo para o trabalho f\u00edsico, comunica\u00e7\u00e3o, atividades, cerimonial, medicinais e religiosos. Para as mulheres ind\u00edgenas, \u00e9 importante levar em conta o contexto em que o C*** \u00e9 consumida, porque \u00e9 sagrada, e as folhas s\u00e3o sagrados e ben\u00e9ficos. Seu consumo est\u00e1 associado a estilo de vida e uma filosofia profunda. Em outras palavras, \u00e9 uma pr\u00e1tica cultural que \u00e9 exercida com total liberdade e autonomia.<\/p>\n<h3><strong>Cada 100g de Mambe \u00e9 o conte\u00fado:<\/strong><\/h3>\n<ul>\n<li>O Beta-caroteno do 9.40 mg<\/li>\n<li>Nitrog\u00eanio Total mg 20,06<\/li>\n<li>Gorduras boas 3,68 mg<\/li>\n<li>Os hidratos de carbono 47,50 mg<\/li>\n<li>O alfa-caroteno 2,76 mg<\/li>\n<li>A vitamina C 6,47 mg<\/li>\n<li>A vitamina E 40,17 mg<\/li>\n<li>Tiamina (vitamina B1) 0,73 mg<\/li>\n<li>Riboflavina (vitamina B2) 0,88 mg<\/li>\n<li>Niacina (p fator.p) 8,37 mg<\/li>\n<li>Futebol 997,62 mg<\/li>\n<li>Fosfato 412,67 mg<\/li>\n<li>Pot\u00e1ssio 1.739,33 mg<\/li>\n<li>Magn\u00e9sio 299,30 mg<\/li>\n<li>De s\u00f3dio 39,41 mg<\/li>\n<li>Alum\u00ednio 17,39 mg<\/li>\n<li>B\u00e1rio 6,18 mg<\/li>\n<li>Ferro 136,64 mg<\/li>\n<li>Estr\u00f4ncio 12,02 mg<\/li>\n<li>Boro 6,75 mg<\/li>\n<li>Cobre 1,22 mg<\/li>\n<li>Zinco 2,21 mg<\/li>\n<li>Mangan\u00eas 9,15 mg<\/li>\n<li>Cromo de 0,12 mg<\/li>\n<\/ul>\n<\/div>\n<div id=\"tab_disclaimer\" class=\"panel entry-content\" role=\"tabpanel\" aria-labelledby=\"tab-disclaimer\">\n<p><strong><span style=\"color: #d83131;\">A FOTO NA DESCRI\u00c7\u00c3O \u00c9 MERAMENTE INDICATIVA<\/span><\/strong><\/p>\n<p><strong><span style=\"color: #d83131;\">PRODUTOS S\u00c3O GARANTIDOS A PARTIR DE KARMARANDO<\/span><\/strong><br \/>\n<strong><span style=\"color: #d83131;\">Para os produtos, de PLANTAS, de INCENSO, E os p\u00f3s PREPARADOS NO MOMENTO, n\u00e3o \u00e9 poss\u00edvel ser feitas DEVOLU\u00c7\u00d5ES ou REEMBOLSOS<\/span><\/strong><\/p>\n<p>O <strong>termos utilizados<\/strong> as categorias e as tags n\u00e3o quero sugerir para o uso medicinal e recreativo produtos, apenas classific\u00e1-los de acordo com seu uso hist\u00f3rico, cient\u00edfico e social.<\/p>\n<p><strong>As receitas s\u00e3o fornecidos como uma cient\u00edficos<\/strong>eles n\u00e3o querem incentivar os clientes a repeti-las, nem para consumir os produtos.<\/p>\n<p><strong>Nosso conte\u00fado<\/strong> n\u00e3o foram avaliadas pela FDA ou por qualquer figura da profiss\u00e3o m\u00e9dica: as poss\u00edveis aplica\u00e7\u00f5es, indica\u00e7\u00f5es, dosagem e avisos s\u00e3o descritos somente para fins educacionais, especula\u00e7\u00f5es e pessoal, e n\u00e3o constitui aconselhamento m\u00e9dico.<\/p>\n<p><strong>Os produtos s\u00e3o vendidos<\/strong> como incenso, Sab\u00f5es, Resinas e cole\u00e7\u00e3o bot\u00e2nica, e material de investiga\u00e7\u00e3o cient\u00edfica.<\/p>\n<p><span style=\"color: #ed1c24; font-size: 115%;\"><strong>Eles n\u00e3o s\u00e3o destinados para o consumo humano.<br \/>\nPara ser capaz de comprar nossos produtos, voc\u00ea deve ter mais de 18 anos de idade e n\u00e3o s\u00e3o adequados para as mulheres que est\u00e3o gr\u00e1vidas e\/ou lactantes.<\/strong><\/span><\/p>\n<p>Para obter mais informa\u00e7\u00f5es sobre <strong>KARMARANDO<\/strong> visite <a href=\"https:\/\/www.instagram.com\/karmarando1\/\" target=\"_blank\" rel=\"noopener\"><br \/>\n<span style=\"color: #0000ff;\"><strong>nesta p\u00e1gina<\/strong><\/span><\/a> ou leia as \u00faltimas not\u00edcias sobre <a href=\"https:\/\/karmarando.com\/pt\/blog\/\" target=\"_blank\" rel=\"nofollow noopener\"><strong><span style=\"color: #0000ff;\">BLOG<\/span><\/strong><\/a><\/p>\n<\/div><\/div><\/div>","protected":false},"excerpt":{"rendered":"<p>Mambe Ypadu Pronto Alivio De 100% Org\u00e2nico \u2013 Peruana Estilo<\/p>","protected":false},"featured_media":5054,"comment_status":"open","ping_status":"closed","template":"","meta":[],"product_brand":[468],"product_cat":[185,193],"product_tag":[473],"class_list":{"0":"post-3545","1":"product","2":"type-product","3":"status-publish","4":"has-post-thumbnail","6":"product_brand-karmarando","7":"product_cat-rapee-e-co","8":"product_cat-ambil-e-mambe","9":"product_tag-mambe","10":"pa_brand-karmarando","11":"pa_ean-1278","12":"pa_ingredienti-mambe","13":"pa_paese-di-fabbricazione-colombia","14":"pa_unita-di-misura-100-g","15":"pa_unita-di-misura-1000-g","16":"pa_unita-di-misura-150-g","17":"pa_unita-di-misura-300-g","18":"pa_unita-di-misura-50-g","19":"pa_unita-di-misura-600-g","21":"first","22":"outofstock","23":"sale","24":"featured","25":"shipping-taxable","26":"purchasable","27":"product-type-variable"},"_links":{"self":[{"href":"https:\/\/karmarando.com\/pt\/wp-json\/wp\/v2\/product\/3545","targetHints":{"allow":["GET"]}}],"collection":[{"href":"https:\/\/karmarando.com\/pt\/wp-json\/wp\/v2\/product"}],"about":[{"href":"https:\/\/karmarando.com\/pt\/wp-json\/wp\/v2\/types\/product"}],"replies":[{"embeddable":true,"href":"https:\/\/karmarando.com\/pt\/wp-json\/wp\/v2\/comments?post=3545"}],"wp:featuredmedia":[{"embeddable":true,"href":"https:\/\/karmarando.com\/pt\/wp-json\/wp\/v2\/media\/5054"}],"wp:attachment":[{"href":"https:\/\/karmarando.com\/pt\/wp-json\/wp\/v2\/media?parent=3545"}],"wp:term":[{"taxonomy":"product_brand","embeddable":true,"href":"https:\/\/karmarando.com\/pt\/wp-json\/wp\/v2\/product_brand?post=3545"},{"taxonomy":"product_cat","embeddable":true,"href":"https:\/\/karmarando.com\/pt\/wp-json\/wp\/v2\/product_cat?post=3545"},{"taxonomy":"product_tag","embeddable":true,"href":"https:\/\/karmarando.com\/pt\/wp-json\/wp\/v2\/product_tag?post=3545"}],"curies":[{"name":"wp","href":"https:\/\/api.w.org\/{rel}","templated":true}]}}