{"id":18653,"date":"2026-05-07T14:01:34","date_gmt":"2026-05-07T12:01:34","guid":{"rendered":"https:\/\/karmarando.com\/senza-categoria\/sananga-root-tabernaemontana-undulata-disponibile-da-5-ml-10-ml-e-15-ml-3\/"},"modified":"2026-05-07T14:01:50","modified_gmt":"2026-05-07T12:01:50","slug":"sananga-root-tabernaemontana-undulata-disponibile-da-5-ml-10-ml-e-15-ml-3","status":"publish","type":"product","link":"https:\/\/karmarando.com\/pt\/kit-e-promo\/offerte-a-tempo\/sananga-root-tabernaemontana-undulata-disponibile-da-5-ml-10-ml-e-15-ml-3\/","title":{"rendered":"Sananga Raiz frutos em outubro de Undulata \u2013 dispon\u00edvel em 5 ml, 10 ml e 15 ml"},"content":{"rendered":"<div class=\"tabbed-content\">\n\t\t\t\n\t\t\t<ul class=\"nav nav-pills nav-uppercase nav-size-small nav-center\" role=\"tablist\"><li id=\"tab-descrizione\" class=\"tab active has-icon\" role=\"presentation\"><a href=\"#tab_descrizione\" role=\"tab\" aria-selected=\"true\" aria-controls=\"tab_descrizione\"><span>Descri\u00e7\u00e3o<\/span><\/a><\/li>\n<li id=\"tab-propriet\u00e0\" class=\"tab has-icon\" role=\"presentation\"><a href=\"#tab_propriet\u00e0\" tabindex=\"-1\" role=\"tab\" aria-selected=\"false\" aria-controls=\"tab_propriet\u00e0\"><span>Propriedade<\/span><\/a><\/li>\n<li id=\"tab-come-si-f\u00e0?\" class=\"tab has-icon\" role=\"presentation\"><a href=\"#tab_come-si-f\u00e0?\" tabindex=\"-1\" role=\"tab\" aria-selected=\"false\" aria-controls=\"tab_come-si-f\u00e0?\"><span>Como fica?<\/span><\/a><\/li>\n<li id=\"tab-disclaimer\" class=\"tab has-icon\" role=\"presentation\"><a href=\"#tab_disclaimer\" tabindex=\"-1\" role=\"tab\" aria-selected=\"false\" aria-controls=\"tab_disclaimer\"><span>ISEN\u00c7\u00c3O de responsabilidade<\/span><\/a><\/li><\/ul><div class=\"tab-panels\"><div id=\"tab_descrizione\" class=\"panel active entry-content\" role=\"tabpanel\" aria-labelledby=\"tab-descrizione\">\n<h3><strong>Sananga Raiz frutos em outubro de Undulata \u2013 dispon\u00edvel em 5 ml, 10 ml e 15 ml<\/strong><\/h3>\n<p>Aut\u00eantica col\u00edrio Sananga obtido a partir da Casca da Raiz de frutos em outubro de Undulata gotas para os Olhos, a Planta Sagrada das Tribos do Amazonas.<\/p>\n<p><span style=\"font-size: 75%;\"><strong>Conservare in Frigor<\/strong><\/span><\/p>\n<p>Sananga \u00e9 feita a partir de ra\u00edzes e casca do arbusto de frutos em outubro de undulata. A raiz e a casca desta planta s\u00e3o obtidos pelas tribos dos Kaxinaw\u00e1 e Yawanaw\u00e1. Este medicamento \u00e9 sagrada e poderosa, ela \u00e9 usada para tratar doen\u00e7as f\u00edsicas e espirituais, libertando a mente e as energias e a aquisi\u00e7\u00e3o de uma forma completamente nova de percep\u00e7\u00e3o e concentra\u00e7\u00e3o.<\/p>\n<p>Sananga \u00e9 feita a partir de ra\u00edzes e casca do arbusto de frutos em outubro de undulata \u00e9 uma esp\u00e9cie de madeira a ser de leite&#034; da fam\u00edlia das Apocynaceae, e vem diretamente dos povos das tribos amaz\u00f4nicas. Este medicamento \u00e9 sagrada e poderosa ela \u00e9 usada para tratar doen\u00e7as f\u00edsicas e espirituais, libertando a mente das energias distrair e possibilitando uma nova maneira de perceber e foco. Este Sananga \u00e9 infundida com a inten\u00e7\u00e3o de absoluta clareza e concentra\u00e7\u00e3o. Embora seja dito que Sananga cont\u00e9m alcal\u00f3ides da iboga\u00edna, na realidade, h\u00e1 pouca evid\u00eancia para sugerir que isto \u00e9 verdade. Tabernaemontanta n\u00e3o \u00e9 realmente um g\u00eanero, mas um &#034;subfam\u00edlia&#034; e, em seguida, tamb\u00e9m classificado como um &#034;Tabernaemontanoidae&#034;. McKenna comunica que apenas algumas das dezenas de plantas desta subfam\u00edlia conter iboga\u00edna, o outro como &#034;undulata&#034; s\u00f3 pode ter analg\u00e9sico ou sedativo.<\/p>\n<p>O esp\u00edrito puro da Sananga suporta uma limpeza profunda das energias s\u00e3o bloqueados no n\u00edvel emocional, f\u00edsico e espiritual. Sananga pode equilibrar e aumentar a sua energia, e encontrar as ra\u00edzes de sua doen\u00e7a e de blocos, levando a um completo equil\u00edbrio, a concentra\u00e7\u00e3o e a paz de esp\u00edrito. Al\u00e9m disso, as gotas que vai expandir a sua vis\u00e3o e a consci\u00eancia espiritual e melhorar a sua capacidade de ler as inten\u00e7\u00f5es dos outros. Tamb\u00e9m, Sananga melhorar a sua vis\u00e3o de longo alcance, o que \u00e9 importante para as suas opini\u00f5es e previs\u00f5es sobre o futuro. Al\u00e9m disso, as quedas s\u00e3o tamb\u00e9m utilizado para tratar e melhorar uma ampla gama de problemas oculares (Lambert et al., 2010), tais como miopia, a percep\u00e7\u00e3o de profundidade, e a cor, a defini\u00e7\u00e3o das imagens e a precis\u00e3o na detec\u00e7\u00e3o. Al\u00e9m disso, este medicamento magia \u00e9 indicada em casos de graves doen\u00e7as oculares, como glaucoma, catarata e cegueira. Porque essas gotas podem ter diferentes efeitos t\u00e3o poderosos na sua opini\u00e3o, tamb\u00e9m s\u00e3o comumente aplicados antes ou durante as cerim\u00f4nias de Ayahuasca, para aumentar a visualiza\u00e7\u00e3o e as intui\u00e7\u00f5es espirituais.<\/p>\n<p>Mesmo se Sananga \u00e9 famosa por seus efeitos sobre o ver e o ler, este medicamento \u00e9 considerado um rem\u00e9dio para os ind\u00edgenas, para todos os fins. \u00c9 aplicado para a doen\u00e7a, febrifuge, em\u00e9tico, diur\u00e9tico, sedativo, e muitos outros. Tamb\u00e9m, Sananga \u00e9 muitas vezes utilizada para o tratamento de doen\u00e7as da pele (dermatite), suprimir o apetite, (Jernigan 2009), aliviar problemas dent\u00e1rios (Shepard 1999), e o tratamento das feridas da mordida da serpente, e o veneno, a cura de les\u00f5es oculares e reumatismo (Sanz-Biset et al. 2009; Schultes 1979). Outro aspecto importante da cura, da fam\u00edlia das Apocynaceae e \u00e9 a sua atividade antimicrobiana amplamente explorado, que mostrou que esta fam\u00edlia tem um forte antioxidante (Pereira et al. 2005), antitumoral (Kingston et al. 1977; Gunasekera et al. 1980), antifertility\/contracep\u00e7\u00e3o ( Meyeret al. 1973), antipir\u00e9tico (reduz a febre), anti-inflamat\u00f3rias (Taesotikul et al. 2003), antimicobatterico (Pereira et al. 2005), e antimicrobiana (Beek et al. 1984; Suffredini et al. 2002; Ruttoh et al. 2009) efeitos.<\/p>\n<p>Tradicionalmente, tribos, como Mats\u00e9 usar Sananga como uma ferramenta de ca\u00e7a para obter uma percep\u00e7\u00e3o e concentra\u00e7\u00e3o acentuada, e para permitir a detec\u00e7\u00e3o de movimentos sutis na selva escura (Lambert et al., 2010). Al\u00e9m disso, as gotas podem permitir que um ponto de vista forte da presa ou vegetal, a ca\u00e7a, permitindo uma r\u00e1pida busca do sucesso. Muitas vezes Sananga \u00e9 combinado com outras ferramentas para a ca\u00e7a, como Kambos, para aprimorar ainda mais as habilidades da ca\u00e7a. Para a maioria das tribos ind\u00edgenas, a fim de ca\u00e7ar os meios para a sobreviv\u00eancia, o que significa uma habilidade que \u00e9 extremamente importante e crucial.<\/p>\n<p>A tribo acredita que para se tornar um bom ca\u00e7ador e um bom miratore s\u00f3 pode ser alcan\u00e7ado atrav\u00e9s de plantas sagradas. Estas plantas sagradas melhorar a percep\u00e7\u00e3o e acuidade, a inten\u00e7\u00e3o, o sentido do olfato, for\u00e7a e sorte. Portanto, a ca\u00e7a ferramentas como Sananga e Kambos, o que representa cerca de um quarto de todas as plantas medicinais utilizadas nas tribos ind\u00edgenas (Shepard 1999).<\/p>\n<p><b>A origem, a cria\u00e7\u00e3o e a aplica\u00e7\u00e3o de <\/b><br \/>\nGotas Sananga s\u00e3o produzidos pelo arbusto de frutos em outubro de undulata que cresce no Acre, no Brasil e em outros pa\u00edses da am\u00e9rica do sul, e \u00e9 conhecido para a tribo Kaxinaw\u00e1s como &#034;Mana Heins&#034; e como &#034;Becchete&#034; para os Mats\u00e9s. Mana Heins ou Becchete pertencem \u00e0 fam\u00edlia das Apocynaceae, a mesma fam\u00edlia a que pertence o iboga (Tabernanthe iboga) (K\u00f6nig et al. 2015). A casca da raiz deste arbusto \u00e9 o primeiro solo de um p\u00f3 fino, que \u00e9 filtrado v\u00e1rias vezes atrav\u00e9s de uma rede de algod\u00e3o, e, finalmente, \u00e9 extra\u00eddo o sumo. Quando aplicado na pele, as folhas de Sananga \u00e9 tocado pelo fogo e aplicado sobre a parte afetada diretamente, ou \u00e1rvore de raiz \u00e9 misturado com \u00e1gua e aplicado com um pano (Van Beek et al. 1984). No entanto, ele tamb\u00e9m pode ser aplicado com uma bebida a base de extrato aquoso da casca da raiz.<\/p>\n<h3><strong>Sananga Original Amazon, a Raiz de frutos em outubro.<\/strong><\/h3>\n<p>ATEN\u00c7\u00c3O: para quem n\u00e3o sabe, esses rem\u00e9dios, por favor, leia at\u00e9 o fundo para mais informa\u00e7\u00f5es, por favor contactar atrav\u00e9s do email suporte e, se necess\u00e1rio, ser\u00e1 levado para um n\u00famero de telefone de contacto para obter Dicas e Usa.<\/p>\n<p>Como sabemos os Problemas do Vista, como \u00e9 o caso de muitas doses, s\u00e3o todos psicosamatici os funcion\u00e1rios do Timo, que leva ao envelhecimento, a partir da\u00ed, o Sanaga resolver isso atrav\u00e9s dos olhos.<\/p>\n<\/div>\n<div id=\"tab_propriet\u00e0\" class=\"panel entry-content\" role=\"tabpanel\" aria-labelledby=\"tab-propriet\u00e0\">\n<h3><strong>Ingredientes ativos<\/strong><\/h3>\n<p>O Sananga cont\u00e9m coronadine, quebrachidine, heyneanine, 3-hydroxycoronaridine, ibogamina e voacangine, o 3-idrossicoronaridina, (Van Beek et al., 1984; delle Monache et al. 1977)<\/p>\n<p>Todos estes alcal\u00f3ides possuem poderosos efeitos psicoativos e pode exercer fortes efeitos no antibi\u00f3ticos.<\/p>\n<h3><strong>Os principais usos da planta<\/strong><\/h3>\n<p><strong>Medicina, Sacred Warrior<\/strong><\/p>\n<ul>\n<li>Extinguir a Panema um termo que pode ser traduzido como a depress\u00e3o, a tristeza, fadiga e mal-estar.<\/li>\n<li>Gotas para os olhos (por muitas indica\u00e7\u00f5es, \u00e9 a forma mais utilizada em outras formas de ser utillazzata.<\/li>\n<li>Limpa a mente, as energias e a obten\u00e7\u00e3o de um novo e abrangente forma de percep\u00e7\u00e3o e concentra\u00e7\u00e3o.<\/li>\n<li>Ajuda no Tratamento de doen\u00e7as f\u00edsicas e espirituais, libertando a mente das energias distrattive e possibilitando uma nova maneira de perceber e foco.<\/li>\n<li>Desbloquear as energias negativas e aumenta o desejo de viver e a for\u00e7a para enfrentar os nossos sonhos<\/li>\n<li>miopia<\/li>\n<li>Glaucoma<\/li>\n<li>Catarata<\/li>\n<li>Alguns casos de perda de vis\u00e3o<\/li>\n<li>A cegueira<\/li>\n<li>maculopatia<\/li>\n<li>Ceratocone<\/li>\n<li>A retinopatia<\/li>\n<li>Degenarazione Macular age-related<\/li>\n<li>a percep\u00e7\u00e3o de profundidade e cor, a defini\u00e7\u00e3o de imagem e detec\u00e7\u00e3o de precis\u00e3o.<\/li>\n<li>O tratamento da halitose<\/li>\n<li>Tratamento de candida vaginal<\/li>\n<li>Vomitivo<\/li>\n<li>Calmante e esclarecer para a mente<\/li>\n<li>Aumentativo de profundidade em estados de medita\u00e7\u00e3o<\/li>\n<li>Melhoria de sonho l\u00facido<\/li>\n<li>Estimular a elimina\u00e7\u00e3o de energia estagnada<\/li>\n<li>A melhor vista<\/li>\n<li>Melhoria da intui\u00e7\u00e3o<\/li>\n<\/ul>\n<p>N\u00e3o \u00e9 apenas bom para todos os problemas relacionados com o olho descrito acima, mas..<\/p>\n<p>Utilizzato molto in combinazione e prima di Rap\u00e9, Kambo, Ayahuasca, e in coppia con le gocce diamante accresce il processo visionario e di intuizione spirituale.<\/p>\n<p>Al\u00e9m disso, esta Planta sagrada usada pelos nativos para uma febre, tendo propriedades em\u00e9tico, diur\u00e9tico, e cuidar de v\u00e1rios outros tipos de doen\u00e7as comuns, tais como problemas de pele (dermatite); ser de ajuda para voc\u00ea na presen\u00e7a de problemas dent\u00e1rios e reumatismo. Muitos estudos cient\u00edficos est\u00e3o em andamento hoje, com o objetivo de aprofundar os diferentes usos desta planta de cura.<\/p>\n<p>Tradicionalmente por povos nativos, ele \u00e9 usado como uma ferramenta importante e essencial na ca\u00e7a, porque aumenta a percep\u00e7\u00e3o e a concentra\u00e7\u00e3o, Ajudando a detectar os movimentos sutis na selva amaz\u00f4nica (Lambert et Al., 2010).<\/p>\n<p>Ao mesmo tempo, o col\u00edrio pode ajudar os ca\u00e7adores de ter vista da presa (o qual permite que voc\u00ea, como o sacrif\u00edcio do sagrado), e plantas que precisam ser ca\u00e7ados e encontrado (Lambert et al., 2010). Durante a ca\u00e7a a Sananga \u00e9 muitas vezes acompanhado pela Kamb\u00f2, o que ajuda a aumentar a capacidade de ca\u00e7a.<\/p>\n<p>Tenha em mente que a ca\u00e7a e a pesca para muitas tribos ind\u00edgenas s\u00e3o os \u00fanicos meios de sobreviv\u00eancia em uma terra hostil, por esta raz\u00e3o, os nativos usam tudo o que est\u00e1 \u00e0 sua disposi\u00e7\u00e3o para aumentar e melhorar suas habilidades. O uso destas plantas naturais poder ajuda-los a superar todas as dificuldades da floresta, e ao mesmo tempo lhes d\u00e1 uma grande vision\u00e1rio capacidade de encontrar muito mais facilmente presa de ca\u00e7a.<\/p>\n<p>As origens, a cria\u00e7\u00e3o e o modo de aplica\u00e7\u00e3o. Como dissemos anteriormente o Sananga \u00e9 feita a partir de ra\u00edzes e cascas de plantas de frutos em outubro de Undulata, que cresce principalmente na \u00e1rea do Acre, Brasil, e outros Pa\u00edses da am\u00e9rica do sul.<\/p>\n<p>Ele \u00e9 conhecido como &#034;Mana Heins&#034; pelo povo Kaxinaw\u00e0 Brasileira e a &#034;Bacchete&#034; pelo Matses no Peru. As ra\u00edzes e a casca desta planta s\u00e3o de primeira reduziu-o a p\u00f3, e, em seguida, fluxos de lava v\u00e1rias vezes atrav\u00e9s de uma peneira de algod\u00e3o, para, em seguida, ser finalmente extra\u00eddo na forma de suco \u00e9 o l\u00edquido que, em seguida, \u00e9 usado de v\u00e1rias formas pelos nativos.<\/p>\n<\/div>\n<div id=\"tab_come-si-f\u00e0?\" class=\"panel entry-content\" role=\"tabpanel\" aria-labelledby=\"tab-come-si-f\u00e0?\">\n<h3><strong>Dosagem e Uso<br \/>\n<\/strong><\/h3>\n<p>Na Amaz\u00f4nia, este produto \u00e9 utilizado toda vez que os ciclos di\u00e1rios de 2 meses e 2 semanas fora, pela primeira vez, e, em seguida, us\u00e1-lo por um m\u00eas e 2 semanas de folga.<\/p>\n<p>voc\u00ea pode usar todos os dias ou 1 dia e ningu\u00e9m para cody para 2 meses e depois o resto epr 2 semanas e, em seguida, continuar.<\/p>\n<h5><strong> Antes de considerar uma dose \u00e9 fundamental para ter uma inten\u00e7\u00e3o. <\/strong><\/h5>\n<h5><strong> Trabalho focado em ti, a planta ajuda a lan\u00e7ar luz sobre esse aspecto da vida que voc\u00ea quer ver mais em profundidade. <\/strong><\/h5>\n<h5><strong> O poder de sua intnzione \u00e9 crucial, e cada medicamento s\u00f3 pode obter e tratar o que voc\u00ea quer dizer. <\/strong><\/h5>\n<h4><strong>U<\/strong>na apenas uma gota por olho j\u00e1 \u00e9 suficiente para uma poderosa sess\u00e3o de Sananga. Recomendamos que voc\u00ea encontrar um ambiente calmo e tranquilo, quer na natureza, quer seja em casa ou em um ambiente tranq\u00fcilo, com m\u00fasica meditativa. Os efeitos agudos desaparecer depois de 10-15 minutos, mas os efeitos colaterais leves, pode durar dias. Certifique-se de que voc\u00ea se deitar para permitir uma boa aplica\u00e7\u00e3o, e deixar os olhos fechados durante a sess\u00e3o. \u00c9 importante aplicar uma gota em ambos os olhos e n\u00e3o espere que a segunda lista suspensa, aplic\u00e1-lo imediatamente para equilibrar as energias em ambos os olhos. Em seguida, voc\u00ea deve bater as p\u00e1lpebras por um curto per\u00edodo de tempo para distribuir o l\u00edquido sobre o olho inteiro. Idealmente, voc\u00ea encontrar uma segunda pessoa que pode aplicar o Sananga para voc\u00ea.<\/h4>\n<p>Logo ap\u00f3s a aplica\u00e7\u00e3o para os olhos, a maioria dos usu\u00e1rios relatam uma forte sensa\u00e7\u00e3o de queimadura, e uma intensa sensa\u00e7\u00e3o de picadas de dor. No entanto, estes efeitos desaparecem depois de alguns minutos, e podem ser aliviados por se concentrar na sua respira\u00e7\u00e3o e visualizando-o como a dor se transforma em for\u00e7a e remove sua energia bloqueada, e traz a cura profunda.<\/p>\n<p>Al\u00e9m disso, tamb\u00e9m podem ocorrer v\u00f4mitos e fezes, que s\u00e3o ainda mais indica\u00e7\u00f5es para a elimina\u00e7\u00e3o da energia bloqueada e doen\u00e7a. Tentando dar completamente e relaxado poss\u00edvel.<\/p>\n<p>Semelhante ao micro-dose de iboga, voc\u00ea pode aplicar Sananga em uma base di\u00e1ria, mas deve aderir ao protocolo, e siga com fortes inten\u00e7\u00f5es de cura, a fim de alcan\u00e7ar resultados profundos.<\/p>\n<p>Para dar uma id\u00e9ia, uma \u00fanica gota de Sananga olho \u00e9 o suficiente para uma poderosa sess\u00e3o de cuidados. Recomendamos sempre a utiliza\u00e7\u00e3o de Sananga de modo sagrado, em um espa\u00e7o protegido.<\/p>\n<p>Ele n\u00e3o \u00e9 uma subst\u00e2ncia para ser tomado com a leveza e a inexperi\u00eancia, porque ele trabalha em um n\u00edvel muito profundo, movendo-se em uma forma poderosa &#034;toxinas&#034; que cristalizou-se em corpo, mente e alma de uma maneira sutil.<\/p>\n<p>Portanto, \u00e9 essencial a ser seguido e apoiado por pessoas experientes na utiliza\u00e7\u00e3o e administra\u00e7\u00e3o. O efeito agudo do Sananga dura cerca de 10 a 15 minutos, enquanto que o efeito sobre um n\u00edvel sutil pode durar dias.<\/p>\n<p>Ele \u00e9 fundamental para a aplica\u00e7\u00e3o de gotas em ambos os olhos para o equil\u00edbrio do c\u00e9rebro direito e o c\u00e9rebro esquerdo.<\/p>\n<p>O que voc\u00ea ouve imediatamente ap\u00f3s a aplica\u00e7\u00e3o tem uma grande ardor nos olhos, como tendo a pimenta vermelha.<\/p>\n<p>Depois de alguns momentos, a sensa\u00e7\u00e3o de queima\u00e7\u00e3o come\u00e7a a diminuir, uma t\u00e9cnica que \u00e9 eficaz para diminuir a sensa\u00e7\u00e3o de queima\u00e7\u00e3o nos olhos \u00e9 o de chamar a aten\u00e7\u00e3o para a respira\u00e7\u00e3o, respira\u00e7\u00e3o com a boca.<\/p>\n<p>Quando ele diminui a queima, voc\u00ea come\u00e7a a perceber a elimina\u00e7\u00e3o de fino blocos, especialmente na altura do terceiro olho, que vai ampliar a vis\u00e3o e o corpo relaxa. Voc\u00ea vai ter para as pessoas no caminho espiritual rumo a n\u00edveis mais profundos, e um monte de clareza mental.<\/p>\n<h3><strong>Insights<\/strong><\/h3>\n<h3>Um cliente informou-me que ele tentou o col\u00edrio Sananga. E o coment\u00e1rio dele foi: &#034;...N\u00e3o funcionou. Tudo o que eu tinha era de extrema dor, e nada mais, ele n\u00e3o funciona...&#034;. Em seguida, expliquei-lhes os efeitos de Sananga e os benef\u00edcios de dor:<\/h3>\n<p>&#8220;Sembrava aver funzionato perfettamente. Il dolore del Sananga permette la guarigione. Se non fa male, non otterrai quel processo. Il dolore ti permette di radicarti ed equilibrarti. Le prime volte pu\u00f2 causare sofferenza e dramma ma quando capisci cosa farne puoi raggiungere uno stato di zen e di impavidit\u00e0. E sar\u00e0 facile. Prendi il dolore senza drammi. E ad un certo punto sarai in grado di prendere Sananga nel momento in cui ci pensi. Senza qualsiasi esitazione, dubbio o paura per ci\u00f2 che sta arrivando. E poi lo lasci cadere negli occhi e permetti semplicemente ci\u00f2 che accade. Vai nel processo senza alcuna espressione. Sii calmo, respira, sopporta il dolore ma non lasciare che causi disperazione . Siediti dritto, ruota gli occhi e non mostrare nulla della tua lotta interiore. Puoi incanalare tutto quel dolore in potere, immediatamente. E i benefici in seguito non sono solo l&#8217;impavidit\u00e0. Ti libera dal dramma, dall&#8217;irritazione, dal dolore, dalla paura, rabbia E ha effetti benefici sui tuoi occhi, prende lo sporco accumulato lontano dall&#8217;obiettivo e anche dalla parte posteriore degli occhi. Avrai una migliore concentrazione, sia visivamente che mentalmente. &#8220;Vedrai&#8221; le cose meglio. Sananga pu\u00f2 renderti un guerriero e 15 minuti dopo l&#8217;esperienza, fino a giorni dopo, e in alcuni casi in modo permanente, hai la determinazione di ottenere qualsiasi cosa e non sarai pi\u00f9 ostacolato dalle emozioni negative. Se riesci a trattare con Sananga puoi affrontare la vita di tutti i giorni molto meglio, specialmente in situazioni in cui sei sfidato a cadere in emozioni negative, drammi, paura o rabbia&#8221;.<\/p>\n<h3><b>Aten\u00e7\u00e3o<\/b><\/h3>\n<h3>As lentes de contato devem ser removidas antes da aplica\u00e7\u00e3o de Sananga.<\/h3>\n<\/div>\n<div id=\"tab_disclaimer\" class=\"panel entry-content\" role=\"tabpanel\" aria-labelledby=\"tab-disclaimer\">\n<p><strong><span style=\"color: #d83131;\">A FOTO NA DESCRI\u00c7\u00c3O \u00c9 MERAMENTE INDICATIVA<\/span><\/strong><\/p>\n<p><strong><span style=\"color: #d83131;\">PRODUTOS S\u00c3O GARANTIDOS A PARTIR DE KARMARANDO<\/span><\/strong><br \/>\n<strong><span style=\"color: #d83131;\">Para os produtos, de PLANTAS, de INCENSO, E os p\u00f3s PREPARADOS NO MOMENTO, n\u00e3o \u00e9 poss\u00edvel ser feitas DEVOLU\u00c7\u00d5ES ou REEMBOLSOS<\/span><\/strong><\/p>\n<p>O <strong>termos utilizados<\/strong> as categorias e as tags n\u00e3o quero sugerir para o uso medicinal e recreativo produtos, apenas classific\u00e1-los de acordo com seu uso hist\u00f3rico, cient\u00edfico e social.<\/p>\n<p><strong>As receitas s\u00e3o fornecidos como uma cient\u00edficos<\/strong>eles n\u00e3o querem incentivar os clientes a repeti-las, nem para consumir os produtos.<\/p>\n<p><strong>Nosso conte\u00fado<\/strong> n\u00e3o foram avaliadas pela FDA ou por qualquer figura da profiss\u00e3o m\u00e9dica: as poss\u00edveis aplica\u00e7\u00f5es, indica\u00e7\u00f5es, dosagem e avisos s\u00e3o descritos somente para fins educacionais, especula\u00e7\u00f5es e pessoal, e n\u00e3o constitui aconselhamento m\u00e9dico.<\/p>\n<p><strong>Os produtos s\u00e3o vendidos<\/strong> como incenso, Sab\u00f5es, Resinas e cole\u00e7\u00e3o bot\u00e2nica, e material de investiga\u00e7\u00e3o cient\u00edfica.<\/p>\n<p><span style=\"color: #ed1c24; font-size: 115%;\"><strong>Eles n\u00e3o s\u00e3o destinados para o consumo humano.<br \/>\nPara ser capaz de comprar nossos produtos, voc\u00ea deve ter mais de 18 anos de idade e n\u00e3o s\u00e3o adequados para as mulheres que est\u00e3o gr\u00e1vidas e\/ou lactantes.<\/strong><\/span><\/p>\n<p>Para obter mais informa\u00e7\u00f5es sobre <strong>KARMARANDO<\/strong> visite <a href=\"https:\/\/www.instagram.com\/karmarando1\/\" target=\"_blank\" rel=\"noopener\"><br \/>\n<span style=\"color: #0000ff;\"><strong>nesta p\u00e1gina<\/strong><\/span><\/a> ou leia as \u00faltimas not\u00edcias sobre <a href=\"https:\/\/karmarando.com\/pt\/blog\/\" target=\"_blank\" rel=\"nofollow noopener\"><strong><span style=\"color: #0000ff;\">BLOG<\/span><\/strong><\/a><br \/>\n<\/div><\/div><\/div>","protected":false},"excerpt":{"rendered":"","protected":false},"featured_media":0,"comment_status":"closed","ping_status":"open","template":"","meta":[],"product_brand":[],"product_cat":[15],"product_tag":[805],"class_list":{"0":"post-18653","1":"product","2":"type-product","3":"status-publish","5":"product_cat-offerte-a-tempo","6":"product_tag-sananga","8":"first","9":"instock","10":"product-type-simple"},"_links":{"self":[{"href":"https:\/\/karmarando.com\/pt\/wp-json\/wp\/v2\/product\/18653","targetHints":{"allow":["GET"]}}],"collection":[{"href":"https:\/\/karmarando.com\/pt\/wp-json\/wp\/v2\/product"}],"about":[{"href":"https:\/\/karmarando.com\/pt\/wp-json\/wp\/v2\/types\/product"}],"replies":[{"embeddable":true,"href":"https:\/\/karmarando.com\/pt\/wp-json\/wp\/v2\/comments?post=18653"}],"wp:attachment":[{"href":"https:\/\/karmarando.com\/pt\/wp-json\/wp\/v2\/media?parent=18653"}],"wp:term":[{"taxonomy":"product_brand","embeddable":true,"href":"https:\/\/karmarando.com\/pt\/wp-json\/wp\/v2\/product_brand?post=18653"},{"taxonomy":"product_cat","embeddable":true,"href":"https:\/\/karmarando.com\/pt\/wp-json\/wp\/v2\/product_cat?post=18653"},{"taxonomy":"product_tag","embeddable":true,"href":"https:\/\/karmarando.com\/pt\/wp-json\/wp\/v2\/product_tag?post=18653"}],"curies":[{"name":"wp","href":"https:\/\/api.w.org\/{rel}","templated":true}]}}