{"id":18642,"date":"2026-05-07T14:01:34","date_gmt":"2026-05-07T12:01:34","guid":{"rendered":"https:\/\/karmarando.com\/senza-categoria\/ambila-forte-organic-ambil-mapacho-con-sale-del-monte-in-pasta\/"},"modified":"2026-05-07T14:01:39","modified_gmt":"2026-05-07T12:01:39","slug":"ambila-forte-organic-ambil-mapacho-con-sale-del-monte-in-pasta","status":"publish","type":"product","link":"https:\/\/karmarando.com\/pt\/kit-e-promo\/offerte-a-tempo\/ambila-forte-organic-ambil-mapacho-con-sale-del-monte-in-pasta\/","title":{"rendered":"Ambila Forte Org\u00e2nica Ambil Mapacho com o n\u00famero de Quartos do Monte \u2013 Colar"},"content":{"rendered":"<div class=\"tabbed-content\">\n\t\t\t\n\t\t\t<ul class=\"nav nav-pills nav-uppercase nav-size-small nav-center\" role=\"tablist\"><li id=\"tab-descrizione\" class=\"tab active has-icon\" role=\"presentation\"><a href=\"#tab_descrizione\" role=\"tab\" aria-selected=\"true\" aria-controls=\"tab_descrizione\"><span>Descri\u00e7\u00e3o<\/span><\/a><\/li>\n<li id=\"tab-propriet\u00e0\" class=\"tab has-icon\" role=\"presentation\"><a href=\"#tab_propriet\u00e0\" tabindex=\"-1\" role=\"tab\" aria-selected=\"false\" aria-controls=\"tab_propriet\u00e0\"><span>Propriedade<\/span><\/a><\/li>\n<li id=\"tab-come-si-f\u00e0?\" class=\"tab has-icon\" role=\"presentation\"><a href=\"#tab_come-si-f\u00e0?\" tabindex=\"-1\" role=\"tab\" aria-selected=\"false\" aria-controls=\"tab_come-si-f\u00e0?\"><span>Como fica?<\/span><\/a><\/li>\n<li id=\"tab-disclaimer\" class=\"tab has-icon\" role=\"presentation\"><a href=\"#tab_disclaimer\" tabindex=\"-1\" role=\"tab\" aria-selected=\"false\" aria-controls=\"tab_disclaimer\"><span>ISEN\u00c7\u00c3O de responsabilidade<\/span><\/a><\/li><\/ul><div class=\"tab-panels\"><div id=\"tab_descrizione\" class=\"panel active entry-content\" role=\"tabpanel\" aria-labelledby=\"tab-descrizione\">\n<h3>Ambila Forte &#8211; Ambil Organica Naturale &#8211; Mapacho con Sale del Monte (Ricetta originale) &#8211; in Pasta<\/h3>\n<p>&gt;Ambil o Ambila<\/p>\n<p>Ambil Forte Ambila Organica Naturale di Mapacho con sali vegetali del monte<\/p>\n<p>L&#8217;ambil ancora oggi viene usata dai popoli dell&#8217;Amazzonia per scopi sacri, per scambiare parole e prendere decisioni di vitale importanza per la comunit\u00e0, non \u00e8 tanto un modello per il processo decisionale, ma un&#8217;etica per il processo decisionale.<\/p>\n<p><strong>Ambil, mapacho Ricetta originale<\/strong><br \/>\nNelle varie culture, offrire ambila \u00e8 un segno di amicizia, rifiutandolo come un segno di ostilit\u00e0. \u00c8 considerata una sostanza sacra che d\u00e0 vita, protezione, socializza e fornisce discernimento morale.<br \/>\nL&#8217;ambil o Ambila in italiano fornisce pensieri \/ emozioni, &#8220;assensi&#8221; f\u00e1 emergere l&#8217;inconscio fissandolo e integrandolo con il nostro conscio.\u00c8 indispensabile prima del Rap\u00e9 come parte integrante dello stesso, per avere un processo pi\u00f9 potente, pi\u00f9 rilassato, e pi\u00f9 proficuo.Le parole strumentali che sentiamo ci consente di esprimerle e farle nostre. Inoltre, l&#8217;ambila risveglia la persona, portandola a uno stato di piena e vigile consapevolezza e sensibilizza il corpo in modo tale da riconoscere la presenza del male minaccioso mediante formicolio di sensazioni alla schiena e la pelle, o attraverso le dita dei piedi.<\/p>\n<p>Lo spirito magico \u00e8 il respiro e la parola fiduciosa che possiede ogni umano, dimostrando il suo valore alla comunit\u00e0. La parola nella lingua uitoto, ambila \u00e8 yera, che significa &#8220;comportamento&#8221; e il suffisso -ra &#8220;sostanza&#8221;, quindi per loro l&#8217;ambila significa &#8220;sostanza di comportamento&#8221;. Il concetto di Yet\u00e1rafue ( ye- &#8216;comportamento&#8217;; -ta- &#8216;make&#8217;; -rafue &#8216;parola&#8217;) Significa &#8220;Parola per comportarsi&#8221; (o &#8220;Parola di disciplina&#8221;) ed \u00e8 la base per prendersi cura della famiglia. E dato il rigore e la disciplina necessari per la preparazione di Ambila e possedere e usare Ambila \u00e8 anche un segno dell&#8217;et\u00e0 adulta di n abitante dell&#8217;amazzonia.<br \/>\n<\/div>\n<div id=\"tab_propriet\u00e0\" class=\"panel entry-content\" role=\"tabpanel\" aria-labelledby=\"tab-propriet\u00e0\">\n<h3><strong>Ambil<\/strong><\/h3>\n<p><strong>RIMEDIO:<\/strong><\/p>\n<p>-Per radicarsi a terra<br \/>\n-Per centratura<br \/>\n-Silenziare i pensieri Negativi<br \/>\n-Per smettere con il vizio del Fumo\/Tabagismo<br \/>\n-Ottimo prima del Rap\u00e9 (Guarda nel nostro negozio! troverai tante variet\u00e0! Con qualit\u00e0 prezzo!)<br \/>\n-Ottima assieme al Mamb\u00e8 (Disponibile nel Nostro negozio a un prezzo speciale!)<\/p>\n<p><strong>Dosi e Modalit\u00e0<\/strong><br \/>\nmettere incollato nei denti davanti (quelli sotto) una pallina grande come un pisello o pi\u00f9 grande<\/p>\n<p>Lasciare assorbire naturalmente con la saliva, mandando giu ogni tanto con occhi chiusi e presenza mentre si effettuano respiri profondi<\/p>\n<p>IL respiro migliore da fare \u00e8 x4 (prendi fiato in 4 secondi, trattieni per 4 secondi, lascia il fiato in 4 secondi e trattieni per 4 secondi, e riprendi di nuovo il respiro per 4 secondi e cosi via.<br \/>\n<\/div>\n<div id=\"tab_come-si-f\u00e0?\" class=\"panel entry-content\" role=\"tabpanel\" aria-labelledby=\"tab-come-si-f\u00e0?\">\n<strong>Ambila e Mamb\u00e8 sono ottimi da fare assieme<\/strong> sono una medicina per il corpo, che aiuta a espellere muco e parassiti dai seni frontali e paranasali. Elimina mal di testa, naso chiuso, e vertigini, poich\u00e9 decomprime la pressione del cranio. \u00c8 anche un&#8217;eccellente guaritivo influenzale, e antibiotico naturale e cicatrizzante delle ferite, in particolare a quelle che contengono salvia e lavanda.Inoltre sincronizza, allinea, l&#8217;attenzione e amplifica la percezione, aprendo canali astrali, crando transizione nel rituale. \u00c8 anche una medicina per la visione dello spirito, che ci aiuta a liberare la mente e a fermare il dialogo interiore, ad essere veramente presenti per poter vedere oltre le nostre interpretazioni.<\/p>\n<p>Questa pianta viene anche utilizzata come strumento per promuovere conversazioni produttive tra i membri della comunit\u00e0 e per prendere decisioni che influiscono sul benessere degli altri.<br \/>\nQueste tradizioni che ci collegano gli uni agli altri e alla terra sono ci\u00f2 che gli abuelos, i taitas, i curanderos e gli sciamani della Colombia e del Sud America considerano piante maestre, insieme all&#8217;Ayahuasca (Yag\u00e9). Se usate intenzionalmente, queste piante ci connettono con il regno spirituale, aprono uno spazio per l&#8217;autoriflessione nelle nostre vite e guariscono.<\/p>\n<\/div>\n<div id=\"tab_disclaimer\" class=\"panel entry-content\" role=\"tabpanel\" aria-labelledby=\"tab-disclaimer\">\n<p><strong><span style=\"color: #d83131;\">A FOTO NA DESCRI\u00c7\u00c3O \u00c9 MERAMENTE INDICATIVA<\/span><\/strong><\/p>\n<p><strong><span style=\"color: #d83131;\">PRODUTOS S\u00c3O GARANTIDOS A PARTIR DE KARMARANDO<\/span><\/strong><br \/>\n<strong><span style=\"color: #d83131;\">Para os produtos, de PLANTAS, de INCENSO, E os p\u00f3s PREPARADOS NO MOMENTO, n\u00e3o \u00e9 poss\u00edvel ser feitas DEVOLU\u00c7\u00d5ES ou REEMBOLSOS<\/span><\/strong><\/p>\n<p>O <strong>termos utilizados<\/strong> as categorias e as tags n\u00e3o quero sugerir para o uso medicinal e recreativo produtos, apenas classific\u00e1-los de acordo com seu uso hist\u00f3rico, cient\u00edfico e social.<\/p>\n<p><strong>As receitas s\u00e3o fornecidos como uma cient\u00edficos<\/strong>eles n\u00e3o querem incentivar os clientes a repeti-las, nem para consumir os produtos.<\/p>\n<p><strong>Nosso conte\u00fado<\/strong> n\u00e3o foram avaliadas pela FDA ou por qualquer figura da profiss\u00e3o m\u00e9dica: as poss\u00edveis aplica\u00e7\u00f5es, indica\u00e7\u00f5es, dosagem e avisos s\u00e3o descritos somente para fins educacionais, especula\u00e7\u00f5es e pessoal, e n\u00e3o constitui aconselhamento m\u00e9dico.<\/p>\n<p><strong>Os produtos s\u00e3o vendidos<\/strong> como incenso, Sab\u00f5es, Resinas e cole\u00e7\u00e3o bot\u00e2nica, e material de investiga\u00e7\u00e3o cient\u00edfica.<\/p>\n<p><span style=\"color: #ed1c24; font-size: 115%;\"><strong>Eles n\u00e3o s\u00e3o destinados para o consumo humano.<br \/>\nPara ser capaz de comprar nossos produtos, voc\u00ea deve ter mais de 18 anos de idade e n\u00e3o s\u00e3o adequados para as mulheres que est\u00e3o gr\u00e1vidas e\/ou lactantes.<\/strong><\/span><\/p>\n<p>Para obter mais informa\u00e7\u00f5es sobre <strong>KARMARANDO<\/strong> visite <a href=\"https:\/\/www.instagram.com\/karmarando1\/\" target=\"_blank\" rel=\"noopener\"><br \/>\n<span style=\"color: #0000ff;\"><strong>nesta p\u00e1gina<\/strong><\/span><\/a> ou leia as \u00faltimas not\u00edcias sobre <a href=\"https:\/\/karmarando.com\/pt\/blog\/\" target=\"_blank\" rel=\"nofollow noopener\"><strong><span style=\"color: #0000ff;\">BLOG<\/span><\/strong><\/a><\/p>\n<\/div><\/div><\/div>","protected":false},"excerpt":{"rendered":"","protected":false},"featured_media":0,"comment_status":"closed","ping_status":"open","template":"","meta":[],"product_brand":[],"product_cat":[15],"product_tag":[81,82],"class_list":{"0":"post-18642","1":"product","2":"type-product","3":"status-publish","5":"product_cat-offerte-a-tempo","6":"product_tag-ambil","7":"product_tag-ambila","9":"first","10":"instock","11":"product-type-simple"},"_links":{"self":[{"href":"https:\/\/karmarando.com\/pt\/wp-json\/wp\/v2\/product\/18642","targetHints":{"allow":["GET"]}}],"collection":[{"href":"https:\/\/karmarando.com\/pt\/wp-json\/wp\/v2\/product"}],"about":[{"href":"https:\/\/karmarando.com\/pt\/wp-json\/wp\/v2\/types\/product"}],"replies":[{"embeddable":true,"href":"https:\/\/karmarando.com\/pt\/wp-json\/wp\/v2\/comments?post=18642"}],"wp:attachment":[{"href":"https:\/\/karmarando.com\/pt\/wp-json\/wp\/v2\/media?parent=18642"}],"wp:term":[{"taxonomy":"product_brand","embeddable":true,"href":"https:\/\/karmarando.com\/pt\/wp-json\/wp\/v2\/product_brand?post=18642"},{"taxonomy":"product_cat","embeddable":true,"href":"https:\/\/karmarando.com\/pt\/wp-json\/wp\/v2\/product_cat?post=18642"},{"taxonomy":"product_tag","embeddable":true,"href":"https:\/\/karmarando.com\/pt\/wp-json\/wp\/v2\/product_tag?post=18642"}],"curies":[{"name":"wp","href":"https:\/\/api.w.org\/{rel}","templated":true}]}}