{"id":18641,"date":"2026-05-07T14:01:34","date_gmt":"2026-05-07T12:01:34","guid":{"rendered":"https:\/\/karmarando.com\/senza-categoria\/mambe-ypadu-pronto-alivio-organico-100-stile-peruviano\/"},"modified":"2026-05-07T14:01:38","modified_gmt":"2026-05-07T12:01:38","slug":"mambe-ypadu-pronto-alivio-organico-100-stile-peruviano","status":"publish","type":"product","link":"https:\/\/karmarando.com\/pt\/kit-e-promo\/offerte-a-tempo\/mambe-ypadu-pronto-alivio-organico-100-stile-peruviano\/","title":{"rendered":"Mambe Ypadu Pronto Alivio De 100% Org\u00e2nico \u2013 Peruana Estilo"},"content":{"rendered":"<div class=\"tabbed-content\">\n\t\t\t\n\t\t\t<ul class=\"nav nav-pills nav-uppercase nav-size-small nav-center\" role=\"tablist\"><li id=\"tab-descrizione\" class=\"tab active has-icon\" role=\"presentation\"><a href=\"#tab_descrizione\" role=\"tab\" aria-selected=\"true\" aria-controls=\"tab_descrizione\"><span>Descri\u00e7\u00e3o<\/span><\/a><\/li>\n<li id=\"tab-propriet\u00e0\" class=\"tab has-icon\" role=\"presentation\"><a href=\"#tab_propriet\u00e0\" tabindex=\"-1\" role=\"tab\" aria-selected=\"false\" aria-controls=\"tab_propriet\u00e0\"><span>Propriedade<\/span><\/a><\/li>\n<li id=\"tab-come-si-f\u00e0?\" class=\"tab has-icon\" role=\"presentation\"><a href=\"#tab_come-si-f\u00e0?\" tabindex=\"-1\" role=\"tab\" aria-selected=\"false\" aria-controls=\"tab_come-si-f\u00e0?\"><span>Como fica?<\/span><\/a><\/li>\n<li id=\"tab-disclaimer\" class=\"tab has-icon\" role=\"presentation\"><a href=\"#tab_disclaimer\" tabindex=\"-1\" role=\"tab\" aria-selected=\"false\" aria-controls=\"tab_disclaimer\"><span>ISEN\u00c7\u00c3O de responsabilidade<\/span><\/a><\/li><\/ul><div class=\"tab-panels\"><div id=\"tab_descrizione\" class=\"panel active entry-content\" role=\"tabpanel\" aria-labelledby=\"tab-descrizione\">\n<h3><strong>MAMBE OU YPADU P\u00f3 Peruano Estilo<br \/>\n<\/strong><\/h3>\n<p>O Peruano estilo dura mais na boca, e derrete-se mais lentamente, e um pouco mais de luz do segundo colombiano, mas \u00e9 mais persistente<\/p>\n<p><strong>MAMB\u00c9 OU YPADU&#039; Ypadu<\/strong> ele \u00e9 um p\u00f3 obtido a partir de torrefa\u00e7\u00e3o e a receita das folhas rec\u00e9m-colhidas, mo\u00edda e misturada com as cinzas das folhas da \u00e1rvore, Cecropia Peltata, ou (Cecropiatra outras variedades) como aditivo alcalino.<\/p>\n<p><strong>Mamb\u00e8 Pronto<\/strong> <strong>Alivio De Bio Natural Org\u00e2nico<\/strong> 100% con il suo caratteristico sapore affumicato, \u00e8 ricco di Alcaloidi oltre a principi attivi e a sali Minerali e Vitamine ma soprattutto con delle propriet\u00e0 magiche e sacre cerimoniali. <strong>Voc\u00ea come\u00e7a a distingui-lo do ch\u00e1, pelo seu sabor defumado<\/strong>. O ch\u00e1 custa menos, em compara\u00e7\u00e3o com o mambe que \u00e9 trabalhado alchemically experimentando com o mais espec\u00edfica (Continue lendo)<\/p>\n<p><strong>MAMB\u00c9 PRONTO ALIVIO <\/strong>Maravilhoso rem\u00e9dio xam\u00e2nica vem da selva amaz\u00f4nica, na col\u00f4mbia, onde xam\u00e3s, prepar\u00e1-los, com cuidado e amor. Estamos felizes em compartilhar com voc\u00ea os benef\u00edcios deste milagroso rem\u00e9dio, que traz consigo a sabedoria de mil\u00eanios de pessoas que prepar\u00e1-los, com o mesmo cuidado e o mesmo gestos como sempre. O Mambe \u00e9 um rem\u00e9dio muito popular na floresta amaz\u00f4nica, rica em vitaminas e minerais e suas propriedades analg\u00e9sicas e dor, permitir-lhe para dar-lhe o nome de: Pronto Alivio (al\u00edvio imediato).<\/p>\n<p>Ele tamb\u00e9m \u00e9 um grande companheiro dos ciclos menstruais, na qual, geralmente, as mulheres sentem dor, e, em muitos casos, a s\u00e9rio insuport\u00e1vel. Nessas situa\u00e7\u00f5es n\u00e3o h\u00e1 nada melhor do que a de equil\u00edbrio de nosso corpo com um rem\u00e9dio que \u00e9 tudo natural e eficaz.Suas propriedades podem trazer uma s\u00e9rie de benef\u00edcios em outras \u00e1reas do corpo, e n\u00e3o s\u00f3, desde o tempo em que usar o corpo de um resultado \u00e9 refor\u00e7ada, promovendo a for\u00e7a e a energia. Sendo totalmente folha de solo, como a planta f\u00eamea se conecta com o ventre com o nosso lado feminino, energeticamente, de comer, que nos proporciona a fluidez e a concentra\u00e7\u00e3o-verbal.<\/p>\n<h3>Si usa quando si devono condividere esperienze o comprensioni, Stanchezza o Dolori, Stimola e ravviva le energie, incluso quelle corporee.<\/h3>\n<p><strong>La C*** (ipadu C*** \u00e8 preparato nel modo seguente:<\/strong><sup id=\"cite_ref-13\" class=\"reference separada\"><\/sup><\/p>\n<ul>\n<li><strong>Assar :<\/strong> as folhas maduras s\u00e3o torrados\/Assado, tradicionalmente, em uma panela de barro<\/li>\n<li><strong>Cortar\/Pestatura<\/strong>as folhas, Assados s\u00e3o socado com uma Argamassa<\/li>\n<li><strong>Prepara\u00e7\u00e3o das cinzas :<\/strong> Eles queimam lentamente deixa yarumo e Cecropia na Col\u00f4mbia, no Peru, esta \u00e1rvore \u00e9 conhecida como cetico e no Brasil como emba\u00faba ) ou hastes de quinoa .<\/li>\n<li><strong>Mistura :<\/strong> As folhas s\u00e3o misturadas com at\u00e9 10% de cinzas.<\/li>\n<li><strong>Debulha ou Joeiramento :<\/strong> s\u00e3o identificadas v\u00e1rias vezes at\u00e9 obter um p\u00f3 fino que se dissolve facilmente na boca.<\/li>\n<\/ul>\n<p>Per utilizzare la C*** (ipadu, verde, polvere di C*** (ipadu \u00e8 collocato nella guancia, mescolando con la saliva e andando sciogliendosi con il suo sapore affumicato. <sup id=\"cite_ref-16\" class=\"reference separada\"><\/sup><\/p>\n<p><strong> La foto \u00e8 rappresentativa e Il colore del mambe pu\u00f2 variare ad ogni nuova fornitura, ma sar\u00e0 molto evidente sempre la primissima qualit\u00e0 dello stesso. <\/strong><\/p>\n<p><strong> A finura do mambe \u00e9 a melhor solu\u00e7\u00e3o para manter as suas qualidades organol\u00e9pticas, aqueles que querem um produto mais fino pode fazer um pedido espec\u00edfico. <\/strong><\/p>\n<\/div>\n<div id=\"tab_propriet\u00e0\" class=\"panel entry-content\" role=\"tabpanel\" aria-labelledby=\"tab-propriet\u00e0\">\n<h3><strong>SUAS PROPRIEDADES:<\/strong><\/h3>\n<ul>\n<li>Rem\u00e9dio e Al\u00edvio de dores e dores nas articula\u00e7\u00f5es e\/ou m\u00fasculos.<\/li>\n<li>O aumento da resist\u00eancia em uma forma vis\u00edvel<\/li>\n<li>Corrige os problemas de desnutri\u00e7\u00e3o e\/ou de assimila\u00e7\u00e3o e defici\u00eancias<\/li>\n<li>Fortalece e regenera os ossos e outros \u00f3ssea partes do corpo em um tempo relativamente curto.<\/li>\n<li>Limpa o trato urin\u00e1rio<\/li>\n<li>Melhora a moral e a vontade de viver<\/li>\n<li>Melhora a digest\u00e3o em geral.<\/li>\n<li>Regra de triglicer\u00eddeos e de colesterol.<\/li>\n<li>D\u00e1 um monte de carga de Energia<\/li>\n<\/ul>\n<\/div>\n<div id=\"tab_come-si-f\u00e0?\" class=\"panel entry-content\" role=\"tabpanel\" aria-labelledby=\"tab-come-si-f\u00e0?\">\n<h3><strong>COMO E COM QUE QUANTIDADE CONSUMIDA:<\/strong><\/h3>\n<p>O <strong>Mambe<\/strong> si consuma versando uno o due cucchiai nella gengiva sinistra (guarda il video) inclinando la testa indietro e prendendo la mandibola per tenerla aperta e mantenendolo fermo li con la saliva si forma una pallina iniziando un processo di salivazione per ottenere una pasta gommosa che lo render\u00e0 adatto a rilasciare facilmente le sostanze le propriet\u00e0 benefiche contenute nel mambe;\u00e8 molto polveroso quindi messo nella gengiva bisogna chiudere la bocca tenendo la gengiva delicatamente, e impregnare di saliva il bolo.. e Tenrlo di lato fino che si sentir\u00e0 il suo caratteristico Effetto ( a volte bastano 5 min a volte il rilascio \u00e8 piu lento e occorrono 10 min) continuare fino che la pallina creata sara possibile masticarla, con molto rispetto.Si consiglia (anche se non \u00e8 obbligatorio) assumerlo con Ambil che trovate nel negozio. IL suo consumo \u00e8 particolarmente sociale perch\u00e9 si dice che <strong>Mambe<\/strong> isso significa a palavra da vida, <strong>Ambil<\/strong> o pensamento, onde est\u00e1 o poder da palavra.Com <strong>Ambil<\/strong> nos dentes da frente internamente e o <strong>Mambe<\/strong> na gengiva esquerda \u00e9 tudo aprimorado que ambil vai ser muito mais f\u00e1cil de experi\u00eancia.<\/p>\n<h3><strong>Caracter\u00edsticas:<\/strong><\/h3>\n<p>Fornisce propriet\u00e0 nutritive come potassio, ferro, calcio, fosforo, proteine, vitamine A, B1, B2, C ed E, \u00e8 povero di grassi, ha livelli di calcio pi\u00f9 elevati del latte vaccino e la stessa proporzione di fosforo del pesce, ma anche cos\u00ec non \u00e8 considerato un integratore alimentare, si consiglia di consumarlo dopo aver mangiato qualche tipo di alimento per funzionare come un sistema digestivo. Inibisce la sonnolenza, la fame, dona lucidit\u00e0 mentale, migliora l&#8217;attivit\u00e0 sensoriale e neuronale, la concentrazione e la comunicazione, aumenta l&#8217;ossigenazione cellulare, ha funzioni metaboliche per accelerare la trasmissione dei componenti alimentari nel sangue, regola il pressione sanguigna, rinforza il sistema nervoso e muscolare, elimina stanchezza e affaticamento, protegge le cellule dall&#8217;invecchiamento, fornisce una maggiore tolleranza al freddo, \u00e8 teRap\u00e9utico ed energetico.<\/p>\n<p>Non genera dipendenza. \u00c9 uno stimolante benevolo, il suo effetto difficilmente produce insonnia e tachicardia associate al consumo di caff\u00e8 o effetti tossici associate alla ina. Gli indigeni amazzonici lo usano per il lavoro fisico, la comunicazione, le attivit\u00e0 cerimoniali, curative e religiose. Per le donne indigene, \u00e8 importante tenere conto del contesto in cui la C*** viene consumata perch\u00e9 \u00e8 sacra e le foglie per farla sono sacre e benefiche. Il suo consumo \u00e8 associato a stili di vita e una filosofia profonda. In altre parole, \u00e8 una pratica culturale che si esercita con totale libert\u00e0 e autonomia.<\/p>\n<h3><strong>Ogni 100 g di Mambe sono contenuti:<\/strong><\/h3>\n<ul>\n<li>Beta carotene 9, 40 mg<\/li>\n<li>Azoto totale 20, 06 mg<\/li>\n<li>Grassi Buoni 3, 68 mg<\/li>\n<li>Carboidrati 47, 50 mg<\/li>\n<li>Alfa-carotene 2, 76 mg<\/li>\n<li>Vitamina C 6, 47 mg<\/li>\n<li>Vitamina E 40, 17 mg<\/li>\n<li>Tiamina (vitamina B1) 0, 73 mg<\/li>\n<li>Riboflavina (vitamina B2) 0, 88 mg<\/li>\n<li>Niacina (fattore p.p) 8, 37 mg<\/li>\n<li>Calcio 997, 62 mg<\/li>\n<li>Fosfato 412, 67 mg<\/li>\n<li>Potassio 1.739, 33 mg<\/li>\n<li>Magnesio 299, 30 mg<\/li>\n<li>Sodio 39, 41 mg<\/li>\n<li>Alluminio 17, 39 mg<\/li>\n<li>Bario 6, 18 mg<\/li>\n<li>Ferro 136, 64 mg<\/li>\n<li>Stronzio 12, 02 mg<\/li>\n<li>Boro 6, 75 mg<\/li>\n<li>Rame 1, 22 mg<\/li>\n<li>Zinco 2, 21 mg<\/li>\n<li>Manganese 9, 15 mg<\/li>\n<li>Cromo 0, 12 mg<\/li>\n<\/ul>\n<\/div>\n<div id=\"tab_disclaimer\" class=\"panel entry-content\" role=\"tabpanel\" aria-labelledby=\"tab-disclaimer\">\n<p><strong><span style=\"color: #d83131;\">A FOTO NA DESCRI\u00c7\u00c3O \u00c9 MERAMENTE INDICATIVA<\/span><\/strong><\/p>\n<p><strong><span style=\"color: #d83131;\">PRODUTOS S\u00c3O GARANTIDOS A PARTIR DE KARMARANDO<\/span><\/strong><br \/>\n<strong><span style=\"color: #d83131;\">Para os produtos, de PLANTAS, de INCENSO, E os p\u00f3s PREPARADOS NO MOMENTO, n\u00e3o \u00e9 poss\u00edvel ser feitas DEVOLU\u00c7\u00d5ES ou REEMBOLSOS<\/span><\/strong><\/p>\n<p>O <strong>termos utilizados<\/strong> as categorias e as tags n\u00e3o quero sugerir para o uso medicinal e recreativo produtos, apenas classific\u00e1-los de acordo com seu uso hist\u00f3rico, cient\u00edfico e social.<\/p>\n<p><strong>As receitas s\u00e3o fornecidos como uma cient\u00edficos<\/strong>eles n\u00e3o querem incentivar os clientes a repeti-las, nem para consumir os produtos.<\/p>\n<p><strong>Nosso conte\u00fado<\/strong> n\u00e3o foram avaliadas pela FDA ou por qualquer figura da profiss\u00e3o m\u00e9dica: as poss\u00edveis aplica\u00e7\u00f5es, indica\u00e7\u00f5es, dosagem e avisos s\u00e3o descritos somente para fins educacionais, especula\u00e7\u00f5es e pessoal, e n\u00e3o constitui aconselhamento m\u00e9dico.<\/p>\n<p><strong>Os produtos s\u00e3o vendidos<\/strong> como incenso, Sab\u00f5es, Resinas e cole\u00e7\u00e3o bot\u00e2nica, e material de investiga\u00e7\u00e3o cient\u00edfica.<\/p>\n<p><span style=\"color: #ed1c24; font-size: 115%;\"><strong>Eles n\u00e3o s\u00e3o destinados para o consumo humano.<br \/>\nPara ser capaz de comprar nossos produtos, voc\u00ea deve ter mais de 18 anos de idade e n\u00e3o s\u00e3o adequados para as mulheres que est\u00e3o gr\u00e1vidas e\/ou lactantes.<\/strong><\/span><\/p>\n<p>Para obter mais informa\u00e7\u00f5es sobre <strong>KARMARANDO<\/strong> visite <a href=\"https:\/\/www.instagram.com\/karmarando1\/\" target=\"_blank\" rel=\"noopener\"><br \/>\n<span style=\"color: #0000ff;\"><strong>nesta p\u00e1gina<\/strong><\/span><\/a> ou leia as \u00faltimas not\u00edcias sobre <a href=\"https:\/\/karmarando.com\/pt\/blog\/\" target=\"_blank\" rel=\"nofollow noopener\"><strong><span style=\"color: #0000ff;\">BLOG<\/span><\/strong><\/a><\/p>\n<\/div><\/div><\/div>","protected":false},"excerpt":{"rendered":"","protected":false},"featured_media":0,"comment_status":"closed","ping_status":"open","template":"","meta":[],"product_brand":[],"product_cat":[15],"product_tag":[473],"class_list":{"0":"post-18641","1":"product","2":"type-product","3":"status-publish","5":"product_cat-offerte-a-tempo","6":"product_tag-mambe","8":"first","9":"instock","10":"product-type-simple"},"_links":{"self":[{"href":"https:\/\/karmarando.com\/pt\/wp-json\/wp\/v2\/product\/18641","targetHints":{"allow":["GET"]}}],"collection":[{"href":"https:\/\/karmarando.com\/pt\/wp-json\/wp\/v2\/product"}],"about":[{"href":"https:\/\/karmarando.com\/pt\/wp-json\/wp\/v2\/types\/product"}],"replies":[{"embeddable":true,"href":"https:\/\/karmarando.com\/pt\/wp-json\/wp\/v2\/comments?post=18641"}],"wp:attachment":[{"href":"https:\/\/karmarando.com\/pt\/wp-json\/wp\/v2\/media?parent=18641"}],"wp:term":[{"taxonomy":"product_brand","embeddable":true,"href":"https:\/\/karmarando.com\/pt\/wp-json\/wp\/v2\/product_brand?post=18641"},{"taxonomy":"product_cat","embeddable":true,"href":"https:\/\/karmarando.com\/pt\/wp-json\/wp\/v2\/product_cat?post=18641"},{"taxonomy":"product_tag","embeddable":true,"href":"https:\/\/karmarando.com\/pt\/wp-json\/wp\/v2\/product_tag?post=18641"}],"curies":[{"name":"wp","href":"https:\/\/api.w.org\/{rel}","templated":true}]}}