{"id":10697,"date":"2023-07-20T12:55:01","date_gmt":"2023-07-20T10:55:01","guid":{"rendered":"https:\/\/www.karmarando.com\/?post_type=product&#038;p=10697"},"modified":"2025-12-04T13:51:15","modified_gmt":"2025-12-04T12:51:15","slug":"rape-lavanda-tranquillante-serenita-e-purezza-copia","status":"publish","type":"product","link":"https:\/\/karmarando.com\/pt\/cat-rape\/rape-brasiliano\/rape-aromatico\/rape-lavanda-tranquillante-serenita-e-purezza-copia\/","title":{"rendered":"Rap\u00e9 de Lavanda Tranquilidade, Serenidade e Pureza,"},"content":{"rendered":"<div class=\"tabbed-content\">\n\t\t\t\n\t\t\t<ul class=\"nav nav-pills nav-uppercase nav-size-small nav-center\" role=\"tablist\"><li id=\"tab-descrizione\" class=\"tab active has-icon\" role=\"presentation\"><a href=\"#tab_descrizione\" role=\"tab\" aria-selected=\"true\" aria-controls=\"tab_descrizione\"><span>Descri\u00e7\u00e3o<\/span><\/a><\/li>\n<li id=\"tab-composizione\" class=\"tab has-icon\" role=\"presentation\"><a href=\"#tab_composizione\" tabindex=\"-1\" role=\"tab\" aria-selected=\"false\" aria-controls=\"tab_composizione\"><span>Composi\u00e7\u00e3o<\/span><\/a><\/li>\n<li id=\"tab-propriet\u00e0\" class=\"tab has-icon\" role=\"presentation\"><a href=\"#tab_propriet\u00e0\" tabindex=\"-1\" role=\"tab\" aria-selected=\"false\" aria-controls=\"tab_propriet\u00e0\"><span>Propriedade<\/span><\/a><\/li>\n<li id=\"tab-come-si-f\u00e0-?\" class=\"tab has-icon\" role=\"presentation\"><a href=\"#tab_come-si-f\u00e0-?\" tabindex=\"-1\" role=\"tab\" aria-selected=\"false\" aria-controls=\"tab_come-si-f\u00e0-?\"><span>Como fica ?<\/span><\/a><\/li>\n<li id=\"tab-dosaggio\" class=\"tab has-icon\" role=\"presentation\"><a href=\"#tab_dosaggio\" tabindex=\"-1\" role=\"tab\" aria-selected=\"false\" aria-controls=\"tab_dosaggio\"><span>Dosagem<\/span><\/a><\/li>\n<li id=\"tab-come-viene-fatto-il-rap\u00e9\" class=\"tab has-icon\" role=\"presentation\"><a href=\"#tab_come-viene-fatto-il-rap\u00e9\" tabindex=\"-1\" role=\"tab\" aria-selected=\"false\" aria-controls=\"tab_come-viene-fatto-il-rap\u00e9\"><span>Como \u00c9 O Rap\u00e9<\/span><\/a><\/li>\n<li id=\"tab-cos'\u00e8-il-rap\u00e9\" class=\"tab has-icon\" role=\"presentation\"><a href=\"#tab_cos'\u00e8-il-rap\u00e9\" tabindex=\"-1\" role=\"tab\" aria-selected=\"false\" aria-controls=\"tab_cos'\u00e8-il-rap\u00e9\"><span>O que \u00e9 Rap\u00e9<\/span><\/a><\/li>\n<li id=\"tab-storia\" class=\"tab has-icon\" role=\"presentation\"><a href=\"#tab_storia\" tabindex=\"-1\" role=\"tab\" aria-selected=\"false\" aria-controls=\"tab_storia\"><span>Hist\u00f3ria<\/span><\/a><\/li>\n<li id=\"tab-disclaimer\" class=\"tab has-icon\" role=\"presentation\"><a href=\"#tab_disclaimer\" tabindex=\"-1\" role=\"tab\" aria-selected=\"false\" aria-controls=\"tab_disclaimer\"><span>ISEN\u00c7\u00c3O de responsabilidade<\/span><\/a><\/li><\/ul><div class=\"tab-panels\"><div id=\"tab_descrizione\" class=\"panel active entry-content\" role=\"tabpanel\" aria-labelledby=\"tab-descrizione\">\n<h3><strong>Rap\u00e9 de Lavanda Tranquilidade, Serenidade e Pureza,<\/strong><\/h3>\n<p><strong>Forza Rap\u00e9:<\/strong> Medio Forte Aromatico Cerimoniale Calmante <strong>Chakra:<\/strong> corona &#8211; Cuore + Gola <b>Nome Sciantifico: <\/b>Lavandula angustifolia Miller, Lavanda officinalis Chaix, Lavanda vera DC <strong>Famiglia: <\/strong>Lamiaceae <strong>Sottofamiglia: <\/strong>Ocimeae <b>Nomi popolari<\/b> : Lavanda, Lavandula, echter lavandel, espigolina, lavande, lavanda vera, Spigo, fior di spigo, Spicae flowers, Spina cardo, spiga, Nardo, Ipsigula, Saponella. <strong>Benefici e Trattamento Rap\u00e9 Lavanda<\/strong>: Come la pianta Lavanda di cui \u00e8 composto, risalta tutti i suoi benefici conosciuti in tempi antichissimi soprattutto in brasile, Grecia e Roma, conosciuta da sempre come medicamentosa, Potente Antisettica, Spasmodica, Calmante, Tranquillante, Purificante, Ansiolitica, Antimicrobica, insonnia, mal di testa, crampi mestruali, ipertensione, ansia, Stress, e problemi emotivi. <\/div>\n<div id=\"tab_composizione\" class=\"panel entry-content\" role=\"tabpanel\" aria-labelledby=\"tab-composizione\"> <strong>Rap\u00e9 Lavanda<\/strong> <strong>Ingredienti principali : <\/strong>Mapacho + Ceneri di Lavanda. <strong>IL Rap\u00e9 Lavanda<\/strong> come tutti i nostri Rap\u00e9 sono Polvere Potenti Che Libera Il Cervello Da Carichi E Blocchi, da paura e vergogna, donando energia, presenza, concentrazione e centratura, espande coscienza e apre il cuore, portando intuiti profondi sul da farsi, attraendo abbondanza e felicit\u00e0 e realizzazione..Rap\u00e9 <b>Todos os nossos Rap\u00e9<\/b> sono realizzati con ceneri della corteccia dell&#8217;albero o della intera pianta da cui prendono i nomi i rap\u00e8 o isnieme di piu alberi o piante ed erbe disidratate in polvere e biologiche. Tutte le alchimie sono fatte con molto amore, rispetto e fede. <\/div>\n<div id=\"tab_propriet\u00e0\" class=\"panel entry-content\" role=\"tabpanel\" aria-labelledby=\"tab-propriet\u00e0\"> <strong>Specifiche del Rap\u00e9 Lavanda<\/strong> <b>Benef\u00edcios e Tratamento: <\/b>Potente Antisettica, Spasmodica, Calmante, Tranquillante, Purificante, Ansiolitica, Antimicrobica, insonnia, mal di testa, crampi mestruali, ipertensione, ansia, Stress, e problemi emotivi.<\/p>\n<h3><b>Eles propriedade B\u00e1sica que todos os Nossos Rap\u00e9<\/b><\/h3>\n<ul>\n<li>Ajuda a limpar a mente e parar o di\u00e1logo interno<\/li>\n<li>Ela ajuda a eliminar o catarro, e os parasitas dos seios frontais do par\u00e1 e nasal<\/li>\n<li>Aplicado em feridas tem de cicatriza\u00e7\u00e3o de feridas, e antibi\u00f3tico<\/li>\n<li>A asma<\/li>\n<li>Bronconeumon\u00eda<\/li>\n<li>Calma<\/li>\n<li>Centraliza\u00e7\u00e3o<\/li>\n<li>Permite-lhe estar presente para ser capaz de olhar al\u00e9m de suas pr\u00f3prias interpreta\u00e7\u00f5es<\/li>\n<li>Descompacta a press\u00e3o do cr\u00e2nio<\/li>\n<li>Limpa, tipos e alinha os campos de energia, especialmente chakras terceiro olho \/ cabe\u00e7a: para cima e para baixo a partir desses atrav\u00e9s da coluna vertebral<\/li>\n<li>Tamb\u00e9m \u00e9 um potente analg\u00e9sico para dor de cabe\u00e7a e do corpo<\/li>\n<li>\u00c9 muito eficaz no tratamento de problemas do sistema respirat\u00f3rio e digestivo<\/li>\n<li>Ele \u00e9 muito poderoso, mesmo em tratamentos do sistema digestivo<\/li>\n<li>\u00c9 calmante e antipir\u00e9ticas<\/li>\n<li>\u00c9 um Rem\u00e9dio para a visibilidade do esp\u00edrito<\/li>\n<li>Remover o excesso de catarro acumulado<\/li>\n<li>Elimina dores de cabe\u00e7a, sonol\u00eancia e tonturas<\/li>\n<li>Cuidados de energia diretamente medos, ansiedades e outras relacionadas com a energia do plexo solar: se ele provoca v\u00f4mitos, \u00e9 porque a pessoa est\u00e1 eliminando o denso em energia acumulada.<\/li>\n<li>Evolu\u00e7\u00e3o Espiritual<\/li>\n<li>Promove o movimento perist\u00e1ltico intestinal<\/li>\n<li>Muitas pessoas cuidam de sua sinusite e rinite, com isso, tornando-os imunes, doen\u00e7as do sistema respirat\u00f3rio<\/li>\n<li>Paz<\/li>\n<li>Ele permite compreender o que \u00e9 a medita\u00e7\u00e3o em um n\u00edvel consciente<\/li>\n<li>Permite que voc\u00ea alcance um estado de medita\u00e7\u00e3o, muito profundo<\/li>\n<li>Ele limpa toda a sujeira e sujeira de anos, que \u00e9 a causa de problemas como sinusite e enxaqueca<\/li>\n<li>Limpeza Dos Chakras<\/li>\n<li>Enraizamento<\/li>\n<li>Relaxamento<\/li>\n<li>Oportunidades Em Energia<\/li>\n<\/ul>\n<p>Medicina di potere, che connette all\u2019energia di Youshibu (Dio della Creazione). Funziona sia nella guarigione spirituale che fisica. Dovrebbe essere utilizzato solo per questi scopi, in modo appropriato in un ambiente Sereno e tranquillo e preparato. <\/div>\n<div id=\"tab_come-si-f\u00e0-?\" class=\"panel entry-content\" role=\"tabpanel\" aria-labelledby=\"tab-come-si-f\u00e0-?\">\n<h3><b>Como Aplicar Rap\u00e9 ?<\/b><\/h3>\n<p>Com<a href=\"https:\/\/karmarando.com\/pt\/kuripe\/\" target=\"_blank\" rel=\"noopener\"><strong> Kuripe<\/strong><\/a> que \u00e9 um fork V faz\u00ea-lo sozinho ou com<a href=\"https:\/\/karmarando.com\/pt\/tepi\/\" target=\"_blank\" rel=\"noopener\"><strong> Tepi<\/strong> <\/a>per farselo fare da qualcuno che pur rimanendo neutro riesce a darci maggiore beneficio nella ricezione. E&#8217; molto importante che la persona sia preparata a ricevere lo spirito della foresta attraverso il Rap\u00e9. \u00c8 necessario avere un corpo pulito, in un ambiente favorevole e soprattutto con lo scopo di consacrare questa medicina sacra. <strong>Aplicar o Rap\u00e8<\/strong>, \u00e8 possibile sia da Soli che con un compagno: Da soli si usa il Kuripe, con un compagno si Usa Il Tepi, in questo caso, chi applicher\u00e0 con il Tepi, \u00e8 necessario che abbia maturato una certa preparazione, mantenendosi cos\u00ec neutro e centrato, senza proiettare i propri stati d&#8217;animo. Dovr\u00e0 quindi mantenere distacco e proiettare semplicemente molto amore. In ogni caso \u00e8 necessaria concentrazione, uno sano scopo, una intenzione, con fiducia e fede e tecnica di soffiaggio. Solo cos\u00ec, la medicina avr\u00e0 il massimo del beneficio. <b>O Rap\u00e9 deve ser aplicado em ambas as narinas. Cada cavidade nasal \u00e9 uma corrente de energia para o corpo:<\/b><b>O melhor a fazer sempre o primeiro atrav\u00e9s da narina esquerda<\/b><b>Lado esquerdo:<\/b> Il canale della Luna (recettore \u2013 yin). D\u00e0 potere alle emozioni nel loro stato puro, liberando gioia profonda, amore puro, compassione e abilit\u00e0 artistiche. \u00c8 il lato femminile. I problemi tipici sono attaccamento emozionale, depressione, bassa autostima, sentimento di colpa e apatia. <b>Do lado direito:<\/b> O canal do Sol (emissor \u2013 yang). Ele d\u00e1 o poder para a mente racional, permite que voc\u00ea para aprender e adquirir a for\u00e7a necess\u00e1ria para superar os problemas pelo esfor\u00e7o. Este \u00e9 o lado masculino. Os problemas t\u00edpicos s\u00e3o ego\u00edstas ou de comportamento violento, a arrog\u00e2ncia e o orgulho.Quem recebe apenas um lado entra em um processo que ainda \u00e9 mais alto do que o normal; isso \u00e9 porque voc\u00ea n\u00e3o abandonaram corretamente e recusou o Medicamento, que \u00e9 tamb\u00e9m uma recusa para si, e o esp\u00edrito do Rap\u00e9. <b>Os tipos de sopros : <\/b>H\u00e1 muitos, a partir da pineal ( sopro seco e decidido, mas por um longo tempo) ou mais longos, lentos.. (voc\u00ea vai encontrar os artigos no blog, use a busca) <b>\u00c9 importante objectivo para beber 2 copos de \u00e1gua antes e \u00e1gua durante, ap\u00f3s cerca de 7 minutos a partir do aplicativo, de modo a chegar a vomitar<\/b> <\/div>\n<div id=\"tab_dosaggio\" class=\"panel entry-content\" role=\"tabpanel\" aria-labelledby=\"tab-dosaggio\"> <strong>A quantidade Correta<\/strong> voc\u00ea come\u00e7a com um pouco de o que deve ser t\u00e3o grande quanto uma ervilha, mas a tend\u00eancia \u00e9 de aumento, atingindo o tamanho de uma avel\u00e3 com casca, mas o que n\u00e3o exclui, para os veteranos que est\u00e1 a mais. Isto est\u00e1 de acordo com as diferen\u00e7as entre o peso do pr\u00f3prio corpo, a toler\u00e2ncia, o metabolismo, e a sensibilidade pessoal.<\/p>\n<ul>\n<li>\u00c9 importante ouvir o \u00cdcaros com fones de ouvido para alcan\u00e7ar o estado meditativo, sem o pensamento e a cura.<\/li>\n<li>A pessoa que toma Rap\u00e9, pela primeira vez, tem de estar ciente do que \u00e9 e o que ele est\u00e1 fazendo, levando-a com respeito e responsabilidade, o qual \u00e9 um santo rem\u00e9dio \u00e9 muito poderoso, e a necessidade de respeitar<\/li>\n<\/ul>\n<p><strong>Psicologicamente cuidado com os medos.<\/strong> Un\u2019applicazione forte pu\u00f2 portare il soggetto a sperimentare la propria ombra e accedere alle proprie fobie pi\u00f9 oscure, cos\u00ec che possono essere visualizzate e risolte. Innumerevoli esperienze dimostrano la sua efficacia nel trattamento di depressioni, paure ossessive, insonnia e ansia. Molte persone hanno abbandonato il tabagismo dopo aver iniziato ad utilizzare il Rap\u00e9. <\/div>\n<div id=\"tab_come-viene-fatto-il-rap\u00e9\" class=\"panel entry-content\" role=\"tabpanel\" aria-labelledby=\"tab-come-viene-fatto-il-rap\u00e9\">\n<ul>\n<li>Nossa <strong>Rap\u00e9<\/strong> s\u00e3o produzidos usando uma combina\u00e7\u00e3o de terra e a cinza de \u00e1rvores sagradas com propriedades medicinais.<\/li>\n<li>Nossa Rap\u00e9 100% naturais e s\u00e3o livres de pesticidas e produtos qu\u00edmicos .<\/li>\n<li>As propriedades medicinais s\u00e3o \u00fateis para o tratamento f\u00edsico e mental disorders<\/li>\n<li>Nossa rap\u00e9 s\u00e3o feitas com muito respeito, dedica\u00e7\u00e3o, amor e f\u00e9.<\/li>\n<\/ul>\n<p><strong>Ir atrav\u00e9s de um processo<\/strong> di setacciatura per diventare extra fine fino alla punta del talco, rendendo pi\u00f9 facile ricevere il Rap\u00e9 diffondendosi ed espandendosi in modo pi\u00f9 efficiente. Dopo questo processo, viene energizzato con pietre e cristalli e una piramide, oltre a un periodo sotto le luci (cromoterapia).La sua parte di connessione spirituale \u00e8 piuttosto intensa, perch\u00e9 il Rap\u00e9 passando dalle nostre preghiere sacre (intenti) per diversi giorni di seguito, creano l\u2019obiettivo di identificarsi con lo spirito della pianta ascoltando i bisogni del corpo, innescando cos\u00ec il processo di guarigione e di centratura costante. I nostri rap\u00e9 aiutano ad aumentare la forza della centratura e corrente elettrica magnetica appartenente al complesso sitema di kundalini\/DNA e nella purificazione spirituale. <\/div>\n<div id=\"tab_cos'\u00e8-il-rap\u00e9\" class=\"panel entry-content\" role=\"tabpanel\" aria-labelledby=\"tab-cos'\u00e8-il-rap\u00e9\"> E&#8217; uno strumento di medicina sacra d\u2019origine, astrale e ancestrale, custodito con amore e tramandato dai nostri antenati; I nostri nonni della giungla hanno usufruito e giovato di questo strumento\/medicina fin dall\u2019inizio del tempi, e oggi ci viene portata memoria originale e rinnovata per questo meraviglioso regalo. Il <strong>Rap\u00e9<\/strong>, pu\u00f2 essere preparato con una o pi\u00f9 medicine vegetali e anche minerali, considerando che la presenza del aiuta a fare ordine, integrare e bilanciare la nostra energia e purificare la pineale, per dirigerla con uno scopo specifico. Allo stesso tempo, il<strong> Rap\u00e9<\/strong> apre la porta verso lo spirito e l\u2019universo, aiutandoci a risvegliare la purezza essenziale che sta in noi. IL <strong>Rap\u00e9<\/strong> \u00e8 la medicina aerea. In un colpo riceviamo la benedizione del Soffio del Vento, fonte universale di energia, che cancella la nostra percezione, cancella la mente e apre i canali di energia superiore, per connetterci con il pi\u00f9 alto del nostro essere. Rap\u00e9 \u00e8 anche una medicina per la visione dello spirito, che ci aiuta a liberare la mente e a fermare il dialogo interiore, ad essere veramente presenti per poter vedere oltre le nostre interpretazioni. <\/div>\n<div id=\"tab_storia\" class=\"panel entry-content\" role=\"tabpanel\" aria-labelledby=\"tab-storia\"> <b>A hist\u00f3ria do povo<\/b> <b>Yawanaw\u00e1, o produtor de outros rap\u00e8 al\u00e9m do Tsunu<\/b><b><i>Desde tempos imemoriais<\/i><\/b><i>os Yawanaw\u00e1 lidar com a fonte do rio Greg\u00f3rio, um afluente do rio Juru\u00e1, no munic\u00edpio de Tarauac\u00e1, no estado do Acre, na Amaz\u00f4nia ocidental. Vem do ramo da ling\u00fc\u00edstica Pano.<\/i> <b><i>Sua popula\u00e7\u00e3o hoje<\/i><\/b><i> \u00e9 de cerca de 1000 pessoas que vivem em sete aldeias. Eles eram muito numerosos no passado. No entanto, muitos foram dizimados pelos impactos trazidos pela coloniza\u00e7\u00e3o.<\/i> <b>Desde 1984<\/b>, <i>depois de anos de escravid\u00e3o, e de muitas batalhas, recuperou parte de seus territ\u00f3rios, e a demarca\u00e7\u00e3o de terras, com o apoio da Funda\u00e7\u00e3o Nacional do \u00cdndio \u2013 FUNAI. Foi a partir da\u00ed que recuperaram os seus direitos das Pessoas, afastando os mission\u00e1rios em suas terras, e iniciando a revitaliza\u00e7\u00e3o da sua cultura, da sua l\u00edngua, preservados na mem\u00f3ria de seus parentes mais velhos.<\/i> <b><i>Em contraste com a proibi\u00e7\u00e3o anteriormente, as mulheres que hoje se esperar a honra e a tarefa de preparar este excelente rap\u00e8<\/i><\/b><b><i>Os Yawanaw\u00e1<\/i><\/b><i> ( yawa \/queixadas de l\u00e1bios brancos; Nawa \/o povo), s\u00e3o um grupo que pertence \u00e0 fam\u00edlia ling\u00fc\u00edstica Pano, que hoje ocupa o terra Ind\u00edgena no rio de st. greg\u00f3rio, O nome &#039;Yawanaw\u00e1&#039; aparece nas fontes hist\u00f3ricas escritas de v\u00e1rias formas: Yawavo ou Yauavo, Jawanaua, Yawanaua ou Iawanawa. <\/i> <i>A forma &#039;Yawanaw\u00e1 \u00e9 aqui utilizado segue a ortografia utilizada nos manuais escolares e em outros documentos da paternidade ind\u00edgenas.<\/i> <b>A comunidade Yawanaw\u00e1 <\/b>na verdade, \u00e9 um conjunto de pessoas, que inclui membros de outros grupos: Shaw\u00e3dawa (Arara) , Iskunawa (conhecido hoje como o Shan\u00eanawa, que vive em um vilarejo perto da cidade de Feij\u00f3), Rununawa, Sainawa (geralmente conhecidos como os Yaminaw\u00e1 , que vive na regi\u00e3o do rio Bag\u00e9), e Katukina <b>Esta configura\u00e7\u00e3o \u00e9 o resultado de uma din\u00e2mica sociol\u00f3gica comum a muitos grupos de Pano<\/b> Alleanze attraverso il matrimonio, cattura di donne durante i conflitti bellici, migrazione delle famiglie \u2013 e una serie di contingenze storiche, in particolare quei cambiamenti determinati dall&#8217;arrivo di non- Indiani, comprese epidemie e alterazioni demografiche. Questi processi portarono all&#8217;incorporazione di persone di altre popolazioni che in passato mantenevano relazioni con gli Yawanaw\u00e1. Tra gli Yaminawa della terra indigena delle sorgenti del fiume Acre c&#8217;\u00e8 un sottogruppo che porta anche il nome Yawanaw\u00e1. Tuttavia, gli Yawanaw\u00e1 sul fiume Greg\u00f3rio non sono a conoscenza di questo altro gruppo omonimo. <\/div>\n<div id=\"tab_disclaimer\" class=\"panel entry-content\" role=\"tabpanel\" aria-labelledby=\"tab-disclaimer\"> <strong><span style=\"color: #d83131;\">A FOTO NA DESCRI\u00c7\u00c3O \u00c9 MERAMENTE INDICATIVA<\/span><\/strong> <strong><span style=\"color: #d83131;\">Para os produtos, de PLANTAS, de INCENSO, E os p\u00f3s PREPARADOS NO MOMENTO, n\u00e3o \u00e9 poss\u00edvel ser feitas DEVOLU\u00c7\u00d5ES ou REEMBOLSOS<\/span><\/strong> O <strong>termos utilizados<\/strong> as categorias e as tags n\u00e3o quero sugerir para o uso medicinal e recreativo produtos, apenas classific\u00e1-los de acordo com seu uso hist\u00f3rico, cient\u00edfico e social. <strong>As receitas s\u00e3o fornecidos como uma cient\u00edficos<\/strong>eles n\u00e3o querem incentivar os clientes a repeti-las, nem para consumir os produtos. <strong>Nosso conte\u00fado<\/strong> n\u00e3o foram avaliadas pela FDA ou por qualquer figura da profiss\u00e3o m\u00e9dica: as poss\u00edveis aplica\u00e7\u00f5es, indica\u00e7\u00f5es, dosagem e avisos s\u00e3o descritos somente para fins educacionais, especula\u00e7\u00f5es e pessoal, e n\u00e3o constitui aconselhamento m\u00e9dico. <strong>Os produtos s\u00e3o vendidos<\/strong> como incenso, Sab\u00f5es, Resinas e cole\u00e7\u00e3o bot\u00e2nica, e material de investiga\u00e7\u00e3o cient\u00edfica. <span style=\"color: #ed1c24; font-size: 115%;\"><strong>Non sono destinati al consumo umano. Per poter acquistare i nostri prodotti dovete avere pi\u00f9 di 18 anni e non sono adatti a donne in stato di gravidanza e\/o in fase di allattamento.<\/strong><\/span> Para obter mais informa\u00e7\u00f5es sobre <strong>KARMARANDO<\/strong> visite <a href=\"https:\/\/www.instagram.com\/karmarando1\/\" target=\"_blank\" rel=\"noopener\"> <span style=\"color: #0000ff;\"><strong>nesta p\u00e1gina<\/strong><\/span><\/a> ou leia as \u00faltimas not\u00edcias sobre <a href=\"https:\/\/karmarando.com\/pt\/blog\/\" target=\"_blank\" rel=\"nofollow noopener\"><strong><span style=\"color: #0000ff;\">BLOG<\/span><\/strong><\/a> <\/div><\/div><\/div>","protected":false},"excerpt":{"rendered":"<p>Rap\u00e9 de Lavanda Tranquilidade, Serenidade e Pureza,<\/p>","protected":false},"featured_media":10631,"comment_status":"open","ping_status":"closed","template":"","meta":[],"product_brand":[],"product_cat":[186,1123,187,185],"product_tag":[],"class_list":{"0":"post-10697","1":"product","2":"type-product","3":"status-publish","4":"has-post-thumbnail","6":"product_cat-cat-rape","7":"product_cat-rape-aromatico","8":"product_cat-rape-brasiliano","9":"product_cat-rapee-e-co","10":"pa_brand-karmarando","11":"pa_fragranza-ceneri","12":"pa_fragranza-erbe","13":"pa_fragranza-lavanda","14":"pa_fragranza-mapacho","15":"pa_ingredienti-ceneri","16":"pa_ingredienti-erbe","17":"pa_ingredienti-lavanda","18":"pa_ingredienti-mapacho","19":"pa_momento-di-assunzione-mattina-a-digiuno","20":"pa_momento-di-assunzione-sera-lontano-dai-pasti","21":"pa_paese-di-fabbricazione-brasile","22":"pa_principi-attivi-acetato-di-linalile","23":"pa_principi-attivi-borneolo","24":"pa_principi-attivi-cineolo","25":"pa_principi-attivi-geraniolo","26":"pa_principi-attivi-linaiolo","27":"pa_somministrazione-nasale","28":"pa_tipo-polvere","29":"pa_unita-di-misura-10-g","30":"pa_unita-di-misura-20-g","31":"pa_unita-di-misura-50-g","32":"pa_uso-principale-aiuta-a-liberare-la-mente-e-interrompere-il-dialogo-interiore","33":"pa_uso-principale-aiuta-ad-eliminare-il-catarro-e-i-parassiti-dei-seni-frontali-paranasali-e-nasali","34":"pa_uso-principale-e-anche-un-potente-analgesico-per-dolori-alla-testa-e-al-corpo","35":"pa_uso-principale-ansiolitico","36":"pa_uso-principale-antimicrobico","37":"pa_uso-principale-antinfiammatorio","38":"pa_uso-principale-antisettico","39":"pa_uso-principale-asma","40":"pa_uso-principale-blocchi-energetici","41":"pa_uso-principale-broncopolmonite","42":"pa_uso-principale-calma","43":"pa_uso-principale-calmante","44":"pa_uso-principale-centratura","45":"pa_uso-principale-consente-di-essere-presente-per-riuscire-a-guardare-oltre-le-proprie-interpretazioni","46":"pa_uso-principale-energeticamente-cura-in-modo-diretto-paure-ansie-e-altre-energie-connesse-al-plesso-solare-se-causa-vomito-e-perche-la-persona-sta-eliminando-le-energie-dense-accumulate","47":"pa_uso-principale-decomprime-la-pressione-del-cranio","48":"pa_uso-principale-depura-ordina-e-allinea-i-campi-energetici-specialmente-i-chakra-del-terzo-occhio-e-della-testa-sale-e-scende-da-quelli-attraverso-la-colonna-vertebrale","49":"pa_uso-principale-elimina-leccesso-di-flemma-accumulato","50":"pa_uso-principale-elimina-mal-di-testa-sonnolenza-e-stordimento","51":"pa_uso-principale-evoluzione-spirituale","52":"pa_uso-principale-favorisce-il-movimento-peristaltico-intestinale","53":"pa_uso-principale-applicato-sulle-ferite-ha-funzioni-cicatrizzanti-e-antibiotiche","54":"pa_uso-principale-pace","55":"pa_uso-principale-permette-di-capire-che-cose-la-meditazione-a-livello-cosciente","56":"pa_uso-principale-permette-di-raggiungere-uno-stato-di-meditazione-molto-profondo","57":"pa_uso-principale-e-molto-efficace-anche-nel-trattamento-di-problemi-al-sistema-respiratorio-e-digestivo","58":"pa_uso-principale-procastinaggio","59":"pa_uso-principale-procastinamenrto","60":"pa_uso-principale-pulisce-tutta-la-sporcizia-accumulata-da-anni-che-e-causa-di-problemi-come-sinusite-ed-emicrania","61":"pa_uso-principale-pulizia-chakra","62":"pa_uso-principale-purificante","63":"pa_uso-principale-radicamento","64":"pa_uso-principale-rilassamento","65":"pa_uso-principale-e-rilassante-e-antipiretico","66":"pa_uso-principale-sbocchi-energetici","67":"pa_uso-principale-molte-persone-curano-la-loro-sinusiti-e-rinite-con-questa-rende-immuni-anche-dalle-malattie-dellapparato-respiratorio","68":"pa_uso-principale-spasmodico","69":"pa_uso-principale-toglie-i-parassiti-e-pulisce-gli-intestini","70":"pa_uso-principale-tranquillante","71":"pa_uso-principale-unione-del-tutto-in-uno","72":"pa_uso-principale-e-rimedio-per-la-visibilita-dello-spirito","73":"pa_uso-principale-visione-animica","75":"first","76":"instock","77":"shipping-taxable","78":"purchasable","79":"product-type-variable"},"_links":{"self":[{"href":"https:\/\/karmarando.com\/pt\/wp-json\/wp\/v2\/product\/10697","targetHints":{"allow":["GET"]}}],"collection":[{"href":"https:\/\/karmarando.com\/pt\/wp-json\/wp\/v2\/product"}],"about":[{"href":"https:\/\/karmarando.com\/pt\/wp-json\/wp\/v2\/types\/product"}],"replies":[{"embeddable":true,"href":"https:\/\/karmarando.com\/pt\/wp-json\/wp\/v2\/comments?post=10697"}],"wp:featuredmedia":[{"embeddable":true,"href":"https:\/\/karmarando.com\/pt\/wp-json\/wp\/v2\/media\/10631"}],"wp:attachment":[{"href":"https:\/\/karmarando.com\/pt\/wp-json\/wp\/v2\/media?parent=10697"}],"wp:term":[{"taxonomy":"product_brand","embeddable":true,"href":"https:\/\/karmarando.com\/pt\/wp-json\/wp\/v2\/product_brand?post=10697"},{"taxonomy":"product_cat","embeddable":true,"href":"https:\/\/karmarando.com\/pt\/wp-json\/wp\/v2\/product_cat?post=10697"},{"taxonomy":"product_tag","embeddable":true,"href":"https:\/\/karmarando.com\/pt\/wp-json\/wp\/v2\/product_tag?post=10697"}],"curies":[{"name":"wp","href":"https:\/\/api.w.org\/{rel}","templated":true}]}}