{"id":945,"date":"2020-09-20T23:28:31","date_gmt":"2020-09-20T23:28:31","guid":{"rendered":"https:\/\/karmarando.com\/?page_id=945"},"modified":"2022-05-18T02:55:58","modified_gmt":"2022-05-18T00:55:58","slug":"chi-siamo-karmarando","status":"publish","type":"page","link":"https:\/\/karmarando.com\/pt\/chi-siamo-karmarando\/","title":{"rendered":"Quem somos \u2013 KARMARANDO"},"content":{"rendered":"<div id=\"page-header-1735442564\" class=\"page-header-wrapper\">\n  <div class=\"page-title dark divided-title box-shadow-3\">\n\n        <div class=\"page-title-bg\">\n      <div class=\"title-bg fill bg-fill\"\n        data-parallax-container=\".page-title\"\n        data-parallax-background\n data-parallax=\"-\">\n      <\/div>\n      <div class=\"title-overlay fill\"><\/div>\n    <\/div>\n    \n    <div class=\"page-title-inner container align-center text-center flex-row-col medium-flex-wrap\" >\n              <div class=\"title-wrapper uppercase flex-col\">\n          <h1 class=\"entry-title mb-0\">\n            Quem somos \u2013 KARMARANDO          <\/h1>\n        <\/div>\n                    <div class=\"title-content flex-col\">\n        <div class=\"title-breadcrumbs pb-half pt-half\"><nav class=\"woocommerce-breadcrumb breadcrumbs uppercase\" aria-label=\"Breadcrumb\">In\u00edcio<\/nav><\/div>      <\/div>\n    <\/div>\n\n     \n<style>\n#page-header-1735442564 .title-bg {\n  background-image: url(https:\/\/karmarando.com\/wp-content\/uploads\/2020\/10\/leaf-nature-green-2210973-1.jpg);\n}\n<\/style>\n  <\/div>\n  <div class=\"container header-wrapper-divider\"><hr\/><\/div>  <\/div>\n  \n<h3 class=\"uppercase\"><strong>Informa\u00e7\u00f5es sobre karmarando<\/strong><\/h3>\n<p>Karmarando, uma base europeia empresa com uma paix\u00e3o que queima para todos os que cuidam da alma, acalma a mente e purifica o esp\u00edrito.Esta hist\u00f3ria vai explicar como isso come\u00e7ou esse despertar espiritual, a empresa s\u00f3 e sem qualquer tabu, que, a partir de come\u00e7os humildes, tem evolu\u00eddo rapidamente em uma forte equipe e de colabora\u00e7\u00e3o, de 14 de devotos membro transcendental e excel\u00eancia em servi\u00e7os ao cliente.<\/p>\n<p>Karmarando do que o caminho do crescimento espiritual, que come\u00e7ou h\u00e1 4 anos, com a ajuda de plantas &#034;magia&#034;, que nos permitiram alcan\u00e7ar um estado de profundo conhecimento e expans\u00e3o da consci\u00eancia.<\/p>\n<p>T\u00e3o verdadeira e real, que eles se sentem como uma e desejar que este seja compartilhado com comodidades para preparar ch\u00e1 e o resto da humanidade.<\/p>\n<p>Essa experi\u00eancia foi t\u00e3o emocionante que ouvimos um refrenabile impulso para ajudar outras pessoas como voc\u00ea, que querem embarcar em uma jornada de crescimento espiritual.&nbsp;<\/p>\n<p>N\u00f3s garantimos a melhor qualidade de todos os produtos que temos e devemos crer em nossos cora\u00e7\u00f5es e em nossa experi\u00eancia que estas plantas s\u00e3o m\u00e1gicos e podem ajudar um monte de gente, desde os produtores aos consumidores finais. H\u00e1 uma centelha de amor em cada pacote que enviamos e estamos muito gratos e orgulhosos.<\/p>\n<p>O nosso projecto em etnobot\u00e2nica \u00e9 s\u00f3 no in\u00edcio, mas n\u00f3s come\u00e7amos este site, Karmarando porque acreditamos que a propaga\u00e7\u00e3o do sagrado instrumentos, tais como rap\u00e9, o ambil, o Sananga, o Mamb\u00e8, a ayahuasca promovido ainda na tabela 1, e todo o resto do poder de plantas e medicamentos sagrado, que voc\u00ea vai encontrar em nossa LOJA pode ser n\u00e3o apenas uma ajuda, mas uma verdadeira e h\u00e1bito saud\u00e1vel que vai ajudar no despertar geral.&nbsp;<\/p>\n<p>Obrigado por fazer esta visita poss\u00edvel!<\/p>\n<h3 class=\"uppercase\"><b>Envio an\u00f4nimo<\/b><\/h3>\n<p>\n<div class=\"row\"  id=\"row-1922201040\">\n\n\n\t<div id=\"col-1098421812\" class=\"col small-12 large-12\"  >\n\t\t\t\t<div class=\"col-inner\"  >\n\t\t\t\n\t\t\t\n\n\t<div class=\"img has-hover x md-x lg-x y md-y lg-y\" id=\"image_1877615993\">\n\t\t\t\t\t\t\t\t<div class=\"img-inner dark\" >\n\t\t\t<img loading=\"lazy\" decoding=\"async\" width=\"1020\" height=\"548\" src=\"https:\/\/karmarando.com\/wp-content\/uploads\/2020\/10\/PicsArt_10-13-02.12.03-1-1024x550.png\" class=\"attachment-large size-large\" alt=\"envios an\u00f4nimo e seguro\" srcset=\"https:\/\/karmarando.com\/wp-content\/uploads\/2020\/10\/PicsArt_10-13-02.12.03-1-1024x550.png 1024w, https:\/\/karmarando.com\/wp-content\/uploads\/2020\/10\/PicsArt_10-13-02.12.03-1-600x322.png 600w, https:\/\/karmarando.com\/wp-content\/uploads\/2020\/10\/PicsArt_10-13-02.12.03-1-300x161.png 300w, https:\/\/karmarando.com\/wp-content\/uploads\/2020\/10\/PicsArt_10-13-02.12.03-1-768x413.png 768w, https:\/\/karmarando.com\/wp-content\/uploads\/2020\/10\/PicsArt_10-13-02.12.03-1.png 1199w\" sizes=\"auto, (max-width: 1020px) 100vw, 1020px\" title=\"\">\t\t\t\t\t\t\n\t\t\t\t\t<\/div>\n\t\t\t\t\t\t\t\t\n<style>\n#image_1877615993 {\n  width: 100%;\n}\n<\/style>\n\t<\/div>\n\t\n\n\n\t\t<\/div>\n\t\t\t\t\t<\/div>\n\n\t\n\n<\/div>\n<p>Todos os produtos podem ser visualizados, selecionados e enviados discretamente com apenas um clique. As caixas de chegar an\u00f4nimo, sem qualquer indica\u00e7\u00e3o do conte\u00fado. E assim como a luz sussurros Dos deuses, para n\u00e3o falar de informa\u00e7\u00f5es pessoais para fora do dom\u00ednio de karmarando.com. Voc\u00ea pode ler mais sobre o que podemos fazer para garantir <a title=\"Pol\u00edtica de privacidade e Cookies\" href=\"https:\/\/karmarando.com\/pt\/privacy-policy\/\">a sua privacidade aqui<\/a>.<\/p>\n<h3 class=\"uppercase\" style=\"text-align: center;\">Quem somos<\/h3>\n<p>A equipe Karmarando tem especialistas em seu campo e uma ampla e profunda sobre xamanismo Espiritual, no campo e Hol\u00edstica sobre as subst\u00e2ncias enteogeni, em plantas de poder, e de equipamentos para ser capaz de usar esses sacramentos e o bem-estar psicol\u00f3gico a partir do qual ele pode tomar, bem como no cuidado com a sele\u00e7\u00e3o dos melhores produtos do mundo. Essas pessoas fascinante e inteligente de trabalhar com incr\u00edvel efficienzaper orientar os clientes para que eles precisam, fazendo tudo o poss\u00edvel para responder \u00e0s suas perguntas e para garantir um transporte r\u00e1pido para a sua satisfa\u00e7\u00e3o.<\/p>\n<p>\u00a0<\/p>\n\n\t<section class=\"section dark\" id=\"section_1700574233\">\n\t\t<div class=\"section-bg fill\" >\n\t\t\t<img loading=\"lazy\" decoding=\"async\" width=\"1280\" height=\"597\" src=\"https:\/\/karmarando.com\/wp-content\/uploads\/2020\/10\/leaf-nature-green-2210973-1.jpg\" class=\"bg attachment- size-\" alt=\"Sfondo Natura Karmarando enteogeni\" title=\"\">\t\t\t\t\t\t\n\t\t\t\n\n\t\t<\/div>\n\n\t\t\n\n\t\t<div class=\"section-content relative\">\n\t\t\t\n\n<\/p>\n<p class=\"uppercase\" style=\"text-align: center;\"><span style=\"font-size: 250%;\"><strong>Fundadores<\/strong><\/span><\/p>\n<p>\n<div class=\"text-center\"><div class=\"is-divider divider clearfix\" style=\"max-width:145px;\"><\/div><\/div>\n\n\t<div id=\"gap-1642459484\" class=\"gap-element clearfix\" style=\"display:block; height:auto;\">\n\t\t\n<style>\n#gap-1642459484 {\n  padding-top: 30px;\n}\n<\/style>\n\t<\/div>\n\t\n\n<div class=\"row align-center\"  id=\"row-1978180140\">\n\n\n\t<div id=\"col-1587902254\" class=\"col medium-4 small-9 large-4\"  >\n\t\t\t\t<div class=\"col-inner\"  >\n\t\t\t\n\t\t\t\n\n    <div class=\"box has-hover has-hover box-default box-text-bottom\" >\n\n                  <div class=\"box-image\" style=\"width:50%;\">\n           <div class=\"box-image-inner image-cover\" style=\"border-radius:100%;padding-top:100%;\">\n              <img loading=\"lazy\" decoding=\"async\" width=\"856\" height=\"1039\" src=\"https:\/\/karmarando.com\/wp-content\/uploads\/2021\/07\/206616371_307339847800199_4712705120324206902_n-1.jpg\" class=\"attachment- size-\" alt=\"karmarando quem somos\" srcset=\"https:\/\/karmarando.com\/wp-content\/uploads\/2021\/07\/206616371_307339847800199_4712705120324206902_n-1.jpg 856w, https:\/\/karmarando.com\/wp-content\/uploads\/2021\/07\/206616371_307339847800199_4712705120324206902_n-1-600x728.jpg 600w, https:\/\/karmarando.com\/wp-content\/uploads\/2021\/07\/206616371_307339847800199_4712705120324206902_n-1-247x300.jpg 247w, https:\/\/karmarando.com\/wp-content\/uploads\/2021\/07\/206616371_307339847800199_4712705120324206902_n-1-844x1024.jpg 844w, https:\/\/karmarando.com\/wp-content\/uploads\/2021\/07\/206616371_307339847800199_4712705120324206902_n-1-768x932.jpg 768w\" sizes=\"auto, (max-width: 856px) 100vw, 856px\" title=\"\">                         <\/div>\n          <\/div>\n         \n          <div class=\"box-text text-center\" >\n                <div class=\"box-text-inner\">\n                  <h4 class=\"uppercase\">\n                    <span class=\"person-name\">David ayas<\/span><br\/>\n                    <span class=\"person-title is-small thin-font op-7\">\n                      Fundador                    <\/span>\n                  <\/h4>\n\t\t\t\t\t\n\n\n                <\/div>\n          <\/div>\n    <\/div>\n\n\t\n    \n\n\t\t<\/div>\n\t\t\t\t\t<\/div>\n\n\t\n\n\t<div id=\"col-963342346\" class=\"col medium-4 small-9 large-4\"  >\n\t\t\t\t<div class=\"col-inner\"  >\n\t\t\t\n\t\t\t\n\n    <div class=\"box has-hover has-hover box-text-bottom\" >\n\n                  <div class=\"box-image\" style=\"width:50%;\">\n           <div class=\"box-image-inner image-cover\" style=\"border-radius:100%;padding-top:100%;\">\n              <img loading=\"lazy\" decoding=\"async\" width=\"3209\" height=\"3261\" src=\"https:\/\/karmarando.com\/wp-content\/uploads\/2021\/07\/logo-karmarando-e1627537594418-1-scaled.png\" class=\"attachment- size-\" alt=\"Logo karmarando sciamnesimo\" title=\"\">                         <\/div>\n          <\/div>\n         \n          <div class=\"box-text text-center\" >\n                <div class=\"box-text-inner\">\n                  <h4 class=\"uppercase\">\n                    <span class=\"person-name\">Lokis Zaccaria<\/span><br\/>\n                    <span class=\"person-title is-small thin-font op-7\">\n                      Ceo Fundador                    <\/span>\n                  <\/h4>\n\t\t\t\t\t\n\n\n                <\/div>\n          <\/div>\n    <\/div>\n\n\t\n    \n\n\t\t<\/div>\n\t\t\t\t\t<\/div>\n\n\t\n\n\t<div id=\"col-212541688\" class=\"col medium-4 small-9 large-4\"  >\n\t\t\t\t<div class=\"col-inner\"  >\n\t\t\t\n\t\t\t\n\n    <div class=\"box has-hover has-hover box-default box-text-bottom\" >\n\n                  <div class=\"box-image\" style=\"width:50%;\">\n           <div class=\"box-image-inner image-cover\" style=\"border-radius:100%;padding-top:100%;\">\n              <img loading=\"lazy\" decoding=\"async\" width=\"96\" height=\"96\" src=\"https:\/\/karmarando.com\/wp-content\/uploads\/2022\/03\/d17c936b258882bf58ee011338c02349.jpeg\" class=\"attachment- size-\" alt=\"PACMAN\" srcset=\"https:\/\/karmarando.com\/wp-content\/uploads\/2022\/03\/d17c936b258882bf58ee011338c02349.jpeg 96w, https:\/\/karmarando.com\/wp-content\/uploads\/2022\/03\/d17c936b258882bf58ee011338c02349-32x32.jpeg 32w\" sizes=\"auto, (max-width: 96px) 100vw, 96px\" title=\"\">                         <\/div>\n          <\/div>\n         \n          <div class=\"box-text text-center\" >\n                <div class=\"box-text-inner\">\n                  <h4 class=\"uppercase\">\n                    <span class=\"person-name\">PAKO AN\u00c9IS<\/span><br\/>\n                    <span class=\"person-title is-small thin-font op-7\">\n                      Webmaster                    <\/span>\n                  <\/h4>\n\t\t\t\t\t\n\n\n                <\/div>\n          <\/div>\n    <\/div>\n\n\t\n    \n\n\t\t<\/div>\n\t\t\t\t\t<\/div>\n\n\t\n\n<\/div>\n\n\t\t<\/div>\n\n\t\t\n<style>\n#section_1700574233 {\n  padding-top: 30px;\n  padding-bottom: 30px;\n  background-color: rgb(40, 40, 40);\n}\n<\/style>\n\t<\/section>\n\t\n<\/p>\n<h3 class=\"uppercase\" style=\"text-align: center;\">Nossa equipe<\/h3>\n<div class=\"row\"  id=\"row-402871164\">\n\n\n\t<div id=\"col-271039028\" class=\"col small-12 large-12\"  >\n\t\t\t\t<div class=\"col-inner\"  >\n\t\t\t\n\t\t\t\n\n\t<div class=\"img has-hover x md-x lg-x y md-y lg-y\" id=\"image_916844520\">\n\t\t\t\t\t\t\t\t<div class=\"img-inner dark\" >\n\t\t\t<img loading=\"lazy\" decoding=\"async\" width=\"1020\" height=\"763\" src=\"https:\/\/karmarando.com\/wp-content\/uploads\/2020\/10\/PicsArt_10-14-01.32.54-1.png\" class=\"attachment-large size-large\" alt=\"\" srcset=\"https:\/\/karmarando.com\/wp-content\/uploads\/2020\/10\/PicsArt_10-14-01.32.54-1.png 1024w, https:\/\/karmarando.com\/wp-content\/uploads\/2020\/10\/PicsArt_10-14-01.32.54-1-600x449.png 600w, https:\/\/karmarando.com\/wp-content\/uploads\/2020\/10\/PicsArt_10-14-01.32.54-1-300x224.png 300w, https:\/\/karmarando.com\/wp-content\/uploads\/2020\/10\/PicsArt_10-14-01.32.54-1-768x575.png 768w\" sizes=\"auto, (max-width: 1020px) 100vw, 1020px\" title=\"\">\t\t\t\t\t\t\n\t\t\t\t\t<\/div>\n\t\t\t\t\t\t\t\t\n<style>\n#image_916844520 {\n  width: 100%;\n}\n<\/style>\n\t<\/div>\n\t\n\n\n\t\t<\/div>\n\t\t\t\t\t<\/div>\n\n\t\n\n<\/div>\n<h3 style=\"text-align: center;\"><strong>VER VOC\u00ca NAS PLAN\u00cdCIES NATURALSPIRITUAL C\u00d3SMICA<\/strong><\/h3>\n<p>N\u00e3o \u00e9 suficiente apenas para vender um produto. A chamada de que fat\u00eddica noite tem empurrado KARMARANDO para oferecer um guia completo para qualquer de seu desejo. Com a riqueza de informa\u00e7\u00f5es contidas em nosso blog, documenta\u00e7\u00e3o e atualiza\u00e7\u00f5es em m\u00eddia social, voc\u00ea pode ter certeza de que os nossos servi\u00e7os v\u00e3o al\u00e9m de suas expectativas para um normal sciamanshop on-line.<\/p>\n<p>Fa\u00e7a uma pergunta, deixe um coment\u00e1rio ou estender seus pensamentos atrav\u00e9s da naturalspiritual plan\u00edcies c\u00f3smica. Voc\u00ea vai ser capaz de sentir que atrav\u00e9s da alma, somos todos um, ent\u00e3o ligado!<\/p><\/p>","protected":false},"excerpt":{"rendered":"","protected":false},"author":1,"featured_media":0,"parent":0,"menu_order":0,"comment_status":"closed","ping_status":"closed","template":"page-left-sidebar.php","meta":{"footnotes":""},"class_list":["post-945","page","type-page","status-publish","hentry"],"_links":{"self":[{"href":"https:\/\/karmarando.com\/pt\/wp-json\/wp\/v2\/pages\/945","targetHints":{"allow":["GET"]}}],"collection":[{"href":"https:\/\/karmarando.com\/pt\/wp-json\/wp\/v2\/pages"}],"about":[{"href":"https:\/\/karmarando.com\/pt\/wp-json\/wp\/v2\/types\/page"}],"author":[{"embeddable":true,"href":"https:\/\/karmarando.com\/pt\/wp-json\/wp\/v2\/users\/1"}],"replies":[{"embeddable":true,"href":"https:\/\/karmarando.com\/pt\/wp-json\/wp\/v2\/comments?post=945"}],"version-history":[{"count":0,"href":"https:\/\/karmarando.com\/pt\/wp-json\/wp\/v2\/pages\/945\/revisions"}],"wp:attachment":[{"href":"https:\/\/karmarando.com\/pt\/wp-json\/wp\/v2\/media?parent=945"}],"curies":[{"name":"wp","href":"https:\/\/api.w.org\/{rel}","templated":true}]}}