{"id":1706,"date":"2020-10-04T13:01:55","date_gmt":"2020-10-04T13:01:55","guid":{"rendered":"https:\/\/karmarando.com\/?page_id=1706"},"modified":"2024-11-15T14:40:32","modified_gmt":"2024-11-15T13:40:32","slug":"servizi","status":"publish","type":"page","link":"https:\/\/karmarando.com\/pt\/servizi\/","title":{"rendered":"SERVI\u00c7OS"},"content":{"rendered":"<p>\n  <div id=\"page-header-431767904\" class=\"page-header-wrapper\">\n  <div class=\"page-title dark featured-title\">\n\n    \n    <div class=\"page-title-inner container align-center text-center flex-row-col medium-flex-wrap\" >\n              <div class=\"title-wrapper flex-col\">\n          <h1 class=\"entry-title mb-0\">\n            SERVI\u00c7OS          <\/h1>\n        <\/div>\n                    <div class=\"title-content flex-col\">\n        <div class=\"title-breadcrumbs pb-half pt-half\"><nav class=\"woocommerce-breadcrumb breadcrumbs uppercase\" aria-label=\"Breadcrumb\">In\u00edcio<\/nav><\/div>      <\/div>\n    <\/div>\n\n       <\/div>\n    <\/div>\n  \n\n\n  <div class=\"banner has-hover\" id=\"banner-1966112113\">\n          <div class=\"banner-inner fill\">\n        <div class=\"banner-bg fill\" >\n            <img loading=\"lazy\" decoding=\"async\" width=\"1000\" height=\"584\" src=\"https:\/\/karmarando.com\/wp-content\/uploads\/2020\/10\/legame-karmico-1.jpg\" class=\"bg attachment-original size-original\" alt=\"legame karmico\" title=\"\">                        <div class=\"overlay\"><\/div>            \n\t<div class=\"is-border\"\n\t\tstyle=\"border-width:0px 0px 0px 0px;\">\n\t<\/div>\n            <div class=\"effect-sparkle bg-effect fill no-click\"><\/div>        <\/div>\n\t\t\n        <div class=\"banner-layers container\">\n            <div class=\"fill banner-link\"><\/div>            \n\n   <div id=\"text-box-1509205533\" class=\"text-box banner-layer x50 md-x50 lg-x50 y50 md-y50 lg-y50 res-text\">\n                     <div data-animate=\"flipInY\">           <div class=\"text-box-content text dark\">\n              \n              <div class=\"text-inner text-center\">\n                  \n\n<\/p>\n<h3 class=\"alt-font\"><span style=\"color: #edf3f5;\">Os nossos Servi\u00e7os personalizados...<\/span><\/h3>\n<div class=\"is-divider divider clearfix\" ><\/div>\n<h3 class=\"uppercase\"><span style=\"color: #faf5f5;\">Nossos Servi\u00e7os<\/span><\/h3>\n<p><span style=\"color: #edf3f5;\">N\u00f3s oferecemos uma gama de servi\u00e7os personalizados. Ele funciona atrav\u00e9s de sess\u00f5es individuais via whatsapp. \u00c9 aconselh\u00e1vel, portanto, ter uma boa conex\u00e3o com a internet e bons fones de ouvido. Clique no servi\u00e7o que voc\u00ea est\u00e1 interessado para obter mais detalhes.<\/span><\/p>\n<p>\n\n              <\/div>\n           <\/div>\n       <\/div>                     \n<style>\n#text-box-1509205533 {\n  width: 67%;\n}\n#text-box-1509205533 .text-box-content {\n  font-size: 100%;\n}\n<\/style>\n    <\/div>\n \n\n        <\/div>\n      <\/div>\n\n            \n<style>\n#banner-1966112113 {\n  padding-top: 50%;\n}\n#banner-1966112113 .overlay {\n  background-color: rgba(0, 2, 2, 0.44);\n}\n<\/style>\n  <\/div>\n\n\n\n\t<section class=\"section\" id=\"section_663631003\">\n\t\t<div class=\"section-bg fill\" >\n\t\t\t\t\t\t\t\t\t\n\t\t\t\n\n\t\t<\/div>\n\n\t\t\n\n\t\t<div class=\"section-content relative\">\n\t\t\t\n\n<div class=\"container section-title-container\" ><h4 class=\"section-title section-title-center\"><b aria-hidden=\"true\"><\/b><span class=\"section-title-main\" style=\"color:rgb(70, 200, 242);\">DESCUBRA TODOS OS SERVI\u00c7OS<\/span><b aria-hidden=\"true\"><\/b><\/h4><\/div>\n\n<div class=\"row\"  id=\"row-929460927\">\n\n\n\t<div id=\"col-1952717724\" class=\"col medium-3 small-6 large-3\"  >\n\t\t\t\t<div class=\"col-inner\"  >\n\t\t\t\n\t\t\t\n\n<a href=\"https:\/\/karmarando.com\/pt\/servizi\/mental-coach-spirituale-ed-emozionale\/\" class=\"button success is-gloss is-small\" style=\"border-radius:99px;\">\n\t\t<span>treinador mental espiritual<\/span>\n\t<\/a>\n\n\n\n\t\t<\/div>\n\t\t\t\t\t<\/div>\n\n\t\n\n\t<div id=\"col-196511619\" class=\"col medium-3 small-6 large-3\"  >\n\t\t\t\t<div class=\"col-inner\"  >\n\t\t\t\n\t\t\t\n\n<a href=\"https:\/\/karmarando.com\/pt\/servizi\/loracolo-della-sciamana\/\" class=\"button success is-gloss is-small\" style=\"border-radius:99px;\">\n\t\t<span>o oracle do xam\u00e3<\/span>\n\t<\/a>\n\n\n\n\t\t<\/div>\n\t\t\t\t\t<\/div>\n\n\t\n\n\t<div id=\"col-494533239\" class=\"col medium-3 small-6 large-3\"  >\n\t\t\t\t<div class=\"col-inner\"  >\n\t\t\t\n\t\t\t\n\n<a href=\"https:\/\/karmarando.com\/pt\/servizi\/auto-guarigione-animica\/\" class=\"button success is-gloss is-small\" style=\"border-radius:99px;\">\n\t\t<span>A Auto Cura Da Alma<\/span>\n\t<\/a>\n\n\n\n\t\t<\/div>\n\t\t\t\t\t<\/div>\n\n\t\n\n\t<div id=\"col-442040475\" class=\"col medium-3 small-6 large-3\"  >\n\t\t\t\t<div class=\"col-inner\"  >\n\t\t\t\n\t\t\t\n\n<a href=\"https:\/\/karmarando.com\/pt\/servizi\/alma-livre\/\" class=\"button success is-gloss is-small\" style=\"border-radius:99px;\">\n\t\t<span>alma livre<\/span>\n\t<\/a>\n\n\n\n\t\t<\/div>\n\t\t\t\t\t<\/div>\n\n\t\n\n<\/div>\n\n\t\t<\/div>\n\n\t\t\n<style>\n#section_663631003 {\n  padding-top: 30px;\n  padding-bottom: 30px;\n}\n<\/style>\n\t<\/section>\n\t\n<\/p>\n<h5 class=\"uppercase\">Importante<\/h5>\n<p>A Liga\u00e7\u00e3o da Alma e o auto-Cura do Assistente, voc\u00ea pode fazer somente depois que voc\u00ea tiver feito para com o re-equil\u00edbrio de Energia.<\/p>","protected":false},"excerpt":{"rendered":"","protected":false},"author":1,"featured_media":0,"parent":0,"menu_order":0,"comment_status":"closed","ping_status":"closed","template":"","meta":{"footnotes":""},"class_list":["post-1706","page","type-page","status-publish","hentry"],"_links":{"self":[{"href":"https:\/\/karmarando.com\/pt\/wp-json\/wp\/v2\/pages\/1706","targetHints":{"allow":["GET"]}}],"collection":[{"href":"https:\/\/karmarando.com\/pt\/wp-json\/wp\/v2\/pages"}],"about":[{"href":"https:\/\/karmarando.com\/pt\/wp-json\/wp\/v2\/types\/page"}],"author":[{"embeddable":true,"href":"https:\/\/karmarando.com\/pt\/wp-json\/wp\/v2\/users\/1"}],"replies":[{"embeddable":true,"href":"https:\/\/karmarando.com\/pt\/wp-json\/wp\/v2\/comments?post=1706"}],"version-history":[{"count":0,"href":"https:\/\/karmarando.com\/pt\/wp-json\/wp\/v2\/pages\/1706\/revisions"}],"wp:attachment":[{"href":"https:\/\/karmarando.com\/pt\/wp-json\/wp\/v2\/media?parent=1706"}],"curies":[{"name":"wp","href":"https:\/\/api.w.org\/{rel}","templated":true}]}}