{"id":1656,"date":"2020-10-03T16:52:51","date_gmt":"2020-10-03T16:52:51","guid":{"rendered":"https:\/\/karmarando.com\/?page_id=1656"},"modified":"2024-10-19T22:27:34","modified_gmt":"2024-10-19T20:27:34","slug":"spedizioni-anonime","status":"publish","type":"page","link":"https:\/\/karmarando.com\/pt\/spedizioni-anonime\/","title":{"rendered":"No Karmarando est\u00e3o dispon\u00edveis diferentes op\u00e7\u00f5es de pagamento"},"content":{"rendered":"<section class=\"section\" id=\"section_376909864\">\n\t\t<div class=\"section-bg fill\" >\n\t\t\t\t\t\t\t\t\t\n\t\t\t\n\n\t\t<\/div>\n\n\t\t\n\n\t\t<div class=\"section-content relative\">\n\t\t\t\n\n\t<div class=\"img has-hover x md-x lg-x y md-y lg-y\" id=\"image_79377498\">\n\t\t\t\t\t\t\t\t<div class=\"img-inner dark\" >\n\t\t\t<img loading=\"lazy\" decoding=\"async\" width=\"1020\" height=\"534\" src=\"https:\/\/karmarando.com\/wp-content\/uploads\/2020\/10\/PicsArt_10-04-10.58.52-1.png\" class=\"attachment-large size-large\" alt=\"os embarques de seguran\u00e7a\" srcset=\"https:\/\/karmarando.com\/wp-content\/uploads\/2020\/10\/PicsArt_10-04-10.58.52-1.png 1024w, https:\/\/karmarando.com\/wp-content\/uploads\/2020\/10\/PicsArt_10-04-10.58.52-1-600x314.png 600w, https:\/\/karmarando.com\/wp-content\/uploads\/2020\/10\/PicsArt_10-04-10.58.52-1-300x157.png 300w, https:\/\/karmarando.com\/wp-content\/uploads\/2020\/10\/PicsArt_10-04-10.58.52-1-768x402.png 768w\" sizes=\"auto, (max-width: 1020px) 100vw, 1020px\" title=\"\">\t\t\t\t\t\t\n\t\t\t\t\t<\/div>\n\t\t\t\t\t\t\t\t\n<style>\n#image_79377498 {\n  width: 100%;\n}\n<\/style>\n\t<\/div>\n\t\n\n  <div id=\"page-header-836764075\" class=\"page-header-wrapper\">\n  <div class=\"page-title dark featured-title\">\n\n    \n    <div class=\"page-title-inner container align-center text-center flex-row-col medium-flex-wrap\" >\n              <div class=\"title-wrapper uppercase is-xlarge flex-col\">\n          <h1 class=\"entry-title mb-0\">\n            No Karmarando est\u00e3o dispon\u00edveis diferentes op\u00e7\u00f5es de pagamento          <\/h1>\n        <\/div>\n                <div class=\"page-title-sub op-7 flex-col\">\n          <p class=\"lead\">D\u00ea uma olhada na nossa parcelas marrom ou neutro<\/p>\n        <\/div>\n                    <div class=\"title-content flex-col\">\n        <div class=\"title-breadcrumbs pb-half pt-half\"><nav class=\"woocommerce-breadcrumb breadcrumbs uppercase\" aria-label=\"Breadcrumb\">In\u00edcio<\/nav><\/div>      <\/div>\n    <\/div>\n\n       <\/div>\n    <\/div>\n  \n\n\n\t\t<\/div>\n\n\t\t\n<style>\n#section_376909864 {\n  padding-top: 30px;\n  padding-bottom: 30px;\n}\n<\/style>\n\t<\/section>\n\t\n\n\t<section class=\"section dark\" id=\"section_632808625\">\n\t\t<div class=\"section-bg fill\" >\n\t\t\t\t\t\t\t\t\t\n\t\t\t\n\n\t\t<\/div>\n\n\t\t\n\n\t\t<div class=\"section-content relative\">\n\t\t\t\n\n<div class=\"row align-center\"  id=\"row-2036914262\">\n\n\n\t<div id=\"col-1547170612\" class=\"col medium-10 small-12 large-10\"  >\n\t\t\t\t<div class=\"col-inner text-center\"  >\n\t\t\t\n\t\t\t\n\n<h3 style=\"text-align: center;\"><span style=\"color: #ff0000;\"><strong>Leia-o com cuidado para evitar surpresas no momento da entrega.<\/strong><\/span><\/h3>\n<p style=\"text-align: center;\">Para a maioria das parcelas, vamos utilizar um sistema de <span style=\"color: #ff0000;\"><strong>Ponto de Arm\u00e1rio de pick-up<\/strong><\/span> para assegurar a sua confidencialidade, e a lidar com os desafios que est\u00e3o crescendo em partos em casa. Esta solu\u00e7\u00e3o foi implementada na demanda de nossos clientes, e vai ser ativado, dependendo da disponibilidade na sua regi\u00e3o.Atualmente cobertos 95 dos lugares no mundo.<\/p>\n<h4 style=\"text-align: center;\"><span style=\"color: #ff0000;\"><strong>Servi\u00e7os dispon\u00edveis coleta:<\/strong><\/span><\/h4>\n<ul>\n<li><span style=\"color: #ff0000;\"><strong>INPOST<\/strong>, <strong>MONDIAL REL\u00c9<\/strong><\/span> (requer um segredo PIN para retirada)<\/li>\n<li><strong><span style=\"color: #ff0000;\">SEUR<\/span><\/strong><span style=\"color: #ff0000;\">, <strong>BRT<\/strong>, <strong>DPP Etc<\/strong><\/span>\u00a0(com ou sem PINO, dependendo da regi\u00e3o)<\/li>\n<li>Op\u00e7\u00f5es de retirada variar dependendo do pa\u00eds ou de um continente.<\/li>\n<\/ul>\n<p style=\"text-align: center;\">Se o seu pacote n\u00e3o pode ser entregue atrav\u00e9s destes servi\u00e7os de coleta, vamos utilizar os servi\u00e7os de entrega em casa como<span style=\"color: #ff0000;\"> <strong>A DHL<\/strong>, <strong>A UPS<\/strong><\/span>ou, em casos raros, os servi\u00e7os postais para \u00e1reas espec\u00edficas.<\/p>\n<h3 style=\"text-align: center;\"><span style=\"color: #ff0000;\"><strong>POR FAVOR, LEIA CUIDADOSAMENTE AS INSTRU\u00c7\u00d5ES A SEGUIR:<\/strong><\/span><\/h3>\n<p style=\"text-align: center;\">Por favor, verifique com regularidade a sua <span style=\"color: #ff0000;\"><strong>acompanhamento<\/strong><\/span>, que estar\u00e1 dispon\u00edvel na sua conta \u00e0 ordem da sec\u00e7\u00e3o e via e-mail para <span style=\"color: #ff0000;\"><strong>Karmarando<\/strong><\/span> a partir de <span style=\"color: #ff0000;\"><strong>Packlink<\/strong>.<\/span> Quando o pacote estar\u00e1 dispon\u00edvel no ponto de retirada, voc\u00ea receber\u00e1 um e-mail com o fim <span style=\"color: #ff0000;\"><strong>PIN secreto<\/strong><\/span> (al\u00e9m do e-mail anterior e as do lembrete, se voc\u00ea n\u00e3o coletar o pacote). O PIN ser\u00e1 necess\u00e1rio recolher a parcela.<\/p>\n<p style=\"text-align: center;\">Em caso de desist\u00eancia, duas situa\u00e7\u00f5es podem ocorrer:<\/p>\n<ol>\n<li>O ponto vai ser um <span style=\"color: #ff0000;\"><strong>arm\u00e1rio autom\u00e1tica<\/strong>.<\/span><\/li>\n<li>O ponto vai ser um <span style=\"color: #ff0000;\"><strong>a loja f\u00edsica<\/strong><\/span> (por exemplo, bancas de jornais, tabacaria, farm\u00e1cias, etc).<\/li>\n<\/ol>\n<div style=\"text-align: center;\"><b>N\u00e3o<\/b> houve um erro no endere\u00e7o, a sua encomenda ser\u00e1 entregue o mais rapidamente e a qualquer momento, durante o hor\u00e1rio de abertura retirado, e no caso ele vai ser escolhido como o ponto aberta 24 horas sobre 24, que vai lhe dar o conforto de desist\u00eancia em qualquer momento do dia e da noite.<\/div>\n<h4 style=\"text-align: center;\"><span style=\"color: #ff0000;\"><u><b>Lembre-se, voc\u00ea tem 8 dias para colet\u00e1-lo antes de voc\u00ea voltar<\/b><\/u><\/span><\/h4>\n<p style=\"text-align: center;\"><span style=\"color: #ff0000;\"><strong>IMPORTANTE<\/strong><\/span>Voc\u00ea receber\u00e1 um e-mail com o seu segredo PIN<span style=\"color: #ff0000;\"> <strong>s\u00f3 por Packlink<\/strong> (<\/span>para servi\u00e7os, tais como InPost, Mondial Rel\u00e9, SEUR, etc.) e n\u00e3o por <span style=\"color: #ff0000;\"><strong>Karmarando<\/strong><\/span>. A partir de Karmarando voc\u00ea ir\u00e1 receber apenas o e-mail que voc\u00ea est\u00e1 lendo, e a confirma\u00e7\u00e3o da ordem, e o acompanhamento.<span style=\"color: #ff0000;\"> <strong>Siga o e-mail Packlink<\/strong> <\/span>para atualiza\u00e7\u00f5es posteriores.<\/p>\n<p style=\"text-align: center;\">Certifique-se de usar um<span style=\"color: #ff0000;\"><strong>endere\u00e7o de email v\u00e1lido<\/strong><\/span> e em execu\u00e7\u00e3o, evitando endere\u00e7os, e descart\u00e1vel. Se, por qualquer motivo, voc\u00ea estiver tendo problemas com o seu email (por exemplo, o mau funcionamento do provedor, como foi o caso com e-Mail Gr\u00e1tis), n\u00e3o se preocupe: voc\u00ea pode contactar o nosso servi\u00e7o ao cliente <span style=\"color: #ff0000;\"><strong>InPost<\/strong> ou <strong>Mondial Rel\u00e9<\/strong> <\/span>fornecer o e-mail ou o n\u00famero de telefone utilizado para o fim, e voc\u00ea ser\u00e1 fornecido com o PIN.<\/p>\n<p style=\"text-align: center;\">Lembre-se que apenas<span style=\"color: #ff0000;\"> <strong>InPost<\/strong> ou <strong>Mondial Rel\u00e9<\/strong><\/span> eles pode dar-lhe o PIN,<span style=\"color: #ff0000;\"> <strong>Karmarando n\u00e3o tem acesso<\/strong> <\/span>e n\u00e3o \u00e9 poss\u00edvel enviar c\u00f3pias de e-mail contendo o PIN.<\/p>\n\t<div id=\"text-2856678857\" class=\"text\">\n\t\t\n\n<p>Para qualquer um raro erro de sua parte, ou informa\u00e7\u00f5es de n\u00f3s, no entanto, Somente dispon\u00edvel no whatsapp (n\u00e3o enviar o e-mail, n\u00e3o o cabo)<\/p>\n<h2><strong><span style=\"color: #50b848;\">WHATSAPP<\/span><\/strong><br \/><strong><a href=\"https:\/\/api.whatsapp.com\/send?phone=393773716504\" target=\"_blank\" rel=\"noopener\"><strong><span style=\"color: #50b848;\">+34655016358<\/span><\/strong><\/a><\/strong><\/h2>\n<p><strong>EQUIPE KARMARANDO<\/strong><\/p>\n\t\t\n<style>\n#text-2856678857 {\n  text-align: center;\n}\n<\/style>\n\t<\/div>\n\t\n\n\t\t<\/div>\n\t\t\t\t\t<\/div>\n\n\t\n\n<\/div>\n\n\t\t<\/div>\n\n\t\t\n<style>\n#section_632808625 {\n  padding-top: 60px;\n  padding-bottom: 60px;\n  min-height: 300px;\n  background-color: rgb(0,0,0);\n}\n<\/style>\n\t<\/section>\n\t\n<div class=\"row row-small\"  id=\"row-2071361504\">\n\n\n\t<div id=\"col-560227172\" class=\"col medium-12 small-12 large-7\"  >\n\t\t\t\t<div class=\"col-inner\"  >\n\t\t\t\n\t\t\t\n\n\n\t<section class=\"section dark\" id=\"section_215864316\">\n\t\t<div class=\"section-bg fill\" >\n\t\t\t\t\t\t\t\t\t\n\t\t\t\n\n\t\t<\/div>\n\n\t\t\n\n\t\t<div class=\"section-content relative\">\n\t\t\t\n\n\t<div id=\"text-2109115187\" class=\"text\">\n\t\t\n\n<h3>Envios An\u00f4nimos<\/h3>\n\t\t\n<style>\n#text-2109115187 {\n  font-size: 2.75rem;\n  line-height: 0.75;\n  text-align: center;\n}\n<\/style>\n\t<\/div>\n\t\n\t<div id=\"gap-846272278\" class=\"gap-element clearfix\" style=\"display:block; height:auto;\">\n\t\t\n<style>\n#gap-846272278 {\n  padding-top: 30px;\n}\n<\/style>\n\t<\/div>\n\t\n\n\t<div id=\"text-556162152\" class=\"text\">\n\t\t\n\n<h4 style=\"text-align: center;\"><strong>Para saber o custo exato do frete em seu pa\u00eds, introduza o seu endere\u00e7o na p\u00e1gina do carrinho de compras, ou de pagamento .<\/strong><\/h4>\n<p style=\"text-align: center;\"><strong>O limiar para obter frete gr\u00e1tis muda de pa\u00eds para pa\u00eds.<\/strong><\/p>\n<p style=\"text-align: center;\"><strong>Voc\u00ea pode sempre escolher um padr\u00e3o de envio de e r\u00e1pido.<\/strong><\/p>\n<p style=\"text-align: center;\"><strong>Entrega r\u00e1pida, ele ser\u00e1 ativado mesmo se voc\u00ea vai ter frete gr\u00e1tis, mas voc\u00ea s\u00f3 paga a diferen\u00e7a se voc\u00ea decidir us\u00e1-lo.<\/strong><\/p>\n\t\t\n<style>\n#text-556162152 {\n  font-size: 1rem;\n  line-height: 1.4;\n  text-align: center;\n}\n<\/style>\n\t<\/div>\n\t\n\t<div id=\"text-3452497408\" class=\"text\">\n\t\t\n\n<div id=\"footable_parent_13327\"\n         class=\"footable_parent ninja_table_wrapper loading_ninja_table wp_table_data_press_parent bootstrap4\">\n                <table data-ninja_table_instance=\"ninja_table_instance_0\" data-footable_id=\"13327\" data-filter-delay=\"1000\" aria-label=\"SHIPPING_TABLE.csv\"            id=\"footable_13327\"\n           data-unique_identifier=\"ninja_table_unique_id_3937350146_13327\"\n           class=\"foo-table ninja_footable foo_table_13327 ninja_table_unique_id_3937350146_13327 table  nt_type_ajax_table table-striped table-bordered vertical_centered  footable-paging-right ninja_table_search_disabled\">\n                <colgroup>\n                            <col class=\"ninja_column_0\">\n                            <col class=\"ninja_column_1\">\n                            <col class=\"ninja_column_2\">\n                            <col class=\"ninja_column_3\">\n                            <col class=\"ninja_column_4\">\n                            <col class=\"ninja_column_5\">\n                    <\/colgroup>\n            <\/table>\n    \n    \n    \n<\/div>\n\n\t\t\n<style>\n#text-3452497408 {\n  font-size: 2.05rem;\n  text-align: center;\n}\n<\/style>\n\t<\/div>\n\t\n\t<div id=\"text-1955904247\" class=\"text\">\n\t\t\n\n<h4>Nota: Para encomendas acima do limite especificado, o padr\u00e3o de envio \u00e9 gratuito. Se voc\u00ea quer um transporte r\u00e1pido, ser\u00e1 cobrada a diferen\u00e7a entre o custo de transporte expresso e a quantia j\u00e1 paga para frete gr\u00e1tis. Os tempos de entrega afirmou referem-se a dias \u00fateis e n\u00e3o incluem s\u00e1bados, domingos, ou qualquer atraso.<\/h4>\n\t\t\n<style>\n#text-1955904247 {\n  font-size: 0.85rem;\n  text-align: center;\n}\n<\/style>\n\t<\/div>\n\t\n\n\t\t<\/div>\n\n\t\t\n<style>\n#section_215864316 {\n  padding-top: 0px;\n  padding-bottom: 0px;\n  min-height: 400px;\n  background-color: rgb(73, 146, 67);\n}\n@media (min-width:550px) {\n  #section_215864316 {\n    min-height: 620px;\n  }\n}\n<\/style>\n\t<\/section>\n\t\n\n\t\t<\/div>\n\t\t\t\t\t<\/div>\n\n\t\n\n\t<div id=\"col-1491645297\" class=\"col medium-12 small-12 large-5\"  >\n\t\t\t\t<div class=\"col-inner text-center dark\"  >\n\t\t\t\n\t\t\t\n\n\n\t<section class=\"section\" id=\"section_1809187952\">\n\t\t<div class=\"section-bg fill\" >\n\t\t\t\t\t\t\t\t\t\n\t\t\t\n\n\t\t<\/div>\n\n\t\t\n\n\t\t<div class=\"section-content relative\">\n\t\t\t\n\n\t<div id=\"text-4060956666\" class=\"text\">\n\t\t\n\n<h3>correios<\/h3>\n\t\t\n<style>\n#text-4060956666 {\n  font-size: 1.5rem;\n  line-height: 0.75;\n  text-align: center;\n}\n<\/style>\n\t<\/div>\n\t\n\t<div id=\"gap-1008886202\" class=\"gap-element clearfix\" style=\"display:block; height:auto;\">\n\t\t\n<style>\n#gap-1008886202 {\n  padding-top: 30px;\n}\n<\/style>\n\t<\/div>\n\t\n\n\t<div class=\"img has-hover x md-x lg-x y md-y lg-y\" id=\"image_105967271\">\n\t\t\t\t\t\t\t\t<div class=\"img-inner dark\" >\n\t\t\t<img loading=\"lazy\" decoding=\"async\" width=\"800\" height=\"260\" src=\"https:\/\/karmarando.com\/wp-content\/uploads\/2023\/08\/corrieri.jpg\" class=\"attachment-large size-large\" alt=\"\" srcset=\"https:\/\/karmarando.com\/wp-content\/uploads\/2023\/08\/corrieri.jpg 800w, https:\/\/karmarando.com\/wp-content\/uploads\/2023\/08\/corrieri-300x98.jpg 300w, https:\/\/karmarando.com\/wp-content\/uploads\/2023\/08\/corrieri-768x250.jpg 768w, https:\/\/karmarando.com\/wp-content\/uploads\/2023\/08\/corrieri-18x6.jpg 18w, https:\/\/karmarando.com\/wp-content\/uploads\/2023\/08\/corrieri-510x166.jpg 510w\" sizes=\"auto, (max-width: 800px) 100vw, 800px\" title=\"\">\t\t\t\t\t\t\n\t\t\t\t\t<\/div>\n\t\t\t\t\t\t\t\t\n<style>\n#image_105967271 {\n  width: 100%;\n}\n<\/style>\n\t<\/div>\n\t\n\n\n\t\t<\/div>\n\n\t\t\n<style>\n#section_1809187952 {\n  padding-top: 0px;\n  padding-bottom: 0px;\n  min-height: 300px;\n  background-color: rgb(48, 78, 92);\n}\n@media (min-width:550px) {\n  #section_1809187952 {\n    min-height: 300px;\n  }\n}\n<\/style>\n\t<\/section>\n\t\n\t<div id=\"gap-1415754362\" class=\"gap-element clearfix\" style=\"display:block; height:auto;\">\n\t\t\n<style>\n#gap-1415754362 {\n  padding-top: 20px;\n}\n<\/style>\n\t<\/div>\n\t\n\n\n\t<section class=\"section dark\" id=\"section_710007050\">\n\t\t<div class=\"section-bg fill\" >\n\t\t\t\t\t\t\t\t\t\n\t\t\t\n\n\t\t<\/div>\n\n\t\t\n\n\t\t<div class=\"section-content relative\">\n\t\t\t\n\n<div class=\"row\"  id=\"row-216484975\">\n\n\n\t<div id=\"col-631449833\" class=\"col small-12 large-12\"  >\n\t\t\t\t<div class=\"col-inner\"  >\n\t\t\t\n\t\t\t\n\n\t<div id=\"text-455525380\" class=\"text\">\n\t\t\n\n<h5 class=\"thin-font\"><em><strong><span style=\"color: #d83131;\">A sua privacidade \u00e9 importante para n\u00f3s Karmarando.<\/span> <\/strong><\/em><\/h5>\n<p class=\"thin-font\"><em><strong>A embalagem, feita por n\u00f3s, discreto e an\u00f4nimo, eles s\u00e3o projetados para garantir o m\u00e1ximo de privacidade. <\/strong><\/em><\/p>\n<p class=\"thin-font\"><em><strong>Apenas voc\u00ea ser\u00e1 excitado para receber o pacote (aos olhos de estranhos vai ser apenas uma caixa como outro).<\/strong><\/em><\/p>\n<p class=\"thin-font\"><em><strong>Os itens de tamanho grande s\u00e3o enviados em caixas dur\u00e1vel de papel\u00e3o, envolto em uma dupla camada de fita de embalagem. <\/strong><\/em><\/p>\n<p class=\"thin-font\"><em><strong>Pequenos artigos s\u00e3o enviados em embalagem resistente e acolchoado.<\/strong><\/em><\/p>\n<p class=\"thin-font\"><em><strong>Todas as encomendas s\u00e3o enviadas em pacotes standard discreto.<\/strong><\/em><\/p>\n<p class=\"thin-font\"><em><strong> Ningu\u00e9m vai ser capaz de interpretar o conte\u00fado do pacote, ou ir de volta para o remetente. <\/strong><\/em><\/p>\n<p class=\"thin-font\"><em><strong>A parcela n\u00e3o trar\u00e1 qualquer logotipo ou escrito, com refer\u00eancias a Karmarando.<\/strong><\/em><\/p>\n<p class=\"thin-font\"><em><strong>A \u00fanica informa\u00e7\u00e3o contida na parcela deve ser a etiqueta com o seu endere\u00e7o na frente. <\/strong><\/em><\/p>\n<p class=\"thin-font\"><em><strong>Um adesivo do servi\u00e7o postal\/correio a parcela, dependendo do servi\u00e7o que \u00e9 adotado.<\/strong><\/em><\/p>\n<p><em><strong>Verificar o tempo e o custo de entrega a partir da tabela nesta p\u00e1gina<\/strong><\/em><\/p>\n<p><span style=\"color: #ff9900;\"><strong>Voc\u00ea vai encontrar o seu acompanhamento junto de seu pedido fazendo login em sua conta e ordens, mas tamb\u00e9m atrav\u00e9s de e-mail, a partir de uma parte dos servi\u00e7os de transit\u00e1rios utilizado.<\/strong><\/span><\/p>\n<h3>\u00a0<\/h3>\n<h3>\u00a0<\/h3>\n\t\t\n<style>\n#text-455525380 {\n  text-align: center;\n}\n<\/style>\n\t<\/div>\n\t\n\n\t\t<\/div>\n\t\t\t\t\t<\/div>\n\n\t\n\n<\/div>\n\n\t\t<\/div>\n\n\t\t\n<style>\n#section_710007050 {\n  padding-top: 30px;\n  padding-bottom: 30px;\n  min-height: 300px;\n  background-color: rgb(7, 7, 7);\n}\n<\/style>\n\t<\/section>\n\t\n\n\t\t<\/div>\n\t\t\t\t\t<\/div>\n\n\t\n\n<\/div>","protected":false},"excerpt":{"rendered":"","protected":false},"author":1,"featured_media":0,"parent":0,"menu_order":0,"comment_status":"closed","ping_status":"closed","template":"page-blank.php","meta":{"footnotes":""},"class_list":["post-1656","page","type-page","status-publish","hentry"],"_links":{"self":[{"href":"https:\/\/karmarando.com\/pt\/wp-json\/wp\/v2\/pages\/1656","targetHints":{"allow":["GET"]}}],"collection":[{"href":"https:\/\/karmarando.com\/pt\/wp-json\/wp\/v2\/pages"}],"about":[{"href":"https:\/\/karmarando.com\/pt\/wp-json\/wp\/v2\/types\/page"}],"author":[{"embeddable":true,"href":"https:\/\/karmarando.com\/pt\/wp-json\/wp\/v2\/users\/1"}],"replies":[{"embeddable":true,"href":"https:\/\/karmarando.com\/pt\/wp-json\/wp\/v2\/comments?post=1656"}],"version-history":[{"count":0,"href":"https:\/\/karmarando.com\/pt\/wp-json\/wp\/v2\/pages\/1656\/revisions"}],"wp:attachment":[{"href":"https:\/\/karmarando.com\/pt\/wp-json\/wp\/v2\/media?parent=1656"}],"curies":[{"name":"wp","href":"https:\/\/api.w.org\/{rel}","templated":true}]}}