{"id":7155,"date":"2022-06-01T13:40:46","date_gmt":"2022-06-01T11:40:46","guid":{"rendered":"https:\/\/www.karmarando.com\/?post_type=product&#038;p=7155"},"modified":"2025-12-04T13:52:20","modified_gmt":"2025-12-04T12:52:20","slug":"mambe-ypadu-pronto-alivio-organico-100-stile-colombiano","status":"publish","type":"product","link":"https:\/\/karmarando.com\/ja\/piante-di-potere\/ambil-e-mambe\/mambe-ypadu-pronto-alivio-organico-100-stile-colombiano\/","title":{"rendered":"Mambe Ypadu\u5099Alivio100%\u6709\u6a5f\u2013\u30b3\u30ed\u30f3\u30d3\u30a2\u306e\u30b9\u30bf\u30a4\u30eb"},"content":{"rendered":"<div class=\"tabbed-content\">\n\t\t\t\n\t\t\t<ul class=\"nav nav-pills nav-uppercase nav-size-small nav-center\" role=\"tablist\"><li id=\"tab-descrizione\" class=\"tab active has-icon\" role=\"presentation\"><a href=\"#tab_descrizione\" role=\"tab\" aria-selected=\"true\" aria-controls=\"tab_descrizione\"><span>\u8aac\u660e<\/span><\/a><\/li>\n<li id=\"tab-propriet\u00e0\" class=\"tab has-icon\" role=\"presentation\"><a href=\"#tab_propriet\u00e0\" tabindex=\"-1\" role=\"tab\" aria-selected=\"false\" aria-controls=\"tab_propriet\u00e0\"><span>\u8ca1\u7523<\/span><\/a><\/li>\n<li id=\"tab-come-si-f\u00e0?\" class=\"tab has-icon\" role=\"presentation\"><a href=\"#tab_come-si-f\u00e0?\" tabindex=\"-1\" role=\"tab\" aria-selected=\"false\" aria-controls=\"tab_come-si-f\u00e0?\"><span>\u3067\u306f?<\/span><\/a><\/li>\n<li id=\"tab-disclaimer\" class=\"tab has-icon\" role=\"presentation\"><a href=\"#tab_disclaimer\" tabindex=\"-1\" role=\"tab\" aria-selected=\"false\" aria-controls=\"tab_disclaimer\"><span>\u514d\u8cac\u4e8b\u9805<\/span><\/a><\/li><\/ul><div class=\"tab-panels\"><div id=\"tab_descrizione\" class=\"panel active entry-content\" role=\"tabpanel\" aria-labelledby=\"tab-descrizione\">\n<h3><strong>Mambe Ypadu Powder Stile Colombiano<br \/>\n<\/strong><\/h3>\n<p>Lo stile Coombiano \u00e8 piu morbido e si scioglie meglio ed \u00e8 un po piu forte di quello Peruviano, molto piu forte, ha una lavorazione deversa dal peruviano che davvero si fa sentire in tutta la sua potenza.<\/p>\n<p>per pochi soldi in piu ne vale davvero la pena.<\/p>\n<p><strong>MAMB\u00c9 O YPADU&#8217; Ypadu<\/strong> \u00e8 una polvere ottenuta dalla torrefazione e tostatura lenta delle foglie fresche appena raccolte, macinate e poi mischiate alle ceneri delle foglie dell&#8217;albero di Cecropia Peltata o (Cecropiatra le altre variet\u00e0) come additivo alcalino. Mambe Ypadu<\/p>\n<p><strong>Mamb\u00e8 Pronto<\/strong> <strong>Alivio Bio Organico Naturale<\/strong> 100% con il suo caratteristico sapore affumicato, \u00e8 ricco di Alcaloidi oltre a principi attivi e\u00a0 a sali Minerali e Vitamine ma soprattutto con delle propriet\u00e0 magiche e sacre cerimoniali. <strong>Si v\u00e0 a distinguere dal t\u00e8, per il suo gusto affumicato<\/strong>. Il t\u00e8 costa anche di meno, rispetto al mambe che viene lavorato alchemicamente e piu specifico Mambe Ypadu<\/p>\n<p><strong>MAMB\u00c9 PRONTO ALIVIO <\/strong>Meraviglioso rimedio sciamanico proviene dalla selva amazzonica colombiana, dove degli sciamani lo preparano con cura e amore. Siamo felici di poter condividere con voi i benefici di questo portentoso rimedio, che porta con s\u00e9 la saggezza millenaria dei popoli che lo preparano con la stessa cura e gli stessi gesti da sempre. IL Mambe Ypadu \u00e8 uno rimedio molto popolare nella foresta amazzonica ricchissimo di vitamine e sali minerali, e le sue propriet\u00e0 analgesiche e antidolorifiche, permettono di dargli il nome di: Pronto Alivio (sollievo immediato).<\/p>\n<p>Mambe Ypadu \u00e8 anche un grande compagno dei cicli mestruali, in cui di solito le donne sentono dolore, e in molti casi seriamente insopportabile. In queste situazioni non c\u2019\u00e8 nulla di meglio che equilibrare il nostro organismo con uno rimedio completamente naturale ed efficace.Le sue propriet\u00e0 possono apportare molti benefici in altre zone del corpo, e non solo, dal momento che usandolo il corpo di conseguenza si fortifica, favorendo forza ed energia. Essendo totalmente foglia macinata, come pianta femminile connette dal ventre con la nostra parte femminile, energeticamente, mangiandolo ci apporta una fluidit\u00e0 e una concentrazione verbale.<\/p>\n<h3>Si usa quando si devono condividere esperienze o comprensioni, Stanchezza o Dolori,\u00a0 Stimola e ravviva le energie, incluso quelle corporee.<\/h3>\n<p><strong>La C***\u00a0 (ipadu C*** \u00e8 preparato nel modo seguente:<\/strong><sup id=\"cite_ref-13\" class=\"reference separada\"><\/sup><\/p>\n<ul>\n<li><strong>Tostatura :<\/strong> le foglie mature sono arrostite\/Tostate, tradizionalmente in una pentola di terracotta<\/li>\n<li><strong>Tritatura\/Pestatura<\/strong>: le foglie, Tostate vengono pestate con un Mortaio<\/li>\n<li><strong>Preparazione delle ceneri :<\/strong> Si bruciano lentamente foglie di yarumo e di Cecropia in Colombia, in Per\u00f9, questo albero \u00e8 conosciuto come cetico e in Brasile come emba\u00faba ) o gambi di quinoa .<\/li>\n<li><strong>Miscelazione :<\/strong> Le foglie vengono mischiate al 10% di cenere.<\/li>\n<li><strong>Trebbiatura oi Setacciatura :<\/strong> vengono setacciate pi\u00f9 volte fino a ottenere una polvere fine che si scioglier\u00e0 facilmente in bocca.<\/li>\n<\/ul>\n<p>Per utilizzare la C*** (ipadu, verde, polvere di C*** (ipadu \u00e8 collocato nella guancia, mescolando con la saliva e andando sciogliendosi con il\u00a0suo sapore affumicato. <sup id=\"cite_ref-16\" class=\"reference separada\"><\/sup><\/p>\n<p><strong> La foto \u00e8 rappresentativa e Il colore del mambe pu\u00f2 variare ad ogni nuova fornitura,\u00a0 ma sar\u00e0 molto evidente sempre la primissima qualit\u00e0 dello stesso. <\/strong><\/p>\n<p><strong> La finezza del mambe \u00e8 quella ottimale per mantenere la sue qualit\u00e0 organolettiche, chi desidera un prodotto pi\u00f9 fine pu\u00f2 farne specifica richiesta. <\/strong><\/p>\n<\/div>\n<div id=\"tab_propriet\u00e0\" class=\"panel entry-content\" role=\"tabpanel\" aria-labelledby=\"tab-propriet\u00e0\">\n<h3><strong>LE SUE PROPRIET\u00c0:<\/strong><\/h3>\n<ul>\n<li>Rimedio e Sollievo da dolori alle articolazioni e\/o ai muscoli.<\/li>\n<li>Maggiore resistenza in modo visibile<\/li>\n<li>Corregge problemi di malnutrizione e\/o assimilazione e carenze<\/li>\n<li>Fortifica e rigenera ossa e altre parti ossee del corpo in tempi relativamente brevi.<\/li>\n<li>Pulisce il canale urinario<\/li>\n<li>Migliora la morale e la voglia di vivere<\/li>\n<li>Migliora la digestione in generale.<\/li>\n<li>Regola i trigliceridi e il colesterolo.<\/li>\n<li>Dona tanta carica ed Energia<\/li>\n<\/ul>\n<\/div>\n<div id=\"tab_come-si-f\u00e0?\" class=\"panel entry-content\" role=\"tabpanel\" aria-labelledby=\"tab-come-si-f\u00e0?\">\n<h3><strong>COME E CON QUALI QUANTITA&#8217; SI CONSUMA:<\/strong><\/h3>\n<p>Il <strong>Mambe<\/strong> si consuma\u00a0 versando uno o due cucchiai nella gengiva sinistra\u00a0 (guarda il video) inclinando la testa indietro e prendendo la mandibola per tenerla aperta e mantenendolo fermo li con la saliva si forma una pallina iniziando un processo di salivazione per ottenere una pasta gommosa che lo render\u00e0 adatto a rilasciare facilmente le sostanze le propriet\u00e0 benefiche contenute nel mambe;\u00e8 molto polveroso quindi messo nella gengiva bisogna chiudere la bocca tenendo la gengiva delicatamente, e impregnare di saliva il bolo.. e Tenrlo di lato fino che si sentir\u00e0 il suo caratteristico Effetto ( a volte bastano 5 min a volte il rilascio \u00e8 piu lento e occorrono 10 min) continuare fino che la pallina creata sara possibile masticarla, con molto rispetto.Si consiglia (anche se non\u00a0 \u00e8 obbligatorio) assumerlo con Ambil che trovate nel negozio. IL suo consumo \u00e8 particolarmente sociale perch\u00e9 si dice che <strong>Mambe<\/strong> significhi la parola della vita, <strong>Ambil<\/strong> il pensiero, dove sorge il potere della parola.Con <strong>Ambil<\/strong> nei denti davanti internamente e il <strong>Mambe<\/strong> nella gengiva sinistra \u00e8 tutto potenziato oltre che l&#8217;ambil sar\u00e0 piu facile deglutirla.<\/p>\n<h3><strong>Caratteristiche:<\/strong><\/h3>\n<p>Fornisce propriet\u00e0 nutritive come potassio, ferro, calcio, fosforo, proteine, vitamine A, B1, B2, C ed E, \u00e8 povero di grassi, ha livelli di calcio pi\u00f9 elevati del latte vaccino e la stessa proporzione di fosforo del pesce,\u00a0 ma anche cos\u00ec non \u00e8 considerato un integratore alimentare, si consiglia di consumarlo dopo aver mangiato qualche tipo di alimento per funzionare come un sistema digestivo. Inibisce la sonnolenza, la fame, dona lucidit\u00e0 mentale, migliora l&#8217;attivit\u00e0 sensoriale e neuronale, la concentrazione e la comunicazione, aumenta l&#8217;ossigenazione cellulare, ha funzioni metaboliche per accelerare la trasmissione dei componenti alimentari nel sangue, regola il\u00a0 pressione sanguigna, rinforza il sistema nervoso e muscolare, elimina stanchezza e affaticamento, protegge le cellule dall&#8217;invecchiamento, fornisce una maggiore tolleranza al freddo, \u00e8 teRap\u00e9utico ed energetico.<\/p>\n<p>Non genera dipendenza. \u00c9 uno stimolante benevolo, il suo effetto difficilmente produce insonnia e tachicardia associate al consumo di caff\u00e8 o effetti tossici associate alla ina. Gli indigeni amazzonici lo usano per il lavoro fisico, la comunicazione, le attivit\u00e0 cerimoniali, curative e religiose.\u00a0 Per le donne indigene, \u00e8 importante tenere conto del contesto in cui la\u00a0 C*** viene consumata perch\u00e9 \u00e8 sacra e le foglie per farla sono sacre e benefiche.\u00a0 Il suo consumo \u00e8 associato a stili di vita e una filosofia profonda.\u00a0 In altre parole, \u00e8 una pratica culturale che si esercita con totale libert\u00e0 e autonomia.<\/p>\n<h3><strong>Ogni 100gr di Mambe sono contenuti:<\/strong><\/h3>\n<ul>\n<li>Beta carotene 9,40 mg<\/li>\n<li>Azoto totale 20,06 mg<\/li>\n<li>Grassi Buoni 3,68 mg<\/li>\n<li>Carboidrati 47,50 mg<\/li>\n<li>Alfa-carotene 2,76 mg<\/li>\n<li>Vitamina C 6,47 mg<\/li>\n<li>Vitamina E 40,17 mg<\/li>\n<li>Tiamina (vitamina B1) 0,73 mg<\/li>\n<li>Riboflavina (vitamina B2) 0,88 mg<\/li>\n<li>Niacina (fattore p.p) 8,37 mg<\/li>\n<li>Calcio 997,62 mg<\/li>\n<li>Fosfato 412,67 mg<\/li>\n<li>Potassio 1.739,33 mg<\/li>\n<li>Magnesio 299,30 mg<\/li>\n<li>Sodio 39,41 mg<\/li>\n<li>Alluminio 17,39 mg<\/li>\n<li>Bario 6,18 mg<\/li>\n<li>Ferro 136,64 mg<\/li>\n<li>Stronzio 12,02 mg<\/li>\n<li>Boro 6,75 mg<\/li>\n<li>Rame 1,22 mg<\/li>\n<li>Zinco 2,21 mg<\/li>\n<li>Manganese 9,15 mg<\/li>\n<li>Cromo 0,12 mg<\/li>\n<\/ul>\n<\/div>\n<div id=\"tab_disclaimer\" class=\"panel entry-content\" role=\"tabpanel\" aria-labelledby=\"tab-disclaimer\">\n<p><strong><span style=\"color: #d83131;\">\u5199\u771f\u306e\u8aac\u660e\u306f\u7d14\u7c8b\u306b\u793a<\/span><\/strong><\/p>\n<p><strong><span style=\"color: #d83131;\">\u88fd\u54c1\u306e\u4fdd\u8a3c\u304b\u3089KARMARANDO<\/span><\/strong><br \/>\n<strong><span style=\"color: #d83131;\">\u306e\u88fd\u54c1\u3001\u690d\u7269\u3001\u9999\u6599\u3001\u7c89\u672b\u73fe\u3067\u304d\u306a\u3044\u53ef\u3092\u8fd4\u3057\u307e\u3059\u3068\u8fd4\u91d1<\/span><\/strong><\/p>\n<p>\u306e <strong>\u3055\u308c\u3066\u3044\u308b<\/strong> \u306e\u30ab\u30c6\u30b4\u30ea\u3068\u30bf\u30b0\u3092\u3057\u3066\u3044\u308b\u3053\u3068\u3092\u304a\u52e7\u3081\u306e\u533b\u85ac\u7528\u9014\u30fc\u30b7\u30e7\u30f3\u54c1\u306f\u3001\u30bd\u30fc\u30c8\u306b\u57fa\u3065\u304f\u5229\u7528\u306e\u6b74\u53f2\u7684\u3001\u79d1\u5b66\u7684\u3001\u793e\u4f1a\u306e<\/p>\n<p><strong>\u306e\u30ec\u30b7\u30d4\u63d0\u4f9b\u8005\u3068\u3057\u3066\u79d1\u5b66\u7684<\/strong>\u3044\u3064\u3081\u306e\u304a\u5ba2\u69d8\u306b\u7e70\u308a\u8fd4\u3057\u3066\u3082\u3001\u6d88\u8cbb\u306e\u88fd\u54c1\u3067\u3059\u3002<\/p>\n<p><strong>\u5f53\u793e\u306e\u30b3\u30f3\u30c6\u30f3\u30c4<\/strong> \u3055\u308c\u3066\u3044\u306a\u3044\u306eFDA\u306f\u3001\u56f3\u306e\u533b\u7642\u5c02\u9580\u8077\u306e\u3067\u6709\u7528\u53ef\u80fd\u306a\u30a2\u30d7\u30ea\u30b1\u30fc\u30b7\u30e7\u30f3\u306e\u6307\u793a\u85ac\u3068\u8b66\u544a\u3055\u308c\u3066\u3044\u308b\u3053\u3068\u3092\u793a\u3057\u305f\u6559\u80b2\u3092\u76ee\u7684\u601d\u60d1\u3084\u500b\u4eba\u3001\u306b\u8a72\u5f53\u3057\u306a\u3044\u533b\u7642\u3002<\/p>\n<p><strong>\u88fd\u54c1\u306e\u8ca9\u58f2<\/strong> \u3068\u3057\u3066\u9999\u3001\u77f3\u9e78\u3001\u6a39\u8102\u3001\u690d\u7269\u30b3\u30ec\u30af\u30b7\u30e7\u30f3\u3001\u7269\u8cea\u79d1\u5b66\u7684\u7814\u7a76\u3067\u3059\u3002<\/p>\n<p><span style=\"color: #ed1c24; font-size: 115%;\"><strong>\u5f7c\u3089\u306f\u5229\u7528\u3057\u306a\u3044\u3067\u304f\u3060\u3055\u3044\u307e\u3057\u305f\u3002<br \/>\n\u3067\u304d\u308b\u5546\u54c1\u306e\u8cfc\u5165\u304c\u5fc5\u898118\u6b73\u4ee5\u4e0a\u3067\u306a\u3051\u308c\u3070\u306a\u308a\u306e\u6642\u4ee3\u306b\u306f\u9069\u3057\u3066\u3044\u307e\u305b\u3093\u304c\u5973\u6027\u306e\u598a\u5a20\u4e2d\u3084\u6388\u4e73\u671f\u306b\u306f\u5973\u6027\u3067\u3059\u3002<\/strong><\/span><\/p>\n<p>\u5f97\u60c5\u5831 <strong>KARMARANDO<\/strong> \u8a2a\u554f <a href=\"https:\/\/www.instagram.com\/karmarando1\/\" target=\"_blank\" rel=\"noopener\"><br \/>\n<span style=\"color: #0000ff;\"><strong>\u3053\u306e\u30da\u30fc\u30b8<\/strong><\/span><\/a> \u307e\u305f\u306f\u3092\u304a\u8aad\u307f\u306e\u6700\u65b0\u306e\u30cb\u30e5\u30fc\u30b9 <a href=\"https:\/\/karmarando.com\/ja\/blog\/\" target=\"_blank\" rel=\"nofollow noopener\"><strong><span style=\"color: #0000ff;\">\u30d6\u30ed\u30b0<\/span><\/strong><\/a><\/p>\n<\/div><\/div><\/div>","protected":false},"excerpt":{"rendered":"<p>Mambe Ypadu\u5099Alivio100%\u6709\u6a5f\u2013\u30b3\u30ed\u30f3\u30d3\u30a2\u306e\u30b9\u30bf\u30a4\u30eb<\/p>","protected":false},"featured_media":4926,"comment_status":"open","ping_status":"closed","template":"","meta":[],"product_brand":[468],"product_cat":[193,185],"product_tag":[473,2399],"class_list":{"0":"post-7155","1":"product","2":"type-product","3":"status-publish","4":"has-post-thumbnail","6":"product_brand-karmarando","7":"product_cat-ambil-e-mambe","8":"product_cat-rapee-e-co","9":"product_tag-mambe","10":"product_tag-mambe-ypadu","11":"pa_brand-karmarando","12":"pa_ean-1303","13":"pa_ingredienti-mambe","14":"pa_paese-di-fabbricazione-colombia","15":"pa_unita-di-misura-100-g","16":"pa_unita-di-misura-1000-g","17":"pa_unita-di-misura-150-g","18":"pa_unita-di-misura-300-g","19":"pa_unita-di-misura-50-g","20":"pa_unita-di-misura-600-g","22":"first","23":"outofstock","24":"sale","25":"featured","26":"shipping-taxable","27":"purchasable","28":"product-type-variable"},"_links":{"self":[{"href":"https:\/\/karmarando.com\/ja\/wp-json\/wp\/v2\/product\/7155","targetHints":{"allow":["GET"]}}],"collection":[{"href":"https:\/\/karmarando.com\/ja\/wp-json\/wp\/v2\/product"}],"about":[{"href":"https:\/\/karmarando.com\/ja\/wp-json\/wp\/v2\/types\/product"}],"replies":[{"embeddable":true,"href":"https:\/\/karmarando.com\/ja\/wp-json\/wp\/v2\/comments?post=7155"}],"wp:featuredmedia":[{"embeddable":true,"href":"https:\/\/karmarando.com\/ja\/wp-json\/wp\/v2\/media\/4926"}],"wp:attachment":[{"href":"https:\/\/karmarando.com\/ja\/wp-json\/wp\/v2\/media?parent=7155"}],"wp:term":[{"taxonomy":"product_brand","embeddable":true,"href":"https:\/\/karmarando.com\/ja\/wp-json\/wp\/v2\/product_brand?post=7155"},{"taxonomy":"product_cat","embeddable":true,"href":"https:\/\/karmarando.com\/ja\/wp-json\/wp\/v2\/product_cat?post=7155"},{"taxonomy":"product_tag","embeddable":true,"href":"https:\/\/karmarando.com\/ja\/wp-json\/wp\/v2\/product_tag?post=7155"}],"curies":[{"name":"wp","href":"https:\/\/api.w.org\/{rel}","templated":true}]}}