{"id":4541,"date":"2022-02-01T00:12:14","date_gmt":"2022-01-31T23:12:14","guid":{"rendered":"https:\/\/www.karmarando.com\/?post_type=product&#038;p=4541"},"modified":"2025-12-04T20:56:20","modified_gmt":"2025-12-04T19:56:20","slug":"radice-doro-di-rodiola-rhodiola-rosea-siberiana-essiccata","status":"publish","type":"product","link":"https:\/\/karmarando.com\/ja\/piante-di-potere\/etnobotaniche\/nootropi\/radice-doro-di-rodiola-rhodiola-rosea-siberiana-essiccata\/","title":{"rendered":"\u6839\u91d1Rodiola\u6176\u30b7\u30d9\u30ea\u30a2\u306e\u4e7e\u71e5\u2013\u5168\u4f53\u306e\u30eb\u30fc\u30c8"},"content":{"rendered":"<div class=\"tabbed-content\">\n\t\t\t\n\t\t\t<ul class=\"nav nav-pills nav-uppercase nav-size-small nav-center\" role=\"tablist\"><li id=\"tab-descrizione\" class=\"tab active has-icon\" role=\"presentation\"><a href=\"#tab_descrizione\" role=\"tab\" aria-selected=\"true\" aria-controls=\"tab_descrizione\"><span>\u8aac\u660e<\/span><\/a><\/li>\n<li id=\"tab-propriet\u00e0\" class=\"tab has-icon\" role=\"presentation\"><a href=\"#tab_propriet\u00e0\" tabindex=\"-1\" role=\"tab\" aria-selected=\"false\" aria-controls=\"tab_propriet\u00e0\"><span>\u8ca1\u7523<\/span><\/a><\/li>\n<li id=\"tab-come-si-f\u00e0?\" class=\"tab has-icon\" role=\"presentation\"><a href=\"#tab_come-si-f\u00e0?\" tabindex=\"-1\" role=\"tab\" aria-selected=\"false\" aria-controls=\"tab_come-si-f\u00e0?\"><span>\u3067\u306f?<\/span><\/a><\/li>\n<li id=\"tab-disclaimer\" class=\"tab has-icon\" role=\"presentation\"><a href=\"#tab_disclaimer\" tabindex=\"-1\" role=\"tab\" aria-selected=\"false\" aria-controls=\"tab_disclaimer\"><span>\u514d\u8cac\u4e8b\u9805<\/span><\/a><\/li><\/ul><div class=\"tab-panels\"><div id=\"tab_descrizione\" class=\"panel active entry-content\" role=\"tabpanel\" aria-labelledby=\"tab-descrizione\">\n<h3><strong>Radice di Rodiola Rhodiola Rosea Radice Siberiana<\/strong><\/h3>\n<p>La Rhodiola rosea (conosciuta anche come radice d&#8217;oro, radice rosa) (Rhod\u00edola r\u00f3sea) \u00e8 un&#8217;erba perenne; specie del genere Rhodiola della famiglia delle Crassulaceae. La pianta ha ricevuto il nome di &#8220;radice d&#8217;oro&#8221; dal rizoma, che ha il colore del bronzo o della doratura antica con una lucentezza madreperlacea.<\/p>\n<p>Non a caso ha sentori e aromi di Rosa molto intensi, non a caso veniva usata anticamente anche epr pozioni magche di ogni genere, come del resto con la rosa si fanno colonie e agua florida etc..<\/p>\n<p>Un estratto alcolico di rodiola \u00e8 utilizzato nella medicina scientifica russa come stimolante del sistema nervoso centrale, in condizioni asteniche e nevrasteniche, aumento della fatica, diminuzione delle prestazioni, distonia vegetativa-vascolare, in psichiatria, nelle malattie funzionali del sistema nervoso, nel periodo di riabilitazione dopo malattie somatiche e infettive, nonch\u00e9 in persone praticamente sane con prestazioni ridotte.<\/p>\n<\/div>\n<div id=\"tab_propriet\u00e0\" class=\"panel entry-content\" role=\"tabpanel\" aria-labelledby=\"tab-propriet\u00e0\">\n<h3><strong><\/p>\n<p>Propriet\u00e0 della Radice Rhodiola Rosea:<\/span><\/strong><\/h3>\n<p>Ha una propriet\u00e0 stimolante pronunciata, aumenta l&#8217;efficienza, migliora la memoria e l&#8217;attenzione, normalizza i processi metabolici, migliora il metabolismo energetico nei muscoli e nel cervello. Dopo averlo preso, l&#8217;irritabilit\u00e0 aumentata, il disagio nella regione del cuore scompaiono, il sonno migliora, l&#8217;udito diventa pi\u00f9 acuto.<\/p>\n<p>La rodiola \u00e8 una pianta medicinale con una storia ricca e affascinante; la medicina che da essa si ricava \u00e8 infatti conosciuta da tempi immemori come utile ausilio per rinvigorire la mente e il corpo.<br \/>\nLa parte utilizzata, oggi come allora, \u00e8 la radice, che si presta soprattutto al trattamento dello stress mentale e dell&#8217;affaticamento fisico generalizzato<\/p>\n<p>Studi su organi, tessuti, cellule ed enzimi riportano che l&#8217;estratto di questa pianta ha effetti Benefici, in particolare Neuroprotettivi, Cardioprotettivi, Energizzanti, Antidepressivi, Ansiolitici e Nootropici.<\/p>\n<p>Aiuta il nostro organismo ad affrontare gli stress a cui \u00e8 sottoposto, trasferendogli le sue capacit\u00e0 adattive.<\/p>\n<p><b>Rodiola<\/b> Rosea ha un&#8217;azione immediata sull&#8217;umore. La sensazione di benessere e distensione mentale si avverte generalmente entro 10-15 minuti dall&#8217;assunzione, e dura molte ore.<\/p>\n<li>\n<h4>Per effetto anche dimagrante si arriver\u00e0 a 30 gocce, o decotto come scrito soto,\u00a0 per un effetto equilibrato tonico e adattogeno e curativo andranno bene anche 15\/20 gocce al giorno per un\u00a0 massimo di 3 mesi di ciclo da interrompere per alcuni mesi e se necessario ripetere<\/h4>\n<h4>Come immunostimolante e adattogeno, la <b>rodiola<\/b> si assume in associazione con altre erbe vegetali come l&#8217;echinacea,  zafferano, borragine, valeriana, passiflora e ginkgo. <\/h4>\n<h4>per un effetto equilibrato tonico e adattogeno e curativo andranno bene anche 15\/20 gocce al giorno per un\u00a0 massimo di 3 mesi di ciclo da interrompere per alcuni mesi e se necessario ripetere<\/h4>\n<\/li>\n<h3><strong>Gli effetti va precisato che inizieranno dopo una settimana di uso giornaliero.<\/strong><\/h3>\n<p><strong>In Particolare La Radiola possiede azioni come quella:<\/strong><\/p>\n<p><strong>epatica<\/strong><br \/>\n<strong>Adattogena<\/strong><br \/>\n<strong>Neuroprotettiva<\/strong><br \/>\n<strong>muscolare,<\/strong><br \/>\n<strong>cardiaca,<\/strong><br \/>\n<strong>intellettiva;<\/strong><br \/>\n<strong>favorire il recupero dall&#8217;esaurimento mentale<\/strong><br \/>\n<strong>Lieve effetto antidepressivo<\/strong><br \/>\n<strong>Antiossidante<\/strong><br \/>\n<strong>immunostimolante<\/strong><br \/>\n<strong>Stress ed affaticamento fisico<\/strong><br \/>\n<strong>Dimagrante<\/strong><br \/>\n<strong>Tonico e Nootropico<\/strong><br \/>\n<strong>Ottimizzare le funzioni: epatica, muscolarecardiaca, intellettiva;<\/strong><br \/>\n<strong>Ridurre i sintomi della fatica e favorire il recupero dall&#8217;esaurimento fisico muscolare;<\/strong><br \/>\n<strong>Contrastare i blandi sintomi depressivi associati alla debolezza e all&#8217;estenia<\/strong><br \/>\n<strong>Promuovere l&#8217;attivit\u00e0 cognitiva;<\/strong><br \/>\n<strong>Migliorare le difese antiossidanti;<\/strong><br \/>\n<strong>Riduce la sensazione di fame nervosa<\/strong><\/p>\n<\/div>\n<div id=\"tab_come-si-f\u00e0?\" class=\"panel entry-content\" role=\"tabpanel\" aria-labelledby=\"tab-come-si-f\u00e0?\">\n<h1 class=\"western\"><strong><\/p>\n<p>Applicazioni della Radice della Rhodiola Rosea:<\/span><\/strong><\/h3>\n<h3><strong>Decotto:\u00a0\u00a0\u00a0\u00a0<\/strong><\/h3>\n<h4>3-6 grammi (Fare un t\u00e8 lasciando in infusione per un Ora)<\/h4>\n<h3><strong>Tintura:\u00a0 <\/strong><\/h3>\n<h4><strong>P<\/strong>reparare la tintura madre (50grammi polverizzati richiedono 70ml di alcol 96 gradi e 30ml di acqua ) da tenere chiusi per bene in un vasetto riempito parzialmente per un 80% (lasciando un 20% libero per una possibile pressione) e agitato ogni 2 giorni per 21 o 40 giorni, la differenza ovviamente \u00e8 che 40 giorni otterranno un prodotto pi\u00f9 concentrato<\/h4>\n<h4>a prodotto maturato saranno sufficienti da 6 a 30 gocce dipende da ci\u00f2 che si vuole raggiungere, si consiglia di aumentare piano piano e ogni 3 giorni e arrivati a una settimana si inizieranno a vedere i risultati<\/h4>\n<h4>( In alternativa sappi che lo puoi trovare gi\u00e0 pronto da noi ) basta chiedere contattandoci su whatsapp<\/h4>\n<h4><\/h4>\n<h3><strong>Vaporizzato:<\/strong><\/h3>\n<p>Trinciato fine 2 grammi<\/p>\n<h3><strong>Principi Attivi:<\/strong><\/h3>\n<h4>Alto contenuto di colofonia!!!<\/h4>\n<h4>I composti attivi identificati nella radice di rodiola sono numerosi (circa 140) e includono:<\/h4>\n<h4>Rosavina, Rosarina, Rosina e Ralidroside, salidroside<\/h4>\n<h4>Glicosidi fenolici specie-specifici<br \/>\nAcidi organici (gallico, caffeico e clorogenico)<br \/>\nFlavonoidi<br \/>\nCatechine<br \/>\nProantocianidine<br \/>\nAltri tannini e moltissimi Polifeoli<\/h4>\n<h3><strong>QUANDO EVITARE<\/strong><\/h3>\n<h3>Quando non dev&#8217;essere usata la rodiola?<\/h3>\n<p>L&#8217;utilizzo di rodiola deve essere fatto nelle dosi consigliate sopra con particolare attenzione nelle persone che soffrono spontaneamente di ansia, disturbi o sonno delicato,delicato, irascibilit\u00e0 e nervosismo.<br \/>\nL&#8217;assunzione di rodiola \u00e8 sconsigliata nei soggetti colpiti da ipertensione arteriosa\u00a0 e scompensi cardiaci vari.<\/p>\n<p>La rodiola pu\u00f2 interferire con l&#8217;azione teRap\u00e9utica di: antidepressivi, ansiolitici, barbiturici, diuretici ecc. anche se sono da evitare a priori.<\/p>\n<\/div>\n<div id=\"tab_disclaimer\" class=\"panel entry-content\" role=\"tabpanel\" aria-labelledby=\"tab-disclaimer\">\n<p><strong><span style=\"color: #d83131;\">\u5199\u771f\u306e\u8aac\u660e\u306f\u7d14\u7c8b\u306b\u793a<\/span><\/strong><\/p>\n<p><strong><span style=\"color: #d83131;\">\u88fd\u54c1\u306e\u4fdd\u8a3c\u304b\u3089KARMARANDO<\/span><\/strong><br \/>\n<strong><span style=\"color: #d83131;\">\u306e\u88fd\u54c1\u3001\u690d\u7269\u3001\u9999\u6599\u3001\u7c89\u672b\u73fe\u3067\u304d\u306a\u3044\u53ef\u3092\u8fd4\u3057\u307e\u3059\u3068\u8fd4\u91d1<\/span><\/strong><\/p>\n<p>\u306e <strong>\u3055\u308c\u3066\u3044\u308b<\/strong> \u306e\u30ab\u30c6\u30b4\u30ea\u3068\u30bf\u30b0\u3092\u3057\u3066\u3044\u308b\u3053\u3068\u3092\u304a\u52e7\u3081\u306e\u533b\u85ac\u7528\u9014\u30fc\u30b7\u30e7\u30f3\u54c1\u306f\u3001\u30bd\u30fc\u30c8\u306b\u57fa\u3065\u304f\u5229\u7528\u306e\u6b74\u53f2\u7684\u3001\u79d1\u5b66\u7684\u3001\u793e\u4f1a\u306e<\/p>\n<p><strong>\u306e\u30ec\u30b7\u30d4\u63d0\u4f9b\u8005\u3068\u3057\u3066\u79d1\u5b66\u7684<\/strong>\u3044\u3064\u3081\u306e\u304a\u5ba2\u69d8\u306b\u7e70\u308a\u8fd4\u3057\u3066\u3082\u3001\u6d88\u8cbb\u306e\u88fd\u54c1\u3067\u3059\u3002<\/p>\n<p><strong>\u5f53\u793e\u306e\u30b3\u30f3\u30c6\u30f3\u30c4<\/strong> \u3055\u308c\u3066\u3044\u306a\u3044\u306eFDA\u306f\u3001\u56f3\u306e\u533b\u7642\u5c02\u9580\u8077\u306e\u3067\u6709\u7528\u53ef\u80fd\u306a\u30a2\u30d7\u30ea\u30b1\u30fc\u30b7\u30e7\u30f3\u306e\u6307\u793a\u85ac\u3068\u8b66\u544a\u3055\u308c\u3066\u3044\u308b\u3053\u3068\u3092\u793a\u3057\u305f\u6559\u80b2\u3092\u76ee\u7684\u601d\u60d1\u3084\u500b\u4eba\u3001\u306b\u8a72\u5f53\u3057\u306a\u3044\u533b\u7642\u3002<\/p>\n<p><strong>\u88fd\u54c1\u306e\u8ca9\u58f2<\/strong> \u3068\u3057\u3066\u9999\u3001\u77f3\u9e78\u3001\u6a39\u8102\u3001\u690d\u7269\u30b3\u30ec\u30af\u30b7\u30e7\u30f3\u3001\u7269\u8cea\u79d1\u5b66\u7684\u7814\u7a76\u3067\u3059\u3002<\/p>\n<p><span style=\"color: #ed1c24; font-size: 115%;\"><strong>\u5f7c\u3089\u306f\u5229\u7528\u3057\u306a\u3044\u3067\u304f\u3060\u3055\u3044\u307e\u3057\u305f\u3002<br \/>\n\u3067\u304d\u308b\u5546\u54c1\u306e\u8cfc\u5165\u304c\u5fc5\u898118\u6b73\u4ee5\u4e0a\u3067\u306a\u3051\u308c\u3070\u306a\u308a\u306e\u6642\u4ee3\u306b\u306f\u9069\u3057\u3066\u3044\u307e\u305b\u3093\u304c\u5973\u6027\u306e\u598a\u5a20\u4e2d\u3084\u6388\u4e73\u671f\u306b\u306f\u5973\u6027\u3067\u3059\u3002<\/strong><\/span><\/p>\n<p>\u5f97\u60c5\u5831 <strong>KARMARANDO<\/strong> \u8a2a\u554f <a href=\"https:\/\/www.instagram.com\/karmarando1\/\" target=\"_blank\" rel=\"noopener\"><br \/>\n<span style=\"color: #0000ff;\"><strong>\u3053\u306e\u30da\u30fc\u30b8<\/strong><\/span><\/a> \u307e\u305f\u306f\u3092\u304a\u8aad\u307f\u306e\u6700\u65b0\u306e\u30cb\u30e5\u30fc\u30b9 <a href=\"https:\/\/karmarando.com\/ja\/blog\/\" target=\"_blank\" rel=\"nofollow noopener\"><strong><span style=\"color: #0000ff;\">\u30d6\u30ed\u30b0<\/span><\/strong><\/a><\/p>\n<\/div><\/div><\/div>","protected":false},"excerpt":{"rendered":"<p>\u6839\u91d1Rodiola\u6176\u30b7\u30d9\u30ea\u30a2\u306e\u4e7e\u71e5\u2013\u5168\u4f53\u306e\u30eb\u30fc\u30c8<\/p>","protected":false},"featured_media":6056,"comment_status":"open","ping_status":"closed","template":"","meta":[],"product_brand":[468],"product_cat":[200,212,199],"product_tag":[2529,936],"class_list":{"0":"post-4541","1":"product","2":"type-product","3":"status-publish","4":"has-post-thumbnail","6":"product_brand-karmarando","7":"product_cat-etnobotaniche","8":"product_cat-nootropi","9":"product_cat-piante-di-potere","10":"product_tag-radice","11":"product_tag-rodiola","12":"pa_brand-karmarando","13":"pa_ean-1234","14":"pa_formato-radice-intera","15":"pa_ingredienti-radice-di-rodiola","16":"pa_paese-di-fabbricazione-russia","17":"pa_paese-di-fabbricazione-siberia","18":"pa_unita-di-misura-10-g","19":"pa_unita-di-misura-100-g","20":"pa_unita-di-misura-1000-g","21":"pa_unita-di-misura-25-g","22":"pa_unita-di-misura-250-g","23":"pa_unita-di-misura-50-g","24":"pa_unita-di-misura-500-g","26":"first","27":"instock","28":"shipping-taxable","29":"purchasable","30":"product-type-variable"},"_links":{"self":[{"href":"https:\/\/karmarando.com\/ja\/wp-json\/wp\/v2\/product\/4541","targetHints":{"allow":["GET"]}}],"collection":[{"href":"https:\/\/karmarando.com\/ja\/wp-json\/wp\/v2\/product"}],"about":[{"href":"https:\/\/karmarando.com\/ja\/wp-json\/wp\/v2\/types\/product"}],"replies":[{"embeddable":true,"href":"https:\/\/karmarando.com\/ja\/wp-json\/wp\/v2\/comments?post=4541"}],"wp:featuredmedia":[{"embeddable":true,"href":"https:\/\/karmarando.com\/ja\/wp-json\/wp\/v2\/media\/6056"}],"wp:attachment":[{"href":"https:\/\/karmarando.com\/ja\/wp-json\/wp\/v2\/media?parent=4541"}],"wp:term":[{"taxonomy":"product_brand","embeddable":true,"href":"https:\/\/karmarando.com\/ja\/wp-json\/wp\/v2\/product_brand?post=4541"},{"taxonomy":"product_cat","embeddable":true,"href":"https:\/\/karmarando.com\/ja\/wp-json\/wp\/v2\/product_cat?post=4541"},{"taxonomy":"product_tag","embeddable":true,"href":"https:\/\/karmarando.com\/ja\/wp-json\/wp\/v2\/product_tag?post=4541"}],"curies":[{"name":"wp","href":"https:\/\/api.w.org\/{rel}","templated":true}]}}