{"id":4296,"date":"2022-01-18T07:46:15","date_gmt":"2022-01-18T06:46:15","guid":{"rendered":"https:\/\/www.karmarando.com\/?post_type=product&#038;p=4296"},"modified":"2026-03-30T17:52:56","modified_gmt":"2026-03-30T15:52:56","slug":"mapacho-n-rustica-azteco","status":"publish","type":"product","link":"https:\/\/karmarando.com\/ja\/rapee-e-co\/mapacho-e-ceneri\/nicotiana-rustica\/mapacho-n-rustica-azteco\/","title":{"rendered":"Mapacho\u2013N.\u30d4\u30bf\u30e4"},"content":{"rendered":"<div class=\"tabbed-content\">\n\t\t\t\n\t\t\t<ul class=\"nav nav-pills nav-uppercase nav-size-small nav-center\" role=\"tablist\"><li id=\"tab-descrizione\" class=\"tab active has-icon\" role=\"presentation\"><a href=\"#tab_descrizione\" role=\"tab\" aria-selected=\"true\" aria-controls=\"tab_descrizione\"><span>\u8aac\u660e<\/span><\/a><\/li>\n<li id=\"tab-propriet\u00e0\" class=\"tab has-icon\" role=\"presentation\"><a href=\"#tab_propriet\u00e0\" tabindex=\"-1\" role=\"tab\" aria-selected=\"false\" aria-controls=\"tab_propriet\u00e0\"><span>\u8ca1\u7523<\/span><\/a><\/li>\n<li id=\"tab-come-si-f\u00e0?\" class=\"tab has-icon\" role=\"presentation\"><a href=\"#tab_come-si-f\u00e0?\" tabindex=\"-1\" role=\"tab\" aria-selected=\"false\" aria-controls=\"tab_come-si-f\u00e0?\"><span>\u3067\u306f?<\/span><\/a><\/li>\n<li id=\"tab-disclaimer\" class=\"tab has-icon\" role=\"presentation\"><a href=\"#tab_disclaimer\" tabindex=\"-1\" role=\"tab\" aria-selected=\"false\" aria-controls=\"tab_disclaimer\"><span>\u514d\u8cac\u4e8b\u9805<\/span><\/a><\/li><\/ul><div class=\"tab-panels\"><div id=\"tab_descrizione\" class=\"panel active entry-content\" role=\"tabpanel\" aria-labelledby=\"tab-descrizione\">\n<h3><strong>Mapacho &#8211; Nicotiana Rustica<\/strong><\/h3>\n<p><strong>Mapacho<\/strong> &#8220;Mausino&#8221;, un ceppo Mapacho molto ricercato della migliore qualit\u00e0 e potenza. Oltre 9 volte pi\u00f9 forte di quello tradizionale.<\/p>\n<p>Il <strong>Mapacho<\/strong>, tipico della foresta amazzonica dove viene ritenuto una pianta sacra ed impiegato a a scopo medicinale per la sua azione emetica.<\/p>\n<p>Usato spesso nelle cerimonie di all\u2019ayahuasca per purificare la persona o combattere la pressione bassa, favorire l\u2019assorbimento degli altri ingredienti (\u00e8 un vasodilatatore) e contribuire all\u2019inibizione dell\u2019enzima MAO.<\/p>\n<p>Oltre che ancora piu spesso viene usato per la sua caratteristicva emeticxa e quindi epr aiutare a vomitare l&#8217;ayahuasca, non crea dipendenza e soddisfa pienamente, anche con solo 2 al giorno, \u00e8 ottimo come purificante rilassante e intuizionale.<\/p>\n<\/div>\n<div id=\"tab_propriet\u00e0\" class=\"panel entry-content\" role=\"tabpanel\" aria-labelledby=\"tab-propriet\u00e0\">\n<p>La N. Rustica, comunemente nota come TxxxxXo azteco o TxxxxXo forte, \u00e8 una pianta della foresta pluviale della famiglia delle Solanacee.<\/p>\n<p>\u00c8 una variet\u00e0 di TxxxxXo molto potente, contenente fino a nove volte pi\u00f9 xxxxx rispetto alle specie comuni di TxxxxXo comune.<\/p>\n<p>Pi\u00f9 specificamente, le foglie di Nicotiana rustica hanno un contenuto di TxxxxXo fino al 9%, mentre le foglie di TxxxxXo comune ne contengono circa dall&#8217;1 al 3%.<\/p>\n<p>L&#8217;elevata concentrazione di Nicotiana nelle sue foglie lo rende utile per la produzione di pesticidi e ha un&#8217;ampia variet\u00e0 di usi specifici per le culture di tutto il mondo.<\/p>\n<\/div>\n<div id=\"tab_come-si-f\u00e0?\" class=\"panel entry-content\" role=\"tabpanel\" aria-labelledby=\"tab-come-si-f\u00e0?\">\n<h3>MEDICINA SACRA naturale e potente, senza sostanze chimiche.<\/h3>\n<p>\u00c8 molto diverso dalle sigarette, il luogo di origine, come ben sappiamo, proviene dall&#8217;intero continente americano.<\/p>\n<p>Quando viene fumato, lo usiamo come un modo per liberare energia; di uno spazio e di una persona.<\/p>\n<p>Sappiamo anche che il Mapacho aiuta invocare il potere di altre piante medicinali.<\/p>\n<p>I nativi parlano di altri &#8220;spiriti&#8221; di piante simpatizzanti con lo spirito del Mapacho. N. Rustica Azteco Sacro.<\/p>\n<\/div>\n<div id=\"tab_disclaimer\" class=\"panel entry-content\" role=\"tabpanel\" aria-labelledby=\"tab-disclaimer\">\n<p><strong><span style=\"color: #d83131;\">\u5199\u771f\u306e\u8aac\u660e\u306f\u7d14\u7c8b\u306b\u793a<\/span><\/strong><\/p>\n<p><strong><span style=\"color: #d83131;\">\u88fd\u54c1\u306e\u4fdd\u8a3c\u304b\u3089KARMARANDO<\/span><\/strong><br \/>\n<strong><span style=\"color: #d83131;\">\u306e\u88fd\u54c1\u3001\u690d\u7269\u3001\u9999\u6599\u3001\u7c89\u672b\u73fe\u3067\u304d\u306a\u3044\u53ef\u3092\u8fd4\u3057\u307e\u3059\u3068\u8fd4\u91d1<\/span><\/strong><\/p>\n<p>\u306e <strong>\u3055\u308c\u3066\u3044\u308b<\/strong> \u306e\u30ab\u30c6\u30b4\u30ea\u3068\u30bf\u30b0\u3092\u3057\u3066\u3044\u308b\u3053\u3068\u3092\u304a\u52e7\u3081\u306e\u533b\u85ac\u7528\u9014\u30fc\u30b7\u30e7\u30f3\u54c1\u306f\u3001\u30bd\u30fc\u30c8\u306b\u57fa\u3065\u304f\u5229\u7528\u306e\u6b74\u53f2\u7684\u3001\u79d1\u5b66\u7684\u3001\u793e\u4f1a\u306e<\/p>\n<p><strong>\u306e\u30ec\u30b7\u30d4\u63d0\u4f9b\u8005\u3068\u3057\u3066\u79d1\u5b66\u7684<\/strong>\u3044\u3064\u3081\u306e\u304a\u5ba2\u69d8\u306b\u7e70\u308a\u8fd4\u3057\u3066\u3082\u3001\u6d88\u8cbb\u306e\u88fd\u54c1\u3067\u3059\u3002<\/p>\n<p><strong>\u5f53\u793e\u306e\u30b3\u30f3\u30c6\u30f3\u30c4<\/strong> \u3055\u308c\u3066\u3044\u306a\u3044\u306eFDA\u306f\u3001\u56f3\u306e\u533b\u7642\u5c02\u9580\u8077\u306e\u3067\u6709\u7528\u53ef\u80fd\u306a\u30a2\u30d7\u30ea\u30b1\u30fc\u30b7\u30e7\u30f3\u306e\u6307\u793a\u85ac\u3068\u8b66\u544a\u3055\u308c\u3066\u3044\u308b\u3053\u3068\u3092\u793a\u3057\u305f\u6559\u80b2\u3092\u76ee\u7684\u601d\u60d1\u3084\u500b\u4eba\u3001\u306b\u8a72\u5f53\u3057\u306a\u3044\u533b\u7642\u3002<\/p>\n<p><strong>\u88fd\u54c1\u306e\u8ca9\u58f2<\/strong> \u3068\u3057\u3066\u9999\u3001\u77f3\u9e78\u3001\u6a39\u8102\u3001\u690d\u7269\u30b3\u30ec\u30af\u30b7\u30e7\u30f3\u3001\u7269\u8cea\u79d1\u5b66\u7684\u7814\u7a76\u3067\u3059\u3002<\/p>\n<p><span style=\"color: #ed1c24; font-size: 115%;\"><strong>\u5f7c\u3089\u306f\u5229\u7528\u3057\u306a\u3044\u3067\u304f\u3060\u3055\u3044\u307e\u3057\u305f\u3002<br \/>\n\u3067\u304d\u308b\u5546\u54c1\u306e\u8cfc\u5165\u304c\u5fc5\u898118\u6b73\u4ee5\u4e0a\u3067\u306a\u3051\u308c\u3070\u306a\u308a\u306e\u6642\u4ee3\u306b\u306f\u9069\u3057\u3066\u3044\u307e\u305b\u3093\u304c\u5973\u6027\u306e\u598a\u5a20\u4e2d\u3084\u6388\u4e73\u671f\u306b\u306f\u5973\u6027\u3067\u3059\u3002<\/strong><\/span><\/p>\n<p>\u5f97\u60c5\u5831 <strong>KARMARANDO<\/strong> \u8a2a\u554f <a href=\"https:\/\/www.instagram.com\/karmarando1\/\" target=\"_blank\" rel=\"noopener\"><br \/>\n<span style=\"color: #0000ff;\"><strong>\u3053\u306e\u30da\u30fc\u30b8<\/strong><\/span><\/a> \u307e\u305f\u306f\u3092\u304a\u8aad\u307f\u306e\u6700\u65b0\u306e\u30cb\u30e5\u30fc\u30b9 <a href=\"https:\/\/karmarando.com\/ja\/blog\/\" target=\"_blank\" rel=\"nofollow noopener\"><strong><span style=\"color: #0000ff;\">\u30d6\u30ed\u30b0<\/span><\/strong><\/a><\/p>\n<\/div><\/div><\/div>","protected":false},"excerpt":{"rendered":"<p>Mapacho\u2013N.\u30d4\u30bf\u30e4<\/p>","protected":false},"featured_media":4303,"comment_status":"open","ping_status":"closed","template":"","meta":[],"product_brand":[468],"product_cat":[190,191,185],"product_tag":[673,674],"class_list":{"0":"post-4296","1":"product","2":"type-product","3":"status-publish","4":"has-post-thumbnail","6":"product_brand-karmarando","7":"product_cat-mapacho-e-ceneri","8":"product_cat-nicotiana-rustica","9":"product_cat-rapee-e-co","10":"product_tag-mapacho","11":"product_tag-nicotiana-rustica","12":"pa_brand-karmarando","13":"pa_ean-1242","14":"pa_formato-maso-intero-non-trinciato","15":"pa_formato-polvere","16":"pa_formato-foglia-processata-trinciata","17":"pa_ingredienti-nicotiana-rustica","18":"pa_paese-di-fabbricazione-brasile","19":"pa_unita-di-misura-10-g","20":"pa_unita-di-misura-100-g","21":"pa_unita-di-misura-1000-g","22":"pa_unita-di-misura-15-g","23":"pa_unita-di-misura-150-g","24":"pa_unita-di-misura-20-g","25":"pa_unita-di-misura-300-g","26":"pa_unita-di-misura-50-g","27":"pa_unita-di-misura-500-g","28":"pa_unita-di-misura-800-g","30":"first","31":"instock","32":"sale","33":"shipping-taxable","34":"purchasable","35":"product-type-variable"},"_links":{"self":[{"href":"https:\/\/karmarando.com\/ja\/wp-json\/wp\/v2\/product\/4296","targetHints":{"allow":["GET"]}}],"collection":[{"href":"https:\/\/karmarando.com\/ja\/wp-json\/wp\/v2\/product"}],"about":[{"href":"https:\/\/karmarando.com\/ja\/wp-json\/wp\/v2\/types\/product"}],"replies":[{"embeddable":true,"href":"https:\/\/karmarando.com\/ja\/wp-json\/wp\/v2\/comments?post=4296"}],"wp:featuredmedia":[{"embeddable":true,"href":"https:\/\/karmarando.com\/ja\/wp-json\/wp\/v2\/media\/4303"}],"wp:attachment":[{"href":"https:\/\/karmarando.com\/ja\/wp-json\/wp\/v2\/media?parent=4296"}],"wp:term":[{"taxonomy":"product_brand","embeddable":true,"href":"https:\/\/karmarando.com\/ja\/wp-json\/wp\/v2\/product_brand?post=4296"},{"taxonomy":"product_cat","embeddable":true,"href":"https:\/\/karmarando.com\/ja\/wp-json\/wp\/v2\/product_cat?post=4296"},{"taxonomy":"product_tag","embeddable":true,"href":"https:\/\/karmarando.com\/ja\/wp-json\/wp\/v2\/product_tag?post=4296"}],"curies":[{"name":"wp","href":"https:\/\/api.w.org\/{rel}","templated":true}]}}