{"id":4186,"date":"2022-01-12T06:35:47","date_gmt":"2022-01-12T05:35:47","guid":{"rendered":"https:\/\/www.karmarando.com\/senza-categoria\/kuripe-norrenico-loki-fatto-a-mano-auto-applicatore-single\/"},"modified":"2025-12-04T13:53:09","modified_gmt":"2025-12-04T12:53:09","slug":"kuripe-norrenico-loki","status":"publish","type":"product","link":"https:\/\/karmarando.com\/ja\/rapee-e-co\/applicat-rape-e-co\/kuripe-e-tepi\/kuripe\/classici\/kuripe-norrenico-loki\/","title":{"rendered":"Kuripe Norrenico\u30ed\u30ad\u306e\u624b\u4f5c\u696d\u8eca\u306e\u5358\u4e00\u306e\u30a2\u30d7\u30ea\u30b1\u30fc\u30bf\u30fc"},"content":{"rendered":"<div class=\"tabbed-content\">\n\t\t\t\n\t\t\t<ul class=\"nav nav-pills nav-uppercase nav-size-small nav-center\" role=\"tablist\"><li id=\"tab-descrizione\" class=\"tab active has-icon\" role=\"presentation\"><a href=\"#tab_descrizione\" role=\"tab\" aria-selected=\"true\" aria-controls=\"tab_descrizione\"><span>\u8aac\u660e<\/span><\/a><\/li>\n<li id=\"tab-come-\u00e8-fatto?\" class=\"tab has-icon\" role=\"presentation\"><a href=\"#tab_come-\u00e8-fatto?\" tabindex=\"-1\" role=\"tab\" aria-selected=\"false\" aria-controls=\"tab_come-\u00e8-fatto?\"><span>Come \u00e8 Fatto?<\/span><\/a><\/li>\n<li id=\"tab-dimensioni\" class=\"tab has-icon\" role=\"presentation\"><a href=\"#tab_dimensioni\" tabindex=\"-1\" role=\"tab\" aria-selected=\"false\" aria-controls=\"tab_dimensioni\"><span>Dimensioni<\/span><\/a><\/li>\n<li id=\"tab-cosa-\u00e8-il-kuripe-e-come-si-usa\" class=\"tab has-icon\" role=\"presentation\"><a href=\"#tab_cosa-\u00e8-il-kuripe-e-come-si-usa\" tabindex=\"-1\" role=\"tab\" aria-selected=\"false\" aria-controls=\"tab_cosa-\u00e8-il-kuripe-e-come-si-usa\"><span>Cosa \u00e8 il Kuripe e come si Usa<\/span><\/a><\/li>\n<li id=\"tab-come-si-soffia?\" class=\"tab has-icon\" role=\"presentation\"><a href=\"#tab_come-si-soffia?\" tabindex=\"-1\" role=\"tab\" aria-selected=\"false\" aria-controls=\"tab_come-si-soffia?\"><span>Come si Soffia?<\/span><\/a><\/li>\n<li id=\"tab-a-cosa-serve-?\" class=\"tab has-icon\" role=\"presentation\"><a href=\"#tab_a-cosa-serve-?\" tabindex=\"-1\" role=\"tab\" aria-selected=\"false\" aria-controls=\"tab_a-cosa-serve-?\"><span>A Cosa Serve ?<\/span><\/a><\/li>\n<li id=\"tab-disclaimer\" class=\"tab has-icon\" role=\"presentation\"><a href=\"#tab_disclaimer\" tabindex=\"-1\" role=\"tab\" aria-selected=\"false\" aria-controls=\"tab_disclaimer\"><span>\u514d\u8cac\u4e8b\u9805<\/span><\/a><\/li><\/ul><div class=\"tab-panels\"><div id=\"tab_descrizione\" class=\"panel active entry-content\" role=\"tabpanel\" aria-labelledby=\"tab-descrizione\">\n<h3><strong>Kuripe Norrenico Loki &#8211; Tsunu Homemade Tepi Tool Shamanic Rap\u00e9 Indigenous Self Applicator<\/strong><\/h3>\n<p><strong>Kuripe Norrenico\u30ed\u30ad<br \/>\n<\/strong><\/p>\n<p>Fatto a mano, Auto Applicatore, Sciamanico<br \/>\nKuripe \u00e8 un Self applicatore Rap\u00e9 self-use.<\/p>\n<p>Il suo design a \u201cV\u201d ti consente di prendere facilmente Rap\u00e9 senza la partecipazione di un\u2019altra persona (a differenza di un Tepi, dove \u00e8 richiesta una seconda persona che vi soffier\u00e0 il rap\u00e8)<\/p>\n<\/div>\n<div id=\"tab_come-\u00e8-fatto?\" class=\"panel entry-content\" role=\"tabpanel\" aria-labelledby=\"tab-come-\u00e8-fatto?\">\n<p>CARATTERISTICHE<\/p>\n<ul>\n<li>Questo\u00a0<strong>Kuripe<\/strong> \u00e8 uno <strong>Strumento di potere<\/strong>, come un Talismano,\u00a0 fatto di bamb\u00f9 trovato in natura qui da noi<\/li>\n<li>\u00c8 fatto e Lavorato con Amore cura e rispetto, in maniera sacra interamente a mano<\/li>\n<li>Levigato e Svasato in tutte le sue parti per assicurare prestazioni, sicurezza e facilit\u00e0 d&#8217;uso<\/li>\n<li>Marchiato e disegnato e Decorato a Fuoco Alchemico con simbologia Norrenica, Vichinga e Sciamanica<\/li>\n<li>Materiali e tecniche di <strong>Alta qualit\u00e0<\/strong><\/li>\n<li>Legato saldamente con colla e resina atossica<\/li>\n<li>E&#8217; stato attivato e purificato con legna sacra di palo santo<\/li>\n<\/ul>\n<p><strong> Questo prodotto \u00e8 realizzato dall&#8217;artigiani Michael e Eleonora a noi molto cari, utilizzando i migliori materiali e senza aggiunta di elementi chimici, utilizzando antichi procedimenti e strumenti per una lavorazione unica su ogni pezzo realizzato , non si tratta di un oggetto industriale, ogni singolo pezzo \u00e8 realizzato interamente a mano. <\/strong><\/p>\n<h4><strong>Per questo motivo ogni oggetto sar\u00e0 diverso e un pezzo unico<\/strong><\/h4>\n<h4><strong>Se desideri che sia in una data maniera o aggiungere una piuma,o qualche particolarit\u00e0 o addirittura il tuo nome (magari scritto con le rune) basta chiedere e lo faremo apposta per te, con un piccolissimo ricarico che pu\u00f2 variare da 2 a 5 euro in base alla richiesta<\/strong><\/h4>\n<p><strong>esempio una piuma con relativa cordicella e perline sono solo 2 euro<\/strong><\/p>\n<h5>Perch\u00e9 il bamb\u00f9?\u00a0<span class=\"\">Perch\u00e9 \u00e8 \u00e8 un materiale molto ecologico e sostenibile, economico, maneggevole e si adatta per essere facilmente trasformata in una pipa da rap\u00e9.<\/span><\/h5>\n<h5><span class=\"goog-text-highlight\">\u00c8 di gran lunga la pipa rap\u00e9 pi\u00f9 venduta al mondo.<\/span><\/h5>\n<\/div>\n<div id=\"tab_dimensioni\" class=\"panel entry-content\" role=\"tabpanel\" aria-labelledby=\"tab-dimensioni\">\n<p><strong>Questo Kuripe \u00e8 fatto in 3 misure<\/strong><\/p>\n<ul>\n<li>Per Visi molto piccoli S (circa 3,2-3,5 cm tra narice e bocca)<\/li>\n<li>Per visi normali M (la maggioranza) 3,7-4,2 cm tra narice e bocca<\/li>\n<li>Per visi grandi L (4,4-4,8 cm tra narice e bocca)<\/li>\n<li>Su Misura: fatto apposta per te, quando hai un viso specifico (scegliere l&#8217;apposita dicitura dalla scaletta, sarete richiamati per concordare) saranno necessari 24\/48 ore in pi\u00f9 per produrlo.<\/li>\n<\/ul>\n<p>Eseguito con diametro abbastanza stretto per sprigionare piu preessione<\/p>\n<ul>\n<li>Lunghezza parte Lunga<\/li>\n<li>Lunghezza parte corta<\/li>\n<li>Diametro esterno<\/li>\n<li>Diametro interno<\/li>\n<\/ul>\n<\/div>\n<div id=\"tab_cosa-\u00e8-il-kuripe-e-come-si-usa\" class=\"panel entry-content\" role=\"tabpanel\" aria-labelledby=\"tab-cosa-\u00e8-il-kuripe-e-come-si-usa\">\n<p>Si chiama Kuripe l\u2019applicatore da auto-somministrazione del Rap\u00e9.Al contrario del tepi che verr\u00e0 usato con un altro t\u00e8 che si metter\u00e0 di fronte.<\/p>\n<p>Il Kuripe ha una forma a V normalmente a 30\u00b0 per essere adatto alla amggioranza, con due estremit\u00e0: una pi\u00f9 corta, dove con la bocca si soffier\u00e0, e una pi\u00f9 lunga, che verr\u00e0 leggermente appoggiata alle narici (senza per\u00f2 farlo entrare dentro) cos\u00ec da non attoppare il passaggio dell&#8217;aria. Partendo sempre dalla narice sinistra, quella connessa al cuore (il femminile l&#8217;intuizione) e poi La Narice destra, quella connessa alla mente (il maschile la razionalit\u00e0)<\/p>\n<p>La maschile la Yang \/ Sole, che permette di apprendere e ottenere la forza necessaria per superare i problemi mediante lo sforzo, permette di curare e apprendere ottenendo la forza necessaria per superare le ombre di questa parte che sono: Egoismo, Violenza, Arroganza, Orgoglio<\/p>\n<p>La Femminile Lo Ying La Luna D\u00e0 potere alle emozioni nel loro stato puro, liberando gioia profonda, amore puro, compassione e abilit\u00e0 artistiche. Il suo lato ombra da Curare sono l&#8217;attaccamento emozionale, la depressione, bassa autostima, sentimento di colpa e apatia.<\/p>\n<p>Il Kuripe Pu\u00f2 essere fatto di canne di bamb\u00f9 o di altri materiali sacri come la jurema o palo santo ed altri, o di ossa o di pietra.<\/p>\n<p>Il Kuripe \u00e8 uno strumento che pu\u00f2 essere utilizzato per prendere confidenza autonomamente e in modo responsabile con la Sacra Medicina del Rap\u00e9, imparando a conoscerla, rispettarla e utilizzarla in modo coscienzioso e saggio.<\/p>\n<p>Gli indigeni insegnano che \u00e8 sempre bene assumere il Rap\u00e9 in forma rituale e con un intento ben chiaro nella mente. Il Kuripe \u00e8 certamente molto comodo quando non abbiamo la possibilit\u00e0 di farci somministrare il Rap\u00e9 da qualcuno.<\/p>\n<p>L\u2019auto-applicatore Kuripe \u00e8 un oggetto di potere, come tale strettamente personale e pu\u00f2 essere utilizzato esclusivamente dal proprietario.Si consilglia (anche se lo abbiamo gi\u00e0 fatto) di utilizzare del palo santo o delle pietre facendo una sbavatura e una purrificazione, per renderlo con iniziazione uno strumento piu personalizato con la vostra energia<\/p>\n<\/div>\n<div id=\"tab_come-si-soffia?\" class=\"panel entry-content\" role=\"tabpanel\" aria-labelledby=\"tab-come-si-soffia?\">\n<p>Farselo fare con il tepi chiaramente verr\u00e0 meglio, ma si pu\u00f2 apprenderli been a farli anche con il kuripe:<br \/>\n<strong>Ci sono molti soffi, cercheremo di elencare i pi\u00f9 important e consociuti<\/strong><\/p>\n<p><strong>Serpente:<\/strong> si prende un gran respiro, il soffio inizia piano ed aumenta la sua forza gradualmente fino ad arrivare forte di picco, bloccando per\u00f2 con la lingua contro l&#8217;applicatore emettendo un sibilo.<br \/>\n<strong>Tartaruga:<\/strong> Soffio leggero, lento, costante e per un periodo prolungato, molto lentamente. Per riceverlo devi sintonizzarti sulla pazienza della tartaruga perch\u00e8 molte persone si tirano indietro prima che sia finito.Gli effetti del Rap\u00e9 con questo soffio hanno\u00a0 una maggiore durata.Ideale per lavorare sulla pazienza, Traumi fisici, e dopo e durante ua attivit\u00e0 spirituale!<br \/>\n<strong>Colibri:<\/strong> soffio di allegria, gioia ed amore usualmente corto. Viene fatto con due soffi consecutivi molto corti dando un colpo nel secondo con la\u00a0 lingua<br \/>\n<strong>Libellula:<\/strong> un bel soffio di durata media, la lingua muovendola fluttuando velocemente contro l&#8217;applicatore\u00a0 con un suono psichedelico<br \/>\n<strong>Corvo:<\/strong> definito il soffio del coraggio, per penetrare nell\u2019oscurit\u00e0, nel vuoto, nel grande mistero di dove ogni cosa \u00e8 nata ed ebbe origine. primo e secondo soffio forti, man mano dei soffi meno forti fina che si arriva al vuoto.<br \/>\n<strong>Boa: <\/strong>Soffio dei Sogni, imparato da un indigeno hunikin che mi disse di averlo appreso dalla \u201crete\u201d prima di dormire. Parte forte e sempre piu deble fina a scomparire dissolvendosi come il movimento di un boa, da sogni meravigliosi ed effetti visionari!<\/p>\n<\/div>\n<div id=\"tab_a-cosa-serve-?\" class=\"panel entry-content\" role=\"tabpanel\" aria-labelledby=\"tab-a-cosa-serve-?\">\n<p>Il Kuripe serve per il Rap\u00e9 che \u00e8 una medicina amazzonica costituita da una serie di piante medicinali polverizzate molto finemente con l&#8217;uso di un mortaio. All&#8217;interno di tutte le tradizioni indigene, il Rap\u00e9 \u00e8 considerato una Pianta Maestra (la pi\u00f9 antica) ed \u00e8 rappresentato come un nonno che possiede la saggezza della foresta.<\/p>\n<p>Il suo uso rituale prevede che non venga mai aspirato, poich\u00e9 questo gesto \u00e8 considerato una mancanza di rispetto allo spirito ancestrale della Pianta Sacra. Quando il Rap\u00e9 \u00e8 usato ritualmente, porta purificazione e centratura, trasforma le energie negative, funge da messaggero.<br \/>\n\u5317\u306e\u30d6\u30e9\u30b8\u30eb\u306e\u5148\u4f4f\u6c11\u65cf\u306e\u9078\u629eKuin-Kaxinawa\u3068Yawanawa\u5229\u7528Rap\u00e9\u3068\u3057\u3066\u533b\u5b66\u306b\u95a2\u9023\u3059\u308b\u5229\u7528teRap\u00e9utico\u3001\u7cbe\u795e\u7684\u306a.<\/p>\n<p>Per queste popolazioni, il Rap\u00e9 \u00e8 una medicina che possiede uno spirito di grande potere, portando guarigione e protezione, allontanando tutti i tipi di mali. Presso i suddetti popoli nativi, il Rap\u00e9 viene utilizzato dal paj\u00e9 della trib\u00f9 (uomo\/donna medicina), in modo da potersi connettere allo Spirito, integrarsi con la Natura, essere in grado di individuare mali che potrebbero attaccare il suo popolo o anche in rituali di guarigione, col proposito di dare protezione spirituale, diagnosticare una malattia e usare il potere dello spirito di questa medicina per curare.<\/p>\n<p>Il Rap\u00e9 va soffiato in entrambe le narici tramite un applicatore, spesso costituito da canne di bamb\u00f9 oppure ossa. Esiste sia l\u2019auto-applicatore (kuripe) sia quello mediante il quale si pu\u00f2 somministrare ad altri (tepi). Il Rap\u00e9 \u00e8 soffiato con la pipa prima nella narice sinistra e poi in quella destra, bilanciando cos\u00ec i due emisferi del cervello, il lato femminile intuitivo e quello maschile razionale.<\/p>\n<p>In Amazzonia, condividere il Rap\u00e9 \u00e8 un\u2019attivit\u00e0 svolta socialmente e ha radici spirituali. Il Rap\u00e9, infatti, \u00e8 considerato una Medicina Sacra e la sua somministrazione ha il valore di una preghiera che invoca le forze della natura e gli spiriti della foresta, la benedizione delle piante e il loro potere per trarre centratura, forza e cura.<\/p>\n<p>L\u2019applicazione del Rap\u00e9 \u00e8 spesso accompagnata da canti sacri che hanno la funzione di chiamare gli spiriti e la forza della stessa medicina.<\/p>\n<\/div>\n<div id=\"tab_disclaimer\" class=\"panel entry-content\" role=\"tabpanel\" aria-labelledby=\"tab-disclaimer\">\n<p><strong><span style=\"color: #d83131;\">\u5199\u771f\u306e\u8aac\u660e\u306f\u7d14\u7c8b\u306b\u793a<\/span><\/strong><\/p>\n<p><strong><span style=\"color: #d83131;\">\u88fd\u54c1\u306e\u4fdd\u8a3c\u304b\u3089KARMARANDO<\/span><\/strong><br \/>\n<strong><span style=\"color: #d83131;\">\u306e\u88fd\u54c1\u3001\u690d\u7269\u3001\u9999\u6599\u3001\u7c89\u672b\u73fe\u3067\u304d\u306a\u3044\u53ef\u3092\u8fd4\u3057\u307e\u3059\u3068\u8fd4\u91d1<\/span><\/strong><\/p>\n<p>\u306e <strong>\u3055\u308c\u3066\u3044\u308b<\/strong> \u306e\u30ab\u30c6\u30b4\u30ea\u3068\u30bf\u30b0\u3092\u3057\u3066\u3044\u308b\u3053\u3068\u3092\u304a\u52e7\u3081\u306e\u533b\u85ac\u7528\u9014\u30fc\u30b7\u30e7\u30f3\u54c1\u306f\u3001\u30bd\u30fc\u30c8\u306b\u57fa\u3065\u304f\u5229\u7528\u306e\u6b74\u53f2\u7684\u3001\u79d1\u5b66\u7684\u3001\u793e\u4f1a\u306e<\/p>\n<p><strong>\u306e\u30ec\u30b7\u30d4\u63d0\u4f9b\u8005\u3068\u3057\u3066\u79d1\u5b66\u7684<\/strong>\u3044\u3064\u3081\u306e\u304a\u5ba2\u69d8\u306b\u7e70\u308a\u8fd4\u3057\u3066\u3082\u3001\u6d88\u8cbb\u306e\u88fd\u54c1\u3067\u3059\u3002<\/p>\n<p><strong>\u5f53\u793e\u306e\u30b3\u30f3\u30c6\u30f3\u30c4<\/strong> \u3055\u308c\u3066\u3044\u306a\u3044\u306eFDA\u306f\u3001\u56f3\u306e\u533b\u7642\u5c02\u9580\u8077\u306e\u3067\u6709\u7528\u53ef\u80fd\u306a\u30a2\u30d7\u30ea\u30b1\u30fc\u30b7\u30e7\u30f3\u306e\u6307\u793a\u85ac\u3068\u8b66\u544a\u3055\u308c\u3066\u3044\u308b\u3053\u3068\u3092\u793a\u3057\u305f\u6559\u80b2\u3092\u76ee\u7684\u601d\u60d1\u3084\u500b\u4eba\u3001\u306b\u8a72\u5f53\u3057\u306a\u3044\u533b\u7642\u3002<\/p>\n<p><strong>\u88fd\u54c1\u306e\u8ca9\u58f2<\/strong> \u3068\u3057\u3066\u9999\u3001\u77f3\u9e78\u3001\u6a39\u8102\u3001\u690d\u7269\u30b3\u30ec\u30af\u30b7\u30e7\u30f3\u3001\u7269\u8cea\u79d1\u5b66\u7684\u7814\u7a76\u3067\u3059\u3002<\/p>\n<p><span style=\"color: #ed1c24; font-size: 115%;\"><strong>\u5f7c\u3089\u306f\u5229\u7528\u3057\u306a\u3044\u3067\u304f\u3060\u3055\u3044\u307e\u3057\u305f\u3002<br \/>\n\u3067\u304d\u308b\u5546\u54c1\u306e\u8cfc\u5165\u304c\u5fc5\u898118\u6b73\u4ee5\u4e0a\u3067\u306a\u3051\u308c\u3070\u306a\u308a\u306e\u6642\u4ee3\u306b\u306f\u9069\u3057\u3066\u3044\u307e\u305b\u3093\u304c\u5973\u6027\u306e\u598a\u5a20\u4e2d\u3084\u6388\u4e73\u671f\u306b\u306f\u5973\u6027\u3067\u3059\u3002<\/strong><\/span><\/p>\n<p>\u5f97\u60c5\u5831 <strong>KARMARANDO<\/strong> \u8a2a\u554f <a href=\"https:\/\/www.instagram.com\/karmarando1\/\" target=\"_blank\" rel=\"noopener\"><br \/>\n<span style=\"color: #0000ff;\"><strong>\u3053\u306e\u30da\u30fc\u30b8<\/strong><\/span><\/a> \u307e\u305f\u306f\u3092\u304a\u8aad\u307f\u306e\u6700\u65b0\u306e\u30cb\u30e5\u30fc\u30b9 <a href=\"https:\/\/karmarando.com\/ja\/blog\/\" target=\"_blank\" rel=\"nofollow noopener\"><strong><span style=\"color: #0000ff;\">\u30d6\u30ed\u30b0<\/span><\/strong><\/a><br \/>\n<\/div><\/div><\/div>","protected":false},"excerpt":{"rendered":"<p>Kuripe Norrenico\u30ed\u30ad\u306e\u624b\u4f5c\u696d\u8eca\u306e\u5358\u4e00\u306e\u30a2\u30d7\u30ea\u30b1\u30fc\u30bf\u30fc<\/p>","protected":false},"featured_media":4187,"comment_status":"open","ping_status":"closed","template":"","meta":[],"product_brand":[468],"product_cat":[195,241,1186,569,196,185,239],"product_tag":[606],"class_list":{"0":"post-4186","1":"product","2":"type-product","3":"status-publish","4":"has-post-thumbnail","6":"product_brand-karmarando","7":"product_cat-applicat-rape-e-co","8":"product_cat-arte-artigianale-sciamanica","9":"product_cat-classici","10":"product_cat-kuripe","11":"product_cat-kuripe-e-tepi","12":"product_cat-rapee-e-co","13":"product_cat-strumenti-e-gadget","14":"product_tag-kuripe-norrenico-loki","15":"pa_brand-karmarando","16":"pa_ean-1250","17":"pa_materiale-bamboo","18":"pa_paese-di-fabbricazione-italia","20":"first","21":"instock","22":"shipping-taxable","23":"purchasable","24":"product-type-simple"},"_links":{"self":[{"href":"https:\/\/karmarando.com\/ja\/wp-json\/wp\/v2\/product\/4186","targetHints":{"allow":["GET"]}}],"collection":[{"href":"https:\/\/karmarando.com\/ja\/wp-json\/wp\/v2\/product"}],"about":[{"href":"https:\/\/karmarando.com\/ja\/wp-json\/wp\/v2\/types\/product"}],"replies":[{"embeddable":true,"href":"https:\/\/karmarando.com\/ja\/wp-json\/wp\/v2\/comments?post=4186"}],"wp:featuredmedia":[{"embeddable":true,"href":"https:\/\/karmarando.com\/ja\/wp-json\/wp\/v2\/media\/4187"}],"wp:attachment":[{"href":"https:\/\/karmarando.com\/ja\/wp-json\/wp\/v2\/media?parent=4186"}],"wp:term":[{"taxonomy":"product_brand","embeddable":true,"href":"https:\/\/karmarando.com\/ja\/wp-json\/wp\/v2\/product_brand?post=4186"},{"taxonomy":"product_cat","embeddable":true,"href":"https:\/\/karmarando.com\/ja\/wp-json\/wp\/v2\/product_cat?post=4186"},{"taxonomy":"product_tag","embeddable":true,"href":"https:\/\/karmarando.com\/ja\/wp-json\/wp\/v2\/product_tag?post=4186"}],"curies":[{"name":"wp","href":"https:\/\/api.w.org\/{rel}","templated":true}]}}