{"id":4147,"date":"2022-01-11T03:47:17","date_gmt":"2022-01-11T02:47:17","guid":{"rendered":"https:\/\/www.karmarando.com\/senza-categoria\/flauto-siyotanka-grasshopper-homemade-nativo-sciamanico-pentagonale-con-custodia\/"},"modified":"2025-12-04T13:53:13","modified_gmt":"2025-12-04T12:53:13","slug":"flauto-siyotanka-grasshopper-custodia","status":"publish","type":"product","link":"https:\/\/karmarando.com\/ja\/strumenti-e-gadget\/arte-artigianale-sciamanica\/strumenti-musicali\/flauti\/flauto-siyotanka-grasshopper-custodia\/","title":{"rendered":"Flauto Siyotanka Grasshopper Con Custodia"},"content":{"rendered":"<div class=\"tabbed-content\">\n\t\t\t\n\t\t\t<ul class=\"nav nav-pills nav-uppercase nav-size-small nav-center\" role=\"tablist\"><li id=\"tab-descrizione\" class=\"tab active has-icon\" role=\"presentation\"><a href=\"#tab_descrizione\" role=\"tab\" aria-selected=\"true\" aria-controls=\"tab_descrizione\"><span>\u8aac\u660e<\/span><\/a><\/li>\n<li id=\"tab-disclaimer\" class=\"tab has-icon\" role=\"presentation\"><a href=\"#tab_disclaimer\" tabindex=\"-1\" role=\"tab\" aria-selected=\"false\" aria-controls=\"tab_disclaimer\"><span>\u514d\u8cac\u4e8b\u9805<\/span><\/a><\/li><\/ul><div class=\"tab-panels\"><div id=\"tab_descrizione\" class=\"panel active entry-content\" role=\"tabpanel\" aria-labelledby=\"tab-descrizione\">\n<h3>Flauto Siyotanka GrassHopper (Cavalletta) Homemade Fatto a mano Nativo Sciamanico Pentagonale Con Custodia<\/h3>\n<p>Flauto nativo americano Siyotanka &#8220;GrassHopper&#8221; in bamb\u00f9. Fatto a mano da Davide laufeyson &amp; Michael Scorpions.<\/p>\n<p>Questo Faluto Siyotanka \u00e8 fatto di bamb\u00f9.<\/p>\n<p>Marchiato e disegnato e Decorato a Fuoco Alchemico con Serpente Sciamanico Sacro primordiale.<\/p>\n<p>Materiali di Alta qualit\u00e0 e Interamente fatto amano, di bamboo<br \/>\nPentagonale<br \/>\nG # m \/ GM #<\/p>\n<p><strong>Poich\u00e9 \u00e8 fatto a mano, ogni Flauto sar\u00e0 leggermente diverso l\u2019uno dall\u2019altro<\/strong><strong>Le foto sono illustrative, stai acquistando opere d\u2019arte individuali fatte per te.<\/strong><\/p>\n<p>I Flauti dei nativi americani sono molto intuitivi da suonare e creare melodie, senza la necessit\u00e0 di teoria musicale. Con la pratica e alcuni trucchi impariamo rapidamente. Ideale durante Rap\u00e9 e medicine sciamniche della selva foresta amazonia, ideale meditare e per essere accompagnati da un tamburo sciamanico.<br \/>\nUn flauto in tenero legno di cedro, pensarono, emette un suono pi\u00f9 dolce.<\/p>\n<p>Il flauto usato dagli Indiani d\u2019America \u00e8 considerato uno degli strumenti musicali pi\u00f9 antichi al mondo, inventato dopo i tamburi, i sonagli ed i fischietti. Realizzati artigianalmente nel corso dei secoli utilizzando i materiali pi\u00f9 disparati, dall\u2019osso, al bamboo all\u2019argilla, insieme a vari tipi di legno duro e morbido, alla fine gli Indiani d\u2019America predilessero il legno di cedro come migliore materiale per la fabbricazione dei flauti.<\/p>\n<p>Gli Indiani d\u2019America usavano i flauti per tutto, dall\u2019intrattenimento alla preghiera, alle pratiche di corteggiamento, forse questo l\u2019uso pi\u00f9 comune. Infatti, molti flauti sono chiamati Flauti dell\u2019Amore o Flauti da Corteggiamento, e gli Indiani d\u2019America hanno numerose storie che narrano dell\u2019uso del Flauto dell\u2019Amore nelle pratiche di corteggiamento.<\/p>\n<p><strong>Origini<\/strong><\/p>\n<p>Il pi\u00f9 primo flauto nativo americano ancora esistente fatto di legno fu raccolto dall&#8217;avventuriero italiano Giacomo Costantino Beltrami nel 1823 sulla sua ricerca del headwaters del Fiume del Mississippi. \u00c8 adesso nella raccolta di Museo Civico di Scienze Naturali in Bergamo, l&#8217;Italia.<br \/>\nCi sono molte narrazioni su come i diversi popoli indigeni delle Americhe abbiano inventato il flauto. In un racconto, i picchi beccavano dei buchi nei rami cavi mentre cercavano le termiti; Quando il vento soffiava lungo i fori, le persone vicine ascoltavano la loro musica. Un altro racconto della cultura Tucana descrive l&#8217;Uakti, una creatura con dei buchi nel corpo che emetteva un suono quando correva o il vento soffiava attraverso di essa.<\/p>\n<p><strong>Materiali<\/strong><\/p>\n<p>I flauti nativi americani sono stati fatti di ossa all&#8217;inizio, adesso sono fatti di vari materiali. Il ginepro, la Sequoia e il Cedro sono popolari, siccome provvedono un aroma piacevole. I boschi morbidi sono generalmente preferiti da la maggior parte giocatori di flauto, a causa dei toni pi\u00f9 morbidi prodotti dal bosco. Altri boschi pi\u00f9 difficili come noce e ciliegia sono apprezzati per il chiaro, il fresco, la ricchezza di suono che possono produrre. Il bamb\u00f9 e la canna fluviale possono contenere toni morbidi o chiari, freschi secondo dimensioni e specie.<\/p>\n<p><strong>Musica<\/strong><\/p>\n<p>I flauti nativi americani moderni sono generalmente accordati a una variazione della scala pentatonica minore, che d\u00e0 allo strumento il suo suono lamentoso tutto particolare. Recentemente alcuni produttori hanno cominciato a fare esperimenti con scale diverse, dando ai giocatori nuove opzioni melodiche. Anche, i flauti moderni sono generalmente accordati in chiavi di concerto (come A o D) in modo che possano esser facilmente giocati con altri strumenti. Le chiavi di radice di flauti nativi americani moderni attraversano una gamma di circa tre ottave e mezza, da C ad A.<br \/>\nI flauti nativi americani tipicamente hanno o cinque o sei buchi, ma uno strumento pu\u00f2 avere lo zero a sette, compreso un buco di pollice. I vari produttori impiegano scale diverse e fingerings per i loro flauti.Un suono tutto particolare di alcuni flauti nativi americani, i flauti particolarmente tradizionali, \u00e8 chiamato il trillo (o trillando). Il trillo suona come se il flauto vacilli avanti e indietro tra note diverse.<br \/>\n<\/div>\n<div id=\"tab_disclaimer\" class=\"panel entry-content\" role=\"tabpanel\" aria-labelledby=\"tab-disclaimer\">\n<p><strong><span style=\"color: #d83131;\">\u5199\u771f\u306e\u8aac\u660e\u306f\u7d14\u7c8b\u306b\u793a<\/span><\/strong><\/p>\n<p><strong><span style=\"color: #d83131;\">\u88fd\u54c1\u306e\u4fdd\u8a3c\u304b\u3089KARMARANDO<\/span><\/strong><br \/>\n<strong><span style=\"color: #d83131;\">\u306e\u88fd\u54c1\u3001\u690d\u7269\u3001\u9999\u6599\u3001\u7c89\u672b\u73fe\u3067\u304d\u306a\u3044\u53ef\u3092\u8fd4\u3057\u307e\u3059\u3068\u8fd4\u91d1<\/span><\/strong><\/p>\n<p>\u306e <strong>\u3055\u308c\u3066\u3044\u308b<\/strong> \u306e\u30ab\u30c6\u30b4\u30ea\u3068\u30bf\u30b0\u3092\u3057\u3066\u3044\u308b\u3053\u3068\u3092\u304a\u52e7\u3081\u306e\u533b\u85ac\u7528\u9014\u30fc\u30b7\u30e7\u30f3\u54c1\u306f\u3001\u30bd\u30fc\u30c8\u306b\u57fa\u3065\u304f\u5229\u7528\u306e\u6b74\u53f2\u7684\u3001\u79d1\u5b66\u7684\u3001\u793e\u4f1a\u306e<\/p>\n<p><strong>\u306e\u30ec\u30b7\u30d4\u63d0\u4f9b\u8005\u3068\u3057\u3066\u79d1\u5b66\u7684<\/strong>\u3044\u3064\u3081\u306e\u304a\u5ba2\u69d8\u306b\u7e70\u308a\u8fd4\u3057\u3066\u3082\u3001\u6d88\u8cbb\u306e\u88fd\u54c1\u3067\u3059\u3002<\/p>\n<p><strong>\u5f53\u793e\u306e\u30b3\u30f3\u30c6\u30f3\u30c4<\/strong> \u3055\u308c\u3066\u3044\u306a\u3044\u306eFDA\u306f\u3001\u56f3\u306e\u533b\u7642\u5c02\u9580\u8077\u306e\u3067\u6709\u7528\u53ef\u80fd\u306a\u30a2\u30d7\u30ea\u30b1\u30fc\u30b7\u30e7\u30f3\u306e\u6307\u793a\u85ac\u3068\u8b66\u544a\u3055\u308c\u3066\u3044\u308b\u3053\u3068\u3092\u793a\u3057\u305f\u6559\u80b2\u3092\u76ee\u7684\u601d\u60d1\u3084\u500b\u4eba\u3001\u306b\u8a72\u5f53\u3057\u306a\u3044\u533b\u7642\u3002<\/p>\n<p><strong>\u88fd\u54c1\u306e\u8ca9\u58f2<\/strong> \u3068\u3057\u3066\u9999\u3001\u77f3\u9e78\u3001\u6a39\u8102\u3001\u690d\u7269\u30b3\u30ec\u30af\u30b7\u30e7\u30f3\u3001\u7269\u8cea\u79d1\u5b66\u7684\u7814\u7a76\u3067\u3059\u3002<\/p>\n<p><span style=\"color: #ed1c24; font-size: 115%;\"><strong>\u5f7c\u3089\u306f\u5229\u7528\u3057\u306a\u3044\u3067\u304f\u3060\u3055\u3044\u307e\u3057\u305f\u3002<br \/>\n\u3067\u304d\u308b\u5546\u54c1\u306e\u8cfc\u5165\u304c\u5fc5\u898118\u6b73\u4ee5\u4e0a\u3067\u306a\u3051\u308c\u3070\u306a\u308a\u306e\u6642\u4ee3\u306b\u306f\u9069\u3057\u3066\u3044\u307e\u305b\u3093\u304c\u5973\u6027\u306e\u598a\u5a20\u4e2d\u3084\u6388\u4e73\u671f\u306b\u306f\u5973\u6027\u3067\u3059\u3002<\/strong><\/span><\/p>\n<p>\u5f97\u60c5\u5831 <strong>KARMARANDO<\/strong> \u8a2a\u554f <a href=\"https:\/\/www.instagram.com\/karmarando1\/\" target=\"_blank\" rel=\"noopener\"><br \/>\n<span style=\"color: #0000ff;\"><strong>\u3053\u306e\u30da\u30fc\u30b8<\/strong><\/span><\/a> \u307e\u305f\u306f\u3092\u304a\u8aad\u307f\u306e\u6700\u65b0\u306e\u30cb\u30e5\u30fc\u30b9 <a href=\"https:\/\/karmarando.com\/ja\/blog\/\" target=\"_blank\" rel=\"nofollow noopener\"><strong><span style=\"color: #0000ff;\">\u30d6\u30ed\u30b0<\/span><\/strong><\/a><\/p>\n<\/div><\/div><\/div>","protected":false},"excerpt":{"rendered":"<p>Flauto Siyotanka Grasshopper Con Custodia<\/p>","protected":false},"featured_media":4148,"comment_status":"open","ping_status":"closed","template":"","meta":[],"product_brand":[468],"product_cat":[241,572,239,571],"product_tag":[593],"class_list":{"0":"post-4147","1":"product","2":"type-product","3":"status-publish","4":"has-post-thumbnail","6":"product_brand-karmarando","7":"product_cat-arte-artigianale-sciamanica","8":"product_cat-flauti","9":"product_cat-strumenti-e-gadget","10":"product_cat-strumenti-musicali","11":"product_tag-flauto-siyotanka-grasshopper","12":"pa_brand-karmarando","13":"pa_ean-1255","14":"pa_materiale-bamboo","15":"pa_paese-di-fabbricazione-italia","17":"first","18":"instock","19":"shipping-taxable","20":"purchasable","21":"product-type-simple"},"_links":{"self":[{"href":"https:\/\/karmarando.com\/ja\/wp-json\/wp\/v2\/product\/4147","targetHints":{"allow":["GET"]}}],"collection":[{"href":"https:\/\/karmarando.com\/ja\/wp-json\/wp\/v2\/product"}],"about":[{"href":"https:\/\/karmarando.com\/ja\/wp-json\/wp\/v2\/types\/product"}],"replies":[{"embeddable":true,"href":"https:\/\/karmarando.com\/ja\/wp-json\/wp\/v2\/comments?post=4147"}],"wp:featuredmedia":[{"embeddable":true,"href":"https:\/\/karmarando.com\/ja\/wp-json\/wp\/v2\/media\/4148"}],"wp:attachment":[{"href":"https:\/\/karmarando.com\/ja\/wp-json\/wp\/v2\/media?parent=4147"}],"wp:term":[{"taxonomy":"product_brand","embeddable":true,"href":"https:\/\/karmarando.com\/ja\/wp-json\/wp\/v2\/product_brand?post=4147"},{"taxonomy":"product_cat","embeddable":true,"href":"https:\/\/karmarando.com\/ja\/wp-json\/wp\/v2\/product_cat?post=4147"},{"taxonomy":"product_tag","embeddable":true,"href":"https:\/\/karmarando.com\/ja\/wp-json\/wp\/v2\/product_tag?post=4147"}],"curies":[{"name":"wp","href":"https:\/\/api.w.org\/{rel}","templated":true}]}}