{"id":3659,"date":"2021-12-06T08:17:27","date_gmt":"2021-12-06T07:17:27","guid":{"rendered":"https:\/\/www.karmarando.com\/prodotto\/authentic-sananga-root-tabernaemontana-undulata-collirio-medicina-amazzonia\/"},"modified":"2026-03-02T15:50:51","modified_gmt":"2026-03-02T14:50:51","slug":"sananga-root-tabernaemontana","status":"publish","type":"product","link":"https:\/\/karmarando.com\/ja\/kit-e-promo\/kit-sets\/sananga-root-tabernaemontana\/","title":{"rendered":"Sananga\u6839\u306e\u6210\u679c\u306bUndulata\u5165\u624b\u3057\u3066\u3044\u305f\u3060\u304f\u3053\u3068\u304c\u53ef\u80fd\u30675ml\u300110ml\u304a\u3088\u307315ml"},"content":{"rendered":"<div class=\"tabbed-content\">\n\t\t\t\n\t\t\t<ul class=\"nav nav-pills nav-uppercase nav-size-small nav-center\" role=\"tablist\"><li id=\"tab-descrizione\" class=\"tab active has-icon\" role=\"presentation\"><a href=\"#tab_descrizione\" role=\"tab\" aria-selected=\"true\" aria-controls=\"tab_descrizione\"><span>\u8aac\u660e<\/span><\/a><\/li>\n<li id=\"tab-propriet\u00e0\" class=\"tab has-icon\" role=\"presentation\"><a href=\"#tab_propriet\u00e0\" tabindex=\"-1\" role=\"tab\" aria-selected=\"false\" aria-controls=\"tab_propriet\u00e0\"><span>\u8ca1\u7523<\/span><\/a><\/li>\n<li id=\"tab-come-si-f\u00e0?\" class=\"tab has-icon\" role=\"presentation\"><a href=\"#tab_come-si-f\u00e0?\" tabindex=\"-1\" role=\"tab\" aria-selected=\"false\" aria-controls=\"tab_come-si-f\u00e0?\"><span>\u3067\u306f?<\/span><\/a><\/li>\n<li id=\"tab-disclaimer\" class=\"tab has-icon\" role=\"presentation\"><a href=\"#tab_disclaimer\" tabindex=\"-1\" role=\"tab\" aria-selected=\"false\" aria-controls=\"tab_disclaimer\"><span>\u514d\u8cac\u4e8b\u9805<\/span><\/a><\/li><\/ul><div class=\"tab-panels\"><div id=\"tab_descrizione\" class=\"panel active entry-content\" role=\"tabpanel\" aria-labelledby=\"tab-descrizione\">\n<h3><strong>Sananga\u6839\u306e\u6210\u679c\u306bUndulata\u5165\u624b\u3057\u3066\u3044\u305f\u3060\u304f\u3053\u3068\u304c\u53ef\u80fd\u30675ml\u300110ml\u304a\u3088\u307315ml<\/strong><\/h3>\n<p>Authentic Collirio Sananga ricavato da Corteccia di Radice di Tabernaemontana Undulata Collirio Sacra Pianta delle Trib\u00f9 Amazzoni.<\/p>\n<p><span style=\"font-size: 75%;\"><strong>\u5e97\u5185\u306e\u51b7\u8535\u5eab<\/strong><\/span><\/p>\n<p>Sananga \u00e8 costituito dalle radici e dalla corteccia dell&#8217;arbusto Tabernaemontana undulata. La radice e la corteccia di questa pianta sono ottenute dalle trib\u00f9 Kaxinaw\u00e1 e Yawanaw\u00e1. Questa medicina sacra e potente \u00e8 usata per curare i disturbi fisici e spirituali, liberando la mente e le energie e acquisendo un modo completamente nuovo di percezione e concentrazione.<\/p>\n<p>Sananga \u00e8 costituito dalle radici e dalla corteccia dell&#8217;arbusto Tabernaemontana undulata una specie di &#8220;legno da latte&#8221; della famiglia delle Apocynaceae, e proviene direttamente dai popoli delle trib\u00f9 amazzoniche. Questa medicina sacra e potente viene utilizzata per curare i disturbi fisici e spirituali, liberando la mente dalle energie distraenti e consentendo un modo completamente nuovo di percepire e focalizzare. Questo Sananga \u00e8 intriso di intenzioni di assoluta chiarezza e concentrazione. Sebbene si dice che Sananga contenga alcaloidi dell&#8217;ibogaina, in realt\u00e0 ci sono poche prove per suggerire che ci\u00f2 sia effettivamente vero. Tabernaemontanta non \u00e8 in realt\u00e0 un genere ma una &#8220;sottofamiglia&#8221;, e quindi classificata anche come &#8220;Tabernaemontanoidae&#8221;. McKenna riferisce che solo alcune delle diverse decine di piante di questa sottofamiglia contengono ibogaina, altre come &#8220;undulata&#8221; possono avere solo propriet\u00e0 analgesiche o sedative.<\/p>\n<p>Il puro spirito di Sananga supporta una profonda pulizia delle energie bloccate a livello emotivo, fisico e spirituale. Sananga pu\u00f2 bilanciare e aumentare le tue energie e trovare le radici delle tue malattie e blocchi, portando a un completo equilibrio, concentrazione e pace della mente. Inoltre, le gocce amplieranno la tua visione e consapevolezza spirituale e miglioreranno la tua capacit\u00e0 di leggere le intenzioni degli altri. Inoltre, Sananga aumenta la tua visione a lungo raggio, che \u00e8 importante per le visualizzazioni e le previsioni del futuro. Oltre a questo, le gocce vengono anche utilizzate per curare e migliorare un&#8217;ampia gamma di problemi oculari (Lambert et al 2010), come la miopia, la percezione della profondit\u00e0 e del colore, la definizione delle immagini e l&#8217;accuratezza del rilevamento. Inoltre, questa medicina magica \u00e8 indicata nei casi di gravi malattie degli occhi, come glaucoma, cataratta e cecit\u00e0. Poich\u00e9 queste gocce possono esercitare effetti cos\u00ec potenti sulla tua visualizzazione, vengono anche comunemente applicate prima o durante le cerimonie dell&#8217;Ayahuasca, per aumentare la visualizzazione e le intuizioni spirituali.<\/p>\n<p>Anche se Sananga \u00e8 famoso per i suoi effetti sulla vista e sulla visualizzazione, questo medicinale \u00e8 considerato un rimedio indigeno per tutti gli usi. Viene applicato per le malattie febbrifughe, emetiche, diuretiche, calmanti e molte altre. Inoltre, Sananga \u00e8 spesso usato per curare malattie della pelle (dermatite), sopprimere l&#8217;appetito (Jernigan 2009), alleviare problemi dentali (Shepard 1999) e contrastare le ferite da morso di serpente e l&#8217;avvelenamento, curare ferite agli occhi e reumatismi (Sanz-Biset et al. 2009; Schultes 1979). Un altro importante aspetto curativo della famiglia delle Apocynaceae \u00e8 la sua attivit\u00e0 antimicrobica ampiamente esplorata, che ha dimostrato che questa famiglia ha un forte antiossidante (Pereira et al. 2005), antitumorale (Kingston et al. 1977; Gunasekera et al. 1980), antifertilit\u00e0\/contraccettivo ( Meyeret al. 1973), antipiretico (che riduce la febbre), antinfiammatorio (Taesotikul et al. 2003), antimicobatterico (Pereira et al. 2005) e antimicrobico (Beek et al. 1984; Suffredini et al. 2002; Ruttoh et al. 2009) effetti.<\/p>\n<p>Tradizionalmente, trib\u00f9 come i Mats\u00e9 usano Sananga come strumento di caccia per ottenere una percezione e concentrazione nitide e per consentire il rilevamento di movimenti sottili nella giungla oscura (Lambert et al 2010). Inoltre, le gocce possono consentire una forte visualizzazione della preda o della pianta da cacciare, consentendo una ricerca rapida e di successo. Spesso Sananga \u00e8 combinato con altri strumenti di caccia, come il Kambo, che migliorano ulteriormente le abilit\u00e0 di caccia. Per la maggior parte delle trib\u00f9 indigene, cacciare significa sopravvivenza e quindi significa un&#8217;abilit\u00e0 eccezionalmente importante e cruciale.<\/p>\n<p>Le trib\u00f9 credono che diventare un buon cacciatore e un buon miratore possa essere raggiunto solo usando piante sacre. Queste piante sacre migliorano la percezione e l&#8217;acutezza, l&#8217;intenzione, l&#8217;olfatto, la resistenza e la fortuna. Pertanto, strumenti di caccia come Sananga e Kambo, rappresentano circa un quarto di tutte le piante medicinali utilizzate nelle trib\u00f9 indigene (Shepard 1999).<\/p>\n<p><b>Origine, creazione e applicazione <\/b><br \/>\nI colliri Sananga sono prodotti dall&#8217;arbusto Tabernaemontana undulata che cresce ad Acri, in Brasile e in altri paesi sudamericani, ed \u00e8 noto alla trib\u00f9 Kaxinaw\u00e1s come &#8220;Mana Heins&#8221; e come &#8220;Becchete&#8221; ai Mats\u00e9s. Mana Heins o Becchete appartengono alla famiglia delle Apocynaceae, la stessa famiglia a cui appartiene l&#8217;iboga (Tabernanthe iboga) (K\u00f6nig et al. 2015). La corteccia della radice di questo arbusto viene prima macinata in polvere finissima che viene filtrata pi\u00f9 volte attraverso una rete di cotone e infine viene estratta in un succo. Quando vengono applicate sulla pelle, le foglie di Sananga vengono ammorbidite dal fuoco e applicate direttamente sulla parte interessata, oppure il lattice della radice viene mescolato con acqua e applicato con un panno (Van Beek et al. 1984). Tuttavia, pu\u00f2 essere applicato anche con una bevanda a base di un estratto acquoso della corteccia della radice.<\/p>\n<h3><strong>Sananga Original Amazzonia, Radice di Tabernaemontana.<\/strong><\/h3>\n<p>ATTENZIONE: per chi non conosce questi rimedi, si prega di leggere fino in fondo e per maggiori info contattare via email per assistenza, e se necessario sar\u00e0 preso un contatto telefonico per Consigli e Usi.<\/p>\n<p>Come sappiamo i Problemi della Vista come del resto molte posologie, sono tutti psicosamatici a parte quelli dipendenti dal Timo che porta a invecchiare, di coseguenza il Sanaga va a risolvere proprio questo attraverso gli occhi.<\/p>\n<\/div>\n<div id=\"tab_propriet\u00e0\" class=\"panel entry-content\" role=\"tabpanel\" aria-labelledby=\"tab-propriet\u00e0\">\n<h3><strong>Principi attivi<\/strong><\/h3>\n<p>IL Sananga contiene coronadine, quebrachidine, heyneanine, 3-hydroxycoronaridine, ibogamina e voacangine, la 3-idrossicoronaridina, (Van Beek et al 1984; delle Monache et al. 1977)<\/p>\n<p>Tutti questi alcaloidi hanno potenti effetti psicoattivi e possono esercitare forti effetti antibiotici.<\/p>\n<h3><strong>Principali usi della pianta<\/strong><\/h3>\n<p><strong>Medicina Sacra del Guerriero<\/strong><\/p>\n<ul>\n<li>Estinguere la Panema un termine che possiamo tradurre come depressione, tristezza, stanchezza e malessere.<\/li>\n<li>Collirio (dalle molte indicazioni, \u00e8 la forma pi\u00f9 utilizzata) in quanto ha altre forme di essere utillazzata.<\/li>\n<li>Schiarisce la mente e le energie e ottenendo un nuovo modo completo di percezione e concentrazione.<\/li>\n<li>Aiuta nella Cura di disturbi fisici e spirituali, liberando la mente dalle energie distrattive e consentendo un modo completamente nuovo di percepire e focalizzare.<\/li>\n<li>Sblocca le energie negative e aumenta la voglia di vivere e la forza di affrontare i nostri sogni<\/li>\n<li>miopia<\/li>\n<li>Glaucoma<\/li>\n<li>Cataratta<\/li>\n<li>Alcuni casi di perdita di visione<\/li>\n<li>Cecit\u00e0<\/li>\n<li>maculopatia<\/li>\n<li>Cheratocono<\/li>\n<li>Retinopatia<\/li>\n<li>Degenarazione Maculare senile<\/li>\n<li>percezione della profondit\u00e0 e del colore, definizione delle immagini e accuratezza del rilevamento.<\/li>\n<li>Cura dell\u2019alitosi<\/li>\n<li>Cura della candida vaginale<\/li>\n<li>Vomitivo<\/li>\n<li>Calmante e chiarificatore per la mente<\/li>\n<li>Accrescitivo della profondit\u00e0 negli stati meditativi<\/li>\n<li>Migliorativo dei sogni lucidi<\/li>\n<li>Stimolante l\u2019eliminazione di energie stagnanti<\/li>\n<li>Migliorativo della vista<\/li>\n<li>Migliorativo dell\u2019intuizione<\/li>\n<\/ul>\n<p>Non \u00e8 solo Fantastico per tuti i problemi collegati all&#8217;occhio descritti sopra, ma..<\/p>\n<p>\u7d44\u307f\u5408\u308f\u305b\u3066\u4f7f\u7528\u3057\u3001\u524dRap\u00e9,\u30ab\u30f3\u30dd\u30b9,Ayahuasca\u3001\u4e00\u6ef4\u306e\u30c0\u30a4\u30e4\u30e2\u30f3\u30c9\u306e\u5e7b\u306e\u904e\u7a0b\u3068\u7cbe\u795e\u7684\u306a\u76f4<\/p>\n<p>Inoltre questa Pianta sacra viene usata dai nativi per stati febbrili, avendo propriet\u00e0 emetiche, diuretiche, e di cura di molti altri tipi di malattie comuni, come problemi della pelle (dermatiti); \u00e8 di aiuto in presenza di problemi dentali e reumatismi. Molti studi scientifici sono in corso tutt\u2019oggi, volti ad approfondire i differenti usi di questa pianta curativa.<\/p>\n<p>Tradizionalmente, dai popoli nativi, \u00e8 usata come strumento importante e fondamentale nelle battute di caccia, perch\u00e9 aumenta la percezione e la concentrazione, Aiutando a individuare movimenti sottili nella selva amazzonica (Lambert et Al 2010).<\/p>\n<p>Allo stesso tempo il collirio pu\u00f2 aiutare i cacciatori ad avere visualizzazioni della preda (che si concede come sacrificio sacro) e delle piante che devono essere cacciate e trovate (Lambert et al 2010). Durante le battute di caccia il Sananga viene spesso accompagnata al Kamb\u00f2, che aiuta ad aumentare ancora di pi\u00f9 le capacit\u00e0 di caccia.<\/p>\n<p>Si tenga in considerazione che la caccia e la pesca per molte trib\u00f9 native sono l\u2019unico mezzo di sopravvivenza in un territorio cos\u00ec ostile, per questo motivo i nativi usano tutto quello che \u00e8 a loro disposizione per accrescere e migliorare le loro capacit\u00e0. L\u2019uso di queste piante naturali di potere li aiuta a superare tutte le difficolt\u00e0 della selva e allo stesso tempo dona loro una grande capacit\u00e0 visionaria per trovare molto pi\u00f9 facilmente le prede da cacciare.<\/p>\n<p>Origini, creazione e modalit\u00e0 di applicazione. Come dicevamo precedentemente il Sananga \u00e8 fatto dalle radici e dalla corteccia delle piante di Tabernaemontana Undulata, che cresce principalmente nella zona di Acre, Brasile, e in altre Paesi Sudamericani.<\/p>\n<p>\u00c8 conosciuta come \u201cMana Heins\u201d dal popolo Kaxinaw\u00e0 Brasiliani e \u201cBacchete\u201d dai Matses del Per\u00f9. Le radici e la corteccia di questa pianta vengono prima ridotte in polvere e poi colate varie volte attraverso un colino di cotone per poi essere finalmente estratte in forma di succo liquido che poi viene usato in vari modi dai nativi.<\/p>\n<\/div>\n<div id=\"tab_come-si-f\u00e0?\" class=\"panel entry-content\" role=\"tabpanel\" aria-labelledby=\"tab-come-si-f\u00e0?\">\n<h3><strong>Dosaggio e Uso<br \/>\n<\/strong><\/h3>\n<p>In Amazonia questo prodotto viene usato abitudinariamente giornalmente a cicli di 2 mesi si e 2 settimane no, per la prima volta, per poi usarlo un mese si e 2 settimane no.<\/p>\n<p>si pu\u00f2 usare tutti giorni o 1 giorno si e uno no sempr per 2 mesi e poi risposo epr 2 settimane per poi riprendere.<\/p>\n<h5><strong> Prima di pensare alla dose \u00e8 fondamentale avere un intento. <\/strong><\/h5>\n<h5><strong> Lavorando concentrati su di esso, la pianta aiuta a fare chiarezza su quell\u2019aspetto della vita che si vuole osservare pi\u00f9 in profondit\u00e0. <\/strong><\/h5>\n<h5><strong> Il potere della tua intnzione \u00e8 determinante ed ogni medicinale pu\u00f2 solo ottenere e curare ci\u00f2 che intendi. <\/strong><\/h5>\n<h4><strong>U<\/strong>na sola goccia per occhio \u00e8 sufficiente per una potente sessione di Sananga. Consigliamo di trovare un luogo calmo e tranquillo, sia nella natura, sia a casa in un ambiente tranquillo e con musica meditativa. Gli effetti acuti svaniscono dopo 10-15 minuti, ma gli effetti collaterali lievi possono durare per giorni. Assicurati di sdraiarti per consentire una buona applicazione e di lasciare gli occhi chiusi durante la sessione. \u00c8 importante applicare una goccia su entrambi gli occhi e non aspettare con la seconda goccia, applicarla immediatamente per bilanciare le energie su entrambi gli occhi. Successivamente, dovresti battere le palpebre per un breve periodo per distribuire il liquido su tutto l&#8217;occhio. Idealmente, trovi una seconda persona che pu\u00f2 applicare il Sananga per te.<\/h4>\n<p>Poco dopo l&#8217;applicazione sugli occhi, la maggior parte degli utenti segnala un forte bruciore e un&#8217;intensa sensazione di dolore pungente. Tuttavia, questi effetti svaniscono dopo pochi minuti e possono essere alleviati concentrandoti sulla respirazione e visualizzando come il dolore si trasforma in forza e rimuove le tue energie bloccate e porta una guarigione profonda.<\/p>\n<p>Inoltre, potresti anche provare vomito e movimenti intestinali, che sono ulteriori indicazioni per l&#8217;eliminazione delle energie bloccate e della malattia. Cerca di arrenderti completamente e rilassati il \u200b\u200bpi\u00f9 possibile.<\/p>\n<p>\u540c\u69d8\u306b\u5fae\u91cf\u306eiboga\u3001Sananga\u65e5\u3005\u304c\u5f93\u3046\u30d7\u30ed\u30c8\u30b3\u30eb\u3001\u30d5\u30a9\u30ed\u30fc\u306e\u5f37\u3044\u610f\u5411\u3067\u306e\u7652\u3057\u306e\u305f\u3081\u306b\u306f\u6df1\u3044\u3002<\/p>\n<p>Per dare un\u2019idea, una sola goccia di Sananga per occhio \u00e8 sufficiente per una potente sessione di cura. Si raccomanda sempre l\u2019uso del Sananga in modo sacro, in uno spazio protetto.<\/p>\n<p>Non \u00e8 una sostanza da assumere con leggerezza e inesperienza, perch\u00e9 lavora a livello profondo smuovendo in modo potente \u201ctossine\u201d che si sono cristallizzate nel corpo, nella mente e nell\u2019anima in modo sottile.<\/p>\n<p>Pertanto \u00e8 fondamentale essere seguiti e supportati da persone esperte nell\u2019uso e somministrazione. L\u2019effetto acuto del Sananga dura circa 10-15 minuti, mentre l\u2019effetto a livello sottile pu\u00f2 durare anche vari giorni.<\/p>\n<p>\u00c8 fondamentale l\u2019applicazione delle gocce in entrambi gli occhi per bilanciare l\u2019emisfero destro e quello sinistro del cervello.<\/p>\n<p>Ci\u00f2 che si avverte immediatamente dopo l\u2019applicazione \u00e8 un grande bruciore agli occhi, come avendo messo del peperoncino.<\/p>\n<p>Dopo pochi istanti il bruciore inizia a diminuire, una tecnica efficace per diminuire il bruciore agli occhi \u00e8 portare l\u2019attenzione al respiro, respirando con la bocca.<\/p>\n<p>Quando diminuisce il bruciore si inizia a percepire l\u2019eliminazione di blocchi sottili, soprattutto all\u2019altezza del terzo occhio, si amplifica la visione e il corpo si rilassa. Si avranno per persone su percorso spirituale percezioni a livelli pi\u00f9 profondi, e molta chiarezza mentale.<\/p>\n<h3><strong>Approfondimenti<\/strong><\/h3>\n<h3>Un cliente mi ha riferito di aver provato i colliri Sananga. E il suo commento \u00e8 stato: &#8220;&#8230;Non ha funzionato. Tutto quello che ho avuto \u00e8 stato un dolore estremo e nient&#8217;altro, quindi non ha funzionato&#8230;&#8221;. Quindi gli ho spiegato gli effetti di Sananga e i benefici del dolore:<\/h3>\n<p>&#8220;Sembrava aver funzionato perfettamente. Il dolore del Sananga permette la guarigione. Se non fa male, non otterrai quel processo. Il dolore ti permette di radicarti ed equilibrarti. Le prime volte pu\u00f2 causare sofferenza e dramma ma quando capisci cosa farne puoi raggiungere uno stato di zen e di impavidit\u00e0. E sar\u00e0 facile. Prendi il dolore senza drammi. E ad un certo punto sarai in grado di prendere Sananga nel momento in cui ci pensi. Senza qualsiasi esitazione, dubbio o paura per ci\u00f2 che sta arrivando. E poi lo lasci cadere negli occhi e permetti semplicemente ci\u00f2 che accade. Vai nel processo senza alcuna espressione. Sii calmo, respira, sopporta il dolore ma non lasciare che causi disperazione . Siediti dritto, ruota gli occhi e non mostrare nulla della tua lotta interiore. Puoi incanalare tutto quel dolore in potere, immediatamente. E i benefici in seguito non sono solo l&#8217;impavidit\u00e0. Ti libera dal dramma, dall&#8217;irritazione, dal dolore, dalla paura , rabbia E ha effetti benefici sui tuoi occhi, prende lo sporco accumulato lontano dall&#8217;obiettivo e anche dalla parte posteriore degli occhi. Avrai una migliore concentrazione, sia visivamente che mentalmente. &#8220;Vedrai&#8221; le cose meglio. Sananga pu\u00f2 renderti un guerriero e 15 minuti dopo l&#8217;esperienza, fino a giorni dopo, e in alcuni casi in modo permanente, hai la determinazione di ottenere qualsiasi cosa e non sarai pi\u00f9 ostacolato dalle emozioni negative. Se riesci a trattare con Sananga puoi affrontare la vita di tutti i giorni molto meglio, specialmente in situazioni in cui sei sfidato a cadere in emozioni negative, drammi, paura o rabbia&#8221;.<\/p>\n<h3><b>Attenzione<\/b><\/h3>\n<h3>Le lenti a contatto devono essere rimosse prima di applicare Sananga.<\/h3>\n<\/div>\n<div id=\"tab_disclaimer\" class=\"panel entry-content\" role=\"tabpanel\" aria-labelledby=\"tab-disclaimer\">\n<p><strong><span style=\"color: #d83131;\">\u5199\u771f\u306e\u8aac\u660e\u306f\u7d14\u7c8b\u306b\u793a<\/span><\/strong><\/p>\n<p><strong><span style=\"color: #d83131;\">\u88fd\u54c1\u306e\u4fdd\u8a3c\u304b\u3089KARMARANDO<\/span><\/strong><br \/>\n<strong><span style=\"color: #d83131;\">\u306e\u88fd\u54c1\u3001\u690d\u7269\u3001\u9999\u6599\u3001\u7c89\u672b\u73fe\u3067\u304d\u306a\u3044\u53ef\u3092\u8fd4\u3057\u307e\u3059\u3068\u8fd4\u91d1<\/span><\/strong><\/p>\n<p>\u306e <strong>\u3055\u308c\u3066\u3044\u308b<\/strong> \u306e\u30ab\u30c6\u30b4\u30ea\u3068\u30bf\u30b0\u3092\u3057\u3066\u3044\u308b\u3053\u3068\u3092\u304a\u52e7\u3081\u306e\u533b\u85ac\u7528\u9014\u30fc\u30b7\u30e7\u30f3\u54c1\u306f\u3001\u30bd\u30fc\u30c8\u306b\u57fa\u3065\u304f\u5229\u7528\u306e\u6b74\u53f2\u7684\u3001\u79d1\u5b66\u7684\u3001\u793e\u4f1a\u306e<\/p>\n<p><strong>\u306e\u30ec\u30b7\u30d4\u63d0\u4f9b\u8005\u3068\u3057\u3066\u79d1\u5b66\u7684<\/strong>\u3044\u3064\u3081\u306e\u304a\u5ba2\u69d8\u306b\u7e70\u308a\u8fd4\u3057\u3066\u3082\u3001\u6d88\u8cbb\u306e\u88fd\u54c1\u3067\u3059\u3002<\/p>\n<p><strong>\u5f53\u793e\u306e\u30b3\u30f3\u30c6\u30f3\u30c4<\/strong> \u3055\u308c\u3066\u3044\u306a\u3044\u306eFDA\u306f\u3001\u56f3\u306e\u533b\u7642\u5c02\u9580\u8077\u306e\u3067\u6709\u7528\u53ef\u80fd\u306a\u30a2\u30d7\u30ea\u30b1\u30fc\u30b7\u30e7\u30f3\u306e\u6307\u793a\u85ac\u3068\u8b66\u544a\u3055\u308c\u3066\u3044\u308b\u3053\u3068\u3092\u793a\u3057\u305f\u6559\u80b2\u3092\u76ee\u7684\u601d\u60d1\u3084\u500b\u4eba\u3001\u306b\u8a72\u5f53\u3057\u306a\u3044\u533b\u7642\u3002<\/p>\n<p><strong>\u88fd\u54c1\u306e\u8ca9\u58f2<\/strong> \u3068\u3057\u3066\u9999\u3001\u77f3\u9e78\u3001\u6a39\u8102\u3001\u690d\u7269\u30b3\u30ec\u30af\u30b7\u30e7\u30f3\u3001\u7269\u8cea\u79d1\u5b66\u7684\u7814\u7a76\u3067\u3059\u3002<\/p>\n<p><span style=\"color: #ed1c24; font-size: 115%;\"><strong>\u5f7c\u3089\u306f\u5229\u7528\u3057\u306a\u3044\u3067\u304f\u3060\u3055\u3044\u307e\u3057\u305f\u3002<br \/>\n\u3067\u304d\u308b\u5546\u54c1\u306e\u8cfc\u5165\u304c\u5fc5\u898118\u6b73\u4ee5\u4e0a\u3067\u306a\u3051\u308c\u3070\u306a\u308a\u306e\u6642\u4ee3\u306b\u306f\u9069\u3057\u3066\u3044\u307e\u305b\u3093\u304c\u5973\u6027\u306e\u598a\u5a20\u4e2d\u3084\u6388\u4e73\u671f\u306b\u306f\u5973\u6027\u3067\u3059\u3002<\/strong><\/span><\/p>\n<p>\u5f97\u60c5\u5831 <strong>KARMARANDO<\/strong> \u8a2a\u554f <a href=\"https:\/\/www.instagram.com\/karmarando1\/\" target=\"_blank\" rel=\"noopener\"><br \/>\n<span style=\"color: #0000ff;\"><strong>\u3053\u306e\u30da\u30fc\u30b8<\/strong><\/span><\/a> \u307e\u305f\u306f\u3092\u304a\u8aad\u307f\u306e\u6700\u65b0\u306e\u30cb\u30e5\u30fc\u30b9 <a href=\"https:\/\/karmarando.com\/ja\/blog\/\" target=\"_blank\" rel=\"nofollow noopener\"><strong><span style=\"color: #0000ff;\">\u30d6\u30ed\u30b0<\/span><\/strong><\/a><br \/>\n<\/div><\/div><\/div>","protected":false},"excerpt":{"rendered":"<p>Sananga\u6839\u306e\u6210\u679c\u306bUndulata\u5165\u624b\u3057\u3066\u3044\u305f\u3060\u304f\u3053\u3068\u304c\u53ef\u80fd\u30675ml\u300110ml\u304a\u3088\u307315ml<\/p>","protected":false},"featured_media":3664,"comment_status":"open","ping_status":"closed","template":"","meta":[],"product_brand":[468],"product_cat":[255,256,15,199,257,214],"product_tag":[805],"class_list":{"0":"post-3659","1":"product","2":"type-product","3":"status-publish","4":"has-post-thumbnail","6":"product_brand-karmarando","7":"product_cat-kit-e-promo","8":"product_cat-kit-sets","9":"product_cat-offerte-a-tempo","10":"product_cat-piante-di-potere","11":"product_cat-promo","12":"product_cat-sananga","13":"product_tag-sananga","14":"pa_brand-karmarando","15":"pa_ean-1269","16":"pa_ingredienti-tabernaemontana-undulata","17":"pa_ml-10ml","18":"pa_ml-15ml","19":"pa_ml-5ml","20":"pa_paese-di-fabbricazione-brasile","21":"pa_paese-di-fabbricazione-messico","22":"pa_paese-di-fabbricazione-peru","24":"first","25":"instock","26":"sale","27":"shipping-taxable","28":"purchasable","29":"product-type-variable"},"_links":{"self":[{"href":"https:\/\/karmarando.com\/ja\/wp-json\/wp\/v2\/product\/3659","targetHints":{"allow":["GET"]}}],"collection":[{"href":"https:\/\/karmarando.com\/ja\/wp-json\/wp\/v2\/product"}],"about":[{"href":"https:\/\/karmarando.com\/ja\/wp-json\/wp\/v2\/types\/product"}],"replies":[{"embeddable":true,"href":"https:\/\/karmarando.com\/ja\/wp-json\/wp\/v2\/comments?post=3659"}],"wp:featuredmedia":[{"embeddable":true,"href":"https:\/\/karmarando.com\/ja\/wp-json\/wp\/v2\/media\/3664"}],"wp:attachment":[{"href":"https:\/\/karmarando.com\/ja\/wp-json\/wp\/v2\/media?parent=3659"}],"wp:term":[{"taxonomy":"product_brand","embeddable":true,"href":"https:\/\/karmarando.com\/ja\/wp-json\/wp\/v2\/product_brand?post=3659"},{"taxonomy":"product_cat","embeddable":true,"href":"https:\/\/karmarando.com\/ja\/wp-json\/wp\/v2\/product_cat?post=3659"},{"taxonomy":"product_tag","embeddable":true,"href":"https:\/\/karmarando.com\/ja\/wp-json\/wp\/v2\/product_tag?post=3659"}],"curies":[{"name":"wp","href":"https:\/\/api.w.org\/{rel}","templated":true}]}}