{"id":3553,"date":"2021-03-06T05:02:44","date_gmt":"2021-03-06T04:02:44","guid":{"rendered":"https:\/\/www.karmarando.com\/prodotto\/10gr-ambila-forte-organica-naturale-mapacho-mambe-con-sale-del-monte-in-pasta\/"},"modified":"2025-12-07T14:04:14","modified_gmt":"2025-12-07T13:04:14","slug":"ambil-mapacho-ambila","status":"publish","type":"product","link":"https:\/\/karmarando.com\/ja\/piante-di-potere\/ambil-e-mambe\/ambil-mapacho-ambila\/","title":{"rendered":"Ambila\u306e\u5f37\u3044\u6709\u6a5fAmbil Mapacho\u306e\u5ba2\u5ba4\u306f\u30e2\u30f3\u30c6\u2013\u30da\u30fc\u30b9\u30c8"},"content":{"rendered":"<div class=\"tabbed-content\">\n\t\t\t\n\t\t\t<ul class=\"nav nav-pills nav-uppercase nav-size-small nav-center\" role=\"tablist\"><li id=\"tab-descrizione\" class=\"tab active has-icon\" role=\"presentation\"><a href=\"#tab_descrizione\" role=\"tab\" aria-selected=\"true\" aria-controls=\"tab_descrizione\"><span>\u8aac\u660e<\/span><\/a><\/li>\n<li id=\"tab-propriet\u00e0\" class=\"tab has-icon\" role=\"presentation\"><a href=\"#tab_propriet\u00e0\" tabindex=\"-1\" role=\"tab\" aria-selected=\"false\" aria-controls=\"tab_propriet\u00e0\"><span>\u8ca1\u7523<\/span><\/a><\/li>\n<li id=\"tab-come-si-f\u00e0?\" class=\"tab has-icon\" role=\"presentation\"><a href=\"#tab_come-si-f\u00e0?\" tabindex=\"-1\" role=\"tab\" aria-selected=\"false\" aria-controls=\"tab_come-si-f\u00e0?\"><span>\u3067\u306f?<\/span><\/a><\/li>\n<li id=\"tab-disclaimer\" class=\"tab has-icon\" role=\"presentation\"><a href=\"#tab_disclaimer\" tabindex=\"-1\" role=\"tab\" aria-selected=\"false\" aria-controls=\"tab_disclaimer\"><span>\u514d\u8cac\u4e8b\u9805<\/span><\/a><\/li><\/ul><div class=\"tab-panels\"><div id=\"tab_descrizione\" class=\"panel active entry-content\" role=\"tabpanel\" aria-labelledby=\"tab-descrizione\">\n<h3>Ambila Forte &#8211; Ambil Organica Naturale &#8211; Mapacho con Sale del Monte (Ricetta originale) &#8211; in Pasta<\/h3>\n<p>&gt;Ambil o Ambila<\/p>\n<p>Ambil Forte Ambila Organica Naturale di Mapacho con sali vegetali del monte<\/p>\n<p>L&#8217;ambil ancora oggi viene usata dai popoli dell&#8217;Amazzonia per scopi sacri, per scambiare parole e prendere decisioni di vitale importanza per la comunit\u00e0, non \u00e8 tanto un modello per il processo decisionale, ma un&#8217;etica per il processo decisionale.<\/p>\n<p><strong>Ambil, mapacho Ricetta originale<\/strong><br \/>\nNelle varie culture , offrire ambila \u00e8 un segno di amicizia, rifiutandolo come un segno di ostilit\u00e0. \u00c8 considerata una sostanza sacra che d\u00e0 vita, protezione, socializza e fornisce discernimento morale.<br \/>\nL&#8217;ambil o Ambila in italiano fornisce pensieri \/ emozioni, &#8220;assensi&#8221; f\u00e1 emergere l&#8217;inconscio fissandolo e integrandolo con il nostro conscio.\u00c8 indispensabile prima del rap\u00e8 come parte integrante dello stesso, per avere un processo pi\u00f9 potente, pi\u00f9 rilassato, e pi\u00f9 proficuo.Le parole strumentali che sentiamo ci consente di esprimerle e farle nostre. Inoltre, l&#8217;ambila risveglia la persona, portandola a uno stato di piena e vigile consapevolezza e sensibilizza il corpo in modo tale da riconoscere la presenza del male minaccioso mediante formicolio di sensazioni alla schiena e la pelle, o attraverso le dita dei piedi.<\/p>\n<p>Lo spirito magico \u00e8 il respiro e la parola fiduciosa che possiede ogni umano, dimostrando il suo valore alla comunit\u00e0. La parola nella lingua uitoto, ambila \u00e8 yera, che significa &#8220;comportamento&#8221; e il suffisso -ra &#8220;sostanza&#8221;, quindi per loro l&#8217;ambila significa &#8220;sostanza di comportamento&#8221;. Il concetto di Yet\u00e1rafue ( ye- &#8216;comportamento&#8217;; -ta- &#8216;make&#8217;; -rafue &#8216;parola&#8217;) Significa &#8220;Parola per comportarsi&#8221; (o &#8220;Parola di disciplina&#8221;) ed \u00e8 la base per prendersi cura della famiglia. E dato il rigore e la disciplina necessari per la preparazione di Ambila e possedere e usare Ambila \u00e8 anche un segno dell&#8217;et\u00e0 adulta di n abitante dell&#8217;amazzonia.<br \/>\n<\/div>\n<div id=\"tab_propriet\u00e0\" class=\"panel entry-content\" role=\"tabpanel\" aria-labelledby=\"tab-propriet\u00e0\">\n<h3><strong>Ambil<\/strong><\/h3>\n<p><strong>RIMEDIO:<\/strong><\/p>\n<p>-Per radicarsi a terra<br \/>\n-Per centratura<br \/>\n-Silenziare i pensieri Negativi<br \/>\n-Per smettere con il vizio del Fumo\/Tabagismo<br \/>\n-Ottimo prima del Rap\u00e9 (Guarda nel nostro negozio! troverai tante variet\u00e0! Con qualit\u00e0 prezzo!)<br \/>\n-Ottima assieme al Mamb\u00e8 (Disponibile nel Nostro negozio a un prezzo speciale!)<\/p>\n<p><strong>Dosi e Modalit\u00e0<\/strong><br \/>\nmettere incollato nei denti davanti (quelli sotto) una pallina grande come un pisello o pi\u00f9 grande<\/p>\n<p>Lasciare assorbire naturalmente con la saliva, mandando giu ogni tanto con occhi chiusi e presenza mentre si effettuano respiri profondi<\/p>\n<p>IL respiro migliore da fare \u00e8 x4 (prendi fiato in 4 secondi, trattieni per 4 secondi, lascia il fiato in 4 secondi e trattieni per 4 secondi, e riprendi di nuovo il respiro per 4 secondi e cosi via.<br \/>\n<\/div>\n<div id=\"tab_come-si-f\u00e0?\" class=\"panel entry-content\" role=\"tabpanel\" aria-labelledby=\"tab-come-si-f\u00e0?\">\n<strong>Ambila e Mamb\u00e8 sono ottimi da fare assieme<\/strong> sono una medicina per il corpo, che aiuta a espellere muco e parassiti dai seni frontali e paranasali. Elimina mal di testa, naso chiuso, e vertigini, poich\u00e9 decomprime la pressione del cranio. \u00c8 anche un&#8217;eccellente guaritivo influenzale, e antibiotico naturale e cicatrizzante delle ferite, in particolare a quelle che contengono salvia e lavanda.Inoltre sincronizza, allinea, l&#8217;attenzione e amplifica la percezione, aprendo canali astrali, crando transizione nel rituale. \u00c8 anche una medicina per la visione dello spirito, che ci aiuta a liberare la mente e a fermare il dialogo interiore, ad essere veramente presenti per poter vedere oltre le nostre interpretazioni.<\/p>\n<p>Questa pianta viene anche utilizzata come strumento per promuovere conversazioni produttive tra i membri della comunit\u00e0 e per prendere decisioni che influiscono sul benessere degli altri.<br \/>\nQueste tradizioni che ci collegano gli uni agli altri e alla terra sono ci\u00f2 che gli abuelos, i taitas, i curanderos e gli sciamani della Colombia e del Sud America considerano piante maestre, insieme all&#8217;Ayahuasca (Yag\u00e9). Se usate intenzionalmente, queste piante ci connettono con il regno spirituale, aprono uno spazio per l&#8217;autoriflessione nelle nostre vite e guariscono.<\/p>\n<\/div>\n<div id=\"tab_disclaimer\" class=\"panel entry-content\" role=\"tabpanel\" aria-labelledby=\"tab-disclaimer\">\n<p><strong><span style=\"color: #d83131;\">\u5199\u771f\u306e\u8aac\u660e\u306f\u7d14\u7c8b\u306b\u793a<\/span><\/strong><\/p>\n<p><strong><span style=\"color: #d83131;\">\u88fd\u54c1\u306e\u4fdd\u8a3c\u304b\u3089KARMARANDO<\/span><\/strong><br \/>\n<strong><span style=\"color: #d83131;\">\u306e\u88fd\u54c1\u3001\u690d\u7269\u3001\u9999\u6599\u3001\u7c89\u672b\u73fe\u3067\u304d\u306a\u3044\u53ef\u3092\u8fd4\u3057\u307e\u3059\u3068\u8fd4\u91d1<\/span><\/strong><\/p>\n<p>\u306e <strong>\u3055\u308c\u3066\u3044\u308b<\/strong> \u306e\u30ab\u30c6\u30b4\u30ea\u3068\u30bf\u30b0\u3092\u3057\u3066\u3044\u308b\u3053\u3068\u3092\u304a\u52e7\u3081\u306e\u533b\u85ac\u7528\u9014\u30fc\u30b7\u30e7\u30f3\u54c1\u306f\u3001\u30bd\u30fc\u30c8\u306b\u57fa\u3065\u304f\u5229\u7528\u306e\u6b74\u53f2\u7684\u3001\u79d1\u5b66\u7684\u3001\u793e\u4f1a\u306e<\/p>\n<p><strong>\u306e\u30ec\u30b7\u30d4\u63d0\u4f9b\u8005\u3068\u3057\u3066\u79d1\u5b66\u7684<\/strong>\u3044\u3064\u3081\u306e\u304a\u5ba2\u69d8\u306b\u7e70\u308a\u8fd4\u3057\u3066\u3082\u3001\u6d88\u8cbb\u306e\u88fd\u54c1\u3067\u3059\u3002<\/p>\n<p><strong>\u5f53\u793e\u306e\u30b3\u30f3\u30c6\u30f3\u30c4<\/strong> \u3055\u308c\u3066\u3044\u306a\u3044\u306eFDA\u306f\u3001\u56f3\u306e\u533b\u7642\u5c02\u9580\u8077\u306e\u3067\u6709\u7528\u53ef\u80fd\u306a\u30a2\u30d7\u30ea\u30b1\u30fc\u30b7\u30e7\u30f3\u306e\u6307\u793a\u85ac\u3068\u8b66\u544a\u3055\u308c\u3066\u3044\u308b\u3053\u3068\u3092\u793a\u3057\u305f\u6559\u80b2\u3092\u76ee\u7684\u601d\u60d1\u3084\u500b\u4eba\u3001\u306b\u8a72\u5f53\u3057\u306a\u3044\u533b\u7642\u3002<\/p>\n<p><strong>\u88fd\u54c1\u306e\u8ca9\u58f2<\/strong> \u3068\u3057\u3066\u9999\u3001\u77f3\u9e78\u3001\u6a39\u8102\u3001\u690d\u7269\u30b3\u30ec\u30af\u30b7\u30e7\u30f3\u3001\u7269\u8cea\u79d1\u5b66\u7684\u7814\u7a76\u3067\u3059\u3002<\/p>\n<p><span style=\"color: #ed1c24; font-size: 115%;\"><strong>\u5f7c\u3089\u306f\u5229\u7528\u3057\u306a\u3044\u3067\u304f\u3060\u3055\u3044\u307e\u3057\u305f\u3002<br \/>\n\u3067\u304d\u308b\u5546\u54c1\u306e\u8cfc\u5165\u304c\u5fc5\u898118\u6b73\u4ee5\u4e0a\u3067\u306a\u3051\u308c\u3070\u306a\u308a\u306e\u6642\u4ee3\u306b\u306f\u9069\u3057\u3066\u3044\u307e\u305b\u3093\u304c\u5973\u6027\u306e\u598a\u5a20\u4e2d\u3084\u6388\u4e73\u671f\u306b\u306f\u5973\u6027\u3067\u3059\u3002<\/strong><\/span><\/p>\n<p>\u5f97\u60c5\u5831 <strong>KARMARANDO<\/strong> \u8a2a\u554f <a href=\"https:\/\/www.instagram.com\/karmarando1\/\" target=\"_blank\" rel=\"noopener\"><br \/>\n<span style=\"color: #0000ff;\"><strong>\u3053\u306e\u30da\u30fc\u30b8<\/strong><\/span><\/a> \u307e\u305f\u306f\u3092\u304a\u8aad\u307f\u306e\u6700\u65b0\u306e\u30cb\u30e5\u30fc\u30b9 <a href=\"https:\/\/karmarando.com\/ja\/blog\/\" target=\"_blank\" rel=\"nofollow noopener\"><strong><span style=\"color: #0000ff;\">\u30d6\u30ed\u30b0<\/span><\/strong><\/a><\/p>\n<\/div><\/div><\/div>","protected":false},"excerpt":{"rendered":"<p>Ambila\u306e\u5f37\u3044\u6709\u6a5fAmbil Mapacho\u306e\u5ba2\u5ba4\u306f\u30e2\u30f3\u30c6\u2013\u30da\u30fc\u30b9\u30c8<\/p>","protected":false},"featured_media":4364,"comment_status":"open","ping_status":"closed","template":"","meta":[],"product_brand":[468],"product_cat":[185,193],"product_tag":[81,82],"class_list":{"0":"post-3553","1":"product","2":"type-product","3":"status-publish","4":"has-post-thumbnail","6":"product_brand-karmarando","7":"product_cat-rapee-e-co","8":"product_cat-ambil-e-mambe","9":"product_tag-ambil","10":"product_tag-ambila","11":"pa_brand-karmarando","12":"pa_ean-1277","13":"pa_ingredienti-ambil","14":"pa_paese-di-fabbricazione-colombia","15":"pa_unita-di-misura-10-g","16":"pa_unita-di-misura-20-g","17":"pa_unita-di-misura-50-g","19":"first","20":"outofstock","21":"sale","22":"featured","23":"shipping-taxable","24":"purchasable","25":"product-type-variable"},"_links":{"self":[{"href":"https:\/\/karmarando.com\/ja\/wp-json\/wp\/v2\/product\/3553","targetHints":{"allow":["GET"]}}],"collection":[{"href":"https:\/\/karmarando.com\/ja\/wp-json\/wp\/v2\/product"}],"about":[{"href":"https:\/\/karmarando.com\/ja\/wp-json\/wp\/v2\/types\/product"}],"replies":[{"embeddable":true,"href":"https:\/\/karmarando.com\/ja\/wp-json\/wp\/v2\/comments?post=3553"}],"wp:featuredmedia":[{"embeddable":true,"href":"https:\/\/karmarando.com\/ja\/wp-json\/wp\/v2\/media\/4364"}],"wp:attachment":[{"href":"https:\/\/karmarando.com\/ja\/wp-json\/wp\/v2\/media?parent=3553"}],"wp:term":[{"taxonomy":"product_brand","embeddable":true,"href":"https:\/\/karmarando.com\/ja\/wp-json\/wp\/v2\/product_brand?post=3553"},{"taxonomy":"product_cat","embeddable":true,"href":"https:\/\/karmarando.com\/ja\/wp-json\/wp\/v2\/product_cat?post=3553"},{"taxonomy":"product_tag","embeddable":true,"href":"https:\/\/karmarando.com\/ja\/wp-json\/wp\/v2\/product_tag?post=3553"}],"curies":[{"name":"wp","href":"https:\/\/api.w.org\/{rel}","templated":true}]}}