{"id":8435,"date":"2022-10-19T22:00:15","date_gmt":"2022-10-19T20:00:15","guid":{"rendered":"https:\/\/www.karmarando.com\/?post_type=product&#038;p=8435"},"modified":"2025-12-04T13:51:54","modified_gmt":"2025-12-04T12:51:54","slug":"mate-leaf-for-tea","status":"publish","type":"product","link":"https:\/\/karmarando.com\/fr\/piante-di-potere\/ambil-e-mambe\/mate-leaf-for-tea\/","title":{"rendered":"Mate de la Feuille de TH\u00c9"},"content":{"rendered":"<div class=\"tabbed-content\">\n\t\t\t\n\t\t\t<ul class=\"nav nav-pills nav-uppercase nav-size-small nav-center\" role=\"tablist\"><li id=\"tab-descrizione\" class=\"tab active has-icon\" role=\"presentation\"><a href=\"#tab_descrizione\" role=\"tab\" aria-selected=\"true\" aria-controls=\"tab_descrizione\"><span>Description<\/span><\/a><\/li>\n<li id=\"tab-propriet\u00e0\" class=\"tab has-icon\" role=\"presentation\"><a href=\"#tab_propriet\u00e0\" tabindex=\"-1\" role=\"tab\" aria-selected=\"false\" aria-controls=\"tab_propriet\u00e0\"><span>Propri\u00e9t\u00e9<\/span><\/a><\/li>\n<li id=\"tab-come-si-f\u00e0?\" class=\"tab has-icon\" role=\"presentation\"><a href=\"#tab_come-si-f\u00e0?\" tabindex=\"-1\" role=\"tab\" aria-selected=\"false\" aria-controls=\"tab_come-si-f\u00e0?\"><span>Qu&#039;il obtient?<\/span><\/a><\/li>\n<li id=\"tab-disclaimer\" class=\"tab has-icon\" role=\"presentation\"><a href=\"#tab_disclaimer\" tabindex=\"-1\" role=\"tab\" aria-selected=\"false\" aria-controls=\"tab_disclaimer\"><span>AVERTISSEMENT<\/span><\/a><\/li><\/ul><div class=\"tab-panels\"><div id=\"tab_descrizione\" class=\"panel active entry-content\" role=\"tabpanel\" aria-labelledby=\"tab-descrizione\">\n<h3><strong>Mate de la Feuille de TH\u00c9<\/strong><\/h3>\n<\/div>\n<div id=\"tab_propriet\u00e0\" class=\"panel entry-content\" role=\"tabpanel\" aria-labelledby=\"tab-propriet\u00e0\">\n<h3><strong>SES PROPRI\u00c9T\u00c9S:<\/strong><\/h3>\n<ul>\n<li>Rem\u00e8de et le Soulagement de maux et de douleurs dans les articulations et\/ou des muscles.<\/li>\n<li>L&#039;augmentation de la r\u00e9sistance de fa\u00e7on visible<\/li>\n<li>Corrige les probl\u00e8mes de malnutrition et\/ou de l&#039;assimilation et des carences<\/li>\n<li>Renforce et r\u00e9g\u00e9n\u00e8re les os et d&#039;autres parties osseuses du corps dans un temps relativement court.<\/li>\n<li>Nettoie les voies urinaires<\/li>\n<li>Am\u00e9liore le moral et la volont\u00e9 de vivre<\/li>\n<li>Am\u00e9liore la digestion en g\u00e9n\u00e9ral.<\/li>\n<li>La r\u00e8gle de triglyc\u00e9rides et de cholest\u00e9rol.<\/li>\n<li>Donne beaucoup d&#039;\u00c9nergie de la charge<\/li>\n<\/ul>\n<\/div>\n<div id=\"tab_come-si-f\u00e0?\" class=\"panel entry-content\" role=\"tabpanel\" aria-labelledby=\"tab-come-si-f\u00e0?\">\n<h3><strong>COMMENT ET AVEC QUELLE QUANTIT\u00c9 CONSOMM\u00c9E:<\/strong><\/h3>\n<p>Mate de la Feuille de TH\u00c9<\/p>\n<h3><strong>Caract\u00e9ristiques:<\/strong><\/h3>\n<p>Mate de la Feuille de TH\u00c9<\/p>\n<p>&nbsp;<\/p>\n<\/div>\n<div id=\"tab_disclaimer\" class=\"panel entry-content\" role=\"tabpanel\" aria-labelledby=\"tab-disclaimer\">\n<p><strong><span style=\"color: #d83131;\">LA PHOTO DANS LA DESCRIPTION EST PUREMENT INDICATIVE<\/span><\/strong><\/p>\n<p><strong><span style=\"color: #d83131;\">LES PRODUITS SONT GARANTIS \u00c0 PARTIR DE KARMARANDO<\/span><\/strong><\/p>\n<p><strong><span style=\"color: #d83131;\">LA PHOTO DANS LA DESCRIPTION EST PUREMENT INDICATIVE<\/span><\/strong><\/p>\n<p><strong><span style=\"color: #d83131;\">LES PRODUITS SONT GARANTIS \u00c0 PARTIR DE KARMARANDO<\/span><\/strong><\/p>\n<p><strong><span style=\"color: #d83131;\">Pour les produits, des PLANTES, de l&#039;ENCENS ET poudres PR\u00c9PAR\u00c9ES pour le MOMENT pas possible de faire un REMBOURSEMENT ou un \u00e9change<\/span><\/strong><\/p>\n<p>L&#039; <strong>les termes utilis\u00e9s<\/strong> dans les cat\u00e9gories et les tags ne veux pas sugg\u00e9rer \u00e0 l&#039;usage m\u00e9dicinal et de produits r\u00e9cr\u00e9atifs, juste de les trier en fonction de leur utilisation de l&#039;historique, scientifique et social.<\/p>\n<p><strong>Les recettes sont fournies \u00e0 titre de scientifique<\/strong>ils ne veulent pas encourager les clients \u00e0 les r\u00e9p\u00e9ter, ni de consommer les produits.<\/p>\n<p><strong>Notre contenu<\/strong> n&#039;ont pas \u00e9t\u00e9 \u00e9valu\u00e9es par la FDA ou par une figure de la profession m\u00e9dicale: les applications possibles, les indications, la posologie et les avertissements sont d\u00e9crites pour des fins \u00e9ducatives seulement, les sp\u00e9culations et les personnels, et ne constituent pas des conseils m\u00e9dicaux.<\/p>\n<p><strong>Les produits sont vendus<\/strong> comme l&#039;encens, Savons, de R\u00e9sines et de collection botanique, et le mat\u00e9riel de recherche scientifique.<\/p>\n<p><span style=\"color: #ed1c24; font-size: 115%;\"><strong>Ils ne sont pas destin\u00e9s \u00e0 la consommation humaine.<br \/>\nPour \u00eatre en mesure d&#039;acheter nos produits, vous devez avoir plus de 18 ans et ne sont pas adapt\u00e9s pour les femmes qui sont enceintes et\/ou qui allaitent.<\/strong><\/span><\/p>\n<p>Pour obtenir plus d&#039;informations sur <strong>KARMARANDO<\/strong> visite <a href=\"https:\/\/www.instagram.com\/karmarando1\/\" target=\"_blank\" rel=\"noopener\"><br \/>\n<span style=\"color: #0000ff;\"><strong>cette page<\/strong><\/span><\/a> ou lire les derni\u00e8res nouvelles sur <a href=\"https:\/\/karmarando.com\/fr\/blog\/\" target=\"_blank\" rel=\"nofollow noopener\"><strong><span style=\"color: #0000ff;\">BLOG<\/span><\/strong><\/a><\/p>\n<\/div><\/div><\/div>","protected":false},"excerpt":{"rendered":"<p>Mate de la Feuille de TH\u00c9<\/p>","protected":false},"featured_media":5054,"comment_status":"open","ping_status":"closed","template":"","meta":[],"product_brand":[],"product_cat":[193,185],"product_tag":[2547,2548],"class_list":{"0":"post-8435","1":"product","2":"type-product","3":"status-publish","4":"has-post-thumbnail","6":"product_cat-ambil-e-mambe","7":"product_cat-rapee-e-co","8":"product_tag-mate-leaf","9":"product_tag-tea","10":"pa_brand-karmarando","11":"pa_ean-2546","12":"pa_ingredienti-meat-leaf","13":"pa_paese-di-fabbricazione-colombia","14":"pa_unita-di-misura-100-g","15":"pa_unita-di-misura-1000-g","16":"pa_unita-di-misura-150-g","17":"pa_unita-di-misura-300-g","18":"pa_unita-di-misura-50-g","19":"pa_unita-di-misura-600-g","21":"first","22":"instock","23":"featured","24":"shipping-taxable","25":"purchasable","26":"product-type-variable"},"_links":{"self":[{"href":"https:\/\/karmarando.com\/fr\/wp-json\/wp\/v2\/product\/8435","targetHints":{"allow":["GET"]}}],"collection":[{"href":"https:\/\/karmarando.com\/fr\/wp-json\/wp\/v2\/product"}],"about":[{"href":"https:\/\/karmarando.com\/fr\/wp-json\/wp\/v2\/types\/product"}],"replies":[{"embeddable":true,"href":"https:\/\/karmarando.com\/fr\/wp-json\/wp\/v2\/comments?post=8435"}],"wp:featuredmedia":[{"embeddable":true,"href":"https:\/\/karmarando.com\/fr\/wp-json\/wp\/v2\/media\/5054"}],"wp:attachment":[{"href":"https:\/\/karmarando.com\/fr\/wp-json\/wp\/v2\/media?parent=8435"}],"wp:term":[{"taxonomy":"product_brand","embeddable":true,"href":"https:\/\/karmarando.com\/fr\/wp-json\/wp\/v2\/product_brand?post=8435"},{"taxonomy":"product_cat","embeddable":true,"href":"https:\/\/karmarando.com\/fr\/wp-json\/wp\/v2\/product_cat?post=8435"},{"taxonomy":"product_tag","embeddable":true,"href":"https:\/\/karmarando.com\/fr\/wp-json\/wp\/v2\/product_tag?post=8435"}],"curies":[{"name":"wp","href":"https:\/\/api.w.org\/{rel}","templated":true}]}}