{"id":6342,"date":"2022-05-10T14:52:08","date_gmt":"2022-05-10T12:52:08","guid":{"rendered":"https:\/\/www.karmarando.com\/?post_type=product&#038;p=6342"},"modified":"2025-12-04T13:52:24","modified_gmt":"2025-12-04T12:52:24","slug":"kuripe-bambu-totem-mago-folletto","status":"publish","type":"product","link":"https:\/\/karmarando.com\/fr\/rapee-e-co\/applicat-rape-e-co\/kuripe-e-tepi\/kuripe\/speciali\/kuripe-bambu-totem-mago-folletto\/","title":{"rendered":"Kuripe Bambou Totem Mage Gobelin Amulette Pierres puissant"},"content":{"rendered":"<div class=\"tabbed-content\">\n\t\t\t\n\t\t\t<ul class=\"nav nav-pills nav-uppercase nav-size-small nav-center\" role=\"tablist\"><li id=\"tab-descrizione\" class=\"tab active has-icon\" role=\"presentation\"><a href=\"#tab_descrizione\" role=\"tab\" aria-selected=\"true\" aria-controls=\"tab_descrizione\"><span>Description<\/span><\/a><\/li>\n<li id=\"tab-come-\u00e8-fatto?\" class=\"tab has-icon\" role=\"presentation\"><a href=\"#tab_come-\u00e8-fatto?\" tabindex=\"-1\" role=\"tab\" aria-selected=\"false\" aria-controls=\"tab_come-\u00e8-fatto?\"><span>Comment est-il Fait?<\/span><\/a><\/li>\n<li id=\"tab-dimensioni\" class=\"tab has-icon\" role=\"presentation\"><a href=\"#tab_dimensioni\" tabindex=\"-1\" role=\"tab\" aria-selected=\"false\" aria-controls=\"tab_dimensioni\"><span>Taille<\/span><\/a><\/li>\n<li id=\"tab-cosa-\u00e8-il-kuripe-e-come-si-usa\" class=\"tab has-icon\" role=\"presentation\"><a href=\"#tab_cosa-\u00e8-il-kuripe-e-come-si-usa\" tabindex=\"-1\" role=\"tab\" aria-selected=\"false\" aria-controls=\"tab_cosa-\u00e8-il-kuripe-e-come-si-usa\"><span>Qu&#039;est-ce que le Kuripe et comment l&#039;Utiliser<\/span><\/a><\/li>\n<li id=\"tab-come-si-soffia?\" class=\"tab has-icon\" role=\"presentation\"><a href=\"#tab_come-si-soffia?\" tabindex=\"-1\" role=\"tab\" aria-selected=\"false\" aria-controls=\"tab_come-si-soffia?\"><span>Comme vous le coup?<\/span><\/a><\/li>\n<li id=\"tab-a-cosa-serve-?\" class=\"tab has-icon\" role=\"presentation\"><a href=\"#tab_a-cosa-serve-?\" tabindex=\"-1\" role=\"tab\" aria-selected=\"false\" aria-controls=\"tab_a-cosa-serve-?\"><span>C&#039;Est Pour Quoi ?<\/span><\/a><\/li>\n<li id=\"tab-disclaimer\" class=\"tab has-icon\" role=\"presentation\"><a href=\"#tab_disclaimer\" tabindex=\"-1\" role=\"tab\" aria-selected=\"false\" aria-controls=\"tab_disclaimer\"><span>AVERTISSEMENT<\/span><\/a><\/li><\/ul><div class=\"tab-panels\"><div id=\"tab_descrizione\" class=\"panel active entry-content\" role=\"tabpanel\" aria-labelledby=\"tab-descrizione\">\n<h3><strong>Kuripe Bambou Totem Mage Gobelin Amulette Pierres puissant <\/strong><\/h3>\n<h3><strong>Homemade Tepi Tool Shamanic Rap\u00e9 Indigenous Self Applicator<\/strong><\/h3>\n<p><strong>Kuripe Bambu Totem Mago Folletto e pietre potenti <\/strong> Fatto a mano, Auto Applicatore, Sciamanico Kuripe \u00e8 un Self applicatore Rap\u00e9 self-use. Kuripe Con Totem Mago Folletto Amuleto, con pietre varie incassate fra cui cristalli di occhio di tigre, corallo Verde, corniola, cristallo di rocca Kuripe molto potente nel suo colpo che sprigiona, energia molto grande. Il suo design a \u201cV\u201d ti consente di prendere facilmente Rap\u00e9 senza la partecipazione di un\u2019altra persona (a differenza di un Tepi, dove \u00e8 richiesta una seconda persona che vi soffier\u00e0 il rap\u00e8)<\/p>\n<p><strong>Cette Kuripe est faite en 3 tailles<\/strong><\/p>\n<ul>\n<li>Pour les Visages tr\u00e8s petite (environ 3,2-3,5 cm entre la narine et la bouche)<\/li>\n<li>Visages normal de M (la majorit\u00e9), 3,7-4,2 cm) entre la narine et la bouche<\/li>\n<li>Les visages grande L (4,4-4,8 cm entre la narine et la bouche)<\/li>\n<li>Sur mesure: pour vous, lorsque vous avez un visage sp\u00e9cifique (choisir les mots appropri\u00e9s \u00e0 partir de la liste, vous serez appel\u00e9s \u00e0 fait d&#039;accord) sera n\u00e9cessaire de 24\/48 heures de plus pour le produire.<\/li>\n<\/ul>\n<\/div>\n<div id=\"tab_come-\u00e8-fatto?\" class=\"panel entry-content\" role=\"tabpanel\" aria-labelledby=\"tab-come-\u00e8-fatto?\"> CARACT\u00c9RISTIQUES<\/p>\n<ul>\n<li>Cette\u00a0<strong>Kuripe<\/strong> <strong>Mago Folletto <\/strong>est un <strong>La puissance de l&#039;outil<\/strong>, come un Talismano, energeticamente potente positivo, fatto di bamb\u00f9 e altre lavorazioni di rifestimento e per l&#8217;energia\u00a0 potente dei cristalli e degli animali associati<\/li>\n<li>C&#039;est fait et Travaill\u00e9 sur l&#039;Amour, l&#039;attention et le respect, des espaces sacr\u00e9s, \u00e0 la main<\/li>\n<li>Poli et \u00c9vas\u00e9e dans toutes ses parties, pour assurer la performance, la s\u00e9curit\u00e9 et la facilit\u00e9 d&#039;utilisation<\/li>\n<li>Rivestito con di resina naturale dando la forma di un mago Totem, Amuleto potente<\/li>\n<li>Rifinito con occhi di Coralo verde, e scaglie di cristallo di giada Verde e quarzo Rosa<\/li>\n<li>Les mat\u00e9riaux et les techniques <strong>De haute qualit\u00e9<\/strong><\/li>\n<li>Attach\u00e9 en toute s\u00e9curit\u00e9 avec de la colle et de r\u00e9sine, non-toxique<\/li>\n<li>Il a \u00e9t\u00e9 activ\u00e9 et purifi\u00e9 avec le bois de la sainte palo santo<\/li>\n<\/ul>\n<p><strong> Ce produit est fabriqu\u00e9 par des artisans Michael et Eleanor tr\u00e8s cher pour nous, en utilisant les meilleurs mat\u00e9riaux et sans l&#039;ajout d&#039;\u00e9l\u00e9ments chimiques, \u00e0 l&#039;aide de proc\u00e9dures traditionnelles et instruments pour le traitement, sont uniques dans chaque pi\u00e8ce , ce n&#039;est pas un objet industriel, chaque pi\u00e8ce est enti\u00e8rement r\u00e9alis\u00e9e \u00e0 la main. <\/strong><\/p>\n<h4><strong>Pour cette raison, chaque objet sera diff\u00e9rent et une pi\u00e8ce unique<\/strong><\/h4>\n<h4><strong>Si vous voulez \u00eatre dans un jour ou d&#039;ajouter une plume,ou quelque particularit\u00e9 ou m\u00eame votre nom (peut-\u00eatre \u00e9crit avec la rune) il suffit de demander et nous allons le faire sp\u00e9cialement pour vous, avec une petite majoration qui peut varier de 2 \u00e0 5 euros en fonction de la demande<\/strong><\/h4>\n<p><strong>esempio una piuma con relativa cordicella e perline sono solo 3 <\/strong><\/p>\n<h5>Pourquoi le bambou?\u00a0<span class=\"\">Parce que le mat\u00e9riel est tr\u00e8s \u00e9cologique et durable, abordable, facile \u00e0 manipuler et s&#039;adapte facilement \u00eatre transform\u00e9e en une pipe par rap\u00e9.<\/span><\/h5>\n<h5><span class=\"goog-text-highlight\">Il est de loin le tuyau rap\u00e9 plus vendu dans le monde.<\/span><\/h5>\n<\/div>\n<div id=\"tab_dimensioni\" class=\"panel entry-content\" role=\"tabpanel\" aria-labelledby=\"tab-dimensioni\"> <strong>Questo Kuripe \u00e8 fatto in 3 misure (varier\u00e0 solo l&#8217;angolazione in quanto le altre misure rimarranno pressoch\u00e8 invariate) <\/strong><\/p>\n<ul>\n<li>Pour les Visages tr\u00e8s petite (environ 3,2-3,5 cm entre la narine et la bouche)<\/li>\n<li>Visages normal de M (la majorit\u00e9), 3,7-4,2 cm) entre la narine et la bouche<\/li>\n<li>Les visages grande L (4,4-4,8 cm entre la narine et la bouche)<\/li>\n<li>Sur mesure: pour vous, lorsque vous avez un visage sp\u00e9cifique (choisir les mots appropri\u00e9s \u00e0 partir de la liste, vous serez appel\u00e9s \u00e0 fait d&#039;accord) sera n\u00e9cessaire de 24\/48 heures de plus pour le produire.<\/li>\n<\/ul>\n<p>Soutenu avec un diam\u00e8tre de suffisamment \u00e9troit pour lib\u00e9rer la plus preessione<\/p>\n<ul>\n<li>Lunghezza parte Lunga 7,2 cm<\/li>\n<li>Lunghezza parte corta 6,3 cm<\/li>\n<li>Diametro esterno 0,8 cm<\/li>\n<li>Diametro interno 0,6 cm<\/li>\n<li>Le misure si intendono per la parte triangolare escludendo la coda con il pendente<\/li>\n<\/ul>\n<\/div>\n<div id=\"tab_cosa-\u00e8-il-kuripe-e-come-si-usa\" class=\"panel entry-content\" role=\"tabpanel\" aria-labelledby=\"tab-cosa-\u00e8-il-kuripe-e-come-si-usa\"> Si chiama Kuripe l\u2019applicatore da auto-somministrazione del Rap\u00e9.Al contrario del tepi che verr\u00e0 usato con un altro t\u00e8 che si metter\u00e0 di fronte. Il Kuripe ha una forma a V normalmente a 30\u00b0 per essere adatto alla amggioranza, con due estremit\u00e0: una pi\u00f9 corta, dove con la bocca si soffier\u00e0, e una pi\u00f9 lunga, che verr\u00e0 leggermente appoggiata alle narici (senza per\u00f2 farlo entrare dentro) cos\u00ec da non attoppare il passaggio dell&#8217;aria. Partendo sempre dalla narice sinistra, quella connessa al cuore (il femminile l&#8217;intuizione) e poi La Narice destra, quella connessa alla mente (il maschile la razionalit\u00e0) La maschile la Yang \/ Sole, che permette di apprendere e ottenere la forza necessaria per superare i problemi mediante lo sforzo, permette di curare e apprendere ottenendo la forza necessaria per superare le ombre di questa parte che sono: Egoismo, Violenza, Arroganza, Orgoglio La Femminile Lo Ying La Luna D\u00e0 potere alle emozioni nel loro stato puro, liberando gioia profonda, amore puro, compassione e abilit\u00e0 artistiche. Il suo lato ombra da Curare sono l&#8217;attaccamento emozionale, la depressione, bassa autostima, sentimento di colpa e apatia. Il Kuripe Pu\u00f2 essere fatto di canne di bamb\u00f9 o di altri materiali sacri come la jurema o palo santo ed altri, o di ossa o di pietra. Il Kuripe \u00e8 uno strumento che pu\u00f2 essere utilizzato per prendere confidenza autonomamente e in modo responsabile con la Sacra Medicina del Rap\u00e9, imparando a conoscerla, rispettarla e utilizzarla in modo coscienzioso e saggio. Gli indigeni insegnano che \u00e8 sempre bene assumere il Rap\u00e9 in forma rituale e con un intento ben chiaro nella mente. Il Kuripe \u00e8 certamente molto comodo quando non abbiamo la possibilit\u00e0 di farci somministrare il Rap\u00e9 da qualcuno. L\u2019auto-applicatore Kuripe \u00e8 un oggetto di potere, come tale strettamente personale e pu\u00f2 essere utilizzato esclusivamente dal proprietario.Si consilglia (anche se lo abbiamo gi\u00e0 fatto) di utilizzare del palo santo o delle pietre facendo una sbavatura e una purrificazione, per renderlo con iniziazione uno strumento piu personalizato con la vostra energia <\/div>\n<div id=\"tab_come-si-soffia?\" class=\"panel entry-content\" role=\"tabpanel\" aria-labelledby=\"tab-come-si-soffia?\"> Farselo fare con il tepi chiaramente verr\u00e0 meglio, ma si pu\u00f2 apprendere bene di farli anche con il kuripe: <strong>Il y a beaucoup de bouff\u00e9es, nous allons essayer de lister les plus importants et populaires<\/strong> <strong>Serpent:<\/strong> il prend une grande respiration, le souffle, commencer lentement et augmenter la force progressivement jusqu&#039;\u00e0 ce que vous obtenez fort pic, le blocage, mais avec la langue contre l&#039;applicateur en \u00e9mettant un sifflement. <strong>La tortue:<\/strong> L\u00e9g\u00e8re respiration, lente, constante, et pour longtemps, tr\u00e8s lentement. Pour recevoir le bonus, vous devez syntoniser sur la patience de la tortue parce que beaucoup de gens sont en le tirant en arri\u00e8re avant qu&#039;il est fini.Les effets de Rap\u00e9 avec ce souffle, ont une plus grande durabilit\u00e9.Id\u00e9al pour le travail sur la patience, le Traumatisme physique, et pendant et apr\u00e8s l&#039;uc de l&#039;activit\u00e9 spirituelle! <strong>Colibri:<\/strong> souffle de bonheur, de joie et d&#039;amour, et sont habituellement de courte dur\u00e9e. Il est fabriqu\u00e9 avec deux bouff\u00e9es cons\u00e9cutives tr\u00e8s court en lui donnant un coup dans le deuxi\u00e8me avec sa langue <strong>Libellule:<\/strong> un joli souffle de moyenne dur\u00e9e, de la langue et de la d\u00e9placer \u00e0 flotteur en plus vite contre l&#039;applicateur avec un son psych\u00e9d\u00e9lique <strong>Raven:<\/strong> d\u00e9fini le souffle de courage, de p\u00e9n\u00e9trer l&#039;obscurit\u00e9, dans le vide, le grand myst\u00e8re de l&#039;endroit o\u00f9 tout est n\u00e9 et a \u00e9t\u00e9 la source. la premi\u00e8re et la deuxi\u00e8me le vent-une forte main d&#039;homme, un murmure peut-\u00eatre moins forte de la fina, et vous obtenez le vide. <strong>Boa: <\/strong>Le souffle des R\u00eaves, appris \u00e0 partir d&#039;un natif hunikin qui m&#039;a dit l&#039;avoir appris de \u201cr\u00e9seau\u201d avant de se coucher. En partie fort et de plus en plus deble de la fina \u00e0 dispara\u00eetre en train de dispara\u00eetre comme le mouvement d&#039;une bou\u00e9e, de merveilleux r\u00eaves et les effets visionnaire! <\/div>\n<div id=\"tab_a-cosa-serve-?\" class=\"panel entry-content\" role=\"tabpanel\" aria-labelledby=\"tab-a-cosa-serve-?\"> Il Kuripe serve per il Rap\u00e9 che \u00e8 una medicina amazzonica costituita da una serie di piante medicinali polverizzate molto finemente con l&#8217;uso di un mortaio. All&#8217;interno di tutte le tradizioni indigene, il Rap\u00e9 \u00e8 considerato una Pianta Maestra (la pi\u00f9 antica) ed \u00e8 rappresentato come un nonno che possiede la saggezza della foresta. Il suo uso rituale prevede che non venga mai aspirato, poich\u00e9 questo gesto \u00e8 considerato una mancanza di rispetto allo spirito ancestrale della Pianta Sacra. Quando il Rap\u00e9 \u00e8 usato ritualmente, porta purificazione e centratura, trasforma le energie negative, funge da messaggero. Nel nord del Brasile, i popoli indigeni Huni Kuin-Kaxinawa e Yawanawa usano il Rap\u00e9 come una medicina associata all&#8217;uso teRap\u00e9utico e spirituale. Per queste popolazioni, il Rap\u00e9 \u00e8 una medicina che possiede uno spirito di grande potere, portando guarigione e protezione, allontanando tutti i tipi di mali. Presso i suddetti popoli nativi, il Rap\u00e9 viene utilizzato dal paj\u00e9 della trib\u00f9 (uomo\/donna medicina), in modo da potersi connettere allo Spirito, integrarsi con la Natura, essere in grado di individuare mali che potrebbero attaccare il suo popolo o anche in rituali di guarigione, col proposito di dare protezione spirituale, diagnosticare una malattia e usare il potere dello spirito di questa medicina per curare. Il Rap\u00e9 va soffiato in entrambe le narici tramite un applicatore, spesso costituito da canne di bamb\u00f9 oppure ossa. Esiste sia l\u2019auto-applicatore (kuripe) sia quello mediante il quale si pu\u00f2 somministrare ad altri (tepi). Il Rap\u00e9 \u00e8 soffiato con la pipa prima nella narice sinistra e poi in quella destra, bilanciando cos\u00ec i due emisferi del cervello, il lato femminile intuitivo e quello maschile razionale. In Amazzonia, condividere il Rap\u00e9 \u00e8 un\u2019attivit\u00e0 svolta socialmente e ha radici spirituali. Il Rap\u00e9, infatti, \u00e8 considerato una Medicina Sacra e la sua somministrazione ha il valore di una preghiera che invoca le forze della natura e gli spiriti della foresta, la benedizione delle piante e il loro potere per trarre centratura, forza e cura. L\u2019applicazione del Rap\u00e9 \u00e8 spesso accompagnata da canti sacri che hanno la funzione di chiamare gli spiriti e la forza della stessa medicina. <\/div>\n<div id=\"tab_disclaimer\" class=\"panel entry-content\" role=\"tabpanel\" aria-labelledby=\"tab-disclaimer\"> <strong><span style=\"color: #d83131;\">LA PHOTO DANS LA DESCRIPTION EST PUREMENT INDICATIVE<\/span><\/strong>  <strong><span style=\"color: #d83131;\">Pour les produits, des PLANTES, de l&#039;ENCENS ET poudres PR\u00c9PAR\u00c9ES pour le MOMENT pas possible de faire un REMBOURSEMENT ou un \u00e9change<\/span><\/strong> L&#039; <strong>les termes utilis\u00e9s<\/strong> dans les cat\u00e9gories et les tags ne veux pas sugg\u00e9rer \u00e0 l&#039;usage m\u00e9dicinal et de produits r\u00e9cr\u00e9atifs, juste de les trier en fonction de leur utilisation de l&#039;historique, scientifique et social. <strong>Les recettes sont fournies \u00e0 titre de scientifique<\/strong>ils ne veulent pas encourager les clients \u00e0 les r\u00e9p\u00e9ter, ni de consommer les produits. <strong>Notre contenu<\/strong> n&#039;ont pas \u00e9t\u00e9 \u00e9valu\u00e9es par la FDA ou par une figure de la profession m\u00e9dicale: les applications possibles, les indications, la posologie et les avertissements sont d\u00e9crites pour des fins \u00e9ducatives seulement, les sp\u00e9culations et les personnels, et ne constituent pas des conseils m\u00e9dicaux. <strong>Les produits sont vendus<\/strong> comme l&#039;encens, Savons, de R\u00e9sines et de collection botanique, et le mat\u00e9riel de recherche scientifique. <span style=\"color: #ed1c24; font-size: 115%;\"><strong>Non sono destinati al consumo umano. Per poter acquistare i nostri prodotti dovete avere pi\u00f9 di 18 anni e non sono adatti a donne in stato di gravidanza e\/o in fase di allattamento.<\/strong><\/span> Pour obtenir plus d&#039;informations sur <strong>KARMARANDO<\/strong> visite <a href=\"https:\/\/www.instagram.com\/karmarando1\/\" target=\"_blank\" rel=\"noopener\"> <span style=\"color: #0000ff;\"><strong>cette page<\/strong><\/span><\/a> ou lire les derni\u00e8res nouvelles sur <a href=\"https:\/\/karmarando.com\/fr\/blog\/\" target=\"_blank\" rel=\"nofollow noopener\"><strong><span style=\"color: #0000ff;\">BLOG<\/span><\/strong><\/a> <\/div><\/div><\/div>","protected":false},"excerpt":{"rendered":"<p>Kuripe Bambou Totem Mage Gobelin Amulette Pierres puissant<\/p>","protected":false},"featured_media":6360,"comment_status":"open","ping_status":"closed","template":"","meta":[],"product_brand":[468],"product_cat":[195,569,196,185,1188],"product_tag":[1289],"class_list":{"0":"post-6342","1":"product","2":"type-product","3":"status-publish","4":"has-post-thumbnail","6":"product_brand-karmarando","7":"product_cat-applicat-rape-e-co","8":"product_cat-kuripe","9":"product_cat-kuripe-e-tepi","10":"product_cat-rapee-e-co","11":"product_cat-speciali","12":"product_tag-kuripe-bambu-totem-mago-folletto","13":"pa_brand-karmarando","14":"pa_ean-1288","15":"pa_materiale-bamboo","16":"pa_paese-di-fabbricazione-italia","17":"pa_taglia-l-per-visi-grandi","18":"pa_taglia-m-per-visi-normali","19":"pa_taglia-s-per-visi-molto-piccoli","20":"pa_taglia-su-misura-saranno-necessari-24-48-ore-in-piu-per-produrlo","22":"first","23":"instock","24":"shipping-taxable","25":"purchasable","26":"product-type-variable"},"_links":{"self":[{"href":"https:\/\/karmarando.com\/fr\/wp-json\/wp\/v2\/product\/6342","targetHints":{"allow":["GET"]}}],"collection":[{"href":"https:\/\/karmarando.com\/fr\/wp-json\/wp\/v2\/product"}],"about":[{"href":"https:\/\/karmarando.com\/fr\/wp-json\/wp\/v2\/types\/product"}],"replies":[{"embeddable":true,"href":"https:\/\/karmarando.com\/fr\/wp-json\/wp\/v2\/comments?post=6342"}],"wp:featuredmedia":[{"embeddable":true,"href":"https:\/\/karmarando.com\/fr\/wp-json\/wp\/v2\/media\/6360"}],"wp:attachment":[{"href":"https:\/\/karmarando.com\/fr\/wp-json\/wp\/v2\/media?parent=6342"}],"wp:term":[{"taxonomy":"product_brand","embeddable":true,"href":"https:\/\/karmarando.com\/fr\/wp-json\/wp\/v2\/product_brand?post=6342"},{"taxonomy":"product_cat","embeddable":true,"href":"https:\/\/karmarando.com\/fr\/wp-json\/wp\/v2\/product_cat?post=6342"},{"taxonomy":"product_tag","embeddable":true,"href":"https:\/\/karmarando.com\/fr\/wp-json\/wp\/v2\/product_tag?post=6342"}],"curies":[{"name":"wp","href":"https:\/\/api.w.org\/{rel}","templated":true}]}}