{"id":6126,"date":"2022-05-08T10:31:37","date_gmt":"2022-05-08T08:31:37","guid":{"rendered":"https:\/\/www.karmarando.com\/?post_type=product&#038;p=6126"},"modified":"2026-03-31T09:38:47","modified_gmt":"2026-03-31T07:38:47","slug":"kuripe-bambu-totem-cobra-amuleto-con-pietre-potenti","status":"publish","type":"product","link":"https:\/\/karmarando.com\/fr\/rapee-e-co\/applicat-rape-e-co\/kuripe-e-tepi\/kuripe\/speciali\/kuripe-bambu-totem-cobra-amuleto-con-pietre-potenti\/","title":{"rendered":"Kuripe Bambou Totem COBRA Amulette avec des Pierres puissant"},"content":{"rendered":"<div class=\"tabbed-content\">\n\t\t\t\n\t\t\t<ul class=\"nav nav-pills nav-uppercase nav-size-small nav-center\" role=\"tablist\"><li id=\"tab-descrizione\" class=\"tab active has-icon\" role=\"presentation\"><a href=\"#tab_descrizione\" role=\"tab\" aria-selected=\"true\" aria-controls=\"tab_descrizione\"><span>Description<\/span><\/a><\/li>\n<li id=\"tab-come-\u00e8-fatto?\" class=\"tab has-icon\" role=\"presentation\"><a href=\"#tab_come-\u00e8-fatto?\" tabindex=\"-1\" role=\"tab\" aria-selected=\"false\" aria-controls=\"tab_come-\u00e8-fatto?\"><span>Comment est-il Fait?<\/span><\/a><\/li>\n<li id=\"tab-dimensioni\" class=\"tab has-icon\" role=\"presentation\"><a href=\"#tab_dimensioni\" tabindex=\"-1\" role=\"tab\" aria-selected=\"false\" aria-controls=\"tab_dimensioni\"><span>Taille<\/span><\/a><\/li>\n<li id=\"tab-cosa-\u00e8-il-kuripe-e-come-si-usa\" class=\"tab has-icon\" role=\"presentation\"><a href=\"#tab_cosa-\u00e8-il-kuripe-e-come-si-usa\" tabindex=\"-1\" role=\"tab\" aria-selected=\"false\" aria-controls=\"tab_cosa-\u00e8-il-kuripe-e-come-si-usa\"><span>Qu&#039;est-ce que le Kuripe et comment l&#039;Utiliser<\/span><\/a><\/li>\n<li id=\"tab-come-si-soffia?\" class=\"tab has-icon\" role=\"presentation\"><a href=\"#tab_come-si-soffia?\" tabindex=\"-1\" role=\"tab\" aria-selected=\"false\" aria-controls=\"tab_come-si-soffia?\"><span>Comme vous le coup?<\/span><\/a><\/li>\n<li id=\"tab-a-cosa-serve-?\" class=\"tab has-icon\" role=\"presentation\"><a href=\"#tab_a-cosa-serve-?\" tabindex=\"-1\" role=\"tab\" aria-selected=\"false\" aria-controls=\"tab_a-cosa-serve-?\"><span>C&#039;Est Pour Quoi ?<\/span><\/a><\/li>\n<li id=\"tab-disclaimer\" class=\"tab has-icon\" role=\"presentation\"><a href=\"#tab_disclaimer\" tabindex=\"-1\" role=\"tab\" aria-selected=\"false\" aria-controls=\"tab_disclaimer\"><span>AVERTISSEMENT<\/span><\/a><\/li><\/ul><div class=\"tab-panels\"><div id=\"tab_descrizione\" class=\"panel active entry-content\" role=\"tabpanel\" aria-labelledby=\"tab-descrizione\">\n<h3><strong>Kuripe Bambu Totem COBRA Amuleto con pietre potenti<br \/>\n<\/strong><\/h3>\n<h3><strong>Homemade Tepi Tool Shamanic Rap\u00e9 Indigenous Self Applicator<\/strong><\/h3>\n<p><strong>Kuripe Bambu Totem COBRA e pietre potenti<br \/>\n<\/strong><\/p>\n<p>Fabriqu\u00e9 \u00e0 la main, de Voiture, l&#039;Applicateur, Chamanique<br \/>\nKuripe est une Auto-applicateur Rap\u00e9 d&#039;auto-emploi.<\/p>\n<p>Kuripe Con Totem Cobra Amuleto, con pietre varie incassate fra cristalli di quarzo rosa magnetite e corallo verde<br \/>\nKuripe molto potente nel suo colpo che sprigiona, energia molto grande.<\/p>\n<p>Le design est un \u201cV\u201d permet de prendre facilement des Rap\u00e9 sans la participation d&#039;une autre personne (contrairement \u00e0 un Tepi, o\u00f9 il est requis une deuxi\u00e8me personne qui fera sauter la rap\u00e8)<br \/>\n<strong>Cette Kuripe est faite en 3 tailles<\/strong><\/p>\n<ul>\n<li>Pour les Visages tr\u00e8s petite (environ 3,2-3,5 cm entre la narine et la bouche)<\/li>\n<li>Visages normal de M (la majorit\u00e9), 3,7-4,2 cm) entre la narine et la bouche<\/li>\n<li>Les visages grande L (4,4-4,8 cm entre la narine et la bouche)<\/li>\n<li>Sur mesure: pour vous, lorsque vous avez un visage sp\u00e9cifique (choisir les mots appropri\u00e9s \u00e0 partir de la liste, vous serez appel\u00e9s \u00e0 fait d&#039;accord) sera n\u00e9cessaire de 24\/48 heures de plus pour le produire.<\/li>\n<\/ul>\n<\/div>\n<div id=\"tab_come-\u00e8-fatto?\" class=\"panel entry-content\" role=\"tabpanel\" aria-labelledby=\"tab-come-\u00e8-fatto?\">\n<p>CARACT\u00c9RISTIQUES<\/p>\n<ul>\n<li>Cette\u00a0<strong>Kuripe<\/strong> est un <strong>La puissance de l&#039;outil<\/strong>, come un Talismano, energeticamente potente positivo, fatto di bamb\u00f9 e altre lavorazioni di rifestimento e per l&#8217;energia\u00a0 potente dei cristalli e degli animali associati<\/li>\n<li>C&#039;est fait et Travaill\u00e9 sur l&#039;Amour, l&#039;attention et le respect, des espaces sacr\u00e9s, \u00e0 la main<\/li>\n<li>Poli et \u00c9vas\u00e9e dans toutes ses parties, pour assurer la performance, la s\u00e9curit\u00e9 et la facilit\u00e9 d&#039;utilisation<\/li>\n<li>Rivestito con di resina naturale dando la forma di un Cobra Totem, Amuleto potente<\/li>\n<li>Rifinito con occhi di Coralo verde, e scaglie di cristallo di Magnetite<\/li>\n<li>Les mat\u00e9riaux et les techniques <strong>De haute qualit\u00e9<\/strong><\/li>\n<li>Attach\u00e9 en toute s\u00e9curit\u00e9 avec de la colle et de r\u00e9sine, non-toxique<\/li>\n<li>Il a \u00e9t\u00e9 activ\u00e9 et purifi\u00e9 avec le bois de la sainte palo santo<\/li>\n<\/ul>\n<p><strong> Ce produit est fabriqu\u00e9 par des artisans Michael et Eleanor tr\u00e8s cher pour nous, en utilisant les meilleurs mat\u00e9riaux et sans l&#039;ajout d&#039;\u00e9l\u00e9ments chimiques, \u00e0 l&#039;aide de proc\u00e9dures traditionnelles et instruments pour le traitement, sont uniques dans chaque pi\u00e8ce , ce n&#039;est pas un objet industriel, chaque pi\u00e8ce est enti\u00e8rement r\u00e9alis\u00e9e \u00e0 la main. <\/strong><\/p>\n<h4><strong>Pour cette raison, chaque objet sera diff\u00e9rent et une pi\u00e8ce unique<\/strong><\/h4>\n<h4><strong>Si vous voulez \u00eatre dans un jour ou d&#039;ajouter une plume,ou quelque particularit\u00e9 ou m\u00eame votre nom (peut-\u00eatre \u00e9crit avec la rune) il suffit de demander et nous allons le faire sp\u00e9cialement pour vous, avec une petite majoration qui peut varier de 2 \u00e0 5 euros en fonction de la demande<\/strong><\/h4>\n<p><strong>esempio una piuma con relativa cordicella e perline sono solo 3<br \/>\n<\/strong><\/p>\n<h5>Pourquoi le bambou?\u00a0<span class=\"\">Parce que le mat\u00e9riel est tr\u00e8s \u00e9cologique et durable, abordable, facile \u00e0 manipuler et s&#039;adapte facilement \u00eatre transform\u00e9e en une pipe par rap\u00e9.<\/span><\/h5>\n<h5><span class=\"goog-text-highlight\">Il est de loin le tuyau rap\u00e9 plus vendu dans le monde.<\/span><\/h5>\n<\/div>\n<div id=\"tab_dimensioni\" class=\"panel entry-content\" role=\"tabpanel\" aria-labelledby=\"tab-dimensioni\">\n<p><strong>Questo Kuripe \u00e8 fatto in 3 misure (varier\u00e0 solo l&#8217;angolazione in quanto le altre misure rimarranno pressoch\u00e8 invariate)<br \/>\n<\/strong><\/p>\n<ul>\n<li>Pour les Visages tr\u00e8s petite (environ 3,2-3,5 cm entre la narine et la bouche)<\/li>\n<li>Visages normal de M (la majorit\u00e9), 3,7-4,2 cm) entre la narine et la bouche<\/li>\n<li>Les visages grande L (4,4-4,8 cm entre la narine et la bouche)<\/li>\n<li>Sur mesure: pour vous, lorsque vous avez un visage sp\u00e9cifique (choisir les mots appropri\u00e9s \u00e0 partir de la liste, vous serez appel\u00e9s \u00e0 fait d&#039;accord) sera n\u00e9cessaire de 24\/48 heures de plus pour le produire.<\/li>\n<\/ul>\n<p>Soutenu avec un diam\u00e8tre de suffisamment \u00e9troit pour lib\u00e9rer la plus preessione<\/p>\n<ul>\n<li>Lunghezza parte Lunga 7,2 cm<\/li>\n<li>Lunghezza parte corta 6,3 cm<\/li>\n<li>Diametro esterno 0,8 cm<\/li>\n<li>Diametro interno 0,6 cm<\/li>\n<li>Le misure si intendono per la parte triangolare escludendo la coda con il pendente<\/li>\n<\/ul>\n<\/div>\n<div id=\"tab_cosa-\u00e8-il-kuripe-e-come-si-usa\" class=\"panel entry-content\" role=\"tabpanel\" aria-labelledby=\"tab-cosa-\u00e8-il-kuripe-e-come-si-usa\">\n<p>Il est appel\u00e9 Kuripe l&#039;applicateur de l&#039;auto-administration de Rap\u00e9.Au contraire de la tepi, qui sera utilis\u00e9 avec un autre th\u00e9 que vous devrez faire face.<\/p>\n<p>Le Kuripe est en forme de V normalement \u00e0 30\u00b0 pour \u00eatre adapt\u00e9 \u00e0 la amggioranza, avec deux extr\u00e9mit\u00e9s: un court, o\u00f9 dans la bouche, elle va se faire sauter, et un de plus, qui sera l\u00e9g\u00e8rement pench\u00e9 sur les narines (sans, toutefois, obtenir l&#039;int\u00e9rieur) afin de ne pas attoppare le passage de l&#039;air. Toujours \u00e0 partir de la narine gauche, qui est connect\u00e9 \u00e0 c\u0153ur (intuition f\u00e9minine) et puis La Narine droite, l&#039;un est connect\u00e9 \u00e0 l&#039;esprit (la rationalit\u00e9 masculine)<\/p>\n<p>Le masculin et le Yang \/ Soleil, ce qui nous permet d&#039;apprendre et d&#039;acqu\u00e9rir la force n\u00e9cessaire pour surmonter les probl\u00e8mes par l&#039;effort, il vous permet de vous soigner et d&#039;apprendre, d&#039;obtenir la force n\u00e9cessaire pour surmonter les ombres de cette partie sont: l&#039;\u00c9go\u00efsme, la Violence, l&#039;Arrogance, l&#039;Orgueil<\/p>\n<p>La Femelle Ying \u00e0 La Lune, Donne pouvoir les \u00e9motions \u00e0 l&#039;\u00e9tat pur, lib\u00e9rant une joie profonde, pure de l&#039;amour, de la compassion et de comp\u00e9tences artistiques. De son c\u00f4t\u00e9 de l&#039;ombre de soin sont l&#039;attachement affectif, la d\u00e9pression, faible estime de soi, des sentiments de culpabilit\u00e9 et d&#039;apathie.<\/p>\n<p>Le Kuripe Peut \u00eatre fabriqu\u00e9 \u00e0 partir de bambou ou d&#039;autres mat\u00e9riaux sacr\u00e9 comme la jurema ou de palo santo et les autres, ou d&#039;os ou de pierre.<\/p>\n<p>Le Kuripe est un outil qui peut \u00eatre utilis\u00e9 pour gagner la confiance de mani\u00e8re ind\u00e9pendante et de mani\u00e8re responsable \u00e0 la M\u00e9decine Sacr\u00e9e Rap\u00e9, apprendre \u00e0 le conna\u00eetre, le respecter et de l&#039;utiliser en pr\u00e9venant fa\u00e7on, et sage.<\/p>\n<p>Les peuples autochtones enseigner qu&#039;il est toujours bon de prendre Rap\u00e9 en forme rituelle, et avec une intention tr\u00e8s claire dans l&#039;esprit. Le Kuripe est certainement tr\u00e8s pratique lorsque vous n&#039;avez pas la possibilit\u00e9 d&#039;administrer le Rap\u00e9 par quelqu&#039;un.<\/p>\n<p>L&#039;auto-applicateur Kuripe est un objet de pouvoir, et en tant que tels sont strictement personnels et ne peuvent \u00eatre utilis\u00e9s par le propri\u00e9taire.Vous consilglia (m\u00eame si nous ne l&#039;avez pas d\u00e9j\u00e0 fait) l&#039;utilisation de palo santo bois ou de pierres, de faire un frottis et une purrificazione, le faire avec l&#039;initiation d&#039;un outil plus personnalis\u00e9e avec votre \u00e9nergie<\/p>\n<\/div>\n<div id=\"tab_come-si-soffia?\" class=\"panel entry-content\" role=\"tabpanel\" aria-labelledby=\"tab-come-si-soffia?\">\n<p>Farselo fare con il tepi chiaramente verr\u00e0 meglio, ma si pu\u00f2 apprendere bene di farli anche con il kuripe:<br \/>\n<strong>Il y a beaucoup de bouff\u00e9es, nous allons essayer de lister les plus importants et populaires<\/strong><\/p>\n<p><strong>Serpent:<\/strong> il prend une grande respiration, le souffle, commencer lentement et augmenter la force progressivement jusqu&#039;\u00e0 ce que vous obtenez fort pic, le blocage, mais avec la langue contre l&#039;applicateur en \u00e9mettant un sifflement.<br \/>\n<strong>La tortue:<\/strong> L\u00e9g\u00e8re respiration, lente, constante, et pour longtemps, tr\u00e8s lentement. Pour recevoir le bonus, vous devez syntoniser sur la patience de la tortue parce que beaucoup de gens sont en le tirant en arri\u00e8re avant qu&#039;il est fini.Les effets de Rap\u00e9 avec ce souffle, ont une plus grande durabilit\u00e9.Id\u00e9al pour le travail sur la patience, le Traumatisme physique, et pendant et apr\u00e8s l&#039;uc de l&#039;activit\u00e9 spirituelle!<br \/>\n<strong>Colibri:<\/strong> souffle de bonheur, de joie et d&#039;amour, et sont habituellement de courte dur\u00e9e. Il est fabriqu\u00e9 avec deux bouff\u00e9es cons\u00e9cutives tr\u00e8s court en lui donnant un coup dans le deuxi\u00e8me avec sa langue<br \/>\n<strong>Libellule:<\/strong> un joli souffle de moyenne dur\u00e9e, de la langue et de la d\u00e9placer \u00e0 flotteur en plus vite contre l&#039;applicateur avec un son psych\u00e9d\u00e9lique<br \/>\n<strong>Raven:<\/strong> d\u00e9fini le souffle de courage, de p\u00e9n\u00e9trer l&#039;obscurit\u00e9, dans le vide, le grand myst\u00e8re de l&#039;endroit o\u00f9 tout est n\u00e9 et a \u00e9t\u00e9 la source. la premi\u00e8re et la deuxi\u00e8me le vent-une forte main d&#039;homme, un murmure peut-\u00eatre moins forte de la fina, et vous obtenez le vide.<br \/>\n<strong>Boa: <\/strong>Le souffle des R\u00eaves, appris \u00e0 partir d&#039;un natif hunikin qui m&#039;a dit l&#039;avoir appris de \u201cr\u00e9seau\u201d avant de se coucher. En partie fort et de plus en plus deble de la fina \u00e0 dispara\u00eetre en train de dispara\u00eetre comme le mouvement d&#039;une bou\u00e9e, de merveilleux r\u00eaves et les effets visionnaire!<\/p>\n<\/div>\n<div id=\"tab_a-cosa-serve-?\" class=\"panel entry-content\" role=\"tabpanel\" aria-labelledby=\"tab-a-cosa-serve-?\">\n<p>Le Kuripe est pour le Rap\u00e9, qui est un m\u00e9dicament de l&#039;amazonie fait par une succession de plantes m\u00e9dicinales de terre tr\u00e8s finement avec l&#039;utilisation d&#039;un mortier. \u00c0 l&#039;int\u00e9rieur de toutes les traditions indig\u00e8nes, le Rap\u00e9 est consid\u00e9r\u00e9 comme une Plante Enseignante (le plus ancien) et est repr\u00e9sent\u00e9 comme un grand-p\u00e8re qui poss\u00e8de la sagesse de la for\u00eat.<\/p>\n<p>Son utilisation assure que le rituel n&#039;est jamais aspir\u00e9, car ce geste est consid\u00e9r\u00e9 comme un manque de respect \u00e0 l&#039;esprit ancestral de la Plante Sacr\u00e9e. Lorsque le Rap\u00e9 est utilis\u00e9 rituellement, le port de la purification et de centrage, transforme l&#039;\u00e9nergie n\u00e9gative, il agit comme un messager.<br \/>\nDans le nord du Br\u00e9sil, les peuples autochtones Choix Kuin-Kaxinawa et Yawanawa utilisation Rap\u00e9 comme un m\u00e9dicament associ\u00e9 \u00e0 l&#039;utilisation teRap\u00e9utico et spirituelle.<\/p>\n<p>Pour ces populations, le Rap\u00e9 est un m\u00e9dicament qui a un esprit de grande puissance, de gu\u00e9rison et de protection, de bannir toutes sortes de maux. Lors de ces peuples autochtones, l&#039;Rap\u00e9 est utilis\u00e9 par le paj\u00e9 de la tribu (hommes\/femmes dans la m\u00e9decine), de sorte que vous pouvez vous connecter \u00e0 l&#039;Esprit, \u00e0 s&#039;int\u00e9grer \u00e0 la Nature, \u00eatre en mesure d&#039;identifier les maux qui peuvent attaquer son peuple, ou dans les rituels de gu\u00e9rison, avec l&#039;objectif de donner une protection spirituelle, diagnostiquer la maladie, et d&#039;utiliser la puissance de l&#039;esprit de ce m\u00e9dicament pour prendre soin de.<\/p>\n<p>Le Rap\u00e9 \u00eatre souffl\u00e9 dans les deux narines \u00e0 l&#039;aide d&#039;un applicateur, souvent fabriqu\u00e9s \u00e0 partir de tiges de bambou ou de l&#039;os. Il y a le soi-applicateur (kuripe) est celle \u00e0 travers laquelle vous pouvez donner aux autres (tepi). Le Rap\u00e9 est souffl\u00e9 avec le tuyau d&#039;abord dans la narine gauche, puis \u00e0 droite, ainsi \u00e9quilibrer les deux h\u00e9misph\u00e8res du cerveau, le c\u00f4t\u00e9 f\u00e9minin et intuitive, et le m\u00e2le rationnelle.<\/p>\n<p>En Amazonie, partager le Rap\u00e9 est une activit\u00e9 qui est socialement et a des racines spirituelles. Le Rap\u00e9, en fait, est consid\u00e9r\u00e9 comme un Saint de la M\u00e9decine et de son administration, la valeur d&#039;une pri\u00e8re qui invoque les forces de la nature et les esprits de la for\u00eat, de la b\u00e9n\u00e9diction des plantes et de leur pouvoir d&#039;attirer de centrage, de force et de soins.<\/p>\n<p>L&#039;application de l&#039;Rap\u00e9 est souvent accompagn\u00e9e par des chants qui ont la fonction \u00e0 appeler les esprits, et la force de la m\u00e9decine.<\/p>\n<\/div>\n<div id=\"tab_disclaimer\" class=\"panel entry-content\" role=\"tabpanel\" aria-labelledby=\"tab-disclaimer\">\n<p><strong><span style=\"color: #d83131;\">LA PHOTO DANS LA DESCRIPTION EST PUREMENT INDICATIVE<\/span><\/strong><\/p>\n<p><strong><span style=\"color: #d83131;\">LES PRODUITS SONT GARANTIS \u00c0 PARTIR DE KARMARANDO<\/span><\/strong><br \/>\n<strong><span style=\"color: #d83131;\">Pour les produits, des PLANTES, de l&#039;ENCENS ET poudres PR\u00c9PAR\u00c9ES pour le MOMENT pas possible de faire un REMBOURSEMENT ou un \u00e9change<\/span><\/strong><\/p>\n<p>L&#039; <strong>les termes utilis\u00e9s<\/strong> dans les cat\u00e9gories et les tags ne veux pas sugg\u00e9rer \u00e0 l&#039;usage m\u00e9dicinal et de produits r\u00e9cr\u00e9atifs, juste de les trier en fonction de leur utilisation de l&#039;historique, scientifique et social.<\/p>\n<p><strong>Les recettes sont fournies \u00e0 titre de scientifique<\/strong>ils ne veulent pas encourager les clients \u00e0 les r\u00e9p\u00e9ter, ni de consommer les produits.<\/p>\n<p><strong>Notre contenu<\/strong> n&#039;ont pas \u00e9t\u00e9 \u00e9valu\u00e9es par la FDA ou par une figure de la profession m\u00e9dicale: les applications possibles, les indications, la posologie et les avertissements sont d\u00e9crites pour des fins \u00e9ducatives seulement, les sp\u00e9culations et les personnels, et ne constituent pas des conseils m\u00e9dicaux.<\/p>\n<p><strong>Les produits sont vendus<\/strong> comme l&#039;encens, Savons, de R\u00e9sines et de collection botanique, et le mat\u00e9riel de recherche scientifique.<\/p>\n<p><span style=\"color: #ed1c24; font-size: 115%;\"><strong>Ils ne sont pas destin\u00e9s \u00e0 la consommation humaine.<br \/>\nPour \u00eatre en mesure d&#039;acheter nos produits, vous devez avoir plus de 18 ans et ne sont pas adapt\u00e9s pour les femmes qui sont enceintes et\/ou qui allaitent.<\/strong><\/span><\/p>\n<p>Pour obtenir plus d&#039;informations sur <strong>KARMARANDO<\/strong> visite <a href=\"https:\/\/www.instagram.com\/karmarando1\/\" target=\"_blank\" rel=\"noopener\"><br \/>\n<span style=\"color: #0000ff;\"><strong>cette page<\/strong><\/span><\/a> ou lire les derni\u00e8res nouvelles sur <a href=\"https:\/\/karmarando.com\/fr\/blog\/\" target=\"_blank\" rel=\"nofollow noopener\"><strong><span style=\"color: #0000ff;\">BLOG<\/span><\/strong><\/a><br \/>\n<\/div><\/div><\/div>","protected":false},"excerpt":{"rendered":"<p>Kuripe Bambou Totem COBRA Amulette avec des Pierres puissant<\/p>","protected":false},"featured_media":6139,"comment_status":"open","ping_status":"closed","template":"","meta":[],"product_brand":[468],"product_cat":[195,241,569,196,185,1188,239],"product_tag":[1200],"class_list":{"0":"post-6126","1":"product","2":"type-product","3":"status-publish","4":"has-post-thumbnail","6":"product_brand-karmarando","7":"product_cat-applicat-rape-e-co","8":"product_cat-arte-artigianale-sciamanica","9":"product_cat-kuripe","10":"product_cat-kuripe-e-tepi","11":"product_cat-rapee-e-co","12":"product_cat-speciali","13":"product_cat-strumenti-e-gadget","14":"product_tag-kuripe-bambu-totem-cobra","15":"pa_brand-karmarando","16":"pa_ean-1201","17":"pa_materiale-bamboo","18":"pa_paese-di-fabbricazione-italia","19":"pa_taglia-l-per-visi-grandi","20":"pa_taglia-m-per-visi-normali","21":"pa_taglia-s-per-visi-molto-piccoli","22":"pa_taglia-su-misura-saranno-necessari-24-48-ore-in-piu-per-produrlo","24":"first","25":"instock","26":"shipping-taxable","27":"purchasable","28":"product-type-variable"},"_links":{"self":[{"href":"https:\/\/karmarando.com\/fr\/wp-json\/wp\/v2\/product\/6126","targetHints":{"allow":["GET"]}}],"collection":[{"href":"https:\/\/karmarando.com\/fr\/wp-json\/wp\/v2\/product"}],"about":[{"href":"https:\/\/karmarando.com\/fr\/wp-json\/wp\/v2\/types\/product"}],"replies":[{"embeddable":true,"href":"https:\/\/karmarando.com\/fr\/wp-json\/wp\/v2\/comments?post=6126"}],"wp:featuredmedia":[{"embeddable":true,"href":"https:\/\/karmarando.com\/fr\/wp-json\/wp\/v2\/media\/6139"}],"wp:attachment":[{"href":"https:\/\/karmarando.com\/fr\/wp-json\/wp\/v2\/media?parent=6126"}],"wp:term":[{"taxonomy":"product_brand","embeddable":true,"href":"https:\/\/karmarando.com\/fr\/wp-json\/wp\/v2\/product_brand?post=6126"},{"taxonomy":"product_cat","embeddable":true,"href":"https:\/\/karmarando.com\/fr\/wp-json\/wp\/v2\/product_cat?post=6126"},{"taxonomy":"product_tag","embeddable":true,"href":"https:\/\/karmarando.com\/fr\/wp-json\/wp\/v2\/product_tag?post=6126"}],"curies":[{"name":"wp","href":"https:\/\/api.w.org\/{rel}","templated":true}]}}