{"id":5398,"date":"2022-04-17T08:09:30","date_gmt":"2022-04-17T06:09:30","guid":{"rendered":"https:\/\/www.karmarando.com\/?post_type=product&#038;p=5398"},"modified":"2025-12-04T21:56:19","modified_gmt":"2025-12-04T20:56:19","slug":"sanango-brunfelsia-grandiflora-disponibile-da-5-ml-10-ml-e-15-ml","status":"publish","type":"product","link":"https:\/\/karmarando.com\/fr\/kit-e-promo\/kit-sets\/sanango-brunfelsia-grandiflora-disponibile-da-5-ml-10-ml-e-15-ml\/","title":{"rendered":"Sanango brunfelsia grandiflora disponible en 5 ml, 10 ml et 15 ml"},"content":{"rendered":"<div class=\"tabbed-content\">\n\t\t\t\n\t\t\t<ul class=\"nav nav-pills nav-uppercase nav-size-small nav-center\" role=\"tablist\"><li id=\"tab-descrizione\" class=\"tab active has-icon\" role=\"presentation\"><a href=\"#tab_descrizione\" role=\"tab\" aria-selected=\"true\" aria-controls=\"tab_descrizione\"><span>Description<\/span><\/a><\/li>\n<li id=\"tab-propriet\u00e0\" class=\"tab has-icon\" role=\"presentation\"><a href=\"#tab_propriet\u00e0\" tabindex=\"-1\" role=\"tab\" aria-selected=\"false\" aria-controls=\"tab_propriet\u00e0\"><span>Propri\u00e9t\u00e9<\/span><\/a><\/li>\n<li id=\"tab-come-si-f\u00e0?\" class=\"tab has-icon\" role=\"presentation\"><a href=\"#tab_come-si-f\u00e0?\" tabindex=\"-1\" role=\"tab\" aria-selected=\"false\" aria-controls=\"tab_come-si-f\u00e0?\"><span>Qu&#039;il obtient?<\/span><\/a><\/li>\n<li id=\"tab-disclaimer\" class=\"tab has-icon\" role=\"presentation\"><a href=\"#tab_disclaimer\" tabindex=\"-1\" role=\"tab\" aria-selected=\"false\" aria-controls=\"tab_disclaimer\"><span>AVERTISSEMENT<\/span><\/a><\/li><\/ul><div class=\"tab-panels\"><div id=\"tab_descrizione\" class=\"panel active entry-content\" role=\"tabpanel\" aria-labelledby=\"tab-descrizione\">\n<p><strong>ATTENZIONE: CON L&#8217;ACQUISTO DI QUESTO PRODOTTO VERRA DATO IL SANANGA CHE ABBIAMO NEL SITO, CHE CONOSCONO COME MIGLIOR SANANGA, TUTTI I NOSTRI ASSISTITI\u00a0 CLIENTI.<\/strong><\/p>\n<p>Perch\u00e8 sta qu\u00ec questo prodotto che si chiama sanango, anche se ha nome simile,\u00a0 ma nessuno degli effetti del Fantastico vero Sananga?<\/p>\n<p>Semplice, in rete ci sono informazioni errate, cosi che le persone pensano che sia la stessa cosa.. Quindi abbiamo inserito questo prodotto semplicemente per chiarire il dubbio.<\/p>\n<p>Le informazioni scientifiche sono riferite al Sanango, ma le istruzioni al Sananga, ma \u00e8 ovvio che leggendo le istruzioni e al riguardo al prodotto sananga, sar\u00e0 molto piu chiaro.Si invita dunque a andare alla categoria sananga tornando inditro oppure usare il cerca in alto.<\/p>\n<p>&nbsp;<\/p>\n<h3><strong>Sanango brunfelsia grandiflora disponible en 5 ml, 10 ml et 15 ml<\/strong><\/h3>\n<p>Brunfelsia grandiflora \u00e8 un arbusto da fiore della famiglia delle belladonna. \u00c8 originario del Sud America. In inglese \u00e8 conosciuto con i nomi comuni royal brunfelsia viola, kiss-me-quick, e ieri-oggi-e-domani. In Per\u00f9 \u00e8 conosciuto con il nome spagnolo-quechua chiriq sananku (hispanicized spelling chiric sanango). Questo arbusto cresce fino a 10 piedi di altezza per 8 piedi di larghezza. Ha una fitta chioma di foglie disposte alternativamente fino a 12 pollici di lunghezza. I fiori profumati sono bianchi o sfumati di viola. Fioriscono quasi tutto l&#8217;anno. Nella sua gamma nativa \u00e8 usato nella medicina tradizionale per curare la febbre, i reumatismi, la sifilide e l&#8217;artrite. \u00c8 aggiunto all&#8217;ayahuasca. Nei test di laboratorio, estratti della pianta erano attivi contro i protozoi che causano la leishmaniosi, in particolare la Leishmania maggiore. B. grandiflora a volte viene coltivata come pianta ornamentale, ad esempio per la progettazione del paesaggio essendo che i firoi assomigliano al trombone D&#8217;angelo.<\/p>\n<p>Sanango \u00e8 costituito dalle radici e dalla corteccia dell&#8217;arbusto brunfelsia grandiflora . La radice e la corteccia di questa pianta sono ottenute dalle trib\u00f9 Kaxinaw\u00e1 e Yawanaw\u00e1. Questa medicina sacra e potente \u00e8 usata per curare i disturbi fisici e spirituali, liberando la mente e le energie e acquisendo un modo completamente nuovo di percezione e concentrazione.<\/p>\n<p>Sanango \u00e8 costituito dalle radici e dalla corteccia dell&#8217;arbusto<\/p>\n<h3><strong>brunfelsia grandiflora<\/strong><\/h3>\n<p>una specie di &#8220;legno da latte&#8221; della famiglia delle Apocynaceae, e proviene direttamente dai popoli delle trib\u00f9 amazzoniche. Questa medicina sacra e potente viene utilizzata per curare i disturbi fisici e spirituali, liberando la mente dalle energie distraenti e consentendo un modo completamente nuovo di percepire e focalizzare. Questo Sanango \u00e8 intriso di intenzioni di assoluta chiarezza e concentrazione. Sebbene si dice che Sanango contenga alcaloidi dell&#8217;ibogaina, in realt\u00e0 ci sono poche prove per suggerire che ci\u00f2 sia effettivamente vero.<\/p>\n<h3><strong>brunfelsia grandiflora<\/strong><\/h3>\n<p>non \u00e8 in realt\u00e0 un genere ma una &#8220;sottofamiglia&#8221;, e quindi classificata anche come &#8220;T<\/p>\n<h3><strong>brunfelsia grandiflora<\/strong><\/h3>\n<p>e&#8221;. McKenna riferisce che solo alcune delle diverse decine di piante di questa sottofamiglia contengono ibogaina, altre come &#8220;undulata&#8221; possono avere solo propriet\u00e0 analgesiche o sedative.<\/p>\n<p>Le pur esprit de la Sananga prend en charge un nettoyage en profondeur des \u00e9nergies sont bloqu\u00e9es au niveau de l&#039;\u00e9motionnel, physique et spirituel. Sananga pouvez \u00e9quilibre et augmenter vos \u00e9nergies, et de trouver les racines de votre maladie et de blocs, aboutissant \u00e0 un \u00e9quilibre, de la concentration et de la paix de l&#039;esprit. En outre, les gouttes qui permettra d&#039;\u00e9largir votre vision de la conscience spirituelle et d&#039;am\u00e9liorer votre capacit\u00e9 \u00e0 lire les intentions des autres. Aussi, Sananga am\u00e9liorer votre vision \u00e0 longue port\u00e9e, ce qui est important pour leurs points de vue et les pr\u00e9dictions de l&#039;avenir. En plus de cela, les gouttes sont \u00e9galement utilis\u00e9s pour traiter et am\u00e9liorer un large \u00e9ventail de probl\u00e8mes oculaires (Lambert et al 2010), tels que la myopie, la perception de la profondeur et de la couleur, de la d\u00e9finition des images et la pr\u00e9cision de la d\u00e9tection. En outre, ce m\u00e9dicament magique est indiqu\u00e9 dans les cas de graves maladies de l&#039;\u0153il, comme le glaucome, la cataracte et la c\u00e9cit\u00e9. Parce que ces gouttes peuvent avoir des effets diff\u00e9rents si puissante sur votre point de vue, sont aussi couramment appliqu\u00e9 avant ou au cours de la c\u00e9r\u00e9monie de l&#039;Ayahuasca, pour augmenter le point de vue et les intuitions spirituelles.<\/p>\n<p>M\u00eame si Sananga est c\u00e9l\u00e8bre pour ses effets sur la vue et sur la vue, ce m\u00e9dicament est consid\u00e9r\u00e9 comme un rem\u00e8de pour les autochtones \u00e0 toutes les fins. Est appliqu\u00e9 \u00e0 la maladie, f\u00e9brifuge, \u00e9m\u00e9tique, diur\u00e9tique, s\u00e9datif, et beaucoup d&#039;autres. Aussi, Sananga est souvent utilis\u00e9 pour traiter les maladies de la peau (dermatite), supprimer l&#039;app\u00e9tit, (Jernigan 2009), de soulager les probl\u00e8mes dentaires (Shepard, 1999), et de traiter les blessures de la morsure du serpent, et le poison, la gu\u00e9rison des blessures \u00e0 l&#039;\u0153il et les rhumatismes (Sanz-Biset et coll. 2009; Schultes 1979). Un autre aspect important de la gu\u00e9rison de la famille des Apocynaceae et son activit\u00e9 antimicrobienne largement explor\u00e9e, qui a montr\u00e9 que cette famille a un fort pouvoir antioxydant (Pereira et coll. 2005), antitumorale (Kingston et coll. 1977; Gunasekera et coll. 1980), contraceptive\/contraception ( Meyeret coll. 1973), antipyr\u00e9tique (r\u00e9duit la fi\u00e8vre), des anti-inflammatoires (Taesotikul et coll. 2003), antimicobatterico (Pereira et coll. 2005), et antimicrobien (Beek et coll. 1984; Suffredini et coll. 2002; Ruttoh et coll. 2009) les effets.<\/p>\n<p>Traditionnellement, les tribus tels que la Mats\u00e9 utilisation Sananga comme un outil de chasse pour obtenir une perception et d&#039;une concentration forte, et pour permettre la d\u00e9tection de mouvements subtils dans la jungle sombre (Lambert et al 2010). En outre, les gouttes peuvent permettre \u00e0 une image forte de la proie ou de la plante, de la chasse, qui permet une rapide recherche du succ\u00e8s. Souvent Sananga est combin\u00e9 avec d&#039;autres outils pour la chasse, comme le Kambos, qui permettent d&#039;am\u00e9liorer les comp\u00e9tences de la chasse. Pour la plupart des tribus indig\u00e8nes, \u00e0 la chasse au moyen de survie, et donc, cela signifie une comp\u00e9tence qui est tr\u00e8s important et crucial.<\/p>\n<p>La tribu croire que pour devenir un bon chasseur et un bon miratore ne peut \u00eatre atteint \u00e0 l&#039;aide de plantes sacr\u00e9es. Ces plantes sacr\u00e9es d&#039;am\u00e9liorer la perception et de l&#039;acuit\u00e9, l&#039;intention, le sens de l&#039;odorat, de la force et de la chance. Par cons\u00e9quent, des outils de chasse tels que Sananga et Kambos, ce qui repr\u00e9sente environ un quart de toutes les plantes m\u00e9dicinales utilis\u00e9es dans les tribus autochtones (Shepard, 1999).<\/p>\n<p><b>\u00c0 l&#039;origine, de la cr\u00e9ation et de l&#039;application <\/b><br \/>\nI colliri Sanango sono prodotti dall&#8217;arbusto<\/p>\n<h3><strong>brunfelsia grandiflora<\/strong><\/h3>\n<p>che cresce ad Acri, in Brasile e in altri paesi sudamericani, ed \u00e8 noto alla trib\u00f9 Kaxinaw\u00e1s come &#8220;Mana Heins&#8221; e come &#8220;Becchete&#8221; ai Mats\u00e9s. Mana Heins o Becchete appartengono alla famiglia delle Apocynaceae, la stessa famiglia a cui appartiene la Bella donna. La corteccia della radice di questo arbusto viene prima macinata in polvere finissima che viene filtrata pi\u00f9 volte attraverso una rete di cotone e infine viene estratta in un succo. Quando vengono applicate sulla pelle, le foglie di Sanango vengono ammorbidite dal fuoco e applicate direttamente sulla parte interessata, oppure il lattice della radice viene mescolato con acqua e applicato con un panno (Van Beek et al. 1984). Tuttavia, pu\u00f2 essere applicato anche con una bevanda a base di un estratto acquoso della corteccia della radice.<\/p>\n<\/div>\n<div id=\"tab_propriet\u00e0\" class=\"panel entry-content\" role=\"tabpanel\" aria-labelledby=\"tab-propriet\u00e0\">\n<h3><strong>Ingr\u00e9dients actifs<\/strong><\/h3>\n<p>LE Sananga contient coronadine, quebrachidine, de l&#039;heyn\u00e9anine, 3-hydroxycoronaridine, ibogamina et la voacangine, le 3-idrossicoronaridina, (Van Beek et al 1984; delle Monache et coll. 1977)<\/p>\n<p>L&#039;ensemble de ces alcalo\u00efdes ont de puissants effets psychoactifs et peuvent avoir des effets puissants sur les antibiotiques.<\/p>\n<h3><strong>Les principales utilisations de la plante<\/strong><\/h3>\n<p><strong>La M\u00e9decine, La Guerri\u00e8re Sacr\u00e9e<\/strong><\/p>\n<ul>\n<li>\u00c9teindre le Panema un terme qui peut \u00eatre traduit comme la d\u00e9pression, la tristesse, la fatigue et malaise.<\/li>\n<li>Gouttes pour les yeux (par de nombreuses indications, est la forme la plus utilis\u00e9e dans les autres formulaires \u00e0 utillazzata.<\/li>\n<li>Efface l&#039;esprit et les \u00e9nergies et l&#039;obtention d&#039;un nouveau, de mani\u00e8re globale, de la perception et de la concentration.<\/li>\n<li>Aide dans le Traitement de maladies physiques et spirituelles, en lib\u00e9rant l&#039;esprit \u00e0 partir de l&#039;\u00e9nergie distrattive et l&#039;activation d&#039;une nouvelle mani\u00e8re de percevoir et de se concentrer.<\/li>\n<li>D\u00e9bloquer les \u00e9nergies n\u00e9gatives et augmente le d\u00e9sir de vivre et la force de faire face \u00e0 nos r\u00eaves<\/li>\n<li>la myopie<\/li>\n<li>Le glaucome<\/li>\n<li>La cataracte<\/li>\n<li>Certains cas de perte de vision<\/li>\n<li>La c\u00e9cit\u00e9<\/li>\n<li>la maculopathie<\/li>\n<li>Le k\u00e9ratoc\u00f4ne<\/li>\n<li>La r\u00e9tinopathie<\/li>\n<li>Degenarazione Maculaire li\u00e9e \u00e0 l&#039;\u00e2ge<\/li>\n<li>la perception de la profondeur et de la couleur, de la d\u00e9finition de l&#039;image et de la pr\u00e9cision de d\u00e9tection.<\/li>\n<li>Le traitement de la mauvaise haleine<\/li>\n<li>Le traitement de candida vaginale<\/li>\n<li>Vomitivo<\/li>\n<li>En apaisant et la clarification de l&#039;esprit<\/li>\n<li>La suppl\u00e9ance \u00e0 la profondeur dans les \u00e9tats m\u00e9ditatifs<\/li>\n<li>Am\u00e9lioration du r\u00eave lucide<\/li>\n<li>En stimulant l&#039;\u00e9limination de l&#039;\u00e9nergie stagnante<\/li>\n<li>Les plus la vue<\/li>\n<li>Am\u00e9lioration de l&#039;intuition<\/li>\n<\/ul>\n<p>N&#039;est pas seulement Id\u00e9al pour tous les probl\u00e8mes li\u00e9s \u00e0 l&#039;oeil d\u00e9crit ci-dessus, mais..<\/p>\n<p>Utilis\u00e9 en combinaison, et avant Rap\u00e9, Kambos, l&#039;Ayahuasca, augmente le processus visionnaire et l&#039;intuition spirituelle.<\/p>\n<p>En outre, cette Plante sacr\u00e9e est utilis\u00e9e par les indig\u00e8nes pour une fi\u00e8vre, ayant des propri\u00e9t\u00e9s \u00e9m\u00e9tiques, diur\u00e9tique, et les soins de nombreux autres types de maladies courantes, telles que les probl\u00e8mes de la peau (dermatite); vous aider dans la pr\u00e9sence de probl\u00e8mes dentaires et les rhumatismes. De nombreuses \u00e9tudes scientifiques sont en cours aujourd&#039;hui, visant \u00e0 approfondir les diff\u00e9rentes utilisations de cette plante de gu\u00e9rison.<\/p>\n<p>Traditionnellement par les autochtones, il est utilis\u00e9 comme un outil important et indispensable dans la chasse, car il augmente la perception et de la concentration, de vous Aider \u00e0 rep\u00e9rer les mouvements subtils dans la jungle amazonienne (Lambert et Al 2010).<\/p>\n<p>Dans le m\u00eame temps, les gouttes pour les yeux peuvent aider les chasseurs \u00e0 la vue de la proie (qui vous accorde que le sacrifice de la sainte), et les plantes qui doivent \u00eatre chass\u00e9s et trouv\u00e9 (Lambert et al 2010). Au cours de la chasse \u00e0 la Sananga est souvent accompagn\u00e9e par la Kamb\u00f2, ce qui contribue \u00e0 augmenter la capacit\u00e9 de la chasse.<\/p>\n<p>Gardez \u00e0 l&#039;esprit que la chasse et de la p\u00eache pour beaucoup de tribus indig\u00e8nes sont les seuls moyens de survie dans une terre hostile, pour cette raison, les indig\u00e8nes utiliser tout ce qui est \u00e0 leur disposition pour augmenter et am\u00e9liorer leurs comp\u00e9tences. L&#039;utilisation de ces plantes puissance naturelle aide \u00e0 surmonter toutes les difficult\u00e9s de la for\u00eat, et en m\u00eame temps leur donne un grand visionnaire capacit\u00e9 de trouver beaucoup plus facilement la proie de chasse.<\/p>\n<p>Les origines, la cr\u00e9ation et le mode d&#039;application. Comme nous l&#039;avons dit pr\u00e9c\u00e9demment, le Sananga est faite \u00e0 partir des racines et de l&#039;\u00e9corce des plantes de fruits en octobre Undulata, qui pousse principalement dans la r\u00e9gion de l&#039;Acre, au Br\u00e9sil, et d&#039;autres Pays d&#039;am\u00e9rique du sud.<\/p>\n<p>Il est connu comme \u201cMana Heins\u201d par le peuple Kaxinaw\u00e0 Br\u00e9silien et \u201cBacchete\u201d par les Matses au P\u00e9rou. Les racines et l&#039;\u00e9corce de cette plante sont d&#039;abord r\u00e9duits en poudre puis coul\u00e9es de lave plusieurs fois \u00e0 travers un tamis de coton, pour ensuite \u00eatre extraites sous forme de jus est le liquide qui est ensuite utilis\u00e9e de diverses mani\u00e8res par les indig\u00e8nes.<\/p>\n<\/div>\n<div id=\"tab_come-si-f\u00e0?\" class=\"panel entry-content\" role=\"tabpanel\" aria-labelledby=\"tab-come-si-f\u00e0?\">\n<h3><strong>Posologie et mode d&#039;Utilisation<br \/>\n<\/strong><\/h3>\n<p>En Amazonie, ce produit est utilis\u00e9 \u00e0 chaque fois que le quotidien cycles 2 mois et 2 semaines de cong\u00e9, pour la premi\u00e8re fois, et ensuite l&#039;utiliser pour un mois et 2 semaines d&#039;arr\u00eat.<\/p>\n<p>vous pouvez utiliser tous les jours ou 1 jour et pas l&#039;un \u00e0 cody pour 2 mois, puis le repos de l&#039;epr de 2 semaines, puis reprendre.<\/p>\n<h5><strong> Avant d&#039;envisager une dose est essentiel d&#039;avoir une intention. <\/strong><\/h5>\n<h5><strong> Travail ax\u00e9 sur elle, la plante permet de faire la lumi\u00e8re sur cet aspect de la vie que vous voulez voir plus en profondeur. <\/strong><\/h5>\n<h5><strong> La puissance de votre intnzione est crucial, et chaque m\u00e9dicament ne peut obtenir et de traiter de ce que tu veux dire. <\/strong><\/h5>\n<h4><strong>U<\/strong>na une seule goutte par oeil est assez puissant session de Sananga. Nous vous conseillons de trouver un endroit calme, \u00e0 la fois dans la nature, que ce soit \u00e0 la maison ou dans un environnement calme avec une musique m\u00e9ditative. Les effets aigus disparaissent au bout de 10-15 minutes, mais les effets secondaires b\u00e9nins peuvent durer pendant des jours. Assurez-vous que vous vous allongez pour permettre une bonne application, et de laisser les yeux ferm\u00e9s au cours de la session. Il est important d&#039;appliquer une goutte sur les yeux et ne pas attendre pour la deuxi\u00e8me chute, l&#039;appliquer imm\u00e9diatement \u00e0 \u00e9quilibrer les \u00e9nergies sur les deux yeux. Ensuite, vous devez battre les paupi\u00e8res pendant une courte p\u00e9riode de temps pour distribuer le liquide sur l&#039;ensemble de l&#039;oeil. Id\u00e9alement, vous trouvez une deuxi\u00e8me personne qui peut demander la Sananga pour vous.<\/h4>\n<p>Peu de temps apr\u00e8s l&#039;application sur les yeux, la plupart des utilisateurs rapportent une forte sensation de br\u00fblure et une intense sensation de picotement douleur. Toutefois, ces effets disparaissent au bout de quelques minutes, et peut \u00eatre att\u00e9nu\u00e9 en se concentrant sur votre respiration et de visualisation comme la douleur se change en vigueur et supprime votre \u00e9nergie bloqu\u00e9e, et apporte la gu\u00e9rison profonde.<\/p>\n<p>En outre, vous pouvez \u00e9galement rencontrer les vomissements et les selles, qui sont d&#039;autres indications pour l&#039;\u00e9limination de l&#039;\u00e9nergie bloqu\u00e9e et la maladie. En essayant de donner totalement et d\u00e9tendu que possible.<\/p>\n<p>Semblable \u00e0 la micro-dose de l&#039;iboga, vous pouvez appliquer Sananga sur une base quotidienne, mais doit respecter notre protocole, et de suivre avec de fortes intentions de gu\u00e9rison afin d&#039;atteindre des r\u00e9sultats profonds.<\/p>\n<p>Pour vous donner une id\u00e9e, une seule goutte de Sananga oeil est assez puissant s\u00e9ance de soins. Nous recommandons toujours l&#039;utilisation de Sananga dans un sacr\u00e9 mani\u00e8re, dans un espace prot\u00e9g\u00e9.<\/p>\n<p>Il n&#039;est pas une substance \u00e0 prendre avec l\u00e9g\u00e8ret\u00e9 et le manque d&#039;exp\u00e9rience, parce qu&#039;il fonctionne \u00e0 un niveau tr\u00e8s profond, se d\u00e9pla\u00e7ant dans un moyen puissant \u201ctoxines\u201d que s&#039;est cristallis\u00e9 dans le corps, l&#039;esprit et l&#039;\u00e2me d&#039;une mani\u00e8re subtile.<\/p>\n<p>Par cons\u00e9quent, il est essentiel d&#039;\u00eatre suivi et soutenu par des personnes exp\u00e9riment\u00e9es dans l&#039;utilisation et l&#039;administration. L&#039;effet aigu de l&#039;Sananga dure environ 10 \u00e0 15 minutes, tandis que l&#039;effet \u00e0 un niveau subtil peut durer pendant des jours.<\/p>\n<p>Il est fondamental pour l&#039;application des gouttes dans les yeux pour l&#039;\u00e9quilibre du cerveau droit et le cerveau gauche.<\/p>\n<p>Ce que vous entendez imm\u00e9diatement apr\u00e8s l&#039;application dispose d&#039;un grand, les yeux br\u00fblants, comme apr\u00e8s avoir mis sur le poivron rouge.<\/p>\n<p>Apr\u00e8s quelques instants, la sensation de br\u00fblure commence \u00e0 diminuer, une technique qui est efficace pour diminuer la sensation de br\u00fblure dans les yeux, est d&#039;attirer l&#039;attention \u00e0 la respiration, de respirer avec la bouche.<\/p>\n<p>Lorsqu&#039;elle diminue la combustion, vous commencez \u00e0 percevoir l&#039;\u00e9limination de fines blocs, en particulier, \u00e0 la hauteur du troisi\u00e8me \u0153il, il va amplifier la vision et le corps se d\u00e9tend. Vous avez pour les gens sur le chemin spirituel vers des niveaux plus profonds, et beaucoup de clart\u00e9 mentale.<\/p>\n<h3><strong>Id\u00e9es<\/strong><\/h3>\n<h3>Un client m&#039;a rapport\u00e9 qu&#039;il a essay\u00e9 de la collyre Sananga. Et son commentaire a \u00e9t\u00e9: \u201c...il n&#039;a Pas fonctionn\u00e9. J&#039;avais une douleur extr\u00eame, et rien d&#039;autre, alors il n&#039;a pas de travail...\u201d. Alors je leur ai expliqu\u00e9 les effets de Sananga et les avantages de la douleur:<\/h3>\n<p>\u201cIl semble avoir parfaitement fonctionn\u00e9. La douleur de Sananga permet la gu\u00e9rison. Si il ne fait pas de mal, vous n&#039;obtiendrez pas ce travail. La douleur vous permet de radicarti et equilibrarti. Les premi\u00e8res fois, peut conduire \u00e0 des souffrances et de drames, mais quand vous savez quoi faire avec elle, vous pouvez atteindre un \u00e9tat de zen et de la bonne r\u00e9ponse. Et il sera facile. Prendre la douleur sans drames. Et \u00e0 un certain point, vous serez en mesure de prendre Sananga quand vous pensez \u00e0 ce sujet. Sans aucune h\u00e9sitation, le doute ou la peur de ce qui est \u00e0 venir. Et puis vous tombez dans les yeux et est tout simplement ce qui se passe. Allez dans le processus sans aucune expression. \u00catre calme, respirer, prendre la douleur, mais ne laissez pas que la cause de d\u00e9sespoir . S&#039;asseoir tout droit, tourner les yeux, et ne pas montrer quoi que ce soit de votre lutte int\u00e9rieure. Vous pouvez canaliser toute cette douleur en pouvoir, imm\u00e9diatement. Et les avantages ne sont pas seulement le droit de r\u00e9ponse. Vous lib\u00e9rer du drame, de l&#039;irritation, la douleur, la peur , la col\u00e8re, Et a des effets b\u00e9n\u00e9fiques sur vos yeux, il prend toute la salet\u00e9 accumul\u00e9e loin de la cible et de l&#039;arri\u00e8re des yeux. Vous aurez une meilleure concentration, \u00e0 la fois visuellement et mentalement. \u201cVous allez voir\u201d les choses de mieux. Sananga peut faire de vous un guerrier, et 15 minutes apr\u00e8s l&#039;exp\u00e9rience, jusqu&#039;\u00e0 ce jours plus tard, et, dans certains cas, de fa\u00e7on permanente, vous avez la d\u00e9termination pour obtenir quelque chose et vous ne serez pas g\u00ean\u00e9 par les \u00e9motions n\u00e9gatives. Si vous pouvez traiter avec Sananga pouvez-vous g\u00e9rer la vie de tous les jours beaucoup mieux, surtout dans les situations o\u00f9 vous \u00eates mis au d\u00e9fi de tomber dans des \u00e9motions n\u00e9gatives, du drame, de la peur ou de la col\u00e8re.\u201d<\/p>\n<h3><b>Attention<\/b><\/h3>\n<h3>Les lentilles de Contact doivent \u00eatre retir\u00e9es avant l&#039;application de Sananga.<\/h3>\n<\/div>\n<div id=\"tab_disclaimer\" class=\"panel entry-content\" role=\"tabpanel\" aria-labelledby=\"tab-disclaimer\">\n<p><strong><span style=\"color: #d83131;\">LA PHOTO DANS LA DESCRIPTION EST PUREMENT INDICATIVE<\/span><\/strong><\/p>\n<p><strong><span style=\"color: #d83131;\">LES PRODUITS SONT GARANTIS \u00c0 PARTIR DE KARMARANDO<\/span><\/strong><br \/>\n<strong><span style=\"color: #d83131;\">Pour les produits, des PLANTES, de l&#039;ENCENS ET poudres PR\u00c9PAR\u00c9ES pour le MOMENT pas possible de faire un REMBOURSEMENT ou un \u00e9change<\/span><\/strong><\/p>\n<p>L&#039; <strong>les termes utilis\u00e9s<\/strong> dans les cat\u00e9gories et les tags ne veux pas sugg\u00e9rer \u00e0 l&#039;usage m\u00e9dicinal et de produits r\u00e9cr\u00e9atifs, juste de les trier en fonction de leur utilisation de l&#039;historique, scientifique et social.<\/p>\n<p><strong>Les recettes sont fournies \u00e0 titre de scientifique<\/strong>ils ne veulent pas encourager les clients \u00e0 les r\u00e9p\u00e9ter, ni de consommer les produits.<\/p>\n<p><strong>Notre contenu<\/strong> n&#039;ont pas \u00e9t\u00e9 \u00e9valu\u00e9es par la FDA ou par une figure de la profession m\u00e9dicale: les applications possibles, les indications, la posologie et les avertissements sont d\u00e9crites pour des fins \u00e9ducatives seulement, les sp\u00e9culations et les personnels, et ne constituent pas des conseils m\u00e9dicaux.<\/p>\n<p><strong>Les produits sont vendus<\/strong> comme l&#039;encens, Savons, de R\u00e9sines et de collection botanique, et le mat\u00e9riel de recherche scientifique.<\/p>\n<p><span style=\"color: #ed1c24; font-size: 115%;\"><strong>Ils ne sont pas destin\u00e9s \u00e0 la consommation humaine.<br \/>\nPour \u00eatre en mesure d&#039;acheter nos produits, vous devez avoir plus de 18 ans et ne sont pas adapt\u00e9s pour les femmes qui sont enceintes et\/ou qui allaitent.<\/strong><\/span><\/p>\n<p>Pour obtenir plus d&#039;informations sur <strong>KARMARANDO<\/strong> visite <a href=\"https:\/\/www.instagram.com\/karmarando1\/\" target=\"_blank\" rel=\"noopener\"><br \/>\n<span style=\"color: #0000ff;\"><strong>cette page<\/strong><\/span><\/a> ou lire les derni\u00e8res nouvelles sur <a href=\"https:\/\/karmarando.com\/fr\/blog\/\" target=\"_blank\" rel=\"nofollow noopener\"><strong><span style=\"color: #0000ff;\">BLOG<\/span><\/strong><\/a><br \/>\n<\/div><\/div><\/div>","protected":false},"excerpt":{"rendered":"<p>Sanango brunfelsia grandiflora disponible en 5 ml, 10 ml et 15 ml<\/p>","protected":false},"featured_media":3664,"comment_status":"open","ping_status":"closed","template":"","meta":[],"product_brand":[468],"product_cat":[255,256,15,199,257,214],"product_tag":[992],"class_list":{"0":"post-5398","1":"product","2":"type-product","3":"status-publish","4":"has-post-thumbnail","6":"product_brand-karmarando","7":"product_cat-kit-e-promo","8":"product_cat-kit-sets","9":"product_cat-offerte-a-tempo","10":"product_cat-piante-di-potere","11":"product_cat-promo","12":"product_cat-sananga","13":"product_tag-sanango","14":"pa_brand-karmarando","15":"pa_ean-1222","16":"pa_ingredienti-brunfelsia-grandiflora","17":"pa_ml-10ml","18":"pa_ml-15ml","19":"pa_ml-5ml","20":"pa_paese-di-fabbricazione-brasile","21":"pa_paese-di-fabbricazione-messico","22":"pa_paese-di-fabbricazione-peru","24":"first","25":"instock","26":"shipping-taxable","27":"purchasable","28":"product-type-variable"},"_links":{"self":[{"href":"https:\/\/karmarando.com\/fr\/wp-json\/wp\/v2\/product\/5398","targetHints":{"allow":["GET"]}}],"collection":[{"href":"https:\/\/karmarando.com\/fr\/wp-json\/wp\/v2\/product"}],"about":[{"href":"https:\/\/karmarando.com\/fr\/wp-json\/wp\/v2\/types\/product"}],"replies":[{"embeddable":true,"href":"https:\/\/karmarando.com\/fr\/wp-json\/wp\/v2\/comments?post=5398"}],"wp:featuredmedia":[{"embeddable":true,"href":"https:\/\/karmarando.com\/fr\/wp-json\/wp\/v2\/media\/3664"}],"wp:attachment":[{"href":"https:\/\/karmarando.com\/fr\/wp-json\/wp\/v2\/media?parent=5398"}],"wp:term":[{"taxonomy":"product_brand","embeddable":true,"href":"https:\/\/karmarando.com\/fr\/wp-json\/wp\/v2\/product_brand?post=5398"},{"taxonomy":"product_cat","embeddable":true,"href":"https:\/\/karmarando.com\/fr\/wp-json\/wp\/v2\/product_cat?post=5398"},{"taxonomy":"product_tag","embeddable":true,"href":"https:\/\/karmarando.com\/fr\/wp-json\/wp\/v2\/product_tag?post=5398"}],"curies":[{"name":"wp","href":"https:\/\/api.w.org\/{rel}","templated":true}]}}