{"id":4888,"date":"2022-03-06T23:55:15","date_gmt":"2022-03-06T22:55:15","guid":{"rendered":"https:\/\/www.karmarando.com\/?post_type=product&#038;p=4888"},"modified":"2026-04-02T10:02:58","modified_gmt":"2026-04-02T08:02:58","slug":"bufo-alvarius","status":"publish","type":"product","link":"https:\/\/karmarando.com\/fr\/piante-di-potere\/kambo-e-bufo\/bufo-alvarius\/","title":{"rendered":"Bufo Alvarius Sapo Sapito"},"content":{"rendered":"<div class=\"tabbed-content\">\n\t\t\t\n\t\t\t<ul class=\"nav nav-pills nav-uppercase nav-size-small nav-center\" role=\"tablist\"><li id=\"tab-descrizione\" class=\"tab active has-icon\" role=\"presentation\"><a href=\"#tab_descrizione\" role=\"tab\" aria-selected=\"true\" aria-controls=\"tab_descrizione\"><span>Description<\/span><\/a><\/li>\n<li id=\"tab-propriet\u00e0\" class=\"tab has-icon\" role=\"presentation\"><a href=\"#tab_propriet\u00e0\" tabindex=\"-1\" role=\"tab\" aria-selected=\"false\" aria-controls=\"tab_propriet\u00e0\"><span>Propri\u00e9t\u00e9<\/span><\/a><\/li>\n<li id=\"tab-come-si-f\u00e0?\" class=\"tab has-icon\" role=\"presentation\"><a href=\"#tab_come-si-f\u00e0?\" tabindex=\"-1\" role=\"tab\" aria-selected=\"false\" aria-controls=\"tab_come-si-f\u00e0?\"><span>Qu&#039;il obtient?<\/span><\/a><\/li>\n<li id=\"tab-disclaimer\" class=\"tab has-icon\" role=\"presentation\"><a href=\"#tab_disclaimer\" tabindex=\"-1\" role=\"tab\" aria-selected=\"false\" aria-controls=\"tab_disclaimer\"><span>AVERTISSEMENT<\/span><\/a><\/li><\/ul><div class=\"tab-panels\"><div id=\"tab_descrizione\" class=\"panel active entry-content\" role=\"tabpanel\" aria-labelledby=\"tab-descrizione\">\n<h3><strong>Bufo Alvarius Sapo Sapito S\u00c9CR\u00c9TION NATURELLE DE la grenouille du D\u00c9SERT DE sonora (LA MOL\u00c9CULE DE DIEU)<\/strong><\/h3>\n<p><strong>Bufo Alvarius la NATURE NOUS OFFRE avec des SUBSTANCES QUI NOUS ram\u00e8nent \u00c0 NOTRE ESSENCE<\/strong><br \/>\nLa m\u00e9decine Ancestrale de nous conduire \u00e0 l&#039;ABOUTISSEMENT d&#039;Une exp\u00e9rience qui se reconnecte nous et nous am\u00e8ne \u00e0 l&#039;union de la tout-en-un. N\u00e9cessite une sensibilisation et l&#039;initiation, l&#039;accompagnement et le processus de pr\u00e9paration et d&#039;int\u00e9gration appropri\u00e9 \u00e0 son intensit\u00e9 et de la profondeur.<br \/>\nBufo Alvarius Sapo Sapito<br \/>\n<strong>CONNEXION AVEC l&#039;ENSEMBLE de L&#039;Exp\u00e9rience de la gu\u00e9rison et de l&#039;expansion de la conscience, une Exp\u00e9rience que les mots ne peuvent pas expliquer!<\/strong><\/p>\n<p>Bufo Alvarius Sapo Sapito<br \/>\n<\/div>\n<div id=\"tab_propriet\u00e0\" class=\"panel entry-content\" role=\"tabpanel\" aria-labelledby=\"tab-propriet\u00e0\">\n<p><strong>SUR LE CRAPAUD Bufo Alvarius<\/strong><\/p>\n<p>Bufo Alvarius est un amphibien de la famille , est un crapaud qui vit dans le d\u00e9sert de Sonora au Mexique, et dont nous avons extrait le 5 MEO DMT organique, qui est une substance qui est extrait gr\u00e2ce \u00e0 ses glandes parotides, c&#039;est une esp\u00e8ce en veille prolong\u00e9e de dix mois de la p\u00e8gre, et monte \u00e0 la surface seulement pendant la saison des pluies pour se nourrir et se reproduire , il est important de rappeler que, pour obtenir cette substance dans le crapaud ne pas souffrir ni mourir, il recueille seulement de la toxine et le crapaud est lib\u00e9r\u00e9, mais il est tr\u00e8s difficile de l&#039;obtenir, parce que la surface quelques fois dans l&#039;ann\u00e9e.<\/p>\n<p>Le 5 MEO DMT (5-m\u00e9thoxy-N, N-dim\u00e9thyltryptamine) est connu sous divers noms tels que Bufo Alvarius, la M\u00e9decine de la Sapito ou d&#039;une Mol\u00e9cule de Dios , mais pas n&#039;importe comment nous l&#039;appelons, et sans crainte de mentir, on peut dire que c&#039;est la enteogeno les plus puissants dans le monde.<\/p>\n<p>Ont men\u00e9 des \u00e9tudes scientifiques dont il a \u00e9t\u00e9 constat\u00e9 que le 5-MEO DMT, ainsi que d&#039;autres tryptamines, favorise la r\u00e9absorption de la s\u00e9rotonine et de la m\u00e9latonine, provoquant des changements dans la sph\u00e8re de la perception et est consid\u00e9r\u00e9 comme un neurotransmetteur, car elle est naturellement pr\u00e9sente dans le cerveau et est connu comme \u201cla nourriture pour la pens\u00e9e\u201d .<\/p>\n<p>Ce neurotransmetteur est produit naturellement par la glande pin\u00e9ale, pendant les moments importants de la vie d&#039;un \u00eatre humain, il a \u00e9t\u00e9 constat\u00e9 qu&#039;il y a des explosions de cette substance, bien s\u00fbr, au moment de la naissance et de la mort, mais est \u00e9galement produite en petites quantit\u00e9s pendant les p\u00e9riodes d&#039;\u00e9tats d&#039;esprit positifs et dans la phase de sommeil profond ou PARADOXAL.<\/p>\n<p>Il est \u00e9galement important de se rappeler qu&#039;il a \u00e9t\u00e9 scientifiquement prouv\u00e9 que l&#039;utilisation de Bufo Alvarius Sapo Sapito pas causer toute sorte de d\u00e9pendance, car il n&#039;est pas \u00e0 des fins de loisirs, mais il casse les d\u00e9pendances de toute substance, les pi\u00e8ces jointes et \u00e9motionnel des compulsions, et est actuellement utilis\u00e9 comme une th\u00e9rapie dans les centres de r\u00e9adaptation.<\/p>\n<h3><strong>IL ARRIVE DANS LES RETRAITES<\/strong><\/h3>\n<p>Il y a des centres de la basse Californie, o\u00f9 une \u00e9quipe de m\u00e9decins et de psychologues qui travaillent avec ce m\u00e9dicament \u00e0 la dissolution de la m\u00e9moire cellulaire de fa\u00e7on traumatique, qui conduit \u00e0 la gen\u00e8se de nombreuses d\u00e9pendances.<\/p>\n<p>Dans la communaut\u00e9, de Graves d\u00e9sert, ce m\u00e9dicament a gu\u00e9rit beaucoup de gens qui souffrent de d\u00e9pendance \u00e0 l&#039; \u201canfe-ta-mine\u201d, et a permis \u00e0 des centaines de personnes \u00e0 transcender la peur de la mort, ainsi que de la d\u00e9pression et de graves troubles de l&#039;anxi\u00e9t\u00e9 ou de la crise de l&#039;identit\u00e9, de la fatigue et existentielle de la perte du sens de la vie<\/p>\n<h3><strong>EXP\u00c9RIENCES QUI CHANGENT LA VIE<\/strong><\/h3>\n<p>C&#039;est une exp\u00e9rience de gu\u00e9rison teRap\u00e9utico de grande puret\u00e9 spirituelle, dans laquelle nous retrouver la m\u00e9moire de ce que nous sommes.<\/p>\n<p>Les fronti\u00e8res de l&#039;identit\u00e9 et de dissoudre le sel dans l&#039;eau, l&#039;oc\u00e9an de la conscience, compl\u00e8tement lib\u00e9rer le stress accumul\u00e9 et des \u00e9motions r\u00e9prim\u00e9es.<\/p>\n<p>Le point culminant de l&#039;exp\u00e9rience que vous avez d\u00e9j\u00e0 3 minutes apr\u00e8s la consommation, alors vous allez entrer dans un \u00e9tat de paix et de s\u00e9r\u00e9nit\u00e9 jusqu&#039;\u00e0 ce que, progressivement, vous serez de retour \u00e0 l&#039;ego et \u00e0 une reprise de la normale sensations.<\/p>\n<h3><strong>Bufo Alvarius Sapo Sapito QUOI s&#039;AGIT-il? POURQUOI et qu&#039;EST-Ce que la LOI ALENTOURS SONT des H\u00c9R\u00c9SIES?<\/strong><\/h3>\n<p>Le 5meoDMT est naturellement dans le corps humain. Le groupe m\u00e9thoxy situ\u00e9 dans le cinqui\u00e8me anneau indolico permet le m\u00e9dicament \u00e0 l&#039;abri dans une affaire de secondes, la barri\u00e8re sang-cerveau, de mani\u00e8re \u00e0 obtenir un acc\u00e8s rapide \u00e0 l&#039;exp\u00e9rience. En cela, il diff\u00e8re de l&#039;Ayahuasca, dont les effets durent pendant des heures avec le processus de la digestion.<\/p>\n<p>Il n&#039;y a aucun risque de surdosage, car le nombre de r\u00e9cepteurs triptaminici des cellules est limit\u00e9e, et une fois couvert, le corps n&#039;absorbe pas plus de m\u00e9dicament. Il n&#039;y a pas document\u00e9 les cas de d\u00e9c\u00e8s li\u00e9s \u00e0 la substance, la cause directe, ou des dommages \u00e0 la sant\u00e9 mentale ou physique de l&#039;irr\u00e9parable<\/p>\n<h3><strong> La cl\u00e9 de cette gu\u00e9rison est LE BUT ET LE CONTEXTE de cette merveilleuse m\u00e9decine SPIRITUELLE ET SACR\u00c9E <\/strong><\/h3>\n<p>\u00c0 seulement 10 secondes de l&#039;inhalation profonde, et puis ce que je peux d\u00e9crire que comme la plus incroyable orgasme que l&#039;on peut concevoir, d&#039;avoir jet\u00e9 de l&#039;esprit \u00e0 l&#039;immensit\u00e9 de l&#039;espace et le temps, dans une explosion de lumi\u00e8re, incroyablement belle, magnifique et bouleversante \u00e0 la fois.<\/p>\n<p>Vous existez en tant que conscience pure, sans qui mes convictions, pens\u00e9es, corps et de l&#039;esprit, nous ont accompagn\u00e9s. Rien de ce que je suis en limitant moi-m\u00eame particip\u00e9 \u00e0 l&#039;exp\u00e9rience. J&#039;ai franchi un seuil dans lequel l&#039;infini qui r\u00e9side en moi, il est temps que l&#039;univers tout entier, en me montrant qu&#039;ils ne sont pas deux r\u00e9alit\u00e9s diff\u00e9rentes, mais un seul.<\/p>\n<p>Je comprends maintenant pourquoi dans les contes de f\u00e9es, les Grenouilles et les Crapauds sont tr\u00e8s tr\u00e8s souvent cit\u00e9es, et se transformer en Princes.<\/p>\n<p>Il n&#039;y a pas d&#039;autre moyen de d\u00e9finir ce que j&#039;ai v\u00e9cu, si ce n&#039;est en disant que j&#039;ai tout vu, j&#039;ai \u00e9t\u00e9 tout, et j&#039;ai tout compris, pour quelques instants, indescriptible.<\/p>\n<p>De retour de cette r\u00e9v\u00e9lation m&#039;a ramen\u00e9 \u00e0 une r\u00e9alit\u00e9 que maintenant mes sens per\u00e7oivent plus clairement et le plus pr\u00e9cis\u00e9ment: la couleur du ciel, les nuances de vert des arbres, le bruit des chansons avec laquelle cette musique, et que le tambour qui m&#039;ont accompagn\u00e9, a \u00e9t\u00e9 parfait...tout \u00e9tait tr\u00e8s tr\u00e8s bon et vari\u00e9.<\/p>\n<p>J&#039;ai entendu dire que j&#039;\u00e9tais mort et ressuscit\u00e9, et je me souviens des larmes de l&#039;\u00e9motion pure, la joie d&#039;\u00eatre en vie. Mon corps est secou\u00e9, envahi par un torrent d&#039;\u00e9motions all\u00e9 \u00e0 travers elle, comme si l&#039;\u00e9nergie de la terre m\u00e8re, j&#039;ai \u00e9t\u00e9 en cours d&#039;activation.<\/p>\n<p>Je l&#039;ai r\u00e9p\u00e9t\u00e9, seule la parole gr\u00e2ce \u00e0 plusieurs minutes, dans lequel j&#039;ai \u00e9t\u00e9 profond\u00e9ment \u00e9mu et heureux, infiniment heureux.<\/p>\n<\/div>\n<div id=\"tab_come-si-f\u00e0?\" class=\"panel entry-content\" role=\"tabpanel\" aria-labelledby=\"tab-come-si-f\u00e0?\">\nL&#039; <strong>La S\u00c9CR\u00c9TION<\/strong> obtenus \u00e0 partir des glandes de la le crapaud est s\u00e9ch\u00e9 au soleil pour se cristalliser, ce processus n\u00e9cessite g\u00e9n\u00e9ralement plusieurs heures, alors qu&#039;il se vaporise et se durcit, la m\u00e9decine de l&#039;<strong> le crapaud est administr\u00e9 par l&#039;interm\u00e9diaire d&#039;un tube en pyrex verre est chauff\u00e9 \u00e0 l&#039;aide d&#039;une torche,<\/strong> de sorte qu&#039;il peut \u00eatre vaporizato, parce que de cette fa\u00e7on, le 5-MeO-DMT atteint le cerveau directement, et permet au participant de vivre en quelques minutes l&#039;une des plus profondes exp\u00e9riences, de gu\u00e9rison et de lib\u00e9ration que quelqu&#039;un peut vivre.<\/p>\n<p>Una volta consumata la secrezione si sperimenta immediatamente una dissoluzione della proprio ego e si perde ogni consapevolezza dell\u2019ambiente e del corpo fisico per entrare in un profondo viaggio verso l\u2019interno e un tutto in uno, dove si pu\u00f2 sperimentare una connessione con la divinit\u00e0, con l\u2019universo, con il tutto. Non importa come lo concepisci, l\u2019esperienza ti mostra un\u2019unit\u00e0 e una connessione energetica ineffabile, che nonostante si sente la percezione delle altre anime, non le si vede piu con gli occhi come del resto l&#8217;ambiente circostante, il tempo, lo spazio, svaniscono, cedendo il posto ad ultrasuoni e una luce bianca divinica con senso di pace e liberazione di ongi soffriemento.&lt;<\/p>\n<p>Nous pouvons dire que \u201cil n&#039;y a pas de mots\u201d pour d\u00e9crire une exp\u00e9rience significative, de r\u00e9v\u00e9ler et de divin.<\/p>\n<p>Si vous vous en remettez \u00e0 l&#039;exp\u00e9rience, sans jugement, permettant la lib\u00e9ration de la plus grande quantit\u00e9 de l&#039;\u00e9nergie n\u00e9gative accumul\u00e9e, vous pouvez exp\u00e9rimenter avec, litt\u00e9ralement, une &#034;renaissance&#034; et a d\u00e9cid\u00e9 de recommencer, de profiter de la vie pleinement.<\/p>\n<p>Bien que vous perdez toute notion du temps, ce qui peut para\u00eetre tr\u00e8s long,mais en r\u00e9alit\u00e9 il va durer de 15 \u00e0 30 minutes et \u00e0 la fin de l&#039;exp\u00e9rience, vous commencez \u00e0 int\u00e9grer les nouvelles de la conscience et de la r\u00e9alit\u00e9, de trouver de nouvelles \u00e9motions et des sensations qui nous permettent de profiter d&#039;un profond bonheur, de paix et de tranquillit\u00e9, trouver la clart\u00e9 et de la concentration sfrutando les efforts sur les choses de la vraie valeur, \u00e0 commencer par eux-m\u00eames.<br \/>\n<strong>L&#039;exp\u00e9rience De l&#039;Unit\u00e9 Cosmique Qui Donne Une Vision de l&#039;\u00c9clairer Lui-m\u00eame et De l&#039;existence.<\/strong><\/p>\n<h3><strong>L&#039;EXP\u00c9RIENCE PROFONDE, LA GU\u00c9RISON<\/strong><\/h3>\n<p>La m\u00e9decine du crapaud favorise la cicatrisation et la r\u00e9g\u00e9n\u00e9ration de l&#039;organisme, stimuler le syst\u00e8me immunitaire, qui aide \u00e0 acc\u00e9l\u00e9rer la gu\u00e9rison de certaines maladies, en particulier celles cr\u00e9\u00e9es par les traumatismes psychologiques.<\/p>\n<p>L&#039;exp\u00e9rience dure de 15 \u00e0 20 minutes, mais il qui la vit perdu le sens du temps, vivre \u00e0 la place d&#039;un vertige, le sentiment de l&#039;\u00e9ternit\u00e9, l&#039;infini, et de l&#039;unit\u00e9 avec toute la cr\u00e9ation.<\/p>\n<p>Vous pouvez m\u00eame l&#039;exp\u00e9rience de moments de terribles \u00e9preuves, qui ne sont que le pr\u00e9lude \u00e0 la rencontre avec le divin. Ces premiers moments de l&#039;extase et le sentiment \u201coc\u00e9anique\u201d de totale communion avec nous-m\u00eames et avec la vie sont li\u00e9s \u00e0 la sensation d&#039;\u00eatre projet\u00e9 vers l&#039;espace vide \u00e0 grande vitesse et avec la dissolution de l&#039;ego.<\/p>\n<p>Il exige beaucoup de courage pour vivre une telle exp\u00e9rience avec Bufo Alvarius, ceux qui tentent de franchir ce seuil, de la mort de l&#039;ego sont d\u00e9pouill\u00e9s de la voile de l&#039;illusion de la s\u00e9paration, et sont immerg\u00e9s totalement dans l&#039;exp\u00e9rience de conduite maximale. Puisqu&#039;il y a une s\u00e9paration dans la perception, il s&#039;en remet compl\u00e8tement le souvenir d&#039;o\u00f9 nous venons et o\u00f9 nous allons.<\/p>\n<p>Il est un devoir de pr\u00e9ciser que ce n&#039;est pas l&#039;impression ou de vagues sentiments ou perceptions mince, mais vraiment, vous pouvez venir avec votre \u00eatre tout entier: \u201cvous \u00eates des dieux, vous \u00eates tous...\u201d et c&#039;est vraiment un des plus profond et de plus puissant qu&#039;un homme peut exp\u00e9rimenter<\/p>\n<\/div>\n<div id=\"tab_disclaimer\" class=\"panel entry-content\" role=\"tabpanel\" aria-labelledby=\"tab-disclaimer\">\n<p><strong><span style=\"color: #d83131;\">LA PHOTO DANS LA DESCRIPTION EST PUREMENT INDICATIVE<\/span><\/strong><\/p>\n<p><strong><span style=\"color: #d83131;\">LES PRODUITS SONT GARANTIS \u00c0 PARTIR DE KARMARANDO<\/span><\/strong><br \/>\n<strong><span style=\"color: #d83131;\">Pour les produits, des PLANTES, de l&#039;ENCENS ET poudres PR\u00c9PAR\u00c9ES pour le MOMENT pas possible de faire un REMBOURSEMENT ou un \u00e9change<\/span><\/strong><\/p>\n<p>L&#039; <strong>les termes utilis\u00e9s<\/strong> dans les cat\u00e9gories et les tags ne veux pas sugg\u00e9rer \u00e0 l&#039;usage m\u00e9dicinal et de produits r\u00e9cr\u00e9atifs, juste de les trier en fonction de leur utilisation de l&#039;historique, scientifique et social.<\/p>\n<p><strong>Les recettes sont fournies \u00e0 titre de scientifique<\/strong>ils ne veulent pas encourager les clients \u00e0 les r\u00e9p\u00e9ter, ni de consommer les produits.<\/p>\n<p><strong>Notre contenu<\/strong> n&#039;ont pas \u00e9t\u00e9 \u00e9valu\u00e9es par la FDA ou par une figure de la profession m\u00e9dicale: les applications possibles, les indications, la posologie et les avertissements sont d\u00e9crites pour des fins \u00e9ducatives seulement, les sp\u00e9culations et les personnels, et ne constituent pas des conseils m\u00e9dicaux.<\/p>\n<p><strong>Les produits sont vendus<\/strong> comme l&#039;encens, Savons, de R\u00e9sines et de collection botanique, et le mat\u00e9riel de recherche scientifique.<\/p>\n<p><span style=\"color: #ed1c24; font-size: 115%;\"><strong>Ils ne sont pas destin\u00e9s \u00e0 la consommation humaine.<br \/>\nPour \u00eatre en mesure d&#039;acheter nos produits, vous devez avoir plus de 18 ans et ne sont pas adapt\u00e9s pour les femmes qui sont enceintes et\/ou qui allaitent.<\/strong><\/span><\/p>\n<p>Pour obtenir plus d&#039;informations sur <strong>KARMARANDO<\/strong> visite <a href=\"https:\/\/www.instagram.com\/karmarando1\/\" target=\"_blank\" rel=\"noopener\"><br \/>\n<span style=\"color: #0000ff;\"><strong>cette page<\/strong><\/span><\/a> ou lire les derni\u00e8res nouvelles sur <a href=\"https:\/\/karmarando.com\/fr\/blog\/\" target=\"_blank\" rel=\"nofollow noopener\"><strong><span style=\"color: #0000ff;\">BLOG<\/span><\/strong><\/a><\/p>\n<\/div><\/div><\/div>","protected":false},"excerpt":{"rendered":"<p>Bufo Alvarius Sapo Sapito<\/p>","protected":false},"featured_media":4861,"comment_status":"open","ping_status":"closed","template":"","meta":[],"product_brand":[468],"product_cat":[215,255,15,199,257],"product_tag":[915],"class_list":{"0":"post-4888","1":"product","2":"type-product","3":"status-publish","4":"has-post-thumbnail","6":"product_brand-karmarando","7":"product_cat-kambo-e-bufo","8":"product_cat-kit-e-promo","9":"product_cat-offerte-a-tempo","10":"product_cat-piante-di-potere","11":"product_cat-promo","12":"product_tag-bufo-alvarius","13":"pa_brand-karmarando","14":"pa_ean-1228","15":"pa_formato-secrezione-granuli","16":"pa_ingredienti-secrezione-rana-bufo-alvarius","17":"pa_paese-di-fabbricazione-mexico","18":"pa_peso-in-milligrammi-100-mg","19":"pa_peso-in-milligrammi-1000-mg","20":"pa_peso-in-milligrammi-300-mg","21":"pa_peso-in-milligrammi-50-mg","22":"pa_peso-in-milligrammi-500-mg","23":"pa_peso-in-milligrammi-70-mg","25":"first","26":"instock","27":"sale","28":"shipping-taxable","29":"purchasable","30":"product-type-variable"},"_links":{"self":[{"href":"https:\/\/karmarando.com\/fr\/wp-json\/wp\/v2\/product\/4888","targetHints":{"allow":["GET"]}}],"collection":[{"href":"https:\/\/karmarando.com\/fr\/wp-json\/wp\/v2\/product"}],"about":[{"href":"https:\/\/karmarando.com\/fr\/wp-json\/wp\/v2\/types\/product"}],"replies":[{"embeddable":true,"href":"https:\/\/karmarando.com\/fr\/wp-json\/wp\/v2\/comments?post=4888"}],"wp:featuredmedia":[{"embeddable":true,"href":"https:\/\/karmarando.com\/fr\/wp-json\/wp\/v2\/media\/4861"}],"wp:attachment":[{"href":"https:\/\/karmarando.com\/fr\/wp-json\/wp\/v2\/media?parent=4888"}],"wp:term":[{"taxonomy":"product_brand","embeddable":true,"href":"https:\/\/karmarando.com\/fr\/wp-json\/wp\/v2\/product_brand?post=4888"},{"taxonomy":"product_cat","embeddable":true,"href":"https:\/\/karmarando.com\/fr\/wp-json\/wp\/v2\/product_cat?post=4888"},{"taxonomy":"product_tag","embeddable":true,"href":"https:\/\/karmarando.com\/fr\/wp-json\/wp\/v2\/product_tag?post=4888"}],"curies":[{"name":"wp","href":"https:\/\/api.w.org\/{rel}","templated":true}]}}