{"id":4809,"date":"2022-03-05T13:46:35","date_gmt":"2022-03-05T12:46:35","guid":{"rendered":"https:\/\/www.karmarando.com\/?post_type=product&#038;p=4809"},"modified":"2026-04-02T10:02:58","modified_gmt":"2026-04-02T08:02:58","slug":"changa-xanga","status":"publish","type":"product","link":"https:\/\/karmarando.com\/fr\/piante-di-potere\/changa\/changa-xanga\/","title":{"rendered":"Changa Xanga"},"content":{"rendered":"<div class=\"tabbed-content\">\n\t\t\t\n\t\t\t<ul class=\"nav nav-pills nav-uppercase nav-size-small nav-center\" role=\"tablist\"><li id=\"tab-descrizione\" class=\"tab active has-icon\" role=\"presentation\"><a href=\"#tab_descrizione\" role=\"tab\" aria-selected=\"true\" aria-controls=\"tab_descrizione\"><span>Description<\/span><\/a><\/li>\n<li id=\"tab-propriet\u00e0\" class=\"tab has-icon\" role=\"presentation\"><a href=\"#tab_propriet\u00e0\" tabindex=\"-1\" role=\"tab\" aria-selected=\"false\" aria-controls=\"tab_propriet\u00e0\"><span>Propri\u00e9t\u00e9<\/span><\/a><\/li>\n<li id=\"tab-come-si-f\u00e0?\" class=\"tab has-icon\" role=\"presentation\"><a href=\"#tab_come-si-f\u00e0?\" tabindex=\"-1\" role=\"tab\" aria-selected=\"false\" aria-controls=\"tab_come-si-f\u00e0?\"><span>Qu&#039;il obtient?<\/span><\/a><\/li>\n<li id=\"tab-disclaimer\" class=\"tab has-icon\" role=\"presentation\"><a href=\"#tab_disclaimer\" tabindex=\"-1\" role=\"tab\" aria-selected=\"false\" aria-controls=\"tab_disclaimer\"><span>AVERTISSEMENT<\/span><\/a><\/li><\/ul><div class=\"tab-panels\"><div id=\"tab_descrizione\" class=\"panel active entry-content\" role=\"tabpanel\" aria-labelledby=\"tab-descrizione\">\n<h3>Changa Xanga AYA M\u00c9LANGE Authentique<\/h3>\n<p>N\u00e9 dans une session d&#039;ayahuasca et tire son nom du terme (Feuille avanc\u00e9) cr\u00e9\u00e9 pour la premi\u00e8re fois par le reste cuit dans de l&#039;ayahuasca<\/p>\n<p>Changa Xanga n&#039;a rien \u00e0 voir avec la DMT cristallis\u00e9 synth\u00e9tique et non pas naturelle, mais le contenu de DMT ici est armoniso que le contenu d\u00e9j\u00e0 pr\u00e9sent dans notre corps sous forme libre et la forme n&#039;est pas claire, notamment dans la glande pin\u00e9ale et de la Kundalini.<\/p>\n<p>L&#039;exp\u00e9rience n&#039;a pas d&#039;\u00e9gal et est alivelli Guariginali incroyable si cela est fait, le droit, l&#039;environnement et la soci\u00e9t\u00e9. Changa Xanga<\/p>\n<\/div>\n<div id=\"tab_propriet\u00e0\" class=\"panel entry-content\" role=\"tabpanel\" aria-labelledby=\"tab-propriet\u00e0\">\n<p><strong>Le M\u00c9LANGE CONTENU DANS ce M\u00c9LANGE SP\u00c9CIAL R\u00c9ALIS\u00c9S AU P\u00e9rou POUR NOUS<\/strong><\/p>\n<ul>\n<li>Vis d&#039;Ayahuasca (Banisteriopsis caapi)<\/li>\n<li>Chacruna (aussi connu comme la Psychotria viridis arbuste) comme un inhibiteur de la MAO.<\/li>\n<li>Ruta Syrienne<\/li>\n<li>Le nom de chaliponga<\/li>\n<li>Damiana<\/li>\n<li>Tous les ingr\u00e9dients actifs ont \u00e9t\u00e9 trait\u00e9es\/attivat au p\u00e9rou \u00e0 bon escient avec fereebase et de l&#039;alchimie, le produit est spirituelle utilisation rispetttoso et pas pour le plaisir.<\/li>\n<\/ul>\n<p><strong>COMMENT EST-IL UTILIS\u00c9 DANS L&#039;AMAZONIE<\/strong><\/p>\n<p>Tout comme le mapacho, et puis avec un cachimbo est parfait<\/p>\n<\/div>\n<div id=\"tab_come-si-f\u00e0?\" class=\"panel entry-content\" role=\"tabpanel\" aria-labelledby=\"tab-come-si-f\u00e0?\">\n<h3 id=\"description\">La CONNEXION AVEC L&#039;\u00c2ME, Avec La Mol\u00e9cule Spirituelle!<\/h3>\n<p>Il est appel\u00e9 Xanga ou Changa, il contient beaucoup d&#039;herbes qui fonctionnent sur le DMT est naturellement pr\u00e9sent dans notre glande pin\u00e9ale (Dim\u00e9thyltryptamine), et c&#039;est le m\u00eame ingr\u00e9dient actif responsable de la vision de la m\u00e9decine de l&#039;Ayahuasca.En ce sens, on peut dire que similmnete l&#039;Ayahuasca le Xanga fournir des visions de gu\u00e9risons, par le m\u00eame composant chimique qui se produit avec l&#039;ayahuasca.<\/p>\n<p>L&#039; <strong>Changa Xanga<\/strong>\u00e0 la diff\u00e9rence de l&#039;Ayahuasca, est aspir\u00e9 affumicandola par un tube, qui peut \u00eatre inbread comme du bois. il commence \u00e0 partir de 50 mg \u00e0 avoir des effets doux, puis aller \u00e0 70mg (moyenne) et jusqu&#039;\u00e0 100 mg (fort)Les effets durent environ 20 minutes, puis m\u00e9langer \u00e0 la relaxation pour un autre 20 minutes.<\/p>\n<p>Avec l&#039; <strong>Changa Xanga<\/strong> il n&#039;y a pas de naus\u00e9es ou de vomissements (comme l&#039;Ayahuasca), mais sont riches en visions initiale vous avez besoin pour d\u00e9verrouiller emozinale et l&#039;\u00e9limination des masques, mais ce qui est vraiment la raison pour laquelle pe o\u00f9 vous le faites et d, sont les messages directement nous-m\u00eames, par cette prise de conscience qui nous permet de modifier les habitudes et les mauvaises habitudes, il apporte beaucoup de vitalit\u00e9 et de d\u00e9sir de vivre et la paix et la s\u00e9r\u00e9nit\u00e9 int\u00e9rieure.<\/p>\n<h3>LA NATURE NOUS OFFRE AVEC DES SUBSTANCES QUI NOUS RAM\u00c8NENT \u00c0 NOTRE ESSENCE<\/h3>\n<p>La m\u00e9decine Ancestrale de nous conduire \u00e0 l&#039;ABOUTISSEMENT d&#039;Une exp\u00e9rience qui va renouer nous remettre sur le droit chemin, et le but de la Vie, Nous avons choisi Pr\u00e9c\u00e9demment.<\/p>\n<p>N\u00e9cessite une sensibilisation pour les d\u00e9butants, de l&#039;accompagnement, en raison de son intensit\u00e9 et de la profondeur.<\/p>\n<p>L&#039;exp\u00e9rience de la gu\u00e9rison et de l&#039;expansion de la conscience, une Exp\u00e9rience que les mots ne peuvent pas expliquer!<\/p>\n<p>Dans l&#039;\u00e9tat deto Modifi\u00e9, Appartenant \u00e0 la parall\u00e8le du monde (notre monde est polyphasique, et nous avons le certezzza) Dans cet \u00e9tat, o\u00f9 il est en charge du monde, pour le parall\u00e8le du r\u00eave, qui est faite de la m\u00eame substance, tels que Avatar, Changa commence son travail, lui ouvrant les portes du monde de l&#039;esprit, et il doit \u00eatre transport\u00e9 dans une indescriptible voyage qui nous emm\u00e8ne \u00e0 l&#039;int\u00e9rieur, au centre de ce que nous sommes vraiment, et, dans le m\u00eame temps, vers l&#039;ext\u00e9rieur, vers le territoire de l&#039;ineffable dans une profonde et parfaite de connexion afin d&#039;\u00e9liminer la r\u00e9sistance, les peurs, de l&#039;angoisse et de la fourniture compl\u00e8te gu\u00e9rison \u00e0 tous les niveaux.<\/p>\n<\/div>\n<div id=\"tab_disclaimer\" class=\"panel entry-content\" role=\"tabpanel\" aria-labelledby=\"tab-disclaimer\">\n<p><strong><span style=\"color: #d83131;\">LA PHOTO DANS LA DESCRIPTION EST PUREMENT INDICATIVE<\/span><\/strong><\/p>\n<p><strong><span style=\"color: #d83131;\">LES PRODUITS SONT GARANTIS \u00c0 PARTIR DE KARMARANDO<\/span><\/strong><br \/>\n<strong><span style=\"color: #d83131;\">Pour les produits, des PLANTES, de l&#039;ENCENS ET poudres PR\u00c9PAR\u00c9ES pour le MOMENT pas possible de faire un REMBOURSEMENT ou un \u00e9change<\/span><\/strong><\/p>\n<p>L&#039; <strong>les termes utilis\u00e9s<\/strong> dans les cat\u00e9gories et les tags ne veux pas sugg\u00e9rer \u00e0 l&#039;usage m\u00e9dicinal et de produits r\u00e9cr\u00e9atifs, juste de les trier en fonction de leur utilisation de l&#039;historique, scientifique et social.<\/p>\n<p><strong>Les recettes sont fournies \u00e0 titre de scientifique<\/strong>ils ne veulent pas encourager les clients \u00e0 les r\u00e9p\u00e9ter, ni de consommer les produits.<\/p>\n<p><strong>Notre contenu<\/strong> n&#039;ont pas \u00e9t\u00e9 \u00e9valu\u00e9es par la FDA ou par une figure de la profession m\u00e9dicale: les applications possibles, les indications, la posologie et les avertissements sont d\u00e9crites pour des fins \u00e9ducatives seulement, les sp\u00e9culations et les personnels, et ne constituent pas des conseils m\u00e9dicaux.<\/p>\n<p><strong>Les produits sont vendus<\/strong> comme l&#039;encens, Savons, de R\u00e9sines et de collection botanique, et le mat\u00e9riel de recherche scientifique.<\/p>\n<p><span style=\"color: #ed1c24; font-size: 115%;\"><strong>Ils ne sont pas destin\u00e9s \u00e0 la consommation humaine.<br \/>\nPour \u00eatre en mesure d&#039;acheter nos produits, vous devez avoir plus de 18 ans et ne sont pas adapt\u00e9s pour les femmes qui sont enceintes et\/ou qui allaitent.<\/strong><\/span><\/p>\n<p>Pour obtenir plus d&#039;informations sur <strong>KARMARANDO<\/strong> visite <a href=\"https:\/\/www.instagram.com\/karmarando1\/\" target=\"_blank\" rel=\"noopener\"><br \/>\n<span style=\"color: #0000ff;\"><strong>cette page<\/strong><\/span><\/a> ou lire les derni\u00e8res nouvelles sur <a href=\"https:\/\/karmarando.com\/fr\/blog\/\" target=\"_blank\" rel=\"nofollow noopener\"><strong><span style=\"color: #0000ff;\">BLOG<\/span><\/strong><\/a><\/p>\n<\/div><\/div><\/div>","protected":false},"excerpt":{"rendered":"<p>Changa Xanga<\/p>","protected":false},"featured_media":4855,"comment_status":"open","ping_status":"closed","template":"","meta":[],"product_brand":[468],"product_cat":[220,199],"product_tag":[914],"class_list":{"0":"post-4809","1":"product","2":"type-product","3":"status-publish","4":"has-post-thumbnail","6":"product_brand-karmarando","7":"product_cat-changa","8":"product_cat-piante-di-potere","9":"product_tag-changa","10":"pa_brand-karmarando","11":"pa_ean-1231","12":"pa_formato-secrezione-granuli","13":"pa_ingredienti-chacruna","14":"pa_ingredienti-chaliponga","15":"pa_ingredienti-damiana","16":"pa_ingredienti-ruta-siriana","17":"pa_ingredienti-vite-di-ayahausca","18":"pa_paese-di-fabbricazione-peru","19":"pa_peso-in-milligrammi-100-mg","20":"pa_peso-in-milligrammi-1000-mg","21":"pa_peso-in-milligrammi-10000-mg","22":"pa_peso-in-milligrammi-300-mg","23":"pa_peso-in-milligrammi-3000-mg","24":"pa_peso-in-milligrammi-50-mg","25":"pa_peso-in-milligrammi-500-mg","26":"pa_peso-in-milligrammi-5000-mg","27":"pa_peso-in-milligrammi-70-mg","28":"pa_peso-in-milligrammi-7000-mg","30":"first","31":"instock","32":"sale","33":"shipping-taxable","34":"purchasable","35":"product-type-variable"},"_links":{"self":[{"href":"https:\/\/karmarando.com\/fr\/wp-json\/wp\/v2\/product\/4809","targetHints":{"allow":["GET"]}}],"collection":[{"href":"https:\/\/karmarando.com\/fr\/wp-json\/wp\/v2\/product"}],"about":[{"href":"https:\/\/karmarando.com\/fr\/wp-json\/wp\/v2\/types\/product"}],"replies":[{"embeddable":true,"href":"https:\/\/karmarando.com\/fr\/wp-json\/wp\/v2\/comments?post=4809"}],"wp:featuredmedia":[{"embeddable":true,"href":"https:\/\/karmarando.com\/fr\/wp-json\/wp\/v2\/media\/4855"}],"wp:attachment":[{"href":"https:\/\/karmarando.com\/fr\/wp-json\/wp\/v2\/media?parent=4809"}],"wp:term":[{"taxonomy":"product_brand","embeddable":true,"href":"https:\/\/karmarando.com\/fr\/wp-json\/wp\/v2\/product_brand?post=4809"},{"taxonomy":"product_cat","embeddable":true,"href":"https:\/\/karmarando.com\/fr\/wp-json\/wp\/v2\/product_cat?post=4809"},{"taxonomy":"product_tag","embeddable":true,"href":"https:\/\/karmarando.com\/fr\/wp-json\/wp\/v2\/product_tag?post=4809"}],"curies":[{"name":"wp","href":"https:\/\/api.w.org\/{rel}","templated":true}]}}