{"id":4428,"date":"2022-01-29T17:19:08","date_gmt":"2022-01-29T16:19:08","guid":{"rendered":"https:\/\/www.karmarando.com\/?post_type=product&#038;p=4428"},"modified":"2026-03-19T17:41:55","modified_gmt":"2026-03-19T16:41:55","slug":"ruta-siriana-peganum-harmala","status":"publish","type":"product","link":"https:\/\/karmarando.com\/fr\/piante-di-potere\/etnobotaniche\/erbe-del-sogno-oneirogeni\/ruta-siriana-peganum-harmala\/","title":{"rendered":"Ruta Syrienne (Peganum Harmala)"},"content":{"rendered":"<div class=\"tabbed-content\">\n\t\t\t\n\t\t\t<ul class=\"nav nav-pills nav-uppercase nav-size-small nav-center\" role=\"tablist\"><li id=\"tab-descrizione\" class=\"tab active has-icon\" role=\"presentation\"><a href=\"#tab_descrizione\" role=\"tab\" aria-selected=\"true\" aria-controls=\"tab_descrizione\"><span>Description<\/span><\/a><\/li>\n<li id=\"tab-propriet\u00e0\" class=\"tab has-icon\" role=\"presentation\"><a href=\"#tab_propriet\u00e0\" tabindex=\"-1\" role=\"tab\" aria-selected=\"false\" aria-controls=\"tab_propriet\u00e0\"><span>Propri\u00e9t\u00e9<\/span><\/a><\/li>\n<li id=\"tab-come-si-f\u00e0?\" class=\"tab has-icon\" role=\"presentation\"><a href=\"#tab_come-si-f\u00e0?\" tabindex=\"-1\" role=\"tab\" aria-selected=\"false\" aria-controls=\"tab_come-si-f\u00e0?\"><span>Qu&#039;il obtient?<\/span><\/a><\/li>\n<li id=\"tab-disclaimer\" class=\"tab has-icon\" role=\"presentation\"><a href=\"#tab_disclaimer\" tabindex=\"-1\" role=\"tab\" aria-selected=\"false\" aria-controls=\"tab_disclaimer\"><span>AVERTISSEMENT<\/span><\/a><\/li><\/ul><div class=\"tab-panels\"><div id=\"tab_descrizione\" class=\"panel active entry-content\" role=\"tabpanel\" aria-labelledby=\"tab-descrizione\">\n<h3><strong>Ruta Siriana (Peganum Harmala) o Ruta Siriaca<\/strong><\/h3>\n<p>E&#8217; una pianta dall\u2019odore Caratteristico aromatico e inconfondibile, <strong>Ruta Syrienne <\/strong>Nasconte una lunga carriera rituale nella cultura persiana: alcuni autori l\u2019hanno anche collegata al soma, la leggendaria bevanda A******** di cui si parla negli antichi testi Indo-Iraniani.<\/p>\n<p>I semi e le radici contengono A******** quali l&#8217;Armina (0.44-1,84%), l&#8217;Armalina (0,25% -0,79%) e la Tetraidroarmina. Questi A******** agiscono da <strong>IMAO-inibitori<\/strong>, ovvero impediscono la degradazione di alcune molecole nello stomaco quali la psilocibina o la DMT, cosi che\u00a0 la nostra naturale DMT presente nel corpo possa dare vita agli effetti guarigionali sul corpo umano della prima e permettendo quelli della seconda, che altrimenti sarebbero pressoch\u00e9 nulli.<\/p>\n<p>5-MeO-DMT..Ovvero che impediscono la degradazione di alcune molecole nello stomaco, potenziando l\u2019effetto delle molecole stesse o attivandone altre assunte contemporaneamente. Per questo motivo la <strong>Ruta Syrienne<\/strong> viene considerata una pianta Antidepressiva e Aziolitica.<\/p>\n<p>Appartenente alla famiglia delle Nitrariaceae. Originario della zona orientale dell\u2019India, e della Amazonia, e raramente si trova anche in Sicilia e Sardegna, questo arbusto perenne che pu\u00f2 raggiungere il metro di altezza, presenta fiori bianchi che producono.<\/p>\n<\/div>\n<div id=\"tab_propriet\u00e0\" class=\"panel entry-content\" role=\"tabpanel\" aria-labelledby=\"tab-propriet\u00e0\">\n<h3><strong>Capsule contenenti semi.<\/strong><\/h3>\n<p>L&#039; <strong>Ruta Syrienne<\/strong> usata come pianta di potere \u00e8 appunto, rappresentata dai semi, dall\u2019odore molto forte e capace, anche a piccole dosi, di produrre effetti molto intensi.<\/p>\n<p>L\u2019uso rituale del <strong>Peganum Harmala<\/strong> come pianta psicoattiva \u00e8 molto antico nel mondo medio orientale, oltre agli utilizzi tradizionali come diuretico, digestivo, afrodisiaco, vermifugo e antielmintico.<\/p>\n<p>Recentementela <strong>Ruta Syrienne<\/strong> \u00e8 tornata alla ribalta per il suo contenuto di A******** <strong>IMAO-inibitori<\/strong>, tanto da essere a volte utilizzata, in combinazione con altre piante, nella preparazione dell\u2019<strong>L&#039;Ayahuasca <\/strong>e come Inibitore prima di soffiare lo <strong>Yop<\/strong>o.<\/p>\n<p>L\u2019<strong>L&#039;Ayahuasca<\/strong> \u00e8 una bevanda di origine amazzonica consumata dagli sciamani di molte trib\u00f9 indigene per i suoi effetti Guarigionali e il rito spirituale inizatico ancestrale con l&#8217;intento di espandere la coscienza e di conseguenza la guarigione dell&#8217;anima.<\/p>\n<p>Studi molto recenti hanno, inoltre, scoperto la presenza nella ghiandola pineale umana della stessa tipologia di A******** (chiamati beta-carboline) contenuti nella Ruta Siriana, coinvolti nella produzione e nel controllo dei cicli onirici. Durante una profonda meditazione, nello stato di innamoramento e durante gli esercizi di espansione della coscienza il cervello produce autonomamente queste beta-carboline, che possono invece essere somministrate a scopo teRap\u00e9utico attraverso il consumo dei semi di <strong>Peganum Harmala<\/strong>.<\/p>\n<\/div>\n<div id=\"tab_come-si-f\u00e0?\" class=\"panel entry-content\" role=\"tabpanel\" aria-labelledby=\"tab-come-si-f\u00e0?\">\n<h3><strong>DOSAGGI,\u00a0 MODALITA&#8217; E PREPARAZIONE<\/strong><\/h3>\n<p>Attenzione agli alti dosaggi (per evitare effetti come vomito e mal di testa intensi)<\/p>\n<p>anche se il vomito sar\u00e0 sempre presente come compagno dell&#8217;espellere energie negative .Non serve niente esagerare nelle dosi.<\/p>\n<p>5 grammi IN SEMI O IN POLVERE a persona sono sufficienti sia da soli che prima dello yopo, e quindi per la preparazione di ayahuasca, in base al numero delle persone.<\/p>\n<p>Stessa cosa nel &#8220;Chupito&#8221; che equivale a 5 grammi.<\/p>\n<p>Tranne se viene aggiunto alla Capii per la preparazione della ayahuasca, per poterla cosumare da sola o prima dello yopo<\/p>\n<p>L&#039; <strong>Ruta<\/strong> andr\u00e0 cucinata con un bicchiere raso di acqua ogni 5 grammi per 1 ora, (quindi in una piccola casseruola (padellina) nel caso sono, solo 5 o 10 grammi)\u00a0 poi filtrare il composto e rimettere i semi o la polvere di nuovo a bollire per un altra ora, sempre con un bicchiere di acqua. i due composti ottenuti (quello di prima e il secondo) si uniranno in uno solo.. (la quantit\u00e0 di acqua finale \u00e8 relativa in quanto tutto dipende dalla fiamma usata, e dalla pentola usata.<\/p>\n<p>Quindi al finale sar\u00e0 sufficiente ottenere 30ml di soluzione da bere per ogni porzione da 5gr di semi o polvere, prestando attenzione che non attacchi e non sciughi tropo l&#8217;acqua.<\/p>\n<p>E&#8217; buona norma che le piante di potere abbiamo un ICARO da far ascoltare alla pianta.<\/p>\n<p>Se saranno di pi\u00f9 di 30ml andr\u00e0 bene comunque, in quanto il fatto di ottenere meno liquido possibile \u00e8 per avere meno liquido da ingerire, ma la quantit\u00e0 da ottenere come gi\u00e0 detto dipender\u00e0 molto dalla pentola usata e dalla velocit\u00e0 dell&#8217;acqua di asciugare, che la prossima volta sar\u00e0 tarata meglio in base al fornello e alla grandezza delle attrezzature usate.<\/p>\n<\/div>\n<div id=\"tab_disclaimer\" class=\"panel entry-content\" role=\"tabpanel\" aria-labelledby=\"tab-disclaimer\">\n<p><strong><span style=\"color: #d83131;\">LA PHOTO DANS LA DESCRIPTION EST PUREMENT INDICATIVE<\/span><\/strong><\/p>\n<p><strong><span style=\"color: #d83131;\">LES PRODUITS SONT GARANTIS \u00c0 PARTIR DE KARMARANDO<\/span><\/strong><br \/>\n<strong><span style=\"color: #d83131;\">Pour les produits, des PLANTES, de l&#039;ENCENS ET poudres PR\u00c9PAR\u00c9ES pour le MOMENT pas possible de faire un REMBOURSEMENT ou un \u00e9change<\/span><\/strong><\/p>\n<p>L&#039; <strong>les termes utilis\u00e9s<\/strong> dans les cat\u00e9gories et les tags ne veux pas sugg\u00e9rer \u00e0 l&#039;usage m\u00e9dicinal et de produits r\u00e9cr\u00e9atifs, juste de les trier en fonction de leur utilisation de l&#039;historique, scientifique et social.<\/p>\n<p><strong>Les recettes sont fournies \u00e0 titre de scientifique<\/strong>ils ne veulent pas encourager les clients \u00e0 les r\u00e9p\u00e9ter, ni de consommer les produits.<\/p>\n<p><strong>Notre contenu<\/strong> n&#039;ont pas \u00e9t\u00e9 \u00e9valu\u00e9es par la FDA ou par une figure de la profession m\u00e9dicale: les applications possibles, les indications, la posologie et les avertissements sont d\u00e9crites pour des fins \u00e9ducatives seulement, les sp\u00e9culations et les personnels, et ne constituent pas des conseils m\u00e9dicaux.<\/p>\n<p><strong>Les produits sont vendus<\/strong> comme l&#039;encens, Savons, de R\u00e9sines et de collection botanique, et le mat\u00e9riel de recherche scientifique.<\/p>\n<p><span style=\"color: #ed1c24; font-size: 115%;\"><strong>Ils ne sont pas destin\u00e9s \u00e0 la consommation humaine.<br \/>\nPour \u00eatre en mesure d&#039;acheter nos produits, vous devez avoir plus de 18 ans et ne sont pas adapt\u00e9s pour les femmes qui sont enceintes et\/ou qui allaitent.<\/strong><\/span><\/p>\n<p>Pour obtenir plus d&#039;informations sur <strong>KARMARANDO<\/strong> visite <a href=\"https:\/\/www.instagram.com\/karmarando1\/\" target=\"_blank\" rel=\"noopener\"><br \/>\n<span style=\"color: #0000ff;\"><strong>cette page<\/strong><\/span><\/a> ou lire les derni\u00e8res nouvelles sur <a href=\"https:\/\/karmarando.com\/fr\/blog\/\" target=\"_blank\" rel=\"nofollow noopener\"><strong><span style=\"color: #0000ff;\">BLOG<\/span><\/strong><\/a><\/p>\n<\/div><\/div><\/div>","protected":false},"excerpt":{"rendered":"<p>Ruta Syrienne (Peganum Harmala)<\/p>","protected":false},"featured_media":4434,"comment_status":"open","ping_status":"closed","template":"","meta":[],"product_brand":[468],"product_cat":[201,210,200,199,211],"product_tag":[719],"class_list":{"0":"post-4428","1":"product","2":"type-product","3":"status-publish","4":"has-post-thumbnail","6":"product_brand-karmarando","7":"product_cat-caapi-aya-e-microdosi","8":"product_cat-erbe-del-sogno-oneirogeni","9":"product_cat-etnobotaniche","10":"product_cat-piante-di-potere","11":"product_cat-visionistiche","12":"product_tag-ruta-siriana","13":"pa_brand-karmarando","14":"pa_ean-1239","15":"pa_formato-polvere","16":"pa_formato-semi","17":"pa_ingredienti-ruta-siriana","18":"pa_paese-di-fabbricazione-amzonia","19":"pa_paese-di-fabbricazione-india","20":"pa_paese-di-fabbricazione-peru","21":"pa_paese-di-fabbricazione-sardegna","22":"pa_paese-di-fabbricazione-sicilia","23":"pa_unita-di-misura-100-g","24":"pa_unita-di-misura-21-g","25":"pa_unita-di-misura-50-g","26":"pa_unita-di-misura-7-gr","28":"first","29":"instock","30":"shipping-taxable","31":"purchasable","32":"product-type-variable"},"_links":{"self":[{"href":"https:\/\/karmarando.com\/fr\/wp-json\/wp\/v2\/product\/4428","targetHints":{"allow":["GET"]}}],"collection":[{"href":"https:\/\/karmarando.com\/fr\/wp-json\/wp\/v2\/product"}],"about":[{"href":"https:\/\/karmarando.com\/fr\/wp-json\/wp\/v2\/types\/product"}],"replies":[{"embeddable":true,"href":"https:\/\/karmarando.com\/fr\/wp-json\/wp\/v2\/comments?post=4428"}],"wp:featuredmedia":[{"embeddable":true,"href":"https:\/\/karmarando.com\/fr\/wp-json\/wp\/v2\/media\/4434"}],"wp:attachment":[{"href":"https:\/\/karmarando.com\/fr\/wp-json\/wp\/v2\/media?parent=4428"}],"wp:term":[{"taxonomy":"product_brand","embeddable":true,"href":"https:\/\/karmarando.com\/fr\/wp-json\/wp\/v2\/product_brand?post=4428"},{"taxonomy":"product_cat","embeddable":true,"href":"https:\/\/karmarando.com\/fr\/wp-json\/wp\/v2\/product_cat?post=4428"},{"taxonomy":"product_tag","embeddable":true,"href":"https:\/\/karmarando.com\/fr\/wp-json\/wp\/v2\/product_tag?post=4428"}],"curies":[{"name":"wp","href":"https:\/\/api.w.org\/{rel}","templated":true}]}}