{"id":4296,"date":"2022-01-18T07:46:15","date_gmt":"2022-01-18T06:46:15","guid":{"rendered":"https:\/\/www.karmarando.com\/?post_type=product&#038;p=4296"},"modified":"2026-03-30T17:52:56","modified_gmt":"2026-03-30T15:52:56","slug":"mapacho-n-rustica-azteco","status":"publish","type":"product","link":"https:\/\/karmarando.com\/fr\/rapee-e-co\/mapacho-e-ceneri\/nicotiana-rustica\/mapacho-n-rustica-azteco\/","title":{"rendered":"Mapacho \u2013 N. Rustica"},"content":{"rendered":"<div class=\"tabbed-content\">\n\t\t\t\n\t\t\t<ul class=\"nav nav-pills nav-uppercase nav-size-small nav-center\" role=\"tablist\"><li id=\"tab-descrizione\" class=\"tab active has-icon\" role=\"presentation\"><a href=\"#tab_descrizione\" role=\"tab\" aria-selected=\"true\" aria-controls=\"tab_descrizione\"><span>Description<\/span><\/a><\/li>\n<li id=\"tab-propriet\u00e0\" class=\"tab has-icon\" role=\"presentation\"><a href=\"#tab_propriet\u00e0\" tabindex=\"-1\" role=\"tab\" aria-selected=\"false\" aria-controls=\"tab_propriet\u00e0\"><span>Propri\u00e9t\u00e9<\/span><\/a><\/li>\n<li id=\"tab-come-si-f\u00e0?\" class=\"tab has-icon\" role=\"presentation\"><a href=\"#tab_come-si-f\u00e0?\" tabindex=\"-1\" role=\"tab\" aria-selected=\"false\" aria-controls=\"tab_come-si-f\u00e0?\"><span>Qu&#039;il obtient?<\/span><\/a><\/li>\n<li id=\"tab-disclaimer\" class=\"tab has-icon\" role=\"presentation\"><a href=\"#tab_disclaimer\" tabindex=\"-1\" role=\"tab\" aria-selected=\"false\" aria-controls=\"tab_disclaimer\"><span>AVERTISSEMENT<\/span><\/a><\/li><\/ul><div class=\"tab-panels\"><div id=\"tab_descrizione\" class=\"panel active entry-content\" role=\"tabpanel\" aria-labelledby=\"tab-descrizione\">\n<h3><strong>Mapacho &#8211; Nicotiana Rustica<\/strong><\/h3>\n<p><strong>Mapacho<\/strong> &#8220;Mausino&#8221;, un ceppo Mapacho molto ricercato della migliore qualit\u00e0 e potenza. Oltre 9 volte pi\u00f9 forte di quello tradizionale.<\/p>\n<p>L&#039; <strong>Mapacho<\/strong>, tipico della foresta amazzonica dove viene ritenuto una pianta sacra ed impiegato a a scopo medicinale per la sua azione emetica.<\/p>\n<p>Usato spesso nelle cerimonie di all\u2019ayahuasca per purificare la persona o combattere la pressione bassa, favorire l\u2019assorbimento degli altri ingredienti (\u00e8 un vasodilatatore) e contribuire all\u2019inibizione dell\u2019enzima MAO.<\/p>\n<p>Oltre che ancora piu spesso viene usato per la sua caratteristicva emeticxa e quindi epr aiutare a vomitare l&#8217;ayahuasca, non crea dipendenza e soddisfa pienamente, anche con solo 2 al giorno, \u00e8 ottimo come purificante rilassante e intuizionale.<\/p>\n<\/div>\n<div id=\"tab_propriet\u00e0\" class=\"panel entry-content\" role=\"tabpanel\" aria-labelledby=\"tab-propriet\u00e0\">\n<p>La N. Rustica, comunemente nota come TxxxxXo azteco o TxxxxXo forte, \u00e8 una pianta della foresta pluviale della famiglia delle Solanacee.<\/p>\n<p>\u00c8 una variet\u00e0 di TxxxxXo molto potente, contenente fino a nove volte pi\u00f9 xxxxx rispetto alle specie comuni di TxxxxXo comune.<\/p>\n<p>Pi\u00f9 specificamente, le foglie di Nicotiana rustica hanno un contenuto di TxxxxXo fino al 9%, mentre le foglie di TxxxxXo comune ne contengono circa dall&#8217;1 al 3%.<\/p>\n<p>L&#8217;elevata concentrazione di Nicotiana nelle sue foglie lo rende utile per la produzione di pesticidi e ha un&#8217;ampia variet\u00e0 di usi specifici per le culture di tutto il mondo.<\/p>\n<\/div>\n<div id=\"tab_come-si-f\u00e0?\" class=\"panel entry-content\" role=\"tabpanel\" aria-labelledby=\"tab-come-si-f\u00e0?\">\n<h3>MEDICINA SACRA naturale e potente, senza sostanze chimiche.<\/h3>\n<p>\u00c8 molto diverso dalle sigarette, il luogo di origine, come ben sappiamo, proviene dall&#8217;intero continente americano.<\/p>\n<p>Quando viene fumato, lo usiamo come un modo per liberare energia; di uno spazio e di una persona.<\/p>\n<p>Sappiamo anche che il Mapacho aiuta invocare il potere di altre piante medicinali.<\/p>\n<p>I nativi parlano di altri &#8220;spiriti&#8221; di piante simpatizzanti con lo spirito del Mapacho. N. Rustica Azteco Sacro.<\/p>\n<\/div>\n<div id=\"tab_disclaimer\" class=\"panel entry-content\" role=\"tabpanel\" aria-labelledby=\"tab-disclaimer\">\n<p><strong><span style=\"color: #d83131;\">LA PHOTO DANS LA DESCRIPTION EST PUREMENT INDICATIVE<\/span><\/strong><\/p>\n<p><strong><span style=\"color: #d83131;\">LES PRODUITS SONT GARANTIS \u00c0 PARTIR DE KARMARANDO<\/span><\/strong><br \/>\n<strong><span style=\"color: #d83131;\">Pour les produits, des PLANTES, de l&#039;ENCENS ET poudres PR\u00c9PAR\u00c9ES pour le MOMENT pas possible de faire un REMBOURSEMENT ou un \u00e9change<\/span><\/strong><\/p>\n<p>L&#039; <strong>les termes utilis\u00e9s<\/strong> dans les cat\u00e9gories et les tags ne veux pas sugg\u00e9rer \u00e0 l&#039;usage m\u00e9dicinal et de produits r\u00e9cr\u00e9atifs, juste de les trier en fonction de leur utilisation de l&#039;historique, scientifique et social.<\/p>\n<p><strong>Les recettes sont fournies \u00e0 titre de scientifique<\/strong>ils ne veulent pas encourager les clients \u00e0 les r\u00e9p\u00e9ter, ni de consommer les produits.<\/p>\n<p><strong>Notre contenu<\/strong> n&#039;ont pas \u00e9t\u00e9 \u00e9valu\u00e9es par la FDA ou par une figure de la profession m\u00e9dicale: les applications possibles, les indications, la posologie et les avertissements sont d\u00e9crites pour des fins \u00e9ducatives seulement, les sp\u00e9culations et les personnels, et ne constituent pas des conseils m\u00e9dicaux.<\/p>\n<p><strong>Les produits sont vendus<\/strong> comme l&#039;encens, Savons, de R\u00e9sines et de collection botanique, et le mat\u00e9riel de recherche scientifique.<\/p>\n<p><span style=\"color: #ed1c24; font-size: 115%;\"><strong>Ils ne sont pas destin\u00e9s \u00e0 la consommation humaine.<br \/>\nPour \u00eatre en mesure d&#039;acheter nos produits, vous devez avoir plus de 18 ans et ne sont pas adapt\u00e9s pour les femmes qui sont enceintes et\/ou qui allaitent.<\/strong><\/span><\/p>\n<p>Pour obtenir plus d&#039;informations sur <strong>KARMARANDO<\/strong> visite <a href=\"https:\/\/www.instagram.com\/karmarando1\/\" target=\"_blank\" rel=\"noopener\"><br \/>\n<span style=\"color: #0000ff;\"><strong>cette page<\/strong><\/span><\/a> ou lire les derni\u00e8res nouvelles sur <a href=\"https:\/\/karmarando.com\/fr\/blog\/\" target=\"_blank\" rel=\"nofollow noopener\"><strong><span style=\"color: #0000ff;\">BLOG<\/span><\/strong><\/a><\/p>\n<\/div><\/div><\/div>","protected":false},"excerpt":{"rendered":"<p>Mapacho \u2013 N. Rustica<\/p>","protected":false},"featured_media":4303,"comment_status":"open","ping_status":"closed","template":"","meta":[],"product_brand":[468],"product_cat":[190,191,185],"product_tag":[673,674],"class_list":{"0":"post-4296","1":"product","2":"type-product","3":"status-publish","4":"has-post-thumbnail","6":"product_brand-karmarando","7":"product_cat-mapacho-e-ceneri","8":"product_cat-nicotiana-rustica","9":"product_cat-rapee-e-co","10":"product_tag-mapacho","11":"product_tag-nicotiana-rustica","12":"pa_brand-karmarando","13":"pa_ean-1242","14":"pa_formato-maso-intero-non-trinciato","15":"pa_formato-polvere","16":"pa_formato-foglia-processata-trinciata","17":"pa_ingredienti-nicotiana-rustica","18":"pa_paese-di-fabbricazione-brasile","19":"pa_unita-di-misura-10-g","20":"pa_unita-di-misura-100-g","21":"pa_unita-di-misura-1000-g","22":"pa_unita-di-misura-15-g","23":"pa_unita-di-misura-150-g","24":"pa_unita-di-misura-20-g","25":"pa_unita-di-misura-300-g","26":"pa_unita-di-misura-50-g","27":"pa_unita-di-misura-500-g","28":"pa_unita-di-misura-800-g","30":"first","31":"instock","32":"sale","33":"shipping-taxable","34":"purchasable","35":"product-type-variable"},"_links":{"self":[{"href":"https:\/\/karmarando.com\/fr\/wp-json\/wp\/v2\/product\/4296","targetHints":{"allow":["GET"]}}],"collection":[{"href":"https:\/\/karmarando.com\/fr\/wp-json\/wp\/v2\/product"}],"about":[{"href":"https:\/\/karmarando.com\/fr\/wp-json\/wp\/v2\/types\/product"}],"replies":[{"embeddable":true,"href":"https:\/\/karmarando.com\/fr\/wp-json\/wp\/v2\/comments?post=4296"}],"wp:featuredmedia":[{"embeddable":true,"href":"https:\/\/karmarando.com\/fr\/wp-json\/wp\/v2\/media\/4303"}],"wp:attachment":[{"href":"https:\/\/karmarando.com\/fr\/wp-json\/wp\/v2\/media?parent=4296"}],"wp:term":[{"taxonomy":"product_brand","embeddable":true,"href":"https:\/\/karmarando.com\/fr\/wp-json\/wp\/v2\/product_brand?post=4296"},{"taxonomy":"product_cat","embeddable":true,"href":"https:\/\/karmarando.com\/fr\/wp-json\/wp\/v2\/product_cat?post=4296"},{"taxonomy":"product_tag","embeddable":true,"href":"https:\/\/karmarando.com\/fr\/wp-json\/wp\/v2\/product_tag?post=4296"}],"curies":[{"name":"wp","href":"https:\/\/api.w.org\/{rel}","templated":true}]}}