{"id":4247,"date":"2022-01-15T08:10:17","date_gmt":"2022-01-15T07:10:17","guid":{"rendered":"https:\/\/www.karmarando.com\/?post_type=product&#038;p=4247"},"modified":"2026-03-23T12:28:14","modified_gmt":"2026-03-23T11:28:14","slug":"collirio-di-fermentati-fervida-gocce-diamante-a-5-ml-10ml-e-15-ml","status":"publish","type":"product","link":"https:\/\/karmarando.com\/fr\/fitoterapici\/fermentati-fervida-e-em\/colliri-di-fermentati\/collirio-di-fermentati-fervida-gocce-diamante-a-5-ml-10ml-e-15-ml\/","title":{"rendered":"Gouttes pour les yeux d'un Ferment\u00e9 Fervente micro-organismes (des Gouttes de Diamant) \u2013 disponible en 5 ml, 10 ml et 15 ml"},"content":{"rendered":"<div class=\"tabbed-content\">\n\t\t\t\n\t\t\t<ul class=\"nav nav-pills nav-uppercase nav-size-small nav-center\" role=\"tablist\"><li id=\"tab-descrizione\" class=\"tab active has-icon\" role=\"presentation\"><a href=\"#tab_descrizione\" role=\"tab\" aria-selected=\"true\" aria-controls=\"tab_descrizione\"><span>Description<\/span><\/a><\/li>\n<li id=\"tab-propriet\u00e0\" class=\"tab has-icon\" role=\"presentation\"><a href=\"#tab_propriet\u00e0\" tabindex=\"-1\" role=\"tab\" aria-selected=\"false\" aria-controls=\"tab_propriet\u00e0\"><span>Propri\u00e9t\u00e9<\/span><\/a><\/li>\n<li id=\"tab-come-si-f\u00e0-?\" class=\"tab has-icon\" role=\"presentation\"><a href=\"#tab_come-si-f\u00e0-?\" tabindex=\"-1\" role=\"tab\" aria-selected=\"false\" aria-controls=\"tab_come-si-f\u00e0-?\"><span>Qu&#039;il obtient ?<\/span><\/a><\/li>\n<li id=\"tab-disclaimer\" class=\"tab has-icon\" role=\"presentation\"><a href=\"#tab_disclaimer\" tabindex=\"-1\" role=\"tab\" aria-selected=\"false\" aria-controls=\"tab_disclaimer\"><span>AVERTISSEMENT<\/span><\/a><\/li><\/ul><div class=\"tab-panels\"><div id=\"tab_descrizione\" class=\"panel active entry-content\" role=\"tabpanel\" aria-labelledby=\"tab-descrizione\">\n<h3>Collirio di Fermentati Fervida (Gocce Diamante) &#8211; disponibile da 5 ml, 10ml e 15 ml<\/h3>\n<p><strong>Des Gouttes De Diamant <\/strong>Maturato 12 anni<strong>, <\/strong>creato sfruttando le risorse della fermentazione e l&#8217;armonia che si crea nel tempo \u00e8 una risorsa totalmente naturale che cura e previene molte problematiche dell&#8217;occhio e che aiuta migliorare la vista.<\/p>\n<p>Le Gocce Diamante possono essere usate anche nel naso e nelle orecchie quando serve una azione delicata.<\/p>\n<p>Creato Amorevolmente partendo da 6 frutti con la tecnica Fervida Gocce Diamante.<\/p>\n<p><strong>Ottimo anche da usare assieme e dopo il Sananga (cercalo nel &#8220;cerca&#8221; in alto) per drenare e calmare e rilassare l&#8217;occhio.<\/strong><\/p>\n<\/div>\n<div id=\"tab_propriet\u00e0\" class=\"panel entry-content\" role=\"tabpanel\" aria-labelledby=\"tab-propriet\u00e0\">\n<h3><strong>I 7 frutti delle Gocce Diamante sono:<\/strong><\/h3>\n<ul>\n<li><strong>TINOSPORA <\/strong>Oltre a essere ottimo per Diabete, Spasmi, Infiammazione, Lo stress ossidativo, Allergia, Stress, Lebbra, Malaria, Neoplasia. Sappiamo bene che tuttee qeste malattie sono molto connesse ai problemi agli occhi..Lo stress e soffrimenti infantili non risolti, causano problemi e complicanze agli occhi, o perch\u00e8 non si vuole vedere ci\u00f2 che ci ha fatto e ci sta facendo male, cosi che diventa patologico, oltre che lo stress degenera in generale causando Problema degli occhi e di altre condizioni ed emozioni correlate.<\/li>\n<li><strong>CRISPA <\/strong>Favorisce la guarigione del sistema nervoso centrale ed \u00e8 dotata anche di\u00a0 effetto cancerogeno e ristrutturante, cos\u00ec che gli occhi ne possano giovare<\/li>\n<li><strong>AMLA<\/strong> oltre ad avere altri poteri sul copro la sua assunzione di <b>amla<\/b>\u00a0ha effetti\u00a0<b>benefici<\/b> sulla vista. Migliora la miopia e allevia i sintomi della cataratta, oltre a ridurre la pressione intraoculare. Contiene infatti carotenoidi speciali specifici che possono avere influenza positiva sulla vista e sugli <b>occhi<\/b>.<\/li>\n<li><strong>NONI<\/strong> ( Morinda Citrifolia L.), l&#039;Une des principales propri\u00e9t\u00e9s du fruit de noni est anti-inflammatoire, donc fortes pour \u00eatre facilement consid\u00e9r\u00e9 comme un aliments utiles pour pr\u00e9venir et lutter contre certaines formes de cancer. Stimule le syst\u00e8me immunitaire et la reconstruction de la r\u00e9tine, et la r\u00e9paration et le soulagement de l&#039;inflammation des yeux. En plus utilis\u00e9s dans la lutte contre les d\u00e9pendances. Ce qui rend pr\u00e9cieux de noni pour le soin de la bonne sant\u00e9 est la richesse de ses compos\u00e9s phytochimiques: des lignanes, des irido\u00efdes et signal\u00e9s (en particulier l&#039;acide asperulosidico), alcaolidi (surtout le xeronina), les cat\u00e9chines, et de divers acides, des antioxydants et des anti-inflammatoires tels que l&#039;acide linol\u00e9ique. La plupart de ces compos\u00e9s, des compos\u00e9s phytochimiques antioxydants, les anticanc\u00e9reux, les analg\u00e9siques et anti-inflammatoires, alors que le noni une pr\u00e9cieuse nourriture qui est d&#039;attirer l&#039;attention de nombreux chercheurs. Il est consid\u00e9r\u00e9 comme le fruit dans le monde, avec la concentration la plus \u00e9lev\u00e9e de phytonutriments.<\/li>\n<li><strong>LOGAN <\/strong>Viene perfino soprannominato \u201cocchio di drago\u201d \u00c8, al tempo stesso, un&#8217;ottima fonte di potassio e vitamina C, oltre a magnesio, fosforo e calcio, e a numerose vitamine del gruppo B, compreso l&#8217;acido folico. Il frutto pu\u00f2 anche vantare alcuni\u00a0polifenoli antiossidanti come la corilagina, l&#8217;acido gallico e l&#8217;acido ellagico. Cos\u00ec da rafforzare le difese iunitari e il recupero della guarigione degli occhi per via anche de suo effetto antinfiammatorio, nonch\u00e9\u00a0capacit\u00e0 antimicotiche\u00a0e fungine.<\/li>\n<li><strong>LITCHI <\/strong>Favorisce la rigenerazione delle cellule e a prevenire la catarata, \u00a0ricco di antiossidanti e antineoplastici, inoltre \u00a0abbondanti polifenoli come il bioflavonoide chiamato rutina. Questo lo rende un toccasana quando si tratta del rafforzamento dei vasi sanguigni e il recupero della vasodilatazione arteriosa e delle vene in generale.<\/li>\n<li><strong>HARITAKI <\/strong>Ottimo per occhi gonfi ed irritati considerato Re delle medicine Naturali, antiossidante ed anti-et\u00e0, toccasana che dona sollievo alle palpebre anche in caso di congiuntivite.<\/li>\n<\/ul>\n<p>La fermentazione per preparare il collirio <strong>Des Gouttes De Diamant<\/strong> dura 12 anni, il tempo necessario a che vengano smaltite le resine presenti nel Nam Mak (Ferv\u00ecda in Italia) che sono troppo aggressive per gli occhi.<\/p>\n<p>I Ferv\u00ecda sono molto acidi, non adatti ad essere utilizzati negli occhi, vengono quindi diluiti in ragione di 32 parti di acqua distillata ed una parte di Ferv\u00ecda; poi la miscela, a distanza di qualche giorno \u00e8 pronta, il prelievo riguarda poi lo strato pi\u00f9 superficiale del liquido, ed \u00e8 per questo che le GD sono cos\u00ec limpide, vengono poi confezionate in flaconcini con contagocce da 12ml.<\/p>\n<p>Cos\u00ec come i Ferv\u00ecda, anche le Gocce Diamante (GD) sono un rimedio universale per il benessere, esse rappresentano un rimedio <strong>esclusivo<\/strong>\u00a0di Pa Cheng per patologie oculari, quali: presbiopia, astigmatismo, miopia, glaucoma etc.., persino per le problematiche infettive, anche se per queste \u00e8 bene fare una terapia leggera (una sola goccia al giorno per occhio).<\/p>\n<\/div>\n<div id=\"tab_come-si-f\u00e0-?\" class=\"panel entry-content\" role=\"tabpanel\" aria-labelledby=\"tab-come-si-f\u00e0-?\">\n<h3><strong>Usi e Dosi Collirio di Fermentati Fervida (Gocce Diamante)<\/strong><\/h3>\n<ul>\n<li>I tempi di utilizzo sono ovviamente legati al tipo di problematica e alla sua gravit\u00e0, ma, gi\u00e0 dopo le prime applicazioni del collirio, si potr\u00e0 notare che la qualit\u00e0 dell\u2019immagine percepita \u00e8 migliorata e che l\u2019occhio si affatica molto meno.<\/li>\n<li>La dose consigliata da Pa Cheng \u00e8 di 4 gocce complessive al giorno per occhio, 2 per occhio al mattino e si ripete alla sera; con questa dose ogni fialetta da 15 ml dura 2 mesi<\/li>\n<li>Nel giro di pochi mesi invece \u00e8 possibile riscontrare miglioramenti effettivi della vista cominciando a recuperare diottrie.<\/li>\n<li>Agiscono sul cristallino con la loro azione quotidiana di purificazione.<\/li>\n<li>Le <strong>Des Gouttes De Diamant <\/strong>sono una creazione di Pa Cheng, non il rimedio antico, ma moderno, anche se l\u2019elemento fondamentale resta comunque sempre la sua stessa tecnica di fermentazione.<\/li>\n<li>Non hanno problemi di conservazione, basta tenerle riparate dalla luce diretta del sole, mentre d\u2019estate il fresco del frigo \u00e8 consigliato (magari proteggendole dal troppo freddo).<\/li>\n<li>Col tempo potrebbero formarsi delle gelatine scure che generalmente stanno sul fondo. L\u2019uso delle gocce di diamante non ha controindicazioni; potrebbero pero \u2019causare reazioni in presenza di infiammazione, come per esempio in caso di congiuntivite, reazioni che sono da considerare come un processo disintossicante<\/li>\n<li>In questo caso Sar\u00e0 meglio quindi, utilizzare una sola goccia al giorno per occhio. Eventuali mal di testa possono essere dovuti alla difficolt\u00e0 del nervo ottico per la nuova percezione visiva. Un breve periodo di adattamento necessario, come quando si cominciano ad usare gli occhiali e gli occhi si devono abituare.<\/li>\n<li><strong>Des Gouttes De Diamant <\/strong>sono utili anche nei confronti della sinusite, per problemi di congestione nasale utilizzandole in ragione di 1 goccia al giorno per narice, nonch\u00e8 utili per alcuni problemi dell\u2019orecchio.<\/li>\n<\/ul>\n<p><strong>Effetti e Cura Gocce Diamante<br \/>\n<\/strong><\/p>\n<p>Curare le malattie batteriche dell&#8217;occhio come la congiuntivite, l&#8217;orzaiolo, l&#8217;arrossamento e l&#8217;irritazione degli occhi. Utilizzato per lungo periodo di tempo pu\u00f2 guarire e prevenire la cataratta.<\/p>\n<ul>\n<li>Collirio (dalle molte indicazioni, \u00e8 la forma pi\u00f9 utilizzata)<\/li>\n<li>Miopia<\/li>\n<li>Percezione dei colori<\/li>\n<li>Definizione delle immagini<\/li>\n<li>Le glaucome<\/li>\n<li>La cataracte<\/li>\n<li>Certains cas de perte de vision<\/li>\n<li>Les plus la vue<\/li>\n<li>ipermetropia<\/li>\n<li>l&#039;astigmatisme<\/li>\n<li>l\u2019ambliopia<\/li>\n<li>secchezza oculare<\/li>\n<li>fotofobia<\/li>\n<li>prevenendo al formazione di cataratta<\/li>\n<li>glaucoma<\/li>\n<li>presbiopia<\/li>\n<li>cheratocono.<\/li>\n<\/ul>\n<p><strong>Posologie<\/strong><\/p>\n<p>\u00c8 fondamentale avere un intento. Lavorando concentrati su di esso, la pianta aiuta a fare chiarezza su quell\u2019aspetto della vita che si vuole osservare pi\u00f9 in profondit\u00e0.<\/p>\n<\/div>\n<div id=\"tab_disclaimer\" class=\"panel entry-content\" role=\"tabpanel\" aria-labelledby=\"tab-disclaimer\">\n<p><strong><span style=\"color: #d83131;\">LA PHOTO DANS LA DESCRIPTION EST PUREMENT INDICATIVE<\/span><\/strong><\/p>\n<p><strong><span style=\"color: #d83131;\">LES PRODUITS SONT GARANTIS \u00c0 PARTIR DE KARMARANDO<\/span><\/strong><br \/>\n<strong><span style=\"color: #d83131;\">Pour les produits, des PLANTES, de l&#039;ENCENS ET poudres PR\u00c9PAR\u00c9ES pour le MOMENT pas possible de faire un REMBOURSEMENT ou un \u00e9change<\/span><\/strong><\/p>\n<p>L&#039; <strong>les termes utilis\u00e9s<\/strong> dans les cat\u00e9gories et les tags ne veux pas sugg\u00e9rer \u00e0 l&#039;usage m\u00e9dicinal et de produits r\u00e9cr\u00e9atifs, juste de les trier en fonction de leur utilisation de l&#039;historique, scientifique et social.<\/p>\n<p><strong>Les recettes sont fournies \u00e0 titre de scientifique<\/strong>ils ne veulent pas encourager les clients \u00e0 les r\u00e9p\u00e9ter, ni de consommer les produits.<\/p>\n<p><strong>Notre contenu<\/strong> n&#039;ont pas \u00e9t\u00e9 \u00e9valu\u00e9es par la FDA ou par une figure de la profession m\u00e9dicale: les applications possibles, les indications, la posologie et les avertissements sont d\u00e9crites pour des fins \u00e9ducatives seulement, les sp\u00e9culations et les personnels, et ne constituent pas des conseils m\u00e9dicaux.<\/p>\n<p><strong>Les produits sont vendus<\/strong> comme l&#039;encens, Savons, de R\u00e9sines et de collection botanique, et le mat\u00e9riel de recherche scientifique.<\/p>\n<p><span style=\"color: #ed1c24; font-size: 115%;\"><strong>Ils ne sont pas destin\u00e9s \u00e0 la consommation humaine.<br \/>\nPour \u00eatre en mesure d&#039;acheter nos produits, vous devez avoir plus de 18 ans et ne sont pas adapt\u00e9s pour les femmes qui sont enceintes et\/ou qui allaitent.<\/strong><\/span><\/p>\n<p>Pour obtenir plus d&#039;informations sur <strong>KARMARANDO<\/strong> visite <a href=\"https:\/\/www.instagram.com\/karmarando1\/\" target=\"_blank\" rel=\"noopener\"><br \/>\n<span style=\"color: #0000ff;\"><strong>cette page<\/strong><\/span><\/a> ou lire les derni\u00e8res nouvelles sur <a href=\"https:\/\/karmarando.com\/fr\/blog\/\" target=\"_blank\" rel=\"nofollow noopener\"><strong><span style=\"color: #0000ff;\">BLOG<\/span><\/strong><\/a><\/p>\n<\/div><\/div><\/div>","protected":false},"excerpt":{"rendered":"<p>Gouttes pour les yeux d'un Ferment\u00e9 Fervente micro-organismes (des Gouttes de Diamant) \u2013 disponible en 5 ml, 10 ml et 15 ml<\/p>","protected":false},"featured_media":4255,"comment_status":"open","ping_status":"closed","template":"","meta":[],"product_brand":[468],"product_cat":[2397,238,230,229,235,199],"product_tag":[510,632],"class_list":{"0":"post-4247","1":"product","2":"type-product","3":"status-publish","4":"has-post-thumbnail","6":"product_brand-karmarando","7":"product_cat-colliri-di-fermentati","8":"product_cat-corpo-e-bellezza","9":"product_cat-fermentati-fervida-e-em","10":"product_cat-fitoterapici","11":"product_cat-nutrizione-e-cosmetica","12":"product_cat-piante-di-potere","13":"product_tag-fervida","14":"product_tag-gocce-diamante","15":"pa_brand-karmarando","16":"pa_ean-1245","17":"pa_ingredienti-amla","18":"pa_ingredienti-crispa","19":"pa_ingredienti-haritaki","20":"pa_ingredienti-litchi","21":"pa_ingredienti-logan","22":"pa_ingredienti-noni","23":"pa_ingredienti-tinospora","24":"pa_ml-10ml","25":"pa_ml-15ml","26":"pa_ml-5ml","27":"pa_paese-di-fabbricazione-brasile","29":"first","30":"instock","31":"sale","32":"shipping-taxable","33":"purchasable","34":"product-type-variable"},"_links":{"self":[{"href":"https:\/\/karmarando.com\/fr\/wp-json\/wp\/v2\/product\/4247","targetHints":{"allow":["GET"]}}],"collection":[{"href":"https:\/\/karmarando.com\/fr\/wp-json\/wp\/v2\/product"}],"about":[{"href":"https:\/\/karmarando.com\/fr\/wp-json\/wp\/v2\/types\/product"}],"replies":[{"embeddable":true,"href":"https:\/\/karmarando.com\/fr\/wp-json\/wp\/v2\/comments?post=4247"}],"wp:featuredmedia":[{"embeddable":true,"href":"https:\/\/karmarando.com\/fr\/wp-json\/wp\/v2\/media\/4255"}],"wp:attachment":[{"href":"https:\/\/karmarando.com\/fr\/wp-json\/wp\/v2\/media?parent=4247"}],"wp:term":[{"taxonomy":"product_brand","embeddable":true,"href":"https:\/\/karmarando.com\/fr\/wp-json\/wp\/v2\/product_brand?post=4247"},{"taxonomy":"product_cat","embeddable":true,"href":"https:\/\/karmarando.com\/fr\/wp-json\/wp\/v2\/product_cat?post=4247"},{"taxonomy":"product_tag","embeddable":true,"href":"https:\/\/karmarando.com\/fr\/wp-json\/wp\/v2\/product_tag?post=4247"}],"curies":[{"name":"wp","href":"https:\/\/api.w.org\/{rel}","templated":true}]}}