{"id":4214,"date":"2022-01-14T00:07:19","date_gmt":"2022-01-13T23:07:19","guid":{"rendered":"https:\/\/www.karmarando.com\/senza-categoria\/sonaglio-rainstick-shaman-in-bamboo-fatto-a-mano-con-rune-norreniche-loki\/"},"modified":"2025-12-04T13:51:11","modified_gmt":"2025-12-04T12:51:11","slug":"sonaglio-rainstick-shaman","status":"publish","type":"product","link":"https:\/\/karmarando.com\/fr\/strumenti-e-gadget\/arte-artigianale-sciamanica\/strumenti-musicali\/sonagli\/sonaglio-rainstick-shaman\/","title":{"rendered":"Hochet RainStick Chaman en Bambou, Faite \u00e0 la Main avec des Runes Norreniche Loki"},"content":{"rendered":"<div class=\"tabbed-content\">\n\t\t\t\n\t\t\t<ul class=\"nav nav-pills nav-uppercase nav-size-small nav-center\" role=\"tablist\"><li id=\"tab-descrizione\" class=\"tab active has-icon\" role=\"presentation\"><a href=\"#tab_descrizione\" role=\"tab\" aria-selected=\"true\" aria-controls=\"tab_descrizione\"><span>Description<\/span><\/a><\/li>\n<li id=\"tab-disclaimer\" class=\"tab has-icon\" role=\"presentation\"><a href=\"#tab_disclaimer\" tabindex=\"-1\" role=\"tab\" aria-selected=\"false\" aria-controls=\"tab_disclaimer\"><span>AVERTISSEMENT<\/span><\/a><\/li><\/ul><div class=\"tab-panels\"><div id=\"tab_descrizione\" class=\"panel active entry-content\" role=\"tabpanel\" aria-labelledby=\"tab-descrizione\">\n<h3 style=\"line-height: 30px;\"><span style=\"font-family: Arial, Helvetica, sans-serif;\"><span style=\"font-size: 24px;\">Hochet RainStick Chaman en Bambou, Faite \u00e0 la Main avec des Runes Norreniche Loki<\/span><\/span><\/h3>\n<p><span style=\"font-family: Arial, Helvetica, sans-serif;\"><span style=\"font-size: 16.38px;\">Hochet RainStick Chaman en Bambou, Faite \u00e0 la Main avec des Runes Norreniche Loki<\/span><\/span><\/p>\n<p>Fabriqu\u00e9 \u00e0 la main par David laufeyson &amp; Michael Scorpions. <span style=\"font-size: 14px;\">Cette <\/span><b>Hochet RainStick<\/b><span style=\"font-size: 24px;\">\u00a0<\/span><span style=\"font-size: 14px;\">il est fait de bambou. <\/span>La marque a con\u00e7u et D\u00e9cor\u00e9 \u00e0 la main et avec le Feu Alchimique Rune Sacr\u00e9e primordiale Norreniche. Mat\u00e9riaux de haute qualit\u00e9 pour un Son Magique de Gu\u00e9rison<\/p>\n<p><strong>Puisqu&#039;il est fait \u00e0 la main, chaque objet sera l\u00e9g\u00e8rement diff\u00e9rents l&#039;un de l&#039;autre. Les Photos sont illustratives, vous \u00eates l&#039;achat d&#039;\u0153uvres d&#039;art individuelles faite pour vous.<\/strong><\/p>\n<p>Les hochets sont tr\u00e8s intuitif et facile \u00e0 jouer et de cr\u00e9er des m\u00e9lodies, sans la n\u00e9cessit\u00e9 pour la th\u00e9orie de la musique.Avec de la pratique et un peu de trucs que nous apprenons rapidement. Id\u00e9al pour les Rap\u00e9 m\u00e9decine et chamaniques de la jungle et de c\u00e9r\u00e9monies Pour plus d&#039;informations, n&#039;h\u00e9sitez pas \u00e0 nous contacter.<\/p>\n<\/div>\n<div id=\"tab_disclaimer\" class=\"panel entry-content\" role=\"tabpanel\" aria-labelledby=\"tab-disclaimer\">\n<p><strong><span style=\"color: #d83131;\">LA PHOTO DANS LA DESCRIPTION EST PUREMENT INDICATIVE<\/span><\/strong><\/p>\n<p><strong><span style=\"color: #d83131;\">LES PRODUITS SONT GARANTIS \u00c0 PARTIR DE KARMARANDO<\/span><\/strong><br \/>\n<strong><span style=\"color: #d83131;\">Pour les produits, des PLANTES, de l&#039;ENCENS ET poudres PR\u00c9PAR\u00c9ES pour le MOMENT pas possible de faire un REMBOURSEMENT ou un \u00e9change<\/span><\/strong><\/p>\n<p>L&#039; <strong>les termes utilis\u00e9s<\/strong> dans les cat\u00e9gories et les tags ne veux pas sugg\u00e9rer \u00e0 l&#039;usage m\u00e9dicinal et de produits r\u00e9cr\u00e9atifs, juste de les trier en fonction de leur utilisation de l&#039;historique, scientifique et social.<\/p>\n<p><strong>Les recettes sont fournies \u00e0 titre de scientifique<\/strong>ils ne veulent pas encourager les clients \u00e0 les r\u00e9p\u00e9ter, ni de consommer les produits.<\/p>\n<p><strong>Notre contenu<\/strong> n&#039;ont pas \u00e9t\u00e9 \u00e9valu\u00e9es par la FDA ou par une figure de la profession m\u00e9dicale: les applications possibles, les indications, la posologie et les avertissements sont d\u00e9crites pour des fins \u00e9ducatives seulement, les sp\u00e9culations et les personnels, et ne constituent pas des conseils m\u00e9dicaux.<\/p>\n<p><strong>Les produits sont vendus<\/strong> comme l&#039;encens, Savons, de R\u00e9sines et de collection botanique, et le mat\u00e9riel de recherche scientifique.<\/p>\n<p><span style=\"color: #ed1c24; font-size: 115%;\"><strong>Ils ne sont pas destin\u00e9s \u00e0 la consommation humaine.<br \/>\nPour \u00eatre en mesure d&#039;acheter nos produits, vous devez avoir plus de 18 ans et ne sont pas adapt\u00e9s pour les femmes qui sont enceintes et\/ou qui allaitent.<\/strong><\/span><\/p>\n<p>Pour obtenir plus d&#039;informations sur <strong>KARMARANDO<\/strong> visite <a href=\"https:\/\/www.instagram.com\/karmarando1\/\" target=\"_blank\" rel=\"noopener\"><br \/>\n<span style=\"color: #0000ff;\"><strong>cette page<\/strong><\/span><\/a> ou lire les derni\u00e8res nouvelles sur <a href=\"https:\/\/karmarando.com\/fr\/blog\/\" target=\"_blank\" rel=\"nofollow noopener\"><strong><span style=\"color: #0000ff;\">BLOG<\/span><\/strong><\/a><\/p>\n<\/div><\/div><\/div>","protected":false},"excerpt":{"rendered":"<p>Hochet RainStick Chaman en Bambou, Faite \u00e0 la Main avec des Runes Norreniche Loki<\/p>","protected":false},"featured_media":4215,"comment_status":"open","ping_status":"closed","template":"","meta":[],"product_brand":[468],"product_cat":[241,574,239,571],"product_tag":[629],"class_list":{"0":"post-4214","1":"product","2":"type-product","3":"status-publish","4":"has-post-thumbnail","6":"product_brand-karmarando","7":"product_cat-arte-artigianale-sciamanica","8":"product_cat-sonagli","9":"product_cat-strumenti-e-gadget","10":"product_cat-strumenti-musicali","11":"product_tag-sonaglio-rainstick-shaman","12":"pa_brand-karmarando","13":"pa_ean-1248","14":"pa_materiale-bamboo","15":"pa_paese-di-fabbricazione-italia","17":"first","18":"instock","19":"shipping-taxable","20":"purchasable","21":"product-type-simple"},"_links":{"self":[{"href":"https:\/\/karmarando.com\/fr\/wp-json\/wp\/v2\/product\/4214","targetHints":{"allow":["GET"]}}],"collection":[{"href":"https:\/\/karmarando.com\/fr\/wp-json\/wp\/v2\/product"}],"about":[{"href":"https:\/\/karmarando.com\/fr\/wp-json\/wp\/v2\/types\/product"}],"replies":[{"embeddable":true,"href":"https:\/\/karmarando.com\/fr\/wp-json\/wp\/v2\/comments?post=4214"}],"wp:featuredmedia":[{"embeddable":true,"href":"https:\/\/karmarando.com\/fr\/wp-json\/wp\/v2\/media\/4215"}],"wp:attachment":[{"href":"https:\/\/karmarando.com\/fr\/wp-json\/wp\/v2\/media?parent=4214"}],"wp:term":[{"taxonomy":"product_brand","embeddable":true,"href":"https:\/\/karmarando.com\/fr\/wp-json\/wp\/v2\/product_brand?post=4214"},{"taxonomy":"product_cat","embeddable":true,"href":"https:\/\/karmarando.com\/fr\/wp-json\/wp\/v2\/product_cat?post=4214"},{"taxonomy":"product_tag","embeddable":true,"href":"https:\/\/karmarando.com\/fr\/wp-json\/wp\/v2\/product_tag?post=4214"}],"curies":[{"name":"wp","href":"https:\/\/api.w.org\/{rel}","templated":true}]}}