{"id":4204,"date":"2022-01-13T00:47:13","date_gmt":"2022-01-12T23:47:13","guid":{"rendered":"https:\/\/www.karmarando.com\/senza-categoria\/grinder-trit-cbd-modello-acrilico-royal-queen-seeds-double-use\/"},"modified":"2025-12-04T20:56:10","modified_gmt":"2025-12-04T19:56:10","slug":"grinder-trit","status":"publish","type":"product","link":"https:\/\/karmarando.com\/fr\/strumenti-e-gadget\/gadget-sciamanici-e-non\/grinder-trit\/","title":{"rendered":"BROYEUR TRIT MOD\u00c8LE ACRYLIQUE ROYAL QUEEN SEEDS DOUBLE UTILISATION"},"content":{"rendered":"<div class=\"tabbed-content\">\n\t\t\t\n\t\t\t<ul class=\"nav nav-pills nav-uppercase nav-size-small nav-center\" role=\"tablist\"><li id=\"tab-descrizione\" class=\"tab active has-icon\" role=\"presentation\"><a href=\"#tab_descrizione\" role=\"tab\" aria-selected=\"true\" aria-controls=\"tab_descrizione\"><span>Description<\/span><\/a><\/li>\n<li id=\"tab-disclaimer\" class=\"tab has-icon\" role=\"presentation\"><a href=\"#tab_disclaimer\" tabindex=\"-1\" role=\"tab\" aria-selected=\"false\" aria-controls=\"tab_disclaimer\"><span>AVERTISSEMENT<\/span><\/a><\/li><\/ul><div class=\"tab-panels\"><div id=\"tab_descrizione\" class=\"panel active entry-content\" role=\"tabpanel\" aria-labelledby=\"tab-descrizione\">\n<h3>BROYEUR TRIT MOD\u00c8LE ACRYLIQUE ROYAL QUEEN SEEDS DOUBLE UTILISATION<\/h3>\n<p><span style=\"font-family: Arial; font-size: large;\"><span style=\"color: #444444; font-family: 'roboto condensed', 'Times New Roman', Helvetica, sans-serif; font-size: 18px; background-color: #ffffff;\">La qualit\u00e0 non sempre ha un prezzo elevato. Se state cercando un grinder di alta qualit\u00e0 ed efficienza, ma ad un prezzo moderato, non potete sbagliare con questo modello a 2-parti dei nostri amici della Royal Queen Seeds.<\/span><\/span><\/p>\n<p><strong>BROYEUR TRIT<\/strong> n<span style=\"font-family: Arial; font-size: large;\"><span style=\"color: #444444; font-family: 'roboto condensed', 'Times New Roman', Helvetica, sans-serif; font-size: 18px; background-color: #ffffff;\">on solo sminuzzer\u00e0 le vostre cime, ma dispone anche di un piccolo scomparto sotto il coperchio dove potrete mettere la vostra scorta. Colori disponibili: rosso, blu e verde.<\/span><\/span><br \/>\n<span style=\"color: #444444; font-family: 'roboto condensed', 'Times New Roman', Helvetica, sans-serif; font-size: 18px; background-color: #ffffff;\">\u00a0<\/span><\/p>\n<table id=\"idTab2\" class=\"features-table\" style=\"border-collapse: collapse; border-spacing: 0px; background-color: #ffffff; width: 805px; margin-bottom: 5px; color: #444444; font-family: 'roboto condensed', 'Times New Roman', Helvetica, sans-serif; font-size: 16px;\">\n<caption class=\"h3\" style=\"box-sizing: border-box; padding: 0px; color: inherit; text-align: left; margin-top: 22px; margin-bottom: 11px; font-family: oswald, Impact, sans-serif; line-height: 1.1; font-size: 20px; text-transform: uppercase;\">GRINDER IN ACRILICO ROYAL QUEEN SEEDS &#8211; SCHEDA TECNICA<\/caption>\n<tbody style=\"box-sizing: border-box;\">\n<tr style=\"box-sizing: border-box; background-color: #e6e7e9; height: 33px;\">\n<th style=\"box-sizing: border-box; text-align: left; padding: 5px 25px; font-weight: 300; width: 241.5px;\">Altezza<\/th>\n<td style=\"box-sizing: border-box; padding: 5px 25px; position: relative;\">23mm<\/td>\n<\/tr>\n<tr style=\"box-sizing: border-box; height: 33px;\">\n<th style=\"box-sizing: border-box; text-align: left; padding: 5px 25px; font-weight: 300; width: 241.5px;\">Numero di parti<\/th>\n<td style=\"box-sizing: border-box; padding: 5px 25px; position: relative;\">2<\/td>\n<\/tr>\n<tr style=\"box-sizing: border-box; background-color: #e6e7e9; height: 33px;\">\n<th style=\"box-sizing: border-box; text-align: left; padding: 5px 25px; font-weight: 300; width: 241.5px;\">Magnetico<\/th>\n<td style=\"box-sizing: border-box; padding: 5px 25px; position: relative;\">S\u00ec<\/td>\n<\/tr>\n<tr style=\"box-sizing: border-box; height: 33px;\">\n<th style=\"box-sizing: border-box; text-align: left; padding: 5px 25px; font-weight: 300; width: 241.5px;\">Mat\u00e9riel<\/th>\n<td style=\"box-sizing: border-box; padding: 5px 25px; position: relative;\">Acrilico<\/td>\n<\/tr>\n<tr style=\"box-sizing: border-box; background-color: #e6e7e9; height: 33px;\">\n<th style=\"box-sizing: border-box; text-align: left; padding: 5px 25px; font-weight: 300; width: 241.5px;\">Diameter<\/th>\n<td style=\"box-sizing: border-box; padding: 5px 25px; position: relative;\">60mm<\/td>\n<\/tr>\n<tr style=\"box-sizing: border-box; height: 33px;\">\n<th style=\"box-sizing: border-box; text-align: left; padding: 5px 25px; font-weight: 300; width: 241.5px;\">Numero di parti<\/th>\n<td style=\"box-sizing: border-box; padding: 5px 25px; position: relative;\">2<\/td>\n<\/tr>\n<\/tbody>\n<\/table>\n<\/div>\n<div id=\"tab_disclaimer\" class=\"panel entry-content\" role=\"tabpanel\" aria-labelledby=\"tab-disclaimer\">\n<p><strong><span style=\"color: #d83131;\">LA PHOTO DANS LA DESCRIPTION EST PUREMENT INDICATIVE<\/span><\/strong><\/p>\n<p><strong><span style=\"color: #d83131;\">LES PRODUITS SONT GARANTIS \u00c0 PARTIR DE KARMARANDO<\/span><\/strong><br \/>\n<strong><span style=\"color: #d83131;\">Pour les produits, des PLANTES, de l&#039;ENCENS ET poudres PR\u00c9PAR\u00c9ES pour le MOMENT pas possible de faire un REMBOURSEMENT ou un \u00e9change<\/span><\/strong><\/p>\n<p>L&#039; <strong>les termes utilis\u00e9s<\/strong> dans les cat\u00e9gories et les tags ne veux pas sugg\u00e9rer \u00e0 l&#039;usage m\u00e9dicinal et de produits r\u00e9cr\u00e9atifs, juste de les trier en fonction de leur utilisation de l&#039;historique, scientifique et social.<\/p>\n<p><strong>Les recettes sont fournies \u00e0 titre de scientifique<\/strong>ils ne veulent pas encourager les clients \u00e0 les r\u00e9p\u00e9ter, ni de consommer les produits.<\/p>\n<p><strong>Notre contenu<\/strong> n&#039;ont pas \u00e9t\u00e9 \u00e9valu\u00e9es par la FDA ou par une figure de la profession m\u00e9dicale: les applications possibles, les indications, la posologie et les avertissements sont d\u00e9crites pour des fins \u00e9ducatives seulement, les sp\u00e9culations et les personnels, et ne constituent pas des conseils m\u00e9dicaux.<\/p>\n<p><strong>Les produits sont vendus<\/strong> comme l&#039;encens, Savons, de R\u00e9sines et de collection botanique, et le mat\u00e9riel de recherche scientifique.<\/p>\n<p><span style=\"color: #ed1c24; font-size: 115%;\"><strong>Ils ne sont pas destin\u00e9s \u00e0 la consommation humaine.<br \/>\nPour \u00eatre en mesure d&#039;acheter nos produits, vous devez avoir plus de 18 ans et ne sont pas adapt\u00e9s pour les femmes qui sont enceintes et\/ou qui allaitent.<\/strong><\/span><\/p>\n<p>Pour obtenir plus d&#039;informations sur <strong>KARMARANDO<\/strong> visite <a href=\"https:\/\/www.instagram.com\/karmarando1\/\" target=\"_blank\" rel=\"noopener\"><br \/>\n<span style=\"color: #0000ff;\"><strong>cette page<\/strong><\/span><\/a> ou lire les derni\u00e8res nouvelles sur <a href=\"https:\/\/karmarando.com\/fr\/blog\/\" target=\"_blank\" rel=\"nofollow noopener\"><strong><span style=\"color: #0000ff;\">BLOG<\/span><\/strong><\/a><\/p>\n<\/div><\/div><\/div>","protected":false},"excerpt":{"rendered":"<p>BROYEUR TRIT MOD\u00c8LE ACRYLIQUE ROYAL QUEEN SEEDS DOUBLE UTILISATION<\/p>","protected":false},"featured_media":4205,"comment_status":"open","ping_status":"closed","template":"","meta":[],"product_brand":[468],"product_cat":[254,199,239],"product_tag":[615],"class_list":{"0":"post-4204","1":"product","2":"type-product","3":"status-publish","4":"has-post-thumbnail","6":"product_brand-karmarando","7":"product_cat-gadget-sciamanici-e-non","8":"product_cat-piante-di-potere","9":"product_cat-strumenti-e-gadget","10":"product_tag-grinder-trit","11":"pa_brand-karmarando","12":"pa_colore-blu","13":"pa_colore-rosso","14":"pa_colore-verde","15":"pa_ean-1249","16":"pa_materiale-acrilico","17":"pa_paese-di-fabbricazione-cina","19":"first","20":"instock","21":"shipping-taxable","22":"purchasable","23":"product-type-variable"},"_links":{"self":[{"href":"https:\/\/karmarando.com\/fr\/wp-json\/wp\/v2\/product\/4204","targetHints":{"allow":["GET"]}}],"collection":[{"href":"https:\/\/karmarando.com\/fr\/wp-json\/wp\/v2\/product"}],"about":[{"href":"https:\/\/karmarando.com\/fr\/wp-json\/wp\/v2\/types\/product"}],"replies":[{"embeddable":true,"href":"https:\/\/karmarando.com\/fr\/wp-json\/wp\/v2\/comments?post=4204"}],"wp:featuredmedia":[{"embeddable":true,"href":"https:\/\/karmarando.com\/fr\/wp-json\/wp\/v2\/media\/4205"}],"wp:attachment":[{"href":"https:\/\/karmarando.com\/fr\/wp-json\/wp\/v2\/media?parent=4204"}],"wp:term":[{"taxonomy":"product_brand","embeddable":true,"href":"https:\/\/karmarando.com\/fr\/wp-json\/wp\/v2\/product_brand?post=4204"},{"taxonomy":"product_cat","embeddable":true,"href":"https:\/\/karmarando.com\/fr\/wp-json\/wp\/v2\/product_cat?post=4204"},{"taxonomy":"product_tag","embeddable":true,"href":"https:\/\/karmarando.com\/fr\/wp-json\/wp\/v2\/product_tag?post=4204"}],"curies":[{"name":"wp","href":"https:\/\/api.w.org\/{rel}","templated":true}]}}