{"id":4130,"date":"2022-01-11T02:50:30","date_gmt":"2022-01-11T01:50:30","guid":{"rendered":"https:\/\/www.karmarando.com\/senza-categoria\/flauto-siyotanka-serpente-homemade-nativo-sciamanico-pentagonale-con-custodia\/"},"modified":"2025-12-04T13:53:14","modified_gmt":"2025-12-04T12:53:14","slug":"flauto-siyotanka-serpente","status":"publish","type":"product","link":"https:\/\/karmarando.com\/fr\/strumenti-e-gadget\/arte-artigianale-sciamanica\/strumenti-musicali\/flauti\/flauto-siyotanka-serpente\/","title":{"rendered":"Fl\u00fbte Siyotanka Serpent"},"content":{"rendered":"<div class=\"tabbed-content\">\n\t\t\t\n\t\t\t<ul class=\"nav nav-pills nav-uppercase nav-size-small nav-center\" role=\"tablist\"><li id=\"tab-descrizione\" class=\"tab active has-icon\" role=\"presentation\"><a href=\"#tab_descrizione\" role=\"tab\" aria-selected=\"true\" aria-controls=\"tab_descrizione\"><span>Description<\/span><\/a><\/li>\n<li id=\"tab-disclaimer\" class=\"tab has-icon\" role=\"presentation\"><a href=\"#tab_disclaimer\" tabindex=\"-1\" role=\"tab\" aria-selected=\"false\" aria-controls=\"tab_disclaimer\"><span>AVERTISSEMENT<\/span><\/a><\/li><\/ul><div class=\"tab-panels\"><div id=\"tab_descrizione\" class=\"panel active entry-content\" role=\"tabpanel\" aria-labelledby=\"tab-descrizione\">\n<h3>Fl\u00fbte Siyotanka Serpent Maison Natale Chamanique Pentagonale Avec Logement<\/h3>\n<p>Fl\u00fbte native american Siyotanka \u201cSerpent \u00e0 plumes\u201d dans le bambou.<br \/>\n<strong>Fatto a mano da Davide laufeyson &amp; Michael Scorpions<\/strong><br \/>\nCette Faluto Siyotanka est faite de bambou<\/p>\n<p>Marchiato e disegnato e Decorato a Fuoco Alchemico con Serpente Sciamanico Sacro primordiale<br \/>\nMat\u00e9riaux de haute qualit\u00e9, et Enti\u00e8rement faite \u00e0 la main en bambou.<\/p>\n<p>Pentagonale<br \/>\n<strong>G # m \/ G #<\/strong><\/p>\n<p><strong>Poich\u00e9 \u00e8 fatto a mano, ogni Flauto sar\u00e0 leggermente diverso l\u2019uno dall\u2019altro<\/strong><br \/>\n<strong>Le foto sono illustrative, stai acquistando opere d\u2019arte individuali fatte per te.<\/strong><\/p>\n<p>I Flauti dei nativi americani sono molto intuitivi da suonare e creare melodie, senza la necessit\u00e0 di teoria musicale. Con la pratica e alcuni trucchi impariamo rapidamente. Ideale durante Rap\u00e9 e medicine sciamniche della selva foresta amazonia, ideale meditare e per essere accompagnati da un tamburo sciamanico.<br \/>\nIl flauto usato dagli Indiani d\u2019America \u00e8 considerato uno degli strumenti musicali pi\u00f9 antichi al mondo, inventato dopo i tamburi, i sonagli ed i fischietti. Realizzati artigianalmente nel corso dei secoli utilizzando i materiali pi\u00f9 disparati, dall\u2019osso, al bamboo all\u2019argilla, insieme a vari tipi di legno duro e morbido, alla fine gli Indiani d\u2019America predilessero il legno di cedro come migliore materiale per la fabbricazione dei flauti.<\/p>\n<p>Gli Indiani d\u2019America usavano i flauti per tutto, dall\u2019intrattenimento alla preghiera, alle pratiche di corteggiamento, forse questo l\u2019uso pi\u00f9 comune. Infatti, molti flauti sono chiamati Flauti dell\u2019Amore o Flauti da Corteggiamento, e gli Indiani d\u2019America hanno numerose storie che narrano dell\u2019uso del Flauto dell\u2019Amore nelle pratiche di corteggiamento.<\/p>\n<p><strong>Origini<\/strong><\/p>\n<p>Il pi\u00f9 primo flauto nativo americano ancora esistente fatto di legno fu raccolto dall&#8217;avventuriero italiano Giacomo Costantino Beltrami nel 1823 sulla sua ricerca del headwaters del Fiume del Mississippi. \u00c8 adesso nella raccolta di Museo Civico di Scienze Naturali in Bergamo, l&#8217;Italia.<br \/>\nCi sono molte narrazioni su come i diversi popoli indigeni delle Americhe abbiano inventato il flauto. In un racconto, i picchi beccavano dei buchi nei rami cavi mentre cercavano le termiti; Quando il vento soffiava lungo i fori, le persone vicine ascoltavano la loro musica. Un altro racconto della cultura Tucana descrive l&#8217;Uakti, una creatura con dei buchi nel corpo che emetteva un suono quando correva o il vento soffiava attraverso di essa.<\/p>\n<p><strong>Materiali<\/strong><\/p>\n<p>Les fl\u00fbtes les natifs am\u00e9ricains ont \u00e9t\u00e9 faites de l&#039;os au d\u00e9but, maintenant sont faites de divers mat\u00e9riaux. Le gen\u00e9vrier, le S\u00e9quoia et le C\u00e8dre sont tr\u00e8s populaires, comme le sont la pour vous assurer un agr\u00e9able ar\u00f4me. Les bois mous et sont g\u00e9n\u00e9ralement pr\u00e9f\u00e9r\u00e9 par la plupart des joueurs de fl\u00fbte, \u00e0 cause des tons doux produits de la for\u00eat. D&#039;autres bois sont plus difficiles comme le noyer et le cerisier, sont appr\u00e9ci\u00e9s pour la lumi\u00e8re, la fra\u00eecheur, la richesse de son ils peuvent produire. Le bambou et jonc de rivi\u00e8re peut contenir des tons doux, ou clair, frais en fonction de la taille et de l&#039;esp\u00e8ce, car c&#039;est ce que vous achetez.<\/p>\n<p><strong>Musica<\/strong><\/p>\n<p>I flauti nativi americani moderni sono generalmente accordati a una variazione della scala pentatonica minore, che d\u00e0 allo strumento il suo suono lamentoso tutto particolare. Recentemente alcuni produttori hanno cominciato a fare esperimenti con scale diverse, dando ai giocatori nuove opzioni melodiche. Anche, i flauti moderni sono generalmente accordati in chiavi di concerto (come A o D) in modo che possano esser facilmente giocati con altri strumenti. Le chiavi di radice di flauti nativi americani moderni attraversano una gamma di circa tre ottave e mezza, da C ad A.<br \/>\nI flauti nativi americani tipicamente hanno o cinque o sei buchi, ma uno strumento pu\u00f2 avere lo zero a sette, compreso un buco di pollice. I vari produttori impiegano scale diverse e fingerings per i loro flauti.Un suono tutto particolare di alcuni flauti nativi americani, i flauti particolarmente tradizionali, \u00e8 chiamato il trillo (o trillando). Il trillo suona come se il flauto vacilli avanti e indietro tra note diverse.<\/p>\n<p>Per ulteriori informazioni, non esitate a contattarci<\/p>\n<\/div>\n<div id=\"tab_disclaimer\" class=\"panel entry-content\" role=\"tabpanel\" aria-labelledby=\"tab-disclaimer\">\n<p><strong><span style=\"color: #d83131;\">LA PHOTO DANS LA DESCRIPTION EST PUREMENT INDICATIVE<\/span><\/strong><\/p>\n<p><strong><span style=\"color: #d83131;\">LES PRODUITS SONT GARANTIS \u00c0 PARTIR DE KARMARANDO<\/span><\/strong><br \/>\n<strong><span style=\"color: #d83131;\">Pour les produits, des PLANTES, de l&#039;ENCENS ET poudres PR\u00c9PAR\u00c9ES pour le MOMENT pas possible de faire un REMBOURSEMENT ou un \u00e9change<\/span><\/strong><\/p>\n<p>L&#039; <strong>les termes utilis\u00e9s<\/strong> dans les cat\u00e9gories et les tags ne veux pas sugg\u00e9rer \u00e0 l&#039;usage m\u00e9dicinal et de produits r\u00e9cr\u00e9atifs, juste de les trier en fonction de leur utilisation de l&#039;historique, scientifique et social.<\/p>\n<p><strong>Les recettes sont fournies \u00e0 titre de scientifique<\/strong>ils ne veulent pas encourager les clients \u00e0 les r\u00e9p\u00e9ter, ni de consommer les produits.<\/p>\n<p><strong>Notre contenu<\/strong> n&#039;ont pas \u00e9t\u00e9 \u00e9valu\u00e9es par la FDA ou par une figure de la profession m\u00e9dicale: les applications possibles, les indications, la posologie et les avertissements sont d\u00e9crites pour des fins \u00e9ducatives seulement, les sp\u00e9culations et les personnels, et ne constituent pas des conseils m\u00e9dicaux.<\/p>\n<p><strong>Les produits sont vendus<\/strong> comme l&#039;encens, Savons, de R\u00e9sines et de collection botanique, et le mat\u00e9riel de recherche scientifique.<\/p>\n<p><span style=\"color: #ed1c24; font-size: 115%;\"><strong>Ils ne sont pas destin\u00e9s \u00e0 la consommation humaine.<br \/>\nPour \u00eatre en mesure d&#039;acheter nos produits, vous devez avoir plus de 18 ans et ne sont pas adapt\u00e9s pour les femmes qui sont enceintes et\/ou qui allaitent.<\/strong><\/span><\/p>\n<p>Pour obtenir plus d&#039;informations sur <strong>KARMARANDO<\/strong> visite <a href=\"https:\/\/www.instagram.com\/karmarando1\/\" target=\"_blank\" rel=\"noopener\"><br \/>\n<span style=\"color: #0000ff;\"><strong>cette page<\/strong><\/span><\/a> ou lire les derni\u00e8res nouvelles sur <a href=\"https:\/\/karmarando.com\/fr\/blog\/\" target=\"_blank\" rel=\"nofollow noopener\"><strong><span style=\"color: #0000ff;\">BLOG<\/span><\/strong><\/a><\/p>\n<\/div><\/div><\/div>","protected":false},"excerpt":{"rendered":"<p>Fl\u00fbte Siyotanka Serpent<\/p>","protected":false},"featured_media":4131,"comment_status":"open","ping_status":"closed","template":"","meta":[],"product_brand":[468],"product_cat":[241,572,239,571],"product_tag":[595],"class_list":{"0":"post-4130","1":"product","2":"type-product","3":"status-publish","4":"has-post-thumbnail","6":"product_brand-karmarando","7":"product_cat-arte-artigianale-sciamanica","8":"product_cat-flauti","9":"product_cat-strumenti-e-gadget","10":"product_cat-strumenti-musicali","11":"product_tag-flauto-siyotanka-serpente","12":"pa_brand-karmarando","13":"pa_ean-1257","14":"pa_materiale-bamboo","15":"pa_paese-di-fabbricazione-italia","17":"first","18":"instock","19":"shipping-taxable","20":"purchasable","21":"product-type-simple"},"_links":{"self":[{"href":"https:\/\/karmarando.com\/fr\/wp-json\/wp\/v2\/product\/4130","targetHints":{"allow":["GET"]}}],"collection":[{"href":"https:\/\/karmarando.com\/fr\/wp-json\/wp\/v2\/product"}],"about":[{"href":"https:\/\/karmarando.com\/fr\/wp-json\/wp\/v2\/types\/product"}],"replies":[{"embeddable":true,"href":"https:\/\/karmarando.com\/fr\/wp-json\/wp\/v2\/comments?post=4130"}],"wp:featuredmedia":[{"embeddable":true,"href":"https:\/\/karmarando.com\/fr\/wp-json\/wp\/v2\/media\/4131"}],"wp:attachment":[{"href":"https:\/\/karmarando.com\/fr\/wp-json\/wp\/v2\/media?parent=4130"}],"wp:term":[{"taxonomy":"product_brand","embeddable":true,"href":"https:\/\/karmarando.com\/fr\/wp-json\/wp\/v2\/product_brand?post=4130"},{"taxonomy":"product_cat","embeddable":true,"href":"https:\/\/karmarando.com\/fr\/wp-json\/wp\/v2\/product_cat?post=4130"},{"taxonomy":"product_tag","embeddable":true,"href":"https:\/\/karmarando.com\/fr\/wp-json\/wp\/v2\/product_tag?post=4130"}],"curies":[{"name":"wp","href":"https:\/\/api.w.org\/{rel}","templated":true}]}}