{"id":3584,"date":"2021-11-30T14:38:27","date_gmt":"2021-11-30T13:38:27","guid":{"rendered":"https:\/\/www.karmarando.com\/prodotto\/10gr-rape-7-erbe-foglie-sacro-organic-polvere-potente-fantastico-authentic\/"},"modified":"2025-12-04T13:53:27","modified_gmt":"2025-12-04T12:53:27","slug":"rape-7-erbe-foglie","status":"publish","type":"product","link":"https:\/\/karmarando.com\/fr\/cat-rape\/rape-brasiliano\/rape-aromatico\/rape-7-erbe-foglie\/","title":{"rendered":"Rap\u00e9 7 Herbes\/ Feuilles \u2013 Fort Stimulant Immunitaire"},"content":{"rendered":"<div class=\"tabbed-content\">\n\t\t\t\n\t\t\t<ul class=\"nav nav-pills nav-uppercase nav-size-small nav-center\" role=\"tablist\"><li id=\"tab-descrizione\" class=\"tab active has-icon\" role=\"presentation\"><a href=\"#tab_descrizione\" role=\"tab\" aria-selected=\"true\" aria-controls=\"tab_descrizione\"><span>Description<\/span><\/a><\/li>\n<li id=\"tab-composizione\" class=\"tab has-icon\" role=\"presentation\"><a href=\"#tab_composizione\" tabindex=\"-1\" role=\"tab\" aria-selected=\"false\" aria-controls=\"tab_composizione\"><span>Composition<\/span><\/a><\/li>\n<li id=\"tab-propriet\u00e0\" class=\"tab has-icon\" role=\"presentation\"><a href=\"#tab_propriet\u00e0\" tabindex=\"-1\" role=\"tab\" aria-selected=\"false\" aria-controls=\"tab_propriet\u00e0\"><span>Propri\u00e9t\u00e9<\/span><\/a><\/li>\n<li id=\"tab-come-si-f\u00e0-?\" class=\"tab has-icon\" role=\"presentation\"><a href=\"#tab_come-si-f\u00e0-?\" tabindex=\"-1\" role=\"tab\" aria-selected=\"false\" aria-controls=\"tab_come-si-f\u00e0-?\"><span>Qu&#039;il obtient ?<\/span><\/a><\/li>\n<li id=\"tab-dosaggio\" class=\"tab has-icon\" role=\"presentation\"><a href=\"#tab_dosaggio\" tabindex=\"-1\" role=\"tab\" aria-selected=\"false\" aria-controls=\"tab_dosaggio\"><span>Posologie<\/span><\/a><\/li>\n<li id=\"tab-come-viene-fatto-il-rap\u00e9\" class=\"tab has-icon\" role=\"presentation\"><a href=\"#tab_come-viene-fatto-il-rap\u00e9\" tabindex=\"-1\" role=\"tab\" aria-selected=\"false\" aria-controls=\"tab_come-viene-fatto-il-rap\u00e9\"><span>Comment Est Rap\u00e9<\/span><\/a><\/li>\n<li id=\"tab-cos'\u00e8-il-rap\u00e9\" class=\"tab has-icon\" role=\"presentation\"><a href=\"#tab_cos'\u00e8-il-rap\u00e9\" tabindex=\"-1\" role=\"tab\" aria-selected=\"false\" aria-controls=\"tab_cos'\u00e8-il-rap\u00e9\"><span>Ce qui est Rap\u00e9<\/span><\/a><\/li>\n<li id=\"tab-storia\" class=\"tab has-icon\" role=\"presentation\"><a href=\"#tab_storia\" tabindex=\"-1\" role=\"tab\" aria-selected=\"false\" aria-controls=\"tab_storia\"><span>L&#039;histoire<\/span><\/a><\/li>\n<li id=\"tab-disclaimer\" class=\"tab has-icon\" role=\"presentation\"><a href=\"#tab_disclaimer\" tabindex=\"-1\" role=\"tab\" aria-selected=\"false\" aria-controls=\"tab_disclaimer\"><span>AVERTISSEMENT<\/span><\/a><\/li><\/ul><div class=\"tab-panels\"><div id=\"tab_descrizione\" class=\"panel active entry-content\" role=\"tabpanel\" aria-labelledby=\"tab-descrizione\">\n<h3><strong>Rap\u00e9 7 ERBE &#8211; Forte Stimolante Immunitario<\/strong><\/h3>\n<p><strong>Forza Rap\u00e9:<\/strong> Forte Cerimoniale<\/p>\n<p><strong>Chakra: <\/strong>Tutti<\/p>\n<p><strong>Benefici e Trattamento Rap\u00e9 7 Erbe: <\/strong>aiuta a migliorare il sistema immunitario<\/p>\n<\/div>\n<div id=\"tab_composizione\" class=\"panel entry-content\" role=\"tabpanel\" aria-labelledby=\"tab-composizione\">\n<p><strong>Ingr\u00e9dients principaux : Mapacho,des Cendres, des Herbes<\/strong><\/p>\n<h3>Composizione Rap\u00e9 7 Erbe: Lavanda, Rosmarino, Artemisia, Camomilla, Finocchio, Basilico e Salvia + Cenere di Frassino Tsunu e<\/h3>\n<h4>Poudre Puissant Qu&#039;il Lib\u00e8re Le Cerveau de Charges Et De Blocs, de la peur et de la honte, de donner de l&#039;\u00e9nergie, de la pr\u00e9sence, de la concentration et de centrage, de d\u00e9velopper la conscience et ouvrir le c\u0153ur, en int\u00e9grant les id\u00e9es profondes sur les choses \u00e0 faire, d&#039;attirer de l&#039;abondance et de bonheur et d&#039;\u00e9panouissement..Rap\u00e9<\/h4>\n<h4><b>Tous nos Rap\u00e9<\/b> sono realizzati con ceneri della corteccia del tronco dell&#8217;albero da cui prendono i nomi i rap\u00e8 o erbe disidratate in polvere e biologico.<\/h4>\n<p>Tutte le alchimie sono fatte con molto amore, rispetto e fede<\/p>\n<\/div>\n<div id=\"tab_propriet\u00e0\" class=\"panel entry-content\" role=\"tabpanel\" aria-labelledby=\"tab-propriet\u00e0\">\n<p><strong>Sp\u00e9cifications Rap\u00e9<\/strong><\/p>\n<p><b>Des prestations et des soins: <\/b>Purifiant<\/p>\n<h3><b>De Base bien que l&#039;ensemble de Nos Rap\u00e9<\/b><\/h3>\n<li>Il aide \u00e0 lib\u00e9rer l&#039;esprit et d&#039;arr\u00eater le dialogue int\u00e9rieur<\/li>\n<li>Il aide \u00e0 \u00e9liminer le flegme, et les parasites des sinus frontaux para et nasale<\/li>\n<li>Appliqu\u00e9 sur les plaies a la gu\u00e9rison des plaies, et antibiotique<\/li>\n<li>L&#039;asthme<\/li>\n<li>La broncho-pneumonie<\/li>\n<li>Calme<\/li>\n<li>Centrage<\/li>\n<li>Vous permet d&#039;\u00eatre pr\u00e9sent pour \u00eatre en mesure de regarder au-del\u00e0 de leurs propres interpr\u00e9tations<\/li>\n<li>D\u00e9compresse la pression du cr\u00e2ne<\/li>\n<li>Nettoie, trie et aligne les domaines de l&#039;\u00e9nergie, en particulier les chakras du troisi\u00e8me \u0153il \/ t\u00eate: en haut et en bas de ceux par le biais de la colonne vert\u00e9brale<\/li>\n<li>Il est \u00e9galement un puissant analg\u00e9sique pour la douleur dans la t\u00eate et le corps<\/li>\n<li>Il est tr\u00e8s efficace dans le traitement des probl\u00e8mes du syst\u00e8me respiratoire et de l&#039;appareil digestif<\/li>\n<li>Il est tr\u00e8s puissant, m\u00eame dans les traitements du syst\u00e8me digestif<\/li>\n<li>Il est apaisant et antipyr\u00e9tique<\/li>\n<li>C&#039;est un Rem\u00e8de pour la visibilit\u00e9 de l&#039;esprit<\/li>\n<li>Enlever l&#039;exc\u00e8s de mucus accumul\u00e9<\/li>\n<li>\u00c9limine les maux de t\u00eate, de la somnolence et des \u00e9tourdissements<\/li>\n<li>Les soins \u00e9nerg\u00e9tiques directement peurs, les angoisses, et d&#039;autres li\u00e9s \u00e0 l&#039;\u00e9nergie du plexus solaire: si elle provoque des vomissements, c&#039;est parce que la personne est d&#039;\u00e9liminer les dense en \u00e9nergie accumul\u00e9e.<\/li>\n<li>L&#039;\u00c9volution Spirituelle<\/li>\n<li>Favorise le p\u00e9ristaltisme de l&#039;intestin<\/li>\n<li>Beaucoup de gens prennent soin de leur sinusite et rhinite avec cette, rendant \u00e0 l&#039;abri des maladies du syst\u00e8me respiratoire<\/li>\n<li>La paix<\/li>\n<li>Il permet de comprendre ce qu&#039;est la m\u00e9ditation sur un niveau de conscience<\/li>\n<li>Vous permet d&#039;atteindre un \u00e9tat de m\u00e9ditation tr\u00e8s profonde<\/li>\n<li>Il nettoie toutes les salet\u00e9s et la crasse depuis des ann\u00e9es, qui est la cause de probl\u00e8mes tels que la sinusite et la migraine<\/li>\n<li>Nettoyage Des Chakras<\/li>\n<li>L&#039;enracinement<\/li>\n<li>La Relaxation<\/li>\n<li>Les Possibilit\u00e9s De L&#039;\u00c9nergie<\/li>\n<p>M\u00e9decine d&#039;alimentation qui vous permet de vous connecter \u00e0 l&#039;\u00e9nergie de Youshibu (Dieu de la Cr\u00e9ation).<\/p>\n<p>Il travaille \u00e0 la fois la gu\u00e9rison spirituelle et physique.<\/p>\n<p>Ne doit \u00eatre utilis\u00e9 \u00e0 ces fins, de mani\u00e8re appropri\u00e9e, dans un environnement calme et paisible et pr\u00e9par\u00e9.<\/p>\n<\/div>\n<div id=\"tab_come-si-f\u00e0-?\" class=\"panel entry-content\" role=\"tabpanel\" aria-labelledby=\"tab-come-si-f\u00e0-?\">\n<h3><b>Comment Appliquer Rap\u00e9 ?<\/b><\/h3>\n<p>Avec<a href=\"https:\/\/karmarando.com\/fr\/kuripe\/\" target=\"_blank\" rel=\"noopener\"><strong> Kuripe<\/strong><\/a> c&#039;est une fourche V pour le faire par vous-m\u00eame ou avec<a href=\"https:\/\/karmarando.com\/fr\/tepi\/\" target=\"_blank\" rel=\"noopener\"><strong> Tepi<\/strong> <\/a>pour que cela soit fait par quelqu&#039;un qui, tout en restant neutre, peut nous donner plus d&#039;int\u00e9r\u00eat.<\/p>\n<p>Il est tr\u00e8s important que la personne qui est pr\u00eat \u00e0 recevoir l&#039;esprit de la for\u00eat \u00e0 travers le Rap\u00e9.<\/p>\n<p>Vous avez besoin d&#039;avoir un corps propre, dans un environnement propice et en particulier avec l&#039;objectif de consacrer ce saint de la m\u00e9decine.<\/p>\n<p><strong>Appliquer le Rap\u00e8<\/strong>vous pouvez \u00eatre Seul, avec un partenaire:<\/p>\n<p>En utilisant uniquement le Kuripe, avec un partenaire, Utilisez Le Tepi, dans ce cas, qui s&#039;applique \u00e0 la Tepi, il est n\u00e9cessaire d&#039;avoir acquis un certain niveau de pr\u00e9paration, de rester neutre et centr\u00e9, sans projeter leurs humeurs.<\/p>\n<p>Vous devez alors conserver l&#039;affichage et simplement envoyer beaucoup d&#039;amour. Dans tous les cas, il est n\u00e9cessaire de la concentration, une bonne sant\u00e9 un but, une intention, avec de la confiance et de la foi, et une technique de souffle.<\/p>\n<p>Seulement de cette mani\u00e8re, la m\u00e9decine aura le plus d&#039;avantages.<\/p>\n<p><b>Le Rap\u00e9 doit \u00eatre appliqu\u00e9 dans les deux narines. Chaque cavit\u00e9 nasale est un courant d&#039;\u00e9nergie dans le corps:<\/b><b>Mieux de faire toujours la premi\u00e8re \u00e0 travers la narine gauche<\/b><b>La gauche:<\/b> Le canal de la Lune (r\u00e9cepteur \u2013 yin).<\/p>\n<p>Il donne le pouvoir \u00e0 des \u00e9motions \u00e0 l&#039;\u00e9tat pur, lib\u00e9rant une joie profonde, pure de l&#039;amour, de la compassion et de comp\u00e9tences artistiques.<\/p>\n<p>C&#039;est le c\u00f4t\u00e9 f\u00e9minin. Les probl\u00e8mes typiques sont de l&#039;attachement \u00e9motionnel, la d\u00e9pression, faible estime de soi, des sentiments de culpabilit\u00e9 et d&#039;apathie.<\/p>\n<p><b>Le c\u00f4t\u00e9 droit:<\/b> Le canal du Soleil (l&#039;\u00e9metteur \u2013 yang). Il donne le pouvoir de l&#039;esprit rationnel: vous permet d&#039;apprendre et d&#039;acqu\u00e9rir la force n\u00e9cessaire pour surmonter les probl\u00e8mes par l&#039;effort. C&#039;est le c\u00f4t\u00e9 masculin. Les probl\u00e8mes typiques sont le comportement \u00e9go\u00efste ou violente, de l&#039;arrogance et de l&#039;orgueil.Qui ne re\u00e7oit qu&#039;un seul c\u00f4t\u00e9 entre dans un processus qui est encore plus fort que la normale; c&#039;est parce que vous n&#039;avez pas abandonn\u00e9 correctement et a refus\u00e9 la M\u00e9decine, qui est aussi un refus d&#039;eux-m\u00eames, et l&#039;esprit de l&#039;Rap\u00e9.<\/p>\n<p><b>Les types de bouff\u00e9es : <\/b>Il y a beaucoup, \u00e0 partir de la glande pin\u00e9ale ( puff sec et d\u00e9cid\u00e9, mais pour un long temps) ou plus longue, longue.. (vous trouverez les articles dans le blog, utilisez le moteur de recherche)<\/p>\n<p><b>Il est important de chercher \u00e0 boire 2 verres d&#039;eau avant et \u00e0 l&#039;eau pendant au bout de 7 minutes \u00e0 partir de l&#039;application, de fa\u00e7on \u00e0 parvenir \u00e0 le vomir<\/b><\/p>\n<\/div>\n<div id=\"tab_dosaggio\" class=\"panel entry-content\" role=\"tabpanel\" aria-labelledby=\"tab-dosaggio\">\n<p><strong>Le montant exact<\/strong> vous commencez avec un peu de ce qui doit \u00eatre gros comme un petit pois, mais il aura tendance \u00e0 augmenter, atteignant la taille d&#039;une noisette bombard\u00e9, mais n&#039;excluent pas pour les anciens combattants qui est plus. C&#039;est selon les diff\u00e9rences entre le poids du corps, la tol\u00e9rance, le m\u00e9tabolisme, et de la sensibilit\u00e9 personnelle.<\/p>\n<li>Il est important d&#039;\u00e9couter les Icaros avec un casque \u00e0 atteindre l&#039;\u00e9tat de m\u00e9ditation, sans pens\u00e9e et de la gu\u00e9rison.<\/li>\n<li>La personne qui assume Rap\u00e9 pour la premi\u00e8re fois doit \u00eatre conscient de ce qu&#039;il est et ce qu&#039;elle fait, de le prendre avec le respect et la responsabilit\u00e9, qui est un saint de la m\u00e9decine est tr\u00e8s puissant, et la n\u00e9cessit\u00e9 de respecter<\/li>\n<p><strong>Psychologiquement soins de la peur.<\/strong><\/p>\n<p>Une application peut amener le sujet \u00e0 l&#039;\u00e9preuve sa propre ombre, et d&#039;avoir acc\u00e8s \u00e0 leurs phobies les plus obscures, de sorte qu&#039;ils peuvent \u00eatre consult\u00e9s et r\u00e9solu. D&#039;innombrables exp\u00e9riences de d\u00e9montrer son efficacit\u00e9 dans le traitement des d\u00e9pressions, de peurs, d&#039;obsession, de l&#039;insomnie et de l&#039;anxi\u00e9t\u00e9.<\/p>\n<p>Beaucoup de gens ont abandonn\u00e9 la cigarette apr\u00e8s l&#039;utilisation initiale de l&#039;Rap\u00e9.<\/p>\n<\/div>\n<div id=\"tab_come-viene-fatto-il-rap\u00e9\" class=\"panel entry-content\" role=\"tabpanel\" aria-labelledby=\"tab-come-viene-fatto-il-rap\u00e9\">\n<li>Notre <strong>Rap\u00e9<\/strong> sont produites en utilisant une combinaison de la terre et les cendres des arbres sacr\u00e9s avec des propri\u00e9t\u00e9s m\u00e9dicinales.<\/li>\n<li>Notre Rap\u00e9 100% naturels et ne contiennent pas de pesticides et de produits chimiques .<\/li>\n<li>Les propri\u00e9t\u00e9s m\u00e9dicinales sont utiles pour traiter les troubles physiques et mentaux<\/li>\n<li>Notre rap\u00e9 sont fabriqu\u00e9s avec le plus grand respect, de d\u00e9vouement, d&#039;amour et de foi.<\/li>\n<p><strong>Passer par un processus de<\/strong> tamisage de devenir extra fin jusqu&#039;\u00e0 la pointe de la poudre, le rendant plus facile d&#039;obtenir le Rap\u00e9 diffusion et l&#039;expansion de la mani\u00e8re la plus efficace.<\/p>\n<p>Apr\u00e8s ce processus, est mis sous tension avec des pierres et des cristaux et une pyramide, en plus d&#039;une p\u00e9riode de sous les lumi\u00e8res (th\u00e9rapie par les couleurs).La partie de la connexion spirituelle est assez intense, car le Rap\u00e9, en passant par nos pri\u00e8res au sacr\u00e9 (l&#039;intention) pendant plusieurs jours \u00e0 la fois, de cr\u00e9er avec l&#039;objectif de s&#039;identifier avec l&#039;esprit de la plante, et \u00e0 l&#039;\u00e9coute des besoins du corps, d\u00e9clenchant ainsi le processus de gu\u00e9rison et de centrage de la constante.<\/p>\n<p>Notre rap\u00e9 aider \u00e0 augmenter la force de le centrage et le courant \u00e9lectrique, magn\u00e9tique appartenant \u00e0 la complexit\u00e9 du syst\u00e8me de kundalini\/ADN et de purification spirituelle.<\/p>\n<\/div>\n<div id=\"tab_cos'\u00e8-il-rap\u00e9\" class=\"panel entry-content\" role=\"tabpanel\" aria-labelledby=\"tab-cos'\u00e8-il-rap\u00e9\">\n<p>C&#039;est un outil de sainte m\u00e9decine de la source, l&#039;astral et le ancestraux, gard\u00e9 avec amour et transmis par nos anc\u00eatres, nos grands-parents de la jungle ont utilis\u00e9 et ont b\u00e9n\u00e9fici\u00e9 de cet outil\/de la m\u00e9decine depuis le d\u00e9but des temps, et aujourd&#039;hui nous arrivons \u00e0 la m\u00e9moire de l&#039;original et renouvel\u00e9 pour ce merveilleux cadeau.<\/p>\n<p>L&#039; <strong>Rap\u00e9<\/strong>, peut \u00eatre pr\u00e9par\u00e9 avec un ou plusieurs m\u00e9dicaments \u00e0 base de plantes et aussi des min\u00e9raux, tandis que la pr\u00e9sence d&#039;contribue \u00e0 faire de l&#039;ordre, de l&#039;int\u00e9grer et \u00e9quilibrer notre \u00e9nergie et de nettoyer la glande pin\u00e9ale, \u00e0 diriger avec un but pr\u00e9cis.<\/p>\n<p>Dans le m\u00eame temps, l&#039;<strong> Rap\u00e9<\/strong> ouvre la porte de l&#039;esprit et de l&#039;univers, en aidant \u00e0 \u00e9veiller la puret\u00e9 qui est en nous.<\/p>\n<p>L&#039; <strong>Rap\u00e9<\/strong> est la m\u00e9decine dans l&#039;air. D&#039;un seul coup, nous recevons la b\u00e9n\u00e9diction du Souffle du Vent, source universelle d&#039;\u00e9nergie, qui claire de notre perception, elle efface l&#039;esprit et ouvre les canaux des plus \u00e9lev\u00e9s de l&#039;\u00e9nergie, pour se connecter avec la partie la plus \u00e9lev\u00e9e de notre \u00eatre.<\/p>\n<p>Rap\u00e9 est aussi un m\u00e9dicament pour la vision de l&#039;esprit, qui nous aide \u00e0 lib\u00e9rer l&#039;esprit et d&#039;arr\u00eater le dialogue interne, pour \u00eatre vraiment pr\u00e9sent pour \u00eatre en mesure de voir au-del\u00e0 de nos propres interpr\u00e9tations.<\/p>\n<\/div>\n<div id=\"tab_storia\" class=\"panel entry-content\" role=\"tabpanel\" aria-labelledby=\"tab-storia\">\n<p><b>L&#039;histoire du peuple<\/b> <b>Yawanaw\u00e1, le producteur d&#039;autres rap\u00e8 en plus de la Tsunu<\/b><b><i>Depuis des temps imm\u00e9moriaux<\/i><\/b><i>le Yawanaw\u00e1 traiter la source de la rivi\u00e8re de la cour greg\u00f3rio, un affluent de la rivi\u00e8re Juru\u00e1, dans la municipalit\u00e9 de Tarauac\u00e1, dans l&#039;etat d&#039;Acre, dans l&#039;ouest de l&#039;Amazonie. Venir de la branche de la linguistique Pano.<\/i><\/p>\n<p><b><i>Sa population aujourd&#039;hui<\/i><\/b><i> est d&#039;environ 1000 personnes vivant dans sept villages. Ils \u00e9taient tr\u00e8s nombreux dans le pass\u00e9. Cependant, beaucoup ont \u00e9t\u00e9 d\u00e9cim\u00e9s par les impacts apport\u00e9s par la colonisation.<\/i><\/p>\n<p><b>Depuis 1984<\/b>, <i>apr\u00e8s des ann\u00e9es d&#039;esclavage, et de nombreuses batailles, a retrouv\u00e9 une partie de leur territoire, et \u00e0 la d\u00e9limitation de la terre, avec le soutien de la National Indien de la Fondation \u2013 la FUNAI. C&#039;est \u00e0 partir de l\u00e0 que recouvr\u00e9 leurs droits des Personnes, \u00e0 repousser les missionnaires de leurs terres, et par le d\u00e9marrage de la reprise de leur culture, de leur langue, qui est conserv\u00e9 dans la m\u00e9moire de leurs parents \u00e2g\u00e9s.<\/i><\/p>\n<p><b><i>Contrairement \u00e0 l&#039;interdiction ant\u00e9rieure, les femmes qui aujourd&#039;hui s&#039;attendre \u00e0 de l&#039;honneur et de la t\u00e2che de la pr\u00e9paration de ce superbe rap\u00e8<\/i><\/b><b><i>Le Yawanaw\u00e1<\/i><\/b><i> ( yawa \/blanc-p\u00e9caris \u00e0 l\u00e8vres de l&#039;l\u00e8vres blanches; Nawa \/le peuple), sont un groupe qui appartient \u00e0 la famille linguistique Pano, qui occupe aujourd&#039;hui les Indig\u00e8nes de la terre sur la rivi\u00e8re st. gr\u00e9goire Le nom de &#034;Yawanaw\u00e1&#034; appara\u00eet dans les sources historiques \u00e9crites de diverses mani\u00e8res: Yawavo ou Yauavo, Jawanaua, Yawanaua ou Iawanawa. <\/i><\/p>\n<p><i>La forme \u2018Yawanaw\u00e1 est utilis\u00e9 ici suit l&#039;orthographe utilis\u00e9e dans les manuels scolaires et dans les autres documents de la paternit\u00e9 autochtones.<\/i><\/p>\n<p><b>La communaut\u00e9 Yawanaw\u00e1 <\/b>c&#039;est en fait une conjonction de personnes qui comprend les membres des autres groupes: Shaw\u00e3dawa (Arara) , Iskunawa (aujourd&#039;hui connu sous le Shan\u00eanawa, qui vit dans un village pr\u00e8s de la ville de Feij\u00f3), Rununawa, Sainawa (g\u00e9n\u00e9ralement connu sous le nom Yaminaw\u00e1 , vivant dans la r\u00e9gion de la rivi\u00e8re de Bag\u00e9), et Katukina<\/p>\n<p><b>Cette configuration est le r\u00e9sultat d&#039;une dynamique sociologique commun \u00e0 de nombreux groupes Pano<\/b><\/p>\n<p>Des Alliances par le mariage, la capture des femmes pendant la guerre, la migration des familles, et une s\u00e9rie de contingences historiques, en particulier, les changements provoqu\u00e9s par l&#039;arriv\u00e9e des non - Indiens, y compris les \u00e9pid\u00e9mies, et des modifications dans le d\u00e9mographique.<\/p>\n<p>Ces processus conduit \u00e0 l&#039;int\u00e9gration de personnes d&#039;autres gens dans le pass\u00e9 ont maintenu des relations avec le Yawanaw\u00e1.<\/p>\n<p>Parmi les Yaminawa de la terre indig\u00e8ne de la source de la rivi\u00e8re Acre, il y a un sous-groupe qui porte aussi le nom de Yawanaw\u00e1. Cependant, la Yawanaw\u00e1 sur la rivi\u00e8re de la cour greg\u00f3rio ne sont pas conscients de cette autre groupe du m\u00eame nom.<\/p>\n<\/div>\n<div id=\"tab_disclaimer\" class=\"panel entry-content\" role=\"tabpanel\" aria-labelledby=\"tab-disclaimer\">\n<p><strong><span style=\"color: #d83131;\">LA PHOTO DANS LA DESCRIPTION EST PUREMENT INDICATIVE<\/span><\/strong><\/p>\n<p><strong><span style=\"color: #d83131;\">LES PRODUITS SONT GARANTIS \u00c0 PARTIR DE KARMARANDO<\/span><\/strong><br \/>\n<strong><span style=\"color: #d83131;\">Pour les produits, des PLANTES, de l&#039;ENCENS ET poudres PR\u00c9PAR\u00c9ES pour le MOMENT pas possible de faire un REMBOURSEMENT ou un \u00e9change<\/span><\/strong><\/p>\n<p>L&#039; <strong>les termes utilis\u00e9s<\/strong> dans les cat\u00e9gories et les tags ne veux pas sugg\u00e9rer \u00e0 l&#039;usage m\u00e9dicinal et de produits r\u00e9cr\u00e9atifs, juste de les trier en fonction de leur utilisation de l&#039;historique, scientifique et social.<\/p>\n<p><strong>Les recettes sont fournies \u00e0 titre de scientifique<\/strong>ils ne veulent pas encourager les clients \u00e0 les r\u00e9p\u00e9ter, ni de consommer les produits.<\/p>\n<p><strong>Notre contenu<\/strong> n&#039;ont pas \u00e9t\u00e9 \u00e9valu\u00e9es par la FDA ou par une figure de la profession m\u00e9dicale: les applications possibles, les indications, la posologie et les avertissements sont d\u00e9crites pour des fins \u00e9ducatives seulement, les sp\u00e9culations et les personnels, et ne constituent pas des conseils m\u00e9dicaux.<\/p>\n<p><strong>Les produits sont vendus<\/strong> comme l&#039;encens, Savons, de R\u00e9sines et de collection botanique, et le mat\u00e9riel de recherche scientifique.<\/p>\n<p><span style=\"color: #ed1c24; font-size: 115%;\"><strong>Ils ne sont pas destin\u00e9s \u00e0 la consommation humaine.<br \/>\nPour \u00eatre en mesure d&#039;acheter nos produits, vous devez avoir plus de 18 ans et ne sont pas adapt\u00e9s pour les femmes qui sont enceintes et\/ou qui allaitent.<\/strong><\/span><\/p>\n<p>Pour obtenir plus d&#039;informations sur <strong>KARMARANDO<\/strong> visite <a href=\"https:\/\/www.instagram.com\/karmarando1\/\" target=\"_blank\" rel=\"noopener\"><br \/>\n<span style=\"color: #0000ff;\"><strong>cette page<\/strong><\/span><\/a> ou lire les derni\u00e8res nouvelles sur <a href=\"https:\/\/karmarando.com\/fr\/blog\/\" target=\"_blank\" rel=\"nofollow noopener\"><strong><span style=\"color: #0000ff;\">BLOG<\/span><\/strong><\/a><\/p>\n<\/div><\/div><\/div>","protected":false},"excerpt":{"rendered":"<p>Rap\u00e9 7 Herbes\/ Feuilles \u2013 Fort Stimulant Immunitaire<\/p>","protected":false},"featured_media":5710,"comment_status":"open","ping_status":"closed","template":"","meta":[],"product_brand":[468],"product_cat":[186,1123,187,185],"product_tag":[1022],"class_list":{"0":"post-3584","1":"product","2":"type-product","3":"status-publish","4":"has-post-thumbnail","6":"product_brand-karmarando","7":"product_cat-cat-rape","8":"product_cat-rape-aromatico","9":"product_cat-rape-brasiliano","10":"product_cat-rapee-e-co","11":"product_tag-rape-7-erbe-foglie","12":"pa_brand-karmarando","13":"pa_ean-1274","14":"pa_fragranza-ceneri","15":"pa_fragranza-erbe","16":"pa_fragranza-mapacho","17":"pa_ingredienti-ceneri","18":"pa_ingredienti-erbe","19":"pa_ingredienti-mapacho","20":"pa_momento-di-assunzione-mattina-a-digiuno","21":"pa_momento-di-assunzione-sera-lontano-dai-pasti","22":"pa_paese-di-fabbricazione-brasile","23":"pa_principi-attivi-geissospermina","24":"pa_principi-attivi-harman","25":"pa_principi-attivi-norharman","26":"pa_somministrazione-nasale","27":"pa_tipo-polvere","28":"pa_unita-di-misura-10-g","29":"pa_unita-di-misura-20-g","30":"pa_unita-di-misura-50-g","31":"pa_uso-principale-aiuta-a-liberare-la-mente-e-interrompere-il-dialogo-interiore","32":"pa_uso-principale-aiuta-ad-eliminare-il-catarro-e-i-parassiti-dei-seni-frontali-paranasali-e-nasali","33":"pa_uso-principale-e-anche-un-potente-analgesico-per-dolori-alla-testa-e-al-corpo","34":"pa_uso-principale-asma","35":"pa_uso-principale-blocchi-energetici","36":"pa_uso-principale-broncopolmonite","37":"pa_uso-principale-calma","38":"pa_uso-principale-centratura","39":"pa_uso-principale-consente-di-essere-presente-per-riuscire-a-guardare-oltre-le-proprie-interpretazioni","40":"pa_uso-principale-energeticamente-cura-in-modo-diretto-paure-ansie-e-altre-energie-connesse-al-plesso-solare-se-causa-vomito-e-perche-la-persona-sta-eliminando-le-energie-dense-accumulate","41":"pa_uso-principale-decomprime-la-pressione-del-cranio","42":"pa_uso-principale-depura-ordina-e-allinea-i-campi-energetici-specialmente-i-chakra-del-terzo-occhio-e-della-testa-sale-e-scende-da-quelli-attraverso-la-colonna-vertebrale","43":"pa_uso-principale-elimina-leccesso-di-flemma-accumulato","44":"pa_uso-principale-elimina-mal-di-testa-sonnolenza-e-stordimento","45":"pa_uso-principale-evoluzione-spirituale","46":"pa_uso-principale-favorisce-il-movimento-peristaltico-intestinale","47":"pa_uso-principale-applicato-sulle-ferite-ha-funzioni-cicatrizzanti-e-antibiotiche","48":"pa_uso-principale-pace","49":"pa_uso-principale-permette-di-capire-che-cose-la-meditazione-a-livello-cosciente","50":"pa_uso-principale-permette-di-raggiungere-uno-stato-di-meditazione-molto-profondo","51":"pa_uso-principale-e-molto-efficace-anche-nel-trattamento-di-problemi-al-sistema-respiratorio-e-digestivo","52":"pa_uso-principale-procastinaggio","53":"pa_uso-principale-procastinamenrto","54":"pa_uso-principale-pulisce-tutta-la-sporcizia-accumulata-da-anni-che-e-causa-di-problemi-come-sinusite-ed-emicrania","55":"pa_uso-principale-pulizia-chakra","56":"pa_uso-principale-radicamento","57":"pa_uso-principale-rilassamento","58":"pa_uso-principale-e-rilassante-e-antipiretico","59":"pa_uso-principale-sbocchi-energetici","60":"pa_uso-principale-molte-persone-curano-la-loro-sinusiti-e-rinite-con-questa-rende-immuni-anche-dalle-malattie-dellapparato-respiratorio","61":"pa_uso-principale-toglie-i-parassiti-e-pulisce-gli-intestini","62":"pa_uso-principale-unione-del-tutto-in-uno","63":"pa_uso-principale-e-rimedio-per-la-visibilita-dello-spirito","64":"pa_uso-principale-visione-animica","66":"first","67":"instock","68":"featured","69":"shipping-taxable","70":"purchasable","71":"product-type-variable"},"_links":{"self":[{"href":"https:\/\/karmarando.com\/fr\/wp-json\/wp\/v2\/product\/3584","targetHints":{"allow":["GET"]}}],"collection":[{"href":"https:\/\/karmarando.com\/fr\/wp-json\/wp\/v2\/product"}],"about":[{"href":"https:\/\/karmarando.com\/fr\/wp-json\/wp\/v2\/types\/product"}],"replies":[{"embeddable":true,"href":"https:\/\/karmarando.com\/fr\/wp-json\/wp\/v2\/comments?post=3584"}],"wp:featuredmedia":[{"embeddable":true,"href":"https:\/\/karmarando.com\/fr\/wp-json\/wp\/v2\/media\/5710"}],"wp:attachment":[{"href":"https:\/\/karmarando.com\/fr\/wp-json\/wp\/v2\/media?parent=3584"}],"wp:term":[{"taxonomy":"product_brand","embeddable":true,"href":"https:\/\/karmarando.com\/fr\/wp-json\/wp\/v2\/product_brand?post=3584"},{"taxonomy":"product_cat","embeddable":true,"href":"https:\/\/karmarando.com\/fr\/wp-json\/wp\/v2\/product_cat?post=3584"},{"taxonomy":"product_tag","embeddable":true,"href":"https:\/\/karmarando.com\/fr\/wp-json\/wp\/v2\/product_tag?post=3584"}],"curies":[{"name":"wp","href":"https:\/\/api.w.org\/{rel}","templated":true}]}}