{"id":3545,"date":"2021-03-06T03:55:14","date_gmt":"2021-03-06T02:55:14","guid":{"rendered":"https:\/\/www.karmarando.com\/prodotto\/50gr-mambe-pronto-alivio-organico-naturale-foglie-in-polvere-sali-minerali\/"},"modified":"2025-12-14T15:33:55","modified_gmt":"2025-12-14T14:33:55","slug":"mambe-ypadu-pronto-alivio","status":"publish","type":"product","link":"https:\/\/karmarando.com\/fr\/piante-di-potere\/ambil-e-mambe\/mambe-ypadu-pronto-alivio\/","title":{"rendered":"Mambe Ypadu Pr\u00eat Alivio 100% Bio \u2013 Style P\u00e9ruvien"},"content":{"rendered":"<div class=\"tabbed-content\">\n\t\t\t\n\t\t\t<ul class=\"nav nav-pills nav-uppercase nav-size-small nav-center\" role=\"tablist\"><li id=\"tab-descrizione\" class=\"tab active has-icon\" role=\"presentation\"><a href=\"#tab_descrizione\" role=\"tab\" aria-selected=\"true\" aria-controls=\"tab_descrizione\"><span>Description<\/span><\/a><\/li>\n<li id=\"tab-propriet\u00e0\" class=\"tab has-icon\" role=\"presentation\"><a href=\"#tab_propriet\u00e0\" tabindex=\"-1\" role=\"tab\" aria-selected=\"false\" aria-controls=\"tab_propriet\u00e0\"><span>Propri\u00e9t\u00e9<\/span><\/a><\/li>\n<li id=\"tab-come-si-f\u00e0?\" class=\"tab has-icon\" role=\"presentation\"><a href=\"#tab_come-si-f\u00e0?\" tabindex=\"-1\" role=\"tab\" aria-selected=\"false\" aria-controls=\"tab_come-si-f\u00e0?\"><span>Qu&#039;il obtient?<\/span><\/a><\/li>\n<li id=\"tab-disclaimer\" class=\"tab has-icon\" role=\"presentation\"><a href=\"#tab_disclaimer\" tabindex=\"-1\" role=\"tab\" aria-selected=\"false\" aria-controls=\"tab_disclaimer\"><span>AVERTISSEMENT<\/span><\/a><\/li><\/ul><div class=\"tab-panels\"><div id=\"tab_descrizione\" class=\"panel active entry-content\" role=\"tabpanel\" aria-labelledby=\"tab-descrizione\">\n<h3><strong>MAMBE OU YPADU Poudre de Style P\u00e9ruvien<br \/>\n<\/strong><\/h3>\n<p>Le style P\u00e9ruvien dure plus dans la bouche, et le fond plus lentement, et un peu plus de lumi\u00e8re de la deuxi\u00e8me colombien, mais il est plus persistant<\/p>\n<p><strong>MAMB\u00c9 OU YPADU\u2019 Ypadu<\/strong> c&#039;est une poudre obtenue \u00e0 partir de la torr\u00e9faction et de la torr\u00e9faction lente des feuilles sont fra\u00eechement r\u00e9colt\u00e9s, broy\u00e9 puis m\u00e9lang\u00e9 les cendres des feuilles de l&#039;arbre, Cecropia Peltata, ou (Cecropiatra d&#039;autres vari\u00e9t\u00e9s) en tant qu&#039;additif \u00e0 alcalin.<\/p>\n<p><strong>Mamb\u00e8 Pr\u00eat<\/strong> <strong>Alivio Bio Naturel<\/strong> 100%, avec sa caract\u00e9ristique ar\u00f4me de fum\u00e9e, est riche en Alcalo\u00efdes, en plus des substances actives et des sels Min\u00e9raux et des Vitamines, mais surtout avec des propri\u00e9t\u00e9s magiques, et sacr\u00e9 de c\u00e9r\u00e9monie. <strong>Vous arrivez \u00e0 distinguer de th\u00e9, pour son go\u00fbt fum\u00e9<\/strong>. Le th\u00e9 des co\u00fbts de moins en moins, par rapport \u00e0 la mambe qui est travaill\u00e9 alchimiquement \u00e0 exp\u00e9rimenter avec les plus sp\u00e9cifiques (Continuer la lecture)<\/p>\n<p><strong>MAMB\u00c9 PR\u00caT ALIVIO <\/strong>Rem\u00e8de merveilleux chamanique vient de la jungle amazonienne en colombie, o\u00f9 les chamanes de les pr\u00e9parer avec soin et amour. Nous sommes heureux de partager avec vous les bienfaits de ce rem\u00e8de miraculeux, qui apporte avec elle la sagesse mill\u00e9naires de personnes qui le pr\u00e9pare avec le m\u00eame soin et les m\u00eames gestes, comme toujours. LE Mambe est un rem\u00e8de tr\u00e8s populaire dans la for\u00eat d&#039;amazonie, riche en vitamines et en min\u00e9raux, et ses propri\u00e9t\u00e9s analg\u00e9siques et de la douleur, vous permettent de lui donner le nom de: Pronto Alivio (soulagement imm\u00e9diat).<\/p>\n<p>Il est \u00e9galement un excellent compagnon des cycles menstruels, dans lequel, g\u00e9n\u00e9ralement, les femmes ressentent de la douleur, et dans de nombreux cas au s\u00e9rieux insupportable. Dans ces situations, il n&#039;y a rien de mieux que de l&#039;\u00e9quilibre de notre corps avec un rem\u00e8de qui est naturel et efficace.Ses propri\u00e9t\u00e9s peuvent apporter beaucoup d&#039;avantages dans d&#039;autres zones du corps, et pas seulement que, depuis le temps que l&#039;utilisation du corps d&#039;un r\u00e9sultat est renforc\u00e9e, la promotion de la force et de l&#039;\u00e9nergie. Le fait d&#039;\u00eatre totalement feuilles au sol, comme la plante femelle se connecte depuis le ventre de notre c\u00f4t\u00e9 f\u00e9minin, \u00e9nergie, alimentation nous fournit avec une fluidit\u00e9 et une concentration verbale.<\/p>\n<h3>Utiliser lorsque vous avez besoin de partager des exp\u00e9riences ou de la compr\u00e9hension, de la Fatigue ou de la Douleur, Stimule et illumine les \u00e9nergies, y compris ceux du corps.<\/h3>\n<p><strong>Les C*** (avant C*** est pr\u00e9par\u00e9 de la mani\u00e8re suivante:<\/strong><sup id=\"cite_ref-13\" class=\"reference separada\"><\/sup><\/p>\n<ul>\n<li><strong>Torr\u00e9faction :<\/strong> les feuilles matures sont grill\u00e9es\/R\u00f4ti, traditionnellement dans un pot en argile<\/li>\n<li><strong>Couper\/Pestatura<\/strong>les feuilles, les R\u00f4tis sont pil\u00e9es dans un Mortier<\/li>\n<li><strong>Pr\u00e9paration des cendres :<\/strong> Ils br\u00fblent lentement les feuilles yarumo et Cecropia en Colombie, au P\u00e9rou, cet arbre est connu comme cetico et au Br\u00e9sil comme emba\u00faba ) ou de tiges de quinoa .<\/li>\n<li><strong>M\u00e9lange :<\/strong> Les feuilles sont m\u00e9lang\u00e9es jusqu&#039;\u00e0 10% de cendres.<\/li>\n<li><strong>Battage ou de Tamisage :<\/strong> sont tamiser plusieurs fois jusqu&#039;\u00e0 obtenir une poudre fine qui se dissout facilement dans la bouche.<\/li>\n<\/ul>\n<p>Pour utiliser le C*** (galaxy tab, vert, poudre de C*** (galaxy tab est plac\u00e9 dans la joue, le m\u00e9lange avec la salive et les va et rompt avec son go\u00fbt fum\u00e9. <sup id=\"cite_ref-16\" class=\"reference separada\"><\/sup><\/p>\n<p><strong> La photo est repr\u00e9sentative, et la couleur de la mambe, qui peut varier avec chaque nouvelle disposition, mais il sera tr\u00e8s \u00e9vident toujours de la meilleure qualit\u00e9 de le m\u00eame. <\/strong><\/p>\n<p><strong> La finesse de la mambe est la meilleure solution pour conserver ses qualit\u00e9s organoleptiques, ceux qui veulent un produit plus fin peut faire une demande sp\u00e9cifique. <\/strong><\/p>\n<\/div>\n<div id=\"tab_propriet\u00e0\" class=\"panel entry-content\" role=\"tabpanel\" aria-labelledby=\"tab-propriet\u00e0\">\n<h3><strong>SES PROPRI\u00c9T\u00c9S:<\/strong><\/h3>\n<ul>\n<li>Rem\u00e8de et le Soulagement de maux et de douleurs dans les articulations et\/ou des muscles.<\/li>\n<li>L&#039;augmentation de la r\u00e9sistance de fa\u00e7on visible<\/li>\n<li>Corrige les probl\u00e8mes de malnutrition et\/ou de l&#039;assimilation et des carences<\/li>\n<li>Renforce et r\u00e9g\u00e9n\u00e8re les os et d&#039;autres parties osseuses du corps dans un temps relativement court.<\/li>\n<li>Nettoie les voies urinaires<\/li>\n<li>Am\u00e9liore le moral et la volont\u00e9 de vivre<\/li>\n<li>Am\u00e9liore la digestion en g\u00e9n\u00e9ral.<\/li>\n<li>La r\u00e8gle de triglyc\u00e9rides et de cholest\u00e9rol.<\/li>\n<li>Donne beaucoup d&#039;\u00c9nergie de la charge<\/li>\n<\/ul>\n<\/div>\n<div id=\"tab_come-si-f\u00e0?\" class=\"panel entry-content\" role=\"tabpanel\" aria-labelledby=\"tab-come-si-f\u00e0?\">\n<h3><strong>COMMENT ET AVEC QUELLE QUANTIT\u00c9 CONSOMM\u00c9E:<\/strong><\/h3>\n<p>L&#039; <strong>Mambe<\/strong> consomm\u00e9 en versant une ou deux cuill\u00e8res \u00e0 soupe dans la gomme \u00e0 gauche (voir la vid\u00e9o) en inclinant la t\u00eate en arri\u00e8re et en prenant la m\u00e2choire pour la garder ouverte et de la tenir ferme avec de la salive pour former une boule et le d\u00e9but d&#039;un processus de saliver pour obtenir un caoutchouteuse p\u00e2tes qui vont le rendre apte \u00e0 lib\u00e9rer des substances tr\u00e8s facilement les propri\u00e9t\u00e9s b\u00e9n\u00e9fiques contenues dans le mambe;il est tr\u00e8s poussi\u00e9reux et puis mettez-les dans de la gomme, vous devez fermer la bouche par la tenue de la gomme doucement, et l&#039;impr\u00e9gnation de la salive bolus.. et Tenrlo sur le c\u00f4t\u00e9 jusqu&#039;\u00e0 entendre le son caract\u00e9ristique de l&#039;Effet ( parfois il faut juste 5 min parfois la lib\u00e9ration est plus lent et il faut environ 10 min) de continuer jusqu&#039;\u00e0 ce que la balle est cr\u00e9\u00e9, il sera possible de m\u00e2cher, avec beaucoup de respect.Il est recommand\u00e9 (mais pas obligatoire) de prendre avec Ambil que vous pouvez trouver dans le magasin. Sa consommation est particuli\u00e8rement social, car il est dit que <strong>Mambe<\/strong> il signifie la parole de vie, <strong>Ambil<\/strong> la pens\u00e9e, o\u00f9 est la puissance de la parole.Avec <strong>Ambil<\/strong> dans les dents de devant \u00e0 l&#039;interne et \u00e0 l&#039; <strong>Mambe<\/strong> dans la gencive, de la gauche est tout am\u00e9lior\u00e9e par rapport \u00e0 celle ambil sera beaucoup plus facile de l&#039;exp\u00e9rience.<\/p>\n<h3><strong>Caract\u00e9ristiques:<\/strong><\/h3>\n<p>Fournit des nutriments tels que le potassium, le fer, le calcium, le phosphore, prot\u00e9ines, vitamines A, B1, B2, C Et e, il est faible en gras, a des niveaux de calcium plus \u00e9lev\u00e9s que ceux du lait de vache, et la m\u00eame proportion de phosphore dans le poisson, mais m\u00eame si elle est consid\u00e9r\u00e9e comme un compl\u00e9ment alimentaire, il est recommand\u00e9 que vous consommez apr\u00e8s manger certains types d&#039;aliments \u00e0 fonctionner comme un syst\u00e8me digestif. Inhibe la somnolence, de la faim, donne de la clart\u00e9 mentale, am\u00e9liore l&#039;activit\u00e9 de l&#039;sensorielle et neuronale, de la concentration et de la communication, augmente l&#039;oxyg\u00e9nation des cellules, a des fonctions m\u00e9taboliques \u00e0 acc\u00e9l\u00e9rer la transmission de composants alimentaires dans le sang, r\u00e9gule la pression sanguine, renforce le syst\u00e8me nerveux et les muscles, \u00e9limine la fatigue et la fatigue, prot\u00e8ge les cellules du vieillissement, fournit une plus grande tol\u00e9rance au froid, est teRap\u00e9utico et de l&#039;\u00e9nergie.<\/p>\n<p>Ne g\u00e9n\u00e8rent pas de d\u00e9pendance. C&#039;est un stimulant, bienveillant, son effet est produit peu de l&#039;insomnie, et la tachycardie associ\u00e9e \u00e0 la consommation de caf\u00e9 ou d&#039;effets toxiques associ\u00e9s avec l&#039;ina. Les indig\u00e8nes d&#039;amazonie l&#039;utilisent pour le travail physique, la communication, les activit\u00e9s, les c\u00e9r\u00e9monies, les m\u00e9dicaments, et les religieux. Pour les femmes, il est important de prendre en compte le contexte dans lequel le C*** est consomm\u00e9e car elle est sacr\u00e9e, et les feuilles sont sacr\u00e9s et b\u00e9n\u00e9fique. Sa consommation est associ\u00e9e \u00e0 un style de vie et une profonde philosophie. En d&#039;autres termes, c&#039;est une pratique culturelle qui est exerc\u00e9 avec une totale libert\u00e9 et d&#039;autonomie.<\/p>\n<h3><strong>Chaque 100g de Mambe le contenu:<\/strong><\/h3>\n<ul>\n<li>Le b\u00eata-carot\u00e8ne de 9.40 mg<\/li>\n<li>L&#039;azote Total 20,06 mg<\/li>\n<li>De bonnes graisses 3,68 mg<\/li>\n<li>Les hydrates de carbone 47,50 mg<\/li>\n<li>Alpha-carot\u00e8ne 2,76 mg<\/li>\n<li>La vitamine C 6,47 mg<\/li>\n<li>De vitamines Et de 40,17 mg<\/li>\n<li>La Thiamine (vitamine B1) 0,73 mg<\/li>\n<li>La riboflavine (vitamine B2) 0,88 mg<\/li>\n<li>La niacine (p facteur.p) 8,37 mg<\/li>\n<li>Football 997,62 mg<\/li>\n<li>Phosphate 412,67 mg<\/li>\n<li>Potassium 1.739,33 mg<\/li>\n<li>Le magn\u00e9sium mg 299,30<\/li>\n<li>Sodium 39,41 mg<\/li>\n<li>L&#039;aluminium 17,39 mg<\/li>\n<li>Baryum 6,18 mg<\/li>\n<li>Fer 136,64 mg<\/li>\n<li>Le Strontium 12,02 mg<\/li>\n<li>Le bore 6,75 mg<\/li>\n<li>Cuivre 1,22 mg<\/li>\n<li>Le Zinc 2,21 mg<\/li>\n<li>Mangan\u00e8se 9,15 mg<\/li>\n<li>Chrome 0,12 mg<\/li>\n<\/ul>\n<\/div>\n<div id=\"tab_disclaimer\" class=\"panel entry-content\" role=\"tabpanel\" aria-labelledby=\"tab-disclaimer\">\n<p><strong><span style=\"color: #d83131;\">LA PHOTO DANS LA DESCRIPTION EST PUREMENT INDICATIVE<\/span><\/strong><\/p>\n<p><strong><span style=\"color: #d83131;\">LES PRODUITS SONT GARANTIS \u00c0 PARTIR DE KARMARANDO<\/span><\/strong><br \/>\n<strong><span style=\"color: #d83131;\">Pour les produits, des PLANTES, de l&#039;ENCENS ET poudres PR\u00c9PAR\u00c9ES pour le MOMENT pas possible de faire un REMBOURSEMENT ou un \u00e9change<\/span><\/strong><\/p>\n<p>L&#039; <strong>les termes utilis\u00e9s<\/strong> dans les cat\u00e9gories et les tags ne veux pas sugg\u00e9rer \u00e0 l&#039;usage m\u00e9dicinal et de produits r\u00e9cr\u00e9atifs, juste de les trier en fonction de leur utilisation de l&#039;historique, scientifique et social.<\/p>\n<p><strong>Les recettes sont fournies \u00e0 titre de scientifique<\/strong>ils ne veulent pas encourager les clients \u00e0 les r\u00e9p\u00e9ter, ni de consommer les produits.<\/p>\n<p><strong>Notre contenu<\/strong> n&#039;ont pas \u00e9t\u00e9 \u00e9valu\u00e9es par la FDA ou par une figure de la profession m\u00e9dicale: les applications possibles, les indications, la posologie et les avertissements sont d\u00e9crites pour des fins \u00e9ducatives seulement, les sp\u00e9culations et les personnels, et ne constituent pas des conseils m\u00e9dicaux.<\/p>\n<p><strong>Les produits sont vendus<\/strong> comme l&#039;encens, Savons, de R\u00e9sines et de collection botanique, et le mat\u00e9riel de recherche scientifique.<\/p>\n<p><span style=\"color: #ed1c24; font-size: 115%;\"><strong>Ils ne sont pas destin\u00e9s \u00e0 la consommation humaine.<br \/>\nPour \u00eatre en mesure d&#039;acheter nos produits, vous devez avoir plus de 18 ans et ne sont pas adapt\u00e9s pour les femmes qui sont enceintes et\/ou qui allaitent.<\/strong><\/span><\/p>\n<p>Pour obtenir plus d&#039;informations sur <strong>KARMARANDO<\/strong> visite <a href=\"https:\/\/www.instagram.com\/karmarando1\/\" target=\"_blank\" rel=\"noopener\"><br \/>\n<span style=\"color: #0000ff;\"><strong>cette page<\/strong><\/span><\/a> ou lire les derni\u00e8res nouvelles sur <a href=\"https:\/\/karmarando.com\/fr\/blog\/\" target=\"_blank\" rel=\"nofollow noopener\"><strong><span style=\"color: #0000ff;\">BLOG<\/span><\/strong><\/a><\/p>\n<\/div><\/div><\/div>","protected":false},"excerpt":{"rendered":"<p>Mambe Ypadu Pr\u00eat Alivio 100% Bio \u2013 Style P\u00e9ruvien<\/p>","protected":false},"featured_media":5054,"comment_status":"open","ping_status":"closed","template":"","meta":[],"product_brand":[468],"product_cat":[185,193],"product_tag":[473],"class_list":{"0":"post-3545","1":"product","2":"type-product","3":"status-publish","4":"has-post-thumbnail","6":"product_brand-karmarando","7":"product_cat-rapee-e-co","8":"product_cat-ambil-e-mambe","9":"product_tag-mambe","10":"pa_brand-karmarando","11":"pa_ean-1278","12":"pa_ingredienti-mambe","13":"pa_paese-di-fabbricazione-colombia","14":"pa_unita-di-misura-100-g","15":"pa_unita-di-misura-1000-g","16":"pa_unita-di-misura-150-g","17":"pa_unita-di-misura-300-g","18":"pa_unita-di-misura-50-g","19":"pa_unita-di-misura-600-g","21":"first","22":"outofstock","23":"sale","24":"featured","25":"shipping-taxable","26":"purchasable","27":"product-type-variable"},"_links":{"self":[{"href":"https:\/\/karmarando.com\/fr\/wp-json\/wp\/v2\/product\/3545","targetHints":{"allow":["GET"]}}],"collection":[{"href":"https:\/\/karmarando.com\/fr\/wp-json\/wp\/v2\/product"}],"about":[{"href":"https:\/\/karmarando.com\/fr\/wp-json\/wp\/v2\/types\/product"}],"replies":[{"embeddable":true,"href":"https:\/\/karmarando.com\/fr\/wp-json\/wp\/v2\/comments?post=3545"}],"wp:featuredmedia":[{"embeddable":true,"href":"https:\/\/karmarando.com\/fr\/wp-json\/wp\/v2\/media\/5054"}],"wp:attachment":[{"href":"https:\/\/karmarando.com\/fr\/wp-json\/wp\/v2\/media?parent=3545"}],"wp:term":[{"taxonomy":"product_brand","embeddable":true,"href":"https:\/\/karmarando.com\/fr\/wp-json\/wp\/v2\/product_brand?post=3545"},{"taxonomy":"product_cat","embeddable":true,"href":"https:\/\/karmarando.com\/fr\/wp-json\/wp\/v2\/product_cat?post=3545"},{"taxonomy":"product_tag","embeddable":true,"href":"https:\/\/karmarando.com\/fr\/wp-json\/wp\/v2\/product_tag?post=3545"}],"curies":[{"name":"wp","href":"https:\/\/api.w.org\/{rel}","templated":true}]}}