{"id":18641,"date":"2026-05-07T14:01:34","date_gmt":"2026-05-07T12:01:34","guid":{"rendered":"https:\/\/karmarando.com\/senza-categoria\/mambe-ypadu-pronto-alivio-organico-100-stile-peruviano\/"},"modified":"2026-05-07T14:01:38","modified_gmt":"2026-05-07T12:01:38","slug":"mambe-ypadu-pronto-alivio-organico-100-stile-peruviano","status":"publish","type":"product","link":"https:\/\/karmarando.com\/fr\/kit-e-promo\/offerte-a-tempo\/mambe-ypadu-pronto-alivio-organico-100-stile-peruviano\/","title":{"rendered":"Mambe Ypadu Pr\u00eat Alivio 100% Bio \u2013 Style P\u00e9ruvien"},"content":{"rendered":"<div class=\"tabbed-content\">\n\t\t\t\n\t\t\t<ul class=\"nav nav-pills nav-uppercase nav-size-small nav-center\" role=\"tablist\"><li id=\"tab-descrizione\" class=\"tab active has-icon\" role=\"presentation\"><a href=\"#tab_descrizione\" role=\"tab\" aria-selected=\"true\" aria-controls=\"tab_descrizione\"><span>Description<\/span><\/a><\/li>\n<li id=\"tab-propriet\u00e0\" class=\"tab has-icon\" role=\"presentation\"><a href=\"#tab_propriet\u00e0\" tabindex=\"-1\" role=\"tab\" aria-selected=\"false\" aria-controls=\"tab_propriet\u00e0\"><span>Propri\u00e9t\u00e9<\/span><\/a><\/li>\n<li id=\"tab-come-si-f\u00e0?\" class=\"tab has-icon\" role=\"presentation\"><a href=\"#tab_come-si-f\u00e0?\" tabindex=\"-1\" role=\"tab\" aria-selected=\"false\" aria-controls=\"tab_come-si-f\u00e0?\"><span>Qu&#039;il obtient?<\/span><\/a><\/li>\n<li id=\"tab-disclaimer\" class=\"tab has-icon\" role=\"presentation\"><a href=\"#tab_disclaimer\" tabindex=\"-1\" role=\"tab\" aria-selected=\"false\" aria-controls=\"tab_disclaimer\"><span>AVERTISSEMENT<\/span><\/a><\/li><\/ul><div class=\"tab-panels\"><div id=\"tab_descrizione\" class=\"panel active entry-content\" role=\"tabpanel\" aria-labelledby=\"tab-descrizione\">\n<h3><strong>MAMBE OU YPADU Poudre de Style P\u00e9ruvien<br \/>\n<\/strong><\/h3>\n<p>Le style P\u00e9ruvien dure plus dans la bouche, et le fond plus lentement, et un peu plus de lumi\u00e8re de la deuxi\u00e8me colombien, mais il est plus persistant<\/p>\n<p><strong>MAMB\u00c9 OU YPADU\u2019 Ypadu<\/strong> c&#039;est une poudre obtenue \u00e0 partir de la torr\u00e9faction et de la torr\u00e9faction lente des feuilles sont fra\u00eechement r\u00e9colt\u00e9s, broy\u00e9 puis m\u00e9lang\u00e9 les cendres des feuilles de l&#039;arbre, Cecropia Peltata, ou (Cecropiatra d&#039;autres vari\u00e9t\u00e9s) en tant qu&#039;additif \u00e0 alcalin.<\/p>\n<p><strong>Mamb\u00e8 Pr\u00eat<\/strong> <strong>Alivio Bio Naturel<\/strong> 100% con il suo caratteristico sapore affumicato, \u00e8 ricco di Alcaloidi oltre a principi attivi e a sali Minerali e Vitamine ma soprattutto con delle propriet\u00e0 magiche e sacre cerimoniali. <strong>Vous arrivez \u00e0 distinguer de th\u00e9, pour son go\u00fbt fum\u00e9<\/strong>. Le th\u00e9 des co\u00fbts de moins en moins, par rapport \u00e0 la mambe qui est travaill\u00e9 alchimiquement \u00e0 exp\u00e9rimenter avec les plus sp\u00e9cifiques (Continuer la lecture)<\/p>\n<p><strong>MAMB\u00c9 PR\u00caT ALIVIO <\/strong>Rem\u00e8de merveilleux chamanique vient de la jungle amazonienne en colombie, o\u00f9 les chamanes de les pr\u00e9parer avec soin et amour. Nous sommes heureux de partager avec vous les bienfaits de ce rem\u00e8de miraculeux, qui apporte avec elle la sagesse mill\u00e9naires de personnes qui le pr\u00e9pare avec le m\u00eame soin et les m\u00eames gestes, comme toujours. LE Mambe est un rem\u00e8de tr\u00e8s populaire dans la for\u00eat d&#039;amazonie, riche en vitamines et en min\u00e9raux, et ses propri\u00e9t\u00e9s analg\u00e9siques et de la douleur, vous permettent de lui donner le nom de: Pronto Alivio (soulagement imm\u00e9diat).<\/p>\n<p>Il est \u00e9galement un excellent compagnon des cycles menstruels, dans lequel, g\u00e9n\u00e9ralement, les femmes ressentent de la douleur, et dans de nombreux cas au s\u00e9rieux insupportable. Dans ces situations, il n&#039;y a rien de mieux que de l&#039;\u00e9quilibre de notre corps avec un rem\u00e8de qui est naturel et efficace.Ses propri\u00e9t\u00e9s peuvent apporter beaucoup d&#039;avantages dans d&#039;autres zones du corps, et pas seulement que, depuis le temps que l&#039;utilisation du corps d&#039;un r\u00e9sultat est renforc\u00e9e, la promotion de la force et de l&#039;\u00e9nergie. Le fait d&#039;\u00eatre totalement feuilles au sol, comme la plante femelle se connecte depuis le ventre de notre c\u00f4t\u00e9 f\u00e9minin, \u00e9nergie, alimentation nous fournit avec une fluidit\u00e9 et une concentration verbale.<\/p>\n<h3>Si usa quando si devono condividere esperienze o comprensioni, Stanchezza o Dolori, Stimola e ravviva le energie, incluso quelle corporee.<\/h3>\n<p><strong>La C*** (ipadu C*** \u00e8 preparato nel modo seguente:<\/strong><sup id=\"cite_ref-13\" class=\"reference separada\"><\/sup><\/p>\n<ul>\n<li><strong>Torr\u00e9faction :<\/strong> les feuilles matures sont grill\u00e9es\/R\u00f4ti, traditionnellement dans un pot en argile<\/li>\n<li><strong>Couper\/Pestatura<\/strong>les feuilles, les R\u00f4tis sont pil\u00e9es dans un Mortier<\/li>\n<li><strong>Pr\u00e9paration des cendres :<\/strong> Ils br\u00fblent lentement les feuilles yarumo et Cecropia en Colombie, au P\u00e9rou, cet arbre est connu comme cetico et au Br\u00e9sil comme emba\u00faba ) ou de tiges de quinoa .<\/li>\n<li><strong>M\u00e9lange :<\/strong> Les feuilles sont m\u00e9lang\u00e9es jusqu&#039;\u00e0 10% de cendres.<\/li>\n<li><strong>Battage ou de Tamisage :<\/strong> sont tamiser plusieurs fois jusqu&#039;\u00e0 obtenir une poudre fine qui se dissout facilement dans la bouche.<\/li>\n<\/ul>\n<p>Per utilizzare la C*** (ipadu, verde, polvere di C*** (ipadu \u00e8 collocato nella guancia, mescolando con la saliva e andando sciogliendosi con il suo sapore affumicato. <sup id=\"cite_ref-16\" class=\"reference separada\"><\/sup><\/p>\n<p><strong> La foto \u00e8 rappresentativa e Il colore del mambe pu\u00f2 variare ad ogni nuova fornitura, ma sar\u00e0 molto evidente sempre la primissima qualit\u00e0 dello stesso. <\/strong><\/p>\n<p><strong> La finesse de la mambe est la meilleure solution pour conserver ses qualit\u00e9s organoleptiques, ceux qui veulent un produit plus fin peut faire une demande sp\u00e9cifique. <\/strong><\/p>\n<\/div>\n<div id=\"tab_propriet\u00e0\" class=\"panel entry-content\" role=\"tabpanel\" aria-labelledby=\"tab-propriet\u00e0\">\n<h3><strong>SES PROPRI\u00c9T\u00c9S:<\/strong><\/h3>\n<ul>\n<li>Rem\u00e8de et le Soulagement de maux et de douleurs dans les articulations et\/ou des muscles.<\/li>\n<li>L&#039;augmentation de la r\u00e9sistance de fa\u00e7on visible<\/li>\n<li>Corrige les probl\u00e8mes de malnutrition et\/ou de l&#039;assimilation et des carences<\/li>\n<li>Renforce et r\u00e9g\u00e9n\u00e8re les os et d&#039;autres parties osseuses du corps dans un temps relativement court.<\/li>\n<li>Nettoie les voies urinaires<\/li>\n<li>Am\u00e9liore le moral et la volont\u00e9 de vivre<\/li>\n<li>Am\u00e9liore la digestion en g\u00e9n\u00e9ral.<\/li>\n<li>La r\u00e8gle de triglyc\u00e9rides et de cholest\u00e9rol.<\/li>\n<li>Donne beaucoup d&#039;\u00c9nergie de la charge<\/li>\n<\/ul>\n<\/div>\n<div id=\"tab_come-si-f\u00e0?\" class=\"panel entry-content\" role=\"tabpanel\" aria-labelledby=\"tab-come-si-f\u00e0?\">\n<h3><strong>COMMENT ET AVEC QUELLE QUANTIT\u00c9 CONSOMM\u00c9E:<\/strong><\/h3>\n<p>L&#039; <strong>Mambe<\/strong> si consuma versando uno o due cucchiai nella gengiva sinistra (guarda il video) inclinando la testa indietro e prendendo la mandibola per tenerla aperta e mantenendolo fermo li con la saliva si forma una pallina iniziando un processo di salivazione per ottenere una pasta gommosa che lo render\u00e0 adatto a rilasciare facilmente le sostanze le propriet\u00e0 benefiche contenute nel mambe;\u00e8 molto polveroso quindi messo nella gengiva bisogna chiudere la bocca tenendo la gengiva delicatamente, e impregnare di saliva il bolo.. e Tenrlo di lato fino che si sentir\u00e0 il suo caratteristico Effetto ( a volte bastano 5 min a volte il rilascio \u00e8 piu lento e occorrono 10 min) continuare fino che la pallina creata sara possibile masticarla, con molto rispetto.Si consiglia (anche se non \u00e8 obbligatorio) assumerlo con Ambil che trovate nel negozio. IL suo consumo \u00e8 particolarmente sociale perch\u00e9 si dice che <strong>Mambe<\/strong> il signifie la parole de vie, <strong>Ambil<\/strong> la pens\u00e9e, o\u00f9 est la puissance de la parole.Avec <strong>Ambil<\/strong> dans les dents de devant \u00e0 l&#039;interne et \u00e0 l&#039; <strong>Mambe<\/strong> dans la gencive, de la gauche est tout am\u00e9lior\u00e9e par rapport \u00e0 celle ambil sera beaucoup plus facile de l&#039;exp\u00e9rience.<\/p>\n<h3><strong>Caract\u00e9ristiques:<\/strong><\/h3>\n<p>Fornisce propriet\u00e0 nutritive come potassio, ferro, calcio, fosforo, proteine, vitamine A, B1, B2, C ed E, \u00e8 povero di grassi, ha livelli di calcio pi\u00f9 elevati del latte vaccino e la stessa proporzione di fosforo del pesce, ma anche cos\u00ec non \u00e8 considerato un integratore alimentare, si consiglia di consumarlo dopo aver mangiato qualche tipo di alimento per funzionare come un sistema digestivo. Inibisce la sonnolenza, la fame, dona lucidit\u00e0 mentale, migliora l&#8217;attivit\u00e0 sensoriale e neuronale, la concentrazione e la comunicazione, aumenta l&#8217;ossigenazione cellulare, ha funzioni metaboliche per accelerare la trasmissione dei componenti alimentari nel sangue, regola il pressione sanguigna, rinforza il sistema nervoso e muscolare, elimina stanchezza e affaticamento, protegge le cellule dall&#8217;invecchiamento, fornisce una maggiore tolleranza al freddo, \u00e8 teRap\u00e9utico ed energetico.<\/p>\n<p>Non genera dipendenza. \u00c9 uno stimolante benevolo, il suo effetto difficilmente produce insonnia e tachicardia associate al consumo di caff\u00e8 o effetti tossici associate alla ina. Gli indigeni amazzonici lo usano per il lavoro fisico, la comunicazione, le attivit\u00e0 cerimoniali, curative e religiose. Per le donne indigene, \u00e8 importante tenere conto del contesto in cui la C*** viene consumata perch\u00e9 \u00e8 sacra e le foglie per farla sono sacre e benefiche. Il suo consumo \u00e8 associato a stili di vita e una filosofia profonda. In altre parole, \u00e8 una pratica culturale che si esercita con totale libert\u00e0 e autonomia.<\/p>\n<h3><strong>Ogni 100 g di Mambe sono contenuti:<\/strong><\/h3>\n<ul>\n<li>Beta carotene 9, 40 mg<\/li>\n<li>Azoto totale 20, 06 mg<\/li>\n<li>Grassi Buoni 3, 68 mg<\/li>\n<li>Carboidrati 47, 50 mg<\/li>\n<li>Alfa-carotene 2, 76 mg<\/li>\n<li>Vitamina C 6, 47 mg<\/li>\n<li>Vitamina E 40, 17 mg<\/li>\n<li>Tiamina (vitamina B1) 0, 73 mg<\/li>\n<li>Riboflavina (vitamina B2) 0, 88 mg<\/li>\n<li>Niacina (fattore p.p) 8, 37 mg<\/li>\n<li>Calcio 997, 62 mg<\/li>\n<li>Fosfato 412, 67 mg<\/li>\n<li>Potassio 1.739, 33 mg<\/li>\n<li>Magnesio 299, 30 mg<\/li>\n<li>Sodio 39, 41 mg<\/li>\n<li>Alluminio 17, 39 mg<\/li>\n<li>Bario 6, 18 mg<\/li>\n<li>Ferro 136, 64 mg<\/li>\n<li>Stronzio 12, 02 mg<\/li>\n<li>Boro 6, 75 mg<\/li>\n<li>Rame 1, 22 mg<\/li>\n<li>Zinco 2, 21 mg<\/li>\n<li>Manganese 9, 15 mg<\/li>\n<li>Cromo 0, 12 mg<\/li>\n<\/ul>\n<\/div>\n<div id=\"tab_disclaimer\" class=\"panel entry-content\" role=\"tabpanel\" aria-labelledby=\"tab-disclaimer\">\n<p><strong><span style=\"color: #d83131;\">LA PHOTO DANS LA DESCRIPTION EST PUREMENT INDICATIVE<\/span><\/strong><\/p>\n<p><strong><span style=\"color: #d83131;\">LES PRODUITS SONT GARANTIS \u00c0 PARTIR DE KARMARANDO<\/span><\/strong><br \/>\n<strong><span style=\"color: #d83131;\">Pour les produits, des PLANTES, de l&#039;ENCENS ET poudres PR\u00c9PAR\u00c9ES pour le MOMENT pas possible de faire un REMBOURSEMENT ou un \u00e9change<\/span><\/strong><\/p>\n<p>L&#039; <strong>les termes utilis\u00e9s<\/strong> dans les cat\u00e9gories et les tags ne veux pas sugg\u00e9rer \u00e0 l&#039;usage m\u00e9dicinal et de produits r\u00e9cr\u00e9atifs, juste de les trier en fonction de leur utilisation de l&#039;historique, scientifique et social.<\/p>\n<p><strong>Les recettes sont fournies \u00e0 titre de scientifique<\/strong>ils ne veulent pas encourager les clients \u00e0 les r\u00e9p\u00e9ter, ni de consommer les produits.<\/p>\n<p><strong>Notre contenu<\/strong> n&#039;ont pas \u00e9t\u00e9 \u00e9valu\u00e9es par la FDA ou par une figure de la profession m\u00e9dicale: les applications possibles, les indications, la posologie et les avertissements sont d\u00e9crites pour des fins \u00e9ducatives seulement, les sp\u00e9culations et les personnels, et ne constituent pas des conseils m\u00e9dicaux.<\/p>\n<p><strong>Les produits sont vendus<\/strong> comme l&#039;encens, Savons, de R\u00e9sines et de collection botanique, et le mat\u00e9riel de recherche scientifique.<\/p>\n<p><span style=\"color: #ed1c24; font-size: 115%;\"><strong>Ils ne sont pas destin\u00e9s \u00e0 la consommation humaine.<br \/>\nPour \u00eatre en mesure d&#039;acheter nos produits, vous devez avoir plus de 18 ans et ne sont pas adapt\u00e9s pour les femmes qui sont enceintes et\/ou qui allaitent.<\/strong><\/span><\/p>\n<p>Pour obtenir plus d&#039;informations sur <strong>KARMARANDO<\/strong> visite <a href=\"https:\/\/www.instagram.com\/karmarando1\/\" target=\"_blank\" rel=\"noopener\"><br \/>\n<span style=\"color: #0000ff;\"><strong>cette page<\/strong><\/span><\/a> ou lire les derni\u00e8res nouvelles sur <a href=\"https:\/\/karmarando.com\/fr\/blog\/\" target=\"_blank\" rel=\"nofollow noopener\"><strong><span style=\"color: #0000ff;\">BLOG<\/span><\/strong><\/a><\/p>\n<\/div><\/div><\/div>","protected":false},"excerpt":{"rendered":"","protected":false},"featured_media":0,"comment_status":"closed","ping_status":"open","template":"","meta":[],"product_brand":[],"product_cat":[15],"product_tag":[473],"class_list":{"0":"post-18641","1":"product","2":"type-product","3":"status-publish","5":"product_cat-offerte-a-tempo","6":"product_tag-mambe","8":"first","9":"instock","10":"product-type-simple"},"_links":{"self":[{"href":"https:\/\/karmarando.com\/fr\/wp-json\/wp\/v2\/product\/18641","targetHints":{"allow":["GET"]}}],"collection":[{"href":"https:\/\/karmarando.com\/fr\/wp-json\/wp\/v2\/product"}],"about":[{"href":"https:\/\/karmarando.com\/fr\/wp-json\/wp\/v2\/types\/product"}],"replies":[{"embeddable":true,"href":"https:\/\/karmarando.com\/fr\/wp-json\/wp\/v2\/comments?post=18641"}],"wp:attachment":[{"href":"https:\/\/karmarando.com\/fr\/wp-json\/wp\/v2\/media?parent=18641"}],"wp:term":[{"taxonomy":"product_brand","embeddable":true,"href":"https:\/\/karmarando.com\/fr\/wp-json\/wp\/v2\/product_brand?post=18641"},{"taxonomy":"product_cat","embeddable":true,"href":"https:\/\/karmarando.com\/fr\/wp-json\/wp\/v2\/product_cat?post=18641"},{"taxonomy":"product_tag","embeddable":true,"href":"https:\/\/karmarando.com\/fr\/wp-json\/wp\/v2\/product_tag?post=18641"}],"curies":[{"name":"wp","href":"https:\/\/api.w.org\/{rel}","templated":true}]}}