{"id":10697,"date":"2023-07-20T12:55:01","date_gmt":"2023-07-20T10:55:01","guid":{"rendered":"https:\/\/www.karmarando.com\/?post_type=product&#038;p=10697"},"modified":"2025-12-04T13:51:15","modified_gmt":"2025-12-04T12:51:15","slug":"rape-lavanda-tranquillante-serenita-e-purezza-copia","status":"publish","type":"product","link":"https:\/\/karmarando.com\/fr\/cat-rape\/rape-brasiliano\/rape-aromatico\/rape-lavanda-tranquillante-serenita-e-purezza-copia\/","title":{"rendered":"Rap\u00e9 de Lavande, de Tranquillit\u00e9, de S\u00e9r\u00e9nit\u00e9 et de Puret\u00e9"},"content":{"rendered":"<div class=\"tabbed-content\">\n\t\t\t\n\t\t\t<ul class=\"nav nav-pills nav-uppercase nav-size-small nav-center\" role=\"tablist\"><li id=\"tab-descrizione\" class=\"tab active has-icon\" role=\"presentation\"><a href=\"#tab_descrizione\" role=\"tab\" aria-selected=\"true\" aria-controls=\"tab_descrizione\"><span>Description<\/span><\/a><\/li>\n<li id=\"tab-composizione\" class=\"tab has-icon\" role=\"presentation\"><a href=\"#tab_composizione\" tabindex=\"-1\" role=\"tab\" aria-selected=\"false\" aria-controls=\"tab_composizione\"><span>Composition<\/span><\/a><\/li>\n<li id=\"tab-propriet\u00e0\" class=\"tab has-icon\" role=\"presentation\"><a href=\"#tab_propriet\u00e0\" tabindex=\"-1\" role=\"tab\" aria-selected=\"false\" aria-controls=\"tab_propriet\u00e0\"><span>Propri\u00e9t\u00e9<\/span><\/a><\/li>\n<li id=\"tab-come-si-f\u00e0-?\" class=\"tab has-icon\" role=\"presentation\"><a href=\"#tab_come-si-f\u00e0-?\" tabindex=\"-1\" role=\"tab\" aria-selected=\"false\" aria-controls=\"tab_come-si-f\u00e0-?\"><span>Qu&#039;il obtient ?<\/span><\/a><\/li>\n<li id=\"tab-dosaggio\" class=\"tab has-icon\" role=\"presentation\"><a href=\"#tab_dosaggio\" tabindex=\"-1\" role=\"tab\" aria-selected=\"false\" aria-controls=\"tab_dosaggio\"><span>Posologie<\/span><\/a><\/li>\n<li id=\"tab-come-viene-fatto-il-rap\u00e9\" class=\"tab has-icon\" role=\"presentation\"><a href=\"#tab_come-viene-fatto-il-rap\u00e9\" tabindex=\"-1\" role=\"tab\" aria-selected=\"false\" aria-controls=\"tab_come-viene-fatto-il-rap\u00e9\"><span>Comment Est Rap\u00e9<\/span><\/a><\/li>\n<li id=\"tab-cos'\u00e8-il-rap\u00e9\" class=\"tab has-icon\" role=\"presentation\"><a href=\"#tab_cos'\u00e8-il-rap\u00e9\" tabindex=\"-1\" role=\"tab\" aria-selected=\"false\" aria-controls=\"tab_cos'\u00e8-il-rap\u00e9\"><span>Ce qui est Rap\u00e9<\/span><\/a><\/li>\n<li id=\"tab-storia\" class=\"tab has-icon\" role=\"presentation\"><a href=\"#tab_storia\" tabindex=\"-1\" role=\"tab\" aria-selected=\"false\" aria-controls=\"tab_storia\"><span>L&#039;histoire<\/span><\/a><\/li>\n<li id=\"tab-disclaimer\" class=\"tab has-icon\" role=\"presentation\"><a href=\"#tab_disclaimer\" tabindex=\"-1\" role=\"tab\" aria-selected=\"false\" aria-controls=\"tab_disclaimer\"><span>AVERTISSEMENT<\/span><\/a><\/li><\/ul><div class=\"tab-panels\"><div id=\"tab_descrizione\" class=\"panel active entry-content\" role=\"tabpanel\" aria-labelledby=\"tab-descrizione\">\n<h3><strong>Rap\u00e9 de Lavande, de Tranquillit\u00e9, de S\u00e9r\u00e9nit\u00e9 et de Puret\u00e9<\/strong><\/h3>\n<p><strong>Forza Rap\u00e9:<\/strong> Medio Forte Aromatico Cerimoniale Calmante <strong>Chakra:<\/strong> corona &#8211; Cuore + Gola <b>Nome Sciantifico: <\/b>Lavandula angustifolia Miller, Lavanda officinalis Chaix, Lavanda vera DC <strong>Famiglia: <\/strong>Lamiaceae <strong>Sottofamiglia: <\/strong>Ocimeae <b>Nomi popolari<\/b> : Lavanda, Lavandula, echter lavandel, espigolina, lavande, lavanda vera, Spigo, fior di spigo, Spicae flowers, Spina cardo, spiga, Nardo, Ipsigula, Saponella. <strong>Benefici e Trattamento Rap\u00e9 Lavanda<\/strong>: Come la pianta Lavanda di cui \u00e8 composto, risalta tutti i suoi benefici conosciuti in tempi antichissimi soprattutto in brasile, Grecia e Roma, conosciuta da sempre come medicamentosa, Potente Antisettica, Spasmodica, Calmante, Tranquillante, Purificante, Ansiolitica, Antimicrobica, insonnia, mal di testa, crampi mestruali, ipertensione, ansia, Stress, e problemi emotivi. <\/div>\n<div id=\"tab_composizione\" class=\"panel entry-content\" role=\"tabpanel\" aria-labelledby=\"tab-composizione\"> <strong>Rap\u00e9 Lavanda<\/strong> <strong>Ingredienti principali : <\/strong>Mapacho + Ceneri di Lavanda. <strong>IL Rap\u00e9 Lavanda<\/strong> come tutti i nostri Rap\u00e9 sono Polvere Potenti Che Libera Il Cervello Da Carichi E Blocchi, da paura e vergogna, donando energia, presenza, concentrazione e centratura, espande coscienza e apre il cuore, portando intuiti profondi sul da farsi, attraendo abbondanza e felicit\u00e0 e realizzazione..Rap\u00e9 <b>Tous nos Rap\u00e9<\/b> sono realizzati con ceneri della corteccia dell&#8217;albero o della intera pianta da cui prendono i nomi i rap\u00e8 o isnieme di piu alberi o piante ed erbe disidratate in polvere e biologiche. Tutte le alchimie sono fatte con molto amore, rispetto e fede. <\/div>\n<div id=\"tab_propriet\u00e0\" class=\"panel entry-content\" role=\"tabpanel\" aria-labelledby=\"tab-propriet\u00e0\"> <strong>Specifiche del Rap\u00e9 Lavanda<\/strong> <b>Des prestations et des soins: <\/b>Potente Antisettica, Spasmodica, Calmante, Tranquillante, Purificante, Ansiolitica, Antimicrobica, insonnia, mal di testa, crampi mestruali, ipertensione, ansia, Stress, e problemi emotivi.<\/p>\n<h3><b>De Base bien que l&#039;ensemble de Nos Rap\u00e9<\/b><\/h3>\n<ul>\n<li>Il aide \u00e0 lib\u00e9rer l&#039;esprit et d&#039;arr\u00eater le dialogue int\u00e9rieur<\/li>\n<li>Il aide \u00e0 \u00e9liminer le flegme, et les parasites des sinus frontaux para et nasale<\/li>\n<li>Appliqu\u00e9 sur les plaies a la gu\u00e9rison des plaies, et antibiotique<\/li>\n<li>L&#039;asthme<\/li>\n<li>La broncho-pneumonie<\/li>\n<li>Calme<\/li>\n<li>Centrage<\/li>\n<li>Vous permet d&#039;\u00eatre pr\u00e9sent pour \u00eatre en mesure de regarder au-del\u00e0 de leurs propres interpr\u00e9tations<\/li>\n<li>D\u00e9compresse la pression du cr\u00e2ne<\/li>\n<li>Nettoie, trie et aligne les domaines de l&#039;\u00e9nergie, en particulier les chakras du troisi\u00e8me \u0153il \/ t\u00eate: en haut et en bas de ceux par le biais de la colonne vert\u00e9brale<\/li>\n<li>Il est \u00e9galement un puissant analg\u00e9sique pour la douleur dans la t\u00eate et le corps<\/li>\n<li>Il est tr\u00e8s efficace dans le traitement des probl\u00e8mes du syst\u00e8me respiratoire et de l&#039;appareil digestif<\/li>\n<li>Il est tr\u00e8s puissant, m\u00eame dans les traitements du syst\u00e8me digestif<\/li>\n<li>Il est apaisant et antipyr\u00e9tique<\/li>\n<li>C&#039;est un Rem\u00e8de pour la visibilit\u00e9 de l&#039;esprit<\/li>\n<li>Enlever l&#039;exc\u00e8s de mucus accumul\u00e9<\/li>\n<li>\u00c9limine les maux de t\u00eate, de la somnolence et des \u00e9tourdissements<\/li>\n<li>Les soins \u00e9nerg\u00e9tiques directement peurs, les angoisses, et d&#039;autres li\u00e9s \u00e0 l&#039;\u00e9nergie du plexus solaire: si elle provoque des vomissements, c&#039;est parce que la personne est d&#039;\u00e9liminer les dense en \u00e9nergie accumul\u00e9e.<\/li>\n<li>L&#039;\u00c9volution Spirituelle<\/li>\n<li>Favorise le p\u00e9ristaltisme de l&#039;intestin<\/li>\n<li>Beaucoup de gens prennent soin de leur sinusite et rhinite avec cette, rendant \u00e0 l&#039;abri des maladies du syst\u00e8me respiratoire<\/li>\n<li>La paix<\/li>\n<li>Il permet de comprendre ce qu&#039;est la m\u00e9ditation sur un niveau de conscience<\/li>\n<li>Vous permet d&#039;atteindre un \u00e9tat de m\u00e9ditation tr\u00e8s profonde<\/li>\n<li>Il nettoie toutes les salet\u00e9s et la crasse depuis des ann\u00e9es, qui est la cause de probl\u00e8mes tels que la sinusite et la migraine<\/li>\n<li>Nettoyage Des Chakras<\/li>\n<li>L&#039;enracinement<\/li>\n<li>La Relaxation<\/li>\n<li>Les Possibilit\u00e9s De L&#039;\u00c9nergie<\/li>\n<\/ul>\n<p>Medicina di potere, che connette all\u2019energia di Youshibu (Dio della Creazione). Funziona sia nella guarigione spirituale che fisica. Dovrebbe essere utilizzato solo per questi scopi, in modo appropriato in un ambiente Sereno e tranquillo e preparato. <\/div>\n<div id=\"tab_come-si-f\u00e0-?\" class=\"panel entry-content\" role=\"tabpanel\" aria-labelledby=\"tab-come-si-f\u00e0-?\">\n<h3><b>Comment Appliquer Rap\u00e9 ?<\/b><\/h3>\n<p>Avec<a href=\"https:\/\/karmarando.com\/fr\/kuripe\/\" target=\"_blank\" rel=\"noopener\"><strong> Kuripe<\/strong><\/a> c&#039;est une fourche V pour le faire par vous-m\u00eame ou avec<a href=\"https:\/\/karmarando.com\/fr\/tepi\/\" target=\"_blank\" rel=\"noopener\"><strong> Tepi<\/strong> <\/a>per farselo fare da qualcuno che pur rimanendo neutro riesce a darci maggiore beneficio nella ricezione. E&#8217; molto importante che la persona sia preparata a ricevere lo spirito della foresta attraverso il Rap\u00e9. \u00c8 necessario avere un corpo pulito, in un ambiente favorevole e soprattutto con lo scopo di consacrare questa medicina sacra. <strong>Appliquer le Rap\u00e8<\/strong>, \u00e8 possibile sia da Soli che con un compagno: Da soli si usa il Kuripe, con un compagno si Usa Il Tepi, in questo caso, chi applicher\u00e0 con il Tepi, \u00e8 necessario che abbia maturato una certa preparazione, mantenendosi cos\u00ec neutro e centrato, senza proiettare i propri stati d&#8217;animo. Dovr\u00e0 quindi mantenere distacco e proiettare semplicemente molto amore. In ogni caso \u00e8 necessaria concentrazione, uno sano scopo, una intenzione, con fiducia e fede e tecnica di soffiaggio. Solo cos\u00ec, la medicina avr\u00e0 il massimo del beneficio. <b>Le Rap\u00e9 doit \u00eatre appliqu\u00e9 dans les deux narines. Chaque cavit\u00e9 nasale est un courant d&#039;\u00e9nergie dans le corps:<\/b><b>Mieux de faire toujours la premi\u00e8re \u00e0 travers la narine gauche<\/b><b>La gauche:<\/b> Il canale della Luna (recettore \u2013 yin). D\u00e0 potere alle emozioni nel loro stato puro, liberando gioia profonda, amore puro, compassione e abilit\u00e0 artistiche. \u00c8 il lato femminile. I problemi tipici sono attaccamento emozionale, depressione, bassa autostima, sentimento di colpa e apatia. <b>Le c\u00f4t\u00e9 droit:<\/b> Le canal du Soleil (l&#039;\u00e9metteur \u2013 yang). Il donne le pouvoir de l&#039;esprit rationnel: vous permet d&#039;apprendre et d&#039;acqu\u00e9rir la force n\u00e9cessaire pour surmonter les probl\u00e8mes par l&#039;effort. C&#039;est le c\u00f4t\u00e9 masculin. Les probl\u00e8mes typiques sont le comportement \u00e9go\u00efste ou violente, de l&#039;arrogance et de l&#039;orgueil.Qui ne re\u00e7oit qu&#039;un seul c\u00f4t\u00e9 entre dans un processus qui est encore plus fort que la normale; c&#039;est parce que vous n&#039;avez pas abandonn\u00e9 correctement et a refus\u00e9 la M\u00e9decine, qui est aussi un refus d&#039;eux-m\u00eames, et l&#039;esprit de l&#039;Rap\u00e9. <b>Les types de bouff\u00e9es : <\/b>Il y a beaucoup, \u00e0 partir de la glande pin\u00e9ale ( puff sec et d\u00e9cid\u00e9, mais pour un long temps) ou plus longue, longue.. (vous trouverez les articles dans le blog, utilisez le moteur de recherche) <b>Il est important de chercher \u00e0 boire 2 verres d&#039;eau avant et \u00e0 l&#039;eau pendant au bout de 7 minutes \u00e0 partir de l&#039;application, de fa\u00e7on \u00e0 parvenir \u00e0 le vomir<\/b> <\/div>\n<div id=\"tab_dosaggio\" class=\"panel entry-content\" role=\"tabpanel\" aria-labelledby=\"tab-dosaggio\"> <strong>Le montant exact<\/strong> vous commencez avec un peu de ce qui doit \u00eatre gros comme un petit pois, mais il aura tendance \u00e0 augmenter, atteignant la taille d&#039;une noisette bombard\u00e9, mais n&#039;excluent pas pour les anciens combattants qui est plus. C&#039;est selon les diff\u00e9rences entre le poids du corps, la tol\u00e9rance, le m\u00e9tabolisme, et de la sensibilit\u00e9 personnelle.<\/p>\n<ul>\n<li>Il est important d&#039;\u00e9couter les Icaros avec un casque \u00e0 atteindre l&#039;\u00e9tat de m\u00e9ditation, sans pens\u00e9e et de la gu\u00e9rison.<\/li>\n<li>La personne qui assume Rap\u00e9 pour la premi\u00e8re fois doit \u00eatre conscient de ce qu&#039;il est et ce qu&#039;elle fait, de le prendre avec le respect et la responsabilit\u00e9, qui est un saint de la m\u00e9decine est tr\u00e8s puissant, et la n\u00e9cessit\u00e9 de respecter<\/li>\n<\/ul>\n<p><strong>Psychologiquement soins de la peur.<\/strong> Un\u2019applicazione forte pu\u00f2 portare il soggetto a sperimentare la propria ombra e accedere alle proprie fobie pi\u00f9 oscure, cos\u00ec che possono essere visualizzate e risolte. Innumerevoli esperienze dimostrano la sua efficacia nel trattamento di depressioni, paure ossessive, insonnia e ansia. Molte persone hanno abbandonato il tabagismo dopo aver iniziato ad utilizzare il Rap\u00e9. <\/div>\n<div id=\"tab_come-viene-fatto-il-rap\u00e9\" class=\"panel entry-content\" role=\"tabpanel\" aria-labelledby=\"tab-come-viene-fatto-il-rap\u00e9\">\n<ul>\n<li>Notre <strong>Rap\u00e9<\/strong> sont produites en utilisant une combinaison de la terre et les cendres des arbres sacr\u00e9s avec des propri\u00e9t\u00e9s m\u00e9dicinales.<\/li>\n<li>Notre Rap\u00e9 100% naturels et ne contiennent pas de pesticides et de produits chimiques .<\/li>\n<li>Les propri\u00e9t\u00e9s m\u00e9dicinales sont utiles pour traiter les troubles physiques et mentaux<\/li>\n<li>Notre rap\u00e9 sont fabriqu\u00e9s avec le plus grand respect, de d\u00e9vouement, d&#039;amour et de foi.<\/li>\n<\/ul>\n<p><strong>Passer par un processus de<\/strong> di setacciatura per diventare extra fine fino alla punta del talco, rendendo pi\u00f9 facile ricevere il Rap\u00e9 diffondendosi ed espandendosi in modo pi\u00f9 efficiente. Dopo questo processo, viene energizzato con pietre e cristalli e una piramide, oltre a un periodo sotto le luci (cromoterapia).La sua parte di connessione spirituale \u00e8 piuttosto intensa, perch\u00e9 il Rap\u00e9 passando dalle nostre preghiere sacre (intenti) per diversi giorni di seguito, creano l\u2019obiettivo di identificarsi con lo spirito della pianta ascoltando i bisogni del corpo, innescando cos\u00ec il processo di guarigione e di centratura costante. I nostri rap\u00e9 aiutano ad aumentare la forza della centratura e corrente elettrica magnetica appartenente al complesso sitema di kundalini\/DNA e nella purificazione spirituale. <\/div>\n<div id=\"tab_cos'\u00e8-il-rap\u00e9\" class=\"panel entry-content\" role=\"tabpanel\" aria-labelledby=\"tab-cos'\u00e8-il-rap\u00e9\"> E&#8217; uno strumento di medicina sacra d\u2019origine, astrale e ancestrale, custodito con amore e tramandato dai nostri antenati; I nostri nonni della giungla hanno usufruito e giovato di questo strumento\/medicina fin dall\u2019inizio del tempi, e oggi ci viene portata memoria originale e rinnovata per questo meraviglioso regalo. Il <strong>Rap\u00e9<\/strong>, pu\u00f2 essere preparato con una o pi\u00f9 medicine vegetali e anche minerali, considerando che la presenza del aiuta a fare ordine, integrare e bilanciare la nostra energia e purificare la pineale, per dirigerla con uno scopo specifico. Allo stesso tempo, il<strong> Rap\u00e9<\/strong> apre la porta verso lo spirito e l\u2019universo, aiutandoci a risvegliare la purezza essenziale che sta in noi. IL <strong>Rap\u00e9<\/strong> \u00e8 la medicina aerea. In un colpo riceviamo la benedizione del Soffio del Vento, fonte universale di energia, che cancella la nostra percezione, cancella la mente e apre i canali di energia superiore, per connetterci con il pi\u00f9 alto del nostro essere. Rap\u00e9 \u00e8 anche una medicina per la visione dello spirito, che ci aiuta a liberare la mente e a fermare il dialogo interiore, ad essere veramente presenti per poter vedere oltre le nostre interpretazioni. <\/div>\n<div id=\"tab_storia\" class=\"panel entry-content\" role=\"tabpanel\" aria-labelledby=\"tab-storia\"> <b>L&#039;histoire du peuple<\/b> <b>Yawanaw\u00e1, le producteur d&#039;autres rap\u00e8 en plus de la Tsunu<\/b><b><i>Depuis des temps imm\u00e9moriaux<\/i><\/b><i>le Yawanaw\u00e1 traiter la source de la rivi\u00e8re de la cour greg\u00f3rio, un affluent de la rivi\u00e8re Juru\u00e1, dans la municipalit\u00e9 de Tarauac\u00e1, dans l&#039;etat d&#039;Acre, dans l&#039;ouest de l&#039;Amazonie. Venir de la branche de la linguistique Pano.<\/i> <b><i>Sa population aujourd&#039;hui<\/i><\/b><i> est d&#039;environ 1000 personnes vivant dans sept villages. Ils \u00e9taient tr\u00e8s nombreux dans le pass\u00e9. Cependant, beaucoup ont \u00e9t\u00e9 d\u00e9cim\u00e9s par les impacts apport\u00e9s par la colonisation.<\/i> <b>Depuis 1984<\/b>, <i>apr\u00e8s des ann\u00e9es d&#039;esclavage, et de nombreuses batailles, a retrouv\u00e9 une partie de leur territoire, et \u00e0 la d\u00e9limitation de la terre, avec le soutien de la National Indien de la Fondation \u2013 la FUNAI. C&#039;est \u00e0 partir de l\u00e0 que recouvr\u00e9 leurs droits des Personnes, \u00e0 repousser les missionnaires de leurs terres, et par le d\u00e9marrage de la reprise de leur culture, de leur langue, qui est conserv\u00e9 dans la m\u00e9moire de leurs parents \u00e2g\u00e9s.<\/i> <b><i>Contrairement \u00e0 l&#039;interdiction ant\u00e9rieure, les femmes qui aujourd&#039;hui s&#039;attendre \u00e0 de l&#039;honneur et de la t\u00e2che de la pr\u00e9paration de ce superbe rap\u00e8<\/i><\/b><b><i>Le Yawanaw\u00e1<\/i><\/b><i> ( yawa \/blanc-p\u00e9caris \u00e0 l\u00e8vres de l&#039;l\u00e8vres blanches; Nawa \/le peuple), sont un groupe qui appartient \u00e0 la famille linguistique Pano, qui occupe aujourd&#039;hui les Indig\u00e8nes de la terre sur la rivi\u00e8re st. gr\u00e9goire Le nom de &#034;Yawanaw\u00e1&#034; appara\u00eet dans les sources historiques \u00e9crites de diverses mani\u00e8res: Yawavo ou Yauavo, Jawanaua, Yawanaua ou Iawanawa. <\/i> <i>La forme \u2018Yawanaw\u00e1 est utilis\u00e9 ici suit l&#039;orthographe utilis\u00e9e dans les manuels scolaires et dans les autres documents de la paternit\u00e9 autochtones.<\/i> <b>La communaut\u00e9 Yawanaw\u00e1 <\/b>c&#039;est en fait une conjonction de personnes qui comprend les membres des autres groupes: Shaw\u00e3dawa (Arara) , Iskunawa (aujourd&#039;hui connu sous le Shan\u00eanawa, qui vit dans un village pr\u00e8s de la ville de Feij\u00f3), Rununawa, Sainawa (g\u00e9n\u00e9ralement connu sous le nom Yaminaw\u00e1 , vivant dans la r\u00e9gion de la rivi\u00e8re de Bag\u00e9), et Katukina <b>Cette configuration est le r\u00e9sultat d&#039;une dynamique sociologique commun \u00e0 de nombreux groupes Pano<\/b> Alleanze attraverso il matrimonio, cattura di donne durante i conflitti bellici, migrazione delle famiglie \u2013 e una serie di contingenze storiche, in particolare quei cambiamenti determinati dall&#8217;arrivo di non- Indiani, comprese epidemie e alterazioni demografiche. Questi processi portarono all&#8217;incorporazione di persone di altre popolazioni che in passato mantenevano relazioni con gli Yawanaw\u00e1. Tra gli Yaminawa della terra indigena delle sorgenti del fiume Acre c&#8217;\u00e8 un sottogruppo che porta anche il nome Yawanaw\u00e1. Tuttavia, gli Yawanaw\u00e1 sul fiume Greg\u00f3rio non sono a conoscenza di questo altro gruppo omonimo. <\/div>\n<div id=\"tab_disclaimer\" class=\"panel entry-content\" role=\"tabpanel\" aria-labelledby=\"tab-disclaimer\"> <strong><span style=\"color: #d83131;\">LA PHOTO DANS LA DESCRIPTION EST PUREMENT INDICATIVE<\/span><\/strong> <strong><span style=\"color: #d83131;\">Pour les produits, des PLANTES, de l&#039;ENCENS ET poudres PR\u00c9PAR\u00c9ES pour le MOMENT pas possible de faire un REMBOURSEMENT ou un \u00e9change<\/span><\/strong> L&#039; <strong>les termes utilis\u00e9s<\/strong> dans les cat\u00e9gories et les tags ne veux pas sugg\u00e9rer \u00e0 l&#039;usage m\u00e9dicinal et de produits r\u00e9cr\u00e9atifs, juste de les trier en fonction de leur utilisation de l&#039;historique, scientifique et social. <strong>Les recettes sont fournies \u00e0 titre de scientifique<\/strong>ils ne veulent pas encourager les clients \u00e0 les r\u00e9p\u00e9ter, ni de consommer les produits. <strong>Notre contenu<\/strong> n&#039;ont pas \u00e9t\u00e9 \u00e9valu\u00e9es par la FDA ou par une figure de la profession m\u00e9dicale: les applications possibles, les indications, la posologie et les avertissements sont d\u00e9crites pour des fins \u00e9ducatives seulement, les sp\u00e9culations et les personnels, et ne constituent pas des conseils m\u00e9dicaux. <strong>Les produits sont vendus<\/strong> comme l&#039;encens, Savons, de R\u00e9sines et de collection botanique, et le mat\u00e9riel de recherche scientifique. <span style=\"color: #ed1c24; font-size: 115%;\"><strong>Non sono destinati al consumo umano. Per poter acquistare i nostri prodotti dovete avere pi\u00f9 di 18 anni e non sono adatti a donne in stato di gravidanza e\/o in fase di allattamento.<\/strong><\/span> Pour obtenir plus d&#039;informations sur <strong>KARMARANDO<\/strong> visite <a href=\"https:\/\/www.instagram.com\/karmarando1\/\" target=\"_blank\" rel=\"noopener\"> <span style=\"color: #0000ff;\"><strong>cette page<\/strong><\/span><\/a> ou lire les derni\u00e8res nouvelles sur <a href=\"https:\/\/karmarando.com\/fr\/blog\/\" target=\"_blank\" rel=\"nofollow noopener\"><strong><span style=\"color: #0000ff;\">BLOG<\/span><\/strong><\/a> <\/div><\/div><\/div>","protected":false},"excerpt":{"rendered":"<p>Rap\u00e9 de Lavande, de Tranquillit\u00e9, de S\u00e9r\u00e9nit\u00e9 et de Puret\u00e9<\/p>","protected":false},"featured_media":10631,"comment_status":"open","ping_status":"closed","template":"","meta":[],"product_brand":[],"product_cat":[186,1123,187,185],"product_tag":[],"class_list":{"0":"post-10697","1":"product","2":"type-product","3":"status-publish","4":"has-post-thumbnail","6":"product_cat-cat-rape","7":"product_cat-rape-aromatico","8":"product_cat-rape-brasiliano","9":"product_cat-rapee-e-co","10":"pa_brand-karmarando","11":"pa_fragranza-ceneri","12":"pa_fragranza-erbe","13":"pa_fragranza-lavanda","14":"pa_fragranza-mapacho","15":"pa_ingredienti-ceneri","16":"pa_ingredienti-erbe","17":"pa_ingredienti-lavanda","18":"pa_ingredienti-mapacho","19":"pa_momento-di-assunzione-mattina-a-digiuno","20":"pa_momento-di-assunzione-sera-lontano-dai-pasti","21":"pa_paese-di-fabbricazione-brasile","22":"pa_principi-attivi-acetato-di-linalile","23":"pa_principi-attivi-borneolo","24":"pa_principi-attivi-cineolo","25":"pa_principi-attivi-geraniolo","26":"pa_principi-attivi-linaiolo","27":"pa_somministrazione-nasale","28":"pa_tipo-polvere","29":"pa_unita-di-misura-10-g","30":"pa_unita-di-misura-20-g","31":"pa_unita-di-misura-50-g","32":"pa_uso-principale-aiuta-a-liberare-la-mente-e-interrompere-il-dialogo-interiore","33":"pa_uso-principale-aiuta-ad-eliminare-il-catarro-e-i-parassiti-dei-seni-frontali-paranasali-e-nasali","34":"pa_uso-principale-e-anche-un-potente-analgesico-per-dolori-alla-testa-e-al-corpo","35":"pa_uso-principale-ansiolitico","36":"pa_uso-principale-antimicrobico","37":"pa_uso-principale-antinfiammatorio","38":"pa_uso-principale-antisettico","39":"pa_uso-principale-asma","40":"pa_uso-principale-blocchi-energetici","41":"pa_uso-principale-broncopolmonite","42":"pa_uso-principale-calma","43":"pa_uso-principale-calmante","44":"pa_uso-principale-centratura","45":"pa_uso-principale-consente-di-essere-presente-per-riuscire-a-guardare-oltre-le-proprie-interpretazioni","46":"pa_uso-principale-energeticamente-cura-in-modo-diretto-paure-ansie-e-altre-energie-connesse-al-plesso-solare-se-causa-vomito-e-perche-la-persona-sta-eliminando-le-energie-dense-accumulate","47":"pa_uso-principale-decomprime-la-pressione-del-cranio","48":"pa_uso-principale-depura-ordina-e-allinea-i-campi-energetici-specialmente-i-chakra-del-terzo-occhio-e-della-testa-sale-e-scende-da-quelli-attraverso-la-colonna-vertebrale","49":"pa_uso-principale-elimina-leccesso-di-flemma-accumulato","50":"pa_uso-principale-elimina-mal-di-testa-sonnolenza-e-stordimento","51":"pa_uso-principale-evoluzione-spirituale","52":"pa_uso-principale-favorisce-il-movimento-peristaltico-intestinale","53":"pa_uso-principale-applicato-sulle-ferite-ha-funzioni-cicatrizzanti-e-antibiotiche","54":"pa_uso-principale-pace","55":"pa_uso-principale-permette-di-capire-che-cose-la-meditazione-a-livello-cosciente","56":"pa_uso-principale-permette-di-raggiungere-uno-stato-di-meditazione-molto-profondo","57":"pa_uso-principale-e-molto-efficace-anche-nel-trattamento-di-problemi-al-sistema-respiratorio-e-digestivo","58":"pa_uso-principale-procastinaggio","59":"pa_uso-principale-procastinamenrto","60":"pa_uso-principale-pulisce-tutta-la-sporcizia-accumulata-da-anni-che-e-causa-di-problemi-come-sinusite-ed-emicrania","61":"pa_uso-principale-pulizia-chakra","62":"pa_uso-principale-purificante","63":"pa_uso-principale-radicamento","64":"pa_uso-principale-rilassamento","65":"pa_uso-principale-e-rilassante-e-antipiretico","66":"pa_uso-principale-sbocchi-energetici","67":"pa_uso-principale-molte-persone-curano-la-loro-sinusiti-e-rinite-con-questa-rende-immuni-anche-dalle-malattie-dellapparato-respiratorio","68":"pa_uso-principale-spasmodico","69":"pa_uso-principale-toglie-i-parassiti-e-pulisce-gli-intestini","70":"pa_uso-principale-tranquillante","71":"pa_uso-principale-unione-del-tutto-in-uno","72":"pa_uso-principale-e-rimedio-per-la-visibilita-dello-spirito","73":"pa_uso-principale-visione-animica","75":"first","76":"instock","77":"shipping-taxable","78":"purchasable","79":"product-type-variable"},"_links":{"self":[{"href":"https:\/\/karmarando.com\/fr\/wp-json\/wp\/v2\/product\/10697","targetHints":{"allow":["GET"]}}],"collection":[{"href":"https:\/\/karmarando.com\/fr\/wp-json\/wp\/v2\/product"}],"about":[{"href":"https:\/\/karmarando.com\/fr\/wp-json\/wp\/v2\/types\/product"}],"replies":[{"embeddable":true,"href":"https:\/\/karmarando.com\/fr\/wp-json\/wp\/v2\/comments?post=10697"}],"wp:featuredmedia":[{"embeddable":true,"href":"https:\/\/karmarando.com\/fr\/wp-json\/wp\/v2\/media\/10631"}],"wp:attachment":[{"href":"https:\/\/karmarando.com\/fr\/wp-json\/wp\/v2\/media?parent=10697"}],"wp:term":[{"taxonomy":"product_brand","embeddable":true,"href":"https:\/\/karmarando.com\/fr\/wp-json\/wp\/v2\/product_brand?post=10697"},{"taxonomy":"product_cat","embeddable":true,"href":"https:\/\/karmarando.com\/fr\/wp-json\/wp\/v2\/product_cat?post=10697"},{"taxonomy":"product_tag","embeddable":true,"href":"https:\/\/karmarando.com\/fr\/wp-json\/wp\/v2\/product_tag?post=10697"}],"curies":[{"name":"wp","href":"https:\/\/api.w.org\/{rel}","templated":true}]}}