{"id":945,"date":"2020-09-20T23:28:31","date_gmt":"2020-09-20T23:28:31","guid":{"rendered":"https:\/\/karmarando.com\/?page_id=945"},"modified":"2022-05-18T02:55:58","modified_gmt":"2022-05-18T00:55:58","slug":"chi-siamo-karmarando","status":"publish","type":"page","link":"https:\/\/karmarando.com\/fr\/chi-siamo-karmarando\/","title":{"rendered":"Qui Nous sommes \u2013 KARMARANDO"},"content":{"rendered":"<div id=\"page-header-1621671522\" class=\"page-header-wrapper\">\n  <div class=\"page-title dark divided-title box-shadow-3\">\n\n        <div class=\"page-title-bg\">\n      <div class=\"title-bg fill bg-fill\"\n        data-parallax-container=\".page-title\"\n        data-parallax-background\n data-parallax=\"-\">\n      <\/div>\n      <div class=\"title-overlay fill\"><\/div>\n    <\/div>\n    \n    <div class=\"page-title-inner container align-center text-center flex-row-col medium-flex-wrap\" >\n              <div class=\"title-wrapper uppercase flex-col\">\n          <h1 class=\"entry-title mb-0\">\n            Qui Nous sommes \u2013 KARMARANDO          <\/h1>\n        <\/div>\n                    <div class=\"title-content flex-col\">\n        <div class=\"title-breadcrumbs pb-half pt-half\"><nav class=\"woocommerce-breadcrumb breadcrumbs uppercase\" aria-label=\"Breadcrumb\">Accueil<\/nav><\/div>      <\/div>\n    <\/div>\n\n     \n<style>\n#page-header-1621671522 .title-bg {\n  background-image: url(https:\/\/karmarando.com\/wp-content\/uploads\/2020\/10\/leaf-nature-green-2210973-1.jpg);\n}\n<\/style>\n  <\/div>\n  <div class=\"container header-wrapper-divider\"><hr\/><\/div>  <\/div>\n  \n<h3 class=\"uppercase\"><strong>Informations sur karmarando<\/strong><\/h3>\n<p>Karmarando, une entreprise europ\u00e9enne avec une passion qui br\u00fble pour tous les soins de l&#039;\u00e2me, apaise l&#039;esprit et purifie l&#039;esprit.Cette histoire va vous expliquer comment cela a commenc\u00e9 cet \u00e9veil spirituel, la soci\u00e9t\u00e9 et sans aucun tabou, qui, \u00e0 partir de ses humbles d\u00e9buts, a \u00e9volu\u00e9 rapidement dans une \u00e9quipe solide et de collaboration de 14 membre d\u00e9vou\u00e9 transcendantale et l&#039;excellence du service client.<\/p>\n<p>Karmarando \u00e0 partir de ce chemin de croissance spirituelle qui a commenc\u00e9 il y a 4 ans, avec l&#039;aide de plantes \u201cmagiques\u201d, qui nous ont permis d&#039;atteindre un \u00e9tat de conscience profonde et l&#039;expansion de la conscience.<\/p>\n<p>Tellement vrai et r\u00e9el qu&#039;ils se sentent comme un seul et veut que ce soit partag\u00e9e avec le th\u00e9 et le reste de l&#039;humanit\u00e9.<\/p>\n<p>Cette exp\u00e9rience \u00e9tait tellement excitant que nous avons entendu un refrenabile impulsion pour aider d&#039;autres personnes comme vous, qui veulent s&#039;engager sur le chemin de la croissance spirituelle.&nbsp;<\/p>\n<p>Nous garantissons la meilleure qualit\u00e9 de tous les produits que nous avons, et nous croyons en nos c\u0153urs et dans notre exp\u00e9rience, ces plantes sont magiques et qu&#039;ils peuvent aider beaucoup de gens, des agriculteurs aux consommateurs finaux. Il y a une \u00e9tincelle de l&#039;amour dans chaque paquet que nous l&#039;envoyer et nous en sommes tr\u00e8s reconnaissants et fiers.<\/p>\n<p>Notre projet dans l&#039;ethnobotanique est seulement au d\u00e9but, mais nous avons commenc\u00e9 ce site web, Karmarando parce que nous croyons \u00e0 la propagation du sacr\u00e9 instruments tels que rap\u00e9, le ambil, le Sananga, le Mamb\u00e8, l&#039;ayahuasca promu, m\u00eame dans le tableau 1, et tout le reste de l&#039;alimentation des plantes et des m\u00e9decines sacr\u00e9es, que vous trouverez dans notre BOUTIQUE peut \u00eatre non seulement une aide, mais une vraie et saine habitude qui vont contribuer \u00e0 l&#039;\u00e9veil g\u00e9n\u00e9ral.&nbsp;<\/p>\n<p>Merci pour cette visite possible!<\/p>\n<h3 class=\"uppercase\"><b>Envoi anonyme<\/b><\/h3>\n<p>\n<div class=\"row\"  id=\"row-685098490\">\n\n\n\t<div id=\"col-1194632735\" class=\"col small-12 large-12\"  >\n\t\t\t\t<div class=\"col-inner\"  >\n\t\t\t\n\t\t\t\n\n\t<div class=\"img has-hover x md-x lg-x y md-y lg-y\" id=\"image_919252063\">\n\t\t\t\t\t\t\t\t<div class=\"img-inner dark\" >\n\t\t\t<img loading=\"lazy\" decoding=\"async\" width=\"1020\" height=\"548\" src=\"https:\/\/karmarando.com\/wp-content\/uploads\/2020\/10\/PicsArt_10-13-02.12.03-1-1024x550.png\" class=\"attachment-large size-large\" alt=\"les exp\u00e9ditions anonyme et s\u00e9curis\u00e9\" srcset=\"https:\/\/karmarando.com\/wp-content\/uploads\/2020\/10\/PicsArt_10-13-02.12.03-1-1024x550.png 1024w, https:\/\/karmarando.com\/wp-content\/uploads\/2020\/10\/PicsArt_10-13-02.12.03-1-600x322.png 600w, https:\/\/karmarando.com\/wp-content\/uploads\/2020\/10\/PicsArt_10-13-02.12.03-1-300x161.png 300w, https:\/\/karmarando.com\/wp-content\/uploads\/2020\/10\/PicsArt_10-13-02.12.03-1-768x413.png 768w, https:\/\/karmarando.com\/wp-content\/uploads\/2020\/10\/PicsArt_10-13-02.12.03-1.png 1199w\" sizes=\"auto, (max-width: 1020px) 100vw, 1020px\" title=\"\">\t\t\t\t\t\t\n\t\t\t\t\t<\/div>\n\t\t\t\t\t\t\t\t\n<style>\n#image_919252063 {\n  width: 100%;\n}\n<\/style>\n\t<\/div>\n\t\n\n\n\t\t<\/div>\n\t\t\t\t\t<\/div>\n\n\t\n\n<\/div>\n<p>Tous les produits peuvent \u00eatre vus, s\u00e9lectionn\u00e9s et exp\u00e9di\u00e9es discr\u00e8tement avec un seul clic. Les cartons arrivent anonyme, sans aucune indication du contenu. Et tout comme le l\u00e9ger murmure Des dieux, de ne pas parler de renseignements personnels \u00e0 l&#039;ext\u00e9rieur du domaine de karmarando.com. Vous pouvez lire plus sur ce que nous faisons pour assurer la <a title=\"Politique de confidentialit\u00e9 et Cookies\" href=\"https:\/\/karmarando.com\/fr\/privacy-policy\/\">votre vie priv\u00e9e ici<\/a>.<\/p>\n<h3 class=\"uppercase\" style=\"text-align: center;\">Qui nous sommes<\/h3>\n<p>L&#039;\u00e9quipe Karmarando a des experts dans leur domaine et d&#039;un vaste et en profondeur sur le chamanisme Spirituelle, dans le domaine Holistique et sur les substances enteogeni, dans les centrales \u00e9lectriques et les \u00e9quipements pour \u00eatre en mesure d&#039;utiliser ces sacrements et le bien-\u00eatre psychologique \u00e0 partir duquel il peut prendre, ainsi que dans les soins de la s\u00e9lection des meilleurs produits dans le monde. Ces gens fascinants et travail intelligent avec une incroyable efficienzaper de guider les clients \u00e0 ce dont ils ont besoin, de faire tout son possible pour r\u00e9pondre \u00e0 vos questions et pour assurer une livraison rapide pour votre satisfaction.<\/p>\n<p>\u00a0<\/p>\n\n\t<section class=\"section dark\" id=\"section_419490057\">\n\t\t<div class=\"section-bg fill\" >\n\t\t\t<img loading=\"lazy\" decoding=\"async\" width=\"1280\" height=\"597\" src=\"https:\/\/karmarando.com\/wp-content\/uploads\/2020\/10\/leaf-nature-green-2210973-1.jpg\" class=\"bg attachment- size-\" alt=\"Sfondo Natura Karmarando enteogeni\" title=\"\">\t\t\t\t\t\t\n\t\t\t\n\n\t\t<\/div>\n\n\t\t\n\n\t\t<div class=\"section-content relative\">\n\t\t\t\n\n<\/p>\n<p class=\"uppercase\" style=\"text-align: center;\"><span style=\"font-size: 250%;\"><strong>Fondateurs<\/strong><\/span><\/p>\n<p>\n<div class=\"text-center\"><div class=\"is-divider divider clearfix\" style=\"max-width:145px;\"><\/div><\/div>\n\n\t<div id=\"gap-1999682773\" class=\"gap-element clearfix\" style=\"display:block; height:auto;\">\n\t\t\n<style>\n#gap-1999682773 {\n  padding-top: 30px;\n}\n<\/style>\n\t<\/div>\n\t\n\n<div class=\"row align-center\"  id=\"row-1498807965\">\n\n\n\t<div id=\"col-1331315265\" class=\"col medium-4 small-9 large-4\"  >\n\t\t\t\t<div class=\"col-inner\"  >\n\t\t\t\n\t\t\t\n\n    <div class=\"box has-hover has-hover box-default box-text-bottom\" >\n\n                  <div class=\"box-image\" style=\"width:50%;\">\n           <div class=\"box-image-inner image-cover\" style=\"border-radius:100%;padding-top:100%;\">\n              <img loading=\"lazy\" decoding=\"async\" width=\"856\" height=\"1039\" src=\"https:\/\/karmarando.com\/wp-content\/uploads\/2021\/07\/206616371_307339847800199_4712705120324206902_n-1.jpg\" class=\"attachment- size-\" alt=\"karmarando qui nous sommes\" srcset=\"https:\/\/karmarando.com\/wp-content\/uploads\/2021\/07\/206616371_307339847800199_4712705120324206902_n-1.jpg 856w, https:\/\/karmarando.com\/wp-content\/uploads\/2021\/07\/206616371_307339847800199_4712705120324206902_n-1-600x728.jpg 600w, https:\/\/karmarando.com\/wp-content\/uploads\/2021\/07\/206616371_307339847800199_4712705120324206902_n-1-247x300.jpg 247w, https:\/\/karmarando.com\/wp-content\/uploads\/2021\/07\/206616371_307339847800199_4712705120324206902_n-1-844x1024.jpg 844w, https:\/\/karmarando.com\/wp-content\/uploads\/2021\/07\/206616371_307339847800199_4712705120324206902_n-1-768x932.jpg 768w\" sizes=\"auto, (max-width: 856px) 100vw, 856px\" title=\"\">                         <\/div>\n          <\/div>\n         \n          <div class=\"box-text text-center\" >\n                <div class=\"box-text-inner\">\n                  <h4 class=\"uppercase\">\n                    <span class=\"person-name\">David ayas<\/span><br\/>\n                    <span class=\"person-title is-small thin-font op-7\">\n                      Fondateur                    <\/span>\n                  <\/h4>\n\t\t\t\t\t\n\n\n                <\/div>\n          <\/div>\n    <\/div>\n\n\t\n    \n\n\t\t<\/div>\n\t\t\t\t\t<\/div>\n\n\t\n\n\t<div id=\"col-984117737\" class=\"col medium-4 small-9 large-4\"  >\n\t\t\t\t<div class=\"col-inner\"  >\n\t\t\t\n\t\t\t\n\n    <div class=\"box has-hover has-hover box-text-bottom\" >\n\n                  <div class=\"box-image\" style=\"width:50%;\">\n           <div class=\"box-image-inner image-cover\" style=\"border-radius:100%;padding-top:100%;\">\n              <img loading=\"lazy\" decoding=\"async\" width=\"3209\" height=\"3261\" src=\"https:\/\/karmarando.com\/wp-content\/uploads\/2021\/07\/logo-karmarando-e1627537594418-1-scaled.png\" class=\"attachment- size-\" alt=\"Logo karmarando sciamnesimo\" title=\"\">                         <\/div>\n          <\/div>\n         \n          <div class=\"box-text text-center\" >\n                <div class=\"box-text-inner\">\n                  <h4 class=\"uppercase\">\n                    <span class=\"person-name\">Lokis Zaccaria<\/span><br\/>\n                    <span class=\"person-title is-small thin-font op-7\">\n                      Pdg Fondateur                    <\/span>\n                  <\/h4>\n\t\t\t\t\t\n\n\n                <\/div>\n          <\/div>\n    <\/div>\n\n\t\n    \n\n\t\t<\/div>\n\t\t\t\t\t<\/div>\n\n\t\n\n\t<div id=\"col-249825435\" class=\"col medium-4 small-9 large-4\"  >\n\t\t\t\t<div class=\"col-inner\"  >\n\t\t\t\n\t\t\t\n\n    <div class=\"box has-hover has-hover box-default box-text-bottom\" >\n\n                  <div class=\"box-image\" style=\"width:50%;\">\n           <div class=\"box-image-inner image-cover\" style=\"border-radius:100%;padding-top:100%;\">\n              <img loading=\"lazy\" decoding=\"async\" width=\"96\" height=\"96\" src=\"https:\/\/karmarando.com\/wp-content\/uploads\/2022\/03\/d17c936b258882bf58ee011338c02349.jpeg\" class=\"attachment- size-\" alt=\"PACMAN\" srcset=\"https:\/\/karmarando.com\/wp-content\/uploads\/2022\/03\/d17c936b258882bf58ee011338c02349.jpeg 96w, https:\/\/karmarando.com\/wp-content\/uploads\/2022\/03\/d17c936b258882bf58ee011338c02349-32x32.jpeg 32w\" sizes=\"auto, (max-width: 96px) 100vw, 96px\" title=\"\">                         <\/div>\n          <\/div>\n         \n          <div class=\"box-text text-center\" >\n                <div class=\"box-text-inner\">\n                  <h4 class=\"uppercase\">\n                    <span class=\"person-name\">PAKO ANNEAUX<\/span><br\/>\n                    <span class=\"person-title is-small thin-font op-7\">\n                      Webmaster                    <\/span>\n                  <\/h4>\n\t\t\t\t\t\n\n\n                <\/div>\n          <\/div>\n    <\/div>\n\n\t\n    \n\n\t\t<\/div>\n\t\t\t\t\t<\/div>\n\n\t\n\n<\/div>\n\n\t\t<\/div>\n\n\t\t\n<style>\n#section_419490057 {\n  padding-top: 30px;\n  padding-bottom: 30px;\n  background-color: rgb(40, 40, 40);\n}\n<\/style>\n\t<\/section>\n\t\n<\/p>\n<h3 class=\"uppercase\" style=\"text-align: center;\">Notre \u00e9quipe<\/h3>\n<div class=\"row\"  id=\"row-2082418002\">\n\n\n\t<div id=\"col-793454234\" class=\"col small-12 large-12\"  >\n\t\t\t\t<div class=\"col-inner\"  >\n\t\t\t\n\t\t\t\n\n\t<div class=\"img has-hover x md-x lg-x y md-y lg-y\" id=\"image_2033066238\">\n\t\t\t\t\t\t\t\t<div class=\"img-inner dark\" >\n\t\t\t<img loading=\"lazy\" decoding=\"async\" width=\"1020\" height=\"763\" src=\"https:\/\/karmarando.com\/wp-content\/uploads\/2020\/10\/PicsArt_10-14-01.32.54-1.png\" class=\"attachment-large size-large\" alt=\"\" srcset=\"https:\/\/karmarando.com\/wp-content\/uploads\/2020\/10\/PicsArt_10-14-01.32.54-1.png 1024w, https:\/\/karmarando.com\/wp-content\/uploads\/2020\/10\/PicsArt_10-14-01.32.54-1-600x449.png 600w, https:\/\/karmarando.com\/wp-content\/uploads\/2020\/10\/PicsArt_10-14-01.32.54-1-300x224.png 300w, https:\/\/karmarando.com\/wp-content\/uploads\/2020\/10\/PicsArt_10-14-01.32.54-1-768x575.png 768w\" sizes=\"auto, (max-width: 1020px) 100vw, 1020px\" title=\"\">\t\t\t\t\t\t\n\t\t\t\t\t<\/div>\n\t\t\t\t\t\t\t\t\n<style>\n#image_2033066238 {\n  width: 100%;\n}\n<\/style>\n\t<\/div>\n\t\n\n\n\t\t<\/div>\n\t\t\t\t\t<\/div>\n\n\t\n\n<\/div>\n<h3 style=\"text-align: center;\"><strong>RENDEZ-VOUS SUR LES PLAINES NATURALSPIRITUAL COSMIQUE<\/strong><\/h3>\n<p>Il ne suffit pas de vendre un produit. L&#039;appel de cette nuit a pouss\u00e9 KARMARANDO d&#039;offrir un guide complet pour tout de votre d\u00e9sir. Avec la richesse des informations contenues dans notre blog, la documentation et les mises \u00e0 jour sur les m\u00e9dias sociaux, vous pouvez \u00eatre s\u00fbr que nos services vont au-del\u00e0 de vos attentes pour une normale de sciamanshop en ligne.<\/p>\n<p>Poser une question, laisser un commentaire ou de prolonger votre r\u00e9flexion sur le naturalspiritual plaines cosmique. Vous serez en mesure de sentir qu&#039;\u00e0 travers l&#039;\u00e2me, nous sommes tous un tellement connect\u00e9s!<\/p><\/p>","protected":false},"excerpt":{"rendered":"","protected":false},"author":1,"featured_media":0,"parent":0,"menu_order":0,"comment_status":"closed","ping_status":"closed","template":"page-left-sidebar.php","meta":{"footnotes":""},"class_list":["post-945","page","type-page","status-publish","hentry"],"_links":{"self":[{"href":"https:\/\/karmarando.com\/fr\/wp-json\/wp\/v2\/pages\/945","targetHints":{"allow":["GET"]}}],"collection":[{"href":"https:\/\/karmarando.com\/fr\/wp-json\/wp\/v2\/pages"}],"about":[{"href":"https:\/\/karmarando.com\/fr\/wp-json\/wp\/v2\/types\/page"}],"author":[{"embeddable":true,"href":"https:\/\/karmarando.com\/fr\/wp-json\/wp\/v2\/users\/1"}],"replies":[{"embeddable":true,"href":"https:\/\/karmarando.com\/fr\/wp-json\/wp\/v2\/comments?post=945"}],"version-history":[{"count":0,"href":"https:\/\/karmarando.com\/fr\/wp-json\/wp\/v2\/pages\/945\/revisions"}],"wp:attachment":[{"href":"https:\/\/karmarando.com\/fr\/wp-json\/wp\/v2\/media?parent=945"}],"curies":[{"name":"wp","href":"https:\/\/api.w.org\/{rel}","templated":true}]}}