{"id":1656,"date":"2020-10-03T16:52:51","date_gmt":"2020-10-03T16:52:51","guid":{"rendered":"https:\/\/karmarando.com\/?page_id=1656"},"modified":"2024-10-19T22:27:34","modified_gmt":"2024-10-19T20:27:34","slug":"spedizioni-anonime","status":"publish","type":"page","link":"https:\/\/karmarando.com\/fr\/spedizioni-anonime\/","title":{"rendered":"Les Envois Anonymes"},"content":{"rendered":"<section class=\"section\" id=\"section_1134620516\">\n\t\t<div class=\"section-bg fill\" >\n\t\t\t\t\t\t\t\t\t\n\t\t\t\n\n\t\t<\/div>\n\n\t\t\n\n\t\t<div class=\"section-content relative\">\n\t\t\t\n\n\t<div class=\"img has-hover x md-x lg-x y md-y lg-y\" id=\"image_337088878\">\n\t\t\t\t\t\t\t\t<div class=\"img-inner dark\" >\n\t\t\t<img loading=\"lazy\" decoding=\"async\" width=\"1020\" height=\"534\" src=\"https:\/\/karmarando.com\/wp-content\/uploads\/2020\/10\/PicsArt_10-04-10.58.52-1.png\" class=\"attachment-large size-large\" alt=\"les exp\u00e9ditions s\u00fbr\" srcset=\"https:\/\/karmarando.com\/wp-content\/uploads\/2020\/10\/PicsArt_10-04-10.58.52-1.png 1024w, https:\/\/karmarando.com\/wp-content\/uploads\/2020\/10\/PicsArt_10-04-10.58.52-1-600x314.png 600w, https:\/\/karmarando.com\/wp-content\/uploads\/2020\/10\/PicsArt_10-04-10.58.52-1-300x157.png 300w, https:\/\/karmarando.com\/wp-content\/uploads\/2020\/10\/PicsArt_10-04-10.58.52-1-768x402.png 768w\" sizes=\"auto, (max-width: 1020px) 100vw, 1020px\" title=\"\">\t\t\t\t\t\t\n\t\t\t\t\t<\/div>\n\t\t\t\t\t\t\t\t\n<style>\n#image_337088878 {\n  width: 100%;\n}\n<\/style>\n\t<\/div>\n\t\n\n  <div id=\"page-header-149072246\" class=\"page-header-wrapper\">\n  <div class=\"page-title dark featured-title\">\n\n    \n    <div class=\"page-title-inner container align-center text-center flex-row-col medium-flex-wrap\" >\n              <div class=\"title-wrapper uppercase is-xlarge flex-col\">\n          <h1 class=\"entry-title mb-0\">\n            Les Envois Anonymes          <\/h1>\n        <\/div>\n                <div class=\"page-title-sub op-7 flex-col\">\n          <p class=\"lead\">Jetez un oeil \u00e0 nos colis brun ou neutre<\/p>\n        <\/div>\n                    <div class=\"title-content flex-col\">\n        <div class=\"title-breadcrumbs pb-half pt-half\"><nav class=\"woocommerce-breadcrumb breadcrumbs uppercase\" aria-label=\"Breadcrumb\">Accueil<\/nav><\/div>      <\/div>\n    <\/div>\n\n       <\/div>\n    <\/div>\n  \n\n\n\t\t<\/div>\n\n\t\t\n<style>\n#section_1134620516 {\n  padding-top: 30px;\n  padding-bottom: 30px;\n}\n<\/style>\n\t<\/section>\n\t\n\n\t<section class=\"section dark\" id=\"section_1145211440\">\n\t\t<div class=\"section-bg fill\" >\n\t\t\t\t\t\t\t\t\t\n\t\t\t\n\n\t\t<\/div>\n\n\t\t\n\n\t\t<div class=\"section-content relative\">\n\t\t\t\n\n<div class=\"row align-center\"  id=\"row-1940943377\">\n\n\n\t<div id=\"col-1124645330\" class=\"col medium-10 small-12 large-10\"  >\n\t\t\t\t<div class=\"col-inner text-center\"  >\n\t\t\t\n\t\t\t\n\n<h3 style=\"text-align: center;\"><span style=\"color: #ff0000;\"><strong>Lire attentivement pour \u00e9viter les mauvaises surprises \u00e0 la livraison.<\/strong><\/span><\/h3>\n<p style=\"text-align: center;\">Pour la plupart des parcelles, nous allons utiliser un syst\u00e8me de <span style=\"color: #ff0000;\"><strong>Point de Casier pick-up<\/strong><\/span> pour assurer votre confidentialit\u00e9, et de faire face aux d\u00e9fis qui se d\u00e9veloppent dans des accouchements \u00e0 domicile. Cette solution a \u00e9t\u00e9 mise en \u0153uvre \u00e0 la demande de nos clients, et sera activ\u00e9 en fonction de la disponibilit\u00e9 dans votre r\u00e9gion.Actuellement couverts 95 des endroits dans le monde.<\/p>\n<h4 style=\"text-align: center;\"><span style=\"color: #ff0000;\"><strong>Services \u00e0 la disposition de ramassage:<\/strong><\/span><\/h4>\n<ul>\n<li><span style=\"color: #ff0000;\"><strong>INPOST<\/strong>, <strong>MONDIAL RELAY<\/strong><\/span> (n\u00e9cessite un NIP secret pour le retrait)<\/li>\n<li><strong><span style=\"color: #ff0000;\">SEUR<\/span><\/strong><span style=\"color: #ff0000;\">, <strong>BRT<\/strong>, <strong>DPD Etc<\/strong><\/span>\u00a0(avec ou sans code PIN, selon la zone)<\/li>\n<li>Options de retrait varient selon le pays ou le continent.<\/li>\n<\/ul>\n<p style=\"text-align: center;\">Si votre colis ne peut \u00eatre livr\u00e9 par le biais de ces services de collecte, nous allons utiliser les services de livraison \u00e0 domicile que<span style=\"color: #ff0000;\"> <strong>DHL<\/strong>, <strong>UPS<\/strong><\/span>ou, dans de rares cas, les services de la poste pour des domaines particuliers.<\/p>\n<h3 style=\"text-align: center;\"><span style=\"color: #ff0000;\"><strong>VEUILLEZ LIRE ATTENTIVEMENT LES INSTRUCTIONS SUIVANTES:<\/strong><\/span><\/h3>\n<p style=\"text-align: center;\">Veuillez v\u00e9rifier r\u00e9guli\u00e8rement votre <span style=\"color: #ff0000;\"><strong>suivi<\/strong><\/span>qui sera disponible dans votre compte de commande et via e-mail \u00e0 <span style=\"color: #ff0000;\"><strong>Karmarando<\/strong><\/span> \u00e0 partir de <span style=\"color: #ff0000;\"><strong>Packlink<\/strong>.<\/span> Lorsque le pack sera disponible au point de retrait, vous recevrez un e-mail \u00e0 la fin avec la <span style=\"color: #ff0000;\"><strong>NIP secret<\/strong><\/span> (en plus de l&#039;e-mail plus t\u00f4t et ceux du rappel, si vous ne r\u00e9cup\u00e9rez pas le colis). Le PIN aurez besoin de retirer le colis.<\/p>\n<p style=\"text-align: center;\">Dans le cas d&#039;un retrait, deux situations peuvent se produire:<\/p>\n<ol>\n<li>Le point sera un <span style=\"color: #ff0000;\"><strong>casier automatique<\/strong>.<\/span><\/li>\n<li>Le point sera un <span style=\"color: #ff0000;\"><strong>le magasin physique<\/strong><\/span> (par exemple, un kiosque \u00e0 journaux, bureaux de tabac, pharmacies, etc).<\/li>\n<\/ol>\n<div style=\"text-align: center;\"><b>Pas<\/b> il y A une erreur dans votre adresse, votre colis sera livr\u00e9 plus rapidement et \u00e0 tout moment pendant les heures d&#039;ouverture retir\u00e9e, et dans le cas qu&#039;il sera choisi comme le point d&#039;ouvrir 24 heures sur 24, ce qui vous donnera le confort de retrait \u00e0 tout moment de la journ\u00e9e et de la nuit.<\/div>\n<h4 style=\"text-align: center;\"><span style=\"color: #ff0000;\"><u><b>Rappelez-vous, vous avez 8 jours pour les recueillir avant de revenir<\/b><\/u><\/span><\/h4>\n<p style=\"text-align: center;\"><span style=\"color: #ff0000;\"><strong>IMPORTANT<\/strong><\/span>Vous recevrez un e-mail avec votre NIP secret<span style=\"color: #ff0000;\"> <strong>seulement par Packlink<\/strong> (<\/span>pour des services tels que InPost, Mondial Relay, SEUR, etc.) et pas par <span style=\"color: #ff0000;\"><strong>Karmarando<\/strong><\/span>. De Karmarando vous recevrez uniquement les e-mail que vous \u00eates en train de lire, et la confirmation de la commande et le suivi.<span style=\"color: #ff0000;\"> <strong>Suivez l&#039;e-mail Packlink<\/strong> <\/span>pour les mises \u00e0 jour ult\u00e9rieures.<\/p>\n<p style=\"text-align: center;\">Assurez-vous d&#039;utiliser un<span style=\"color: #ff0000;\"><strong>adresse de courriel valide<\/strong><\/span> et en cours d&#039;ex\u00e9cution, en \u00e9vitant les adresses et jetable. Si, pour une raison quelconque, vous rencontrez des probl\u00e8mes avec votre e-mail (par exemple une d\u00e9faillance du fournisseur, comme ce fut le cas avec e-Mail Gratuit), ne vous inqui\u00e9tez pas: vous pouvez contacter notre service \u00e0 la client\u00e8le <span style=\"color: #ff0000;\"><strong>InPost<\/strong> ou <strong>Mondial Relay<\/strong> <\/span>fournir l&#039;adresse de courriel ou le num\u00e9ro de t\u00e9l\u00e9phone utilis\u00e9 pour la commande, et vous sera fourni avec la GOUPILLE.<\/p>\n<p style=\"text-align: center;\">Rappelez-vous que seulement<span style=\"color: #ff0000;\"> <strong>InPost<\/strong> ou <strong>Mondial Relay<\/strong><\/span> ils peuvent vous donner le code PIN,<span style=\"color: #ff0000;\"> <strong>Karmarando n&#039;ont pas acc\u00e8s<\/strong> <\/span>et impossible d&#039;envoyer des copies de l&#039;e-mail contenant le code PIN.<\/p>\n\t<div id=\"text-3116079485\" class=\"text\">\n\t\t\n\n<p>Pour toute rare erreur de votre part, ou pour info nous allons, cependant, Uniquement disponible sur whatsapp (ne pas envoyer l&#039;e-mail, pas de la poign\u00e9e)<\/p>\n<h2><strong><span style=\"color: #50b848;\">WHATSAPP<\/span><\/strong><br \/><strong><a href=\"https:\/\/api.whatsapp.com\/send?phone=393773716504\" target=\"_blank\" rel=\"noopener\"><strong><span style=\"color: #50b848;\">+34655016358<\/span><\/strong><\/a><\/strong><\/h2>\n<p><strong>L&#039;\u00c9QUIPE DE KARMARANDO<\/strong><\/p>\n\t\t\n<style>\n#text-3116079485 {\n  text-align: center;\n}\n<\/style>\n\t<\/div>\n\t\n\n\t\t<\/div>\n\t\t\t\t\t<\/div>\n\n\t\n\n<\/div>\n\n\t\t<\/div>\n\n\t\t\n<style>\n#section_1145211440 {\n  padding-top: 60px;\n  padding-bottom: 60px;\n  min-height: 300px;\n  background-color: rgb(0,0,0);\n}\n<\/style>\n\t<\/section>\n\t\n<div class=\"row row-small\"  id=\"row-1891394922\">\n\n\n\t<div id=\"col-1545932177\" class=\"col medium-12 small-12 large-7\"  >\n\t\t\t\t<div class=\"col-inner\"  >\n\t\t\t\n\t\t\t\n\n\n\t<section class=\"section dark\" id=\"section_949800785\">\n\t\t<div class=\"section-bg fill\" >\n\t\t\t\t\t\t\t\t\t\n\t\t\t\n\n\t\t<\/div>\n\n\t\t\n\n\t\t<div class=\"section-content relative\">\n\t\t\t\n\n\t<div id=\"text-641267802\" class=\"text\">\n\t\t\n\n<h3>Les Envois Anonymes<\/h3>\n\t\t\n<style>\n#text-641267802 {\n  font-size: 2.75rem;\n  line-height: 0.75;\n  text-align: center;\n}\n<\/style>\n\t<\/div>\n\t\n\t<div id=\"gap-167799729\" class=\"gap-element clearfix\" style=\"display:block; height:auto;\">\n\t\t\n<style>\n#gap-167799729 {\n  padding-top: 30px;\n}\n<\/style>\n\t<\/div>\n\t\n\n\t<div id=\"text-1489366735\" class=\"text\">\n\t\t\n\n<h4 style=\"text-align: center;\"><strong>Pour conna\u00eetre le co\u00fbt exact de livraison dans votre pays, veuillez entrer votre adresse sur la page du panier, ou de paiement .<\/strong><\/h4>\n<p style=\"text-align: center;\"><strong>Le seuil pour obtenir la livraison gratuite varie de pays \u00e0 pays.<\/strong><\/p>\n<p style=\"text-align: center;\"><strong>Vous pouvez toujours choisir une livraison standard, et rapide.<\/strong><\/p>\n<p style=\"text-align: center;\"><strong>Livraison rapide, il sera activ\u00e9 m\u00eame si vous obtenez la livraison gratuite, mais vous ne payez que la diff\u00e9rence si vous d\u00e9cidez de l&#039;utiliser.<\/strong><\/p>\n\t\t\n<style>\n#text-1489366735 {\n  font-size: 1rem;\n  line-height: 1.4;\n  text-align: center;\n}\n<\/style>\n\t<\/div>\n\t\n\t<div id=\"text-1277686567\" class=\"text\">\n\t\t\n\n<div id=\"footable_parent_13327\"\n         class=\"footable_parent ninja_table_wrapper loading_ninja_table wp_table_data_press_parent bootstrap4\">\n                <table data-ninja_table_instance=\"ninja_table_instance_0\" data-footable_id=\"13327\" data-filter-delay=\"1000\" aria-label=\"SHIPPING_TABLE.csv\"            id=\"footable_13327\"\n           data-unique_identifier=\"ninja_table_unique_id_1468145494_13327\"\n           class=\"foo-table ninja_footable foo_table_13327 ninja_table_unique_id_1468145494_13327 table  nt_type_ajax_table table-striped table-bordered vertical_centered  footable-paging-right ninja_table_search_disabled\">\n                <colgroup>\n                            <col class=\"ninja_column_0\">\n                            <col class=\"ninja_column_1\">\n                            <col class=\"ninja_column_2\">\n                            <col class=\"ninja_column_3\">\n                            <col class=\"ninja_column_4\">\n                            <col class=\"ninja_column_5\">\n                    <\/colgroup>\n            <\/table>\n    \n    \n    \n<\/div>\n\n\t\t\n<style>\n#text-1277686567 {\n  font-size: 2.05rem;\n  text-align: center;\n}\n<\/style>\n\t<\/div>\n\t\n\t<div id=\"text-2298932784\" class=\"text\">\n\t\t\n\n<h4>Remarque: Pour les commandes au-dessus du seuil sp\u00e9cifi\u00e9, la livraison standard est gratuite. Si vous souhaitez une livraison rapide, seront \u00e0 la charge de la diff\u00e9rence entre le co\u00fbt de la livraison express et le montant d\u00e9j\u00e0 pay\u00e9 pour la livraison gratuite. Les d\u00e9lais de livraison indiqu\u00e9es se r\u00e9f\u00e8rent \u00e0 des jours ouvrables et ne comprennent pas les samedis, dimanches, ou de retards.<\/h4>\n\t\t\n<style>\n#text-2298932784 {\n  font-size: 0.85rem;\n  text-align: center;\n}\n<\/style>\n\t<\/div>\n\t\n\n\t\t<\/div>\n\n\t\t\n<style>\n#section_949800785 {\n  padding-top: 0px;\n  padding-bottom: 0px;\n  min-height: 400px;\n  background-color: rgb(73, 146, 67);\n}\n@media (min-width:550px) {\n  #section_949800785 {\n    min-height: 620px;\n  }\n}\n<\/style>\n\t<\/section>\n\t\n\n\t\t<\/div>\n\t\t\t\t\t<\/div>\n\n\t\n\n\t<div id=\"col-1578131668\" class=\"col medium-12 small-12 large-5\"  >\n\t\t\t\t<div class=\"col-inner text-center dark\"  >\n\t\t\t\n\t\t\t\n\n\n\t<section class=\"section\" id=\"section_368776766\">\n\t\t<div class=\"section-bg fill\" >\n\t\t\t\t\t\t\t\t\t\n\t\t\t\n\n\t\t<\/div>\n\n\t\t\n\n\t\t<div class=\"section-content relative\">\n\t\t\t\n\n\t<div id=\"text-3003721362\" class=\"text\">\n\t\t\n\n<h3>Courriers<\/h3>\n\t\t\n<style>\n#text-3003721362 {\n  font-size: 1.5rem;\n  line-height: 0.75;\n  text-align: center;\n}\n<\/style>\n\t<\/div>\n\t\n\t<div id=\"gap-783995467\" class=\"gap-element clearfix\" style=\"display:block; height:auto;\">\n\t\t\n<style>\n#gap-783995467 {\n  padding-top: 30px;\n}\n<\/style>\n\t<\/div>\n\t\n\n\t<div class=\"img has-hover x md-x lg-x y md-y lg-y\" id=\"image_1434753172\">\n\t\t\t\t\t\t\t\t<div class=\"img-inner dark\" >\n\t\t\t<img loading=\"lazy\" decoding=\"async\" width=\"800\" height=\"260\" src=\"https:\/\/karmarando.com\/wp-content\/uploads\/2023\/08\/corrieri.jpg\" class=\"attachment-large size-large\" alt=\"\" srcset=\"https:\/\/karmarando.com\/wp-content\/uploads\/2023\/08\/corrieri.jpg 800w, https:\/\/karmarando.com\/wp-content\/uploads\/2023\/08\/corrieri-300x98.jpg 300w, https:\/\/karmarando.com\/wp-content\/uploads\/2023\/08\/corrieri-768x250.jpg 768w, https:\/\/karmarando.com\/wp-content\/uploads\/2023\/08\/corrieri-18x6.jpg 18w, https:\/\/karmarando.com\/wp-content\/uploads\/2023\/08\/corrieri-510x166.jpg 510w\" sizes=\"auto, (max-width: 800px) 100vw, 800px\" title=\"\">\t\t\t\t\t\t\n\t\t\t\t\t<\/div>\n\t\t\t\t\t\t\t\t\n<style>\n#image_1434753172 {\n  width: 100%;\n}\n<\/style>\n\t<\/div>\n\t\n\n\n\t\t<\/div>\n\n\t\t\n<style>\n#section_368776766 {\n  padding-top: 0px;\n  padding-bottom: 0px;\n  min-height: 300px;\n  background-color: rgb(48, 78, 92);\n}\n@media (min-width:550px) {\n  #section_368776766 {\n    min-height: 300px;\n  }\n}\n<\/style>\n\t<\/section>\n\t\n\t<div id=\"gap-1900166500\" class=\"gap-element clearfix\" style=\"display:block; height:auto;\">\n\t\t\n<style>\n#gap-1900166500 {\n  padding-top: 20px;\n}\n<\/style>\n\t<\/div>\n\t\n\n\n\t<section class=\"section dark\" id=\"section_200056063\">\n\t\t<div class=\"section-bg fill\" >\n\t\t\t\t\t\t\t\t\t\n\t\t\t\n\n\t\t<\/div>\n\n\t\t\n\n\t\t<div class=\"section-content relative\">\n\t\t\t\n\n<div class=\"row\"  id=\"row-1247190398\">\n\n\n\t<div id=\"col-1948659966\" class=\"col small-12 large-12\"  >\n\t\t\t\t<div class=\"col-inner\"  >\n\t\t\t\n\t\t\t\n\n\t<div id=\"text-1063792815\" class=\"text\">\n\t\t\n\n<h5 class=\"thin-font\"><em><strong><span style=\"color: #d83131;\">Votre vie priv\u00e9e est importante pour nous Karmarando.<\/span> <\/strong><\/em><\/h5>\n<p class=\"thin-font\"><em><strong>L&#039;emballage fait par nous, discrets et anonymes, elles sont con\u00e7ues pour assurer un maximum d&#039;intimit\u00e9. <\/strong><\/em><\/p>\n<p class=\"thin-font\"><em><strong>Seulement, vous serez heureux de recevoir le paquet (aux yeux des \u00e9trangers, ce sera seulement un carton comme un autre).<\/strong><\/em><\/p>\n<p class=\"thin-font\"><em><strong>Les \u00e9l\u00e9ments de grande taille sont exp\u00e9di\u00e9es dans des bo\u00eetes de carton solide, envelopp\u00e9 dans une double couche de ruban d&#039;emballage. <\/strong><\/em><\/p>\n<p class=\"thin-font\"><em><strong>Les petits articles sont envoy\u00e9s dans des emballages r\u00e9sistants et amorti.<\/strong><\/em><\/p>\n<p class=\"thin-font\"><em><strong>Toutes les commandes sont envoy\u00e9es dans les forfaits et discret.<\/strong><\/em><\/p>\n<p class=\"thin-font\"><em><strong> Personne ne sera en mesure d&#039;interpr\u00e9ter le contenu du paquet, ou retourner \u00e0 l&#039;exp\u00e9diteur. <\/strong><\/em><\/p>\n<p class=\"thin-font\"><em><strong>Le colis n&#039;apportera aucun logo ou \u00e9crites, avec des r\u00e9f\u00e9rences \u00e0 des Karmarando.<\/strong><\/em><\/p>\n<p class=\"thin-font\"><em><strong>La seule information contenue dans le colis doit \u00eatre l&#039;\u00e9tiquette avec votre adresse sur le devant. <\/strong><\/em><\/p>\n<p class=\"thin-font\"><em><strong>Un autocollant du service postal ou de messagerie \u00e0 la parcelle, en fonction du service qui est adopt\u00e9.<\/strong><\/em><\/p>\n<p><em><strong>V\u00e9rifier le temps et le co\u00fbt de la livraison de la table sur cette page<\/strong><\/em><\/p>\n<p><span style=\"color: #ff9900;\"><strong>Vous trouverez le suivi de votre colis \u00e0 c\u00f4t\u00e9 de votre commande en vous connectant \u00e0 votre compte et des commandes, mais aussi via e-mail, \u00e0 partir d&#039;une partie des services de transitaires utilis\u00e9.<\/strong><\/span><\/p>\n<h3>\u00a0<\/h3>\n<h3>\u00a0<\/h3>\n\t\t\n<style>\n#text-1063792815 {\n  text-align: center;\n}\n<\/style>\n\t<\/div>\n\t\n\n\t\t<\/div>\n\t\t\t\t\t<\/div>\n\n\t\n\n<\/div>\n\n\t\t<\/div>\n\n\t\t\n<style>\n#section_200056063 {\n  padding-top: 30px;\n  padding-bottom: 30px;\n  min-height: 300px;\n  background-color: rgb(7, 7, 7);\n}\n<\/style>\n\t<\/section>\n\t\n\n\t\t<\/div>\n\t\t\t\t\t<\/div>\n\n\t\n\n<\/div>","protected":false},"excerpt":{"rendered":"","protected":false},"author":1,"featured_media":0,"parent":0,"menu_order":0,"comment_status":"closed","ping_status":"closed","template":"page-blank.php","meta":{"footnotes":""},"class_list":["post-1656","page","type-page","status-publish","hentry"],"_links":{"self":[{"href":"https:\/\/karmarando.com\/fr\/wp-json\/wp\/v2\/pages\/1656","targetHints":{"allow":["GET"]}}],"collection":[{"href":"https:\/\/karmarando.com\/fr\/wp-json\/wp\/v2\/pages"}],"about":[{"href":"https:\/\/karmarando.com\/fr\/wp-json\/wp\/v2\/types\/page"}],"author":[{"embeddable":true,"href":"https:\/\/karmarando.com\/fr\/wp-json\/wp\/v2\/users\/1"}],"replies":[{"embeddable":true,"href":"https:\/\/karmarando.com\/fr\/wp-json\/wp\/v2\/comments?post=1656"}],"version-history":[{"count":0,"href":"https:\/\/karmarando.com\/fr\/wp-json\/wp\/v2\/pages\/1656\/revisions"}],"wp:attachment":[{"href":"https:\/\/karmarando.com\/fr\/wp-json\/wp\/v2\/media?parent=1656"}],"curies":[{"name":"wp","href":"https:\/\/api.w.org\/{rel}","templated":true}]}}