{"id":1434,"date":"2020-10-01T16:57:55","date_gmt":"2020-10-01T16:57:55","guid":{"rendered":"https:\/\/karmarando.com\/?page_id=1434"},"modified":"2025-11-16T18:51:56","modified_gmt":"2025-11-16T17:51:56","slug":"metodi-di-pagamento","status":"publish","type":"page","link":"https:\/\/karmarando.com\/fr\/metodi-di-pagamento\/","title":{"rendered":"Les m\u00e9thodes de paiement"},"content":{"rendered":"<div id=\"page-header-1028377376\" class=\"page-header-wrapper\">\n  <div class=\"page-title light simple-title\">\n\n    \n    <div class=\"page-title-inner container align-center text-center flex-row-col medium-flex-wrap\" >\n              <div class=\"title-wrapper uppercase flex-col\">\n          <h1 class=\"entry-title mb-0\">\n            Les m\u00e9thodes de paiement          <\/h1>\n        <\/div>\n                <div class=\"page-title-sub op-7 flex-col\">\n          <p class=\"lead\">L&#039;aise et en S\u00e9curit\u00e9!<\/p>\n        <\/div>\n                    <div class=\"title-content flex-col\">\n        <div class=\"title-breadcrumbs pb-half pt-half\"><nav class=\"woocommerce-breadcrumb breadcrumbs uppercase\" aria-label=\"Breadcrumb\">Accueil<\/nav><\/div>      <\/div>\n    <\/div>\n\n       <\/div>\n    <\/div>\n  \n\n\t<div id=\"gap-968842537\" class=\"gap-element clearfix\" style=\"display:block; height:auto;\">\n\t\t\n<style>\n#gap-968842537 {\n  padding-top: 30px;\n}\n<\/style>\n\t<\/div>\n\t\n\n<div class=\"row row-small\"  id=\"row-1518469479\">\n\n\n\t<div id=\"col-298044277\" class=\"col medium-12 small-12 large-7\"  >\n\t\t\t\t<div class=\"col-inner\"  >\n\t\t\t\n\t\t\t\n\n\n\t<section class=\"section dark\" id=\"section_1579018831\">\n\t\t<div class=\"section-bg fill\" >\n\t\t\t\t\t\t\t\t\t<div class=\"section-bg-overlay absolute fill\"><\/div>\n\t\t\t\n\n\t\t<\/div>\n\n\t\t\n\n\t\t<div class=\"section-content relative\">\n\t\t\t\n\n<h3 style=\"text-align: center;\">Payer avec votre porte-monnaie et d&#039;\u00e9conomiser 7%<\/h3>\n<p style=\"text-align: center;\">Voulez-vous acheter nos produits et \u00e9conomiser 7% sur vos commandes?<\/p>\n<p style=\"text-align: center;\"><strong>LA MEILLEURE M\u00c9THODE DE PAIEMENT<\/strong><\/p>\n<p style=\"text-align: center;\">Instantan\u00e9ment ajouter des fonds \u00e0 votre portefeuille sur KARMARANDO.<\/p>\n<p style=\"text-align: center;\">Vous pouvez les acheter \u00e0 l&#039;aide de votre cr\u00e9dit et \u00e9conomiser 7% sur toutes vos commandes pay\u00e9es avec vos fonds.<\/p>\n<p style=\"text-align: center;\">Potrai aggiungere crediti utilizzando i nostri metodi di pagamento<\/p>\n<div class=\"wp-container-1 wp-block-buttons\">\n<div class=\"wp-block-button has-custom-font-size is-style-fill has-medium-font-size\" style=\"text-align: center;\"><a href=\"https:\/\/karmarando.com\/fr\/mio-account\/funds\/\"><strong><span style=\"color: #0000ff;\">AJOUTER DES FONDS MAINTENANT<\/span><\/strong><\/a><\/div>\n<\/div>\n\n\t\t<\/div>\n\n\t\t\n<style>\n#section_1579018831 {\n  padding-top: 0px;\n  padding-bottom: 0px;\n  min-height: 400px;\n}\n#section_1579018831 .section-bg-overlay {\n  background-color: rgba(0, 0, 0, 0.34);\n}\n@media (min-width:550px) {\n  #section_1579018831 {\n    min-height: 620px;\n  }\n}\n<\/style>\n\t<\/section>\n\t\n\n\t\t<\/div>\n\t\t\t\t\t<\/div>\n\n\t\n\n\t<div id=\"col-1230599874\" class=\"col medium-12 small-12 large-5\"  >\n\t\t\t\t<div class=\"col-inner text-center dark\"  >\n\t\t\t\n\t\t\t\n\n\n\t<section class=\"section\" id=\"section_612863036\">\n\t\t<div class=\"section-bg fill\" >\n\t\t\t\t\t\t\t\t\t\n\t\t\t\n\n\t\t<\/div>\n\n\t\t\n\n\t\t<div class=\"section-content relative\">\n\t\t\t\n\n\t<div id=\"text-1738737151\" class=\"text\">\n\t\t\n\n<h3>Les m\u00e9thodes de paiement<\/h3>\n\n\t\t\n<style>\n#text-1738737151 {\n  font-size: 1.5rem;\n  line-height: 0.75;\n}\n<\/style>\n\t<\/div>\n\t\n\t<div class=\"img has-hover x md-x lg-x y md-y lg-y\" id=\"image_1902424610\">\n\t\t\t\t\t\t\t\t<div class=\"img-inner dark\" >\n\t\t\t<img loading=\"lazy\" decoding=\"async\" width=\"410\" height=\"110\" src=\"https:\/\/karmarando.com\/wp-content\/uploads\/2023\/08\/pagamenti-1-1.png\" class=\"attachment-large size-large\" alt=\"\" srcset=\"https:\/\/karmarando.com\/wp-content\/uploads\/2023\/08\/pagamenti-1-1.png 410w, https:\/\/karmarando.com\/wp-content\/uploads\/2023\/08\/pagamenti-1-1-300x80.png 300w, https:\/\/karmarando.com\/wp-content\/uploads\/2023\/08\/pagamenti-1-1-18x5.png 18w\" sizes=\"auto, (max-width: 410px) 100vw, 410px\" title=\"\">\t\t\t\t\t\t\n\t\t\t\t\t<\/div>\n\t\t\t\t\t\t\t\t\n<style>\n#image_1902424610 {\n  width: 100%;\n}\n<\/style>\n\t<\/div>\n\t\n\n\n\t\t<\/div>\n\n\t\t\n<style>\n#section_612863036 {\n  padding-top: 30px;\n  padding-bottom: 30px;\n  min-height: 300px;\n  background-color: rgb(157, 168, 154);\n}\n<\/style>\n\t<\/section>\n\t\n\t<div id=\"gap-1540250585\" class=\"gap-element clearfix\" style=\"display:block; height:auto;\">\n\t\t\n<style>\n#gap-1540250585 {\n  padding-top: 20px;\n}\n<\/style>\n\t<\/div>\n\t\n\n\n\t<section class=\"section\" id=\"section_916557021\">\n\t\t<div class=\"section-bg fill\" >\n\t\t\t\t\t\t\t\t\t\n\t\t\t\n\n\t\t<\/div>\n\n\t\t\n\n\t\t<div class=\"section-content relative\">\n\t\t\t\n\n<a href=\"https:\/\/karmarando.com\/fr\/negozio\/\" class=\"button primary is-bevel box-shadow-2 box-shadow-3-hover\" style=\"border-radius:5px;\">\n\t\t<span>Aller \u00e0 la boutique maintenant!<\/span>\n\t<i class=\"icon-shopping-bag\" aria-hidden=\"true\"><\/i><\/a>\n\n\n<a href=\"https:\/\/karmarando.com\/fr\/mio-account\/\" class=\"button success is-bevel box-shadow-2 box-shadow-1-hover\" style=\"border-radius:5px;\">\n\t\t<span>Enregistr\u00e9<\/span>\n\t<i class=\"icon-user\" aria-hidden=\"true\"><\/i><\/a>\n\n\n\n\t\t<\/div>\n\n\t\t\n<style>\n#section_916557021 {\n  padding-top: 0px;\n  padding-bottom: 0px;\n  min-height: 300px;\n  background-color: rgb(48, 78, 92);\n}\n@media (min-width:550px) {\n  #section_916557021 {\n    min-height: 300px;\n  }\n}\n<\/style>\n\t<\/section>\n\t\n\n\t\t<\/div>\n\t\t\t\t\t<\/div>\n\n\t\n\n<\/div>\n<div class=\"row\"  id=\"row-754204102\">\n\n\n\t<div id=\"col-1122558004\" class=\"col small-12 large-12\"  >\n\t\t\t\t<div class=\"col-inner\"  >\n\t\t\t\n\t\t\t\n\n\t<div id=\"text-2448155134\" class=\"text\">\n\t\t\n\n<h3 style=\"text-align: center;\"><span style=\"color: #000000;\"><strong>Sur Karmarando sont disponibles diff\u00e9rentes options de paiement<\/strong><\/span><\/h3>\n<p style=\"text-align: center;\"><span style=\"color: #0000ff;\"><strong>Stripe,Google Pay, SEPA, Sofort, Klarna<\/strong><\/span><\/p>\n<p style=\"text-align: center;\"><span style=\"color: #0000ff;\"><strong>Bonifico Bancario, RICARICA POSTEPAY, iDEAL<\/strong><\/span><\/p>\n<p style=\"text-align: center;\"><span style=\"color: #0000ff;\"><strong>Przelewy24, Bancontact, Giropay, EPS<\/strong><\/span><\/p>\n<p style=\"text-align: center;\"><span style=\"color: #0000ff;\"><strong>Multibanco, WeChat , Alipay, etc.<\/strong><\/span><\/p>\n<p class=\"lead\" style=\"text-align: center;\"><span style=\"color: #d83131;\"><strong>Purtroppo alcuni metodi di pagamento non verranno adottati da KARMARANDO SOLO su alcuni prodotti.<\/strong><\/span><\/p>\n<p class=\"uppercase\" style=\"text-align: center;\"><strong>Maintenant que vous avez trouv\u00e9 votre mode de paiement pr\u00e9f\u00e9r\u00e9<\/strong><\/p>\n<h2 class=\"uppercase\" style=\"text-align: center;\"><span style=\"color: #00a859;\"><strong><span class=\"fancy-underline\">Visiter la boutique!<\/span>\u00a0<\/strong><\/span><\/h2>\n\t\t\n<style>\n#text-2448155134 {\n  text-align: center;\n}\n<\/style>\n\t<\/div>\n\t\n\n\t\t<\/div>\n\t\t\t\t\t<\/div>\n\n\t\n\n<\/div>","protected":false},"excerpt":{"rendered":"","protected":false},"author":1,"featured_media":0,"parent":0,"menu_order":0,"comment_status":"closed","ping_status":"closed","template":"page-blank.php","meta":{"footnotes":""},"class_list":["post-1434","page","type-page","status-publish","hentry"],"_links":{"self":[{"href":"https:\/\/karmarando.com\/fr\/wp-json\/wp\/v2\/pages\/1434","targetHints":{"allow":["GET"]}}],"collection":[{"href":"https:\/\/karmarando.com\/fr\/wp-json\/wp\/v2\/pages"}],"about":[{"href":"https:\/\/karmarando.com\/fr\/wp-json\/wp\/v2\/types\/page"}],"author":[{"embeddable":true,"href":"https:\/\/karmarando.com\/fr\/wp-json\/wp\/v2\/users\/1"}],"replies":[{"embeddable":true,"href":"https:\/\/karmarando.com\/fr\/wp-json\/wp\/v2\/comments?post=1434"}],"version-history":[{"count":0,"href":"https:\/\/karmarando.com\/fr\/wp-json\/wp\/v2\/pages\/1434\/revisions"}],"wp:attachment":[{"href":"https:\/\/karmarando.com\/fr\/wp-json\/wp\/v2\/media?parent=1434"}],"curies":[{"name":"wp","href":"https:\/\/api.w.org\/{rel}","templated":true}]}}